{"id":5196,"date":"2023-12-14T08:35:14","date_gmt":"2023-12-14T05:35:14","guid":{"rendered":"https:\/\/www.arsan.com\/?page_id=5196"},"modified":"2023-12-14T13:06:14","modified_gmt":"2023-12-14T10:06:14","slug":"eys-kapsamimiz","status":"publish","type":"page","link":"https:\/\/www.arsan.com\/tr\/eys-kapsamimiz\/","title":{"rendered":"EYS Kapsam\u0131m\u0131z"},"content":{"rendered":"\t\t<div data-elementor-type=\"wp-page\" data-elementor-id=\"5196\" class=\"elementor elementor-5196\" data-elementor-post-type=\"page\">\n\t\t\t\t\t\t<section class=\"elementor-section elementor-top-section elementor-element elementor-element-28fcf0a elementor-section-boxed elementor-section-height-default elementor-section-height-default\" data-id=\"28fcf0a\" data-element_type=\"section\" data-e-type=\"section\" data-settings=\"{&quot;background_background&quot;:&quot;classic&quot;}\">\n\t\t\t\t\t\t<div class=\"elementor-container elementor-column-gap-default\">\n\t\t\t\t\t<div class=\"elementor-column elementor-col-33 elementor-top-column elementor-element elementor-element-dfc05b6\" data-id=\"dfc05b6\" data-element_type=\"column\" data-e-type=\"column\" data-settings=\"{&quot;background_background&quot;:&quot;gradient&quot;}\">\n\t\t\t<div class=\"elementor-widget-wrap elementor-element-populated\">\n\t\t\t\t\t\t<div class=\"elementor-element elementor-element-4a41a57 elementor-widget elementor-widget-text-editor\" data-id=\"4a41a57\" data-element_type=\"widget\" data-e-type=\"widget\" data-widget_type=\"text-editor.default\">\n\t\t\t\t<div class=\"elementor-widget-container\">\n\t\t\t\t\t\t\t\t\t<p><span style=\"color: #ff671d;\">Kurumsal<\/span><\/p>\t\t\t\t\t\t\t\t<\/div>\n\t\t\t\t<\/div>\n\t\t\t\t<div class=\"elementor-element elementor-element-314a6f4 elementor-widget elementor-widget-text-editor\" data-id=\"314a6f4\" data-element_type=\"widget\" data-e-type=\"widget\" data-widget_type=\"text-editor.default\">\n\t\t\t\t<div class=\"elementor-widget-container\">\n\t\t\t\t\t\t\t\t\t<ul><li><a href=\"https:\/\/www.arsan.com\/calistigimiz-ulkeler\/\">\u00c7al\u0131\u015ft\u0131\u011f\u0131m\u0131z \u00dclkeler<\/a><\/li><li><a href=\"https:\/\/www.arsan.com\/hakkimizda\/\">Hakk\u0131m\u0131zda<\/a><\/li><li><span style=\"color: #ffffff;\">Politikalar\u0131m\u0131z<\/span><ul><li><a href=\"https:\/\/www.arsan.com\/kalite--politikamiz\/\">Kalite Politikam\u0131z<\/a><\/li><li><a href=\"https:\/\/www.arsan.com\/is-guvenligi-politikamiz\/\">\u0130\u015f G\u00fcvenli\u011fi Politikam\u0131z<\/a><\/li><li><a href=\"https:\/\/www.arsan.com\/cevre-politikamiz\/\">\u00c7evre Politikam\u0131z<\/a><\/li><li><a href=\"https:\/\/www.arsan.com\/bilgi-guvenligi-politikamiz\/\">Bilgi G\u00fcvenli\u011fi Politikam\u0131z<\/a><\/li><li><a href=\"https:\/\/www.arsan.com\/tr\/enerji-yonetim-politikasi\/\">Enerji Y\u00f6netim Politikam\u0131z<\/a><\/li><li><a href=\"https:\/\/www.arsan.com\/sosyal-sorumluluk-politikamiz\/\">Sosyal Sorumluluk Politikam\u0131z<\/a><\/li><li><a href=\"https:\/\/www.arsan.com\/tr\/eys-kapsamimiz\/\">EYS Kapsam\u0131<\/a><\/li><\/ul><\/li><li><a href=\"https:\/\/www.arsan.com\/sertifikalarimiz\/\">Sertifikalar\u0131m\u0131z<\/a><\/li><li><a href=\"https:\/\/www.arsan.com\/fabrikamiz\/\">Fabrikam\u0131z<\/a><\/li><li><a href=\"https:\/\/www.arsan.com\/insan-kaynaklari\/\">\u0130nsan Kaynaklar\u0131<\/a><\/li><li><a href=\"https:\/\/www.arsan.com\/kvkk-2\/\">KVKK<\/a><\/li><li><a href=\"https:\/\/www.arsan.com\/sirket-sicili\/\">\u015eirket Sicili<\/a><\/li><\/ul>\t\t\t\t\t\t\t\t<\/div>\n\t\t\t\t<\/div>\n\t\t\t\t\t<\/div>\n\t\t<\/div>\n\t\t\t\t<div class=\"elementor-column elementor-col-66 elementor-top-column elementor-element elementor-element-41a73a7\" data-id=\"41a73a7\" data-element_type=\"column\" data-e-type=\"column\">\n\t\t\t<div class=\"elementor-widget-wrap elementor-element-populated\">\n\t\t\t\t\t\t<div class=\"elementor-element elementor-element-1bb84ad elementor-widget elementor-widget-image\" data-id=\"1bb84ad\" data-element_type=\"widget\" data-e-type=\"widget\" data-widget_type=\"image.default\">\n\t\t\t\t<div class=\"elementor-widget-container\">\n\t\t\t\t\t\t\t\t\t\t\t\t\t\t\t<img fetchpriority=\"high\" decoding=\"async\" width=\"1100\" height=\"300\" src=\"https:\/\/www.arsan.com\/wp-content\/uploads\/2022\/12\/hakkimizda.jpg\" class=\"attachment-full size-full wp-image-4186\" alt=\"\" srcset=\"https:\/\/www.arsan.com\/wp-content\/uploads\/2022\/12\/hakkimizda.jpg 1100w, https:\/\/www.arsan.com\/wp-content\/uploads\/2022\/12\/hakkimizda-300x82.jpg 300w, https:\/\/www.arsan.com\/wp-content\/uploads\/2022\/12\/hakkimizda-1024x279.jpg 1024w, https:\/\/www.arsan.com\/wp-content\/uploads\/2022\/12\/hakkimizda-768x209.jpg 768w, https:\/\/www.arsan.com\/wp-content\/uploads\/2022\/12\/hakkimizda-18x5.jpg 18w\" sizes=\"(max-width: 1100px) 100vw, 1100px\" \/>\t\t\t\t\t\t\t\t\t\t\t\t\t\t\t<\/div>\n\t\t\t\t<\/div>\n\t\t\t\t<div class=\"elementor-element elementor-element-55dd541 elementor-widget elementor-widget-text-editor\" data-id=\"55dd541\" data-element_type=\"widget\" data-e-type=\"widget\" data-widget_type=\"text-editor.default\">\n\t\t\t\t<div class=\"elementor-widget-container\">\n\t\t\t\t\t\t\t\t\t<p class=\"xdefault\"><b><span style=\"font-size:11.0pt\">Arsan Kau\u00e7uk Plastik-Makina\nSan. ve Tic. A.\u015e. i\u00e7in kapsam: <\/span><\/b><o:p><\/o:p><\/p><p class=\"xmsonormal\">KYS kapsam\u0131nda \u0130\u00e7me Suyu, At\u0131k Su ve Gaz Boru Hatt\u0131\nUygulamalar\u0131 i\u00e7in Kau\u00e7uk S\u0131zd\u0131rmazl\u0131k Contalar\u0131, K\u00f6pr\u00fc ve Viyad\u00fck Mesnetleri,\nSismik \u0130zolat\u00f6rler, Kau\u00e7uk Kapl\u0131 Genle\u015fme Derzleri, Tek A\u00e7\u0131kl\u0131kl\u0131 ve Mod\u00fcler\nK\u00f6pr\u00fc ve Viyad\u00fck Genle\u015fme Derzleri, Dilatasyon Profilleri, De\u011fi\u015fik Tiplerde\nKau\u00e7uk Profil ve Metal-Kau\u00e7uk \u00dcr\u00fcnleri Tasar\u0131m, \u00dcretim, Sat\u0131\u015f ve Pazarlamas\u0131,\nG\u00fcmr\u00fck, D\u0131\u015f Ticaret, Lojistik, Y\u00f6netim ve \u0130dari Organizasyon Faaliyetleri. <o:p><\/o:p><\/p><p class=\"xdefault\"><span style=\"font-size:11.0pt\">&nbsp;<\/span><o:p><\/o:p><\/p><p class=\"xdefault\"><b><span style=\"font-size:11.0pt\">IATF 16949-2016 Kapsam\u0131;\nKar\u0131\u015f\u0131m Tasar\u0131m\u0131 ve \u0130malat\u0131 \u0130le Kau\u00e7uk \u00dcr\u00fcn \u00dcretimi <\/span><\/b><o:p><\/o:p><\/p><p class=\"xdefault\"><i><span style=\"font-size:11.0pt\">Design, Production, Sales\nand Marketing, Customs Clearance, Foreign Trade, Logistics, Management and\nAdministrative Organisation Activities of Gaskets For Potable Water, Sewage,\nGas Pipeline Applications, Bridge and Viaduct Structural Bearings, Seismic lsolators,\nRubber Expansion Joints, Single Gap and Modular Expansion Joints for Bridges\nand Viaducts, Various Types of Elastomer Profiles and Rubber to Metal Bonded\nProducts. <\/span><\/i><o:p><\/o:p><\/p><p class=\"xdefault\"><i><span style=\"font-size:11.0pt\">For IATF 16949-2016; Rubber\nCompound Des\u0131gn and Production of Rubber Products <\/span><\/i><o:p><\/o:p><\/p><p class=\"xdefault\"><b><i><span style=\"font-size:11.0pt\">&nbsp;<\/span><\/i><\/b><o:p><\/o:p><\/p><p class=\"xdefault\"><b><i><span style=\"font-size:11.0pt\">ISO 50001 i\u00e7in Kapsam; <\/span><\/i><\/b><o:p><\/o:p><\/p><p class=\"MsoNormal\" style=\"margin-bottom:12.0pt;text-align:justify\">Arsan Kau\u00e7uk\nPlastik-Makina San. ve Tic. A.\u015e.; TS EN ISO 50001 standard\u0131, i\u00e7 ve d\u0131\u015f\nhususlarla birlikte, ilgili taraflar\u0131n talepleri ve y\u00fcr\u00fcrl\u00fckteki mevzuat\n\u015fartlar\u0131 do\u011frultusunda Arsan Kau\u00e7uk imalat\u0131 faaliyetlerinin hammadde giri\u015finden\nmamul \u00fcr\u00fcn \u00e7\u0131k\u0131\u015f\u0131na kadar olan \u00fcretim &amp; i\u015fletim operasyonlar\u0131n\u0131 kapsar.\nKapsam dahilinde kullan\u0131lan t\u00fcm enerji t\u00fcrleri kapsama dahil edilmi\u015ftir.<span style=\"font-family:&quot;Times New Roman&quot;,serif\"><o:p><\/o:p><\/span><\/p><p class=\"MsoNormal\">Fiziki s\u0131n\u0131rlar: Ferizli OSB, 1.Cadde No:20\/1 54110 Ferizli\n&nbsp;Sakarya \/T\u00fcrkiye<o:p><\/o:p><\/p><p class=\"xmsonormal\"><o:p>&nbsp;<\/o:p><\/p><p class=\"Default\">\n\n\n\n\n\n\n\n\n\n\n\n\n\n\n\n\n\n\n\n\n\n<\/p><p class=\"xmsonormal\">Mevcut lokasyonlarda ger\u00e7ekle\u015ftirilecek herhangi bir\nteknolojik de\u011fi\u015fiklik, kapasite art\u0131r\u0131m\u0131, yeni ekipman devreye alma- devreden\n\u00e7\u0131karma vs. konular\u0131 de\u011fi\u015fim y\u00f6netimi kapsam\u0131nda ele al\u0131nmaktad\u0131r. Kapsam \u00fcst\ny\u00f6netimin karar\u0131 ile belirlenir ve gerekti\u011finde revize edilir.<o:p><\/o:p><\/p>\t\t\t\t\t\t\t\t<\/div>\n\t\t\t\t<\/div>\n\t\t\t\t\t<\/div>\n\t\t<\/div>\n\t\t\t\t\t<\/div>\n\t\t<\/section>\n\t\t\t\t<\/div>\n\t\t","protected":false},"excerpt":{"rendered":"<p>Kurumsal \u00c7al\u0131\u015ft\u0131\u011f\u0131m\u0131z \u00dclkeler Hakk\u0131m\u0131zda Politikalar\u0131m\u0131z Kalite Politikam\u0131z \u0130\u015f G\u00fcvenli\u011fi Politikam\u0131z \u00c7evre Politikam\u0131z Bilgi G\u00fcvenli\u011fi Politikam\u0131z Enerji Y\u00f6netim Politikam\u0131z Sosyal Sorumluluk Politikam\u0131z EYS Kapsam\u0131 Sertifikalar\u0131m\u0131z Fabrikam\u0131z \u0130nsan Kaynaklar\u0131 KVKK \u015eirket Sicili Arsan Kau\u00e7uk Plastik-Makina San. ve Tic. A.\u015e. i\u00e7in kapsam: KYS kapsam\u0131nda \u0130\u00e7me Suyu, At\u0131k Su ve Gaz Boru Hatt\u0131 Uygulamalar\u0131 i\u00e7in Kau\u00e7uk S\u0131zd\u0131rmazl\u0131k Contalar\u0131, K\u00f6pr\u00fc [&hellip;]<\/p>\n","protected":false},"author":2,"featured_media":0,"parent":0,"menu_order":0,"comment_status":"closed","ping_status":"closed","template":"","meta":{"footnotes":""},"class_list":["post-5196","page","type-page","status-publish","hentry"],"aioseo_notices":[],"_links":{"self":[{"href":"https:\/\/www.arsan.com\/tr\/wp-json\/wp\/v2\/pages\/5196","targetHints":{"allow":["GET"]}}],"collection":[{"href":"https:\/\/www.arsan.com\/tr\/wp-json\/wp\/v2\/pages"}],"about":[{"href":"https:\/\/www.arsan.com\/tr\/wp-json\/wp\/v2\/types\/page"}],"author":[{"embeddable":true,"href":"https:\/\/www.arsan.com\/tr\/wp-json\/wp\/v2\/users\/2"}],"replies":[{"embeddable":true,"href":"https:\/\/www.arsan.com\/tr\/wp-json\/wp\/v2\/comments?post=5196"}],"version-history":[{"count":0,"href":"https:\/\/www.arsan.com\/tr\/wp-json\/wp\/v2\/pages\/5196\/revisions"}],"wp:attachment":[{"href":"https:\/\/www.arsan.com\/tr\/wp-json\/wp\/v2\/media?parent=5196"}],"curies":[{"name":"wp","href":"https:\/\/api.w.org\/{rel}","templated":true}]}}