{"id":5067,"date":"2023-11-22T08:31:19","date_gmt":"2023-11-22T05:31:19","guid":{"rendered":"https:\/\/www.arsan.com\/?page_id=5067"},"modified":"2024-08-01T15:12:55","modified_gmt":"2024-08-01T12:12:55","slug":"sosyal-sorumluluk-politikamiz","status":"publish","type":"page","link":"https:\/\/www.arsan.com\/tr\/sosyal-sorumluluk-politikamiz\/","title":{"rendered":"Sosyal Sorumluluk Politikam\u0131z"},"content":{"rendered":"\t\t<div data-elementor-type=\"wp-page\" data-elementor-id=\"5067\" class=\"elementor elementor-5067\" data-elementor-post-type=\"page\">\n\t\t\t\t\t\t<section class=\"elementor-section elementor-top-section elementor-element elementor-element-a4d7e75 elementor-section-boxed elementor-section-height-default elementor-section-height-default\" data-id=\"a4d7e75\" data-element_type=\"section\" data-e-type=\"section\" data-settings=\"{&quot;background_background&quot;:&quot;classic&quot;}\">\n\t\t\t\t\t\t<div class=\"elementor-container elementor-column-gap-default\">\n\t\t\t\t\t<div class=\"elementor-column elementor-col-33 elementor-top-column elementor-element elementor-element-1ee22f9\" data-id=\"1ee22f9\" data-element_type=\"column\" data-e-type=\"column\" data-settings=\"{&quot;background_background&quot;:&quot;gradient&quot;}\">\n\t\t\t<div class=\"elementor-widget-wrap elementor-element-populated\">\n\t\t\t\t\t\t<div class=\"elementor-element elementor-element-77aadb9 elementor-widget elementor-widget-text-editor\" data-id=\"77aadb9\" data-element_type=\"widget\" data-e-type=\"widget\" data-widget_type=\"text-editor.default\">\n\t\t\t\t<div class=\"elementor-widget-container\">\n\t\t\t\t\t\t\t\t\t<p><span style=\"color: #ff671d;\">Kurumsal<\/span><\/p>\t\t\t\t\t\t\t\t<\/div>\n\t\t\t\t<\/div>\n\t\t\t\t<div class=\"elementor-element elementor-element-813543d elementor-widget elementor-widget-text-editor\" data-id=\"813543d\" data-element_type=\"widget\" data-e-type=\"widget\" data-widget_type=\"text-editor.default\">\n\t\t\t\t<div class=\"elementor-widget-container\">\n\t\t\t\t\t\t\t\t\t<ul><li><a href=\"https:\/\/www.arsan.com\/calistigimiz-ulkeler\/\">\u00c7al\u0131\u015ft\u0131\u011f\u0131m\u0131z \u00dclkeler<\/a><\/li><li><a href=\"https:\/\/www.arsan.com\/hakkimizda\/\">Hakk\u0131m\u0131zda<\/a><\/li><li><span style=\"color: #ffffff;\">Politikalar\u0131m\u0131z<\/span><ul><li><a href=\"https:\/\/www.arsan.com\/kalite--politikamiz\/\">Kalite Politikam\u0131z<\/a><\/li><li><a href=\"https:\/\/www.arsan.com\/is-guvenligi-politikamiz\/\">\u0130\u015f G\u00fcvenli\u011fi Politikam\u0131z<\/a><\/li><li><a href=\"https:\/\/www.arsan.com\/cevre-politikamiz\/\">\u00c7evre Politikam\u0131z<\/a><\/li><li><a href=\"https:\/\/www.arsan.com\/bilgi-guvenligi-politikamiz\/\">Bilgi G\u00fcvenli\u011fi Politikam\u0131z<\/a><\/li><li><a href=\"https:\/\/www.arsan.com\/tr\/enerji-yonetim-politikasi\/\">Enerji Y\u00f6netim Politikam\u0131z<\/a><\/li><li><a href=\"https:\/\/www.arsan.com\/sosyal-sorumluluk-politikamiz\/\">Sosyal Sorumluluk Politikam\u0131z<\/a><\/li><li><a href=\"https:\/\/www.arsan.com\/tr\/eys-kapsamimiz\/\">EYS Kapsam\u0131<\/a><\/li><\/ul><\/li><li><a href=\"https:\/\/www.arsan.com\/sertifikalarimiz\/\">Sertifikalar\u0131m\u0131z<\/a><\/li><li><a href=\"https:\/\/www.arsan.com\/fabrikamiz\/\">Fabrikam\u0131z<\/a><\/li><li><a href=\"https:\/\/www.arsan.com\/insan-kaynaklari\/\">\u0130nsan Kaynaklar\u0131<\/a><\/li><li><a href=\"https:\/\/www.arsan.com\/kvkk-2\/\">KVKK<\/a><\/li><li><a href=\"https:\/\/www.arsan.com\/sirket-sicili\/\">\u015eirket Sicili<\/a><\/li><\/ul>\t\t\t\t\t\t\t\t<\/div>\n\t\t\t\t<\/div>\n\t\t\t\t\t<\/div>\n\t\t<\/div>\n\t\t\t\t<div class=\"elementor-column elementor-col-66 elementor-top-column elementor-element elementor-element-47818f6\" data-id=\"47818f6\" data-element_type=\"column\" data-e-type=\"column\">\n\t\t\t<div class=\"elementor-widget-wrap elementor-element-populated\">\n\t\t\t\t\t\t<div class=\"elementor-element elementor-element-7160cf6 elementor-widget elementor-widget-image\" data-id=\"7160cf6\" data-element_type=\"widget\" data-e-type=\"widget\" data-widget_type=\"image.default\">\n\t\t\t\t<div class=\"elementor-widget-container\">\n\t\t\t\t\t\t\t\t\t\t\t\t\t\t\t<img fetchpriority=\"high\" decoding=\"async\" width=\"1100\" height=\"300\" src=\"https:\/\/www.arsan.com\/wp-content\/uploads\/2022\/12\/hakkimizda.jpg\" class=\"attachment-full size-full wp-image-4186\" alt=\"\" srcset=\"https:\/\/www.arsan.com\/wp-content\/uploads\/2022\/12\/hakkimizda.jpg 1100w, https:\/\/www.arsan.com\/wp-content\/uploads\/2022\/12\/hakkimizda-300x82.jpg 300w, https:\/\/www.arsan.com\/wp-content\/uploads\/2022\/12\/hakkimizda-1024x279.jpg 1024w, https:\/\/www.arsan.com\/wp-content\/uploads\/2022\/12\/hakkimizda-768x209.jpg 768w, https:\/\/www.arsan.com\/wp-content\/uploads\/2022\/12\/hakkimizda-18x5.jpg 18w\" sizes=\"(max-width: 1100px) 100vw, 1100px\" \/>\t\t\t\t\t\t\t\t\t\t\t\t\t\t\t<\/div>\n\t\t\t\t<\/div>\n\t\t\t\t<div class=\"elementor-element elementor-element-ee2d419 elementor-widget elementor-widget-heading\" data-id=\"ee2d419\" data-element_type=\"widget\" data-e-type=\"widget\" data-widget_type=\"heading.default\">\n\t\t\t\t<div class=\"elementor-widget-container\">\n\t\t\t\t\t<h1 class=\"elementor-heading-title elementor-size-default\"><h1 data-elementor-setting-key=\"title\" data-pen-placeholder=\"Buraya yaz...\" style=\"font-weight: 600;font-size: 29px;font-family: Roboto, sans-serif;text-align: center\">SOSYAL SORUMLULUK POL\u0130T\u0130KASI\n\n<\/h1><\/h1>\t\t\t\t<\/div>\n\t\t\t\t<\/div>\n\t\t\t\t<div class=\"elementor-element elementor-element-b290afd elementor-widget elementor-widget-text-editor\" data-id=\"b290afd\" data-element_type=\"widget\" data-e-type=\"widget\" data-widget_type=\"text-editor.default\">\n\t\t\t\t<div class=\"elementor-widget-container\">\n\t\t\t\t\t\t\t\t\t<p><span style=\"color: #525252; font-family: var( --e-global-typography-text-font-family ), Sans-serif; font-weight: var( --e-global-typography-text-font-weight );\">Yay\u0131n Tarihi\u00a0<\/span><span style=\"color: #525252;\">21.11.2023<\/span><\/p><p><br style=\"color: #525252;\" \/><span style=\"color: #525252;\">Revizyon Tarihi\u00a0<\/span><br style=\"color: #525252;\" \/><span style=\"color: #525252;\">Revizyon No 00<\/span><\/p>\t\t\t\t\t\t\t\t<\/div>\n\t\t\t\t<\/div>\n\t\t\t\t<div class=\"elementor-element elementor-element-34d6d60 elementor-widget elementor-widget-text-editor\" data-id=\"34d6d60\" data-element_type=\"widget\" data-e-type=\"widget\" data-widget_type=\"text-editor.default\">\n\t\t\t\t<div class=\"elementor-widget-container\">\n\t\t\t\t\t\t\t\t\t<p><strong><em>ARSAN KAU\u00c7UK PLAST\u0130K MAK\u0130NA SANAY\u0130 VE T\u0130CARET A.\u015e<\/em><\/strong> olarak;<\/p><ul><li>\u2018\u2018Topluma ve \u00e7evreye kar\u015f\u0131 olan sorumluluklar\u0131m\u0131z\u0131 yerine getirmek\u2019\u2019 misyonumuz do\u011frultusunda, i\u00e7inde bulundu\u011fumuz toplumun sorunlar\u0131ndan yola \u00e7\u0131karak sosyal projeler geli\u015ftirir ve uygular\u0131z.<\/li><li>Bu konudaki \u00f6nceliklerimizi, toplum ve \u00e7evre i\u00e7in en iyi olan\u0131 g\u00f6z \u00f6n\u00fcnde bulundurarak belirleriz.<\/li><li>Ulusal yasal gerekliliklere ve uluslararas\u0131 sosyal performans standartlar\u0131na uygun olarak faaliyetlerimizi y\u00fcr\u00fct\u00fcr, sosyal sorumluluk projelerimizi Birle\u015fmi\u015f Milletler S\u00fcrd\u00fcr\u00fclebilirlik kalk\u0131nma hedeflerinde yer alan ilkeler do\u011frultusunda \u015fekillendiririz.<\/li><li>Teknolojimizle, insan kayna\u011f\u0131m\u0131zla, yaratt\u0131\u011f\u0131m\u0131z sosyal ve ekonomik de\u011ferlerle; yaln\u0131zca bulundu\u011fumuz b\u00f6lgelerin de\u011fil, \u00fclkemizin de kalk\u0131nmas\u0131na destek olacak uzun soluklu ve kal\u0131c\u0131 projeler ger\u00e7ekle\u015ftiririz.<\/li><li>\u00dclkemizdeki ve d\u00fcnyadaki iyi uygulamalar\u0131 dikkate alarak topluma katk\u0131 sa\u011flayacak konularda hedefler olu\u015ftururuz.<\/li><li>\u00c7al\u0131\u015fanlar\u0131m\u0131z\u0131n, g\u00f6n\u00fcll\u00fcl\u00fck esas\u0131 ile projeler geli\u015ftirmesini ve bunlar\u0131 uygulamas\u0131n\u0131 te\u015fvik ederiz.<\/li><li>Topluma kar\u015f\u0131 sosyal ve \u00e7evresel sorumluluklar\u0131m\u0131z\u0131; t\u00fcm payda\u015flar\u0131m\u0131z ile i\u015fbirli\u011fi i\u00e7inde ger\u00e7ekle\u015ftirmek \u00f6nceli\u011fimizdir.<\/li><li>Ger\u00e7ekle\u015ftirilen sosyal \u00e7al\u0131\u015fmalar\u0131 periyodik olarak takip eder ve etkinli\u011fini \u00f6l\u00e7eriz.<\/li><\/ul><p>Yukar\u0131da belirtti\u011fimiz Sosyal Sorumluluk Politikam\u0131z do\u011frultusunda d\u00f6rt ana ba\u015fl\u0131k alt\u0131nda \u00e7al\u0131\u015fmalar\u0131m\u0131z\u0131 s\u00fcrd\u00fcr\u00fcr\u00fcz. Gelecek neslin e\u011fitimi, toplumsal cinsiyet e\u015fitli\u011fi, a\u011fa\u00e7land\u0131rma ve do\u011fal varl\u0131klar\u0131 koruma ve yaban hayat\u0131 ve sokak hayvanlar\u0131n\u0131 koruma konular\u0131na \u00f6ncelik veririz. Buna ek olarak, topluma kar\u015f\u0131 sosyal ve \u00e7evresel sorumluluklar\u0131m\u0131z\u0131 ger\u00e7ekle\u015ftirmek i\u00e7in, Sivil toplum kurulu\u015flar\u0131 ile i\u015fbirli\u011fi i\u00e7inde \u00e7al\u0131\u015fmaya \u00f6nem veririz.<\/p><p><strong>Gelecek Neslin E\u011fitimi:<\/strong><\/p><p>\u00c7ocuklar\u0131m\u0131z\u0131n nitelikli bir e\u011fitim almas\u0131, nitelikli ve vizyoner bir nesilin yeti\u015fmesi i\u00e7in \u00e7al\u0131\u015fmalar\u0131m\u0131zla destekleriz.<\/p><p><strong>Toplumsal Cinsiyet E\u015fitli\u011fi:<\/strong><\/p><p>Organizasyonumuzda kad\u0131n ve erkeklerin dayan\u0131\u015fmas\u0131n\u0131 artt\u0131rarak kad\u0131n dostu bir \u015firket felsefesine uygun \u00e7al\u0131\u015fmalar yapar, t\u00fcm faaliyetlerimizde kad\u0131nlar\u0131n haklar\u0131 ve geli\u015fimi alanlar\u0131nda sosyal sorumluluk projeleri y\u00fcr\u00fct\u00fcr ve bu konuda toplumun bilin\u00e7lenmesine yard\u0131mc\u0131 oluruz.<\/p><p><strong>A\u011fa\u00e7land\u0131rma ve Do\u011fal Varl\u0131klar\u0131 Koruma:<\/strong><\/p><p>Ortak ya\u015fam\u0131m\u0131z\u0131n bir par\u00e7as\u0131 olan do\u011fal ya\u015fam alanlar\u0131n\u0131 ve biyo-\u00e7e\u015fitlili\u011fi korumay\u0131 ama\u00e7lar\u0131z. Bu do\u011frultuda s\u00fcrd\u00fcr\u00fclebilir bir ya\u015fam\u0131 sa\u011flamak amac\u0131yla, iklim de\u011fi\u015fikli\u011finin etkilerini azaltacak projeler yapar, a\u011fa\u00e7land\u0131rma \u00e7al\u0131\u015fmalar\u0131 ger\u00e7ekle\u015ftirir, gelecek nesillere aktar\u0131m\u0131 i\u00e7in \u00e7ocuklar\u0131m\u0131z\u0131n \u00e7evre e\u011fitimlerini destekleriz.<\/p><p><strong>Yaban Hayat\u0131 ve Sokak Hayvanlar\u0131n\u0131 Koruma<\/strong><\/p><p>Dostlar\u0131m\u0131z\u0131n ya\u015fam alanlar\u0131n\u0131n iyile\u015ftirilmesi ve s\u00fcrd\u00fcr\u00fclebilir ya\u015famlar\u0131n\u0131n sa\u011flanmas\u0131 amac\u0131yla projeler yapar, ya\u015fam alanlar\u0131n\u0131n iyile\u015ftirilmesini destekleriz.<\/p><p>\u00a0<\/p><p><strong>Genel M\u00fcd\u00fcr<\/strong><\/p>\t\t\t\t\t\t\t\t<\/div>\n\t\t\t\t<\/div>\n\t\t\t\t\t<\/div>\n\t\t<\/div>\n\t\t\t\t\t<\/div>\n\t\t<\/section>\n\t\t\t\t<\/div>\n\t\t","protected":false},"excerpt":{"rendered":"<p>Kurumsal \u00c7al\u0131\u015ft\u0131\u011f\u0131m\u0131z \u00dclkeler Hakk\u0131m\u0131zda Politikalar\u0131m\u0131z Kalite Politikam\u0131z \u0130\u015f G\u00fcvenli\u011fi Politikam\u0131z \u00c7evre Politikam\u0131z Bilgi G\u00fcvenli\u011fi Politikam\u0131z Enerji Y\u00f6netim Politikam\u0131z Sosyal Sorumluluk Politikam\u0131z EYS Kapsam\u0131 Sertifikalar\u0131m\u0131z Fabrikam\u0131z \u0130nsan Kaynaklar\u0131 KVKK \u015eirket Sicili SOSYAL SORUMLULUK POL\u0130T\u0130KASI Yay\u0131n Tarihi\u00a021.11.2023 Revizyon Tarihi\u00a0Revizyon No 00 ARSAN KAU\u00c7UK PLAST\u0130K MAK\u0130NA SANAY\u0130 VE T\u0130CARET A.\u015e olarak; \u2018\u2018Topluma ve \u00e7evreye kar\u015f\u0131 olan sorumluluklar\u0131m\u0131z\u0131 yerine [&hellip;]<\/p>\n","protected":false},"author":2,"featured_media":0,"parent":0,"menu_order":0,"comment_status":"closed","ping_status":"closed","template":"","meta":{"footnotes":""},"class_list":["post-5067","page","type-page","status-publish","hentry"],"aioseo_notices":[],"_links":{"self":[{"href":"https:\/\/www.arsan.com\/tr\/wp-json\/wp\/v2\/pages\/5067","targetHints":{"allow":["GET"]}}],"collection":[{"href":"https:\/\/www.arsan.com\/tr\/wp-json\/wp\/v2\/pages"}],"about":[{"href":"https:\/\/www.arsan.com\/tr\/wp-json\/wp\/v2\/types\/page"}],"author":[{"embeddable":true,"href":"https:\/\/www.arsan.com\/tr\/wp-json\/wp\/v2\/users\/2"}],"replies":[{"embeddable":true,"href":"https:\/\/www.arsan.com\/tr\/wp-json\/wp\/v2\/comments?post=5067"}],"version-history":[{"count":3,"href":"https:\/\/www.arsan.com\/tr\/wp-json\/wp\/v2\/pages\/5067\/revisions"}],"predecessor-version":[{"id":5507,"href":"https:\/\/www.arsan.com\/tr\/wp-json\/wp\/v2\/pages\/5067\/revisions\/5507"}],"wp:attachment":[{"href":"https:\/\/www.arsan.com\/tr\/wp-json\/wp\/v2\/media?parent=5067"}],"curies":[{"name":"wp","href":"https:\/\/api.w.org\/{rel}","templated":true}]}}