{"id":5057,"date":"2023-11-22T08:24:42","date_gmt":"2023-11-22T05:24:42","guid":{"rendered":"https:\/\/www.arsan.com\/?page_id=5057"},"modified":"2024-08-01T17:59:22","modified_gmt":"2024-08-01T14:59:22","slug":"enerji-yonetim-politikasi","status":"publish","type":"page","link":"https:\/\/www.arsan.com\/tr\/enerji-yonetim-politikasi\/","title":{"rendered":"Enerji Y\u00f6netim Sistemi Politikam\u0131z"},"content":{"rendered":"\t\t<div data-elementor-type=\"wp-page\" data-elementor-id=\"5057\" class=\"elementor elementor-5057\" data-elementor-post-type=\"page\">\n\t\t\t\t\t\t<section class=\"elementor-section elementor-top-section elementor-element elementor-element-3d7e829 elementor-section-boxed elementor-section-height-default elementor-section-height-default\" data-id=\"3d7e829\" data-element_type=\"section\" data-e-type=\"section\" data-settings=\"{&quot;background_background&quot;:&quot;classic&quot;}\">\n\t\t\t\t\t\t<div class=\"elementor-container elementor-column-gap-default\">\n\t\t\t\t\t<div class=\"elementor-column elementor-col-33 elementor-top-column elementor-element elementor-element-9ea1cec\" data-id=\"9ea1cec\" data-element_type=\"column\" data-e-type=\"column\" data-settings=\"{&quot;background_background&quot;:&quot;gradient&quot;}\">\n\t\t\t<div class=\"elementor-widget-wrap elementor-element-populated\">\n\t\t\t\t\t\t<div class=\"elementor-element elementor-element-d1ef1ce elementor-widget elementor-widget-text-editor\" data-id=\"d1ef1ce\" data-element_type=\"widget\" data-e-type=\"widget\" data-widget_type=\"text-editor.default\">\n\t\t\t\t<div class=\"elementor-widget-container\">\n\t\t\t\t\t\t\t\t\t<p><span style=\"color: #ff671d;\">Kurumsal<\/span><\/p>\t\t\t\t\t\t\t\t<\/div>\n\t\t\t\t<\/div>\n\t\t\t\t<div class=\"elementor-element elementor-element-da16df2 elementor-widget elementor-widget-text-editor\" data-id=\"da16df2\" data-element_type=\"widget\" data-e-type=\"widget\" data-widget_type=\"text-editor.default\">\n\t\t\t\t<div class=\"elementor-widget-container\">\n\t\t\t\t\t\t\t\t\t<ul><li><a href=\"https:\/\/www.arsan.com\/calistigimiz-ulkeler\/\">\u00c7al\u0131\u015ft\u0131\u011f\u0131m\u0131z \u00dclkeler<\/a><\/li><li><a href=\"https:\/\/www.arsan.com\/hakkimizda\/\">Hakk\u0131m\u0131zda<\/a><\/li><li><span style=\"color: #ffffff;\">Politikalar\u0131m\u0131z<\/span><ul><li><a href=\"https:\/\/www.arsan.com\/kalite--politikamiz\/\">Kalite Politikam\u0131z<\/a><\/li><li><a href=\"https:\/\/www.arsan.com\/is-guvenligi-politikamiz\/\">\u0130\u015f G\u00fcvenli\u011fi Politikam\u0131z<\/a><\/li><li><a href=\"https:\/\/www.arsan.com\/cevre-politikamiz\/\">\u00c7evre Politikam\u0131z<\/a><\/li><li><a href=\"https:\/\/www.arsan.com\/bilgi-guvenligi-politikamiz\/\">Bilgi G\u00fcvenli\u011fi Politikam\u0131z<\/a><\/li><li><a href=\"https:\/\/www.arsan.com\/tr\/enerji-yonetim-politikasi\/\">Enerji Y\u00f6netim Sistemi Politikam\u0131z<\/a><\/li><li><a href=\"https:\/\/www.arsan.com\/sosyal-sorumluluk-politikamiz\/\">Sosyal Sorumluluk Politikam\u0131z<\/a><\/li><li><a href=\"https:\/\/www.arsan.com\/tr\/eys-kapsamimiz\/\">EYS Kapsam\u0131<\/a><\/li><\/ul><\/li><li><a href=\"https:\/\/www.arsan.com\/sertifikalarimiz\/\">Sertifikalar\u0131m\u0131z<\/a><\/li><li><a href=\"https:\/\/www.arsan.com\/fabrikamiz\/\">Fabrikam\u0131z<\/a><\/li><li><a href=\"https:\/\/www.arsan.com\/insan-kaynaklari\/\">\u0130nsan Kaynaklar\u0131<\/a><\/li><li><a href=\"https:\/\/www.arsan.com\/kvkk-2\/\">KVKK<\/a><\/li><li><a href=\"https:\/\/www.arsan.com\/sirket-sicili\/\">\u015eirket Sicili<\/a><\/li><\/ul>\t\t\t\t\t\t\t\t<\/div>\n\t\t\t\t<\/div>\n\t\t\t\t\t<\/div>\n\t\t<\/div>\n\t\t\t\t<div class=\"elementor-column elementor-col-66 elementor-top-column elementor-element elementor-element-9ca7772\" data-id=\"9ca7772\" data-element_type=\"column\" data-e-type=\"column\">\n\t\t\t<div class=\"elementor-widget-wrap elementor-element-populated\">\n\t\t\t\t\t\t<div class=\"elementor-element elementor-element-2b45a0d elementor-widget elementor-widget-image\" data-id=\"2b45a0d\" data-element_type=\"widget\" data-e-type=\"widget\" data-widget_type=\"image.default\">\n\t\t\t\t<div class=\"elementor-widget-container\">\n\t\t\t\t\t\t\t\t\t\t\t\t\t\t\t<img fetchpriority=\"high\" decoding=\"async\" width=\"1100\" height=\"300\" src=\"https:\/\/www.arsan.com\/wp-content\/uploads\/2022\/12\/hakkimizda.jpg\" class=\"attachment-full size-full wp-image-4186\" alt=\"\" srcset=\"https:\/\/www.arsan.com\/wp-content\/uploads\/2022\/12\/hakkimizda.jpg 1100w, https:\/\/www.arsan.com\/wp-content\/uploads\/2022\/12\/hakkimizda-300x82.jpg 300w, https:\/\/www.arsan.com\/wp-content\/uploads\/2022\/12\/hakkimizda-1024x279.jpg 1024w, https:\/\/www.arsan.com\/wp-content\/uploads\/2022\/12\/hakkimizda-768x209.jpg 768w, https:\/\/www.arsan.com\/wp-content\/uploads\/2022\/12\/hakkimizda-18x5.jpg 18w\" sizes=\"(max-width: 1100px) 100vw, 1100px\" \/>\t\t\t\t\t\t\t\t\t\t\t\t\t\t\t<\/div>\n\t\t\t\t<\/div>\n\t\t\t\t<div class=\"elementor-element elementor-element-ec7aadb elementor-widget elementor-widget-heading\" data-id=\"ec7aadb\" data-element_type=\"widget\" data-e-type=\"widget\" data-widget_type=\"heading.default\">\n\t\t\t\t<div class=\"elementor-widget-container\">\n\t\t\t\t\t<h1 class=\"elementor-heading-title elementor-size-default\"><h1 data-elementor-setting-key=\"title\" data-pen-placeholder=\"Buraya yaz...\" style=\"font-weight: 600;font-size: 29px;font-family: Roboto, sans-serif;text-align: center\">Enerji Y\u00f6netim Sistemi Politikam\u0131z\n\n<\/h1><\/h1>\t\t\t\t<\/div>\n\t\t\t\t<\/div>\n\t\t\t\t<div class=\"elementor-element elementor-element-4a6ff38 elementor-widget elementor-widget-text-editor\" data-id=\"4a6ff38\" data-element_type=\"widget\" data-e-type=\"widget\" data-widget_type=\"text-editor.default\">\n\t\t\t\t<div class=\"elementor-widget-container\">\n\t\t\t\t\t\t\t\t\t<p><span style=\"color: #525252; font-family: var( --e-global-typography-text-font-family ), Sans-serif; font-weight: var( --e-global-typography-text-font-weight );\">Yay\u0131n Tarihi 20.05.2023<\/span><\/p><p><br style=\"color: #525252;\" \/><span style=\"color: #525252;\">Revizyon Tarihi 14.12.2023<\/span><br style=\"color: #525252;\" \/><span style=\"color: #525252;\">Revizyon No 01<\/span><\/p>\t\t\t\t\t\t\t\t<\/div>\n\t\t\t\t<\/div>\n\t\t\t\t<div class=\"elementor-element elementor-element-2077212 elementor-widget elementor-widget-text-editor\" data-id=\"2077212\" data-element_type=\"widget\" data-e-type=\"widget\" data-widget_type=\"text-editor.default\">\n\t\t\t\t<div class=\"elementor-widget-container\">\n\t\t\t\t\t\t\t\t\t<p><b>ENERJ\u0130 Y\u00d6NET\u0130M S\u0130STEM\u0130 POL\u0130T\u0130KASI<\/b><br \/><b>ARSAN KAU\u00c7UK PLAST\u0130K MAK\u0130NA SANAY\u0130\u0130 VE T\u0130CARET A.\u015e olarak;<\/b><\/p><p>\u2022<span style=\"font-family: var( --e-global-typography-text-font-family ), Sans-serif; font-weight: var( --e-global-typography-text-font-weight );\">Y\u00f6netimimiz taraf\u0131ndan, \u00e7al\u0131\u015fanlar\u0131m\u0131z\u0131n da kat\u0131l\u0131m\u0131yla politikaya uyumlu hedefler koymay\u0131, bu hedeflere ula\u015fmak i\u00e7in aksiyonlar olu\u015fturmay\u0131 ve gereken kayna\u011f\u0131 sa\u011flamay\u0131,<\/span><\/p><p>\u2022<span style=\"font-family: var( --e-global-typography-text-font-family ), Sans-serif; font-weight: var( --e-global-typography-text-font-weight );\">Enerji ile ilgili t\u00fcm yasa ve y\u00f6netmelikleri takip ederek gerekliliklerini yerine getirmeyi,<\/span><\/p><p>\u2022<span style=\"font-family: var( --e-global-typography-text-font-family ), Sans-serif; font-weight: var( --e-global-typography-text-font-weight );\">T\u00fcm payda\u015flarla Enerji Y\u00f6netimi ile ilgili konularda ortak de\u011fer ve faydal\u0131 sonu\u00e7lar yaratmak \u00fczere etkin ileti\u015fim kurmay\u0131,<\/span><\/p><p>\u2022<span style=\"font-family: var( --e-global-typography-text-font-family ), Sans-serif; font-weight: var( --e-global-typography-text-font-weight );\">Kau\u00e7uk ve metal \u00fcr\u00fcnlerimizin tasar\u0131m ve \u00fcretiminde enerjiyi kontrol alt\u0131nda tutacak uygun kaynak ve teknolojileri kullanmay\u0131,<\/span><\/p><p>\u2022<span style=\"font-family: var( --e-global-typography-text-font-family ), Sans-serif; font-weight: var( --e-global-typography-text-font-weight );\">T\u00fcm s\u00fcre\u00e7lerde enerji etkinli\u011fi ve yo\u011funlu\u011funu i\u00e7eren enerji performans de\u011ferlerini y\u00fckseltmeyi,<\/span><\/p><p>\u2022<span style=\"font-family: var( --e-global-typography-text-font-family ), Sans-serif; font-weight: var( --e-global-typography-text-font-weight );\">Do\u011fal kaynaklar\u0131n ve enerjinin verimli kullan\u0131lmas\u0131n\u0131 sa\u011flamay\u0131, yenilenebilir enerji kaynaklar\u0131n\u0131n enerji kullan\u0131m\u0131ndaki pay\u0131n\u0131 artt\u0131rmay\u0131,<\/span><\/p><p>\u2022<span style=\"font-family: var( --e-global-typography-text-font-family ), Sans-serif; font-weight: var( --e-global-typography-text-font-weight );\">Enerji t\u00fcketimini azaltmay\u0131, enerji verimlili\u011fi ile ilgili s\u00fcrekli geli\u015fmeye y\u00f6nelik iyile\u015ftirme yapmay\u0131, bunlar\u0131n uygulanmas\u0131n\u0131 ve sonu\u00e7lar\u0131n\u0131 takip etmeyi,<\/span><\/p><p>\u2022<span style=\"font-family: var( --e-global-typography-text-font-family ), Sans-serif; font-weight: var( --e-global-typography-text-font-weight );\">Enerji performans\u0131n\u0131n iyile\u015ftirilmesi i\u00e7in enerji-verimli \u00fcr\u00fcnler kullanmay\u0131, hizmetlerin sat\u0131n al\u0131nmas\u0131 ve ilgili tasar\u0131m \u00e7al\u0131\u015fmalar\u0131n\u0131n yap\u0131lmas\u0131 veya tedarik edilmesini sa\u011flamay\u0131,<\/span><\/p><p>\u2022<span style=\"font-family: var( --e-global-typography-text-font-family ), Sans-serif; font-weight: var( --e-global-typography-text-font-weight );\">Enerji Y\u00f6netim Sistemimizi s\u00fcrekli iyile\u015ftirmeyi, dok\u00fcmante etmeyi, t\u00fcm birimlere duyurmay\u0131, g\u00f6zden ge\u00e7irmeyi ve g\u00fcncelli\u011finin sa\u011flamay\u0131,<\/span><\/p><p>\u2022<span style=\"font-family: var( --e-global-typography-text-font-family ), Sans-serif; font-weight: var( --e-global-typography-text-font-weight );\">Enerji duyarl\u0131l\u0131\u011f\u0131 konusunda t\u00fcm \u00e7al\u0131\u015fanlar\u0131m\u0131z\u0131n e\u011fitimi yan\u0131 s\u0131ra tedarik\u00e7ilerimizin, alt i\u015fverenlerin, ziyaret\u00e7ilerin ve yerel toplumun bilin\u00e7lendirilmesine katk\u0131da bulunmay\u0131,<\/span><\/p><p>\u2022<span style=\"font-family: var( --e-global-typography-text-font-family ), Sans-serif; font-weight: var( --e-global-typography-text-font-weight );\">Payda\u015flar\u0131m\u0131z, tedarik\u00e7ilerimiz, ta\u015feronlar\u0131m\u0131z ve t\u00fcm \u00e7al\u0131\u015fanlar\u0131m\u0131zla i\u015f birli\u011fi i\u00e7inde kar\u015f\u0131l\u0131kl\u0131 yararlar do\u011frultusunda \u00e7al\u0131\u015fmalar\u0131m\u0131z\u0131 s\u00fcrd\u00fcrmeyi,<\/span><\/p><p>\u2022<span style=\"font-family: var( --e-global-typography-text-font-family ), Sans-serif; font-weight: var( --e-global-typography-text-font-weight );\">Enerji kapsam\u0131ndaki hedefler ve ama\u00e7lara ula\u015fmak i\u00e7in \u00fcst y\u00f6netimimiz t\u00fcm bilgi ve kaynaklar\u0131 sa\u011flamay\u0131 taahh\u00fct etmektedir.<\/span><\/p><p><span style=\"font-family: var( --e-global-typography-text-font-family ), Sans-serif; font-weight: var( --e-global-typography-text-font-weight );\">\u00a0<\/span><\/p><p class=\"MsoNormal\">\u00a0<\/p><p><span style=\"font-family: var( --e-global-typography-text-font-family ), Sans-serif; font-weight: var( --e-global-typography-text-font-weight );\">\u00a0<\/span><\/p><p><b>Genel M\u00fcd\u00fcr<\/b><\/p>\t\t\t\t\t\t\t\t<\/div>\n\t\t\t\t<\/div>\n\t\t\t\t\t<\/div>\n\t\t<\/div>\n\t\t\t\t\t<\/div>\n\t\t<\/section>\n\t\t\t\t<\/div>\n\t\t","protected":false},"excerpt":{"rendered":"<p>Kurumsal \u00c7al\u0131\u015ft\u0131\u011f\u0131m\u0131z \u00dclkeler Hakk\u0131m\u0131zda Politikalar\u0131m\u0131z Kalite Politikam\u0131z \u0130\u015f G\u00fcvenli\u011fi Politikam\u0131z \u00c7evre Politikam\u0131z Bilgi G\u00fcvenli\u011fi Politikam\u0131z Enerji Y\u00f6netim Sistemi Politikam\u0131z Sosyal Sorumluluk Politikam\u0131z EYS Kapsam\u0131 Sertifikalar\u0131m\u0131z Fabrikam\u0131z \u0130nsan Kaynaklar\u0131 KVKK \u015eirket Sicili Enerji Y\u00f6netim Sistemi Politikam\u0131z Yay\u0131n Tarihi 20.05.2023 Revizyon Tarihi 14.12.2023Revizyon No 01 ENERJ\u0130 Y\u00d6NET\u0130M S\u0130STEM\u0130 POL\u0130T\u0130KASIARSAN KAU\u00c7UK PLAST\u0130K MAK\u0130NA SANAY\u0130\u0130 VE T\u0130CARET A.\u015e olarak; [&hellip;]<\/p>\n","protected":false},"author":2,"featured_media":0,"parent":0,"menu_order":0,"comment_status":"closed","ping_status":"closed","template":"","meta":{"footnotes":""},"class_list":["post-5057","page","type-page","status-publish","hentry"],"aioseo_notices":[],"_links":{"self":[{"href":"https:\/\/www.arsan.com\/tr\/wp-json\/wp\/v2\/pages\/5057","targetHints":{"allow":["GET"]}}],"collection":[{"href":"https:\/\/www.arsan.com\/tr\/wp-json\/wp\/v2\/pages"}],"about":[{"href":"https:\/\/www.arsan.com\/tr\/wp-json\/wp\/v2\/types\/page"}],"author":[{"embeddable":true,"href":"https:\/\/www.arsan.com\/tr\/wp-json\/wp\/v2\/users\/2"}],"replies":[{"embeddable":true,"href":"https:\/\/www.arsan.com\/tr\/wp-json\/wp\/v2\/comments?post=5057"}],"version-history":[{"count":3,"href":"https:\/\/www.arsan.com\/tr\/wp-json\/wp\/v2\/pages\/5057\/revisions"}],"predecessor-version":[{"id":5513,"href":"https:\/\/www.arsan.com\/tr\/wp-json\/wp\/v2\/pages\/5057\/revisions\/5513"}],"wp:attachment":[{"href":"https:\/\/www.arsan.com\/tr\/wp-json\/wp\/v2\/media?parent=5057"}],"curies":[{"name":"wp","href":"https:\/\/api.w.org\/{rel}","templated":true}]}}