{"id":3799,"date":"2022-08-16T17:35:13","date_gmt":"2022-08-16T14:35:13","guid":{"rendered":"https:\/\/www.arsan.com\/?page_id=3799"},"modified":"2023-12-14T08:49:16","modified_gmt":"2023-12-14T05:49:16","slug":"calistigimiz-ulkeler","status":"publish","type":"page","link":"https:\/\/www.arsan.com\/tr\/calistigimiz-ulkeler\/","title":{"rendered":"\u00c7al\u0131\u015ft\u0131\u011f\u0131m\u0131z \u00dclkeler"},"content":{"rendered":"\t\t<div data-elementor-type=\"wp-page\" data-elementor-id=\"3799\" class=\"elementor elementor-3799\" data-elementor-post-type=\"page\">\n\t\t\t\t\t\t<section class=\"elementor-section elementor-top-section elementor-element elementor-element-ed3a408 elementor-section-boxed elementor-section-height-default elementor-section-height-default\" data-id=\"ed3a408\" data-element_type=\"section\" data-e-type=\"section\">\n\t\t\t\t\t\t<div class=\"elementor-container elementor-column-gap-default\">\n\t\t\t\t\t<div class=\"elementor-column elementor-col-50 elementor-top-column elementor-element elementor-element-8da862e\" data-id=\"8da862e\" data-element_type=\"column\" data-e-type=\"column\" data-settings=\"{&quot;background_background&quot;:&quot;gradient&quot;}\">\n\t\t\t<div class=\"elementor-widget-wrap elementor-element-populated\">\n\t\t\t\t\t\t<div class=\"elementor-element elementor-element-a2ec667 elementor-widget elementor-widget-text-editor\" data-id=\"a2ec667\" data-element_type=\"widget\" data-e-type=\"widget\" data-widget_type=\"text-editor.default\">\n\t\t\t\t<div class=\"elementor-widget-container\">\n\t\t\t\t\t\t\t\t\t<p><span style=\"color: #ff671d;\">Kurumsal<\/span><\/p>\t\t\t\t\t\t\t\t<\/div>\n\t\t\t\t<\/div>\n\t\t\t\t<div class=\"elementor-element elementor-element-2f7a0c0 elementor-widget elementor-widget-text-editor\" data-id=\"2f7a0c0\" data-element_type=\"widget\" data-e-type=\"widget\" data-widget_type=\"text-editor.default\">\n\t\t\t\t<div class=\"elementor-widget-container\">\n\t\t\t\t\t\t\t\t\t<ul><li><a href=\"https:\/\/www.arsan.com\/calistigimiz-ulkeler\/\">\u00c7al\u0131\u015ft\u0131\u011f\u0131m\u0131z \u00dclkeler<\/a><\/li><li><a href=\"https:\/\/www.arsan.com\/hakkimizda\/\">Hakk\u0131m\u0131zda<\/a><\/li><li><span style=\"color: #ffffff;\">Politikalar\u0131m\u0131z<\/span><ul><li><a href=\"https:\/\/www.arsan.com\/kalite--politikamiz\/\">Kalite Politikam\u0131z<\/a><\/li><li><a href=\"https:\/\/www.arsan.com\/is-guvenligi-politikamiz\/\">\u0130\u015f G\u00fcvenli\u011fi Politikam\u0131z<\/a><\/li><li><a href=\"https:\/\/www.arsan.com\/cevre-politikamiz\/\">\u00c7evre Politikam\u0131z<\/a><\/li><li><a href=\"https:\/\/www.arsan.com\/bilgi-guvenligi-politikamiz\/\">Bilgi G\u00fcvenli\u011fi Politikam\u0131z<\/a><\/li><li><a href=\"https:\/\/www.arsan.com\/tr\/enerji-yonetim-politikasi\/\">Enerji Y\u00f6netim Sistemi Politikam\u0131z<\/a><\/li><li><a href=\"https:\/\/www.arsan.com\/sosyal-sorumluluk-politikamiz\/\">Sosyal Sorumluluk Politikam\u0131z<\/a><\/li><li><a href=\"https:\/\/www.arsan.com\/tr\/sosyal-sorumluluk-politikamiz\/\">EYS Kapsam\u0131<\/a><\/li><\/ul><\/li><li><a href=\"https:\/\/www.arsan.com\/sertifikalarimiz\/\">Sertifikalar\u0131m\u0131z<\/a><\/li><li><a href=\"https:\/\/www.arsan.com\/fabrikamiz\/\">Fabrikam\u0131z<\/a><\/li><li><a href=\"https:\/\/www.arsan.com\/insan-kaynaklari\/\">\u0130nsan Kaynaklar\u0131<\/a><\/li><li><a href=\"https:\/\/www.arsan.com\/kvkk-2\/\">KVKK<\/a><\/li><li><a href=\"https:\/\/www.arsan.com\/sirket-sicili\/\">\u015eirket Sicili<\/a><\/li><\/ul>\t\t\t\t\t\t\t\t<\/div>\n\t\t\t\t<\/div>\n\t\t\t\t\t<\/div>\n\t\t<\/div>\n\t\t\t\t<div class=\"elementor-column elementor-col-50 elementor-top-column elementor-element elementor-element-611a472\" data-id=\"611a472\" data-element_type=\"column\" data-e-type=\"column\">\n\t\t\t<div class=\"elementor-widget-wrap elementor-element-populated\">\n\t\t\t\t\t\t<div class=\"elementor-element elementor-element-9f56984 elementor-widget elementor-widget-image\" data-id=\"9f56984\" data-element_type=\"widget\" data-e-type=\"widget\" data-widget_type=\"image.default\">\n\t\t\t\t<div class=\"elementor-widget-container\">\n\t\t\t\t\t\t\t\t\t\t\t\t\t\t\t<img fetchpriority=\"high\" decoding=\"async\" width=\"1100\" height=\"300\" src=\"https:\/\/www.arsan.com\/wp-content\/uploads\/2022\/12\/hakkimizdaa.jpg\" class=\"attachment-full size-full wp-image-4182\" alt=\"\" srcset=\"https:\/\/www.arsan.com\/wp-content\/uploads\/2022\/12\/hakkimizdaa.jpg 1100w, https:\/\/www.arsan.com\/wp-content\/uploads\/2022\/12\/hakkimizdaa-300x82.jpg 300w, https:\/\/www.arsan.com\/wp-content\/uploads\/2022\/12\/hakkimizdaa-1024x279.jpg 1024w, https:\/\/www.arsan.com\/wp-content\/uploads\/2022\/12\/hakkimizdaa-768x209.jpg 768w, https:\/\/www.arsan.com\/wp-content\/uploads\/2022\/12\/hakkimizdaa-18x5.jpg 18w\" sizes=\"(max-width: 1100px) 100vw, 1100px\" \/>\t\t\t\t\t\t\t\t\t\t\t\t\t\t\t<\/div>\n\t\t\t\t<\/div>\n\t\t\t\t<div class=\"elementor-element elementor-element-dcb7d84 elementor-widget elementor-widget-text-editor\" data-id=\"dcb7d84\" data-element_type=\"widget\" data-e-type=\"widget\" data-widget_type=\"text-editor.default\">\n\t\t\t\t<div class=\"elementor-widget-container\">\n\t\t\t\t\t\t\t\t\t<p><\/p>\n<p>Arsan, Yap\u0131sal ve Sismik Mesnetler, Genle\u015fme Derzleri, Boru Contalar\u0131 ve T\u00fcnel Segment Contalar\u0131 konusunda sekt\u00f6r\u00fcn\u00fcn lider kurulu\u015fudur.<\/p>\n<p>Arsan, 1957&#8217;den bu yana s\u00fcrekli geli\u015fme odakl\u0131 politikas\u0131 ile b\u00fcy\u00fcmeye, &nbsp;s\u00fcrekli olarak yenilik\u00e7i projeler \u00fczerinde \u00e7al\u0131\u015fmaya devam etmektedir. &nbsp;D\u00fcnya \u00e7ap\u0131nda g\u00fcvenilir yap\u0131sal \u00fcr\u00fcn tedarik\u00e7isi olmay\u0131 hedefleyen Arsan, 60\u2019dan fazla \u00fclkeye ihracat yapmaktad\u0131r ve yapt\u0131\u011f\u0131 ihracat\u0131n b\u00fcy\u00fck \u00e7o\u011funlu\u011funu Bat\u0131 Avrupa \u00fclkeleri olu\u015fturmaktad\u0131r. \u00dcretiminin % 65&#8217;ini ihra\u00e7 etmektedir. &nbsp;<\/p>\n<p><\/p>\t\t\t\t\t\t\t\t<\/div>\n\t\t\t\t<\/div>\n\t\t<div class=\"elementor-element elementor-element-7be942c e-flex e-con-boxed e-con e-parent\" data-id=\"7be942c\" data-element_type=\"container\" data-e-type=\"container\">\n\t\t\t\t\t<div class=\"e-con-inner\">\n\t\t\t\t<div class=\"elementor-element elementor-element-cdabe78 elementor-widget elementor-widget-text-editor\" data-id=\"cdabe78\" data-element_type=\"widget\" data-e-type=\"widget\" data-widget_type=\"text-editor.default\">\n\t\t\t\t<div class=\"elementor-widget-container\">\n\t\t\t\t\t\t\t\t\t<ul>\n<li>ALMANYA<\/li>\n<li>AMER\u0130KA<\/li>\n<li>ARNAVUTLUK<\/li>\n<li>AVUSTRALYA<\/li>\n<li>AZERBAYCAN<\/li>\n<li>BEL\u00c7\u0130KA<\/li>\n<li>BULGAR\u0130STAN<\/li>\n<li>C\u0130BUT\u0130<\/li>\n<li>\u00c7\u0130N<\/li>\n<li>DAN\u0130MARKA<\/li>\n<li><span style=\"text-align: var(--text-align);\">U.A.E<\/span><\/li>\n<li>ESTONYA<\/li>\n<li>F\u0130LD\u0130\u015e\u0130 S.<\/li>\n<li>FRANSA<\/li>\n<li>G\u00dcRC\u0130STAN<\/li>\n<li>HOLLANDA<\/li>\n<li>HONG HONG<\/li>\n<li>IRAK<\/li>\n<li>\u0130NG\u0130LTERE<\/li>\n<li>\u0130RLANDA<\/li>\n<li>\u0130SPANYA<\/li>\n<li>\u0130SRA\u0130L<\/li>\n<li>\u0130SVE\u00c7<\/li>\n<li>\u0130SV\u0130\u00c7RE<\/li>\n<li>\u0130TALYA<\/li>\n<li>KATAR<\/li>\n<li>KOLOMB\u0130YA<\/li>\n<li>KUVEYT<\/li>\n<li>L\u0130TVANYA<\/li>\n<li>MACAR\u0130STAN<\/li>\n<li>MALEZYA<\/li>\n<li>MISIR<\/li>\n<li>MOLDOVA<\/li>\n<li>NORVE\u00c7<\/li>\n<li>\u00d6ZBEK\u0130STAN<\/li>\n<li>PAK\u0130STAN<\/li>\n<li>PERU<\/li>\n<li>POLONYA<\/li>\n<li>PORTEK\u0130Z<\/li>\n<li>ROMANYA<\/li>\n<li>RUSYA<\/li>\n<li>SIRBISTAN<\/li>\n<li>S\u0130NGAPUR<\/li>\n<li>SLOVAKYA<\/li>\n<li>TANZANYA<\/li>\n<li>T\u00dcRK\u0130YE<\/li>\n<li>YUNAN\u0130STAN<\/li>\n<li>MEKS\u0130KA<\/li>\n<li>\u015e\u0130L\u0130<\/li>\n<li>G\u00dcNEY AFR\u0130KA<\/li>\n<\/ul>\t\t\t\t\t\t\t\t<\/div>\n\t\t\t\t<\/div>\n\t\t\t\t\t<\/div>\n\t\t\t\t<\/div>\n\t\t\t\t\t<\/div>\n\t\t<\/div>\n\t\t\t\t\t<\/div>\n\t\t<\/section>\n\t\t\t\t<\/div>\n\t\t","protected":false},"excerpt":{"rendered":"<p>Kurumsal \u00c7al\u0131\u015ft\u0131\u011f\u0131m\u0131z \u00dclkeler Hakk\u0131m\u0131zda Politikalar\u0131m\u0131z Kalite Politikam\u0131z \u0130\u015f G\u00fcvenli\u011fi Politikam\u0131z \u00c7evre Politikam\u0131z Bilgi G\u00fcvenli\u011fi Politikam\u0131z Enerji Y\u00f6netim Sistemi Politikam\u0131z Sosyal Sorumluluk Politikam\u0131z EYS Kapsam\u0131 Sertifikalar\u0131m\u0131z Fabrikam\u0131z \u0130nsan Kaynaklar\u0131 KVKK \u015eirket Sicili Arsan, Yap\u0131sal ve Sismik Mesnetler, Genle\u015fme Derzleri, Boru Contalar\u0131 ve T\u00fcnel Segment Contalar\u0131 konusunda sekt\u00f6r\u00fcn\u00fcn lider kurulu\u015fudur. Arsan, 1957&#8217;den bu yana s\u00fcrekli geli\u015fme odakl\u0131 [&hellip;]<\/p>\n","protected":false},"author":2,"featured_media":3807,"parent":0,"menu_order":0,"comment_status":"closed","ping_status":"closed","template":"","meta":{"footnotes":""},"class_list":["post-3799","page","type-page","status-publish","has-post-thumbnail","hentry"],"aioseo_notices":[],"_links":{"self":[{"href":"https:\/\/www.arsan.com\/tr\/wp-json\/wp\/v2\/pages\/3799","targetHints":{"allow":["GET"]}}],"collection":[{"href":"https:\/\/www.arsan.com\/tr\/wp-json\/wp\/v2\/pages"}],"about":[{"href":"https:\/\/www.arsan.com\/tr\/wp-json\/wp\/v2\/types\/page"}],"author":[{"embeddable":true,"href":"https:\/\/www.arsan.com\/tr\/wp-json\/wp\/v2\/users\/2"}],"replies":[{"embeddable":true,"href":"https:\/\/www.arsan.com\/tr\/wp-json\/wp\/v2\/comments?post=3799"}],"version-history":[{"count":0,"href":"https:\/\/www.arsan.com\/tr\/wp-json\/wp\/v2\/pages\/3799\/revisions"}],"wp:featuredmedia":[{"embeddable":true,"href":"https:\/\/www.arsan.com\/tr\/wp-json\/wp\/v2\/media\/3807"}],"wp:attachment":[{"href":"https:\/\/www.arsan.com\/tr\/wp-json\/wp\/v2\/media?parent=3799"}],"curies":[{"name":"wp","href":"https:\/\/api.w.org\/{rel}","templated":true}]}}