{"id":361,"date":"2020-04-12T16:37:13","date_gmt":"2020-04-12T13:37:13","guid":{"rendered":"https:\/\/www.arsan.com\/about-us-2-copy\/"},"modified":"2023-06-14T10:45:44","modified_gmt":"2023-06-14T07:45:44","slug":"haberler","status":"publish","type":"page","link":"https:\/\/www.arsan.com\/tr\/haberler\/","title":{"rendered":"Haberler"},"content":{"rendered":"\t\t<div data-elementor-type=\"wp-page\" data-elementor-id=\"361\" class=\"elementor elementor-361\" data-elementor-post-type=\"page\">\n\t\t\t\t\t\t<section class=\"elementor-section elementor-top-section elementor-element elementor-element-093531e elementor-section-boxed elementor-section-height-default elementor-section-height-default\" data-id=\"093531e\" data-element_type=\"section\" data-e-type=\"section\" data-settings=\"{&quot;background_background&quot;:&quot;classic&quot;}\">\n\t\t\t\t\t\t<div class=\"elementor-container elementor-column-gap-default\">\n\t\t\t\t\t<div class=\"elementor-column elementor-col-100 elementor-top-column elementor-element elementor-element-391f9cc\" data-id=\"391f9cc\" data-element_type=\"column\" data-e-type=\"column\">\n\t\t\t<div class=\"elementor-widget-wrap elementor-element-populated\">\n\t\t\t\t\t\t<div class=\"elementor-element elementor-element-20beea2 elementor-widget elementor-widget-news-section\" data-id=\"20beea2\" data-element_type=\"widget\" data-e-type=\"widget\" data-widget_type=\"news-section.default\">\n\t\t\t\t<div class=\"elementor-widget-container\">\n\t\t\t\t\t\t\t\t<div class=\"section-full  p-t80  blog-post-outer-3 \">\r\n\t\t\t\t<div class=\"container\">\r\n\t\t\t\t\t\t\t\t\t\t<!-- BLOG SECTION START -->\r\n\t\t\t\t\t<div class=\"section-content\">\r\n\t\t\t\t\t\t<div class=\"row d-flex justify-content-center\">\r\n\t\t\t\t\t\t\t\t\t\t\t\t\t\t\t<div class=\"col-lg-4 col-md-6 col-sm-12 m-b30\">\r\n\t\t\t\t\t\t\t\t\t<!--Block one-->\r\n\t\t\t\t\t\t\t\t\t<div class=\"blog-post date-style-2\">\r\n\t\t\t\t\t\t\t\t\t\t<div class=\"wt-post-media wt-img-effect zoom-slow\">\r\n\t\t\t\t\t\t\t\t\t\t\t<a href=\"https:\/\/www.arsan.com\/tr\/sakarya-valimiz-sn-rahmi-dogan-ve-ferizli-kaymakamimiz-sn-hasan-balcidan-arsan-kaucuk-fabrikasina-ziyaret\/\"><\/a>\r\n\t\t\t\t\t\t\t\t\t\t<\/div>\r\n\t\t\t\t\t\t\t\t\t\t<div class=\"wt-post-info bg-white p-t30\">\r\n\t\t\t\t\t\t\t\t\t\t\t<div class=\"wt-post-meta \">\r\n\t\t\t\t\t\t\t\t\t\t\t\t<ul>\r\n\t\t\t\t\t\t\t\t\t\t\t\t\t<li class=\"post-date\">24 Ekim 2024<\/li>\r\n\t\t\t\t\t\t\t\t\t\t\t\t\t<li class=\"post-comment\">0 Comments<\/li>\r\n\t\t\t\t\t\t\t\t\t\t\t\t<\/ul>\r\n\t\t\t\t\t\t\t\t\t\t\t<\/div>                                 \r\n\t\t\t\t\t\t\t\t\t\t\t<div class=\"wt-post-title \">\r\n\t\t\t\t\t\t\t\t\t\t\t\t<h4 class=\"post-title\"><a href=\"https:\/\/www.arsan.com\/tr\/sakarya-valimiz-sn-rahmi-dogan-ve-ferizli-kaymakamimiz-sn-hasan-balcidan-arsan-kaucuk-fabrikasina-ziyaret\/\">Sakarya Valimiz Sn. Rahmi Do\u011fan ve Ferizli Kaymakam\u0131m\u0131z Sn. Hasan Balc\u0131&#8217;dan Arsan Kau\u00e7uk Fabrikas\u0131na Ziyaret<\/a><\/h4>\r\n\t\t\t\t\t\t\t\t\t\t\t\t<p>Sakarya Valimiz Sn. Rahmi Do\u011fan ve Ferizli Kaymakam\u0131m\u0131z Sn. Hasan Balc\u0131&#8217;dan Arsan Kau\u00e7uk Fabrikas\u0131na ZiyaretArsan olarak yeni atanan Sakarya Valisi Say\u0131n Rahmi Do\u011fan ve Ferizli Kaymakam\u0131 Say\u0131n Hasan Balc\u0131&#8217;y\u0131 Sakarya\/Ferizli\u2019deki \u00fcretim tesislerimizde a\u011f\u0131rlad\u0131k. Ziyaret s\u0131ras\u0131nda Vali Do\u011fan ve Kaymakam Balc\u0131, fabrikam\u0131zda incelemelerde bulundu, \u00fcretim s\u00fcre\u00e7leri ve Arsan \u00fcr\u00fcnleri hakk\u0131nda bilgi ald\u0131lar.Arsan Kau\u00e7uk olarak, kendilerine yap\u0131sal [&hellip;]<\/p>\r\n\t\t\t\t\t\t\t\t\t\t\t<\/div>\r\n\t\t\t\t\t\t\t\t\t\t\t<div class=\"wt-post-readmore \">\r\n\t\t\t\t\t\t\t\t\t\t\t\t<a href=\"https:\/\/www.arsan.com\/tr\/sakarya-valimiz-sn-rahmi-dogan-ve-ferizli-kaymakamimiz-sn-hasan-balcidan-arsan-kaucuk-fabrikasina-ziyaret\/\" class=\"site-button-link black\">Read More<\/a>\r\n\t\t\t\t\t\t\t\t\t\t\t<\/div>                                        \r\n\t\t\t\t\t\t\t\t\t   <\/div>                                \r\n\t\t\t\t\t\t\t\t\t<\/div>\r\n\t\t\t\t\t\t\t\t<\/div>\r\n\t\t\t\t\t\t\t\t\t\t\t\t\t\t\t\t<div class=\"col-lg-4 col-md-6 col-sm-12 m-b30\">\r\n\t\t\t\t\t\t\t\t\t<!--Block one-->\r\n\t\t\t\t\t\t\t\t\t<div class=\"blog-post date-style-2\">\r\n\t\t\t\t\t\t\t\t\t\t<div class=\"wt-post-media wt-img-effect zoom-slow\">\r\n\t\t\t\t\t\t\t\t\t\t\t<a href=\"https:\/\/www.arsan.com\/tr\/meme-kanseri-farkindalik-ayi-etkinligi-erken-teshisin-hayati-onemi\/\"><img fetchpriority=\"high\" decoding=\"async\" width=\"486\" height=\"503\" src=\"https:\/\/www.arsan.com\/wp-content\/uploads\/2024\/10\/Adsiz-tasarim-1-486x503.png\" class=\"attachment-industroz-news-medium size-industroz-news-medium wp-post-image\" alt=\"memekanseri\" \/><\/a>\r\n\t\t\t\t\t\t\t\t\t\t<\/div>\r\n\t\t\t\t\t\t\t\t\t\t<div class=\"wt-post-info bg-white p-t30\">\r\n\t\t\t\t\t\t\t\t\t\t\t<div class=\"wt-post-meta \">\r\n\t\t\t\t\t\t\t\t\t\t\t\t<ul>\r\n\t\t\t\t\t\t\t\t\t\t\t\t\t<li class=\"post-date\">22 Ekim 2024<\/li>\r\n\t\t\t\t\t\t\t\t\t\t\t\t\t<li class=\"post-comment\">0 Comments<\/li>\r\n\t\t\t\t\t\t\t\t\t\t\t\t<\/ul>\r\n\t\t\t\t\t\t\t\t\t\t\t<\/div>                                 \r\n\t\t\t\t\t\t\t\t\t\t\t<div class=\"wt-post-title \">\r\n\t\t\t\t\t\t\t\t\t\t\t\t<h4 class=\"post-title\"><a href=\"https:\/\/www.arsan.com\/tr\/meme-kanseri-farkindalik-ayi-etkinligi-erken-teshisin-hayati-onemi\/\">Meme Kanseri Fark\u0131ndal\u0131k Ay\u0131 Etkinli\u011fi: Erken Te\u015fhisin Hayati \u00d6nemi<\/a><\/h4>\r\n\t\t\t\t\t\t\t\t\t\t\t\t<p>Meme kanseri fark\u0131ndal\u0131k ay\u0131 etkinli\u011fimizde kad\u0131n \u00e7al\u0131\u015fanlar\u0131m\u0131zla bir araya geldik. Etkinli\u011fimize kat\u0131lan Medar Hastanesi Genel Cerrahi b\u00f6l\u00fcm\u00fcnden Sn. Op. Dr. Muzaffer \u00d6ZDENO\u011eLU, \u00e7al\u0131\u015fanlar\u0131m\u0131za bilgilendirme semineri verdi. Bu seminerde meme kanseriyle ilgili fark\u0131ndal\u0131k, erken te\u015fhisin \u00f6nemi ve al\u0131nabilecek \u00f6nlemler detayl\u0131 bir \u015fekilde ele al\u0131nd\u0131. Dr. \u00d6zdeno\u011flu, d\u00fczenli kontrollerin ve taramalar\u0131n meme kanserinde hayat kurtar\u0131c\u0131 olabilece\u011fine vurgu [&hellip;]<\/p>\r\n\t\t\t\t\t\t\t\t\t\t\t<\/div>\r\n\t\t\t\t\t\t\t\t\t\t\t<div class=\"wt-post-readmore \">\r\n\t\t\t\t\t\t\t\t\t\t\t\t<a href=\"https:\/\/www.arsan.com\/tr\/meme-kanseri-farkindalik-ayi-etkinligi-erken-teshisin-hayati-onemi\/\" class=\"site-button-link black\">Read More<\/a>\r\n\t\t\t\t\t\t\t\t\t\t\t<\/div>                                        \r\n\t\t\t\t\t\t\t\t\t   <\/div>                                \r\n\t\t\t\t\t\t\t\t\t<\/div>\r\n\t\t\t\t\t\t\t\t<\/div>\r\n\t\t\t\t\t\t\t\t\t\t\t\t\t\t\t\t<div class=\"col-lg-4 col-md-6 col-sm-12 m-b30\">\r\n\t\t\t\t\t\t\t\t\t<!--Block one-->\r\n\t\t\t\t\t\t\t\t\t<div class=\"blog-post date-style-2\">\r\n\t\t\t\t\t\t\t\t\t\t<div class=\"wt-post-media wt-img-effect zoom-slow\">\r\n\t\t\t\t\t\t\t\t\t\t\t<a href=\"https:\/\/www.arsan.com\/tr\/arsan-olarak-abd-merkezli-su-cevre-federasyonunun-wef-teknik-fuari-ve-konferansi-olan-ve-new-orleans-sehrinde-5-9-ekim-2024-tarihleri-arasinda-duzenlenen-weftec-2024e-katildik\/\"><img decoding=\"async\" width=\"486\" height=\"503\" src=\"https:\/\/www.arsan.com\/wp-content\/uploads\/2024\/10\/Adsiz-tasarim-486x503.png\" class=\"attachment-industroz-news-medium size-industroz-news-medium wp-post-image\" alt=\"weftec\" \/><\/a>\r\n\t\t\t\t\t\t\t\t\t\t<\/div>\r\n\t\t\t\t\t\t\t\t\t\t<div class=\"wt-post-info bg-white p-t30\">\r\n\t\t\t\t\t\t\t\t\t\t\t<div class=\"wt-post-meta \">\r\n\t\t\t\t\t\t\t\t\t\t\t\t<ul>\r\n\t\t\t\t\t\t\t\t\t\t\t\t\t<li class=\"post-date\">22 Ekim 2024<\/li>\r\n\t\t\t\t\t\t\t\t\t\t\t\t\t<li class=\"post-comment\">0 Comments<\/li>\r\n\t\t\t\t\t\t\t\t\t\t\t\t<\/ul>\r\n\t\t\t\t\t\t\t\t\t\t\t<\/div>                                 \r\n\t\t\t\t\t\t\t\t\t\t\t<div class=\"wt-post-title \">\r\n\t\t\t\t\t\t\t\t\t\t\t\t<h4 class=\"post-title\"><a href=\"https:\/\/www.arsan.com\/tr\/arsan-olarak-abd-merkezli-su-cevre-federasyonunun-wef-teknik-fuari-ve-konferansi-olan-ve-new-orleans-sehrinde-5-9-ekim-2024-tarihleri-arasinda-duzenlenen-weftec-2024e-katildik\/\">ARSAN olarak ABD merkezli Su \u00c7evre Federasyonu&#8217;nun (WEF) Teknik Fuar\u0131 ve Konferans\u0131 olan ve New Orleans \u015fehrinde 5-9 Ekim 2024 tarihleri aras\u0131nda d\u00fczenlenen WEFTEC 2024&#8217;e kat\u0131ld\u0131k.<\/a><\/h4>\r\n\t\t\t\t\t\t\t\t\t\t\t\t<p>ARSAN olarak ABD merkezli Su \u00c7evre Federasyonu&#8217;nun (WEF) Teknik Fuar\u0131 ve Konferans\u0131 olan\u00a0ve New Orleans \u015fehrinde 5-9 Ekim 2024 tarihleri aras\u0131nda d\u00fczenlenen WEFTEC 2024&#8217;e kat\u0131ld\u0131k. Fuar ve konferans, su ve at\u0131k su y\u00f6netimine\u00a0odaklanan en yenilik\u00e7i \u00e7\u00f6z\u00fcmlerimizi payla\u015fmak i\u00e7in e\u015fsiz bir f\u0131rsat sundu. D\u00fcnyam\u0131z i\u00e7in hayati \u00f6neme sahip \u00e7evre ve su y\u00f6netimi konular\u0131n\u0131n bir par\u00e7as\u0131 olmaktan [&hellip;]<\/p>\r\n\t\t\t\t\t\t\t\t\t\t\t<\/div>\r\n\t\t\t\t\t\t\t\t\t\t\t<div class=\"wt-post-readmore \">\r\n\t\t\t\t\t\t\t\t\t\t\t\t<a href=\"https:\/\/www.arsan.com\/tr\/arsan-olarak-abd-merkezli-su-cevre-federasyonunun-wef-teknik-fuari-ve-konferansi-olan-ve-new-orleans-sehrinde-5-9-ekim-2024-tarihleri-arasinda-duzenlenen-weftec-2024e-katildik\/\" class=\"site-button-link black\">Read More<\/a>\r\n\t\t\t\t\t\t\t\t\t\t\t<\/div>                                        \r\n\t\t\t\t\t\t\t\t\t   <\/div>                                \r\n\t\t\t\t\t\t\t\t\t<\/div>\r\n\t\t\t\t\t\t\t\t<\/div>\r\n\t\t\t\t\t\t\t\t\t\t\t\t\t\t\t\t<div class=\"col-lg-4 col-md-6 col-sm-12 m-b30\">\r\n\t\t\t\t\t\t\t\t\t<!--Block one-->\r\n\t\t\t\t\t\t\t\t\t<div class=\"blog-post date-style-2\">\r\n\t\t\t\t\t\t\t\t\t\t<div class=\"wt-post-media wt-img-effect zoom-slow\">\r\n\t\t\t\t\t\t\t\t\t\t\t<a href=\"https:\/\/www.arsan.com\/tr\/siyasetcileri-agirladi\/\"><img decoding=\"async\" width=\"486\" height=\"503\" src=\"https:\/\/www.arsan.com\/wp-content\/uploads\/2024\/03\/1-min_4_11zon-486x503.jpg\" class=\"attachment-industroz-news-medium size-industroz-news-medium wp-post-image\" alt=\"\" \/><\/a>\r\n\t\t\t\t\t\t\t\t\t\t<\/div>\r\n\t\t\t\t\t\t\t\t\t\t<div class=\"wt-post-info bg-white p-t30\">\r\n\t\t\t\t\t\t\t\t\t\t\t<div class=\"wt-post-meta \">\r\n\t\t\t\t\t\t\t\t\t\t\t\t<ul>\r\n\t\t\t\t\t\t\t\t\t\t\t\t\t<li class=\"post-date\">11 Mart 2024<\/li>\r\n\t\t\t\t\t\t\t\t\t\t\t\t\t<li class=\"post-comment\">0 Comments<\/li>\r\n\t\t\t\t\t\t\t\t\t\t\t\t<\/ul>\r\n\t\t\t\t\t\t\t\t\t\t\t<\/div>                                 \r\n\t\t\t\t\t\t\t\t\t\t\t<div class=\"wt-post-title \">\r\n\t\t\t\t\t\t\t\t\t\t\t\t<h4 class=\"post-title\"><a href=\"https:\/\/www.arsan.com\/tr\/siyasetcileri-agirladi\/\">Sekt\u00f6r\u00fcn\u00fcn lideri Arsan, \u00e7ok k\u0131ymetli siyaset\u00e7ileri a\u011f\u0131rlad\u0131<\/a><\/h4>\r\n\t\t\t\t\t\t\t\t\t\t\t\t<p>Previous slide Next slide T\u00fcrkiye&#8217;nin kau\u00e7uk sekt\u00f6r\u00fcndeki lideri Arsan, Ferizli fabrikas\u0131nda Ak Parti Milletvekili Say\u0131n Murat Kaya ve Ferizli Belediye Ba\u015fkan\u0131 Say\u0131n \u0130smail G\u00fcndo\u011fdu\u2019yu, profesyonel ve y\u00fcksek teknolojili \u00fcretim s\u00fcre\u00e7lerini tan\u0131tmak, d\u00fcnya pazar\u0131nda Arsan markas\u0131n\u0131n ne denli de\u011ferli oldu\u011funu \u00fcretti\u011fi \u00fcr\u00fcnlerle g\u00f6stermek amac\u0131yla gurur ve memnuniyetle a\u011f\u0131rlad\u0131. Arsan, 1957&#8217;den bu yana s\u00fcregelen yenilik\u00e7i bak\u0131\u015f a\u00e7\u0131s\u0131yla, [&hellip;]<\/p>\r\n\t\t\t\t\t\t\t\t\t\t\t<\/div>\r\n\t\t\t\t\t\t\t\t\t\t\t<div class=\"wt-post-readmore \">\r\n\t\t\t\t\t\t\t\t\t\t\t\t<a href=\"https:\/\/www.arsan.com\/tr\/siyasetcileri-agirladi\/\" class=\"site-button-link black\">Read More<\/a>\r\n\t\t\t\t\t\t\t\t\t\t\t<\/div>                                        \r\n\t\t\t\t\t\t\t\t\t   <\/div>                                \r\n\t\t\t\t\t\t\t\t\t<\/div>\r\n\t\t\t\t\t\t\t\t<\/div>\r\n\t\t\t\t\t\t\t\t\t\t\t\t\t\t\t\t<div class=\"col-lg-4 col-md-6 col-sm-12 m-b30\">\r\n\t\t\t\t\t\t\t\t\t<!--Block one-->\r\n\t\t\t\t\t\t\t\t\t<div class=\"blog-post date-style-2\">\r\n\t\t\t\t\t\t\t\t\t\t<div class=\"wt-post-media wt-img-effect zoom-slow\">\r\n\t\t\t\t\t\t\t\t\t\t\t<a href=\"https:\/\/www.arsan.com\/tr\/arsan-canias-erp-ile-canliya-gecis-yapti\/\"><img loading=\"lazy\" decoding=\"async\" width=\"486\" height=\"503\" src=\"https:\/\/www.arsan.com\/wp-content\/uploads\/2024\/01\/son-486x503.jpg\" class=\"attachment-industroz-news-medium size-industroz-news-medium wp-post-image\" alt=\"\" \/><\/a>\r\n\t\t\t\t\t\t\t\t\t\t<\/div>\r\n\t\t\t\t\t\t\t\t\t\t<div class=\"wt-post-info bg-white p-t30\">\r\n\t\t\t\t\t\t\t\t\t\t\t<div class=\"wt-post-meta \">\r\n\t\t\t\t\t\t\t\t\t\t\t\t<ul>\r\n\t\t\t\t\t\t\t\t\t\t\t\t\t<li class=\"post-date\">15 Ocak 2024<\/li>\r\n\t\t\t\t\t\t\t\t\t\t\t\t\t<li class=\"post-comment\">0 Comments<\/li>\r\n\t\t\t\t\t\t\t\t\t\t\t\t<\/ul>\r\n\t\t\t\t\t\t\t\t\t\t\t<\/div>                                 \r\n\t\t\t\t\t\t\t\t\t\t\t<div class=\"wt-post-title \">\r\n\t\t\t\t\t\t\t\t\t\t\t\t<h4 class=\"post-title\"><a href=\"https:\/\/www.arsan.com\/tr\/arsan-canias-erp-ile-canliya-gecis-yapti\/\">Arsan, Canias ERP \u0130le Canl\u0131ya Ge\u00e7i\u015f Yapt\u0131!<\/a><\/h4>\r\n\t\t\t\t\t\t\t\t\t\t\t\t<p>Heyecan verici bir geli\u015fme ile kar\u015f\u0131n\u0131zday\u0131z! Arsan, Canias ERP ile canl\u0131ya ge\u00e7i\u015f s\u00fcrecini tamamlayarak, i\u015f s\u00fcre\u00e7lerimizde yeni bir d\u00f6neme ba\u015flam\u0131\u015f bulunuyoruz. Canias ERP \u0130le Yenilik\u00e7i \u00c7\u00f6z\u00fcmler Canias ERP&#8217;ye ba\u015far\u0131l\u0131 bir \u015fekilde ge\u00e7i\u015f yapm\u0131\u015f olman\u0131n gururunu ya\u015f\u0131yoruz. Bu d\u00f6n\u00fc\u015f\u00fcm, i\u015f s\u00fcre\u00e7lerimizde daha etkin, h\u0131zl\u0131 ve \u015feffaf bir yap\u0131 olu\u015fturmay\u0131 hedefliyor. Canias ERP&#8217;nin sundu\u011fu yenilik\u00e7i \u00e7\u00f6z\u00fcmlerle, operasyonel [&hellip;]<\/p>\r\n\t\t\t\t\t\t\t\t\t\t\t<\/div>\r\n\t\t\t\t\t\t\t\t\t\t\t<div class=\"wt-post-readmore \">\r\n\t\t\t\t\t\t\t\t\t\t\t\t<a href=\"https:\/\/www.arsan.com\/tr\/arsan-canias-erp-ile-canliya-gecis-yapti\/\" class=\"site-button-link black\">Read More<\/a>\r\n\t\t\t\t\t\t\t\t\t\t\t<\/div>                                        \r\n\t\t\t\t\t\t\t\t\t   <\/div>                                \r\n\t\t\t\t\t\t\t\t\t<\/div>\r\n\t\t\t\t\t\t\t\t<\/div>\r\n\t\t\t\t\t\t\t\t\t\t\t\t\t\t\t\t<div class=\"col-lg-4 col-md-6 col-sm-12 m-b30\">\r\n\t\t\t\t\t\t\t\t\t<!--Block one-->\r\n\t\t\t\t\t\t\t\t\t<div class=\"blog-post date-style-2\">\r\n\t\t\t\t\t\t\t\t\t\t<div class=\"wt-post-media wt-img-effect zoom-slow\">\r\n\t\t\t\t\t\t\t\t\t\t\t<a href=\"https:\/\/www.arsan.com\/tr\/arsan-cumhuriyetimiz-100-yasini-kutladi\/\"><img loading=\"lazy\" decoding=\"async\" width=\"486\" height=\"503\" src=\"https:\/\/www.arsan.com\/wp-content\/uploads\/2023\/10\/0F1A2585-min-486x503.jpg\" class=\"attachment-industroz-news-medium size-industroz-news-medium wp-post-image\" alt=\"\" \/><\/a>\r\n\t\t\t\t\t\t\t\t\t\t<\/div>\r\n\t\t\t\t\t\t\t\t\t\t<div class=\"wt-post-info bg-white p-t30\">\r\n\t\t\t\t\t\t\t\t\t\t\t<div class=\"wt-post-meta \">\r\n\t\t\t\t\t\t\t\t\t\t\t\t<ul>\r\n\t\t\t\t\t\t\t\t\t\t\t\t\t<li class=\"post-date\">31 Ekim 2023<\/li>\r\n\t\t\t\t\t\t\t\t\t\t\t\t\t<li class=\"post-comment\">0 Comments<\/li>\r\n\t\t\t\t\t\t\t\t\t\t\t\t<\/ul>\r\n\t\t\t\t\t\t\t\t\t\t\t<\/div>                                 \r\n\t\t\t\t\t\t\t\t\t\t\t<div class=\"wt-post-title \">\r\n\t\t\t\t\t\t\t\t\t\t\t\t<h4 class=\"post-title\"><a href=\"https:\/\/www.arsan.com\/tr\/arsan-cumhuriyetimiz-100-yasini-kutladi\/\">Arsan Cumhuriyetimiz 100. Ya\u015f\u0131n\u0131 Kutlad\u0131.<\/a><\/h4>\r\n\t\t\t\t\t\t\t\t\t\t\t\t<p>T\u00fcrkiye Cumhuriyeti\u2019nin 100. y\u0131l\u0131na gurur ve co\u015fkuyla selam veriyoruz! Arsan ailesi olarak \u0130stanbul ve Sakarya\u2019daki lokasyonlar\u0131m\u0131zda, bu b\u00fcy\u00fck milletin kurucusu Gazi Mustafa Kemal Atat\u00fcrk ve onun \u00f6nderli\u011findeki aziz \u015fehitlerimizin miras\u0131 olan Cumhuriyet\u2019imizin y\u00fcz\u00fcnc\u00fc y\u0131l\u0131n\u0131 b\u00fcy\u00fck bir gurur ve heyecanla kutlad\u0131k. &nbsp;Bug\u00fcn, Cumhuriyetimizin 100. y\u0131l\u0131na ula\u015fman\u0131n gururunu ya\u015farken, ge\u00e7mi\u015ften ald\u0131\u011f\u0131m\u0131z g\u00fc\u00e7le, gelece\u011fe daha da g\u00fc\u00e7lenerek ilerliyoruz. [&hellip;]<\/p>\r\n\t\t\t\t\t\t\t\t\t\t\t<\/div>\r\n\t\t\t\t\t\t\t\t\t\t\t<div class=\"wt-post-readmore \">\r\n\t\t\t\t\t\t\t\t\t\t\t\t<a href=\"https:\/\/www.arsan.com\/tr\/arsan-cumhuriyetimiz-100-yasini-kutladi\/\" class=\"site-button-link black\">Read More<\/a>\r\n\t\t\t\t\t\t\t\t\t\t\t<\/div>                                        \r\n\t\t\t\t\t\t\t\t\t   <\/div>                                \r\n\t\t\t\t\t\t\t\t\t<\/div>\r\n\t\t\t\t\t\t\t\t<\/div>\r\n\t\t\t\t\t\t\t\t\t\t\t\t\t\t\t\t<div class=\"col-lg-4 col-md-6 col-sm-12 m-b30\">\r\n\t\t\t\t\t\t\t\t\t<!--Block one-->\r\n\t\t\t\t\t\t\t\t\t<div class=\"blog-post date-style-2\">\r\n\t\t\t\t\t\t\t\t\t\t<div class=\"wt-post-media wt-img-effect zoom-slow\">\r\n\t\t\t\t\t\t\t\t\t\t\t<a href=\"https:\/\/www.arsan.com\/tr\/vali-ve-kaymakam-ziyareti\/\"><img loading=\"lazy\" decoding=\"async\" width=\"486\" height=\"503\" src=\"https:\/\/www.arsan.com\/wp-content\/uploads\/2023\/10\/1-486x503.jpg\" class=\"attachment-industroz-news-medium size-industroz-news-medium wp-post-image\" alt=\"\" \/><\/a>\r\n\t\t\t\t\t\t\t\t\t\t<\/div>\r\n\t\t\t\t\t\t\t\t\t\t<div class=\"wt-post-info bg-white p-t30\">\r\n\t\t\t\t\t\t\t\t\t\t\t<div class=\"wt-post-meta \">\r\n\t\t\t\t\t\t\t\t\t\t\t\t<ul>\r\n\t\t\t\t\t\t\t\t\t\t\t\t\t<li class=\"post-date\">6 Ekim 2023<\/li>\r\n\t\t\t\t\t\t\t\t\t\t\t\t\t<li class=\"post-comment\">0 Comments<\/li>\r\n\t\t\t\t\t\t\t\t\t\t\t\t<\/ul>\r\n\t\t\t\t\t\t\t\t\t\t\t<\/div>                                 \r\n\t\t\t\t\t\t\t\t\t\t\t<div class=\"wt-post-title \">\r\n\t\t\t\t\t\t\t\t\t\t\t\t<h4 class=\"post-title\"><a href=\"https:\/\/www.arsan.com\/tr\/vali-ve-kaymakam-ziyareti\/\">Arsan Sakarya Valisi Say\u0131n Ya\u015far Karadeniz ve Ferizli Kaymakam\u0131n\u0131 Hasan Balc\u0131&#8217;y\u0131 A\u011f\u0131rlayarak \u0130novasyon ve End\u00fcstri Liderli\u011fini Tan\u0131tt\u0131<\/a><\/h4>\r\n\t\t\t\t\t\t\t\t\t\t\t\t<p>Arsan Kau\u00e7uk, Sakarya Valisi Say\u0131n Ya\u015far Karadeniz ve Ferizli Kaymakam\u0131 Hasan Balc\u0131&#8217;y\u0131 A\u011f\u0131rlayarak \u0130novasyon ve End\u00fcstri Liderli\u011fini Tan\u0131tt\u0131Sakarya&#8217;n\u0131n \u00f6nde gelen kau\u00e7uk \u00fcr\u00fcnleri \u00fcreticisi Arsan Kau\u00e7uk, Sakarya Valisi Say\u0131n Ya\u015far Karadeniz ve Ferizli Kaymakam\u0131 Hasan Balc\u0131&#8217;y\u0131 Ferizli&#8217;deki tesislerinde a\u011f\u0131rlad\u0131. Bu \u00f6zel ziyaret s\u0131ras\u0131nda, Vali Karadeniz ve Kaymakam Balc\u0131, Arsan Kau\u00e7uk&#8217;un yap\u0131sal ve sismik mesnetler, genle\u015fme derzleri, [&hellip;]<\/p>\r\n\t\t\t\t\t\t\t\t\t\t\t<\/div>\r\n\t\t\t\t\t\t\t\t\t\t\t<div class=\"wt-post-readmore \">\r\n\t\t\t\t\t\t\t\t\t\t\t\t<a href=\"https:\/\/www.arsan.com\/tr\/vali-ve-kaymakam-ziyareti\/\" class=\"site-button-link black\">Read More<\/a>\r\n\t\t\t\t\t\t\t\t\t\t\t<\/div>                                        \r\n\t\t\t\t\t\t\t\t\t   <\/div>                                \r\n\t\t\t\t\t\t\t\t\t<\/div>\r\n\t\t\t\t\t\t\t\t<\/div>\r\n\t\t\t\t\t\t\t\t\t\t\t\t\t\t\t\t<div class=\"col-lg-4 col-md-6 col-sm-12 m-b30\">\r\n\t\t\t\t\t\t\t\t\t<!--Block one-->\r\n\t\t\t\t\t\t\t\t\t<div class=\"blog-post date-style-2\">\r\n\t\t\t\t\t\t\t\t\t\t<div class=\"wt-post-media wt-img-effect zoom-slow\">\r\n\t\t\t\t\t\t\t\t\t\t\t<a href=\"https:\/\/www.arsan.com\/tr\/arsan-is-sureclerini-canias4-0-ile-yonetecek\/\"><img loading=\"lazy\" decoding=\"async\" width=\"200\" height=\"200\" src=\"https:\/\/www.arsan.com\/wp-content\/uploads\/2023\/02\/1611429229174.jpg\" class=\"attachment-industroz-news-medium size-industroz-news-medium wp-post-image\" alt=\"\" srcset=\"https:\/\/www.arsan.com\/wp-content\/uploads\/2023\/02\/1611429229174.jpg 200w, https:\/\/www.arsan.com\/wp-content\/uploads\/2023\/02\/1611429229174-150x150.jpg 150w, https:\/\/www.arsan.com\/wp-content\/uploads\/2023\/02\/1611429229174-12x12.jpg 12w\" sizes=\"(max-width: 200px) 100vw, 200px\" \/><\/a>\r\n\t\t\t\t\t\t\t\t\t\t<\/div>\r\n\t\t\t\t\t\t\t\t\t\t<div class=\"wt-post-info bg-white p-t30\">\r\n\t\t\t\t\t\t\t\t\t\t\t<div class=\"wt-post-meta \">\r\n\t\t\t\t\t\t\t\t\t\t\t\t<ul>\r\n\t\t\t\t\t\t\t\t\t\t\t\t\t<li class=\"post-date\">3 \u015eubat 2023<\/li>\r\n\t\t\t\t\t\t\t\t\t\t\t\t\t<li class=\"post-comment\">0 Comments<\/li>\r\n\t\t\t\t\t\t\t\t\t\t\t\t<\/ul>\r\n\t\t\t\t\t\t\t\t\t\t\t<\/div>                                 \r\n\t\t\t\t\t\t\t\t\t\t\t<div class=\"wt-post-title \">\r\n\t\t\t\t\t\t\t\t\t\t\t\t<h4 class=\"post-title\"><a href=\"https:\/\/www.arsan.com\/tr\/arsan-is-sureclerini-canias4-0-ile-yonetecek\/\">Arsan \u0130\u015f S\u00fcre\u00e7lerini canias4.0 ile Y\u00f6netecek!<\/a><\/h4>\r\n\t\t\t\t\t\t\t\t\t\t\t\t<p>Previous Next Yap\u0131sal ve sismik mesnetler, genle\u015fme derzleri, boru contalar\u0131 ve t\u00fcnel segment contalar\u0131 \u00fcretimimizle sekt\u00f6re y\u00f6n veren firmam\u0131z\u0131n, Dijital d\u00f6n\u00fc\u015f\u00fcm yolcu\u011funa canias4.0 ile devam etme karar\u0131 verdik. \u00dcretimimizin y\u00fczde 65\u2019ini ihra\u00e7 edilen 1957\u2019den bu yana s\u00fcrekli geli\u015fme odakl\u0131 politikas\u0131 ile b\u00fcy\u00fcmeyi hedefliyoruz. S\u00fcrekli olarak yenilik\u00e7i projeler \u00fczerine \u00e7al\u0131\u015fan ekibimiz art\u0131k bu s\u00fcreci canias4.0 Teknolojileri [&hellip;]<\/p>\r\n\t\t\t\t\t\t\t\t\t\t\t<\/div>\r\n\t\t\t\t\t\t\t\t\t\t\t<div class=\"wt-post-readmore \">\r\n\t\t\t\t\t\t\t\t\t\t\t\t<a href=\"https:\/\/www.arsan.com\/tr\/arsan-is-sureclerini-canias4-0-ile-yonetecek\/\" class=\"site-button-link black\">Read More<\/a>\r\n\t\t\t\t\t\t\t\t\t\t\t<\/div>                                        \r\n\t\t\t\t\t\t\t\t\t   <\/div>                                \r\n\t\t\t\t\t\t\t\t\t<\/div>\r\n\t\t\t\t\t\t\t\t<\/div>\r\n\t\t\t\t\t\t\t\t\t\t\t\t\t\t\t\t<div class=\"col-lg-4 col-md-6 col-sm-12 m-b30\">\r\n\t\t\t\t\t\t\t\t\t<!--Block one-->\r\n\t\t\t\t\t\t\t\t\t<div class=\"blog-post date-style-2\">\r\n\t\t\t\t\t\t\t\t\t\t<div class=\"wt-post-media wt-img-effect zoom-slow\">\r\n\t\t\t\t\t\t\t\t\t\t\t<a href=\"https:\/\/www.arsan.com\/tr\/13-opc-gunleri-etkinliginde-sunum-gerceklestirmistir\/\"><img loading=\"lazy\" decoding=\"async\" width=\"486\" height=\"503\" src=\"https:\/\/www.arsan.com\/wp-content\/uploads\/2022\/11\/kapak-486x503.jpg\" class=\"attachment-industroz-news-medium size-industroz-news-medium wp-post-image\" alt=\"\" \/><\/a>\r\n\t\t\t\t\t\t\t\t\t\t<\/div>\r\n\t\t\t\t\t\t\t\t\t\t<div class=\"wt-post-info bg-white p-t30\">\r\n\t\t\t\t\t\t\t\t\t\t\t<div class=\"wt-post-meta \">\r\n\t\t\t\t\t\t\t\t\t\t\t\t<ul>\r\n\t\t\t\t\t\t\t\t\t\t\t\t\t<li class=\"post-date\">16 Kas\u0131m 2022<\/li>\r\n\t\t\t\t\t\t\t\t\t\t\t\t\t<li class=\"post-comment\">0 Comments<\/li>\r\n\t\t\t\t\t\t\t\t\t\t\t\t<\/ul>\r\n\t\t\t\t\t\t\t\t\t\t\t<\/div>                                 \r\n\t\t\t\t\t\t\t\t\t\t\t<div class=\"wt-post-title \">\r\n\t\t\t\t\t\t\t\t\t\t\t\t<h4 class=\"post-title\"><a href=\"https:\/\/www.arsan.com\/tr\/13-opc-gunleri-etkinliginde-sunum-gerceklestirmistir\/\">13. OPC g\u00fcnleri etkinli\u011finde Sunum Ger\u00e7ekle\u015ftirmi\u015ftir.<\/a><\/h4>\r\n\t\t\t\t\t\t\t\t\t\t\t\t<p>Previous Next &nbsp; Asp Otomasyon taraf\u0131ndan d\u00fczenlenen 13. OPC g\u00fcnleri etkinli\u011finde Elektrik Bak\u0131m \u015eefimiz M. Bahtiyar \u015eAH\u0130N \u2018KEPServerEX-OPC Router Uygulamalar\u0131\u2019 konulu dijital d\u00f6n\u00fc\u015f\u00fcm ve End\u00fcstri 4.0 \u00e7al\u0131\u015fmalar\u0131m\u0131zla ilgili sunum ger\u00e7ekle\u015ftirmi\u015ftir. Arsan Kau\u00e7uk olarak dijital d\u00f6n\u00fc\u015f\u00fcmde de heyecanla \u00e7al\u0131\u015fmaya devam ediyoruz.https:\/\/youtu.be\/CD0ksWJxPxc<\/p>\r\n\t\t\t\t\t\t\t\t\t\t\t<\/div>\r\n\t\t\t\t\t\t\t\t\t\t\t<div class=\"wt-post-readmore \">\r\n\t\t\t\t\t\t\t\t\t\t\t\t<a href=\"https:\/\/www.arsan.com\/tr\/13-opc-gunleri-etkinliginde-sunum-gerceklestirmistir\/\" class=\"site-button-link black\">Read More<\/a>\r\n\t\t\t\t\t\t\t\t\t\t\t<\/div>                                        \r\n\t\t\t\t\t\t\t\t\t   <\/div>                                \r\n\t\t\t\t\t\t\t\t\t<\/div>\r\n\t\t\t\t\t\t\t\t<\/div>\r\n\t\t\t\t\t\t\t\t\t\t\t\t\t\t<\/div>\r\n\t\t\t\t\t\t<nav class=\"pagination-section\"><div class=\"industroz-pagination\"><span aria-current=\"page\" class=\"page-numbers current\">1<\/span>\n<a class=\"page-numbers\" href=\"https:\/\/www.arsan.com\/tr\/wp-json\/wp\/v2\/pages\/361\/page\/2\/\">2<\/a>\n<span class=\"page-numbers dots\">&hellip;<\/span>\n<a class=\"page-numbers\" href=\"https:\/\/www.arsan.com\/tr\/wp-json\/wp\/v2\/pages\/361\/page\/5\/\">5<\/a>\n<a class=\"next page-numbers\" href=\"https:\/\/www.arsan.com\/tr\/wp-json\/wp\/v2\/pages\/361\/page\/2\/\"><i class=\"fa fa-angle-double-right\"><\/i><\/a><\/div><\/nav>\t\t\t\t\t<\/div>\r\n\t\t\t\t<\/div>\r\n\t\t\t<\/div>\r\n\t\t\t\t\t\t\t<\/div>\n\t\t\t\t<\/div>\n\t\t\t\t\t<\/div>\n\t\t<\/div>\n\t\t\t\t\t<\/div>\n\t\t<\/section>\n\t\t\t\t<\/div>\n\t\t","protected":false},"excerpt":{"rendered":"<p>14 Eyl\u00fcl 2022 0 Comments WRAS Sertifikam\u0131za Bir Yenisini Daha \u0130lave Ettik &nbsp; \u201cArsan\u201d, insan sa\u011fl\u0131\u011f\u0131 ve \u00e7evre duyarl\u0131l\u0131\u011f\u0131 do\u011frultusunda \u00e7al\u0131\u015fmalar\u0131na aral\u0131ks\u0131z devam ediyor\u2026 Merkezi \u0130sko\u00e7ya\u2019da bulunan, d\u00fcnya \u00e7ap\u0131nda sayg\u0131n bir kurulu\u015f olan WRAS\u2019dan;\u00a0firmam\u0131z taraf\u0131ndan geli\u015ftirilen\u00a0i\u00e7me suyu contas\u0131 gereksinimlerine\u00a0uygun EPDM \u00a070\u00b15 \u00a0shore A sertli\u011finde, maksimum 65\u02daC s\u0131cakl\u0131kta \u00e7al\u0131\u015fabilen kar\u0131\u015f\u0131m\u0131m\u0131z i\u00e7in yeni sertifika onay\u0131m\u0131z\u0131 ald\u0131k. Bu [&hellip;]<\/p>\n","protected":false},"author":2,"featured_media":0,"parent":0,"menu_order":0,"comment_status":"closed","ping_status":"closed","template":"","meta":{"footnotes":""},"class_list":["post-361","page","type-page","status-publish","hentry"],"aioseo_notices":[],"_links":{"self":[{"href":"https:\/\/www.arsan.com\/tr\/wp-json\/wp\/v2\/pages\/361","targetHints":{"allow":["GET"]}}],"collection":[{"href":"https:\/\/www.arsan.com\/tr\/wp-json\/wp\/v2\/pages"}],"about":[{"href":"https:\/\/www.arsan.com\/tr\/wp-json\/wp\/v2\/types\/page"}],"author":[{"embeddable":true,"href":"https:\/\/www.arsan.com\/tr\/wp-json\/wp\/v2\/users\/2"}],"replies":[{"embeddable":true,"href":"https:\/\/www.arsan.com\/tr\/wp-json\/wp\/v2\/comments?post=361"}],"version-history":[{"count":0,"href":"https:\/\/www.arsan.com\/tr\/wp-json\/wp\/v2\/pages\/361\/revisions"}],"wp:attachment":[{"href":"https:\/\/www.arsan.com\/tr\/wp-json\/wp\/v2\/media?parent=361"}],"curies":[{"name":"wp","href":"https:\/\/api.w.org\/{rel}","templated":true}]}}