{"id":1987,"date":"2020-10-18T23:50:47","date_gmt":"2020-10-18T20:50:47","guid":{"rendered":"https:\/\/www.arsan.com\/?page_id=1987"},"modified":"2022-12-27T09:12:31","modified_gmt":"2022-12-27T06:12:31","slug":"p-profiller","status":"publish","type":"page","link":"https:\/\/www.arsan.com\/tr\/urunlerimiz\/diger-urunler\/p-profiller\/","title":{"rendered":"P Profiller"},"content":{"rendered":"\t\t<div data-elementor-type=\"wp-page\" data-elementor-id=\"1987\" class=\"elementor elementor-1987\" data-elementor-post-type=\"page\">\n\t\t\t\t\t\t<section class=\"elementor-section elementor-top-section elementor-element elementor-element-55c2e75 elementor-section-boxed elementor-section-height-default elementor-section-height-default\" data-id=\"55c2e75\" data-element_type=\"section\" data-e-type=\"section\" data-settings=\"{&quot;background_background&quot;:&quot;classic&quot;}\">\n\t\t\t\t\t\t<div class=\"elementor-container elementor-column-gap-default\">\n\t\t\t\t\t<div class=\"elementor-column elementor-col-33 elementor-top-column elementor-element elementor-element-26114fe5\" data-id=\"26114fe5\" data-element_type=\"column\" data-e-type=\"column\" data-settings=\"{&quot;background_background&quot;:&quot;gradient&quot;}\">\n\t\t\t<div class=\"elementor-widget-wrap elementor-element-populated\">\n\t\t\t\t\t\t<div class=\"elementor-element elementor-element-30c43335 elementor-widget elementor-widget-text-editor\" data-id=\"30c43335\" data-element_type=\"widget\" data-e-type=\"widget\" data-widget_type=\"text-editor.default\">\n\t\t\t\t<div class=\"elementor-widget-container\">\n\t\t\t\t\t\t\t\t\t<p><span style=\"color: #ffffff;\">Di\u011fer \u00dcr\u00fcnler<\/span><\/p>\t\t\t\t\t\t\t\t<\/div>\n\t\t\t\t<\/div>\n\t\t\t\t<div class=\"elementor-element elementor-element-30978979 elementor-widget elementor-widget-text-editor\" data-id=\"30978979\" data-element_type=\"widget\" data-e-type=\"widget\" data-widget_type=\"text-editor.default\">\n\t\t\t\t<div class=\"elementor-widget-container\">\n\t\t\t\t\t\t\t\t\t<ul><li><span style=\"text-decoration: underline;\"><span style=\"color: #ffffff; text-decoration: underline;\">Kau\u00e7uk Profiller<\/span><\/span><ul><li><a href=\"https:\/\/www.arsan.com\/urunlerimiz\/diger-urunler\/d-profiller\/\">D Profiller<\/a><\/li><li><a href=\"https:\/\/www.arsan.com\/urunlerimiz\/diger-urunler\/dorse-kapi-profiller\/\">Dorse Kap\u0131 Profilleri<\/a><\/li><li><a href=\"https:\/\/www.arsan.com\/urunlerimiz\/diger-urunler\/dilatasyon-profilleri\/\">Dilatasyon Profilleri<\/a><\/li><li><a href=\"https:\/\/www.arsan.com\/urunlerimiz\/diger-urunler\/kanal-kapak-contalari\/\">Kanal Kapak Contalar\u0131<\/a><\/li><li><a href=\"https:\/\/www.arsan.com\/urunlerimiz\/diger-urunler\/kelepce-lastikleri\/\">Kelep\u00e7e Lastikleri<\/a><\/li><li><a href=\"https:\/\/www.arsan.com\/urunlerimiz\/diger-urunler\/kapi-garaj-profilleri\/\">Kap\u0131 Garaj Profilleri<\/a><\/li><li><a href=\"https:\/\/www.arsan.com\/urunlerimiz\/diger-urunler\/kablo-koruma-profilleri\/\">Kablo Koruma Profilleri<\/a><\/li><li><a href=\"https:\/\/www.arsan.com\/urunlerimiz\/diger-urunler\/bant-profiller\/\">Bant Profiller<\/a><\/li><li><a href=\"https:\/\/www.arsan.com\/urunlerimiz\/diger-urunler\/p-profiller\/\">P Profiller<\/a><\/li><li><a href=\"https:\/\/www.arsan.com\/urunlerimiz\/diger-urunler\/l-profiller\/\">L Profiller<\/a><\/li><li><a href=\"https:\/\/www.arsan.com\/urunlerimiz\/diger-urunler\/u-profiller\/\">U Profiller<\/a><\/li><li><a href=\"https:\/\/www.arsan.com\/urunlerimiz\/diger-urunler\/cesitli-profiller\/\">\u00c7e\u015fitli Profiller<\/a><\/li><\/ul><\/li><li><span style=\"text-decoration: underline;\"><span style=\"color: #ffffff; text-decoration: underline;\">Duvar K\u00f6\u015fe Koruma<\/span><\/span><ul><li><a href=\"https:\/\/www.arsan.com\/urunlerimiz\/diger-urunler\/reflektif-kose-koruma\/\">Reflektif K\u00f6\u015fe Koruma<\/a><\/li><li><a href=\"https:\/\/www.arsan.com\/urunlerimiz\/diger-urunler\/duvar-koruma\/\">Duvar Koruma<\/a><\/li><li><a href=\"https:\/\/www.arsan.com\/urunlerimiz\/diger-urunler\/kose-koruma\/\">K\u00f6\u015fe Koruma<\/a><\/li><li><a href=\"https:\/\/www.arsan.com\/urunlerimiz\/diger-urunler\/hiz-kasisi\/\">H\u0131z Kasisi<\/a><\/li><li><a href=\"https:\/\/www.arsan.com\/urunlerimiz\/diger-urunler\/kaucuk-bariyer\/\">Kau\u00e7uk Bariyer<\/a><\/li><\/ul><\/li><\/ul>\t\t\t\t\t\t\t\t<\/div>\n\t\t\t\t<\/div>\n\t\t\t\t\t<\/div>\n\t\t<\/div>\n\t\t\t\t<div class=\"elementor-column elementor-col-66 elementor-top-column elementor-element elementor-element-dd9c7b0\" data-id=\"dd9c7b0\" data-element_type=\"column\" data-e-type=\"column\">\n\t\t\t<div class=\"elementor-widget-wrap elementor-element-populated\">\n\t\t\t\t\t\t<div class=\"elementor-element elementor-element-74954288 elementor-widget elementor-widget-image\" data-id=\"74954288\" data-element_type=\"widget\" data-e-type=\"widget\" data-widget_type=\"image.default\">\n\t\t\t\t<div class=\"elementor-widget-container\">\n\t\t\t\t\t\t\t\t\t\t\t\t\t\t\t<img fetchpriority=\"high\" decoding=\"async\" width=\"1100\" height=\"300\" src=\"https:\/\/www.arsan.com\/wp-content\/uploads\/2022\/12\/diger-urunler.jpg\" class=\"attachment-full size-full wp-image-4403\" alt=\"\" srcset=\"https:\/\/www.arsan.com\/wp-content\/uploads\/2022\/12\/diger-urunler.jpg 1100w, https:\/\/www.arsan.com\/wp-content\/uploads\/2022\/12\/diger-urunler-300x82.jpg 300w, https:\/\/www.arsan.com\/wp-content\/uploads\/2022\/12\/diger-urunler-1024x279.jpg 1024w, https:\/\/www.arsan.com\/wp-content\/uploads\/2022\/12\/diger-urunler-768x209.jpg 768w, https:\/\/www.arsan.com\/wp-content\/uploads\/2022\/12\/diger-urunler-18x5.jpg 18w\" sizes=\"(max-width: 1100px) 100vw, 1100px\" \/>\t\t\t\t\t\t\t\t\t\t\t\t\t\t\t<\/div>\n\t\t\t\t<\/div>\n\t\t\t\t<div class=\"elementor-element elementor-element-18d6a30 gallery-spacing-custom elementor-widget elementor-widget-image-gallery\" data-id=\"18d6a30\" data-element_type=\"widget\" data-e-type=\"widget\" data-widget_type=\"image-gallery.default\">\n\t\t\t\t<div class=\"elementor-widget-container\">\n\t\t\t\t\t\t\t<div class=\"elementor-image-gallery\">\n\t\t\t<div id='gallery-17' class='gallery galleryid-1987 gallery-columns-3 gallery-size-full'><figure class='gallery-item'>\n\t\t\t<div class='gallery-icon landscape'>\n\t\t\t\t<a data-elementor-open-lightbox=\"yes\" data-elementor-lightbox-slideshow=\"18d6a30\" data-e-action-hash=\"#elementor-action%3Aaction%3Dlightbox%26settings%3DeyJpZCI6MjEwMiwidXJsIjoiaHR0cHM6XC9cL3d3dy5hcnNhbi5jb21cL3dwLWNvbnRlbnRcL3VwbG9hZHNcLzIwMjBcLzEwXC9Bc3NldC0xLTcucG5nIiwic2xpZGVzaG93IjoiMThkNmEzMCJ9\" href='https:\/\/www.arsan.com\/wp-content\/uploads\/2020\/10\/Asset-1-7.png' data-lbwps-width=\"622\" data-lbwps-height=\"362\" data-lbwps-srcsmall=\"https:\/\/www.arsan.com\/wp-content\/uploads\/2020\/10\/Asset-1-7.png\"><img decoding=\"async\" width=\"622\" height=\"362\" src=\"https:\/\/www.arsan.com\/wp-content\/uploads\/2020\/10\/Asset-1-7.png\" class=\"attachment-full size-full\" alt=\"\" aria-describedby=\"gallery-17-2102\" srcset=\"https:\/\/www.arsan.com\/wp-content\/uploads\/2020\/10\/Asset-1-7.png 622w, https:\/\/www.arsan.com\/wp-content\/uploads\/2020\/10\/Asset-1-7-300x175.png 300w, https:\/\/www.arsan.com\/wp-content\/uploads\/2020\/10\/Asset-1-7-16x9.png 16w\" sizes=\"(max-width: 622px) 100vw, 622px\" \/><\/a>\n\t\t\t<\/div>\n\t\t\t\t<figcaption class='wp-caption-text gallery-caption' id='gallery-17-2102'>\n\t\t\t\tCode: 308.040\n\t\t\t\t<\/figcaption><\/figure><figure class='gallery-item'>\n\t\t\t<div class='gallery-icon landscape'>\n\t\t\t\t<a data-elementor-open-lightbox=\"yes\" data-elementor-lightbox-slideshow=\"18d6a30\" data-e-action-hash=\"#elementor-action%3Aaction%3Dlightbox%26settings%3DeyJpZCI6MjEwMywidXJsIjoiaHR0cHM6XC9cL3d3dy5hcnNhbi5jb21cL3dwLWNvbnRlbnRcL3VwbG9hZHNcLzIwMjBcLzEwXC9Bc3NldC0yLTYucG5nIiwic2xpZGVzaG93IjoiMThkNmEzMCJ9\" href='https:\/\/www.arsan.com\/wp-content\/uploads\/2020\/10\/Asset-2-6.png' data-lbwps-width=\"622\" data-lbwps-height=\"362\" data-lbwps-srcsmall=\"https:\/\/www.arsan.com\/wp-content\/uploads\/2020\/10\/Asset-2-6.png\"><img decoding=\"async\" width=\"622\" height=\"362\" src=\"https:\/\/www.arsan.com\/wp-content\/uploads\/2020\/10\/Asset-2-6.png\" class=\"attachment-full size-full\" alt=\"\" aria-describedby=\"gallery-17-2103\" srcset=\"https:\/\/www.arsan.com\/wp-content\/uploads\/2020\/10\/Asset-2-6.png 622w, https:\/\/www.arsan.com\/wp-content\/uploads\/2020\/10\/Asset-2-6-300x175.png 300w, https:\/\/www.arsan.com\/wp-content\/uploads\/2020\/10\/Asset-2-6-16x9.png 16w\" sizes=\"(max-width: 622px) 100vw, 622px\" \/><\/a>\n\t\t\t<\/div>\n\t\t\t\t<figcaption class='wp-caption-text gallery-caption' id='gallery-17-2103'>\n\t\t\t\tCode: 308.048\n\t\t\t\t<\/figcaption><\/figure><figure class='gallery-item'>\n\t\t\t<div class='gallery-icon landscape'>\n\t\t\t\t<a data-elementor-open-lightbox=\"yes\" data-elementor-lightbox-slideshow=\"18d6a30\" data-e-action-hash=\"#elementor-action%3Aaction%3Dlightbox%26settings%3DeyJpZCI6MjEwNCwidXJsIjoiaHR0cHM6XC9cL3d3dy5hcnNhbi5jb21cL3dwLWNvbnRlbnRcL3VwbG9hZHNcLzIwMjBcLzEwXC9Bc3NldC0zLTYucG5nIiwic2xpZGVzaG93IjoiMThkNmEzMCJ9\" href='https:\/\/www.arsan.com\/wp-content\/uploads\/2020\/10\/Asset-3-6.png' data-lbwps-width=\"622\" data-lbwps-height=\"362\" data-lbwps-srcsmall=\"https:\/\/www.arsan.com\/wp-content\/uploads\/2020\/10\/Asset-3-6.png\"><img loading=\"lazy\" decoding=\"async\" width=\"622\" height=\"362\" src=\"https:\/\/www.arsan.com\/wp-content\/uploads\/2020\/10\/Asset-3-6.png\" class=\"attachment-full size-full\" alt=\"\" aria-describedby=\"gallery-17-2104\" srcset=\"https:\/\/www.arsan.com\/wp-content\/uploads\/2020\/10\/Asset-3-6.png 622w, https:\/\/www.arsan.com\/wp-content\/uploads\/2020\/10\/Asset-3-6-300x175.png 300w, https:\/\/www.arsan.com\/wp-content\/uploads\/2020\/10\/Asset-3-6-16x9.png 16w\" sizes=\"(max-width: 622px) 100vw, 622px\" \/><\/a>\n\t\t\t<\/div>\n\t\t\t\t<figcaption class='wp-caption-text gallery-caption' id='gallery-17-2104'>\n\t\t\t\tCode: 308.091\n\t\t\t\t<\/figcaption><\/figure><figure class='gallery-item'>\n\t\t\t<div class='gallery-icon landscape'>\n\t\t\t\t<a data-elementor-open-lightbox=\"yes\" data-elementor-lightbox-slideshow=\"18d6a30\" data-e-action-hash=\"#elementor-action%3Aaction%3Dlightbox%26settings%3DeyJpZCI6MjEwNSwidXJsIjoiaHR0cHM6XC9cL3d3dy5hcnNhbi5jb21cL3dwLWNvbnRlbnRcL3VwbG9hZHNcLzIwMjBcLzEwXC9Bc3NldC00LTUucG5nIiwic2xpZGVzaG93IjoiMThkNmEzMCJ9\" href='https:\/\/www.arsan.com\/wp-content\/uploads\/2020\/10\/Asset-4-5.png' data-lbwps-width=\"622\" data-lbwps-height=\"362\" data-lbwps-srcsmall=\"https:\/\/www.arsan.com\/wp-content\/uploads\/2020\/10\/Asset-4-5.png\"><img loading=\"lazy\" decoding=\"async\" width=\"622\" height=\"362\" src=\"https:\/\/www.arsan.com\/wp-content\/uploads\/2020\/10\/Asset-4-5.png\" class=\"attachment-full size-full\" alt=\"\" aria-describedby=\"gallery-17-2105\" srcset=\"https:\/\/www.arsan.com\/wp-content\/uploads\/2020\/10\/Asset-4-5.png 622w, https:\/\/www.arsan.com\/wp-content\/uploads\/2020\/10\/Asset-4-5-300x175.png 300w, https:\/\/www.arsan.com\/wp-content\/uploads\/2020\/10\/Asset-4-5-16x9.png 16w\" sizes=\"(max-width: 622px) 100vw, 622px\" \/><\/a>\n\t\t\t<\/div>\n\t\t\t\t<figcaption class='wp-caption-text gallery-caption' id='gallery-17-2105'>\n\t\t\t\tCode: 794.001\n\t\t\t\t<\/figcaption><\/figure><figure class='gallery-item'>\n\t\t\t<div class='gallery-icon landscape'>\n\t\t\t\t<a data-elementor-open-lightbox=\"yes\" data-elementor-lightbox-slideshow=\"18d6a30\" data-e-action-hash=\"#elementor-action%3Aaction%3Dlightbox%26settings%3DeyJpZCI6MjEwNiwidXJsIjoiaHR0cHM6XC9cL3d3dy5hcnNhbi5jb21cL3dwLWNvbnRlbnRcL3VwbG9hZHNcLzIwMjBcLzEwXC9Bc3NldC01LTQucG5nIiwic2xpZGVzaG93IjoiMThkNmEzMCJ9\" href='https:\/\/www.arsan.com\/wp-content\/uploads\/2020\/10\/Asset-5-4.png' data-lbwps-width=\"622\" data-lbwps-height=\"362\" data-lbwps-srcsmall=\"https:\/\/www.arsan.com\/wp-content\/uploads\/2020\/10\/Asset-5-4.png\"><img loading=\"lazy\" decoding=\"async\" width=\"622\" height=\"362\" src=\"https:\/\/www.arsan.com\/wp-content\/uploads\/2020\/10\/Asset-5-4.png\" class=\"attachment-full size-full\" alt=\"\" aria-describedby=\"gallery-17-2106\" srcset=\"https:\/\/www.arsan.com\/wp-content\/uploads\/2020\/10\/Asset-5-4.png 622w, https:\/\/www.arsan.com\/wp-content\/uploads\/2020\/10\/Asset-5-4-300x175.png 300w, https:\/\/www.arsan.com\/wp-content\/uploads\/2020\/10\/Asset-5-4-16x9.png 16w\" sizes=\"(max-width: 622px) 100vw, 622px\" \/><\/a>\n\t\t\t<\/div>\n\t\t\t\t<figcaption class='wp-caption-text gallery-caption' id='gallery-17-2106'>\n\t\t\t\t Code: 794.002\n\t\t\t\t<\/figcaption><\/figure><figure class='gallery-item'>\n\t\t\t<div class='gallery-icon landscape'>\n\t\t\t\t<a data-elementor-open-lightbox=\"yes\" data-elementor-lightbox-slideshow=\"18d6a30\" data-e-action-hash=\"#elementor-action%3Aaction%3Dlightbox%26settings%3DeyJpZCI6MjEwNywidXJsIjoiaHR0cHM6XC9cL3d3dy5hcnNhbi5jb21cL3dwLWNvbnRlbnRcL3VwbG9hZHNcLzIwMjBcLzEwXC9Bc3NldC02LTMucG5nIiwic2xpZGVzaG93IjoiMThkNmEzMCJ9\" href='https:\/\/www.arsan.com\/wp-content\/uploads\/2020\/10\/Asset-6-3.png' data-lbwps-width=\"633\" data-lbwps-height=\"362\" data-lbwps-srcsmall=\"https:\/\/www.arsan.com\/wp-content\/uploads\/2020\/10\/Asset-6-3.png\"><img loading=\"lazy\" decoding=\"async\" width=\"633\" height=\"362\" src=\"https:\/\/www.arsan.com\/wp-content\/uploads\/2020\/10\/Asset-6-3.png\" class=\"attachment-full size-full\" alt=\"\" aria-describedby=\"gallery-17-2107\" srcset=\"https:\/\/www.arsan.com\/wp-content\/uploads\/2020\/10\/Asset-6-3.png 633w, https:\/\/www.arsan.com\/wp-content\/uploads\/2020\/10\/Asset-6-3-300x172.png 300w, https:\/\/www.arsan.com\/wp-content\/uploads\/2020\/10\/Asset-6-3-16x9.png 16w\" sizes=\"(max-width: 633px) 100vw, 633px\" \/><\/a>\n\t\t\t<\/div>\n\t\t\t\t<figcaption class='wp-caption-text gallery-caption' id='gallery-17-2107'>\n\t\t\t\tCode: 794.003\n\t\t\t\t<\/figcaption><\/figure><figure class='gallery-item'>\n\t\t\t<div class='gallery-icon landscape'>\n\t\t\t\t<a data-elementor-open-lightbox=\"yes\" data-elementor-lightbox-slideshow=\"18d6a30\" data-e-action-hash=\"#elementor-action%3Aaction%3Dlightbox%26settings%3DeyJpZCI6MjEwOCwidXJsIjoiaHR0cHM6XC9cL3d3dy5hcnNhbi5jb21cL3dwLWNvbnRlbnRcL3VwbG9hZHNcLzIwMjBcLzEwXC9Bc3NldC03LTMucG5nIiwic2xpZGVzaG93IjoiMThkNmEzMCJ9\" href='https:\/\/www.arsan.com\/wp-content\/uploads\/2020\/10\/Asset-7-3.png' data-lbwps-width=\"622\" data-lbwps-height=\"363\" data-lbwps-srcsmall=\"https:\/\/www.arsan.com\/wp-content\/uploads\/2020\/10\/Asset-7-3.png\"><img loading=\"lazy\" decoding=\"async\" width=\"622\" height=\"363\" src=\"https:\/\/www.arsan.com\/wp-content\/uploads\/2020\/10\/Asset-7-3.png\" class=\"attachment-full size-full\" alt=\"\" aria-describedby=\"gallery-17-2108\" srcset=\"https:\/\/www.arsan.com\/wp-content\/uploads\/2020\/10\/Asset-7-3.png 622w, https:\/\/www.arsan.com\/wp-content\/uploads\/2020\/10\/Asset-7-3-300x175.png 300w, https:\/\/www.arsan.com\/wp-content\/uploads\/2020\/10\/Asset-7-3-16x9.png 16w\" sizes=\"(max-width: 622px) 100vw, 622px\" \/><\/a>\n\t\t\t<\/div>\n\t\t\t\t<figcaption class='wp-caption-text gallery-caption' id='gallery-17-2108'>\n\t\t\t\tCode: 794.005\n\t\t\t\t<\/figcaption><\/figure><figure class='gallery-item'>\n\t\t\t<div class='gallery-icon landscape'>\n\t\t\t\t<a data-elementor-open-lightbox=\"yes\" data-elementor-lightbox-slideshow=\"18d6a30\" data-e-action-hash=\"#elementor-action%3Aaction%3Dlightbox%26settings%3DeyJpZCI6MjEwOSwidXJsIjoiaHR0cHM6XC9cL3d3dy5hcnNhbi5jb21cL3dwLWNvbnRlbnRcL3VwbG9hZHNcLzIwMjBcLzEwXC9Bc3NldC04LTMucG5nIiwic2xpZGVzaG93IjoiMThkNmEzMCJ9\" href='https:\/\/www.arsan.com\/wp-content\/uploads\/2020\/10\/Asset-8-3.png' data-lbwps-width=\"622\" data-lbwps-height=\"363\" data-lbwps-srcsmall=\"https:\/\/www.arsan.com\/wp-content\/uploads\/2020\/10\/Asset-8-3.png\"><img loading=\"lazy\" decoding=\"async\" width=\"622\" height=\"363\" src=\"https:\/\/www.arsan.com\/wp-content\/uploads\/2020\/10\/Asset-8-3.png\" class=\"attachment-full size-full\" alt=\"\" aria-describedby=\"gallery-17-2109\" srcset=\"https:\/\/www.arsan.com\/wp-content\/uploads\/2020\/10\/Asset-8-3.png 622w, https:\/\/www.arsan.com\/wp-content\/uploads\/2020\/10\/Asset-8-3-300x175.png 300w, https:\/\/www.arsan.com\/wp-content\/uploads\/2020\/10\/Asset-8-3-16x9.png 16w\" sizes=\"(max-width: 622px) 100vw, 622px\" \/><\/a>\n\t\t\t<\/div>\n\t\t\t\t<figcaption class='wp-caption-text gallery-caption' id='gallery-17-2109'>\n\t\t\t\tCode: 308.132\n\t\t\t\t<\/figcaption><\/figure><figure class='gallery-item'>\n\t\t\t<div class='gallery-icon landscape'>\n\t\t\t\t<a data-elementor-open-lightbox=\"yes\" data-elementor-lightbox-slideshow=\"18d6a30\" data-e-action-hash=\"#elementor-action%3Aaction%3Dlightbox%26settings%3DeyJpZCI6MjExMCwidXJsIjoiaHR0cHM6XC9cL3d3dy5hcnNhbi5jb21cL3dwLWNvbnRlbnRcL3VwbG9hZHNcLzIwMjBcLzEwXC9Bc3NldC05LTMucG5nIiwic2xpZGVzaG93IjoiMThkNmEzMCJ9\" href='https:\/\/www.arsan.com\/wp-content\/uploads\/2020\/10\/Asset-9-3.png' data-lbwps-width=\"622\" data-lbwps-height=\"363\" data-lbwps-srcsmall=\"https:\/\/www.arsan.com\/wp-content\/uploads\/2020\/10\/Asset-9-3.png\"><img loading=\"lazy\" decoding=\"async\" width=\"622\" height=\"363\" src=\"https:\/\/www.arsan.com\/wp-content\/uploads\/2020\/10\/Asset-9-3.png\" class=\"attachment-full size-full\" alt=\"\" aria-describedby=\"gallery-17-2110\" srcset=\"https:\/\/www.arsan.com\/wp-content\/uploads\/2020\/10\/Asset-9-3.png 622w, https:\/\/www.arsan.com\/wp-content\/uploads\/2020\/10\/Asset-9-3-300x175.png 300w, https:\/\/www.arsan.com\/wp-content\/uploads\/2020\/10\/Asset-9-3-16x9.png 16w\" sizes=\"(max-width: 622px) 100vw, 622px\" \/><\/a>\n\t\t\t<\/div>\n\t\t\t\t<figcaption class='wp-caption-text gallery-caption' id='gallery-17-2110'>\n\t\t\t\tCode: 794.004\n\t\t\t\t<\/figcaption><\/figure><figure class='gallery-item'>\n\t\t\t<div class='gallery-icon landscape'>\n\t\t\t\t<a data-elementor-open-lightbox=\"yes\" data-elementor-lightbox-slideshow=\"18d6a30\" data-e-action-hash=\"#elementor-action%3Aaction%3Dlightbox%26settings%3DeyJpZCI6MjExMSwidXJsIjoiaHR0cHM6XC9cL3d3dy5hcnNhbi5jb21cL3dwLWNvbnRlbnRcL3VwbG9hZHNcLzIwMjBcLzEwXC9Bc3NldC0xMC0zLnBuZyIsInNsaWRlc2hvdyI6IjE4ZDZhMzAifQ%3D%3D\" href='https:\/\/www.arsan.com\/wp-content\/uploads\/2020\/10\/Asset-10-3.png' data-lbwps-width=\"622\" data-lbwps-height=\"363\" data-lbwps-srcsmall=\"https:\/\/www.arsan.com\/wp-content\/uploads\/2020\/10\/Asset-10-3.png\"><img loading=\"lazy\" decoding=\"async\" width=\"622\" height=\"363\" src=\"https:\/\/www.arsan.com\/wp-content\/uploads\/2020\/10\/Asset-10-3.png\" class=\"attachment-full size-full\" alt=\"\" aria-describedby=\"gallery-17-2111\" srcset=\"https:\/\/www.arsan.com\/wp-content\/uploads\/2020\/10\/Asset-10-3.png 622w, https:\/\/www.arsan.com\/wp-content\/uploads\/2020\/10\/Asset-10-3-300x175.png 300w, https:\/\/www.arsan.com\/wp-content\/uploads\/2020\/10\/Asset-10-3-16x9.png 16w\" sizes=\"(max-width: 622px) 100vw, 622px\" \/><\/a>\n\t\t\t<\/div>\n\t\t\t\t<figcaption class='wp-caption-text gallery-caption' id='gallery-17-2111'>\n\t\t\t\tCode: 590.015\n\t\t\t\t<\/figcaption><\/figure><figure class='gallery-item'>\n\t\t\t<div class='gallery-icon landscape'>\n\t\t\t\t<a data-elementor-open-lightbox=\"yes\" data-elementor-lightbox-slideshow=\"18d6a30\" data-e-action-hash=\"#elementor-action%3Aaction%3Dlightbox%26settings%3DeyJpZCI6MjExMiwidXJsIjoiaHR0cHM6XC9cL3d3dy5hcnNhbi5jb21cL3dwLWNvbnRlbnRcL3VwbG9hZHNcLzIwMjBcLzEwXC9Bc3NldC0xMS0zLnBuZyIsInNsaWRlc2hvdyI6IjE4ZDZhMzAifQ%3D%3D\" href='https:\/\/www.arsan.com\/wp-content\/uploads\/2020\/10\/Asset-11-3.png' data-lbwps-width=\"622\" data-lbwps-height=\"363\" data-lbwps-srcsmall=\"https:\/\/www.arsan.com\/wp-content\/uploads\/2020\/10\/Asset-11-3.png\"><img loading=\"lazy\" decoding=\"async\" width=\"622\" height=\"363\" src=\"https:\/\/www.arsan.com\/wp-content\/uploads\/2020\/10\/Asset-11-3.png\" class=\"attachment-full size-full\" alt=\"\" aria-describedby=\"gallery-17-2112\" srcset=\"https:\/\/www.arsan.com\/wp-content\/uploads\/2020\/10\/Asset-11-3.png 622w, https:\/\/www.arsan.com\/wp-content\/uploads\/2020\/10\/Asset-11-3-300x175.png 300w, https:\/\/www.arsan.com\/wp-content\/uploads\/2020\/10\/Asset-11-3-16x9.png 16w\" sizes=\"(max-width: 622px) 100vw, 622px\" \/><\/a>\n\t\t\t<\/div>\n\t\t\t\t<figcaption class='wp-caption-text gallery-caption' id='gallery-17-2112'>\n\t\t\t\tCode: 590.011\n\t\t\t\t<\/figcaption><\/figure>\n\t\t<\/div>\n\t\t<\/div>\n\t\t\t\t\t\t<\/div>\n\t\t\t\t<\/div>\n\t\t\t\t\t<\/div>\n\t\t<\/div>\n\t\t\t\t\t<\/div>\n\t\t<\/section>\n\t\t\t\t<\/div>\n\t\t","protected":false},"excerpt":{"rendered":"<p>Di\u011fer \u00dcr\u00fcnler Kau\u00e7uk Profiller D Profiller Dorse Kap\u0131 Profilleri Dilatasyon Profilleri Kanal Kapak Contalar\u0131 Kelep\u00e7e Lastikleri Kap\u0131 Garaj Profilleri Kablo Koruma Profilleri Bant Profiller P Profiller L Profiller U Profiller \u00c7e\u015fitli Profiller Duvar K\u00f6\u015fe Koruma Reflektif K\u00f6\u015fe Koruma Duvar Koruma K\u00f6\u015fe Koruma H\u0131z Kasisi Kau\u00e7uk Bariyer Code: 308.040 Code: 308.048 Code: 308.091 Code: 794.001 Code: [&hellip;]<\/p>\n","protected":false},"author":2,"featured_media":0,"parent":1548,"menu_order":0,"comment_status":"closed","ping_status":"closed","template":"","meta":{"footnotes":""},"class_list":["post-1987","page","type-page","status-publish","hentry"],"aioseo_notices":[],"_links":{"self":[{"href":"https:\/\/www.arsan.com\/tr\/wp-json\/wp\/v2\/pages\/1987","targetHints":{"allow":["GET"]}}],"collection":[{"href":"https:\/\/www.arsan.com\/tr\/wp-json\/wp\/v2\/pages"}],"about":[{"href":"https:\/\/www.arsan.com\/tr\/wp-json\/wp\/v2\/types\/page"}],"author":[{"embeddable":true,"href":"https:\/\/www.arsan.com\/tr\/wp-json\/wp\/v2\/users\/2"}],"replies":[{"embeddable":true,"href":"https:\/\/www.arsan.com\/tr\/wp-json\/wp\/v2\/comments?post=1987"}],"version-history":[{"count":0,"href":"https:\/\/www.arsan.com\/tr\/wp-json\/wp\/v2\/pages\/1987\/revisions"}],"up":[{"embeddable":true,"href":"https:\/\/www.arsan.com\/tr\/wp-json\/wp\/v2\/pages\/1548"}],"wp:attachment":[{"href":"https:\/\/www.arsan.com\/tr\/wp-json\/wp\/v2\/media?parent=1987"}],"curies":[{"name":"wp","href":"https:\/\/api.w.org\/{rel}","templated":true}]}}