{"id":1985,"date":"2020-10-18T23:50:35","date_gmt":"2020-10-18T20:50:35","guid":{"rendered":"https:\/\/www.arsan.com\/?page_id=1985"},"modified":"2022-12-27T09:10:36","modified_gmt":"2022-12-27T06:10:36","slug":"bant-profiller","status":"publish","type":"page","link":"https:\/\/www.arsan.com\/tr\/urunlerimiz\/diger-urunler\/bant-profiller\/","title":{"rendered":"Bant Profiller"},"content":{"rendered":"\t\t<div data-elementor-type=\"wp-page\" data-elementor-id=\"1985\" class=\"elementor elementor-1985\" data-elementor-post-type=\"page\">\n\t\t\t\t\t\t<section class=\"elementor-section elementor-top-section elementor-element elementor-element-78c9463e elementor-section-boxed elementor-section-height-default elementor-section-height-default\" data-id=\"78c9463e\" data-element_type=\"section\" data-e-type=\"section\" data-settings=\"{&quot;background_background&quot;:&quot;classic&quot;}\">\n\t\t\t\t\t\t<div class=\"elementor-container elementor-column-gap-default\">\n\t\t\t\t\t<div class=\"elementor-column elementor-col-33 elementor-top-column elementor-element elementor-element-2d026bdb\" data-id=\"2d026bdb\" data-element_type=\"column\" data-e-type=\"column\" data-settings=\"{&quot;background_background&quot;:&quot;gradient&quot;}\">\n\t\t\t<div class=\"elementor-widget-wrap elementor-element-populated\">\n\t\t\t\t\t\t<div class=\"elementor-element elementor-element-78329576 elementor-widget elementor-widget-text-editor\" data-id=\"78329576\" data-element_type=\"widget\" data-e-type=\"widget\" data-widget_type=\"text-editor.default\">\n\t\t\t\t<div class=\"elementor-widget-container\">\n\t\t\t\t\t\t\t\t\t<p><span style=\"color: #ffffff;\">Di\u011fer \u00dcr\u00fcnler<\/span><\/p>\t\t\t\t\t\t\t\t<\/div>\n\t\t\t\t<\/div>\n\t\t\t\t<div class=\"elementor-element elementor-element-75de7b48 elementor-widget elementor-widget-text-editor\" data-id=\"75de7b48\" data-element_type=\"widget\" data-e-type=\"widget\" data-widget_type=\"text-editor.default\">\n\t\t\t\t<div class=\"elementor-widget-container\">\n\t\t\t\t\t\t\t\t\t<ul><li><span style=\"text-decoration: underline;\"><span style=\"color: #ffffff; text-decoration: underline;\">Kau\u00e7uk Profiller<\/span><\/span><ul><li><a href=\"https:\/\/www.arsan.com\/urunlerimiz\/diger-urunler\/d-profiller\/\">D Profiller<\/a><\/li><li><a href=\"https:\/\/www.arsan.com\/urunlerimiz\/diger-urunler\/dorse-kapi-profiller\/\">Dorse Kap\u0131 Profilleri<\/a><\/li><li><a href=\"https:\/\/www.arsan.com\/urunlerimiz\/diger-urunler\/dilatasyon-profilleri\/\">Dilatasyon Profilleri<\/a><\/li><li><a href=\"https:\/\/www.arsan.com\/urunlerimiz\/diger-urunler\/kanal-kapak-contalari\/\">Kanal Kapak Contalar\u0131<\/a><\/li><li><a href=\"https:\/\/www.arsan.com\/urunlerimiz\/diger-urunler\/kelepce-lastikleri\/\">Kelep\u00e7e Lastikleri<\/a><\/li><li><a href=\"https:\/\/www.arsan.com\/urunlerimiz\/diger-urunler\/kapi-garaj-profilleri\/\">Kap\u0131 Garaj Profilleri<\/a><\/li><li><a href=\"https:\/\/www.arsan.com\/urunlerimiz\/diger-urunler\/kablo-koruma-profilleri\/\">Kablo Koruma Profilleri<\/a><\/li><li><a href=\"https:\/\/www.arsan.com\/urunlerimiz\/diger-urunler\/bant-profiller\/\">Bant Profiller<\/a><\/li><li><a href=\"https:\/\/www.arsan.com\/urunlerimiz\/diger-urunler\/p-profiller\/\">P Profiller<\/a><\/li><li><a href=\"https:\/\/www.arsan.com\/urunlerimiz\/diger-urunler\/l-profiller\/\">L Profiller<\/a><\/li><li><a href=\"https:\/\/www.arsan.com\/urunlerimiz\/diger-urunler\/u-profiller\/\">U Profiller<\/a><\/li><li><a href=\"https:\/\/www.arsan.com\/urunlerimiz\/diger-urunler\/cesitli-profiller\/\">\u00c7e\u015fitli Profiller<\/a><\/li><\/ul><\/li><li><span style=\"text-decoration: underline;\"><span style=\"color: #ffffff; text-decoration: underline;\">Duvar K\u00f6\u015fe Koruma<\/span><\/span><ul><li><a href=\"https:\/\/www.arsan.com\/urunlerimiz\/diger-urunler\/reflektif-kose-koruma\/\">Reflektif K\u00f6\u015fe Koruma<\/a><\/li><li><a href=\"https:\/\/www.arsan.com\/urunlerimiz\/diger-urunler\/duvar-koruma\/\">Duvar Koruma<\/a><\/li><li><a href=\"https:\/\/www.arsan.com\/urunlerimiz\/diger-urunler\/kose-koruma\/\">K\u00f6\u015fe Koruma<\/a><\/li><li><a href=\"https:\/\/www.arsan.com\/urunlerimiz\/diger-urunler\/hiz-kasisi\/\">H\u0131z Kasisi<\/a><\/li><li><a href=\"https:\/\/www.arsan.com\/urunlerimiz\/diger-urunler\/kaucuk-bariyer\/\">Kau\u00e7uk Bariyer<\/a><\/li><\/ul><\/li><\/ul>\t\t\t\t\t\t\t\t<\/div>\n\t\t\t\t<\/div>\n\t\t\t\t\t<\/div>\n\t\t<\/div>\n\t\t\t\t<div class=\"elementor-column elementor-col-66 elementor-top-column elementor-element elementor-element-54528ca2\" data-id=\"54528ca2\" data-element_type=\"column\" data-e-type=\"column\">\n\t\t\t<div class=\"elementor-widget-wrap elementor-element-populated\">\n\t\t\t\t\t\t<div class=\"elementor-element elementor-element-31113fbf elementor-widget elementor-widget-image\" data-id=\"31113fbf\" data-element_type=\"widget\" data-e-type=\"widget\" data-widget_type=\"image.default\">\n\t\t\t\t<div class=\"elementor-widget-container\">\n\t\t\t\t\t\t\t\t\t\t\t\t\t\t\t<img fetchpriority=\"high\" decoding=\"async\" width=\"1100\" height=\"300\" src=\"https:\/\/www.arsan.com\/wp-content\/uploads\/2022\/12\/diger-urunler.jpg\" class=\"attachment-full size-full wp-image-4403\" alt=\"\" srcset=\"https:\/\/www.arsan.com\/wp-content\/uploads\/2022\/12\/diger-urunler.jpg 1100w, https:\/\/www.arsan.com\/wp-content\/uploads\/2022\/12\/diger-urunler-300x82.jpg 300w, https:\/\/www.arsan.com\/wp-content\/uploads\/2022\/12\/diger-urunler-1024x279.jpg 1024w, https:\/\/www.arsan.com\/wp-content\/uploads\/2022\/12\/diger-urunler-768x209.jpg 768w, https:\/\/www.arsan.com\/wp-content\/uploads\/2022\/12\/diger-urunler-18x5.jpg 18w\" sizes=\"(max-width: 1100px) 100vw, 1100px\" \/>\t\t\t\t\t\t\t\t\t\t\t\t\t\t\t<\/div>\n\t\t\t\t<\/div>\n\t\t\t\t<div class=\"elementor-element elementor-element-7ec15cc gallery-spacing-custom elementor-widget elementor-widget-image-gallery\" data-id=\"7ec15cc\" data-element_type=\"widget\" data-e-type=\"widget\" data-widget_type=\"image-gallery.default\">\n\t\t\t\t<div class=\"elementor-widget-container\">\n\t\t\t\t\t\t\t<div class=\"elementor-image-gallery\">\n\t\t\t<div id='gallery-20' class='gallery galleryid-1985 gallery-columns-1 gallery-size-full'><figure class='gallery-item'>\n\t\t\t<div class='gallery-icon landscape'>\n\t\t\t\t<a data-elementor-open-lightbox=\"yes\" data-elementor-lightbox-slideshow=\"7ec15cc\" data-e-action-hash=\"#elementor-action%3Aaction%3Dlightbox%26settings%3DeyJpZCI6MjA5NywidXJsIjoiaHR0cHM6XC9cL3d3dy5hcnNhbi5jb21cL3dwLWNvbnRlbnRcL3VwbG9hZHNcLzIwMjBcLzEwXC9Bc3NldC0xLTYucG5nIiwic2xpZGVzaG93IjoiN2VjMTVjYyJ9\" href='https:\/\/www.arsan.com\/wp-content\/uploads\/2020\/10\/Asset-1-6.png' data-lbwps-width=\"1990\" data-lbwps-height=\"211\" data-lbwps-srcsmall=\"https:\/\/www.arsan.com\/wp-content\/uploads\/2020\/10\/Asset-1-6.png\"><img decoding=\"async\" width=\"1990\" height=\"211\" src=\"https:\/\/www.arsan.com\/wp-content\/uploads\/2020\/10\/Asset-1-6.png\" class=\"attachment-full size-full\" alt=\"\" srcset=\"https:\/\/www.arsan.com\/wp-content\/uploads\/2020\/10\/Asset-1-6.png 1990w, https:\/\/www.arsan.com\/wp-content\/uploads\/2020\/10\/Asset-1-6-300x32.png 300w, https:\/\/www.arsan.com\/wp-content\/uploads\/2020\/10\/Asset-1-6-1024x109.png 1024w, https:\/\/www.arsan.com\/wp-content\/uploads\/2020\/10\/Asset-1-6-768x81.png 768w, https:\/\/www.arsan.com\/wp-content\/uploads\/2020\/10\/Asset-1-6-1536x163.png 1536w, https:\/\/www.arsan.com\/wp-content\/uploads\/2020\/10\/Asset-1-6-16x2.png 16w, https:\/\/www.arsan.com\/wp-content\/uploads\/2020\/10\/Asset-1-6-1200x127.png 1200w, https:\/\/www.arsan.com\/wp-content\/uploads\/2020\/10\/Asset-1-6-1980x211.png 1980w\" sizes=\"(max-width: 1990px) 100vw, 1990px\" \/><\/a>\n\t\t\t<\/div><\/figure>\n\t\t<\/div>\n\t\t<\/div>\n\t\t\t\t\t\t<\/div>\n\t\t\t\t<\/div>\n\t\t\t\t<div class=\"elementor-element elementor-element-ec9d270 gallery-spacing-custom elementor-widget elementor-widget-image-gallery\" data-id=\"ec9d270\" data-element_type=\"widget\" data-e-type=\"widget\" data-widget_type=\"image-gallery.default\">\n\t\t\t\t<div class=\"elementor-widget-container\">\n\t\t\t\t\t\t\t<div class=\"elementor-image-gallery\">\n\t\t\t<div id='gallery-21' class='gallery galleryid-1985 gallery-columns-3 gallery-size-full'><figure class='gallery-item'>\n\t\t\t<div class='gallery-icon portrait'>\n\t\t\t\t<a data-elementor-open-lightbox=\"yes\" data-elementor-lightbox-slideshow=\"ec9d270\" data-e-action-hash=\"#elementor-action%3Aaction%3Dlightbox%26settings%3DeyJpZCI6MjA5OCwidXJsIjoiaHR0cHM6XC9cL3d3dy5hcnNhbi5jb21cL3dwLWNvbnRlbnRcL3VwbG9hZHNcLzIwMjBcLzEwXC9Bc3NldC0yLTUucG5nIiwic2xpZGVzaG93IjoiZWM5ZDI3MCJ9\" href='https:\/\/www.arsan.com\/wp-content\/uploads\/2020\/10\/Asset-2-5.png' data-lbwps-width=\"565\" data-lbwps-height=\"639\" data-lbwps-srcsmall=\"https:\/\/www.arsan.com\/wp-content\/uploads\/2020\/10\/Asset-2-5-11x12.png\"><img decoding=\"async\" width=\"565\" height=\"639\" src=\"https:\/\/www.arsan.com\/wp-content\/uploads\/2020\/10\/Asset-2-5.png\" class=\"attachment-full size-full\" alt=\"\" srcset=\"https:\/\/www.arsan.com\/wp-content\/uploads\/2020\/10\/Asset-2-5.png 565w, https:\/\/www.arsan.com\/wp-content\/uploads\/2020\/10\/Asset-2-5-265x300.png 265w, https:\/\/www.arsan.com\/wp-content\/uploads\/2020\/10\/Asset-2-5-11x12.png 11w\" sizes=\"(max-width: 565px) 100vw, 565px\" \/><\/a>\n\t\t\t<\/div><\/figure><figure class='gallery-item'>\n\t\t\t<div class='gallery-icon portrait'>\n\t\t\t\t<a data-elementor-open-lightbox=\"yes\" data-elementor-lightbox-slideshow=\"ec9d270\" data-e-action-hash=\"#elementor-action%3Aaction%3Dlightbox%26settings%3DeyJpZCI6MjA5OSwidXJsIjoiaHR0cHM6XC9cL3d3dy5hcnNhbi5jb21cL3dwLWNvbnRlbnRcL3VwbG9hZHNcLzIwMjBcLzEwXC9Bc3NldC0zLTUucG5nIiwic2xpZGVzaG93IjoiZWM5ZDI3MCJ9\" href='https:\/\/www.arsan.com\/wp-content\/uploads\/2020\/10\/Asset-3-5.png' data-lbwps-width=\"565\" data-lbwps-height=\"639\" data-lbwps-srcsmall=\"https:\/\/www.arsan.com\/wp-content\/uploads\/2020\/10\/Asset-3-5-11x12.png\"><img loading=\"lazy\" decoding=\"async\" width=\"565\" height=\"639\" src=\"https:\/\/www.arsan.com\/wp-content\/uploads\/2020\/10\/Asset-3-5.png\" class=\"attachment-full size-full\" alt=\"\" srcset=\"https:\/\/www.arsan.com\/wp-content\/uploads\/2020\/10\/Asset-3-5.png 565w, https:\/\/www.arsan.com\/wp-content\/uploads\/2020\/10\/Asset-3-5-265x300.png 265w, https:\/\/www.arsan.com\/wp-content\/uploads\/2020\/10\/Asset-3-5-11x12.png 11w\" sizes=\"(max-width: 565px) 100vw, 565px\" \/><\/a>\n\t\t\t<\/div><\/figure><figure class='gallery-item'>\n\t\t\t<div class='gallery-icon portrait'>\n\t\t\t\t<a data-elementor-open-lightbox=\"yes\" data-elementor-lightbox-slideshow=\"ec9d270\" data-e-action-hash=\"#elementor-action%3Aaction%3Dlightbox%26settings%3DeyJpZCI6MjEwMCwidXJsIjoiaHR0cHM6XC9cL3d3dy5hcnNhbi5jb21cL3dwLWNvbnRlbnRcL3VwbG9hZHNcLzIwMjBcLzEwXC9Bc3NldC00LTQucG5nIiwic2xpZGVzaG93IjoiZWM5ZDI3MCJ9\" href='https:\/\/www.arsan.com\/wp-content\/uploads\/2020\/10\/Asset-4-4.png' data-lbwps-width=\"566\" data-lbwps-height=\"639\" data-lbwps-srcsmall=\"https:\/\/www.arsan.com\/wp-content\/uploads\/2020\/10\/Asset-4-4-11x12.png\"><img loading=\"lazy\" decoding=\"async\" width=\"566\" height=\"639\" src=\"https:\/\/www.arsan.com\/wp-content\/uploads\/2020\/10\/Asset-4-4.png\" class=\"attachment-full size-full\" alt=\"\" srcset=\"https:\/\/www.arsan.com\/wp-content\/uploads\/2020\/10\/Asset-4-4.png 566w, https:\/\/www.arsan.com\/wp-content\/uploads\/2020\/10\/Asset-4-4-266x300.png 266w, https:\/\/www.arsan.com\/wp-content\/uploads\/2020\/10\/Asset-4-4-11x12.png 11w\" sizes=\"(max-width: 566px) 100vw, 566px\" \/><\/a>\n\t\t\t<\/div><\/figure>\n\t\t<\/div>\n\t\t<\/div>\n\t\t\t\t\t\t<\/div>\n\t\t\t\t<\/div>\n\t\t\t\t\t<\/div>\n\t\t<\/div>\n\t\t\t\t\t<\/div>\n\t\t<\/section>\n\t\t\t\t<\/div>\n\t\t","protected":false},"excerpt":{"rendered":"<p>Di\u011fer \u00dcr\u00fcnler Kau\u00e7uk Profiller D Profiller Dorse Kap\u0131 Profilleri Dilatasyon Profilleri Kanal Kapak Contalar\u0131 Kelep\u00e7e Lastikleri Kap\u0131 Garaj Profilleri Kablo Koruma Profilleri Bant Profiller P Profiller L Profiller U Profiller \u00c7e\u015fitli Profiller Duvar K\u00f6\u015fe Koruma Reflektif K\u00f6\u015fe Koruma Duvar Koruma K\u00f6\u015fe Koruma H\u0131z Kasisi Kau\u00e7uk Bariyer<\/p>\n","protected":false},"author":2,"featured_media":0,"parent":1548,"menu_order":0,"comment_status":"closed","ping_status":"closed","template":"","meta":{"footnotes":""},"class_list":["post-1985","page","type-page","status-publish","hentry"],"aioseo_notices":[],"_links":{"self":[{"href":"https:\/\/www.arsan.com\/tr\/wp-json\/wp\/v2\/pages\/1985","targetHints":{"allow":["GET"]}}],"collection":[{"href":"https:\/\/www.arsan.com\/tr\/wp-json\/wp\/v2\/pages"}],"about":[{"href":"https:\/\/www.arsan.com\/tr\/wp-json\/wp\/v2\/types\/page"}],"author":[{"embeddable":true,"href":"https:\/\/www.arsan.com\/tr\/wp-json\/wp\/v2\/users\/2"}],"replies":[{"embeddable":true,"href":"https:\/\/www.arsan.com\/tr\/wp-json\/wp\/v2\/comments?post=1985"}],"version-history":[{"count":0,"href":"https:\/\/www.arsan.com\/tr\/wp-json\/wp\/v2\/pages\/1985\/revisions"}],"up":[{"embeddable":true,"href":"https:\/\/www.arsan.com\/tr\/wp-json\/wp\/v2\/pages\/1548"}],"wp:attachment":[{"href":"https:\/\/www.arsan.com\/tr\/wp-json\/wp\/v2\/media?parent=1985"}],"curies":[{"name":"wp","href":"https:\/\/api.w.org\/{rel}","templated":true}]}}