{"id":1983,"date":"2020-10-18T23:50:23","date_gmt":"2020-10-18T20:50:23","guid":{"rendered":"https:\/\/www.arsan.com\/?page_id=1983"},"modified":"2022-12-27T09:10:25","modified_gmt":"2022-12-27T06:10:25","slug":"kablo-koruma-profilleri","status":"publish","type":"page","link":"https:\/\/www.arsan.com\/tr\/urunlerimiz\/diger-urunler\/kablo-koruma-profilleri\/","title":{"rendered":"Kablo Koruma Profilleri"},"content":{"rendered":"\t\t<div data-elementor-type=\"wp-page\" data-elementor-id=\"1983\" class=\"elementor elementor-1983\" data-elementor-post-type=\"page\">\n\t\t\t\t\t\t<section class=\"elementor-section elementor-top-section elementor-element elementor-element-370f9772 elementor-section-boxed elementor-section-height-default elementor-section-height-default\" data-id=\"370f9772\" data-element_type=\"section\" data-e-type=\"section\" data-settings=\"{&quot;background_background&quot;:&quot;classic&quot;}\">\n\t\t\t\t\t\t<div class=\"elementor-container elementor-column-gap-default\">\n\t\t\t\t\t<div class=\"elementor-column elementor-col-33 elementor-top-column elementor-element elementor-element-507e3b76\" data-id=\"507e3b76\" data-element_type=\"column\" data-e-type=\"column\" data-settings=\"{&quot;background_background&quot;:&quot;gradient&quot;}\">\n\t\t\t<div class=\"elementor-widget-wrap elementor-element-populated\">\n\t\t\t\t\t\t<div class=\"elementor-element elementor-element-7c1dd326 elementor-widget elementor-widget-text-editor\" data-id=\"7c1dd326\" data-element_type=\"widget\" data-e-type=\"widget\" data-widget_type=\"text-editor.default\">\n\t\t\t\t<div class=\"elementor-widget-container\">\n\t\t\t\t\t\t\t\t\t<p><span style=\"color: #ffffff;\">Di\u011fer \u00dcr\u00fcnler<\/span><\/p>\t\t\t\t\t\t\t\t<\/div>\n\t\t\t\t<\/div>\n\t\t\t\t<div class=\"elementor-element elementor-element-2c842ab9 elementor-widget elementor-widget-text-editor\" data-id=\"2c842ab9\" data-element_type=\"widget\" data-e-type=\"widget\" data-widget_type=\"text-editor.default\">\n\t\t\t\t<div class=\"elementor-widget-container\">\n\t\t\t\t\t\t\t\t\t<ul><li><span style=\"text-decoration: underline;\"><span style=\"color: #ffffff; text-decoration: underline;\">Kau\u00e7uk Profiller<\/span><\/span><ul><li><a href=\"https:\/\/www.arsan.com\/urunlerimiz\/diger-urunler\/d-profiller\/\">D Profiller<\/a><\/li><li><a href=\"https:\/\/www.arsan.com\/urunlerimiz\/diger-urunler\/dorse-kapi-profiller\/\">Dorse Kap\u0131 Profilleri<\/a><\/li><li><a href=\"https:\/\/www.arsan.com\/urunlerimiz\/diger-urunler\/dilatasyon-profilleri\/\">Dilatasyon Profilleri<\/a><\/li><li><a href=\"https:\/\/www.arsan.com\/urunlerimiz\/diger-urunler\/kanal-kapak-contalari\/\">Kanal Kapak Contalar\u0131<\/a><\/li><li><a href=\"https:\/\/www.arsan.com\/urunlerimiz\/diger-urunler\/kelepce-lastikleri\/\">Kelep\u00e7e Lastikleri<\/a><\/li><li><a href=\"https:\/\/www.arsan.com\/urunlerimiz\/diger-urunler\/kapi-garaj-profilleri\/\">Kap\u0131 Garaj Profilleri<\/a><\/li><li><a href=\"https:\/\/www.arsan.com\/urunlerimiz\/diger-urunler\/kablo-koruma-profilleri\/\">Kablo Koruma Profilleri<\/a><\/li><li><a href=\"https:\/\/www.arsan.com\/urunlerimiz\/diger-urunler\/bant-profiller\/\">Bant Profiller<\/a><\/li><li><a href=\"https:\/\/www.arsan.com\/urunlerimiz\/diger-urunler\/p-profiller\/\">P Profiller<\/a><\/li><li><a href=\"https:\/\/www.arsan.com\/urunlerimiz\/diger-urunler\/l-profiller\/\">L Profiller<\/a><\/li><li><a href=\"https:\/\/www.arsan.com\/urunlerimiz\/diger-urunler\/u-profiller\/\">U Profiller<\/a><\/li><li><a href=\"https:\/\/www.arsan.com\/urunlerimiz\/diger-urunler\/cesitli-profiller\/\">\u00c7e\u015fitli Profiller<\/a><\/li><\/ul><\/li><li><span style=\"text-decoration: underline;\"><span style=\"color: #ffffff; text-decoration: underline;\">Duvar K\u00f6\u015fe Koruma<\/span><\/span><ul><li><a href=\"https:\/\/www.arsan.com\/urunlerimiz\/diger-urunler\/reflektif-kose-koruma\/\">Reflektif K\u00f6\u015fe Koruma<\/a><\/li><li><a href=\"https:\/\/www.arsan.com\/urunlerimiz\/diger-urunler\/duvar-koruma\/\">Duvar Koruma<\/a><\/li><li><a href=\"https:\/\/www.arsan.com\/urunlerimiz\/diger-urunler\/kose-koruma\/\">K\u00f6\u015fe Koruma<\/a><\/li><li><a href=\"https:\/\/www.arsan.com\/urunlerimiz\/diger-urunler\/hiz-kasisi\/\">H\u0131z Kasisi<\/a><\/li><li><a href=\"https:\/\/www.arsan.com\/urunlerimiz\/diger-urunler\/kaucuk-bariyer\/\">Kau\u00e7uk Bariyer<\/a><\/li><\/ul><\/li><\/ul>\t\t\t\t\t\t\t\t<\/div>\n\t\t\t\t<\/div>\n\t\t\t\t\t<\/div>\n\t\t<\/div>\n\t\t\t\t<div class=\"elementor-column elementor-col-66 elementor-top-column elementor-element elementor-element-3243abcd\" data-id=\"3243abcd\" data-element_type=\"column\" data-e-type=\"column\">\n\t\t\t<div class=\"elementor-widget-wrap elementor-element-populated\">\n\t\t\t\t\t\t<div class=\"elementor-element elementor-element-6f6a481d elementor-widget elementor-widget-image\" data-id=\"6f6a481d\" data-element_type=\"widget\" data-e-type=\"widget\" data-widget_type=\"image.default\">\n\t\t\t\t<div class=\"elementor-widget-container\">\n\t\t\t\t\t\t\t\t\t\t\t\t\t\t\t<img fetchpriority=\"high\" decoding=\"async\" width=\"1100\" height=\"300\" src=\"https:\/\/www.arsan.com\/wp-content\/uploads\/2022\/12\/diger-urunler.jpg\" class=\"attachment-full size-full wp-image-4403\" alt=\"\" srcset=\"https:\/\/www.arsan.com\/wp-content\/uploads\/2022\/12\/diger-urunler.jpg 1100w, https:\/\/www.arsan.com\/wp-content\/uploads\/2022\/12\/diger-urunler-300x82.jpg 300w, https:\/\/www.arsan.com\/wp-content\/uploads\/2022\/12\/diger-urunler-1024x279.jpg 1024w, https:\/\/www.arsan.com\/wp-content\/uploads\/2022\/12\/diger-urunler-768x209.jpg 768w, https:\/\/www.arsan.com\/wp-content\/uploads\/2022\/12\/diger-urunler-18x5.jpg 18w\" sizes=\"(max-width: 1100px) 100vw, 1100px\" \/>\t\t\t\t\t\t\t\t\t\t\t\t\t\t\t<\/div>\n\t\t\t\t<\/div>\n\t\t\t\t<div class=\"elementor-element elementor-element-599af4a gallery-spacing-custom elementor-widget elementor-widget-image-gallery\" data-id=\"599af4a\" data-element_type=\"widget\" data-e-type=\"widget\" data-widget_type=\"image-gallery.default\">\n\t\t\t\t<div class=\"elementor-widget-container\">\n\t\t\t\t\t\t\t<div class=\"elementor-image-gallery\">\n\t\t\t<div id='gallery-20' class='gallery galleryid-1983 gallery-columns-1 gallery-size-full'><figure class='gallery-item'>\n\t\t\t<div class='gallery-icon landscape'>\n\t\t\t\t<a data-elementor-open-lightbox=\"yes\" data-elementor-lightbox-slideshow=\"599af4a\" data-elementor-lightbox-title=\"Asset 1\" data-e-action-hash=\"#elementor-action%3Aaction%3Dlightbox%26settings%3DeyJpZCI6MjA5MywidXJsIjoiaHR0cHM6XC9cL3d3dy5hcnNhbi5jb21cL3dwLWNvbnRlbnRcL3VwbG9hZHNcLzIwMjBcLzEwXC9Bc3NldC0xLTUucG5nIiwic2xpZGVzaG93IjoiNTk5YWY0YSJ9\" href='https:\/\/www.arsan.com\/wp-content\/uploads\/2020\/10\/Asset-1-5.png' data-lbwps-width=\"1953\" data-lbwps-height=\"694\" data-lbwps-srcsmall=\"https:\/\/www.arsan.com\/wp-content\/uploads\/2020\/10\/Asset-1-5.png\"><img decoding=\"async\" width=\"1953\" height=\"694\" src=\"https:\/\/www.arsan.com\/wp-content\/uploads\/2020\/10\/Asset-1-5.png\" class=\"attachment-full size-full\" alt=\"\" aria-describedby=\"gallery-20-2093\" srcset=\"https:\/\/www.arsan.com\/wp-content\/uploads\/2020\/10\/Asset-1-5.png 1953w, https:\/\/www.arsan.com\/wp-content\/uploads\/2020\/10\/Asset-1-5-300x107.png 300w, https:\/\/www.arsan.com\/wp-content\/uploads\/2020\/10\/Asset-1-5-1024x364.png 1024w, https:\/\/www.arsan.com\/wp-content\/uploads\/2020\/10\/Asset-1-5-768x273.png 768w, https:\/\/www.arsan.com\/wp-content\/uploads\/2020\/10\/Asset-1-5-1536x546.png 1536w, https:\/\/www.arsan.com\/wp-content\/uploads\/2020\/10\/Asset-1-5-16x6.png 16w, https:\/\/www.arsan.com\/wp-content\/uploads\/2020\/10\/Asset-1-5-1200x426.png 1200w\" sizes=\"(max-width: 1953px) 100vw, 1953px\" \/><\/a>\n\t\t\t<\/div>\n\t\t\t\t<figcaption class='wp-caption-text gallery-caption' id='gallery-20-2093'>\n\t\t\t\tCode: 321.089\n\t\t\t\t<\/figcaption><\/figure><figure class='gallery-item'>\n\t\t\t<div class='gallery-icon landscape'>\n\t\t\t\t<a data-elementor-open-lightbox=\"yes\" data-elementor-lightbox-slideshow=\"599af4a\" data-elementor-lightbox-title=\"Asset 2\" data-e-action-hash=\"#elementor-action%3Aaction%3Dlightbox%26settings%3DeyJpZCI6MjA5NCwidXJsIjoiaHR0cHM6XC9cL3d3dy5hcnNhbi5jb21cL3dwLWNvbnRlbnRcL3VwbG9hZHNcLzIwMjBcLzEwXC9Bc3NldC0yLTQucG5nIiwic2xpZGVzaG93IjoiNTk5YWY0YSJ9\" href='https:\/\/www.arsan.com\/wp-content\/uploads\/2020\/10\/Asset-2-4.png' data-lbwps-width=\"1953\" data-lbwps-height=\"694\" data-lbwps-srcsmall=\"https:\/\/www.arsan.com\/wp-content\/uploads\/2020\/10\/Asset-2-4.png\"><img decoding=\"async\" width=\"1953\" height=\"694\" src=\"https:\/\/www.arsan.com\/wp-content\/uploads\/2020\/10\/Asset-2-4.png\" class=\"attachment-full size-full\" alt=\"\" aria-describedby=\"gallery-20-2094\" srcset=\"https:\/\/www.arsan.com\/wp-content\/uploads\/2020\/10\/Asset-2-4.png 1953w, https:\/\/www.arsan.com\/wp-content\/uploads\/2020\/10\/Asset-2-4-300x107.png 300w, https:\/\/www.arsan.com\/wp-content\/uploads\/2020\/10\/Asset-2-4-1024x364.png 1024w, https:\/\/www.arsan.com\/wp-content\/uploads\/2020\/10\/Asset-2-4-768x273.png 768w, https:\/\/www.arsan.com\/wp-content\/uploads\/2020\/10\/Asset-2-4-1536x546.png 1536w, https:\/\/www.arsan.com\/wp-content\/uploads\/2020\/10\/Asset-2-4-16x6.png 16w, https:\/\/www.arsan.com\/wp-content\/uploads\/2020\/10\/Asset-2-4-1200x426.png 1200w\" sizes=\"(max-width: 1953px) 100vw, 1953px\" \/><\/a>\n\t\t\t<\/div>\n\t\t\t\t<figcaption class='wp-caption-text gallery-caption' id='gallery-20-2094'>\n\t\t\t\t Code: 321.084\n\t\t\t\t<\/figcaption><\/figure><figure class='gallery-item'>\n\t\t\t<div class='gallery-icon landscape'>\n\t\t\t\t<a data-elementor-open-lightbox=\"yes\" data-elementor-lightbox-slideshow=\"599af4a\" data-elementor-lightbox-title=\"Asset 3\" data-e-action-hash=\"#elementor-action%3Aaction%3Dlightbox%26settings%3DeyJpZCI6MjA5NSwidXJsIjoiaHR0cHM6XC9cL3d3dy5hcnNhbi5jb21cL3dwLWNvbnRlbnRcL3VwbG9hZHNcLzIwMjBcLzEwXC9Bc3NldC0zLTQucG5nIiwic2xpZGVzaG93IjoiNTk5YWY0YSJ9\" href='https:\/\/www.arsan.com\/wp-content\/uploads\/2020\/10\/Asset-3-4.png' data-lbwps-width=\"1953\" data-lbwps-height=\"695\" data-lbwps-srcsmall=\"https:\/\/www.arsan.com\/wp-content\/uploads\/2020\/10\/Asset-3-4.png\"><img loading=\"lazy\" decoding=\"async\" width=\"1953\" height=\"695\" src=\"https:\/\/www.arsan.com\/wp-content\/uploads\/2020\/10\/Asset-3-4.png\" class=\"attachment-full size-full\" alt=\"\" aria-describedby=\"gallery-20-2095\" srcset=\"https:\/\/www.arsan.com\/wp-content\/uploads\/2020\/10\/Asset-3-4.png 1953w, https:\/\/www.arsan.com\/wp-content\/uploads\/2020\/10\/Asset-3-4-300x107.png 300w, https:\/\/www.arsan.com\/wp-content\/uploads\/2020\/10\/Asset-3-4-1024x364.png 1024w, https:\/\/www.arsan.com\/wp-content\/uploads\/2020\/10\/Asset-3-4-768x273.png 768w, https:\/\/www.arsan.com\/wp-content\/uploads\/2020\/10\/Asset-3-4-1536x547.png 1536w, https:\/\/www.arsan.com\/wp-content\/uploads\/2020\/10\/Asset-3-4-16x6.png 16w, https:\/\/www.arsan.com\/wp-content\/uploads\/2020\/10\/Asset-3-4-1200x427.png 1200w\" sizes=\"(max-width: 1953px) 100vw, 1953px\" \/><\/a>\n\t\t\t<\/div>\n\t\t\t\t<figcaption class='wp-caption-text gallery-caption' id='gallery-20-2095'>\n\t\t\t\t Code: 514.001\n\t\t\t\t<\/figcaption><\/figure>\n\t\t<\/div>\n\t\t<\/div>\n\t\t\t\t\t\t<\/div>\n\t\t\t\t<\/div>\n\t\t\t\t\t<\/div>\n\t\t<\/div>\n\t\t\t\t\t<\/div>\n\t\t<\/section>\n\t\t\t\t<\/div>\n\t\t","protected":false},"excerpt":{"rendered":"<p>Di\u011fer \u00dcr\u00fcnler Kau\u00e7uk Profiller D Profiller Dorse Kap\u0131 Profilleri Dilatasyon Profilleri Kanal Kapak Contalar\u0131 Kelep\u00e7e Lastikleri Kap\u0131 Garaj Profilleri Kablo Koruma Profilleri Bant Profiller P Profiller L Profiller U Profiller \u00c7e\u015fitli Profiller Duvar K\u00f6\u015fe Koruma Reflektif K\u00f6\u015fe Koruma Duvar Koruma K\u00f6\u015fe Koruma H\u0131z Kasisi Kau\u00e7uk Bariyer Code: 321.089 Code: 321.084 Code: 514.001<\/p>\n","protected":false},"author":2,"featured_media":0,"parent":1548,"menu_order":0,"comment_status":"closed","ping_status":"closed","template":"","meta":{"footnotes":""},"class_list":["post-1983","page","type-page","status-publish","hentry"],"aioseo_notices":[],"_links":{"self":[{"href":"https:\/\/www.arsan.com\/tr\/wp-json\/wp\/v2\/pages\/1983","targetHints":{"allow":["GET"]}}],"collection":[{"href":"https:\/\/www.arsan.com\/tr\/wp-json\/wp\/v2\/pages"}],"about":[{"href":"https:\/\/www.arsan.com\/tr\/wp-json\/wp\/v2\/types\/page"}],"author":[{"embeddable":true,"href":"https:\/\/www.arsan.com\/tr\/wp-json\/wp\/v2\/users\/2"}],"replies":[{"embeddable":true,"href":"https:\/\/www.arsan.com\/tr\/wp-json\/wp\/v2\/comments?post=1983"}],"version-history":[{"count":0,"href":"https:\/\/www.arsan.com\/tr\/wp-json\/wp\/v2\/pages\/1983\/revisions"}],"up":[{"embeddable":true,"href":"https:\/\/www.arsan.com\/tr\/wp-json\/wp\/v2\/pages\/1548"}],"wp:attachment":[{"href":"https:\/\/www.arsan.com\/tr\/wp-json\/wp\/v2\/media?parent=1983"}],"curies":[{"name":"wp","href":"https:\/\/api.w.org\/{rel}","templated":true}]}}