{"id":1914,"date":"2020-10-15T14:56:15","date_gmt":"2020-10-15T11:56:15","guid":{"rendered":"https:\/\/www.arsan.com\/?page_id=1914"},"modified":"2023-02-21T14:21:21","modified_gmt":"2023-02-21T11:21:21","slug":"duktil-boru-contalari","status":"publish","type":"page","link":"https:\/\/www.arsan.com\/tr\/urunlerimiz\/boru-contalari\/duktil-boru-contalari\/","title":{"rendered":"D\u00fcktil Boru Contalar\u0131"},"content":{"rendered":"\t\t<div data-elementor-type=\"wp-page\" data-elementor-id=\"1914\" class=\"elementor elementor-1914\" data-elementor-post-type=\"page\">\n\t\t\t\t\t\t<section class=\"elementor-section elementor-top-section elementor-element elementor-element-59e3dc29 elementor-section-boxed elementor-section-height-default elementor-section-height-default\" data-id=\"59e3dc29\" data-element_type=\"section\" data-e-type=\"section\" data-settings=\"{&quot;background_background&quot;:&quot;classic&quot;}\">\n\t\t\t\t\t\t<div class=\"elementor-container elementor-column-gap-default\">\n\t\t\t\t\t<div class=\"elementor-column elementor-col-33 elementor-top-column elementor-element elementor-element-6c412728\" data-id=\"6c412728\" data-element_type=\"column\" data-e-type=\"column\" data-settings=\"{&quot;background_background&quot;:&quot;gradient&quot;}\">\n\t\t\t<div class=\"elementor-widget-wrap elementor-element-populated\">\n\t\t\t\t\t\t<div class=\"elementor-element elementor-element-41686b0e elementor-widget elementor-widget-text-editor\" data-id=\"41686b0e\" data-element_type=\"widget\" data-e-type=\"widget\" data-widget_type=\"text-editor.default\">\n\t\t\t\t<div class=\"elementor-widget-container\">\n\t\t\t\t\t\t\t\t\t<p><span style=\"color: #ffffff;\">Boru Contalar\u0131<\/span><\/p>\t\t\t\t\t\t\t\t<\/div>\n\t\t\t\t<\/div>\n\t\t\t\t<div class=\"elementor-element elementor-element-f8c9a2 elementor-widget elementor-widget-text-editor\" data-id=\"f8c9a2\" data-element_type=\"widget\" data-e-type=\"widget\" data-widget_type=\"text-editor.default\">\n\t\t\t\t<div class=\"elementor-widget-container\">\n\t\t\t\t\t\t\t\t\t<ul><li><a href=\"https:\/\/www.arsan.com\/urunlerimiz\/boru-contalari\/ctp-boru-contalari\/\"><span style=\"text-decoration: underline;\"><span style=\"text-decoration: underline;\">CTP Boru Contalar\u0131<\/span><\/span><\/a><\/li><li><span style=\"text-decoration: underline;\"><span style=\"color: #ffffff; text-decoration: underline;\">Beton Boru Contalar\u0131<\/span><\/span><ul><li><a href=\"https:\/\/www.arsan.com\/urunlerimiz\/boru-contalari\/entegre-boru-contalari\/\">Entegre Boru Contalar\u0131<\/a><\/li><li><a href=\"https:\/\/www.arsan.com\/urunlerimiz\/boru-contalari\/amg-profiller-tek-tirnak\/\">AMG Profiller (Tek t\u0131rnak)<\/a><\/li><li><a href=\"https:\/\/www.arsan.com\/urunlerimiz\/boru-contalari\/damla-kesit-sigur\/\">Damla Kesit &amp; Sigur<\/a><\/li><\/ul><\/li><li><a href=\"https:\/\/www.arsan.com\/urunlerimiz\/boru-contalari\/koruge-boru-contalari\/\"><span style=\"text-decoration: underline;\"><span style=\"text-decoration: underline;\">Koruge Boru Contalar\u0131<\/span><\/span><\/a><\/li><li><span style=\"text-decoration: underline;\"><a href=\"https:\/\/www.arsan.com\/urunlerimiz\/boru-contalari\/duktil-boru-contalari\/\">D\u00fcktil Boru Contalar\u0131<\/a><\/span><\/li><\/ul>\t\t\t\t\t\t\t\t<\/div>\n\t\t\t\t<\/div>\n\t\t\t\t\t<\/div>\n\t\t<\/div>\n\t\t\t\t<div class=\"elementor-column elementor-col-66 elementor-top-column elementor-element elementor-element-48988815\" data-id=\"48988815\" data-element_type=\"column\" data-e-type=\"column\">\n\t\t\t<div class=\"elementor-widget-wrap elementor-element-populated\">\n\t\t\t\t\t\t<div class=\"elementor-element elementor-element-3120a81c elementor-widget elementor-widget-image\" data-id=\"3120a81c\" data-element_type=\"widget\" data-e-type=\"widget\" data-widget_type=\"image.default\">\n\t\t\t\t<div class=\"elementor-widget-container\">\n\t\t\t\t\t\t\t\t\t\t\t\t\t\t\t<img fetchpriority=\"high\" decoding=\"async\" width=\"1100\" height=\"300\" src=\"https:\/\/www.arsan.com\/wp-content\/uploads\/2022\/12\/duktil-boru-contalari.jpg\" class=\"attachment-full size-full wp-image-4328\" alt=\"\" srcset=\"https:\/\/www.arsan.com\/wp-content\/uploads\/2022\/12\/duktil-boru-contalari.jpg 1100w, https:\/\/www.arsan.com\/wp-content\/uploads\/2022\/12\/duktil-boru-contalari-300x82.jpg 300w, https:\/\/www.arsan.com\/wp-content\/uploads\/2022\/12\/duktil-boru-contalari-1024x279.jpg 1024w, https:\/\/www.arsan.com\/wp-content\/uploads\/2022\/12\/duktil-boru-contalari-768x209.jpg 768w, https:\/\/www.arsan.com\/wp-content\/uploads\/2022\/12\/duktil-boru-contalari-18x5.jpg 18w\" sizes=\"(max-width: 1100px) 100vw, 1100px\" \/>\t\t\t\t\t\t\t\t\t\t\t\t\t\t\t<\/div>\n\t\t\t\t<\/div>\n\t\t\t\t<div class=\"elementor-element elementor-element-1fbc11d5 elementor-widget elementor-widget-text-editor\" data-id=\"1fbc11d5\" data-element_type=\"widget\" data-e-type=\"widget\" data-widget_type=\"text-editor.default\">\n\t\t\t\t<div class=\"elementor-widget-container\">\n\t\t\t\t\t\t\t\t\t<p>\u00c7ift sertlikli olarak \u00fcretilen D\u00fcktil boru contalar\u0131nda sert olan k\u0131s\u0131m kuvvetli tutunmay\u0131 sa\u011flarken, yumu\u015fak olan k\u0131s\u0131m montaj s\u0131ras\u0131nda kolayl\u0131k ve s\u0131zd\u0131rmazl\u0131\u011f\u0131 sa\u011flar.<\/p><p>Arsan taraf\u0131ndan \u00fcretilen d\u00fcktil contalar EN 681-1 WA\/WC standartlar\u0131na uygun olup Dn 80 ile Dn 1000 \u00e7aplar\u0131nda \u00fcretim yap\u0131lmaktad\u0131r.<\/p><p>\u00a0<\/p>\t\t\t\t\t\t\t\t<\/div>\n\t\t\t\t<\/div>\n\t\t\t\t<div class=\"elementor-element elementor-element-32d4d14 elementor-widget elementor-widget-image\" data-id=\"32d4d14\" data-element_type=\"widget\" data-e-type=\"widget\" data-widget_type=\"image.default\">\n\t\t\t\t<div class=\"elementor-widget-container\">\n\t\t\t\t\t\t\t\t\t\t\t\t\t\t\t<img decoding=\"async\" width=\"1000\" height=\"139\" src=\"https:\/\/www.arsan.com\/wp-content\/uploads\/2020\/10\/duktilealt.png\" class=\"attachment-full size-full wp-image-1929\" alt=\"\" srcset=\"https:\/\/www.arsan.com\/wp-content\/uploads\/2020\/10\/duktilealt.png 1000w, https:\/\/www.arsan.com\/wp-content\/uploads\/2020\/10\/duktilealt-300x42.png 300w, https:\/\/www.arsan.com\/wp-content\/uploads\/2020\/10\/duktilealt-768x107.png 768w, https:\/\/www.arsan.com\/wp-content\/uploads\/2020\/10\/duktilealt-16x2.png 16w\" sizes=\"(max-width: 1000px) 100vw, 1000px\" \/>\t\t\t\t\t\t\t\t\t\t\t\t\t\t\t<\/div>\n\t\t\t\t<\/div>\n\t\t\t\t<div class=\"elementor-element elementor-element-d6e2207 elementor-widget elementor-widget-image\" data-id=\"d6e2207\" data-element_type=\"widget\" data-e-type=\"widget\" data-widget_type=\"image.default\">\n\t\t\t\t<div class=\"elementor-widget-container\">\n\t\t\t\t\t\t\t\t\t\t\t\t\t\t\t<img decoding=\"async\" width=\"1000\" height=\"600\" src=\"https:\/\/www.arsan.com\/wp-content\/uploads\/2020\/10\/duktil1-2.png\" class=\"attachment-full size-full wp-image-1927\" alt=\"\" srcset=\"https:\/\/www.arsan.com\/wp-content\/uploads\/2020\/10\/duktil1-2.png 1000w, https:\/\/www.arsan.com\/wp-content\/uploads\/2020\/10\/duktil1-2-300x180.png 300w, https:\/\/www.arsan.com\/wp-content\/uploads\/2020\/10\/duktil1-2-768x461.png 768w, https:\/\/www.arsan.com\/wp-content\/uploads\/2020\/10\/duktil1-2-16x10.png 16w, https:\/\/www.arsan.com\/wp-content\/uploads\/2020\/10\/duktil1-2-447x268.png 447w\" sizes=\"(max-width: 1000px) 100vw, 1000px\" \/>\t\t\t\t\t\t\t\t\t\t\t\t\t\t\t<\/div>\n\t\t\t\t<\/div>\n\t\t\t\t\t<\/div>\n\t\t<\/div>\n\t\t\t\t\t<\/div>\n\t\t<\/section>\n\t\t\t\t<\/div>\n\t\t","protected":false},"excerpt":{"rendered":"<p>Boru Contalar\u0131 CTP Boru Contalar\u0131 Beton Boru Contalar\u0131 Entegre Boru Contalar\u0131 AMG Profiller (Tek t\u0131rnak) Damla Kesit &amp; Sigur Koruge Boru Contalar\u0131 D\u00fcktil Boru Contalar\u0131 \u00c7ift sertlikli olarak \u00fcretilen D\u00fcktil boru contalar\u0131nda sert olan k\u0131s\u0131m kuvvetli tutunmay\u0131 sa\u011flarken, yumu\u015fak olan k\u0131s\u0131m montaj s\u0131ras\u0131nda kolayl\u0131k ve s\u0131zd\u0131rmazl\u0131\u011f\u0131 sa\u011flar. Arsan taraf\u0131ndan \u00fcretilen d\u00fcktil contalar EN 681-1 WA\/WC [&hellip;]<\/p>\n","protected":false},"author":2,"featured_media":0,"parent":1544,"menu_order":0,"comment_status":"closed","ping_status":"closed","template":"","meta":{"footnotes":""},"class_list":["post-1914","page","type-page","status-publish","hentry"],"aioseo_notices":[],"_links":{"self":[{"href":"https:\/\/www.arsan.com\/tr\/wp-json\/wp\/v2\/pages\/1914","targetHints":{"allow":["GET"]}}],"collection":[{"href":"https:\/\/www.arsan.com\/tr\/wp-json\/wp\/v2\/pages"}],"about":[{"href":"https:\/\/www.arsan.com\/tr\/wp-json\/wp\/v2\/types\/page"}],"author":[{"embeddable":true,"href":"https:\/\/www.arsan.com\/tr\/wp-json\/wp\/v2\/users\/2"}],"replies":[{"embeddable":true,"href":"https:\/\/www.arsan.com\/tr\/wp-json\/wp\/v2\/comments?post=1914"}],"version-history":[{"count":0,"href":"https:\/\/www.arsan.com\/tr\/wp-json\/wp\/v2\/pages\/1914\/revisions"}],"up":[{"embeddable":true,"href":"https:\/\/www.arsan.com\/tr\/wp-json\/wp\/v2\/pages\/1544"}],"wp:attachment":[{"href":"https:\/\/www.arsan.com\/tr\/wp-json\/wp\/v2\/media?parent=1914"}],"curies":[{"name":"wp","href":"https:\/\/api.w.org\/{rel}","templated":true}]}}