{"id":1841,"date":"2020-10-14T22:51:34","date_gmt":"2020-10-14T19:51:34","guid":{"rendered":"https:\/\/www.arsan.com\/?page_id=1841"},"modified":"2022-12-23T11:38:39","modified_gmt":"2022-12-23T08:38:39","slug":"koruge-boru-contalari","status":"publish","type":"page","link":"https:\/\/www.arsan.com\/tr\/urunlerimiz\/boru-contalari\/koruge-boru-contalari\/","title":{"rendered":"Koruge Boru Contalar\u0131"},"content":{"rendered":"\t\t<div data-elementor-type=\"wp-page\" data-elementor-id=\"1841\" class=\"elementor elementor-1841\" data-elementor-post-type=\"page\">\n\t\t\t\t\t\t<section class=\"elementor-section elementor-top-section elementor-element elementor-element-43a5ebf2 elementor-section-boxed elementor-section-height-default elementor-section-height-default\" data-id=\"43a5ebf2\" data-element_type=\"section\" data-e-type=\"section\" data-settings=\"{&quot;background_background&quot;:&quot;classic&quot;}\">\n\t\t\t\t\t\t<div class=\"elementor-container elementor-column-gap-default\">\n\t\t\t\t\t<div class=\"elementor-column elementor-col-33 elementor-top-column elementor-element elementor-element-5498725c\" data-id=\"5498725c\" data-element_type=\"column\" data-e-type=\"column\" data-settings=\"{&quot;background_background&quot;:&quot;gradient&quot;}\">\n\t\t\t<div class=\"elementor-widget-wrap elementor-element-populated\">\n\t\t\t\t\t\t<div class=\"elementor-element elementor-element-38564261 elementor-widget elementor-widget-text-editor\" data-id=\"38564261\" data-element_type=\"widget\" data-e-type=\"widget\" data-widget_type=\"text-editor.default\">\n\t\t\t\t<div class=\"elementor-widget-container\">\n\t\t\t\t\t\t\t\t\t<p><span style=\"color: #ffffff;\">Boru Contalar\u0131<\/span><\/p>\t\t\t\t\t\t\t\t<\/div>\n\t\t\t\t<\/div>\n\t\t\t\t<div class=\"elementor-element elementor-element-41dce321 elementor-widget elementor-widget-text-editor\" data-id=\"41dce321\" data-element_type=\"widget\" data-e-type=\"widget\" data-widget_type=\"text-editor.default\">\n\t\t\t\t<div class=\"elementor-widget-container\">\n\t\t\t\t\t\t\t\t\t<ul><li><a href=\"https:\/\/www.arsan.com\/urunlerimiz\/boru-contalari\/ctp-boru-contalari\/\"><span style=\"text-decoration: underline;\">CTP Boru Contalar\u0131<\/span><\/a><\/li><li><span style=\"text-decoration: underline;\"><span style=\"color: #ffffff; text-decoration: underline;\">Beton Boru Contalar\u0131<\/span><\/span><ul><li><a href=\"https:\/\/www.arsan.com\/urunlerimiz\/boru-contalari\/entegre-boru-contalari\/\">Entegre Boru Contalar\u0131<\/a><\/li><li><a href=\"https:\/\/www.arsan.com\/urunlerimiz\/boru-contalari\/amg-profiller-tek-tirnak\/\">AMG Profiller (Tek t\u0131rnak)<\/a><\/li><li><a href=\"https:\/\/www.arsan.com\/urunlerimiz\/boru-contalari\/damla-kesit-sigur\/\">Damla Kesit &amp; Sigur<\/a><\/li><\/ul><\/li><li><a href=\"https:\/\/www.arsan.com\/urunlerimiz\/boru-contalari\/koruge-boru-contalari\/\"><span style=\"text-decoration: underline;\">Koruge Boru Contalar\u0131<\/span><\/a><\/li><li><span style=\"text-decoration: underline;\"><a href=\"https:\/\/www.arsan.com\/urunlerimiz\/boru-contalari\/duktil-boru-contalari\/\">D\u00fcktil Boru Contalar\u0131<\/a><\/span><\/li><\/ul>\t\t\t\t\t\t\t\t<\/div>\n\t\t\t\t<\/div>\n\t\t\t\t\t<\/div>\n\t\t<\/div>\n\t\t\t\t<div class=\"elementor-column elementor-col-66 elementor-top-column elementor-element elementor-element-76b55e12\" data-id=\"76b55e12\" data-element_type=\"column\" data-e-type=\"column\">\n\t\t\t<div class=\"elementor-widget-wrap elementor-element-populated\">\n\t\t\t\t\t\t<div class=\"elementor-element elementor-element-6dd2c900 elementor-widget elementor-widget-image\" data-id=\"6dd2c900\" data-element_type=\"widget\" data-e-type=\"widget\" data-widget_type=\"image.default\">\n\t\t\t\t<div class=\"elementor-widget-container\">\n\t\t\t\t\t\t\t\t\t\t\t\t\t\t\t<img fetchpriority=\"high\" decoding=\"async\" width=\"1100\" height=\"300\" src=\"https:\/\/www.arsan.com\/wp-content\/uploads\/2022\/12\/koruge-boru-contalari.jpg\" class=\"attachment-full size-full wp-image-4324\" alt=\"\" srcset=\"https:\/\/www.arsan.com\/wp-content\/uploads\/2022\/12\/koruge-boru-contalari.jpg 1100w, https:\/\/www.arsan.com\/wp-content\/uploads\/2022\/12\/koruge-boru-contalari-300x82.jpg 300w, https:\/\/www.arsan.com\/wp-content\/uploads\/2022\/12\/koruge-boru-contalari-1024x279.jpg 1024w, https:\/\/www.arsan.com\/wp-content\/uploads\/2022\/12\/koruge-boru-contalari-768x209.jpg 768w, https:\/\/www.arsan.com\/wp-content\/uploads\/2022\/12\/koruge-boru-contalari-18x5.jpg 18w\" sizes=\"(max-width: 1100px) 100vw, 1100px\" \/>\t\t\t\t\t\t\t\t\t\t\t\t\t\t\t<\/div>\n\t\t\t\t<\/div>\n\t\t\t\t<div class=\"elementor-element elementor-element-108cd136 elementor-widget elementor-widget-text-editor\" data-id=\"108cd136\" data-element_type=\"widget\" data-e-type=\"widget\" data-widget_type=\"text-editor.default\">\n\t\t\t\t<div class=\"elementor-widget-container\">\n\t\t\t\t\t\t\t\t\t<p>Arsan Kau\u00e7uk taraf\u0131ndan \u00fcretilen koruge boru contalar\u0131 681-1 standartlar\u0131na uygun olarak \u00fcretilir. Conta dizayn\u0131 firmam\u0131z taraf\u0131ndan, her boru \u00fcreticisini \u00fcr\u00fcnlerine uygun olarak tasarlan\u0131r. S\u0131zd\u0131rmazl\u0131k testlerinin onay\u0131ndan sonra \u00fcretime al\u0131n\u0131r.<\/p><p>Contalar i\u00e7 ve d\u0131\u015f bas\u0131n\u00e7ta test edildi\u011finde 0,5 Bar\u2019da s\u0131zd\u0131rmazl\u0131\u011f\u0131 sa\u011flamal\u0131d\u0131r.<\/p><p>Koruge boru contalar\u0131, PE, PP ve PVC koruge borular\u0131 i\u00e7in, y\u00fcksek standartlara uygun olarak dizayn edilmekte ve Arsan Kau\u00e7uk\u2019un 60 y\u0131l\u0131 a\u015fk\u0131n tecr\u00fcbesi ile \u00fcretilmektedir.<\/p><p>Arsan koruge boru contalar\u0131, boru\/muf ya da boru\/man\u015fon aras\u0131nda kalan bo\u015flu\u011fu doldurmak ve bu b\u00f6lgede olu\u015fabilecek, d\u0131\u015far\u0131dan i\u00e7eriye ya da i\u00e7eriden d\u0131\u015far\u0131ya su s\u0131z\u0131nt\u0131lar\u0131n\u0131 engellemek i\u00e7in geli\u015ftirilmi\u015ftir.<\/p><p>Koru boru contalar\u0131; G\u00f6vde, s\u0131zd\u0131rmazl\u0131\u011f\u0131n olu\u015fmas\u0131 i\u00e7in olu\u015fturulan dil ve contan\u0131n mukavemetini artt\u0131ran dudaklardan meydana gelir. Contan\u0131n g\u00f6vdesi boru \u00fczerinde kaburga aral\u0131\u011f\u0131na s\u0131k\u0131ca oturmal\u0131d\u0131r. Contan\u0131n s\u0131zd\u0131rmazl\u0131\u011f\u0131nda etken olan dil ise hem esnek, hem de i\u00e7eride olu\u015facak bas\u0131nca kar\u015f\u0131 diren\u00e7li olmal\u0131d\u0131r.<\/p><p>\u00a0<\/p><div id=\"gtx-trans\" style=\"position: absolute; left: -4px; top: 429.667px;\"><div class=\"gtx-trans-icon\">\u00a0<\/div><\/div>\t\t\t\t\t\t\t\t<\/div>\n\t\t\t\t<\/div>\n\t\t\t\t\t<\/div>\n\t\t<\/div>\n\t\t\t\t\t<\/div>\n\t\t<\/section>\n\t\t\t\t<\/div>\n\t\t","protected":false},"excerpt":{"rendered":"<p>Boru Contalar\u0131 CTP Boru Contalar\u0131 Beton Boru Contalar\u0131 Entegre Boru Contalar\u0131 AMG Profiller (Tek t\u0131rnak) Damla Kesit &amp; Sigur Koruge Boru Contalar\u0131 D\u00fcktil Boru Contalar\u0131 Arsan Kau\u00e7uk taraf\u0131ndan \u00fcretilen koruge boru contalar\u0131 681-1 standartlar\u0131na uygun olarak \u00fcretilir. Conta dizayn\u0131 firmam\u0131z taraf\u0131ndan, her boru \u00fcreticisini \u00fcr\u00fcnlerine uygun olarak tasarlan\u0131r. S\u0131zd\u0131rmazl\u0131k testlerinin onay\u0131ndan sonra \u00fcretime al\u0131n\u0131r. Contalar [&hellip;]<\/p>\n","protected":false},"author":2,"featured_media":0,"parent":1544,"menu_order":0,"comment_status":"closed","ping_status":"closed","template":"","meta":{"footnotes":""},"class_list":["post-1841","page","type-page","status-publish","hentry"],"aioseo_notices":[],"_links":{"self":[{"href":"https:\/\/www.arsan.com\/tr\/wp-json\/wp\/v2\/pages\/1841","targetHints":{"allow":["GET"]}}],"collection":[{"href":"https:\/\/www.arsan.com\/tr\/wp-json\/wp\/v2\/pages"}],"about":[{"href":"https:\/\/www.arsan.com\/tr\/wp-json\/wp\/v2\/types\/page"}],"author":[{"embeddable":true,"href":"https:\/\/www.arsan.com\/tr\/wp-json\/wp\/v2\/users\/2"}],"replies":[{"embeddable":true,"href":"https:\/\/www.arsan.com\/tr\/wp-json\/wp\/v2\/comments?post=1841"}],"version-history":[{"count":0,"href":"https:\/\/www.arsan.com\/tr\/wp-json\/wp\/v2\/pages\/1841\/revisions"}],"up":[{"embeddable":true,"href":"https:\/\/www.arsan.com\/tr\/wp-json\/wp\/v2\/pages\/1544"}],"wp:attachment":[{"href":"https:\/\/www.arsan.com\/tr\/wp-json\/wp\/v2\/media?parent=1841"}],"curies":[{"name":"wp","href":"https:\/\/api.w.org\/{rel}","templated":true}]}}