{"id":1836,"date":"2020-10-14T22:49:42","date_gmt":"2020-10-14T19:49:42","guid":{"rendered":"https:\/\/www.arsan.com\/?page_id=1836"},"modified":"2022-12-27T09:05:53","modified_gmt":"2022-12-27T06:05:53","slug":"damla-kesit-sigur","status":"publish","type":"page","link":"https:\/\/www.arsan.com\/tr\/urunlerimiz\/boru-contalari\/damla-kesit-sigur\/","title":{"rendered":"Damla Kesit &#038; Sigur"},"content":{"rendered":"\t\t<div data-elementor-type=\"wp-page\" data-elementor-id=\"1836\" class=\"elementor elementor-1836\" data-elementor-post-type=\"page\">\n\t\t\t\t\t\t<section class=\"elementor-section elementor-top-section elementor-element elementor-element-6aa957e6 elementor-section-boxed elementor-section-height-default elementor-section-height-default\" data-id=\"6aa957e6\" data-element_type=\"section\" data-e-type=\"section\" data-settings=\"{&quot;background_background&quot;:&quot;classic&quot;}\">\n\t\t\t\t\t\t<div class=\"elementor-container elementor-column-gap-default\">\n\t\t\t\t\t<div class=\"elementor-column elementor-col-33 elementor-top-column elementor-element elementor-element-38b569c8\" data-id=\"38b569c8\" data-element_type=\"column\" data-e-type=\"column\" data-settings=\"{&quot;background_background&quot;:&quot;gradient&quot;}\">\n\t\t\t<div class=\"elementor-widget-wrap elementor-element-populated\">\n\t\t\t\t\t\t<div class=\"elementor-element elementor-element-464b8a92 elementor-widget elementor-widget-text-editor\" data-id=\"464b8a92\" data-element_type=\"widget\" data-e-type=\"widget\" data-widget_type=\"text-editor.default\">\n\t\t\t\t<div class=\"elementor-widget-container\">\n\t\t\t\t\t\t\t\t\t<p><span style=\"color: #ffffff;\">Boru Contalar\u0131<\/span><\/p>\t\t\t\t\t\t\t\t<\/div>\n\t\t\t\t<\/div>\n\t\t\t\t<div class=\"elementor-element elementor-element-2d5c4e8 elementor-widget elementor-widget-text-editor\" data-id=\"2d5c4e8\" data-element_type=\"widget\" data-e-type=\"widget\" data-widget_type=\"text-editor.default\">\n\t\t\t\t<div class=\"elementor-widget-container\">\n\t\t\t\t\t\t\t\t\t<ul><li><a href=\"https:\/\/www.arsan.com\/urunlerimiz\/boru-contalari\/ctp-boru-contalari\/\"><span style=\"text-decoration: underline;\">CTP Boru Contalar\u0131<\/span><\/a><\/li><li><span style=\"text-decoration: underline;\"><span style=\"color: #ffffff; text-decoration: underline;\">Beton Boru Contalar\u0131<\/span><\/span><ul><li><a href=\"https:\/\/www.arsan.com\/urunlerimiz\/boru-contalari\/entegre-boru-contalari\/\">Entegre Boru Contalar\u0131<\/a><\/li><li><a href=\"https:\/\/www.arsan.com\/urunlerimiz\/boru-contalari\/amg-profiller-tek-tirnak\/\">AMG Profiller (Tek t\u0131rnak)<\/a><\/li><li><a href=\"https:\/\/www.arsan.com\/urunlerimiz\/boru-contalari\/damla-kesit-sigur\/\">Damla Kesit &amp; Sigur<\/a><\/li><\/ul><\/li><li><a href=\"https:\/\/www.arsan.com\/urunlerimiz\/boru-contalari\/koruge-boru-contalari\/\"><span style=\"text-decoration: underline;\">Koruge Boru Contalar\u0131<\/span><\/a><\/li><li><span style=\"text-decoration: underline;\"><a href=\"https:\/\/www.arsan.com\/urunlerimiz\/boru-contalari\/duktil-boru-contalari\/\">D\u00fcktil Boru Contalar\u0131<\/a><\/span><\/li><\/ul>\t\t\t\t\t\t\t\t<\/div>\n\t\t\t\t<\/div>\n\t\t\t\t\t<\/div>\n\t\t<\/div>\n\t\t\t\t<div class=\"elementor-column elementor-col-66 elementor-top-column elementor-element elementor-element-1f49ad2a\" data-id=\"1f49ad2a\" data-element_type=\"column\" data-e-type=\"column\">\n\t\t\t<div class=\"elementor-widget-wrap elementor-element-populated\">\n\t\t\t\t\t\t<div class=\"elementor-element elementor-element-3efebad3 elementor-widget elementor-widget-image\" data-id=\"3efebad3\" data-element_type=\"widget\" data-e-type=\"widget\" data-widget_type=\"image.default\">\n\t\t\t\t<div class=\"elementor-widget-container\">\n\t\t\t\t\t\t\t\t\t\t\t\t\t\t\t<img fetchpriority=\"high\" decoding=\"async\" width=\"1100\" height=\"300\" src=\"https:\/\/www.arsan.com\/wp-content\/uploads\/2022\/12\/amg-1.jpg\" class=\"attachment-full size-full wp-image-4320\" alt=\"\" srcset=\"https:\/\/www.arsan.com\/wp-content\/uploads\/2022\/12\/amg-1.jpg 1100w, https:\/\/www.arsan.com\/wp-content\/uploads\/2022\/12\/amg-1-300x82.jpg 300w, https:\/\/www.arsan.com\/wp-content\/uploads\/2022\/12\/amg-1-1024x279.jpg 1024w, https:\/\/www.arsan.com\/wp-content\/uploads\/2022\/12\/amg-1-768x209.jpg 768w, https:\/\/www.arsan.com\/wp-content\/uploads\/2022\/12\/amg-1-18x5.jpg 18w\" sizes=\"(max-width: 1100px) 100vw, 1100px\" \/>\t\t\t\t\t\t\t\t\t\t\t\t\t\t\t<\/div>\n\t\t\t\t<\/div>\n\t\t\t\t<div class=\"elementor-element elementor-element-4e6b704a elementor-widget elementor-widget-text-editor\" data-id=\"4e6b704a\" data-element_type=\"widget\" data-e-type=\"widget\" data-widget_type=\"text-editor.default\">\n\t\t\t\t<div class=\"elementor-widget-container\">\n\t\t\t\t\t\t\t\t\t<p><strong>Kullan\u0131m Yeri<\/strong><br \/>Damla Kesit Boru Contalar\u0131, d\u00fc\u015f\u00fck bas\u0131n\u00e7l\u0131 boru ve bacalarda m\u00fckemmel s\u0131zd\u0131rmazl\u0131k sa\u011flar.<\/p><p><strong>Conta dizayn\u0131 ve i\u015flevi<\/strong><br \/>Damla Kesit Boru Contalar\u0131 \u00f6zellikle d\u00fc\u015f\u00fck bas\u0131n\u00e7l\u0131 borular i\u00e7in dizayn edilmi\u015ftir. Ancak uygun contalar y\u00fcksek bas\u0131n\u00e7l\u0131 boru hatlar\u0131nda da kullan\u0131l\u0131r. Contan\u0131n damla kesit yap\u0131s\u0131 s\u0131k\u0131\u015fma an\u0131nda contan\u0131n burkularak zarar g\u00f6rmesini engeller.<\/p><p><strong>Conta Kesit Se\u00e7imi<\/strong><br \/>Do\u011fru conta se\u00e7imi yapabilmek i\u00e7in; boru ile muf aras\u0131nda kalan mesafenin kabaca 1,5 kat\u0131n\u0131 almak gerekir. \u00d6rne\u011fin boru ile muf yada man\u015fon aras\u0131nda 14 mm mesafe bulunuyorsa; 14&#215;1,5 = 21 mm et kal\u0131nl\u0131\u011f\u0131nda conta kullan\u0131lmal\u0131d\u0131r.<\/p><p><strong>Teknik \u00d6zellikler<\/strong><br \/>\u2022 SBR veya EPDM Kau\u00e7uk<br \/>\u2022 60\u00b15 Shore A sertlik<br \/>\u2022 EN 681 &#8211; 1 e uygun<br \/>\u2022 Ozona kar\u015f\u0131 y\u00fcksek diren\u00e7<\/p>\t\t\t\t\t\t\t\t<\/div>\n\t\t\t\t<\/div>\n\t\t\t\t<div class=\"elementor-element elementor-element-1349ba4 gallery-spacing-custom elementor-widget elementor-widget-image-gallery\" data-id=\"1349ba4\" data-element_type=\"widget\" data-e-type=\"widget\" data-widget_type=\"image-gallery.default\">\n\t\t\t\t<div class=\"elementor-widget-container\">\n\t\t\t\t\t\t\t<div class=\"elementor-image-gallery\">\n\t\t\t<div id='gallery-31' class='gallery galleryid-1836 gallery-columns-2 gallery-size-full'><figure class='gallery-item'>\n\t\t\t<div class='gallery-icon landscape'>\n\t\t\t\t<a data-elementor-open-lightbox=\"yes\" data-elementor-lightbox-slideshow=\"1349ba4\" data-elementor-lightbox-title=\"SIGUR-BORU-1\" data-e-action-hash=\"#elementor-action%3Aaction%3Dlightbox%26settings%3DeyJpZCI6MTg3NywidXJsIjoiaHR0cHM6XC9cL3d3dy5hcnNhbi5jb21cL3dwLWNvbnRlbnRcL3VwbG9hZHNcLzIwMjBcLzEwXC9TSUdVUi1CT1JVLTEuanBnIiwic2xpZGVzaG93IjoiMTM0OWJhNCJ9\" href='https:\/\/www.arsan.com\/wp-content\/uploads\/2020\/10\/SIGUR-BORU-1.jpg' data-lbwps-width=\"900\" data-lbwps-height=\"506\" data-lbwps-srcsmall=\"https:\/\/www.arsan.com\/wp-content\/uploads\/2020\/10\/SIGUR-BORU-1.jpg\"><img decoding=\"async\" width=\"900\" height=\"506\" src=\"https:\/\/www.arsan.com\/wp-content\/uploads\/2020\/10\/SIGUR-BORU-1.jpg\" class=\"attachment-full size-full\" alt=\"\" srcset=\"https:\/\/www.arsan.com\/wp-content\/uploads\/2020\/10\/SIGUR-BORU-1.jpg 900w, https:\/\/www.arsan.com\/wp-content\/uploads\/2020\/10\/SIGUR-BORU-1-300x169.jpg 300w, https:\/\/www.arsan.com\/wp-content\/uploads\/2020\/10\/SIGUR-BORU-1-768x432.jpg 768w, https:\/\/www.arsan.com\/wp-content\/uploads\/2020\/10\/SIGUR-BORU-1-16x9.jpg 16w\" sizes=\"(max-width: 900px) 100vw, 900px\" \/><\/a>\n\t\t\t<\/div><\/figure><figure class='gallery-item'>\n\t\t\t<div class='gallery-icon landscape'>\n\t\t\t\t<a data-elementor-open-lightbox=\"yes\" data-elementor-lightbox-slideshow=\"1349ba4\" data-elementor-lightbox-title=\"SIGUR-BORU-3\" data-e-action-hash=\"#elementor-action%3Aaction%3Dlightbox%26settings%3DeyJpZCI6MTg3OCwidXJsIjoiaHR0cHM6XC9cL3d3dy5hcnNhbi5jb21cL3dwLWNvbnRlbnRcL3VwbG9hZHNcLzIwMjBcLzEwXC9TSUdVUi1CT1JVLTMuanBnIiwic2xpZGVzaG93IjoiMTM0OWJhNCJ9\" href='https:\/\/www.arsan.com\/wp-content\/uploads\/2020\/10\/SIGUR-BORU-3.jpg' data-lbwps-width=\"900\" data-lbwps-height=\"506\" data-lbwps-srcsmall=\"https:\/\/www.arsan.com\/wp-content\/uploads\/2020\/10\/SIGUR-BORU-3.jpg\"><img decoding=\"async\" width=\"900\" height=\"506\" src=\"https:\/\/www.arsan.com\/wp-content\/uploads\/2020\/10\/SIGUR-BORU-3.jpg\" class=\"attachment-full size-full\" alt=\"\" srcset=\"https:\/\/www.arsan.com\/wp-content\/uploads\/2020\/10\/SIGUR-BORU-3.jpg 900w, https:\/\/www.arsan.com\/wp-content\/uploads\/2020\/10\/SIGUR-BORU-3-300x169.jpg 300w, https:\/\/www.arsan.com\/wp-content\/uploads\/2020\/10\/SIGUR-BORU-3-768x432.jpg 768w, https:\/\/www.arsan.com\/wp-content\/uploads\/2020\/10\/SIGUR-BORU-3-16x9.jpg 16w\" sizes=\"(max-width: 900px) 100vw, 900px\" \/><\/a>\n\t\t\t<\/div><\/figure>\n\t\t<\/div>\n\t\t<\/div>\n\t\t\t\t\t\t<\/div>\n\t\t\t\t<\/div>\n\t\t\t\t<div class=\"elementor-element elementor-element-3874d5e elementor-widget elementor-widget-text-editor\" data-id=\"3874d5e\" data-element_type=\"widget\" data-e-type=\"widget\" data-widget_type=\"text-editor.default\">\n\t\t\t\t<div class=\"elementor-widget-container\">\n\t\t\t\t\t\t\t\t\t<h3><span style=\"color: #ffffff;\">\u00dcr\u00fcn Kesitleri<\/span><\/h3>\t\t\t\t\t\t\t\t<\/div>\n\t\t\t\t<\/div>\n\t\t\t\t<div class=\"elementor-element elementor-element-291a18a gallery-spacing-custom elementor-widget elementor-widget-image-gallery\" data-id=\"291a18a\" data-element_type=\"widget\" data-e-type=\"widget\" data-widget_type=\"image-gallery.default\">\n\t\t\t\t<div class=\"elementor-widget-container\">\n\t\t\t\t\t\t\t<div class=\"elementor-image-gallery\">\n\t\t\t<div id='gallery-32' class='gallery galleryid-1836 gallery-columns-2 gallery-size-full'><figure class='gallery-item'>\n\t\t\t<div class='gallery-icon landscape'>\n\t\t\t\t<a data-elementor-open-lightbox=\"yes\" data-elementor-lightbox-slideshow=\"291a18a\" data-elementor-lightbox-title=\"damla-1\" data-e-action-hash=\"#elementor-action%3Aaction%3Dlightbox%26settings%3DeyJpZCI6MjQ3OCwidXJsIjoiaHR0cHM6XC9cL3d3dy5hcnNhbi5jb21cL3dwLWNvbnRlbnRcL3VwbG9hZHNcLzIwMjBcLzEwXC9kYW1sYS0xLmpwZyIsInNsaWRlc2hvdyI6IjI5MWExOGEifQ%3D%3D\" href='https:\/\/www.arsan.com\/wp-content\/uploads\/2020\/10\/damla-1.jpg' data-lbwps-width=\"500\" data-lbwps-height=\"500\" data-lbwps-srcsmall=\"https:\/\/www.arsan.com\/wp-content\/uploads\/2020\/10\/damla-1-12x12.jpg\"><img loading=\"lazy\" decoding=\"async\" width=\"500\" height=\"500\" src=\"https:\/\/www.arsan.com\/wp-content\/uploads\/2020\/10\/damla-1.jpg\" class=\"attachment-full size-full\" alt=\"\" srcset=\"https:\/\/www.arsan.com\/wp-content\/uploads\/2020\/10\/damla-1.jpg 500w, https:\/\/www.arsan.com\/wp-content\/uploads\/2020\/10\/damla-1-300x300.jpg 300w, https:\/\/www.arsan.com\/wp-content\/uploads\/2020\/10\/damla-1-150x150.jpg 150w, https:\/\/www.arsan.com\/wp-content\/uploads\/2020\/10\/damla-1-12x12.jpg 12w\" sizes=\"(max-width: 500px) 100vw, 500px\" \/><\/a>\n\t\t\t<\/div><\/figure><figure class='gallery-item'>\n\t\t\t<div class='gallery-icon landscape'>\n\t\t\t\t<a data-elementor-open-lightbox=\"yes\" data-elementor-lightbox-slideshow=\"291a18a\" data-elementor-lightbox-title=\"sigur-1\" data-e-action-hash=\"#elementor-action%3Aaction%3Dlightbox%26settings%3DeyJpZCI6MjQ3OSwidXJsIjoiaHR0cHM6XC9cL3d3dy5hcnNhbi5jb21cL3dwLWNvbnRlbnRcL3VwbG9hZHNcLzIwMjBcLzEwXC9zaWd1ci0xLmpwZyIsInNsaWRlc2hvdyI6IjI5MWExOGEifQ%3D%3D\" href='https:\/\/www.arsan.com\/wp-content\/uploads\/2020\/10\/sigur-1.jpg' data-lbwps-width=\"500\" data-lbwps-height=\"500\" data-lbwps-srcsmall=\"https:\/\/www.arsan.com\/wp-content\/uploads\/2020\/10\/sigur-1-12x12.jpg\"><img loading=\"lazy\" decoding=\"async\" width=\"500\" height=\"500\" src=\"https:\/\/www.arsan.com\/wp-content\/uploads\/2020\/10\/sigur-1.jpg\" class=\"attachment-full size-full\" alt=\"\" srcset=\"https:\/\/www.arsan.com\/wp-content\/uploads\/2020\/10\/sigur-1.jpg 500w, https:\/\/www.arsan.com\/wp-content\/uploads\/2020\/10\/sigur-1-300x300.jpg 300w, https:\/\/www.arsan.com\/wp-content\/uploads\/2020\/10\/sigur-1-150x150.jpg 150w, https:\/\/www.arsan.com\/wp-content\/uploads\/2020\/10\/sigur-1-12x12.jpg 12w\" sizes=\"(max-width: 500px) 100vw, 500px\" \/><\/a>\n\t\t\t<\/div><\/figure>\n\t\t<\/div>\n\t\t<\/div>\n\t\t\t\t\t\t<\/div>\n\t\t\t\t<\/div>\n\t\t\t\t\t<\/div>\n\t\t<\/div>\n\t\t\t\t\t<\/div>\n\t\t<\/section>\n\t\t\t\t<\/div>\n\t\t","protected":false},"excerpt":{"rendered":"<p>Boru Contalar\u0131 CTP Boru Contalar\u0131 Beton Boru Contalar\u0131 Entegre Boru Contalar\u0131 AMG Profiller (Tek t\u0131rnak) Damla Kesit &amp; Sigur Koruge Boru Contalar\u0131 D\u00fcktil Boru Contalar\u0131 Kullan\u0131m YeriDamla Kesit Boru Contalar\u0131, d\u00fc\u015f\u00fck bas\u0131n\u00e7l\u0131 boru ve bacalarda m\u00fckemmel s\u0131zd\u0131rmazl\u0131k sa\u011flar. Conta dizayn\u0131 ve i\u015fleviDamla Kesit Boru Contalar\u0131 \u00f6zellikle d\u00fc\u015f\u00fck bas\u0131n\u00e7l\u0131 borular i\u00e7in dizayn edilmi\u015ftir. Ancak uygun contalar [&hellip;]<\/p>\n","protected":false},"author":2,"featured_media":0,"parent":1544,"menu_order":0,"comment_status":"closed","ping_status":"closed","template":"","meta":{"footnotes":""},"class_list":["post-1836","page","type-page","status-publish","hentry"],"aioseo_notices":[],"_links":{"self":[{"href":"https:\/\/www.arsan.com\/tr\/wp-json\/wp\/v2\/pages\/1836","targetHints":{"allow":["GET"]}}],"collection":[{"href":"https:\/\/www.arsan.com\/tr\/wp-json\/wp\/v2\/pages"}],"about":[{"href":"https:\/\/www.arsan.com\/tr\/wp-json\/wp\/v2\/types\/page"}],"author":[{"embeddable":true,"href":"https:\/\/www.arsan.com\/tr\/wp-json\/wp\/v2\/users\/2"}],"replies":[{"embeddable":true,"href":"https:\/\/www.arsan.com\/tr\/wp-json\/wp\/v2\/comments?post=1836"}],"version-history":[{"count":0,"href":"https:\/\/www.arsan.com\/tr\/wp-json\/wp\/v2\/pages\/1836\/revisions"}],"up":[{"embeddable":true,"href":"https:\/\/www.arsan.com\/tr\/wp-json\/wp\/v2\/pages\/1544"}],"wp:attachment":[{"href":"https:\/\/www.arsan.com\/tr\/wp-json\/wp\/v2\/media?parent=1836"}],"curies":[{"name":"wp","href":"https:\/\/api.w.org\/{rel}","templated":true}]}}