{"id":1834,"date":"2020-10-14T22:49:06","date_gmt":"2020-10-14T19:49:06","guid":{"rendered":"https:\/\/www.arsan.com\/?page_id=1834"},"modified":"2022-12-27T09:05:24","modified_gmt":"2022-12-27T06:05:24","slug":"amg-profiller-tek-tirnak","status":"publish","type":"page","link":"https:\/\/www.arsan.com\/tr\/urunlerimiz\/boru-contalari\/amg-profiller-tek-tirnak\/","title":{"rendered":"AMG Profiller (Tek t\u0131rnak)"},"content":{"rendered":"\t\t<div data-elementor-type=\"wp-page\" data-elementor-id=\"1834\" class=\"elementor elementor-1834\" data-elementor-post-type=\"page\">\n\t\t\t\t\t\t<section class=\"elementor-section elementor-top-section elementor-element elementor-element-4f69417c elementor-section-boxed elementor-section-height-default elementor-section-height-default\" data-id=\"4f69417c\" data-element_type=\"section\" data-e-type=\"section\" data-settings=\"{&quot;background_background&quot;:&quot;classic&quot;}\">\n\t\t\t\t\t\t<div class=\"elementor-container elementor-column-gap-default\">\n\t\t\t\t\t<div class=\"elementor-column elementor-col-33 elementor-top-column elementor-element elementor-element-708d72cb\" data-id=\"708d72cb\" data-element_type=\"column\" data-e-type=\"column\" data-settings=\"{&quot;background_background&quot;:&quot;gradient&quot;}\">\n\t\t\t<div class=\"elementor-widget-wrap elementor-element-populated\">\n\t\t\t\t\t\t<div class=\"elementor-element elementor-element-7998b27 elementor-widget elementor-widget-text-editor\" data-id=\"7998b27\" data-element_type=\"widget\" data-e-type=\"widget\" data-widget_type=\"text-editor.default\">\n\t\t\t\t<div class=\"elementor-widget-container\">\n\t\t\t\t\t\t\t\t\t<p><span style=\"color: #ffffff;\">Boru Contalar\u0131<\/span><\/p>\t\t\t\t\t\t\t\t<\/div>\n\t\t\t\t<\/div>\n\t\t\t\t<div class=\"elementor-element elementor-element-2f53a650 elementor-widget elementor-widget-text-editor\" data-id=\"2f53a650\" data-element_type=\"widget\" data-e-type=\"widget\" data-widget_type=\"text-editor.default\">\n\t\t\t\t<div class=\"elementor-widget-container\">\n\t\t\t\t\t\t\t\t\t<ul><li><a href=\"https:\/\/www.arsan.com\/urunlerimiz\/boru-contalari\/ctp-boru-contalari\/\"><span style=\"text-decoration: underline;\">CTP Boru Contalar\u0131<\/span><\/a><\/li><li><span style=\"text-decoration: underline;\"><span style=\"color: #ffffff; text-decoration: underline;\">Beton Boru Contalar\u0131<\/span><\/span><ul><li><a href=\"https:\/\/www.arsan.com\/urunlerimiz\/boru-contalari\/entegre-boru-contalari\/\">Entegre Boru Contalar\u0131<\/a><\/li><li><a href=\"https:\/\/www.arsan.com\/urunlerimiz\/boru-contalari\/amg-profiller-tek-tirnak\/\">AMG Profiller (Tek t\u0131rnak)<\/a><\/li><li><a href=\"https:\/\/www.arsan.com\/urunlerimiz\/boru-contalari\/damla-kesit-sigur\/\">Damla Kesit &amp; Sigur<\/a><\/li><\/ul><\/li><li><a href=\"https:\/\/www.arsan.com\/urunlerimiz\/boru-contalari\/koruge-boru-contalari\/\"><span style=\"text-decoration: underline;\">Koruge Boru Contalar\u0131<\/span><\/a><\/li><li><span style=\"text-decoration: underline;\"><a href=\"https:\/\/www.arsan.com\/urunlerimiz\/boru-contalari\/duktil-boru-contalari\/\">D\u00fcktil Boru Contalar\u0131<\/a><\/span><\/li><\/ul>\t\t\t\t\t\t\t\t<\/div>\n\t\t\t\t<\/div>\n\t\t\t\t\t<\/div>\n\t\t<\/div>\n\t\t\t\t<div class=\"elementor-column elementor-col-66 elementor-top-column elementor-element elementor-element-77cce706\" data-id=\"77cce706\" data-element_type=\"column\" data-e-type=\"column\">\n\t\t\t<div class=\"elementor-widget-wrap elementor-element-populated\">\n\t\t\t\t\t\t<div class=\"elementor-element elementor-element-2f726fa2 elementor-widget elementor-widget-image\" data-id=\"2f726fa2\" data-element_type=\"widget\" data-e-type=\"widget\" data-widget_type=\"image.default\">\n\t\t\t\t<div class=\"elementor-widget-container\">\n\t\t\t\t\t\t\t\t\t\t\t\t\t\t\t<img fetchpriority=\"high\" decoding=\"async\" width=\"1100\" height=\"300\" src=\"https:\/\/www.arsan.com\/wp-content\/uploads\/2022\/12\/amg-1.jpg\" class=\"attachment-full size-full wp-image-4320\" alt=\"\" srcset=\"https:\/\/www.arsan.com\/wp-content\/uploads\/2022\/12\/amg-1.jpg 1100w, https:\/\/www.arsan.com\/wp-content\/uploads\/2022\/12\/amg-1-300x82.jpg 300w, https:\/\/www.arsan.com\/wp-content\/uploads\/2022\/12\/amg-1-1024x279.jpg 1024w, https:\/\/www.arsan.com\/wp-content\/uploads\/2022\/12\/amg-1-768x209.jpg 768w, https:\/\/www.arsan.com\/wp-content\/uploads\/2022\/12\/amg-1-18x5.jpg 18w\" sizes=\"(max-width: 1100px) 100vw, 1100px\" \/>\t\t\t\t\t\t\t\t\t\t\t\t\t\t\t<\/div>\n\t\t\t\t<\/div>\n\t\t\t\t<div class=\"elementor-element elementor-element-3fbf32f0 elementor-widget elementor-widget-text-editor\" data-id=\"3fbf32f0\" data-element_type=\"widget\" data-e-type=\"widget\" data-widget_type=\"text-editor.default\">\n\t\t\t\t<div class=\"elementor-widget-container\">\n\t\t\t\t\t\t\t\t\t<h3>Kullan\u0131m Yeri<\/h3><p><br \/>AMG Tek T\u0131rnak Contalar, d\u00fc\u015f\u00fck bas\u0131\u00e7l\u0131 beton borular ve beton bacalarda m\u00fckemmel s\u0131zd\u0131rmazl\u0131k sa\u011flar.<\/p><h3>Conta dizayn\u0131 ve i\u015flevi<\/h3><p><br \/>AMG Tek T\u0131rnak Contalar, beton borular\u0131n ba\u011flant\u0131lar\u0131nda s\u0131zd\u0131rmazl\u0131k sa\u011flamak amac\u0131yla kullan\u0131l\u0131r.<br \/>Conta, beton borunun muf k\u0131sm\u0131 ile bulu\u015ftu\u011funda s\u0131k\u0131\u015f\u0131r, hem i\u00e7eriden hem d\u0131\u015far\u0131dan gelebilecek su s\u0131z\u0131nt\u0131lar\u0131n\u0131 keser.<\/p><h3>Contan\u0131n \u00f6zel dizayn\u0131 ile;<\/h3><p><br \/>\u2022 Kolay Montaj,<br \/>\u2022 Boru i\u00e7inde ve d\u0131\u015f\u0131nda olu\u015fan bas\u0131n\u00e7larda m\u00fckemmel s\u0131zd\u0131rmazl\u0131k,<br \/>\u2022 \u00c7e\u015fitli kesit \u00f6l\u00e7\u00fcleri ile farkl\u0131 bo\u015fluklar kapatma kolayl\u0131\u011f\u0131,<br \/>\u2022 Contan\u0131n kama \u015feklinde yap\u0131s\u0131, merkezleme konusunda avantaj yarat\u0131r<\/p><h3>Teknik \u00d6zellikler<\/h3><p><br \/>\u2022 SBR veya EPDM Kau\u00e7uk<br \/>\u2022 40\u00b15 Shore A sertlik<br \/>\u2022 EN 681 &#8211; 1 e uygun<br \/>\u2022 Ozona kar\u015f\u0131 y\u00fcksek diren\u00e7<\/p><p>Conta Kesit Se\u00e7imi Do\u011fru conta se\u00e7imi yapabilmek i\u00e7in; boru ile muf aras\u0131nda kalan mesafenin kabaca 1,5 kat\u0131n\u0131 almak gerekir.<br \/>\u00d6rne\u011fin 1 boru ile muf aras\u0131nda 14 mm mesafe bulunuyorsa; 14&#215;1,5 = 21 mm et kal\u0131nl\u0131\u011f\u0131nda conta kullan\u0131lmal\u0131d\u0131r.<\/p><h3>Montaj<\/h3><p><br \/>1. Conta \u015fekilde g\u00f6r\u00fcnd\u00fc\u011f\u00fc gibi gerdirerek erkek k\u0131s\u0131m \u00fczerine yerle\u015ftirilir. Contan\u0131n \u00fczerine slikon bazl\u0131 kayd\u0131r\u0131c\u0131 uygulan\u0131r.<br \/>2. Merkezlenen conta di\u011fer borunun di\u015fi k\u0131sm\u0131 ile s\u0131k\u0131\u015ft\u0131r\u0131larak ezilir, conta s\u0131zd\u0131rmazl\u0131\u011f\u0131 sa\u011flar<\/p>\t\t\t\t\t\t\t\t<\/div>\n\t\t\t\t<\/div>\n\t\t\t\t<div class=\"elementor-element elementor-element-4047170 gallery-spacing-custom elementor-widget elementor-widget-image-gallery\" data-id=\"4047170\" data-element_type=\"widget\" data-e-type=\"widget\" data-widget_type=\"image-gallery.default\">\n\t\t\t\t<div class=\"elementor-widget-container\">\n\t\t\t\t\t\t\t<div class=\"elementor-image-gallery\">\n\t\t\t<div id='gallery-33' class='gallery galleryid-1834 gallery-columns-2 gallery-size-full'><figure class='gallery-item'>\n\t\t\t<div class='gallery-icon landscape'>\n\t\t\t\t<a data-elementor-open-lightbox=\"yes\" data-elementor-lightbox-slideshow=\"4047170\" data-elementor-lightbox-title=\"AMG-BETON-BORU-1\" data-e-action-hash=\"#elementor-action%3Aaction%3Dlightbox%26settings%3DeyJpZCI6MTg3NCwidXJsIjoiaHR0cHM6XC9cL3d3dy5hcnNhbi5jb21cL3dwLWNvbnRlbnRcL3VwbG9hZHNcLzIwMjBcLzEwXC9BTUctQkVUT04tQk9SVS0xLmpwZyIsInNsaWRlc2hvdyI6IjQwNDcxNzAifQ%3D%3D\" href='https:\/\/www.arsan.com\/wp-content\/uploads\/2020\/10\/AMG-BETON-BORU-1.jpg' data-lbwps-width=\"900\" data-lbwps-height=\"506\" data-lbwps-srcsmall=\"https:\/\/www.arsan.com\/wp-content\/uploads\/2020\/10\/AMG-BETON-BORU-1.jpg\"><img decoding=\"async\" width=\"900\" height=\"506\" src=\"https:\/\/www.arsan.com\/wp-content\/uploads\/2020\/10\/AMG-BETON-BORU-1.jpg\" class=\"attachment-full size-full\" alt=\"\" srcset=\"https:\/\/www.arsan.com\/wp-content\/uploads\/2020\/10\/AMG-BETON-BORU-1.jpg 900w, https:\/\/www.arsan.com\/wp-content\/uploads\/2020\/10\/AMG-BETON-BORU-1-300x169.jpg 300w, https:\/\/www.arsan.com\/wp-content\/uploads\/2020\/10\/AMG-BETON-BORU-1-768x432.jpg 768w, https:\/\/www.arsan.com\/wp-content\/uploads\/2020\/10\/AMG-BETON-BORU-1-16x9.jpg 16w\" sizes=\"(max-width: 900px) 100vw, 900px\" \/><\/a>\n\t\t\t<\/div><\/figure><figure class='gallery-item'>\n\t\t\t<div class='gallery-icon landscape'>\n\t\t\t\t<a data-elementor-open-lightbox=\"yes\" data-elementor-lightbox-slideshow=\"4047170\" data-elementor-lightbox-title=\"AMG-BETON-BORU-2\" data-e-action-hash=\"#elementor-action%3Aaction%3Dlightbox%26settings%3DeyJpZCI6MTg3MywidXJsIjoiaHR0cHM6XC9cL3d3dy5hcnNhbi5jb21cL3dwLWNvbnRlbnRcL3VwbG9hZHNcLzIwMjBcLzEwXC9BTUctQkVUT04tQk9SVS0yLmpwZyIsInNsaWRlc2hvdyI6IjQwNDcxNzAifQ%3D%3D\" href='https:\/\/www.arsan.com\/wp-content\/uploads\/2020\/10\/AMG-BETON-BORU-2.jpg' data-lbwps-width=\"900\" data-lbwps-height=\"506\" data-lbwps-srcsmall=\"https:\/\/www.arsan.com\/wp-content\/uploads\/2020\/10\/AMG-BETON-BORU-2.jpg\"><img decoding=\"async\" width=\"900\" height=\"506\" src=\"https:\/\/www.arsan.com\/wp-content\/uploads\/2020\/10\/AMG-BETON-BORU-2.jpg\" class=\"attachment-full size-full\" alt=\"\" srcset=\"https:\/\/www.arsan.com\/wp-content\/uploads\/2020\/10\/AMG-BETON-BORU-2.jpg 900w, https:\/\/www.arsan.com\/wp-content\/uploads\/2020\/10\/AMG-BETON-BORU-2-300x169.jpg 300w, https:\/\/www.arsan.com\/wp-content\/uploads\/2020\/10\/AMG-BETON-BORU-2-768x432.jpg 768w, https:\/\/www.arsan.com\/wp-content\/uploads\/2020\/10\/AMG-BETON-BORU-2-16x9.jpg 16w\" sizes=\"(max-width: 900px) 100vw, 900px\" \/><\/a>\n\t\t\t<\/div><\/figure>\n\t\t<\/div>\n\t\t<\/div>\n\t\t\t\t\t\t<\/div>\n\t\t\t\t<\/div>\n\t\t\t\t<div class=\"elementor-element elementor-element-0890612 elementor-widget elementor-widget-text-editor\" data-id=\"0890612\" data-element_type=\"widget\" data-e-type=\"widget\" data-widget_type=\"text-editor.default\">\n\t\t\t\t<div class=\"elementor-widget-container\">\n\t\t\t\t\t\t\t\t\t<h3><span style=\"color: #ffffff;\">\u00dcr\u00fcn Kesitleri<\/span><\/h3>\t\t\t\t\t\t\t\t<\/div>\n\t\t\t\t<\/div>\n\t\t\t\t<div class=\"elementor-element elementor-element-3fb2e86 gallery-spacing-custom elementor-widget elementor-widget-image-gallery\" data-id=\"3fb2e86\" data-element_type=\"widget\" data-e-type=\"widget\" data-widget_type=\"image-gallery.default\">\n\t\t\t\t<div class=\"elementor-widget-container\">\n\t\t\t\t\t\t\t<div class=\"elementor-image-gallery\">\n\t\t\t<div id='gallery-34' class='gallery galleryid-1834 gallery-columns-2 gallery-size-full'><figure class='gallery-item'>\n\t\t\t<div class='gallery-icon landscape'>\n\t\t\t\t<a data-elementor-open-lightbox=\"yes\" data-elementor-lightbox-slideshow=\"3fb2e86\" data-elementor-lightbox-title=\"amg\" data-e-action-hash=\"#elementor-action%3Aaction%3Dlightbox%26settings%3DeyJpZCI6MTg3MiwidXJsIjoiaHR0cHM6XC9cL3d3dy5hcnNhbi5jb21cL3dwLWNvbnRlbnRcL3VwbG9hZHNcLzIwMjBcLzEwXC9hbWcucG5nIiwic2xpZGVzaG93IjoiM2ZiMmU4NiJ9\" href='https:\/\/www.arsan.com\/wp-content\/uploads\/2020\/10\/amg.png' data-lbwps-width=\"989\" data-lbwps-height=\"593\" data-lbwps-srcsmall=\"https:\/\/www.arsan.com\/wp-content\/uploads\/2020\/10\/amg.png\"><img loading=\"lazy\" decoding=\"async\" width=\"989\" height=\"593\" src=\"https:\/\/www.arsan.com\/wp-content\/uploads\/2020\/10\/amg.png\" class=\"attachment-full size-full\" alt=\"\" srcset=\"https:\/\/www.arsan.com\/wp-content\/uploads\/2020\/10\/amg.png 989w, https:\/\/www.arsan.com\/wp-content\/uploads\/2020\/10\/amg-300x180.png 300w, https:\/\/www.arsan.com\/wp-content\/uploads\/2020\/10\/amg-768x460.png 768w, https:\/\/www.arsan.com\/wp-content\/uploads\/2020\/10\/amg-16x10.png 16w, https:\/\/www.arsan.com\/wp-content\/uploads\/2020\/10\/amg-447x268.png 447w\" sizes=\"(max-width: 989px) 100vw, 989px\" \/><\/a>\n\t\t\t<\/div><\/figure><figure class='gallery-item'>\n\t\t\t<div class='gallery-icon landscape'>\n\t\t\t\t<a data-elementor-open-lightbox=\"yes\" data-elementor-lightbox-slideshow=\"3fb2e86\" data-elementor-lightbox-title=\"AMG-1\" data-e-action-hash=\"#elementor-action%3Aaction%3Dlightbox%26settings%3DeyJpZCI6MjQ3MSwidXJsIjoiaHR0cHM6XC9cL3d3dy5hcnNhbi5jb21cL3dwLWNvbnRlbnRcL3VwbG9hZHNcLzIwMjBcLzEwXC9BTUctMS0yLmpwZyIsInNsaWRlc2hvdyI6IjNmYjJlODYifQ%3D%3D\" href='https:\/\/www.arsan.com\/wp-content\/uploads\/2020\/10\/AMG-1-2.jpg' data-lbwps-width=\"1126\" data-lbwps-height=\"804\" data-lbwps-srcsmall=\"https:\/\/www.arsan.com\/wp-content\/uploads\/2020\/10\/AMG-1-2.jpg\"><img loading=\"lazy\" decoding=\"async\" width=\"1126\" height=\"804\" src=\"https:\/\/www.arsan.com\/wp-content\/uploads\/2020\/10\/AMG-1-2.jpg\" class=\"attachment-full size-full\" alt=\"\" srcset=\"https:\/\/www.arsan.com\/wp-content\/uploads\/2020\/10\/AMG-1-2.jpg 1126w, https:\/\/www.arsan.com\/wp-content\/uploads\/2020\/10\/AMG-1-2-300x214.jpg 300w, https:\/\/www.arsan.com\/wp-content\/uploads\/2020\/10\/AMG-1-2-1024x731.jpg 1024w, https:\/\/www.arsan.com\/wp-content\/uploads\/2020\/10\/AMG-1-2-768x548.jpg 768w, https:\/\/www.arsan.com\/wp-content\/uploads\/2020\/10\/AMG-1-2-16x12.jpg 16w\" sizes=\"(max-width: 1126px) 100vw, 1126px\" \/><\/a>\n\t\t\t<\/div><\/figure>\n\t\t<\/div>\n\t\t<\/div>\n\t\t\t\t\t\t<\/div>\n\t\t\t\t<\/div>\n\t\t\t\t\t<\/div>\n\t\t<\/div>\n\t\t\t\t\t<\/div>\n\t\t<\/section>\n\t\t\t\t<\/div>\n\t\t","protected":false},"excerpt":{"rendered":"<p>Boru Contalar\u0131 CTP Boru Contalar\u0131 Beton Boru Contalar\u0131 Entegre Boru Contalar\u0131 AMG Profiller (Tek t\u0131rnak) Damla Kesit &amp; Sigur Koruge Boru Contalar\u0131 D\u00fcktil Boru Contalar\u0131 Kullan\u0131m Yeri AMG Tek T\u0131rnak Contalar, d\u00fc\u015f\u00fck bas\u0131\u00e7l\u0131 beton borular ve beton bacalarda m\u00fckemmel s\u0131zd\u0131rmazl\u0131k sa\u011flar. Conta dizayn\u0131 ve i\u015flevi AMG Tek T\u0131rnak Contalar, beton borular\u0131n ba\u011flant\u0131lar\u0131nda s\u0131zd\u0131rmazl\u0131k sa\u011flamak amac\u0131yla [&hellip;]<\/p>\n","protected":false},"author":2,"featured_media":0,"parent":1544,"menu_order":0,"comment_status":"closed","ping_status":"closed","template":"","meta":{"footnotes":""},"class_list":["post-1834","page","type-page","status-publish","hentry"],"aioseo_notices":[],"_links":{"self":[{"href":"https:\/\/www.arsan.com\/tr\/wp-json\/wp\/v2\/pages\/1834","targetHints":{"allow":["GET"]}}],"collection":[{"href":"https:\/\/www.arsan.com\/tr\/wp-json\/wp\/v2\/pages"}],"about":[{"href":"https:\/\/www.arsan.com\/tr\/wp-json\/wp\/v2\/types\/page"}],"author":[{"embeddable":true,"href":"https:\/\/www.arsan.com\/tr\/wp-json\/wp\/v2\/users\/2"}],"replies":[{"embeddable":true,"href":"https:\/\/www.arsan.com\/tr\/wp-json\/wp\/v2\/comments?post=1834"}],"version-history":[{"count":0,"href":"https:\/\/www.arsan.com\/tr\/wp-json\/wp\/v2\/pages\/1834\/revisions"}],"up":[{"embeddable":true,"href":"https:\/\/www.arsan.com\/tr\/wp-json\/wp\/v2\/pages\/1544"}],"wp:attachment":[{"href":"https:\/\/www.arsan.com\/tr\/wp-json\/wp\/v2\/media?parent=1834"}],"curies":[{"name":"wp","href":"https:\/\/api.w.org\/{rel}","templated":true}]}}