{"id":1832,"date":"2020-10-14T22:48:26","date_gmt":"2020-10-14T19:48:26","guid":{"rendered":"https:\/\/www.arsan.com\/?page_id=1832"},"modified":"2022-12-27T09:05:08","modified_gmt":"2022-12-27T06:05:08","slug":"entegre-boru-contalari","status":"publish","type":"page","link":"https:\/\/www.arsan.com\/tr\/urunlerimiz\/boru-contalari\/entegre-boru-contalari\/","title":{"rendered":"Entegre Boru Contalar\u0131"},"content":{"rendered":"\t\t<div data-elementor-type=\"wp-page\" data-elementor-id=\"1832\" class=\"elementor elementor-1832\" data-elementor-post-type=\"page\">\n\t\t\t\t\t\t<section class=\"elementor-section elementor-top-section elementor-element elementor-element-48dad748 elementor-section-boxed elementor-section-height-default elementor-section-height-default\" data-id=\"48dad748\" data-element_type=\"section\" data-e-type=\"section\" data-settings=\"{&quot;background_background&quot;:&quot;classic&quot;}\">\n\t\t\t\t\t\t<div class=\"elementor-container elementor-column-gap-default\">\n\t\t\t\t\t<div class=\"elementor-column elementor-col-33 elementor-top-column elementor-element elementor-element-d8a857e\" data-id=\"d8a857e\" data-element_type=\"column\" data-e-type=\"column\" data-settings=\"{&quot;background_background&quot;:&quot;gradient&quot;}\">\n\t\t\t<div class=\"elementor-widget-wrap elementor-element-populated\">\n\t\t\t\t\t\t<div class=\"elementor-element elementor-element-603cccbb elementor-widget elementor-widget-text-editor\" data-id=\"603cccbb\" data-element_type=\"widget\" data-e-type=\"widget\" data-widget_type=\"text-editor.default\">\n\t\t\t\t<div class=\"elementor-widget-container\">\n\t\t\t\t\t\t\t\t\t<p><span style=\"color: #ffffff;\">Boru Contalar\u0131<\/span><\/p>\t\t\t\t\t\t\t\t<\/div>\n\t\t\t\t<\/div>\n\t\t\t\t<div class=\"elementor-element elementor-element-5b8d9808 elementor-widget elementor-widget-text-editor\" data-id=\"5b8d9808\" data-element_type=\"widget\" data-e-type=\"widget\" data-widget_type=\"text-editor.default\">\n\t\t\t\t<div class=\"elementor-widget-container\">\n\t\t\t\t\t\t\t\t\t<ul><li><a href=\"https:\/\/www.arsan.com\/urunlerimiz\/boru-contalari\/ctp-boru-contalari\/\"><span style=\"text-decoration: underline;\">CTP Boru Contalar\u0131<\/span><\/a><\/li><li><span style=\"text-decoration: underline;\"><span style=\"color: #ffffff; text-decoration: underline;\">Beton Boru Contalar\u0131<\/span><\/span><ul><li><a href=\"https:\/\/www.arsan.com\/urunlerimiz\/boru-contalari\/entegre-boru-contalari\/\">Entegre Boru Contalar\u0131<\/a><\/li><li><a href=\"https:\/\/www.arsan.com\/urunlerimiz\/boru-contalari\/amg-profiller-tek-tirnak\/\">AMG Profiller (Tek t\u0131rnak)<\/a><\/li><li><a href=\"https:\/\/www.arsan.com\/urunlerimiz\/boru-contalari\/damla-kesit-sigur\/\">Damla Kesit &amp; Sigur<\/a><\/li><\/ul><\/li><li><a href=\"https:\/\/www.arsan.com\/urunlerimiz\/boru-contalari\/koruge-boru-contalari\/\"><span style=\"text-decoration: underline;\">Koruge Boru Contalar\u0131<\/span><\/a><\/li><li><span style=\"text-decoration: underline;\"><a href=\"https:\/\/www.arsan.com\/urunlerimiz\/boru-contalari\/duktil-boru-contalari\/\">D\u00fcktil Boru Contalar\u0131<\/a><\/span><\/li><\/ul>\t\t\t\t\t\t\t\t<\/div>\n\t\t\t\t<\/div>\n\t\t\t\t\t<\/div>\n\t\t<\/div>\n\t\t\t\t<div class=\"elementor-column elementor-col-66 elementor-top-column elementor-element elementor-element-552b187c\" data-id=\"552b187c\" data-element_type=\"column\" data-e-type=\"column\">\n\t\t\t<div class=\"elementor-widget-wrap elementor-element-populated\">\n\t\t\t\t\t\t<div class=\"elementor-element elementor-element-2751fa8f elementor-widget elementor-widget-image\" data-id=\"2751fa8f\" data-element_type=\"widget\" data-e-type=\"widget\" data-widget_type=\"image.default\">\n\t\t\t\t<div class=\"elementor-widget-container\">\n\t\t\t\t\t\t\t\t\t\t\t\t\t\t\t<img fetchpriority=\"high\" decoding=\"async\" width=\"1100\" height=\"300\" src=\"https:\/\/www.arsan.com\/wp-content\/uploads\/2022\/12\/entegre-boru-contalari.jpg\" class=\"attachment-full size-full wp-image-4316\" alt=\"\" srcset=\"https:\/\/www.arsan.com\/wp-content\/uploads\/2022\/12\/entegre-boru-contalari.jpg 1100w, https:\/\/www.arsan.com\/wp-content\/uploads\/2022\/12\/entegre-boru-contalari-300x82.jpg 300w, https:\/\/www.arsan.com\/wp-content\/uploads\/2022\/12\/entegre-boru-contalari-1024x279.jpg 1024w, https:\/\/www.arsan.com\/wp-content\/uploads\/2022\/12\/entegre-boru-contalari-768x209.jpg 768w, https:\/\/www.arsan.com\/wp-content\/uploads\/2022\/12\/entegre-boru-contalari-18x5.jpg 18w\" sizes=\"(max-width: 1100px) 100vw, 1100px\" \/>\t\t\t\t\t\t\t\t\t\t\t\t\t\t\t<\/div>\n\t\t\t\t<\/div>\n\t\t\t\t<div class=\"elementor-element elementor-element-60e8d0f5 elementor-widget elementor-widget-text-editor\" data-id=\"60e8d0f5\" data-element_type=\"widget\" data-e-type=\"widget\" data-widget_type=\"text-editor.default\">\n\t\t\t\t<div class=\"elementor-widget-container\">\n\t\t\t\t\t\t\t\t\t<p>Arsan entegre contalar\u0131 beton borular ile b\u00fct\u00fcnle\u015fik yap\u0131s\u0131yla etkin s\u0131zd\u0131rmazl\u0131k sa\u011flar.<\/p><h3>Avantajlar\u0131<\/h3><p><br \/>\u2022 Arsan Entegre Conta, boru imalat\u0131 esnas\u0131nda yerine monte edilir. Conta kal\u0131ba t\u0131rnakl\u0131 yap\u0131s\u0131 ile tam olarak oturur ve kaymaz.<br \/>\u2022 Montaj kolayl\u0131\u011f\u0131 ile di\u011fer conta tiplerine g\u00f6re daha tasarrufludur.<br \/>\u2022 Boru montaj\u0131 s\u0131ras\u0131nda esnek yap\u0131s\u0131 ile daha rahat bir ge\u00e7i\u015f ve merkezleme imkan\u0131 verir.<br \/>\u2022 Conta kal\u0131nl\u0131\u011f\u0131n\u0131n %35\u2019i kadar s\u0131k\u0131\u015fma \u00f6zelli\u011fine sahiptir.<br \/>\u2022 \u00c7oklu t\u0131rnak yap\u0131s\u0131 ile betona rijit bir \u015fekilde entegre olur, emniyetli bir ba\u011flant\u0131 olu\u015fturur.<br \/>\u2022 Conta \u00f6zel yap\u0131s\u0131 ile (borudan d\u0131\u015far\u0131ya\/d\u0131\u015far\u0131dan boruya) s\u0131zd\u0131rmazl\u0131k \u00f6zelli\u011fine sahiptir.<br \/>\u2022 Uzun \u00f6m\u00fcrl\u00fcd\u00fcr.<\/p>\t\t\t\t\t\t\t\t<\/div>\n\t\t\t\t<\/div>\n\t\t\t\t<div class=\"elementor-element elementor-element-01b16d2 gallery-spacing-custom elementor-widget elementor-widget-image-gallery\" data-id=\"01b16d2\" data-element_type=\"widget\" data-e-type=\"widget\" data-widget_type=\"image-gallery.default\">\n\t\t\t\t<div class=\"elementor-widget-container\">\n\t\t\t\t\t\t\t<div class=\"elementor-image-gallery\">\n\t\t\t<div id='gallery-35' class='gallery galleryid-1832 gallery-columns-2 gallery-size-full'><figure class='gallery-item'>\n\t\t\t<div class='gallery-icon landscape'>\n\t\t\t\t<a data-elementor-open-lightbox=\"yes\" data-elementor-lightbox-slideshow=\"01b16d2\" data-elementor-lightbox-title=\"ENTEGRE-BETON-BORU-4\" data-e-action-hash=\"#elementor-action%3Aaction%3Dlightbox%26settings%3DeyJpZCI6MTg2NSwidXJsIjoiaHR0cHM6XC9cL3d3dy5hcnNhbi5jb21cL3dwLWNvbnRlbnRcL3VwbG9hZHNcLzIwMjBcLzEwXC9FTlRFR1JFLUJFVE9OLUJPUlUtNC5qcGciLCJzbGlkZXNob3ciOiIwMWIxNmQyIn0%3D\" href='https:\/\/www.arsan.com\/wp-content\/uploads\/2020\/10\/ENTEGRE-BETON-BORU-4.jpg' data-lbwps-width=\"900\" data-lbwps-height=\"506\" data-lbwps-srcsmall=\"https:\/\/www.arsan.com\/wp-content\/uploads\/2020\/10\/ENTEGRE-BETON-BORU-4.jpg\"><img decoding=\"async\" width=\"900\" height=\"506\" src=\"https:\/\/www.arsan.com\/wp-content\/uploads\/2020\/10\/ENTEGRE-BETON-BORU-4.jpg\" class=\"attachment-full size-full\" alt=\"\" srcset=\"https:\/\/www.arsan.com\/wp-content\/uploads\/2020\/10\/ENTEGRE-BETON-BORU-4.jpg 900w, https:\/\/www.arsan.com\/wp-content\/uploads\/2020\/10\/ENTEGRE-BETON-BORU-4-300x169.jpg 300w, https:\/\/www.arsan.com\/wp-content\/uploads\/2020\/10\/ENTEGRE-BETON-BORU-4-768x432.jpg 768w, https:\/\/www.arsan.com\/wp-content\/uploads\/2020\/10\/ENTEGRE-BETON-BORU-4-16x9.jpg 16w\" sizes=\"(max-width: 900px) 100vw, 900px\" \/><\/a>\n\t\t\t<\/div><\/figure><figure class='gallery-item'>\n\t\t\t<div class='gallery-icon landscape'>\n\t\t\t\t<a data-elementor-open-lightbox=\"yes\" data-elementor-lightbox-slideshow=\"01b16d2\" data-elementor-lightbox-title=\"ENTEGRE-BETON-BORU-2\" data-e-action-hash=\"#elementor-action%3Aaction%3Dlightbox%26settings%3DeyJpZCI6MTg2NiwidXJsIjoiaHR0cHM6XC9cL3d3dy5hcnNhbi5jb21cL3dwLWNvbnRlbnRcL3VwbG9hZHNcLzIwMjBcLzEwXC9FTlRFR1JFLUJFVE9OLUJPUlUtMi5qcGciLCJzbGlkZXNob3ciOiIwMWIxNmQyIn0%3D\" href='https:\/\/www.arsan.com\/wp-content\/uploads\/2020\/10\/ENTEGRE-BETON-BORU-2.jpg' data-lbwps-width=\"900\" data-lbwps-height=\"506\" data-lbwps-srcsmall=\"https:\/\/www.arsan.com\/wp-content\/uploads\/2020\/10\/ENTEGRE-BETON-BORU-2.jpg\"><img decoding=\"async\" width=\"900\" height=\"506\" src=\"https:\/\/www.arsan.com\/wp-content\/uploads\/2020\/10\/ENTEGRE-BETON-BORU-2.jpg\" class=\"attachment-full size-full\" alt=\"\" srcset=\"https:\/\/www.arsan.com\/wp-content\/uploads\/2020\/10\/ENTEGRE-BETON-BORU-2.jpg 900w, https:\/\/www.arsan.com\/wp-content\/uploads\/2020\/10\/ENTEGRE-BETON-BORU-2-300x169.jpg 300w, https:\/\/www.arsan.com\/wp-content\/uploads\/2020\/10\/ENTEGRE-BETON-BORU-2-768x432.jpg 768w, https:\/\/www.arsan.com\/wp-content\/uploads\/2020\/10\/ENTEGRE-BETON-BORU-2-16x9.jpg 16w\" sizes=\"(max-width: 900px) 100vw, 900px\" \/><\/a>\n\t\t\t<\/div><\/figure>\n\t\t<\/div>\n\t\t<\/div>\n\t\t\t\t\t\t<\/div>\n\t\t\t\t<\/div>\n\t\t\t\t<div class=\"elementor-element elementor-element-d16ddc1 elementor-widget elementor-widget-text-editor\" data-id=\"d16ddc1\" data-element_type=\"widget\" data-e-type=\"widget\" data-widget_type=\"text-editor.default\">\n\t\t\t\t<div class=\"elementor-widget-container\">\n\t\t\t\t\t\t\t\t\t<h3><span style=\"color: #ffffff;\">\u00dcr\u00fcn Kesitleri<\/span><\/h3>\t\t\t\t\t\t\t\t<\/div>\n\t\t\t\t<\/div>\n\t\t\t\t<div class=\"elementor-element elementor-element-067e7e7 gallery-spacing-custom elementor-widget elementor-widget-image-gallery\" data-id=\"067e7e7\" data-element_type=\"widget\" data-e-type=\"widget\" data-widget_type=\"image-gallery.default\">\n\t\t\t\t<div class=\"elementor-widget-container\">\n\t\t\t\t\t\t\t<div class=\"elementor-image-gallery\">\n\t\t\t<div id='gallery-36' class='gallery galleryid-1832 gallery-columns-2 gallery-size-full'><figure class='gallery-item'>\n\t\t\t<div class='gallery-icon landscape'>\n\t\t\t\t<a data-elementor-open-lightbox=\"yes\" data-elementor-lightbox-slideshow=\"067e7e7\" data-elementor-lightbox-title=\"entegre\" data-e-action-hash=\"#elementor-action%3Aaction%3Dlightbox%26settings%3DeyJpZCI6MTg2MywidXJsIjoiaHR0cHM6XC9cL3d3dy5hcnNhbi5jb21cL3dwLWNvbnRlbnRcL3VwbG9hZHNcLzIwMjBcLzEwXC9lbnRlZ3JlLnBuZyIsInNsaWRlc2hvdyI6IjA2N2U3ZTcifQ%3D%3D\" href='https:\/\/www.arsan.com\/wp-content\/uploads\/2020\/10\/entegre.png' data-lbwps-width=\"1091\" data-lbwps-height=\"685\" data-lbwps-srcsmall=\"https:\/\/www.arsan.com\/wp-content\/uploads\/2020\/10\/entegre.png\"><img loading=\"lazy\" decoding=\"async\" width=\"1091\" height=\"685\" src=\"https:\/\/www.arsan.com\/wp-content\/uploads\/2020\/10\/entegre.png\" class=\"attachment-full size-full\" alt=\"\" srcset=\"https:\/\/www.arsan.com\/wp-content\/uploads\/2020\/10\/entegre.png 1091w, https:\/\/www.arsan.com\/wp-content\/uploads\/2020\/10\/entegre-300x188.png 300w, https:\/\/www.arsan.com\/wp-content\/uploads\/2020\/10\/entegre-1024x643.png 1024w, https:\/\/www.arsan.com\/wp-content\/uploads\/2020\/10\/entegre-768x482.png 768w, https:\/\/www.arsan.com\/wp-content\/uploads\/2020\/10\/entegre-16x10.png 16w\" sizes=\"(max-width: 1091px) 100vw, 1091px\" \/><\/a>\n\t\t\t<\/div><\/figure><figure class='gallery-item'>\n\t\t\t<div class='gallery-icon landscape'>\n\t\t\t\t<a data-elementor-open-lightbox=\"yes\" data-elementor-lightbox-slideshow=\"067e7e7\" data-elementor-lightbox-title=\"entegre-tablo\" data-e-action-hash=\"#elementor-action%3Aaction%3Dlightbox%26settings%3DeyJpZCI6MTg2MiwidXJsIjoiaHR0cHM6XC9cL3d3dy5hcnNhbi5jb21cL3dwLWNvbnRlbnRcL3VwbG9hZHNcLzIwMjBcLzEwXC9lbnRlZ3JlLXRhYmxvLnBuZyIsInNsaWRlc2hvdyI6IjA2N2U3ZTcifQ%3D%3D\" href='https:\/\/www.arsan.com\/wp-content\/uploads\/2020\/10\/entegre-tablo.png' data-lbwps-width=\"1191\" data-lbwps-height=\"736\" data-lbwps-srcsmall=\"https:\/\/www.arsan.com\/wp-content\/uploads\/2020\/10\/entegre-tablo.png\"><img loading=\"lazy\" decoding=\"async\" width=\"1191\" height=\"736\" src=\"https:\/\/www.arsan.com\/wp-content\/uploads\/2020\/10\/entegre-tablo.png\" class=\"attachment-full size-full\" alt=\"\" srcset=\"https:\/\/www.arsan.com\/wp-content\/uploads\/2020\/10\/entegre-tablo.png 1191w, https:\/\/www.arsan.com\/wp-content\/uploads\/2020\/10\/entegre-tablo-300x185.png 300w, https:\/\/www.arsan.com\/wp-content\/uploads\/2020\/10\/entegre-tablo-1024x633.png 1024w, https:\/\/www.arsan.com\/wp-content\/uploads\/2020\/10\/entegre-tablo-768x475.png 768w, https:\/\/www.arsan.com\/wp-content\/uploads\/2020\/10\/entegre-tablo-16x10.png 16w\" sizes=\"(max-width: 1191px) 100vw, 1191px\" \/><\/a>\n\t\t\t<\/div><\/figure>\n\t\t<\/div>\n\t\t<\/div>\n\t\t\t\t\t\t<\/div>\n\t\t\t\t<\/div>\n\t\t\t\t\t<\/div>\n\t\t<\/div>\n\t\t\t\t\t<\/div>\n\t\t<\/section>\n\t\t\t\t<\/div>\n\t\t","protected":false},"excerpt":{"rendered":"<p>Boru Contalar\u0131 CTP Boru Contalar\u0131 Beton Boru Contalar\u0131 Entegre Boru Contalar\u0131 AMG Profiller (Tek t\u0131rnak) Damla Kesit &amp; Sigur Koruge Boru Contalar\u0131 D\u00fcktil Boru Contalar\u0131 Arsan entegre contalar\u0131 beton borular ile b\u00fct\u00fcnle\u015fik yap\u0131s\u0131yla etkin s\u0131zd\u0131rmazl\u0131k sa\u011flar. Avantajlar\u0131 \u2022 Arsan Entegre Conta, boru imalat\u0131 esnas\u0131nda yerine monte edilir. Conta kal\u0131ba t\u0131rnakl\u0131 yap\u0131s\u0131 ile tam olarak oturur [&hellip;]<\/p>\n","protected":false},"author":2,"featured_media":0,"parent":1544,"menu_order":0,"comment_status":"closed","ping_status":"closed","template":"","meta":{"footnotes":""},"class_list":["post-1832","page","type-page","status-publish","hentry"],"aioseo_notices":[],"_links":{"self":[{"href":"https:\/\/www.arsan.com\/tr\/wp-json\/wp\/v2\/pages\/1832","targetHints":{"allow":["GET"]}}],"collection":[{"href":"https:\/\/www.arsan.com\/tr\/wp-json\/wp\/v2\/pages"}],"about":[{"href":"https:\/\/www.arsan.com\/tr\/wp-json\/wp\/v2\/types\/page"}],"author":[{"embeddable":true,"href":"https:\/\/www.arsan.com\/tr\/wp-json\/wp\/v2\/users\/2"}],"replies":[{"embeddable":true,"href":"https:\/\/www.arsan.com\/tr\/wp-json\/wp\/v2\/comments?post=1832"}],"version-history":[{"count":0,"href":"https:\/\/www.arsan.com\/tr\/wp-json\/wp\/v2\/pages\/1832\/revisions"}],"up":[{"embeddable":true,"href":"https:\/\/www.arsan.com\/tr\/wp-json\/wp\/v2\/pages\/1544"}],"wp:attachment":[{"href":"https:\/\/www.arsan.com\/tr\/wp-json\/wp\/v2\/media?parent=1832"}],"curies":[{"name":"wp","href":"https:\/\/api.w.org\/{rel}","templated":true}]}}