{"id":1680,"date":"2020-10-13T18:22:54","date_gmt":"2020-10-13T15:22:54","guid":{"rendered":"https:\/\/www.arsan.com\/?page_id=1680"},"modified":"2023-06-06T09:18:11","modified_gmt":"2023-06-06T06:18:11","slug":"su-tutucu-bantlar","status":"publish","type":"page","link":"https:\/\/www.arsan.com\/tr\/urunlerimiz\/yapi-urunleri\/su-tutucu-bantlar\/","title":{"rendered":"Su Tutucu Bantlar"},"content":{"rendered":"\t\t<div data-elementor-type=\"wp-page\" data-elementor-id=\"1680\" class=\"elementor elementor-1680\" data-elementor-post-type=\"page\">\n\t\t\t\t\t\t<section class=\"elementor-section elementor-top-section elementor-element elementor-element-2557715b elementor-section-boxed elementor-section-height-default elementor-section-height-default\" data-id=\"2557715b\" data-element_type=\"section\" data-e-type=\"section\" data-settings=\"{&quot;background_background&quot;:&quot;classic&quot;}\">\n\t\t\t\t\t\t<div class=\"elementor-container elementor-column-gap-default\">\n\t\t\t\t\t<div class=\"elementor-column elementor-col-33 elementor-top-column elementor-element elementor-element-2d5e71ed\" data-id=\"2d5e71ed\" data-element_type=\"column\" data-e-type=\"column\" data-settings=\"{&quot;background_background&quot;:&quot;gradient&quot;}\">\n\t\t\t<div class=\"elementor-widget-wrap elementor-element-populated\">\n\t\t\t\t\t\t<div class=\"elementor-element elementor-element-3c0a7eb0 elementor-widget elementor-widget-text-editor\" data-id=\"3c0a7eb0\" data-element_type=\"widget\" data-e-type=\"widget\" data-widget_type=\"text-editor.default\">\n\t\t\t\t<div class=\"elementor-widget-container\">\n\t\t\t\t\t\t\t\t\t<p><span style=\"color: #ffffff;\">Yap\u0131 \u00dcr\u00fcnleri<\/span><\/p>\t\t\t\t\t\t\t\t<\/div>\n\t\t\t\t<\/div>\n\t\t\t\t<div class=\"elementor-element elementor-element-daa793f elementor-widget elementor-widget-text-editor\" data-id=\"daa793f\" data-element_type=\"widget\" data-e-type=\"widget\" data-widget_type=\"text-editor.default\">\n\t\t\t\t<div class=\"elementor-widget-container\">\n\t\t\t\t\t\t\t\t\t<ul><li><span style=\"text-decoration: underline;\"><span style=\"color: #ffffff; text-decoration: underline;\">Sismik \u0130zolat\u00f6rler<\/span><\/span><ul><li><a href=\"https:\/\/www.arsan.com\/urunlerimiz\/yapi-urunleri\/kursun-cekirdekli-kaucuk-izolator\/\">Kur\u015fun \u00c7ekirdekli Kau\u00e7uk \u0130zolat\u00f6rler<\/a><\/li><\/ul><\/li><li><span style=\"text-decoration: underline;\"><span style=\"color: #ffffff; text-decoration: underline;\">Yap\u0131sal Mesnetler<\/span><\/span><ul><li><a href=\"https:\/\/www.arsan.com\/urunlerimiz\/yapi-urunleri\/kuresel-mesnetler\/\">K\u00fcresel Mesnetler<\/a><\/li><li><a href=\"https:\/\/www.arsan.com\/urunlerimiz\/yapi-urunleri\/elastomer-mesnetler\/\">Elastomer Mesnetler<\/a><\/li><li><a href=\"https:\/\/www.arsan.com\/urunlerimiz\/yapi-urunleri\/pot-mesnetler\/\">Pot Mesnetler<\/a><\/li><li><a href=\"https:\/\/www.arsan.com\/urunlerimiz\/yapi-urunleri\/kayici-mesnetler\/\">Kay\u0131c\u0131 Mesnetler<\/a><\/li><\/ul><\/li><li><span style=\"text-decoration: underline;\"><span style=\"color: #ffffff; text-decoration: underline;\">Genle\u015fme Derzleri<\/span><\/span><ul><li><a href=\"https:\/\/www.arsan.com\/urunlerimiz\/yapi-urunleri\/ar-ex-tek-aciklikli-genlesme-derzi\/\">AR-EX Tek A\u00e7\u0131kl\u0131kl\u0131 Genle\u015fme Derzi<\/a><\/li><li><a href=\"https:\/\/www.arsan.com\/urunlerimiz\/yapi-urunleri\/ar-ex-moduler-genlesme-derzi\/\">AR-EX Mod\u00fcler Genle\u015fme Derzi<\/a><\/li><li><a href=\"https:\/\/www.arsan.com\/urunlerimiz\/yapi-urunleri\/sem-genlesme-derzi\/\">SEM Genle\u015fme Derzi<\/a><\/li><\/ul><\/li><li><span style=\"text-decoration: underline;\"><span style=\"color: #ffffff; text-decoration: underline;\">T\u00fcnel Segment Contalar\u0131<\/span><\/span><ul><li><a href=\"https:\/\/www.arsan.com\/urunlerimiz\/yapi-urunleri\/tunel-segment-contalari\/\">T\u00fcnel Segment Contalar\u0131<\/a><\/li><li><a href=\"https:\/\/www.arsan.com\/urunlerimiz\/yapi-urunleri\/omega-conta\/\">Omega Contalar<\/a><\/li><\/ul><\/li><li><a href=\"https:\/\/www.arsan.com\/urunlerimiz\/yapi-urunleri\/dilatasyon-profilleri\/\"><span style=\"color: #ffffff;\">Dilatasyon Profilleri<\/span><\/a><\/li><li><a href=\"https:\/\/www.arsan.com\/urunlerimiz\/yapi-urunleri\/su-tutucu-bantlar\/\"><span style=\"color: #ffffff;\">Su Tutucu Bantlar<\/span><\/a><\/li><\/ul><ul><li style=\"list-style-type: none;\">\u00a0<\/li><\/ul><ul><li style=\"list-style-type: none;\">\u00a0<\/li><\/ul>\t\t\t\t\t\t\t\t<\/div>\n\t\t\t\t<\/div>\n\t\t\t\t\t<\/div>\n\t\t<\/div>\n\t\t\t\t<div class=\"elementor-column elementor-col-66 elementor-top-column elementor-element elementor-element-76856338\" data-id=\"76856338\" data-element_type=\"column\" data-e-type=\"column\">\n\t\t\t<div class=\"elementor-widget-wrap elementor-element-populated\">\n\t\t\t\t\t\t<div class=\"elementor-element elementor-element-5ac4326e elementor-widget elementor-widget-image\" data-id=\"5ac4326e\" data-element_type=\"widget\" data-e-type=\"widget\" data-widget_type=\"image.default\">\n\t\t\t\t<div class=\"elementor-widget-container\">\n\t\t\t\t\t\t\t\t\t\t\t\t\t\t\t<img fetchpriority=\"high\" decoding=\"async\" width=\"1100\" height=\"300\" src=\"https:\/\/www.arsan.com\/wp-content\/uploads\/2022\/12\/su-tutucu-bantlar.jpg\" class=\"attachment-full size-full wp-image-4278\" alt=\"\" srcset=\"https:\/\/www.arsan.com\/wp-content\/uploads\/2022\/12\/su-tutucu-bantlar.jpg 1100w, https:\/\/www.arsan.com\/wp-content\/uploads\/2022\/12\/su-tutucu-bantlar-300x82.jpg 300w, https:\/\/www.arsan.com\/wp-content\/uploads\/2022\/12\/su-tutucu-bantlar-1024x279.jpg 1024w, https:\/\/www.arsan.com\/wp-content\/uploads\/2022\/12\/su-tutucu-bantlar-768x209.jpg 768w, https:\/\/www.arsan.com\/wp-content\/uploads\/2022\/12\/su-tutucu-bantlar-18x5.jpg 18w\" sizes=\"(max-width: 1100px) 100vw, 1100px\" \/>\t\t\t\t\t\t\t\t\t\t\t\t\t\t\t<\/div>\n\t\t\t\t<\/div>\n\t\t\t\t<div class=\"elementor-element elementor-element-288a3a67 elementor-widget elementor-widget-text-editor\" data-id=\"288a3a67\" data-element_type=\"widget\" data-e-type=\"widget\" data-widget_type=\"text-editor.default\">\n\t\t\t\t<div class=\"elementor-widget-container\">\n\t\t\t\t\t\t\t\t\t<p>Su tutucu bantlar \u00e7o\u011funlukla bina temellerinde ve t\u00fcnellerde, beton derzlerinin i\u00e7inden d\u0131\u015far\u0131 ya da d\u0131\u015f\u0131ndan i\u00e7eri s\u0131v\u0131 ak\u0131\u015f\u0131n\u0131 \u00f6nlemek i\u00e7in kullan\u0131lmaktad\u0131r.<\/p><p>Uygulama yap\u0131lan alana g\u00f6re farkl\u0131 su tutucu bantlar \u00fcretilmektedir.<\/p><p>EN681-1 standartlar\u0131na uygun olarak EPDM, SBR veya CR olarak m\u00fc\u015fteri \u015fartnamesi ve taleplerine g\u00f6re \u00fcretim yap\u0131lmaktad\u0131r. Kau\u00e7uk malzemenin y\u00fcksek fiziksel \u00f6zelliklerinin gerekli oldu\u011fu uygulamalar i\u00e7in ideal\u00a0 \u00e7\u00f6z\u00fcmd\u00fcr<\/p><h3>Kullan\u0131m alanlar\u0131;<\/h3><ul><li>Barajlar<\/li><li>Ar\u0131tma Tesisleri<\/li><li>End\u00fcstriyel Yap\u0131lar<\/li><li>G\u00f6letler<\/li><li>Hidro Elektrik ve Termik Santralleri\u00a0<\/li><li>\u0130stinat Duvarlar\u0131<\/li><li>\u0130sale T\u00fcnelleri<\/li><li>Metro ve Karayolu t\u00fcnelleri\u00a0<\/li><li>R\u0131ht\u0131mlar<\/li><li>Su Depolar\u0131<\/li><li>Su Tasfiye Tesisleri<\/li><li>Sulama Kanallar\u0131\u00a0<\/li><li>Viyad\u00fckler<\/li><li>Y\u00fczme Havuzlar\u0131\u00a0<\/li><li>Zemine Oturan D\u00f6\u015femeler ve Temeller\u00a0<\/li><\/ul><h3><strong>\u00d6zellik ve Faydalar<\/strong><\/h3><ul><li>Y\u00fcksek elastikiyet ve uzama<\/li><li>Y\u00fcksek hareket kapasitesi<\/li><li>Y\u00fcksek hidrostatik (ko\u00e7 darbesi) dayan\u0131m<\/li><\/ul><h3><strong>Malzeme \u00f6zellikleri<\/strong><\/h3><p>Kau\u00e7uk su tutucu bant \u00fcretiminde d\u00fcnyada en yayg\u0131n olarak SBR ve Neopren kau\u00e7uk kullan\u0131lmaktad\u0131r.<\/p><p>SBR su tutucu bantlar su muhafazas\u0131 i\u00e7in tercih edilirken, neopren kau\u00e7uk su tutucu bantlar kanalizasyon hatlar\u0131 ve kimya end\u00fcstrisi uygulamalar\u0131 i\u00e7in tercih edilir.<\/p>\t\t\t\t\t\t\t\t<\/div>\n\t\t\t\t<\/div>\n\t\t\t\t<div class=\"elementor-element elementor-element-4e4b7ed elementor-widget elementor-widget-image\" data-id=\"4e4b7ed\" data-element_type=\"widget\" data-e-type=\"widget\" data-widget_type=\"image.default\">\n\t\t\t\t<div class=\"elementor-widget-container\">\n\t\t\t\t\t\t\t\t\t\t\t\t\t\t\t<img decoding=\"async\" width=\"900\" height=\"565\" src=\"https:\/\/www.arsan.com\/wp-content\/uploads\/2020\/10\/su-tutuclar.jpg\" class=\"attachment-full size-full wp-image-1775\" alt=\"\" srcset=\"https:\/\/www.arsan.com\/wp-content\/uploads\/2020\/10\/su-tutuclar.jpg 900w, https:\/\/www.arsan.com\/wp-content\/uploads\/2020\/10\/su-tutuclar-300x188.jpg 300w, https:\/\/www.arsan.com\/wp-content\/uploads\/2020\/10\/su-tutuclar-768x482.jpg 768w, https:\/\/www.arsan.com\/wp-content\/uploads\/2020\/10\/su-tutuclar-16x10.jpg 16w\" sizes=\"(max-width: 900px) 100vw, 900px\" \/>\t\t\t\t\t\t\t\t\t\t\t\t\t\t\t<\/div>\n\t\t\t\t<\/div>\n\t\t\t\t\t<\/div>\n\t\t<\/div>\n\t\t\t\t\t<\/div>\n\t\t<\/section>\n\t\t\t\t<\/div>\n\t\t","protected":false},"excerpt":{"rendered":"<p>Yap\u0131 \u00dcr\u00fcnleri Sismik \u0130zolat\u00f6rler Kur\u015fun \u00c7ekirdekli Kau\u00e7uk \u0130zolat\u00f6rler Yap\u0131sal Mesnetler K\u00fcresel Mesnetler Elastomer Mesnetler Pot Mesnetler Kay\u0131c\u0131 Mesnetler Genle\u015fme Derzleri AR-EX Tek A\u00e7\u0131kl\u0131kl\u0131 Genle\u015fme Derzi AR-EX Mod\u00fcler Genle\u015fme Derzi SEM Genle\u015fme Derzi T\u00fcnel Segment Contalar\u0131 T\u00fcnel Segment Contalar\u0131 Omega Contalar Dilatasyon Profilleri Su Tutucu Bantlar Su tutucu bantlar \u00e7o\u011funlukla bina temellerinde ve t\u00fcnellerde, beton derzlerinin [&hellip;]<\/p>\n","protected":false},"author":2,"featured_media":0,"parent":1518,"menu_order":0,"comment_status":"closed","ping_status":"closed","template":"","meta":{"footnotes":""},"class_list":["post-1680","page","type-page","status-publish","hentry"],"aioseo_notices":[],"_links":{"self":[{"href":"https:\/\/www.arsan.com\/tr\/wp-json\/wp\/v2\/pages\/1680","targetHints":{"allow":["GET"]}}],"collection":[{"href":"https:\/\/www.arsan.com\/tr\/wp-json\/wp\/v2\/pages"}],"about":[{"href":"https:\/\/www.arsan.com\/tr\/wp-json\/wp\/v2\/types\/page"}],"author":[{"embeddable":true,"href":"https:\/\/www.arsan.com\/tr\/wp-json\/wp\/v2\/users\/2"}],"replies":[{"embeddable":true,"href":"https:\/\/www.arsan.com\/tr\/wp-json\/wp\/v2\/comments?post=1680"}],"version-history":[{"count":0,"href":"https:\/\/www.arsan.com\/tr\/wp-json\/wp\/v2\/pages\/1680\/revisions"}],"up":[{"embeddable":true,"href":"https:\/\/www.arsan.com\/tr\/wp-json\/wp\/v2\/pages\/1518"}],"wp:attachment":[{"href":"https:\/\/www.arsan.com\/tr\/wp-json\/wp\/v2\/media?parent=1680"}],"curies":[{"name":"wp","href":"https:\/\/api.w.org\/{rel}","templated":true}]}}