{"id":1676,"date":"2020-10-13T18:22:24","date_gmt":"2020-10-13T15:22:24","guid":{"rendered":"https:\/\/www.arsan.com\/?page_id=1676"},"modified":"2023-06-06T09:16:31","modified_gmt":"2023-06-06T06:16:31","slug":"omega-conta","status":"publish","type":"page","link":"https:\/\/www.arsan.com\/tr\/urunlerimiz\/yapi-urunleri\/omega-conta\/","title":{"rendered":"Omega Contalar"},"content":{"rendered":"\t\t<div data-elementor-type=\"wp-page\" data-elementor-id=\"1676\" class=\"elementor elementor-1676\" data-elementor-post-type=\"page\">\n\t\t\t\t\t\t<section class=\"elementor-section elementor-top-section elementor-element elementor-element-62c65f11 elementor-section-boxed elementor-section-height-default elementor-section-height-default\" data-id=\"62c65f11\" data-element_type=\"section\" data-e-type=\"section\" data-settings=\"{&quot;background_background&quot;:&quot;classic&quot;}\">\n\t\t\t\t\t\t<div class=\"elementor-container elementor-column-gap-default\">\n\t\t\t\t\t<div class=\"elementor-column elementor-col-33 elementor-top-column elementor-element elementor-element-4bd51fe\" data-id=\"4bd51fe\" data-element_type=\"column\" data-e-type=\"column\" data-settings=\"{&quot;background_background&quot;:&quot;gradient&quot;}\">\n\t\t\t<div class=\"elementor-widget-wrap elementor-element-populated\">\n\t\t\t\t\t\t<div class=\"elementor-element elementor-element-5397ae4d elementor-widget elementor-widget-text-editor\" data-id=\"5397ae4d\" data-element_type=\"widget\" data-e-type=\"widget\" data-widget_type=\"text-editor.default\">\n\t\t\t\t<div class=\"elementor-widget-container\">\n\t\t\t\t\t\t\t\t\t<p><span style=\"color: #ffffff;\">Yap\u0131 \u00dcr\u00fcnleri<\/span><\/p>\t\t\t\t\t\t\t\t<\/div>\n\t\t\t\t<\/div>\n\t\t\t\t<div class=\"elementor-element elementor-element-e9232c1 elementor-widget elementor-widget-text-editor\" data-id=\"e9232c1\" data-element_type=\"widget\" data-e-type=\"widget\" data-widget_type=\"text-editor.default\">\n\t\t\t\t<div class=\"elementor-widget-container\">\n\t\t\t\t\t\t\t\t\t<ul><li><span style=\"text-decoration: underline;\"><span style=\"color: #ffffff; text-decoration: underline;\">Sismik \u0130zolat\u00f6rler<\/span><\/span><ul><li><a href=\"https:\/\/www.arsan.com\/urunlerimiz\/yapi-urunleri\/kursun-cekirdekli-kaucuk-izolator\/\">Kur\u015fun \u00c7ekirdekli Kau\u00e7uk \u0130zolat\u00f6rler<\/a><\/li><\/ul><\/li><li><span style=\"text-decoration: underline;\"><span style=\"color: #ffffff; text-decoration: underline;\">Yap\u0131sal Mesnetler<\/span><\/span><ul><li><a href=\"https:\/\/www.arsan.com\/urunlerimiz\/yapi-urunleri\/kuresel-mesnetler\/\">K\u00fcresel Mesnetler<\/a><\/li><li><a href=\"https:\/\/www.arsan.com\/urunlerimiz\/yapi-urunleri\/elastomer-mesnetler\/\">Elastomer Mesnetler<\/a><\/li><li><a href=\"https:\/\/www.arsan.com\/urunlerimiz\/yapi-urunleri\/pot-mesnetler\/\">Pot Mesnetler<\/a><\/li><li><a href=\"https:\/\/www.arsan.com\/urunlerimiz\/yapi-urunleri\/kayici-mesnetler\/\">Kay\u0131c\u0131 Mesnetler<\/a><\/li><\/ul><\/li><li><span style=\"text-decoration: underline;\"><span style=\"color: #ffffff; text-decoration: underline;\">Genle\u015fme Derzleri<\/span><\/span><ul><li><a href=\"https:\/\/www.arsan.com\/urunlerimiz\/yapi-urunleri\/ar-ex-tek-aciklikli-genlesme-derzi\/\">AR-EX Tek A\u00e7\u0131kl\u0131kl\u0131 Genle\u015fme Derzi<\/a><\/li><li><a href=\"https:\/\/www.arsan.com\/urunlerimiz\/yapi-urunleri\/ar-ex-moduler-genlesme-derzi\/\">AR-EX Mod\u00fcler Genle\u015fme Derzi<\/a><\/li><li><a href=\"https:\/\/www.arsan.com\/urunlerimiz\/yapi-urunleri\/sem-genlesme-derzi\/\">SEM Genle\u015fme Derzi<\/a><\/li><\/ul><\/li><li><span style=\"text-decoration: underline;\"><span style=\"color: #ffffff; text-decoration: underline;\">T\u00fcnel Segment Contalar\u0131<\/span><\/span><ul><li><a href=\"https:\/\/www.arsan.com\/urunlerimiz\/yapi-urunleri\/tunel-segment-contalari\/\">T\u00fcnel Segment Contalar\u0131<\/a><\/li><li><a href=\"https:\/\/www.arsan.com\/urunlerimiz\/yapi-urunleri\/omega-conta\/\">Omega Contalar<\/a><\/li><\/ul><\/li><li><a href=\"https:\/\/www.arsan.com\/urunlerimiz\/yapi-urunleri\/dilatasyon-profilleri\/\"><span style=\"color: #ffffff;\">Dilatasyon Profilleri<\/span><\/a><\/li><li><a href=\"https:\/\/www.arsan.com\/urunlerimiz\/yapi-urunleri\/su-tutucu-bantlar\/\"><span style=\"color: #ffffff;\">Su Tutucu Bantlar<\/span><\/a><\/li><\/ul><ul><li style=\"list-style-type: none;\">\u00a0<\/li><\/ul><ul><li style=\"list-style-type: none;\">\u00a0<\/li><\/ul>\t\t\t\t\t\t\t\t<\/div>\n\t\t\t\t<\/div>\n\t\t\t\t\t<\/div>\n\t\t<\/div>\n\t\t\t\t<div class=\"elementor-column elementor-col-66 elementor-top-column elementor-element elementor-element-2acf9dbc\" data-id=\"2acf9dbc\" data-element_type=\"column\" data-e-type=\"column\">\n\t\t\t<div class=\"elementor-widget-wrap elementor-element-populated\">\n\t\t\t\t\t\t<div class=\"elementor-element elementor-element-17014f48 elementor-widget elementor-widget-image\" data-id=\"17014f48\" data-element_type=\"widget\" data-e-type=\"widget\" data-widget_type=\"image.default\">\n\t\t\t\t<div class=\"elementor-widget-container\">\n\t\t\t\t\t\t\t\t\t\t\t\t\t\t\t<img fetchpriority=\"high\" decoding=\"async\" width=\"1100\" height=\"300\" src=\"https:\/\/www.arsan.com\/wp-content\/uploads\/2022\/12\/omega-conta.jpg\" class=\"attachment-full size-full wp-image-4253\" alt=\"\" srcset=\"https:\/\/www.arsan.com\/wp-content\/uploads\/2022\/12\/omega-conta.jpg 1100w, https:\/\/www.arsan.com\/wp-content\/uploads\/2022\/12\/omega-conta-300x82.jpg 300w, https:\/\/www.arsan.com\/wp-content\/uploads\/2022\/12\/omega-conta-1024x279.jpg 1024w, https:\/\/www.arsan.com\/wp-content\/uploads\/2022\/12\/omega-conta-768x209.jpg 768w, https:\/\/www.arsan.com\/wp-content\/uploads\/2022\/12\/omega-conta-18x5.jpg 18w\" sizes=\"(max-width: 1100px) 100vw, 1100px\" \/>\t\t\t\t\t\t\t\t\t\t\t\t\t\t\t<\/div>\n\t\t\t\t<\/div>\n\t\t\t\t<div class=\"elementor-element elementor-element-58b3522 elementor-widget elementor-widget-text-editor\" data-id=\"58b3522\" data-element_type=\"widget\" data-e-type=\"widget\" data-widget_type=\"text-editor.default\">\n\t\t\t\t<div class=\"elementor-widget-container\">\n\t\t\t\t\t\t\t\t\t<h3>Delme T\u00fcnel Omega Contalar\u0131<\/h3><p>T\u00fcnel delme makineleri (TBM) s\u0131k\u0131\u015ft\u0131r\u0131lm\u0131\u015f hava i\u00e7inde \u00e7al\u0131\u015fan madencilerin ihtiya\u00e7lar\u0131n\u0131 kar\u015f\u0131lamak ve t\u00fcnel a\u00e7\u0131kl\u0131\u011f\u0131ndaki g\u00f6\u00e7me riskini engellemek amac\u0131 ile geli\u015ftirilmi\u015ftir.<\/p><p>Ring olu\u015fturmak i\u00e7in prekast segmentler ile birlikte yerle\u015ftirilen delme t\u00fcnellerde, g\u00fcvenli beton kabu\u011fu ve emniyet sa\u011flamak amac\u0131 ile olu\u015fturulan kenetlenme sistemi su s\u0131zd\u0131rmazl\u0131k maddesi olan ASG ile yerle\u015ftirilerek elde edilir. Delme t\u00fcnellerin sonunda, istasyon ba\u011flant\u0131lar\u0131nda s\u00fcreklilik olmal\u0131d\u0131r. Arsan Omega Contalar\u0131 kapal\u0131 \u00e7ember olarak tedarik edilir. Ba\u011flant\u0131 noktalar\u0131 s\u0131zd\u0131rmazl\u0131\u011f\u0131 a\u015fa\u011f\u0131daki foto\u011frafta g\u00f6sterildi\u011fi gibi \u00e7elik plaka yerle\u015ftirilen ve kaplanan omega contalar\u0131 kullan\u0131larak sa\u011flan\u0131r.<\/p><p>Arsan Omega Contalar\u0131n\u0131n tahmini kullan\u0131m \u00f6mr\u00fc en az 100 y\u0131ld\u0131r. \u00c7al\u0131\u015fma s\u0131cakl\u0131\u011f\u0131 ise -30\u00b0 C ile 80\u00b0 C aras\u0131ndad\u0131r.<\/p>\t\t\t\t\t\t\t\t<\/div>\n\t\t\t\t<\/div>\n\t\t\t\t<div class=\"elementor-element elementor-element-8470321 elementor-widget elementor-widget-text-editor\" data-id=\"8470321\" data-element_type=\"widget\" data-e-type=\"widget\" data-widget_type=\"text-editor.default\">\n\t\t\t\t<div class=\"elementor-widget-container\">\n\t\t\t\t\t\t\t\t\t<h3><span style=\"color: #ffffff;\">\u00dcr\u00fcn Kesitleri<\/span><\/h3>\t\t\t\t\t\t\t\t<\/div>\n\t\t\t\t<\/div>\n\t\t\t\t<div class=\"elementor-element elementor-element-857a792 elementor-widget elementor-widget-image\" data-id=\"857a792\" data-element_type=\"widget\" data-e-type=\"widget\" data-widget_type=\"image.default\">\n\t\t\t\t<div class=\"elementor-widget-container\">\n\t\t\t\t\t\t\t\t\t\t\t\t\t\t\t<img decoding=\"async\" width=\"1310\" height=\"766\" src=\"https:\/\/www.arsan.com\/wp-content\/uploads\/2023\/01\/omega-kesit-1a.jpg\" class=\"attachment-full size-full wp-image-4469\" alt=\"\" srcset=\"https:\/\/www.arsan.com\/wp-content\/uploads\/2023\/01\/omega-kesit-1a.jpg 1310w, https:\/\/www.arsan.com\/wp-content\/uploads\/2023\/01\/omega-kesit-1a-300x175.jpg 300w, https:\/\/www.arsan.com\/wp-content\/uploads\/2023\/01\/omega-kesit-1a-1024x599.jpg 1024w, https:\/\/www.arsan.com\/wp-content\/uploads\/2023\/01\/omega-kesit-1a-768x449.jpg 768w, https:\/\/www.arsan.com\/wp-content\/uploads\/2023\/01\/omega-kesit-1a-18x12.jpg 18w, https:\/\/www.arsan.com\/wp-content\/uploads\/2023\/01\/omega-kesit-1a-1200x702.jpg 1200w\" sizes=\"(max-width: 1310px) 100vw, 1310px\" \/>\t\t\t\t\t\t\t\t\t\t\t\t\t\t\t<\/div>\n\t\t\t\t<\/div>\n\t\t\t\t\t<\/div>\n\t\t<\/div>\n\t\t\t\t\t<\/div>\n\t\t<\/section>\n\t\t\t\t<\/div>\n\t\t","protected":false},"excerpt":{"rendered":"<p>Yap\u0131 \u00dcr\u00fcnleri Sismik \u0130zolat\u00f6rler Kur\u015fun \u00c7ekirdekli Kau\u00e7uk \u0130zolat\u00f6rler Yap\u0131sal Mesnetler K\u00fcresel Mesnetler Elastomer Mesnetler Pot Mesnetler Kay\u0131c\u0131 Mesnetler Genle\u015fme Derzleri AR-EX Tek A\u00e7\u0131kl\u0131kl\u0131 Genle\u015fme Derzi AR-EX Mod\u00fcler Genle\u015fme Derzi SEM Genle\u015fme Derzi T\u00fcnel Segment Contalar\u0131 T\u00fcnel Segment Contalar\u0131 Omega Contalar Dilatasyon Profilleri Su Tutucu Bantlar Delme T\u00fcnel Omega Contalar\u0131 T\u00fcnel delme makineleri (TBM) s\u0131k\u0131\u015ft\u0131r\u0131lm\u0131\u015f hava [&hellip;]<\/p>\n","protected":false},"author":2,"featured_media":0,"parent":1518,"menu_order":0,"comment_status":"closed","ping_status":"closed","template":"","meta":{"footnotes":""},"class_list":["post-1676","page","type-page","status-publish","hentry"],"aioseo_notices":[],"_links":{"self":[{"href":"https:\/\/www.arsan.com\/tr\/wp-json\/wp\/v2\/pages\/1676","targetHints":{"allow":["GET"]}}],"collection":[{"href":"https:\/\/www.arsan.com\/tr\/wp-json\/wp\/v2\/pages"}],"about":[{"href":"https:\/\/www.arsan.com\/tr\/wp-json\/wp\/v2\/types\/page"}],"author":[{"embeddable":true,"href":"https:\/\/www.arsan.com\/tr\/wp-json\/wp\/v2\/users\/2"}],"replies":[{"embeddable":true,"href":"https:\/\/www.arsan.com\/tr\/wp-json\/wp\/v2\/comments?post=1676"}],"version-history":[{"count":0,"href":"https:\/\/www.arsan.com\/tr\/wp-json\/wp\/v2\/pages\/1676\/revisions"}],"up":[{"embeddable":true,"href":"https:\/\/www.arsan.com\/tr\/wp-json\/wp\/v2\/pages\/1518"}],"wp:attachment":[{"href":"https:\/\/www.arsan.com\/tr\/wp-json\/wp\/v2\/media?parent=1676"}],"curies":[{"name":"wp","href":"https:\/\/api.w.org\/{rel}","templated":true}]}}