{"id":1674,"date":"2020-10-13T18:22:08","date_gmt":"2020-10-13T15:22:08","guid":{"rendered":"https:\/\/www.arsan.com\/?page_id=1674"},"modified":"2022-12-23T08:41:35","modified_gmt":"2022-12-23T05:41:35","slug":"tunel-segment-contalari","status":"publish","type":"page","link":"https:\/\/www.arsan.com\/tr\/urunlerimiz\/yapi-urunleri\/tunel-segment-contalari\/","title":{"rendered":"T\u00fcnel Segment Contalar\u0131"},"content":{"rendered":"\t\t<div data-elementor-type=\"wp-page\" data-elementor-id=\"1674\" class=\"elementor elementor-1674\" data-elementor-post-type=\"page\">\n\t\t\t\t\t\t<section class=\"elementor-section elementor-top-section elementor-element elementor-element-60d99718 elementor-section-boxed elementor-section-height-default elementor-section-height-default\" data-id=\"60d99718\" data-element_type=\"section\" data-e-type=\"section\" data-settings=\"{&quot;background_background&quot;:&quot;classic&quot;}\">\n\t\t\t\t\t\t<div class=\"elementor-container elementor-column-gap-default\">\n\t\t\t\t\t<div class=\"elementor-column elementor-col-33 elementor-top-column elementor-element elementor-element-49230efd\" data-id=\"49230efd\" data-element_type=\"column\" data-e-type=\"column\" data-settings=\"{&quot;background_background&quot;:&quot;gradient&quot;}\">\n\t\t\t<div class=\"elementor-widget-wrap elementor-element-populated\">\n\t\t\t\t\t\t<div class=\"elementor-element elementor-element-3b68a72c elementor-widget elementor-widget-text-editor\" data-id=\"3b68a72c\" data-element_type=\"widget\" data-e-type=\"widget\" data-widget_type=\"text-editor.default\">\n\t\t\t\t<div class=\"elementor-widget-container\">\n\t\t\t\t\t\t\t\t\t<p><span style=\"color: #ffffff;\">Yap\u0131 \u00dcr\u00fcnleri<\/span><\/p>\t\t\t\t\t\t\t\t<\/div>\n\t\t\t\t<\/div>\n\t\t\t\t<div class=\"elementor-element elementor-element-5ffd66cd elementor-widget elementor-widget-text-editor\" data-id=\"5ffd66cd\" data-element_type=\"widget\" data-e-type=\"widget\" data-widget_type=\"text-editor.default\">\n\t\t\t\t<div class=\"elementor-widget-container\">\n\t\t\t\t\t\t\t\t\t<ul><li><span style=\"text-decoration: underline;\"><span style=\"color: #ffffff; text-decoration: underline;\">Sismik \u0130zolat\u00f6rler<\/span><\/span><ul><li><a href=\"https:\/\/www.arsan.com\/urunlerimiz\/yapi-urunleri\/kursun-cekirdekli-kaucuk-izolator\/\">Kur\u015fun \u00c7ekirdekli Kau\u00e7uk \u0130zolat\u00f6rler<\/a><\/li><\/ul><\/li><li><span style=\"text-decoration: underline;\"><span style=\"color: #ffffff; text-decoration: underline;\">Yap\u0131sal Mesnetler<\/span><\/span><ul><li><a href=\"https:\/\/www.arsan.com\/urunlerimiz\/yapi-urunleri\/kuresel-mesnetler\/\">K\u00fcresel Mesnetler<\/a><\/li><li><a href=\"https:\/\/www.arsan.com\/urunlerimiz\/yapi-urunleri\/elastomer-mesnetler\/\">Elastomer Mesnetler<\/a><\/li><li><a href=\"https:\/\/www.arsan.com\/urunlerimiz\/yapi-urunleri\/pot-mesnetler\/\">Pot Mesnetler<\/a><\/li><li><a href=\"https:\/\/www.arsan.com\/urunlerimiz\/yapi-urunleri\/kayici-mesnetler\/\">Kay\u0131c\u0131 Mesnetler<\/a><\/li><\/ul><\/li><li><span style=\"text-decoration: underline;\"><span style=\"color: #ffffff; text-decoration: underline;\">Genle\u015fme Derzleri<\/span><\/span><ul><li><a href=\"https:\/\/www.arsan.com\/urunlerimiz\/yapi-urunleri\/ar-ex-tek-aciklikli-genlesme-derzi\/\">AR-EX Tek A\u00e7\u0131kl\u0131kl\u0131 Genle\u015fme Derzi<\/a><\/li><li><a href=\"https:\/\/www.arsan.com\/urunlerimiz\/yapi-urunleri\/ar-ex-moduler-genlesme-derzi\/\">AR-EX Mod\u00fcler Genle\u015fme Derzi<\/a><\/li><li><a href=\"https:\/\/www.arsan.com\/urunlerimiz\/yapi-urunleri\/sem-genlesme-derzi\/\">SEM Genle\u015fme Derzi<\/a><\/li><\/ul><\/li><li><span style=\"text-decoration: underline;\"><span style=\"color: #ffffff; text-decoration: underline;\">T\u00fcnel Segment Contalar\u0131<\/span><\/span><ul><li><a href=\"https:\/\/www.arsan.com\/urunlerimiz\/yapi-urunleri\/tunel-segment-contalari\/\">T\u00fcnel Segment Contalar\u0131<\/a><\/li><li><a href=\"https:\/\/www.arsan.com\/urunlerimiz\/yapi-urunleri\/omega-conta\/\">Omega Contalar<\/a><\/li><\/ul><\/li><li><a href=\"https:\/\/www.arsan.com\/urunlerimiz\/yapi-urunleri\/dilatasyon-profilleri\/\"><span style=\"color: #ffffff;\">Dilatasyon Profilleri<\/span><\/a><\/li><li><a href=\"https:\/\/www.arsan.com\/urunlerimiz\/yapi-urunleri\/su-tutucu-bantlar\/\"><span style=\"color: #ffffff;\">Su Tutucu Bantlar<\/span><\/a><\/li><\/ul><ul><li style=\"list-style-type: none;\">\u00a0<\/li><\/ul><ul><li style=\"list-style-type: none;\">\u00a0<\/li><\/ul>\t\t\t\t\t\t\t\t<\/div>\n\t\t\t\t<\/div>\n\t\t\t\t\t<\/div>\n\t\t<\/div>\n\t\t\t\t<div class=\"elementor-column elementor-col-66 elementor-top-column elementor-element elementor-element-9382a7f\" data-id=\"9382a7f\" data-element_type=\"column\" data-e-type=\"column\">\n\t\t\t<div class=\"elementor-widget-wrap elementor-element-populated\">\n\t\t\t\t\t\t<div class=\"elementor-element elementor-element-38ab8039 elementor-widget elementor-widget-image\" data-id=\"38ab8039\" data-element_type=\"widget\" data-e-type=\"widget\" data-widget_type=\"image.default\">\n\t\t\t\t<div class=\"elementor-widget-container\">\n\t\t\t\t\t\t\t\t\t\t\t\t\t\t\t<img fetchpriority=\"high\" decoding=\"async\" width=\"1100\" height=\"300\" src=\"https:\/\/www.arsan.com\/wp-content\/uploads\/2022\/12\/tunel-segment-contalari-1-1.jpg\" class=\"attachment-full size-full wp-image-4263\" alt=\"\" srcset=\"https:\/\/www.arsan.com\/wp-content\/uploads\/2022\/12\/tunel-segment-contalari-1-1.jpg 1100w, https:\/\/www.arsan.com\/wp-content\/uploads\/2022\/12\/tunel-segment-contalari-1-1-300x82.jpg 300w, https:\/\/www.arsan.com\/wp-content\/uploads\/2022\/12\/tunel-segment-contalari-1-1-1024x279.jpg 1024w, https:\/\/www.arsan.com\/wp-content\/uploads\/2022\/12\/tunel-segment-contalari-1-1-768x209.jpg 768w, https:\/\/www.arsan.com\/wp-content\/uploads\/2022\/12\/tunel-segment-contalari-1-1-18x5.jpg 18w\" sizes=\"(max-width: 1100px) 100vw, 1100px\" \/>\t\t\t\t\t\t\t\t\t\t\t\t\t\t\t<\/div>\n\t\t\t\t<\/div>\n\t\t\t\t<div class=\"elementor-element elementor-element-25877235 elementor-widget elementor-widget-text-editor\" data-id=\"25877235\" data-element_type=\"widget\" data-e-type=\"widget\" data-widget_type=\"text-editor.default\">\n\t\t\t\t<div class=\"elementor-widget-container\">\n\t\t\t\t\t\t\t\t\t<p>ARSAN Segment Contas\u0131(ASG), y\u00fcksek elastomer teknolojsi ile yeni \u00fcr\u00fcnler ve kar\u0131\u015f\u0131mlar geli\u015ftirebilen alan\u0131nda uzman teknik personeller taraf\u0131ndan geli\u015ftirilmi\u015ftir.\u00a0<\/p><h3>Arsan Segment Contas\u0131 Avantajlar\u0131<\/h3><ul><li>Montaj\u0131\u00a0 kolayd\u0131r.<\/li><li>Segment birle\u015fimi s\u0131ras\u0131nda etkin bir koruma sa\u011flar.<\/li><li>Yer hareketlerine kar\u015f\u0131 koruma sa\u011flar.<\/li><li>Kan\u0131tlanm\u0131\u015f, sertifikalanm\u0131\u015f ve g\u00fcvenilirdir.<\/li><li>Kimyasal ve mikrobiyolojik fakt\u00f6rlere kar\u015f\u0131 dayan\u0131kl\u0131 ve uzun \u00f6m\u00fcrl\u00fcd\u00fcr.<\/li><\/ul><p>ARSAN KAU\u00c7UK m\u00fc\u015fteri talepleri do\u011frultusunda geni\u015f \u00fcr\u00fcn yelpazesinde tasar\u0131m ve \u00fcretimlere sahip, proje odakl\u0131 bir firmad\u0131r. Arsan, \u00fcretim s\u0131ras\u0131nda \u00e7evreye kar\u015f\u0131 duyarl\u0131d\u0131r ve t\u00fcm sorumluluklar\u0131n\u0131 yerine getirmektedir.<\/p><p>T\u00fcnelde kullan\u0131lacak segment contas\u0131n\u0131n se\u00e7iminde Arsan\u2019\u0131n odakland\u0131\u011f\u0131 bir\u00e7ok fakt\u00f6r bulunmaktad\u0131r. Tasar\u0131mdaki temel esaslardan olan hidrostatik bas\u0131n\u00e7 ve conta kanal geni\u015fli\u011fi \u00e7ok \u00f6nemlidir.<\/p><p><img decoding=\"async\" class=\"alignnone size-full wp-image-1762\" src=\"https:\/\/www.arsan.com\/wp-content\/uploads\/2020\/10\/IMG_5411.jpg\" alt=\"\" width=\"900\" height=\"206\" srcset=\"https:\/\/www.arsan.com\/wp-content\/uploads\/2020\/10\/IMG_5411.jpg 900w, https:\/\/www.arsan.com\/wp-content\/uploads\/2020\/10\/IMG_5411-300x69.jpg 300w, https:\/\/www.arsan.com\/wp-content\/uploads\/2020\/10\/IMG_5411-768x176.jpg 768w, https:\/\/www.arsan.com\/wp-content\/uploads\/2020\/10\/IMG_5411-16x4.jpg 16w\" sizes=\"(max-width: 900px) 100vw, 900px\" \/><\/p><h3>A\u00e7\u0131kl\u0131k ve S\u0131k\u0131\u015ft\u0131rma Bo\u015flu\u011fu<\/h3><p>Segment yerle\u015ftirilirken, iki segment contas\u0131 aras\u0131nda a\u00e7\u0131kl\u0131k ve s\u0131k\u0131\u015ft\u0131rma bo\u015flu\u011fu olabilir. Su ge\u00e7irmezli\u011fini sa\u011flamak i\u00e7in bu fakt\u00f6rler g\u00f6z \u00f6n\u00fcnde bulundurulmal\u0131d\u0131r. Segment contas\u0131n\u0131n (a\u00e7\u0131kl\u0131k ve s\u0131k\u0131\u015ft\u0131rma bo\u015flu\u011fu) temel amac\u0131 hidrostatik bas\u0131nca kar\u015f\u0131 dayan\u0131m ve en k\u00f6t\u00fc durumda bile su ge\u00e7irmezli\u011fini sa\u011flamakt\u0131r.<\/p><h3>ASG Tasar\u0131m\u0131<\/h3><p>T\u00fcnel conta profilleri, alan\u0131nda uzman Arsan m\u00fchendisleri taraf\u0131ndan proje gerekliliklerine ve m\u00fc\u015fteri ihtiya\u00e7lar\u0131na uygun olarak tasarlanmaktad\u0131r. Do\u011fru tasar\u0131m\u0131n en \u00f6nemli kriteri ise beton segment ba\u011flant\u0131lar\u0131ndaki conta kanallar\u0131 i\u00e7in gerekli su bas\u0131nc\u0131n\u0131 dayan\u0131m\u0131d\u0131r. Seri \u00fcretime ge\u00e7meden \u00f6nce, profiller \u00fcr\u00fcn\u00fcn nas\u0131l \u00e7al\u0131\u015ft\u0131\u011f\u0131 hakk\u0131nda g\u00fcvenli tahminler veren sim\u00fclasyon program\u0131nda sim\u00fcle edilir. Bu a\u015famadan sonra ise ilk \u00fcretim ba\u015flar ve tasar\u0131m\u0131n uygunlu\u011fu i\u00e7in gerekli t\u00fcm testler yap\u0131l\u0131r.<\/p><p><strong>Testler:<\/strong><\/p><ul><li>Sertlik<\/li><li>Kopma Mukavemeti<\/li><li>Uzama<\/li><li>Deformasyon<\/li><li>Ozon Dayan\u0131m\u0131<\/li><li>Ya\u015flanma<\/li><li>Kuvvet Deplasman<\/li><li>Gerilme Bo\u015fal\u0131m\u0131<\/li><li>Restoratif Kapasite<\/li><li>S\u0131zd\u0131rmazl\u0131k<\/li><li>Y\u00fczey \u00c7atlamas\u0131<\/li><li>Kimyasallara Kar\u015f\u0131 Dayan\u0131m<\/li><li>Yeralt\u0131 Suyu Ya\u015flanmas\u0131<\/li><\/ul><p><strong>ASG uzun servis \u00f6mr\u00fc, su s\u0131zd\u0131rmazl\u0131\u011f\u0131, ekonomik ve etkin \u00e7\u00f6z\u00fcmleri ile \u00f6ne \u00e7\u0131kar.<\/strong><\/p><p>Segment contalar\u0131n\u0131n en \u00f6nemli \u00f6zelli\u011fi su s\u0131zd\u0131rmazl\u0131\u011f\u0131 sa\u011flamas\u0131d\u0131r. M\u00fc\u015fterilerimize contalar\u0131n su bas\u0131nc\u0131na kar\u015f\u0131 dayan\u0131m\u0131n\u0131 etkin olarak g\u00f6stermenin en iyi yolu ise yeralt\u0131 su bas\u0131nc\u0131n\u0131 sim\u00fcle ederek, bu etkiler alt\u0131nda contalar\u0131n test edilmesidir. Contalar\u0131n emniyetinden emin olmak i\u00e7in test s\u0131ras\u0131ndaki su bas\u0131nc\u0131 ger\u00e7ekteki su bas\u0131nc\u0131 de\u011ferlerinden b\u00fcy\u00fck olacak \u015fekilde uygulanmaktad\u0131r.<\/p><p><iframe title=\"Arsan Tunnel Segment Gaskets\" width=\"580\" height=\"326\" src=\"https:\/\/www.youtube.com\/embed\/SLId5SkDXbQ?feature=oembed\" frameborder=\"0\" allow=\"accelerometer; autoplay; clipboard-write; encrypted-media; gyroscope; picture-in-picture; web-share\" referrerpolicy=\"strict-origin-when-cross-origin\" allowfullscreen><\/iframe><\/p>\t\t\t\t\t\t\t\t<\/div>\n\t\t\t\t<\/div>\n\t\t\t\t<div class=\"elementor-element elementor-element-6b5fbb7 elementor-widget elementor-widget-text-editor\" data-id=\"6b5fbb7\" data-element_type=\"widget\" data-e-type=\"widget\" data-widget_type=\"text-editor.default\">\n\t\t\t\t<div class=\"elementor-widget-container\">\n\t\t\t\t\t\t\t\t\t<h3><span style=\"color: #ffffff;\">\u00dcr\u00fcn Tipleri<\/span><\/h3>\t\t\t\t\t\t\t\t<\/div>\n\t\t\t\t<\/div>\n\t\t\t\t<div class=\"elementor-element elementor-element-d552e19 elementor-tabs-view-horizontal elementor-widget elementor-widget-tabs\" data-id=\"d552e19\" data-element_type=\"widget\" data-e-type=\"widget\" data-widget_type=\"tabs.default\">\n\t\t\t\t<div class=\"elementor-widget-container\">\n\t\t\t\t\t\t\t<div class=\"elementor-tabs\">\n\t\t\t<div class=\"elementor-tabs-wrapper\" role=\"tablist\" >\n\t\t\t\t\t\t\t\t\t<div id=\"elementor-tab-title-2231\" class=\"elementor-tab-title elementor-tab-desktop-title\" aria-selected=\"true\" data-tab=\"1\" role=\"tab\" tabindex=\"0\" aria-controls=\"elementor-tab-content-2231\" aria-expanded=\"false\">Standart Contalar<\/div>\n\t\t\t\t\t\t\t\t\t<div id=\"elementor-tab-title-2232\" class=\"elementor-tab-title elementor-tab-desktop-title\" aria-selected=\"false\" data-tab=\"2\" role=\"tab\" tabindex=\"-1\" aria-controls=\"elementor-tab-content-2232\" aria-expanded=\"false\">Ankarajl\u0131 Contalar<\/div>\n\t\t\t\t\t\t\t\t\t<div id=\"elementor-tab-title-2233\" class=\"elementor-tab-title elementor-tab-desktop-title\" aria-selected=\"false\" data-tab=\"3\" role=\"tab\" tabindex=\"-1\" aria-controls=\"elementor-tab-content-2233\" aria-expanded=\"false\">Hibrit Contalar<\/div>\n\t\t\t\t\t\t\t\t\t<div id=\"elementor-tab-title-2234\" class=\"elementor-tab-title elementor-tab-desktop-title\" aria-selected=\"false\" data-tab=\"4\" role=\"tab\" tabindex=\"-1\" aria-controls=\"elementor-tab-content-2234\" aria-expanded=\"false\">Koekstrude Contalar<\/div>\n\t\t\t\t\t\t\t<\/div>\n\t\t\t<div class=\"elementor-tabs-content-wrapper\" role=\"tablist\" aria-orientation=\"vertical\">\n\t\t\t\t\t\t\t\t\t<div class=\"elementor-tab-title elementor-tab-mobile-title\" aria-selected=\"true\" data-tab=\"1\" role=\"tab\" tabindex=\"0\" aria-controls=\"elementor-tab-content-2231\" aria-expanded=\"false\">Standart Contalar<\/div>\n\t\t\t\t\t<div id=\"elementor-tab-content-2231\" class=\"elementor-tab-content elementor-clearfix\" data-tab=\"1\" role=\"tabpanel\" aria-labelledby=\"elementor-tab-title-2231\" tabindex=\"0\" hidden=\"false\"><p><img decoding=\"async\" class=\"alignnone size-full wp-image-1809\" src=\"https:\/\/www.arsan.com\/wp-content\/uploads\/2020\/10\/a-17-Glued_451.001B.jpg\" alt=\"\" width=\"900\" height=\"506\" srcset=\"https:\/\/www.arsan.com\/wp-content\/uploads\/2020\/10\/a-17-Glued_451.001B.jpg 900w, https:\/\/www.arsan.com\/wp-content\/uploads\/2020\/10\/a-17-Glued_451.001B-300x169.jpg 300w, https:\/\/www.arsan.com\/wp-content\/uploads\/2020\/10\/a-17-Glued_451.001B-768x432.jpg 768w, https:\/\/www.arsan.com\/wp-content\/uploads\/2020\/10\/a-17-Glued_451.001B-16x9.jpg 16w\" sizes=\"(max-width: 900px) 100vw, 900px\" \/><\/p><\/div>\n\t\t\t\t\t\t\t\t\t<div class=\"elementor-tab-title elementor-tab-mobile-title\" aria-selected=\"false\" data-tab=\"2\" role=\"tab\" tabindex=\"-1\" aria-controls=\"elementor-tab-content-2232\" aria-expanded=\"false\">Ankarajl\u0131 Contalar<\/div>\n\t\t\t\t\t<div id=\"elementor-tab-content-2232\" class=\"elementor-tab-content elementor-clearfix\" data-tab=\"2\" role=\"tabpanel\" aria-labelledby=\"elementor-tab-title-2232\" tabindex=\"0\" hidden=\"hidden\"><p><img loading=\"lazy\" decoding=\"async\" class=\"alignnone size-full wp-image-1810\" src=\"https:\/\/www.arsan.com\/wp-content\/uploads\/2020\/10\/a-03-Anchored_476.001.jpg\" alt=\"\" width=\"900\" height=\"506\" srcset=\"https:\/\/www.arsan.com\/wp-content\/uploads\/2020\/10\/a-03-Anchored_476.001.jpg 900w, https:\/\/www.arsan.com\/wp-content\/uploads\/2020\/10\/a-03-Anchored_476.001-300x169.jpg 300w, https:\/\/www.arsan.com\/wp-content\/uploads\/2020\/10\/a-03-Anchored_476.001-768x432.jpg 768w, https:\/\/www.arsan.com\/wp-content\/uploads\/2020\/10\/a-03-Anchored_476.001-16x9.jpg 16w\" sizes=\"(max-width: 900px) 100vw, 900px\" \/><\/p><\/div>\n\t\t\t\t\t\t\t\t\t<div class=\"elementor-tab-title elementor-tab-mobile-title\" aria-selected=\"false\" data-tab=\"3\" role=\"tab\" tabindex=\"-1\" aria-controls=\"elementor-tab-content-2233\" aria-expanded=\"false\">Hibrit Contalar<\/div>\n\t\t\t\t\t<div id=\"elementor-tab-content-2233\" class=\"elementor-tab-content elementor-clearfix\" data-tab=\"3\" role=\"tabpanel\" aria-labelledby=\"elementor-tab-title-2233\" tabindex=\"0\" hidden=\"hidden\"><p><img loading=\"lazy\" decoding=\"async\" class=\"alignnone size-full wp-image-1811\" src=\"https:\/\/www.arsan.com\/wp-content\/uploads\/2020\/10\/a-27-Hybrid_459_001.jpg\" alt=\"\" width=\"900\" height=\"506\" srcset=\"https:\/\/www.arsan.com\/wp-content\/uploads\/2020\/10\/a-27-Hybrid_459_001.jpg 900w, https:\/\/www.arsan.com\/wp-content\/uploads\/2020\/10\/a-27-Hybrid_459_001-300x169.jpg 300w, https:\/\/www.arsan.com\/wp-content\/uploads\/2020\/10\/a-27-Hybrid_459_001-768x432.jpg 768w, https:\/\/www.arsan.com\/wp-content\/uploads\/2020\/10\/a-27-Hybrid_459_001-16x9.jpg 16w\" sizes=\"(max-width: 900px) 100vw, 900px\" \/><\/p><\/div>\n\t\t\t\t\t\t\t\t\t<div class=\"elementor-tab-title elementor-tab-mobile-title\" aria-selected=\"false\" data-tab=\"4\" role=\"tab\" tabindex=\"-1\" aria-controls=\"elementor-tab-content-2234\" aria-expanded=\"false\">Koekstrude Contalar<\/div>\n\t\t\t\t\t<div id=\"elementor-tab-content-2234\" class=\"elementor-tab-content elementor-clearfix\" data-tab=\"4\" role=\"tabpanel\" aria-labelledby=\"elementor-tab-title-2234\" tabindex=\"0\" hidden=\"hidden\"><p><img loading=\"lazy\" decoding=\"async\" class=\"alignnone size-full wp-image-1812\" src=\"https:\/\/www.arsan.com\/wp-content\/uploads\/2020\/10\/a-29-Co-extruded_642.051.jpg\" alt=\"\" width=\"900\" height=\"506\" srcset=\"https:\/\/www.arsan.com\/wp-content\/uploads\/2020\/10\/a-29-Co-extruded_642.051.jpg 900w, https:\/\/www.arsan.com\/wp-content\/uploads\/2020\/10\/a-29-Co-extruded_642.051-300x169.jpg 300w, https:\/\/www.arsan.com\/wp-content\/uploads\/2020\/10\/a-29-Co-extruded_642.051-768x432.jpg 768w, https:\/\/www.arsan.com\/wp-content\/uploads\/2020\/10\/a-29-Co-extruded_642.051-16x9.jpg 16w\" sizes=\"(max-width: 900px) 100vw, 900px\" \/><\/p><\/div>\n\t\t\t\t\t\t\t<\/div>\n\t\t<\/div>\n\t\t\t\t\t\t<\/div>\n\t\t\t\t<\/div>\n\t\t\t\t\t<\/div>\n\t\t<\/div>\n\t\t\t\t\t<\/div>\n\t\t<\/section>\n\t\t\t\t<\/div>\n\t\t","protected":false},"excerpt":{"rendered":"<p>Yap\u0131 \u00dcr\u00fcnleri Sismik \u0130zolat\u00f6rler Kur\u015fun \u00c7ekirdekli Kau\u00e7uk \u0130zolat\u00f6rler Yap\u0131sal Mesnetler K\u00fcresel Mesnetler Elastomer Mesnetler Pot Mesnetler Kay\u0131c\u0131 Mesnetler Genle\u015fme Derzleri AR-EX Tek A\u00e7\u0131kl\u0131kl\u0131 Genle\u015fme Derzi AR-EX Mod\u00fcler Genle\u015fme Derzi SEM Genle\u015fme Derzi T\u00fcnel Segment Contalar\u0131 T\u00fcnel Segment Contalar\u0131 Omega Contalar Dilatasyon Profilleri Su Tutucu Bantlar \u00a0 \u00a0 ARSAN Segment Contas\u0131(ASG), y\u00fcksek elastomer teknolojsi ile yeni [&hellip;]<\/p>\n","protected":false},"author":2,"featured_media":0,"parent":1518,"menu_order":0,"comment_status":"closed","ping_status":"closed","template":"","meta":{"footnotes":""},"class_list":["post-1674","page","type-page","status-publish","hentry"],"aioseo_notices":[],"_links":{"self":[{"href":"https:\/\/www.arsan.com\/tr\/wp-json\/wp\/v2\/pages\/1674","targetHints":{"allow":["GET"]}}],"collection":[{"href":"https:\/\/www.arsan.com\/tr\/wp-json\/wp\/v2\/pages"}],"about":[{"href":"https:\/\/www.arsan.com\/tr\/wp-json\/wp\/v2\/types\/page"}],"author":[{"embeddable":true,"href":"https:\/\/www.arsan.com\/tr\/wp-json\/wp\/v2\/users\/2"}],"replies":[{"embeddable":true,"href":"https:\/\/www.arsan.com\/tr\/wp-json\/wp\/v2\/comments?post=1674"}],"version-history":[{"count":0,"href":"https:\/\/www.arsan.com\/tr\/wp-json\/wp\/v2\/pages\/1674\/revisions"}],"up":[{"embeddable":true,"href":"https:\/\/www.arsan.com\/tr\/wp-json\/wp\/v2\/pages\/1518"}],"wp:attachment":[{"href":"https:\/\/www.arsan.com\/tr\/wp-json\/wp\/v2\/media?parent=1674"}],"curies":[{"name":"wp","href":"https:\/\/api.w.org\/{rel}","templated":true}]}}