{"id":1672,"date":"2020-10-13T18:21:55","date_gmt":"2020-10-13T15:21:55","guid":{"rendered":"https:\/\/www.arsan.com\/?page_id=1672"},"modified":"2022-12-23T08:40:47","modified_gmt":"2022-12-23T05:40:47","slug":"sem-genlesme-derzi","status":"publish","type":"page","link":"https:\/\/www.arsan.com\/tr\/urunlerimiz\/yapi-urunleri\/sem-genlesme-derzi\/","title":{"rendered":"SEM Genle\u015fme Derzi"},"content":{"rendered":"\t\t<div data-elementor-type=\"wp-page\" data-elementor-id=\"1672\" class=\"elementor elementor-1672\" data-elementor-post-type=\"page\">\n\t\t\t\t\t\t<section class=\"elementor-section elementor-top-section elementor-element elementor-element-31f07062 elementor-section-boxed elementor-section-height-default elementor-section-height-default\" data-id=\"31f07062\" data-element_type=\"section\" data-e-type=\"section\" data-settings=\"{&quot;background_background&quot;:&quot;classic&quot;}\">\n\t\t\t\t\t\t<div class=\"elementor-container elementor-column-gap-default\">\n\t\t\t\t\t<div class=\"elementor-column elementor-col-33 elementor-top-column elementor-element elementor-element-3a29b0fb\" data-id=\"3a29b0fb\" data-element_type=\"column\" data-e-type=\"column\" data-settings=\"{&quot;background_background&quot;:&quot;gradient&quot;}\">\n\t\t\t<div class=\"elementor-widget-wrap elementor-element-populated\">\n\t\t\t\t\t\t<div class=\"elementor-element elementor-element-293ce799 elementor-widget elementor-widget-text-editor\" data-id=\"293ce799\" data-element_type=\"widget\" data-e-type=\"widget\" data-widget_type=\"text-editor.default\">\n\t\t\t\t<div class=\"elementor-widget-container\">\n\t\t\t\t\t\t\t\t\t<p><span style=\"color: #ffffff;\">Yap\u0131 \u00dcr\u00fcnleri<\/span><\/p>\t\t\t\t\t\t\t\t<\/div>\n\t\t\t\t<\/div>\n\t\t\t\t<div class=\"elementor-element elementor-element-4d31c132 elementor-widget elementor-widget-text-editor\" data-id=\"4d31c132\" data-element_type=\"widget\" data-e-type=\"widget\" data-widget_type=\"text-editor.default\">\n\t\t\t\t<div class=\"elementor-widget-container\">\n\t\t\t\t\t\t\t\t\t<ul><li><span style=\"text-decoration: underline;\"><span style=\"color: #ffffff; text-decoration: underline;\">Sismik \u0130zolat\u00f6rler<\/span><\/span><ul><li><a href=\"https:\/\/www.arsan.com\/urunlerimiz\/yapi-urunleri\/kursun-cekirdekli-kaucuk-izolator\/\">Kur\u015fun \u00c7ekirdekli Kau\u00e7uk \u0130zolat\u00f6rler<\/a><\/li><\/ul><\/li><li><span style=\"text-decoration: underline;\"><span style=\"color: #ffffff; text-decoration: underline;\">Yap\u0131sal Mesnetler<\/span><\/span><ul><li><a href=\"https:\/\/www.arsan.com\/urunlerimiz\/yapi-urunleri\/kuresel-mesnetler\/\">K\u00fcresel Mesnetler<\/a><\/li><li><a href=\"https:\/\/www.arsan.com\/urunlerimiz\/yapi-urunleri\/elastomer-mesnetler\/\">Elastomer Mesnetler<\/a><\/li><li><a href=\"https:\/\/www.arsan.com\/urunlerimiz\/yapi-urunleri\/pot-mesnetler\/\">Pot Mesnetler<\/a><\/li><li><a href=\"https:\/\/www.arsan.com\/urunlerimiz\/yapi-urunleri\/kayici-mesnetler\/\">Kay\u0131c\u0131 Mesnetler<\/a><\/li><\/ul><\/li><li><span style=\"text-decoration: underline;\"><span style=\"color: #ffffff; text-decoration: underline;\">Genle\u015fme Derzleri<\/span><\/span><ul><li><a href=\"https:\/\/www.arsan.com\/urunlerimiz\/yapi-urunleri\/ar-ex-tek-aciklikli-genlesme-derzi\/\">AR-EX Tek A\u00e7\u0131kl\u0131kl\u0131 Genle\u015fme Derzi<\/a><\/li><li><a href=\"https:\/\/www.arsan.com\/urunlerimiz\/yapi-urunleri\/ar-ex-moduler-genlesme-derzi\/\">AR-EX Mod\u00fcler Genle\u015fme Derzi<\/a><\/li><li><a href=\"https:\/\/www.arsan.com\/urunlerimiz\/yapi-urunleri\/sem-genlesme-derzi\/\">SEM Genle\u015fme Derzi<\/a><\/li><\/ul><\/li><li><span style=\"text-decoration: underline;\"><span style=\"color: #ffffff; text-decoration: underline;\">T\u00fcnel Segment Contalar\u0131<\/span><\/span><ul><li><a href=\"https:\/\/www.arsan.com\/urunlerimiz\/yapi-urunleri\/tunel-segment-contalari\/\">T\u00fcnel Segment Contalar\u0131<\/a><\/li><li><a href=\"https:\/\/www.arsan.com\/urunlerimiz\/yapi-urunleri\/omega-conta\/\">Omega Contalar<\/a><\/li><\/ul><\/li><li><a href=\"https:\/\/www.arsan.com\/urunlerimiz\/yapi-urunleri\/dilatasyon-profilleri\/\"><span style=\"color: #ffffff;\">Dilatasyon Profilleri<\/span><\/a><\/li><li><a href=\"https:\/\/www.arsan.com\/urunlerimiz\/yapi-urunleri\/su-tutucu-bantlar\/\"><span style=\"color: #ffffff;\">Su Tutucu Bantlar<\/span><\/a><\/li><\/ul><ul><li style=\"list-style-type: none;\">\u00a0<\/li><\/ul><ul><li style=\"list-style-type: none;\">\u00a0<\/li><\/ul>\t\t\t\t\t\t\t\t<\/div>\n\t\t\t\t<\/div>\n\t\t\t\t\t<\/div>\n\t\t<\/div>\n\t\t\t\t<div class=\"elementor-column elementor-col-66 elementor-top-column elementor-element elementor-element-bd80595\" data-id=\"bd80595\" data-element_type=\"column\" data-e-type=\"column\">\n\t\t\t<div class=\"elementor-widget-wrap elementor-element-populated\">\n\t\t\t\t\t\t<div class=\"elementor-element elementor-element-51eca2f5 elementor-widget elementor-widget-image\" data-id=\"51eca2f5\" data-element_type=\"widget\" data-e-type=\"widget\" data-widget_type=\"image.default\">\n\t\t\t\t<div class=\"elementor-widget-container\">\n\t\t\t\t\t\t\t\t\t\t\t\t\t\t\t<img fetchpriority=\"high\" decoding=\"async\" width=\"1100\" height=\"300\" src=\"https:\/\/www.arsan.com\/wp-content\/uploads\/2022\/12\/sem-genlesme-derzi.jpg\" class=\"attachment-full size-full wp-image-4254\" alt=\"\" srcset=\"https:\/\/www.arsan.com\/wp-content\/uploads\/2022\/12\/sem-genlesme-derzi.jpg 1100w, https:\/\/www.arsan.com\/wp-content\/uploads\/2022\/12\/sem-genlesme-derzi-300x82.jpg 300w, https:\/\/www.arsan.com\/wp-content\/uploads\/2022\/12\/sem-genlesme-derzi-1024x279.jpg 1024w, https:\/\/www.arsan.com\/wp-content\/uploads\/2022\/12\/sem-genlesme-derzi-768x209.jpg 768w, https:\/\/www.arsan.com\/wp-content\/uploads\/2022\/12\/sem-genlesme-derzi-18x5.jpg 18w\" sizes=\"(max-width: 1100px) 100vw, 1100px\" \/>\t\t\t\t\t\t\t\t\t\t\t\t\t\t\t<\/div>\n\t\t\t\t<\/div>\n\t\t\t\t<div class=\"elementor-element elementor-element-72ada30 elementor-widget elementor-widget-text-editor\" data-id=\"72ada30\" data-element_type=\"widget\" data-e-type=\"widget\" data-widget_type=\"text-editor.default\">\n\t\t\t\t<div class=\"elementor-widget-container\">\n\t\t\t\t\t\t\t\t\t<p>K\u00f6pr\u00fc genle\u015fme derzleri, k\u00f6pr\u00fc d\u00f6\u015femesinde meydana gelen b\u00fcz\u00fclme ve s\u00fcnme gibi yap\u0131sal malzemelerde olu\u015fan fiziksel de\u011fi\u015fim, hareketli y\u00fck ve \u00e7evresel fakt\u00f6rlerden kaynaklanan eksenel, d\u00fc\u015fey harekete ve k\u00fc\u00e7\u00fck d\u00f6nmelere izin verecek \u015fekilde tasarlan\u0131r. <br \/>Sem genle\u015fme derzi, 800mm ye kadar genle\u015fme hareketini absorbe edebilme yetene\u011fi ile birle\u015fim ve bo\u015fluklar\u0131 dolduracak \u015fekilde tasarlan\u0131r.<br \/>Arsan, y\u00fcksek kau\u00e7uk kalitesi ve \u00f6zel tasar\u0131m\u0131 ile ya\u011f, yak\u0131t, U.V. \u0131\u015f\u0131n\u0131, ozon ve di\u011fer bir\u00e7ok kimyasala kar\u015f\u0131 uzun s\u00fcreli dayan\u0131m\u0131 garanti eder. Arsan, genle\u015fme derzlerinin tasar\u0131m\u0131n\u0131 m\u00fchendislik yaz\u0131l\u0131m\u0131 ile tasarlar ve geli\u015ftirir. <br \/>Belirli proje i\u00e7in gerekli olan genle\u015fme derzlerinin tip se\u00e7imi genelde maksimum derz a\u00e7\u0131kl\u0131\u011f\u0131 ile belirlenir.<\/p><h3>Temel Avantajlar\u0131<\/h3><p>\u2981 SEM Genle\u015fme derzi \u00e7elik ankraj bulonu ile kolayca yerle\u015ftirilebilir.<br \/>\u2981 B\u00fct\u00fcn i\u00e7 metal katmanlar\u0131 ve yerle\u015ftirme ankrajlar\u0131 korozyona kar\u015f\u0131 i\u015fleme tabi tutulur.<br \/>\u2981 \u0130yi tasar\u0131m y\u00fczeyi sayesinde derzler herhangi bir ses ve darbe yapmadan s\u00fcr\u00fcc\u00fclere konforlu bir s\u00fcr\u00fc\u015f imkan\u0131 sunar. <br \/>\u2981 SEM Genle\u015fme derzleri tamamen su s\u0131zd\u0131rmazd\u0131r ve ortamdaki etkilere kar\u015f\u0131 kau\u00e7u\u011fun i\u00e7ine \u00e7elik konulmu\u015ftur.<\/p><h3><strong>Test ve Kalite<\/strong><\/h3><p>SEM Genle\u015fme derzleri ve di\u011fer teknik \u00fcr\u00fcnler, y\u00fcksek kalite standartlar\u0131 ve uluslararas\u0131 gerekliliklere uygun olarak kontrol edilerek (test edilerek) \u00fcretilmektedir. \u00dcr\u00fcn i\u00e7erisindeki temel birle\u015fim olan kau\u00e7uk ve \u00e7elik fiziksel ve mekanik gereklilikleri sa\u011flamaktad\u0131r. Y\u00fcksek performans ve iyi kalite sunabilmek i\u00e7in kendi laboratuvarlar\u0131m\u0131zda gerekli testleri yapabilmekteyiz.<\/p><p><iframe title=\"SEM Expansion Joints\" width=\"580\" height=\"326\" src=\"https:\/\/www.youtube.com\/embed\/aUpvh7_jSA4?feature=oembed\" frameborder=\"0\" allow=\"accelerometer; autoplay; clipboard-write; encrypted-media; gyroscope; picture-in-picture; web-share\" referrerpolicy=\"strict-origin-when-cross-origin\" allowfullscreen><\/iframe><\/p>\t\t\t\t\t\t\t\t<\/div>\n\t\t\t\t<\/div>\n\t\t\t\t\t<\/div>\n\t\t<\/div>\n\t\t\t\t\t<\/div>\n\t\t<\/section>\n\t\t\t\t<\/div>\n\t\t","protected":false},"excerpt":{"rendered":"<p>Yap\u0131 \u00dcr\u00fcnleri Sismik \u0130zolat\u00f6rler Kur\u015fun \u00c7ekirdekli Kau\u00e7uk \u0130zolat\u00f6rler Yap\u0131sal Mesnetler K\u00fcresel Mesnetler Elastomer Mesnetler Pot Mesnetler Kay\u0131c\u0131 Mesnetler Genle\u015fme Derzleri AR-EX Tek A\u00e7\u0131kl\u0131kl\u0131 Genle\u015fme Derzi AR-EX Mod\u00fcler Genle\u015fme Derzi SEM Genle\u015fme Derzi T\u00fcnel Segment Contalar\u0131 T\u00fcnel Segment Contalar\u0131 Omega Contalar Dilatasyon Profilleri Su Tutucu Bantlar \u00a0 \u00a0 K\u00f6pr\u00fc genle\u015fme derzleri, k\u00f6pr\u00fc d\u00f6\u015femesinde meydana gelen b\u00fcz\u00fclme [&hellip;]<\/p>\n","protected":false},"author":2,"featured_media":0,"parent":1518,"menu_order":0,"comment_status":"closed","ping_status":"closed","template":"","meta":{"footnotes":""},"class_list":["post-1672","page","type-page","status-publish","hentry"],"aioseo_notices":[],"_links":{"self":[{"href":"https:\/\/www.arsan.com\/tr\/wp-json\/wp\/v2\/pages\/1672","targetHints":{"allow":["GET"]}}],"collection":[{"href":"https:\/\/www.arsan.com\/tr\/wp-json\/wp\/v2\/pages"}],"about":[{"href":"https:\/\/www.arsan.com\/tr\/wp-json\/wp\/v2\/types\/page"}],"author":[{"embeddable":true,"href":"https:\/\/www.arsan.com\/tr\/wp-json\/wp\/v2\/users\/2"}],"replies":[{"embeddable":true,"href":"https:\/\/www.arsan.com\/tr\/wp-json\/wp\/v2\/comments?post=1672"}],"version-history":[{"count":0,"href":"https:\/\/www.arsan.com\/tr\/wp-json\/wp\/v2\/pages\/1672\/revisions"}],"up":[{"embeddable":true,"href":"https:\/\/www.arsan.com\/tr\/wp-json\/wp\/v2\/pages\/1518"}],"wp:attachment":[{"href":"https:\/\/www.arsan.com\/tr\/wp-json\/wp\/v2\/media?parent=1672"}],"curies":[{"name":"wp","href":"https:\/\/api.w.org\/{rel}","templated":true}]}}