{"id":1670,"date":"2020-10-13T18:21:42","date_gmt":"2020-10-13T15:21:42","guid":{"rendered":"https:\/\/www.arsan.com\/?page_id=1670"},"modified":"2022-12-23T08:37:40","modified_gmt":"2022-12-23T05:37:40","slug":"ar-ex-moduler-genlesme-derzi","status":"publish","type":"page","link":"https:\/\/www.arsan.com\/tr\/urunlerimiz\/yapi-urunleri\/ar-ex-moduler-genlesme-derzi\/","title":{"rendered":"AR-EX Mod\u00fcler Genle\u015fme Derzi"},"content":{"rendered":"\t\t<div data-elementor-type=\"wp-page\" data-elementor-id=\"1670\" class=\"elementor elementor-1670\" data-elementor-post-type=\"page\">\n\t\t\t\t\t\t<section class=\"elementor-section elementor-top-section elementor-element elementor-element-674ad784 elementor-section-boxed elementor-section-height-default elementor-section-height-default\" data-id=\"674ad784\" data-element_type=\"section\" data-e-type=\"section\" data-settings=\"{&quot;background_background&quot;:&quot;classic&quot;}\">\n\t\t\t\t\t\t<div class=\"elementor-container elementor-column-gap-default\">\n\t\t\t\t\t<div class=\"elementor-column elementor-col-33 elementor-top-column elementor-element elementor-element-4b5b4278\" data-id=\"4b5b4278\" data-element_type=\"column\" data-e-type=\"column\" data-settings=\"{&quot;background_background&quot;:&quot;gradient&quot;}\">\n\t\t\t<div class=\"elementor-widget-wrap elementor-element-populated\">\n\t\t\t\t\t\t<div class=\"elementor-element elementor-element-2a801419 elementor-widget elementor-widget-text-editor\" data-id=\"2a801419\" data-element_type=\"widget\" data-e-type=\"widget\" data-widget_type=\"text-editor.default\">\n\t\t\t\t<div class=\"elementor-widget-container\">\n\t\t\t\t\t\t\t\t\t<p><span style=\"color: #ffffff;\">Yap\u0131 \u00dcr\u00fcnleri<\/span><\/p>\t\t\t\t\t\t\t\t<\/div>\n\t\t\t\t<\/div>\n\t\t\t\t<div class=\"elementor-element elementor-element-465a4ed4 elementor-widget elementor-widget-text-editor\" data-id=\"465a4ed4\" data-element_type=\"widget\" data-e-type=\"widget\" data-widget_type=\"text-editor.default\">\n\t\t\t\t<div class=\"elementor-widget-container\">\n\t\t\t\t\t\t\t\t\t<ul><li><span style=\"text-decoration: underline;\"><span style=\"color: #ffffff; text-decoration: underline;\">Sismik \u0130zolat\u00f6rler<\/span><\/span><ul><li><a href=\"https:\/\/www.arsan.com\/urunlerimiz\/yapi-urunleri\/kursun-cekirdekli-kaucuk-izolator\/\">Kur\u015fun \u00c7ekirdekli Kau\u00e7uk \u0130zolat\u00f6r<\/a><\/li><\/ul><\/li><li><span style=\"text-decoration: underline;\"><span style=\"color: #ffffff; text-decoration: underline;\">Yap\u0131sal Mesnetler<\/span><\/span><ul><li><a href=\"https:\/\/www.arsan.com\/urunlerimiz\/yapi-urunleri\/kuresel-mesnetler\/\">K\u00fcresel Mesnetler<\/a><\/li><li><a href=\"https:\/\/www.arsan.com\/urunlerimiz\/yapi-urunleri\/elastomer-mesnetler\/\">Elastomer Mesnetler<\/a><\/li><li><a href=\"https:\/\/www.arsan.com\/urunlerimiz\/yapi-urunleri\/pot-mesnetler\/\">Pot Mesnetler<\/a><\/li><li><a href=\"https:\/\/www.arsan.com\/urunlerimiz\/yapi-urunleri\/kayici-mesnetler\/\">Kay\u0131c\u0131 Mesnetler<\/a><\/li><\/ul><\/li><li><span style=\"text-decoration: underline;\"><span style=\"color: #ffffff; text-decoration: underline;\">Genle\u015fme Derzleri<\/span><\/span><ul><li><a href=\"https:\/\/www.arsan.com\/urunlerimiz\/yapi-urunleri\/ar-ex-tek-aciklikli-genlesme-derzi\/\">AR-EX Tek A\u00e7\u0131kl\u0131kl\u0131 Genle\u015fme Derzi<\/a><\/li><li><a href=\"https:\/\/www.arsan.com\/urunlerimiz\/yapi-urunleri\/ar-ex-moduler-genlesme-derzi\/\">AR-EX Mod\u00fcler Genle\u015fme Derzi<\/a><\/li><li><a href=\"https:\/\/www.arsan.com\/urunlerimiz\/yapi-urunleri\/sem-genlesme-derzi\/\">SEM Genle\u015fme Derzi<\/a><\/li><\/ul><\/li><li><span style=\"text-decoration: underline;\"><span style=\"color: #ffffff; text-decoration: underline;\">T\u00fcnel Segment Contalar\u0131<\/span><\/span><ul><li><a href=\"https:\/\/www.arsan.com\/urunlerimiz\/yapi-urunleri\/tunel-segment-contalari\/\">T\u00fcnel Segment Contalar\u0131<\/a><\/li><li><a href=\"https:\/\/www.arsan.com\/urunlerimiz\/yapi-urunleri\/omega-conta\/\">Omega Conta<\/a><\/li><\/ul><\/li><li><a href=\"https:\/\/www.arsan.com\/urunlerimiz\/yapi-urunleri\/dilatasyon-profilleri\/\"><span style=\"color: #ffffff;\">Dilatasyon Profilleri<\/span><\/a><\/li><li><a href=\"https:\/\/www.arsan.com\/urunlerimiz\/yapi-urunleri\/su-tutucu-bantlar\/\"><span style=\"color: #ffffff;\">Su Tutucu Bantlar<\/span><\/a><\/li><\/ul><ul><li style=\"list-style-type: none;\">\u00a0<\/li><\/ul><ul><li style=\"list-style-type: none;\">\u00a0<\/li><\/ul>\t\t\t\t\t\t\t\t<\/div>\n\t\t\t\t<\/div>\n\t\t\t\t\t<\/div>\n\t\t<\/div>\n\t\t\t\t<div class=\"elementor-column elementor-col-66 elementor-top-column elementor-element elementor-element-3671fc05\" data-id=\"3671fc05\" data-element_type=\"column\" data-e-type=\"column\">\n\t\t\t<div class=\"elementor-widget-wrap elementor-element-populated\">\n\t\t\t\t\t\t<div class=\"elementor-element elementor-element-1b5841e7 elementor-widget elementor-widget-image\" data-id=\"1b5841e7\" data-element_type=\"widget\" data-e-type=\"widget\" data-widget_type=\"image.default\">\n\t\t\t\t<div class=\"elementor-widget-container\">\n\t\t\t\t\t\t\t\t\t\t\t\t\t\t\t<img fetchpriority=\"high\" decoding=\"async\" width=\"1100\" height=\"300\" src=\"https:\/\/www.arsan.com\/wp-content\/uploads\/2022\/12\/arexbn.jpg\" class=\"attachment-full size-full wp-image-4248\" alt=\"\" srcset=\"https:\/\/www.arsan.com\/wp-content\/uploads\/2022\/12\/arexbn.jpg 1100w, https:\/\/www.arsan.com\/wp-content\/uploads\/2022\/12\/arexbn-300x82.jpg 300w, https:\/\/www.arsan.com\/wp-content\/uploads\/2022\/12\/arexbn-1024x279.jpg 1024w, https:\/\/www.arsan.com\/wp-content\/uploads\/2022\/12\/arexbn-768x209.jpg 768w, https:\/\/www.arsan.com\/wp-content\/uploads\/2022\/12\/arexbn-18x5.jpg 18w\" sizes=\"(max-width: 1100px) 100vw, 1100px\" \/>\t\t\t\t\t\t\t\t\t\t\t\t\t\t\t<\/div>\n\t\t\t\t<\/div>\n\t\t\t\t<div class=\"elementor-element elementor-element-2063f3a6 elementor-widget elementor-widget-text-editor\" data-id=\"2063f3a6\" data-element_type=\"widget\" data-e-type=\"widget\" data-widget_type=\"text-editor.default\">\n\t\t\t\t<div class=\"elementor-widget-container\">\n\t\t\t\t\t\t\t\t\t<p>Genle\u015fme derzleri, bir k\u00f6pr\u00fcn\u00fcn tabliyesi ile kenar ayaklar\u0131 veya tabliyeler aras\u0131ndaki bo\u015fluklar\u0131 kapat\u0131rken; oturma, s\u0131cakl\u0131k de\u011fi\u015fimleri, trafik, yorulma ve b\u00fcz\u00fclme deformasyonlar\u0131 gibi hareketleri kar\u015f\u0131lar. Genle\u015fme derzleri bu bo\u015fluklar\u0131 birle\u015ftirerek trafi\u011fin yap\u0131y\u0131 rahat ve g\u00fcvenli bir \u015fekilde ge\u00e7mesine izin verir.<\/p><p>Mod\u00fcler genle\u015fme derzleri, bu bo\u015fluklar\u0131 \u00e7elik kiri\u015flerle ile ayr\u0131lm\u0131\u015f birka\u00e7 aral\u0131\u011fa b\u00f6lerek kar\u015f\u0131lamaktad\u0131r. Bu kiri\u015fler aras\u0131nda kalan bo\u015fluklar su ge\u00e7irmez yapan kau\u00e7uk contalarla kaplan\u0131r. Mod\u00fcler genle\u015fme derzi merkez kiri\u015fleri, k\u00f6pr\u00fc bo\u015flu\u011funu kaplayan mesnet kiri\u015fi ile desteklenir. Genle\u015fme derzinin kontrol sistemi ile trafik y\u00fckleri toplam hareketin genle\u015fme derzinin b\u00f6l\u00fcnm\u00fc\u015f bo\u015fluklar\u0131 aras\u0131nda kar\u015f\u0131lan\u0131r.<span class=\"Apple-converted-space\">\u00a0<\/span><\/p><p>K\u00f6pr\u00fc tasar\u0131m\u0131ndaki hareket talebine g\u00f6re AR-EX Mod\u00fcler Genle\u015fme Derzleri tasarlan\u0131r.<span class=\"Apple-converted-space\">\u00a0<\/span><\/p>\t\t\t\t\t\t\t\t<\/div>\n\t\t\t\t<\/div>\n\t\t\t\t<div class=\"elementor-element elementor-element-c049706 elementor-widget elementor-widget-image\" data-id=\"c049706\" data-element_type=\"widget\" data-e-type=\"widget\" data-widget_type=\"image.default\">\n\t\t\t\t<div class=\"elementor-widget-container\">\n\t\t\t\t\t\t\t\t\t\t\t\t\t\t\t<img decoding=\"async\" width=\"1131\" height=\"636\" src=\"https:\/\/www.arsan.com\/wp-content\/uploads\/2020\/10\/arex-a-2.jpg\" class=\"attachment-full size-full wp-image-2411\" alt=\"\" srcset=\"https:\/\/www.arsan.com\/wp-content\/uploads\/2020\/10\/arex-a-2.jpg 1131w, https:\/\/www.arsan.com\/wp-content\/uploads\/2020\/10\/arex-a-2-300x169.jpg 300w, https:\/\/www.arsan.com\/wp-content\/uploads\/2020\/10\/arex-a-2-1024x576.jpg 1024w, https:\/\/www.arsan.com\/wp-content\/uploads\/2020\/10\/arex-a-2-768x432.jpg 768w, https:\/\/www.arsan.com\/wp-content\/uploads\/2020\/10\/arex-a-2-16x9.jpg 16w\" sizes=\"(max-width: 1131px) 100vw, 1131px\" \/>\t\t\t\t\t\t\t\t\t\t\t\t\t\t\t<\/div>\n\t\t\t\t<\/div>\n\t\t\t\t<div class=\"elementor-element elementor-element-5fe4575 elementor-widget elementor-widget-image\" data-id=\"5fe4575\" data-element_type=\"widget\" data-e-type=\"widget\" data-widget_type=\"image.default\">\n\t\t\t\t<div class=\"elementor-widget-container\">\n\t\t\t\t\t\t\t\t\t\t\t\t\t\t\t<img decoding=\"async\" width=\"973\" height=\"502\" src=\"https:\/\/www.arsan.com\/wp-content\/uploads\/2020\/10\/ar-ex-moduler.png\" class=\"attachment-full size-full wp-image-2398\" alt=\"\" srcset=\"https:\/\/www.arsan.com\/wp-content\/uploads\/2020\/10\/ar-ex-moduler.png 973w, https:\/\/www.arsan.com\/wp-content\/uploads\/2020\/10\/ar-ex-moduler-300x155.png 300w, https:\/\/www.arsan.com\/wp-content\/uploads\/2020\/10\/ar-ex-moduler-768x396.png 768w, https:\/\/www.arsan.com\/wp-content\/uploads\/2020\/10\/ar-ex-moduler-16x8.png 16w\" sizes=\"(max-width: 973px) 100vw, 973px\" \/>\t\t\t\t\t\t\t\t\t\t\t\t\t\t\t<\/div>\n\t\t\t\t<\/div>\n\t\t\t\t\t<\/div>\n\t\t<\/div>\n\t\t\t\t\t<\/div>\n\t\t<\/section>\n\t\t\t\t<\/div>\n\t\t","protected":false},"excerpt":{"rendered":"<p>Yap\u0131 \u00dcr\u00fcnleri Sismik \u0130zolat\u00f6rler Kur\u015fun \u00c7ekirdekli Kau\u00e7uk \u0130zolat\u00f6r Yap\u0131sal Mesnetler K\u00fcresel Mesnetler Elastomer Mesnetler Pot Mesnetler Kay\u0131c\u0131 Mesnetler Genle\u015fme Derzleri AR-EX Tek A\u00e7\u0131kl\u0131kl\u0131 Genle\u015fme Derzi AR-EX Mod\u00fcler Genle\u015fme Derzi SEM Genle\u015fme Derzi T\u00fcnel Segment Contalar\u0131 T\u00fcnel Segment Contalar\u0131 Omega Conta Dilatasyon Profilleri Su Tutucu Bantlar \u00a0 \u00a0 Genle\u015fme derzleri, bir k\u00f6pr\u00fcn\u00fcn tabliyesi ile kenar ayaklar\u0131 [&hellip;]<\/p>\n","protected":false},"author":2,"featured_media":0,"parent":1518,"menu_order":0,"comment_status":"closed","ping_status":"closed","template":"","meta":{"footnotes":""},"class_list":["post-1670","page","type-page","status-publish","hentry"],"aioseo_notices":[],"_links":{"self":[{"href":"https:\/\/www.arsan.com\/tr\/wp-json\/wp\/v2\/pages\/1670","targetHints":{"allow":["GET"]}}],"collection":[{"href":"https:\/\/www.arsan.com\/tr\/wp-json\/wp\/v2\/pages"}],"about":[{"href":"https:\/\/www.arsan.com\/tr\/wp-json\/wp\/v2\/types\/page"}],"author":[{"embeddable":true,"href":"https:\/\/www.arsan.com\/tr\/wp-json\/wp\/v2\/users\/2"}],"replies":[{"embeddable":true,"href":"https:\/\/www.arsan.com\/tr\/wp-json\/wp\/v2\/comments?post=1670"}],"version-history":[{"count":0,"href":"https:\/\/www.arsan.com\/tr\/wp-json\/wp\/v2\/pages\/1670\/revisions"}],"up":[{"embeddable":true,"href":"https:\/\/www.arsan.com\/tr\/wp-json\/wp\/v2\/pages\/1518"}],"wp:attachment":[{"href":"https:\/\/www.arsan.com\/tr\/wp-json\/wp\/v2\/media?parent=1670"}],"curies":[{"name":"wp","href":"https:\/\/api.w.org\/{rel}","templated":true}]}}