{"id":1664,"date":"2020-10-13T18:20:52","date_gmt":"2020-10-13T15:20:52","guid":{"rendered":"https:\/\/www.arsan.com\/?page_id=1664"},"modified":"2022-12-27T08:34:22","modified_gmt":"2022-12-27T05:34:22","slug":"pot-mesnetler","status":"publish","type":"page","link":"https:\/\/www.arsan.com\/tr\/urunlerimiz\/yapi-urunleri\/pot-mesnetler\/","title":{"rendered":"Pot Mesnetler"},"content":{"rendered":"\t\t<div data-elementor-type=\"wp-page\" data-elementor-id=\"1664\" class=\"elementor elementor-1664\" data-elementor-post-type=\"page\">\n\t\t\t\t\t\t<section class=\"elementor-section elementor-top-section elementor-element elementor-element-12b6863 elementor-section-boxed elementor-section-height-default elementor-section-height-default\" data-id=\"12b6863\" data-element_type=\"section\" data-e-type=\"section\" data-settings=\"{&quot;background_background&quot;:&quot;classic&quot;}\">\n\t\t\t\t\t\t<div class=\"elementor-container elementor-column-gap-default\">\n\t\t\t\t\t<div class=\"elementor-column elementor-col-33 elementor-top-column elementor-element elementor-element-39441a0e\" data-id=\"39441a0e\" data-element_type=\"column\" data-e-type=\"column\" data-settings=\"{&quot;background_background&quot;:&quot;gradient&quot;}\">\n\t\t\t<div class=\"elementor-widget-wrap elementor-element-populated\">\n\t\t\t\t\t\t<div class=\"elementor-element elementor-element-2aae2f39 elementor-widget elementor-widget-text-editor\" data-id=\"2aae2f39\" data-element_type=\"widget\" data-e-type=\"widget\" data-widget_type=\"text-editor.default\">\n\t\t\t\t<div class=\"elementor-widget-container\">\n\t\t\t\t\t\t\t\t\t<p><span style=\"color: #ffffff;\">Yap\u0131 \u00dcr\u00fcnleri<\/span><\/p>\t\t\t\t\t\t\t\t<\/div>\n\t\t\t\t<\/div>\n\t\t\t\t<div class=\"elementor-element elementor-element-1083826a elementor-widget elementor-widget-text-editor\" data-id=\"1083826a\" data-element_type=\"widget\" data-e-type=\"widget\" data-widget_type=\"text-editor.default\">\n\t\t\t\t<div class=\"elementor-widget-container\">\n\t\t\t\t\t\t\t\t\t<ul><li><span style=\"text-decoration: underline;\"><span style=\"color: #ffffff; text-decoration: underline;\">Sismik \u0130zolat\u00f6rler<\/span><\/span><ul><li><a href=\"https:\/\/www.arsan.com\/urunlerimiz\/yapi-urunleri\/kursun-cekirdekli-kaucuk-izolator\/\">Kur\u015fun \u00c7ekirdekli Kau\u00e7uk \u0130zolat\u00f6rler<\/a><\/li><\/ul><\/li><li><span style=\"text-decoration: underline;\"><span style=\"color: #ffffff; text-decoration: underline;\">Yap\u0131sal Mesnetler<\/span><\/span><ul><li><a href=\"https:\/\/www.arsan.com\/urunlerimiz\/yapi-urunleri\/kuresel-mesnetler\/\">K\u00fcresel Mesnetler<\/a><\/li><li><a href=\"https:\/\/www.arsan.com\/urunlerimiz\/yapi-urunleri\/elastomer-mesnetler\/\">Elastomer Mesnetler<\/a><\/li><li><a href=\"https:\/\/www.arsan.com\/urunlerimiz\/yapi-urunleri\/pot-mesnetler\/\">Pot Mesnetler<\/a><\/li><li><a href=\"https:\/\/www.arsan.com\/urunlerimiz\/yapi-urunleri\/kayici-mesnetler\/\">Kay\u0131c\u0131 Mesnetler<\/a><\/li><\/ul><\/li><li><span style=\"text-decoration: underline;\"><span style=\"color: #ffffff; text-decoration: underline;\">Genle\u015fme Derzleri<\/span><\/span><ul><li><a href=\"https:\/\/www.arsan.com\/urunlerimiz\/yapi-urunleri\/ar-ex-tek-aciklikli-genlesme-derzi\/\">AR-EX Tek A\u00e7\u0131kl\u0131kl\u0131 Genle\u015fme Derzi<\/a><\/li><li><a href=\"https:\/\/www.arsan.com\/urunlerimiz\/yapi-urunleri\/ar-ex-moduler-genlesme-derzi\/\">AR-EX Mod\u00fcler Genle\u015fme Derzi<\/a><\/li><li><a href=\"https:\/\/www.arsan.com\/urunlerimiz\/yapi-urunleri\/sem-genlesme-derzi\/\">SEM Genle\u015fme Derzi<\/a><\/li><\/ul><\/li><li><span style=\"text-decoration: underline;\"><span style=\"color: #ffffff; text-decoration: underline;\">T\u00fcnel Segment Contalar\u0131<\/span><\/span><ul><li><a href=\"https:\/\/www.arsan.com\/urunlerimiz\/yapi-urunleri\/tunel-segment-contalari\/\">T\u00fcnel Segment Contalar\u0131<\/a><\/li><li><a href=\"https:\/\/www.arsan.com\/urunlerimiz\/yapi-urunleri\/omega-conta\/\">Omega Contalar<\/a><\/li><\/ul><\/li><li><a href=\"https:\/\/www.arsan.com\/urunlerimiz\/yapi-urunleri\/dilatasyon-profilleri\/\"><span style=\"color: #ffffff;\">Dilatasyon Profilleri<\/span><\/a><\/li><li><a href=\"https:\/\/www.arsan.com\/urunlerimiz\/yapi-urunleri\/su-tutucu-bantlar\/\"><span style=\"color: #ffffff;\">Su Tutucu Bantlar<\/span><\/a><\/li><\/ul><ul><li style=\"list-style-type: none;\">\u00a0<\/li><\/ul><ul><li style=\"list-style-type: none;\">\u00a0<\/li><\/ul>\t\t\t\t\t\t\t\t<\/div>\n\t\t\t\t<\/div>\n\t\t\t\t\t<\/div>\n\t\t<\/div>\n\t\t\t\t<div class=\"elementor-column elementor-col-66 elementor-top-column elementor-element elementor-element-318d19b5\" data-id=\"318d19b5\" data-element_type=\"column\" data-e-type=\"column\">\n\t\t\t<div class=\"elementor-widget-wrap elementor-element-populated\">\n\t\t\t\t\t\t<div class=\"elementor-element elementor-element-b04209c elementor-widget elementor-widget-image\" data-id=\"b04209c\" data-element_type=\"widget\" data-e-type=\"widget\" data-widget_type=\"image.default\">\n\t\t\t\t<div class=\"elementor-widget-container\">\n\t\t\t\t\t\t\t\t\t\t\t\t\t\t\t<img fetchpriority=\"high\" decoding=\"async\" width=\"1100\" height=\"300\" src=\"https:\/\/www.arsan.com\/wp-content\/uploads\/2022\/12\/pot-mesnetler.jpg\" class=\"attachment-full size-full wp-image-4236\" alt=\"\" srcset=\"https:\/\/www.arsan.com\/wp-content\/uploads\/2022\/12\/pot-mesnetler.jpg 1100w, https:\/\/www.arsan.com\/wp-content\/uploads\/2022\/12\/pot-mesnetler-300x82.jpg 300w, https:\/\/www.arsan.com\/wp-content\/uploads\/2022\/12\/pot-mesnetler-1024x279.jpg 1024w, https:\/\/www.arsan.com\/wp-content\/uploads\/2022\/12\/pot-mesnetler-768x209.jpg 768w, https:\/\/www.arsan.com\/wp-content\/uploads\/2022\/12\/pot-mesnetler-18x5.jpg 18w\" sizes=\"(max-width: 1100px) 100vw, 1100px\" \/>\t\t\t\t\t\t\t\t\t\t\t\t\t\t\t<\/div>\n\t\t\t\t<\/div>\n\t\t\t\t<div class=\"elementor-element elementor-element-c0d8ac2 elementor-widget elementor-widget-text-editor\" data-id=\"c0d8ac2\" data-element_type=\"widget\" data-e-type=\"widget\" data-widget_type=\"text-editor.default\">\n\t\t\t\t<div class=\"elementor-widget-container\">\n\t\t\t\t\t\t\t\t\t<p>K\u00f6pr\u00fc ve viyad\u00fckler gibi farkl\u0131 d\u00f6nme ve yer de\u011fi\u015ftirme etkilerine maruz yap\u0131larda kullan\u0131lan ve EN 1337-5 standard\u0131na g\u00f6re tasarlanan \u00e7anak mesnettir.<\/p><h3>Pot Mesnet \u00c7al\u0131\u015fma Prensibi<\/h3><p><strong><br \/><\/strong>ATLAS Pot Mesnetleri, \u00e7elik bir \u00e7anak (pot), bu \u00e7anak i\u00e7erisinde elastomer yast\u0131k ve bu elastomer yast\u0131k \u00fczerinde \u00fcst yap\u0131daki d\u00fc\u015fey y\u00fck ve d\u00f6nme etkilerini alt yap\u0131 eleman\u0131na ileten \u00e7elik piston eleman\u0131ndan olu\u015fmaktad\u0131r. Elastomer yast\u0131k \u00e7anak i\u00e7erisinde viskoz ak\u0131\u015fkan bir hareket ile 0.03 radyana kadar d\u00f6nme etkilerini g\u00fcvenle kar\u015f\u0131layabilmektedir.\u00a0<br \/>\u00dcst yap\u0131dan aktar\u0131lan yatay ve d\u00fc\u015fey kuvvetler piston taraf\u0131ndan \u00e7ana\u011fa aktar\u0131l\u0131r. Gerekmesi durumunda pot mesnetler tek y\u00f6nde veya her y\u00f6nde serbest yatay yer de\u011fi\u015ftirme hareketi yapabilirler.<\/p><p>Yatay yer de\u011fi\u015ftirme hareketi piston \u00fczerine yerle\u015ftirilen, d\u00fc\u015f\u00fck s\u00fcrt\u00fcnme ve y\u00fcksek bas\u0131n\u00e7 dayan\u0131m\u0131na sahip \u00f6zel PTFE malzeme ile sa\u011flanmaktad\u0131r.\u00a0<\/p><h3>Tasar\u0131m Kriterleri<\/h3><ul><li>\u00a0\u0130stenilen d\u00fc\u015fey ve yatay y\u00fck ta\u015f\u0131ma kapasitesine g\u00f6re projeye \u00f6zel tasarlanabilirler.<\/li><li>0.03 radyana kadar d\u00f6nme kapasitesine sahiptirler.<\/li><li>\u0130stendi\u011fi takdirde tek y\u00f6nde veya her y\u00f6nde serbest yatay de\u011fi\u015ftirme yapabilirler.<\/li><li>Tekrarl\u0131 y\u00fckler alt\u0131nda uzun \u00f6m\u00fcrl\u00fcd\u00fcrler.<\/li><\/ul><h3>Tasar\u0131m Standartlar\u0131<\/h3><p>ATLAS Pot Mesnetleri Avrupa Standartlar\u0131na g\u00f6re tasarlan\u0131r ve CE Kalite Belgesine sahiptir. Ayr\u0131ca, AASHTO LRFD veya uluslararas\u0131 di\u011fer standartlara g\u00f6re \u00f6zel tasar\u0131m yap\u0131labilir.<\/p><p><strong>Tasar\u0131mda kullan\u0131lan standartlar \u015funlard\u0131r:<\/strong><\/p><ul><li>EN 1337 &#8211; 1 Genel Tasar\u0131m Kurallar\u0131<\/li><li>EN 1337 &#8211; 2 Kayar Elamanlar<\/li><li>EN 1337 &#8211; 5 \u00c7anak (Pot) Mesnetler<\/li><li>AASHTO LRFD Bridge Design Specification<\/li><\/ul>\t\t\t\t\t\t\t\t<\/div>\n\t\t\t\t<\/div>\n\t\t\t\t<div class=\"elementor-element elementor-element-ad05e07 elementor-widget elementor-widget-text-editor\" data-id=\"ad05e07\" data-element_type=\"widget\" data-e-type=\"widget\" data-widget_type=\"text-editor.default\">\n\t\t\t\t<div class=\"elementor-widget-container\">\n\t\t\t\t\t\t\t\t\t<h3><span style=\"color: #ffffff;\">\u00dcr\u00fcn Tipleri<\/span><\/h3>\t\t\t\t\t\t\t\t<\/div>\n\t\t\t\t<\/div>\n\t\t\t\t<div class=\"elementor-element elementor-element-7c7d888 elementor-tabs-view-horizontal elementor-widget elementor-widget-tabs\" data-id=\"7c7d888\" data-element_type=\"widget\" data-e-type=\"widget\" data-widget_type=\"tabs.default\">\n\t\t\t\t<div class=\"elementor-widget-container\">\n\t\t\t\t\t\t\t<div class=\"elementor-tabs\">\n\t\t\t<div class=\"elementor-tabs-wrapper\" role=\"tablist\" >\n\t\t\t\t\t\t\t\t\t<div id=\"elementor-tab-title-1301\" class=\"elementor-tab-title elementor-tab-desktop-title\" aria-selected=\"true\" data-tab=\"1\" role=\"tab\" tabindex=\"0\" aria-controls=\"elementor-tab-content-1301\" aria-expanded=\"false\">Atlas U<\/div>\n\t\t\t\t\t\t\t\t\t<div id=\"elementor-tab-title-1302\" class=\"elementor-tab-title elementor-tab-desktop-title\" aria-selected=\"false\" data-tab=\"2\" role=\"tab\" tabindex=\"-1\" aria-controls=\"elementor-tab-content-1302\" aria-expanded=\"false\">Atlas S<\/div>\n\t\t\t\t\t\t\t\t\t<div id=\"elementor-tab-title-1303\" class=\"elementor-tab-title elementor-tab-desktop-title\" aria-selected=\"false\" data-tab=\"3\" role=\"tab\" tabindex=\"-1\" aria-controls=\"elementor-tab-content-1303\" aria-expanded=\"false\">Atlas G<\/div>\n\t\t\t\t\t\t\t\t\t<div id=\"elementor-tab-title-1304\" class=\"elementor-tab-title elementor-tab-desktop-title\" aria-selected=\"false\" data-tab=\"4\" role=\"tab\" tabindex=\"-1\" aria-controls=\"elementor-tab-content-1304\" aria-expanded=\"false\">Atlas F<\/div>\n\t\t\t\t\t\t\t<\/div>\n\t\t\t<div class=\"elementor-tabs-content-wrapper\" role=\"tablist\" aria-orientation=\"vertical\">\n\t\t\t\t\t\t\t\t\t<div class=\"elementor-tab-title elementor-tab-mobile-title\" aria-selected=\"true\" data-tab=\"1\" role=\"tab\" tabindex=\"0\" aria-controls=\"elementor-tab-content-1301\" aria-expanded=\"false\">Atlas U<\/div>\n\t\t\t\t\t<div id=\"elementor-tab-content-1301\" class=\"elementor-tab-content elementor-clearfix\" data-tab=\"1\" role=\"tabpanel\" aria-labelledby=\"elementor-tab-title-1301\" tabindex=\"0\" hidden=\"false\"><p><img decoding=\"async\" class=\"alignnone size-full wp-image-1711\" src=\"https:\/\/www.arsan.com\/wp-content\/uploads\/2020\/10\/atlas-u.jpg\" alt=\"\" width=\"1000\" height=\"300\" srcset=\"https:\/\/www.arsan.com\/wp-content\/uploads\/2020\/10\/atlas-u.jpg 1000w, https:\/\/www.arsan.com\/wp-content\/uploads\/2020\/10\/atlas-u-300x90.jpg 300w, https:\/\/www.arsan.com\/wp-content\/uploads\/2020\/10\/atlas-u-768x230.jpg 768w, https:\/\/www.arsan.com\/wp-content\/uploads\/2020\/10\/atlas-u-16x5.jpg 16w\" sizes=\"(max-width: 1000px) 100vw, 1000px\" \/><\/p><\/div>\n\t\t\t\t\t\t\t\t\t<div class=\"elementor-tab-title elementor-tab-mobile-title\" aria-selected=\"false\" data-tab=\"2\" role=\"tab\" tabindex=\"-1\" aria-controls=\"elementor-tab-content-1302\" aria-expanded=\"false\">Atlas S<\/div>\n\t\t\t\t\t<div id=\"elementor-tab-content-1302\" class=\"elementor-tab-content elementor-clearfix\" data-tab=\"2\" role=\"tabpanel\" aria-labelledby=\"elementor-tab-title-1302\" tabindex=\"0\" hidden=\"hidden\"><p><img decoding=\"async\" class=\"alignnone size-full wp-image-1712\" src=\"https:\/\/www.arsan.com\/wp-content\/uploads\/2020\/10\/atlas-s.jpg\" alt=\"\" width=\"1000\" height=\"300\" srcset=\"https:\/\/www.arsan.com\/wp-content\/uploads\/2020\/10\/atlas-s.jpg 1000w, https:\/\/www.arsan.com\/wp-content\/uploads\/2020\/10\/atlas-s-300x90.jpg 300w, https:\/\/www.arsan.com\/wp-content\/uploads\/2020\/10\/atlas-s-768x230.jpg 768w, https:\/\/www.arsan.com\/wp-content\/uploads\/2020\/10\/atlas-s-16x5.jpg 16w\" sizes=\"(max-width: 1000px) 100vw, 1000px\" \/><\/p><\/div>\n\t\t\t\t\t\t\t\t\t<div class=\"elementor-tab-title elementor-tab-mobile-title\" aria-selected=\"false\" data-tab=\"3\" role=\"tab\" tabindex=\"-1\" aria-controls=\"elementor-tab-content-1303\" aria-expanded=\"false\">Atlas G<\/div>\n\t\t\t\t\t<div id=\"elementor-tab-content-1303\" class=\"elementor-tab-content elementor-clearfix\" data-tab=\"3\" role=\"tabpanel\" aria-labelledby=\"elementor-tab-title-1303\" tabindex=\"0\" hidden=\"hidden\"><p><img loading=\"lazy\" decoding=\"async\" class=\"alignnone size-full wp-image-1713\" src=\"https:\/\/www.arsan.com\/wp-content\/uploads\/2020\/10\/atlas-g.jpg\" alt=\"\" width=\"1000\" height=\"300\" srcset=\"https:\/\/www.arsan.com\/wp-content\/uploads\/2020\/10\/atlas-g.jpg 1000w, https:\/\/www.arsan.com\/wp-content\/uploads\/2020\/10\/atlas-g-300x90.jpg 300w, https:\/\/www.arsan.com\/wp-content\/uploads\/2020\/10\/atlas-g-768x230.jpg 768w, https:\/\/www.arsan.com\/wp-content\/uploads\/2020\/10\/atlas-g-16x5.jpg 16w\" sizes=\"(max-width: 1000px) 100vw, 1000px\" \/><\/p><\/div>\n\t\t\t\t\t\t\t\t\t<div class=\"elementor-tab-title elementor-tab-mobile-title\" aria-selected=\"false\" data-tab=\"4\" role=\"tab\" tabindex=\"-1\" aria-controls=\"elementor-tab-content-1304\" aria-expanded=\"false\">Atlas F<\/div>\n\t\t\t\t\t<div id=\"elementor-tab-content-1304\" class=\"elementor-tab-content elementor-clearfix\" data-tab=\"4\" role=\"tabpanel\" aria-labelledby=\"elementor-tab-title-1304\" tabindex=\"0\" hidden=\"hidden\"><p><img loading=\"lazy\" decoding=\"async\" class=\"alignnone size-full wp-image-1714\" src=\"https:\/\/www.arsan.com\/wp-content\/uploads\/2020\/10\/atlas-f.jpg\" alt=\"\" width=\"1000\" height=\"300\" srcset=\"https:\/\/www.arsan.com\/wp-content\/uploads\/2020\/10\/atlas-f.jpg 1000w, https:\/\/www.arsan.com\/wp-content\/uploads\/2020\/10\/atlas-f-300x90.jpg 300w, https:\/\/www.arsan.com\/wp-content\/uploads\/2020\/10\/atlas-f-768x230.jpg 768w, https:\/\/www.arsan.com\/wp-content\/uploads\/2020\/10\/atlas-f-16x5.jpg 16w\" sizes=\"(max-width: 1000px) 100vw, 1000px\" \/><\/p><\/div>\n\t\t\t\t\t\t\t<\/div>\n\t\t<\/div>\n\t\t\t\t\t\t<\/div>\n\t\t\t\t<\/div>\n\t\t\t\t<div class=\"elementor-element elementor-element-79b8eea elementor-widget elementor-widget-text-editor\" data-id=\"79b8eea\" data-element_type=\"widget\" data-e-type=\"widget\" data-widget_type=\"text-editor.default\">\n\t\t\t\t<div class=\"elementor-widget-container\">\n\t\t\t\t\t\t\t\t\t<h3><span style=\"color: #ffffff;\">Galeri<\/span><\/h3>\t\t\t\t\t\t\t\t<\/div>\n\t\t\t\t<\/div>\n\t\t\t\t<div class=\"elementor-element elementor-element-4b54d23 gallery-spacing-custom elementor-widget elementor-widget-image-gallery\" data-id=\"4b54d23\" data-element_type=\"widget\" data-e-type=\"widget\" data-widget_type=\"image-gallery.default\">\n\t\t\t\t<div class=\"elementor-widget-container\">\n\t\t\t\t\t\t\t<div class=\"elementor-image-gallery\">\n\t\t\t<div id='gallery-37' class='gallery galleryid-1664 gallery-columns-3 gallery-size-industroz-news-grid'><figure class='gallery-item'>\n\t\t\t<div class='gallery-icon landscape'>\n\t\t\t\t<a data-elementor-open-lightbox=\"yes\" data-elementor-lightbox-slideshow=\"4b54d23\" data-elementor-lightbox-title=\"pot01\" data-e-action-hash=\"#elementor-action%3Aaction%3Dlightbox%26settings%3DeyJpZCI6MTcxOSwidXJsIjoiaHR0cHM6XC9cL3d3dy5hcnNhbi5jb21cL3dwLWNvbnRlbnRcL3VwbG9hZHNcLzIwMjBcLzEwXC9wb3QwMS5qcGciLCJzbGlkZXNob3ciOiI0YjU0ZDIzIn0%3D\" href='https:\/\/www.arsan.com\/wp-content\/uploads\/2020\/10\/pot01.jpg' data-lbwps-width=\"1000\" data-lbwps-height=\"1000\" data-lbwps-srcsmall=\"https:\/\/www.arsan.com\/wp-content\/uploads\/2020\/10\/pot01-12x12.jpg\"><img loading=\"lazy\" decoding=\"async\" width=\"447\" height=\"268\" src=\"https:\/\/www.arsan.com\/wp-content\/uploads\/2020\/10\/pot01-447x268.jpg\" class=\"attachment-industroz-news-grid size-industroz-news-grid\" alt=\"\" \/><\/a>\n\t\t\t<\/div><\/figure><figure class='gallery-item'>\n\t\t\t<div class='gallery-icon landscape'>\n\t\t\t\t<a data-elementor-open-lightbox=\"yes\" data-elementor-lightbox-slideshow=\"4b54d23\" data-elementor-lightbox-title=\"IMG_4968a1\" data-e-action-hash=\"#elementor-action%3Aaction%3Dlightbox%26settings%3DeyJpZCI6MTcyMywidXJsIjoiaHR0cHM6XC9cL3d3dy5hcnNhbi5jb21cL3dwLWNvbnRlbnRcL3VwbG9hZHNcLzIwMjBcLzEwXC9JTUdfNDk2OGExLmpwZyIsInNsaWRlc2hvdyI6IjRiNTRkMjMifQ%3D%3D\" href='https:\/\/www.arsan.com\/wp-content\/uploads\/2020\/10\/IMG_4968a1.jpg' data-lbwps-width=\"900\" data-lbwps-height=\"900\" data-lbwps-srcsmall=\"https:\/\/www.arsan.com\/wp-content\/uploads\/2020\/10\/IMG_4968a1-12x12.jpg\"><img loading=\"lazy\" decoding=\"async\" width=\"447\" height=\"268\" src=\"https:\/\/www.arsan.com\/wp-content\/uploads\/2020\/10\/IMG_4968a1-447x268.jpg\" class=\"attachment-industroz-news-grid size-industroz-news-grid\" alt=\"\" \/><\/a>\n\t\t\t<\/div><\/figure><figure class='gallery-item'>\n\t\t\t<div class='gallery-icon landscape'>\n\t\t\t\t<a data-elementor-open-lightbox=\"yes\" data-elementor-lightbox-slideshow=\"4b54d23\" data-elementor-lightbox-title=\"pot02\" data-e-action-hash=\"#elementor-action%3Aaction%3Dlightbox%26settings%3DeyJpZCI6MTcyMCwidXJsIjoiaHR0cHM6XC9cL3d3dy5hcnNhbi5jb21cL3dwLWNvbnRlbnRcL3VwbG9hZHNcLzIwMjBcLzEwXC9wb3QwMi5qcGciLCJzbGlkZXNob3ciOiI0YjU0ZDIzIn0%3D\" href='https:\/\/www.arsan.com\/wp-content\/uploads\/2020\/10\/pot02.jpg' data-lbwps-width=\"1000\" data-lbwps-height=\"1000\" data-lbwps-srcsmall=\"https:\/\/www.arsan.com\/wp-content\/uploads\/2020\/10\/pot02-12x12.jpg\"><img loading=\"lazy\" decoding=\"async\" width=\"447\" height=\"268\" src=\"https:\/\/www.arsan.com\/wp-content\/uploads\/2020\/10\/pot02-447x268.jpg\" class=\"attachment-industroz-news-grid size-industroz-news-grid\" alt=\"\" \/><\/a>\n\t\t\t<\/div><\/figure><figure class='gallery-item'>\n\t\t\t<div class='gallery-icon landscape'>\n\t\t\t\t<a data-elementor-open-lightbox=\"yes\" data-elementor-lightbox-slideshow=\"4b54d23\" data-elementor-lightbox-title=\"atlas031\" data-e-action-hash=\"#elementor-action%3Aaction%3Dlightbox%26settings%3DeyJpZCI6MTcxNywidXJsIjoiaHR0cHM6XC9cL3d3dy5hcnNhbi5jb21cL3dwLWNvbnRlbnRcL3VwbG9hZHNcLzIwMjBcLzEwXC9hdGxhczAzMS5qcGciLCJzbGlkZXNob3ciOiI0YjU0ZDIzIn0%3D\" href='https:\/\/www.arsan.com\/wp-content\/uploads\/2020\/10\/atlas031.jpg' data-lbwps-width=\"500\" data-lbwps-height=\"500\" data-lbwps-srcsmall=\"https:\/\/www.arsan.com\/wp-content\/uploads\/2020\/10\/atlas031-12x12.jpg\"><img loading=\"lazy\" decoding=\"async\" width=\"447\" height=\"268\" src=\"https:\/\/www.arsan.com\/wp-content\/uploads\/2020\/10\/atlas031-447x268.jpg\" class=\"attachment-industroz-news-grid size-industroz-news-grid\" alt=\"\" \/><\/a>\n\t\t\t<\/div><\/figure><figure class='gallery-item'>\n\t\t\t<div class='gallery-icon landscape'>\n\t\t\t\t<a data-elementor-open-lightbox=\"yes\" data-elementor-lightbox-slideshow=\"4b54d23\" data-elementor-lightbox-title=\"atlas041\" data-e-action-hash=\"#elementor-action%3Aaction%3Dlightbox%26settings%3DeyJpZCI6MTcxOCwidXJsIjoiaHR0cHM6XC9cL3d3dy5hcnNhbi5jb21cL3dwLWNvbnRlbnRcL3VwbG9hZHNcLzIwMjBcLzEwXC9hdGxhczA0MS5qcGciLCJzbGlkZXNob3ciOiI0YjU0ZDIzIn0%3D\" href='https:\/\/www.arsan.com\/wp-content\/uploads\/2020\/10\/atlas041.jpg' data-lbwps-width=\"500\" data-lbwps-height=\"500\" data-lbwps-srcsmall=\"https:\/\/www.arsan.com\/wp-content\/uploads\/2020\/10\/atlas041-12x12.jpg\"><img loading=\"lazy\" decoding=\"async\" width=\"447\" height=\"268\" src=\"https:\/\/www.arsan.com\/wp-content\/uploads\/2020\/10\/atlas041-447x268.jpg\" class=\"attachment-industroz-news-grid size-industroz-news-grid\" alt=\"\" \/><\/a>\n\t\t\t<\/div><\/figure>\n\t\t<\/div>\n\t\t<\/div>\n\t\t\t\t\t\t<\/div>\n\t\t\t\t<\/div>\n\t\t\t\t<div class=\"elementor-element elementor-element-6b380e4 elementor-widget elementor-widget-spacer\" data-id=\"6b380e4\" data-element_type=\"widget\" data-e-type=\"widget\" data-widget_type=\"spacer.default\">\n\t\t\t\t<div class=\"elementor-widget-container\">\n\t\t\t\t\t\t\t<div class=\"elementor-spacer\">\n\t\t\t<div class=\"elementor-spacer-inner\"><\/div>\n\t\t<\/div>\n\t\t\t\t\t\t<\/div>\n\t\t\t\t<\/div>\n\t\t\t\t\t<\/div>\n\t\t<\/div>\n\t\t\t\t\t<\/div>\n\t\t<\/section>\n\t\t\t\t<\/div>\n\t\t","protected":false},"excerpt":{"rendered":"<p>Yap\u0131 \u00dcr\u00fcnleri Sismik \u0130zolat\u00f6rler Kur\u015fun \u00c7ekirdekli Kau\u00e7uk \u0130zolat\u00f6rler Yap\u0131sal Mesnetler K\u00fcresel Mesnetler Elastomer Mesnetler Pot Mesnetler Kay\u0131c\u0131 Mesnetler Genle\u015fme Derzleri AR-EX Tek A\u00e7\u0131kl\u0131kl\u0131 Genle\u015fme Derzi AR-EX Mod\u00fcler Genle\u015fme Derzi SEM Genle\u015fme Derzi T\u00fcnel Segment Contalar\u0131 T\u00fcnel Segment Contalar\u0131 Omega Contalar Dilatasyon Profilleri Su Tutucu Bantlar \u00a0 \u00a0 K\u00f6pr\u00fc ve viyad\u00fckler gibi farkl\u0131 d\u00f6nme ve yer [&hellip;]<\/p>\n","protected":false},"author":2,"featured_media":0,"parent":1518,"menu_order":0,"comment_status":"closed","ping_status":"closed","template":"","meta":{"footnotes":""},"class_list":["post-1664","page","type-page","status-publish","hentry"],"aioseo_notices":[],"_links":{"self":[{"href":"https:\/\/www.arsan.com\/tr\/wp-json\/wp\/v2\/pages\/1664","targetHints":{"allow":["GET"]}}],"collection":[{"href":"https:\/\/www.arsan.com\/tr\/wp-json\/wp\/v2\/pages"}],"about":[{"href":"https:\/\/www.arsan.com\/tr\/wp-json\/wp\/v2\/types\/page"}],"author":[{"embeddable":true,"href":"https:\/\/www.arsan.com\/tr\/wp-json\/wp\/v2\/users\/2"}],"replies":[{"embeddable":true,"href":"https:\/\/www.arsan.com\/tr\/wp-json\/wp\/v2\/comments?post=1664"}],"version-history":[{"count":0,"href":"https:\/\/www.arsan.com\/tr\/wp-json\/wp\/v2\/pages\/1664\/revisions"}],"up":[{"embeddable":true,"href":"https:\/\/www.arsan.com\/tr\/wp-json\/wp\/v2\/pages\/1518"}],"wp:attachment":[{"href":"https:\/\/www.arsan.com\/tr\/wp-json\/wp\/v2\/media?parent=1664"}],"curies":[{"name":"wp","href":"https:\/\/api.w.org\/{rel}","templated":true}]}}