{"id":1660,"date":"2020-10-13T18:20:22","date_gmt":"2020-10-13T15:20:22","guid":{"rendered":"https:\/\/www.arsan.com\/?page_id=1660"},"modified":"2023-05-30T11:45:19","modified_gmt":"2023-05-30T08:45:19","slug":"kuresel-mesnetler","status":"publish","type":"page","link":"https:\/\/www.arsan.com\/tr\/urunlerimiz\/yapi-urunleri\/kuresel-mesnetler\/","title":{"rendered":"K\u00fcresel Mesnetler"},"content":{"rendered":"\t\t<div data-elementor-type=\"wp-page\" data-elementor-id=\"1660\" class=\"elementor elementor-1660\" data-elementor-post-type=\"page\">\n\t\t\t\t\t\t<section class=\"elementor-section elementor-top-section elementor-element elementor-element-78362704 elementor-section-boxed elementor-section-height-default elementor-section-height-default\" data-id=\"78362704\" data-element_type=\"section\" data-e-type=\"section\" data-settings=\"{&quot;background_background&quot;:&quot;classic&quot;}\">\n\t\t\t\t\t\t<div class=\"elementor-container elementor-column-gap-default\">\n\t\t\t\t\t<div class=\"elementor-column elementor-col-33 elementor-top-column elementor-element elementor-element-377c33b8\" data-id=\"377c33b8\" data-element_type=\"column\" data-e-type=\"column\" data-settings=\"{&quot;background_background&quot;:&quot;gradient&quot;}\">\n\t\t\t<div class=\"elementor-widget-wrap elementor-element-populated\">\n\t\t\t\t\t\t<div class=\"elementor-element elementor-element-565db5a6 elementor-widget elementor-widget-text-editor\" data-id=\"565db5a6\" data-element_type=\"widget\" data-e-type=\"widget\" data-widget_type=\"text-editor.default\">\n\t\t\t\t<div class=\"elementor-widget-container\">\n\t\t\t\t\t\t\t\t\t<p><span style=\"color: #ffffff;\">Yap\u0131 \u00dcr\u00fcnleri<\/span><\/p>\t\t\t\t\t\t\t\t<\/div>\n\t\t\t\t<\/div>\n\t\t\t\t<div class=\"elementor-element elementor-element-24eebf73 elementor-widget elementor-widget-text-editor\" data-id=\"24eebf73\" data-element_type=\"widget\" data-e-type=\"widget\" data-widget_type=\"text-editor.default\">\n\t\t\t\t<div class=\"elementor-widget-container\">\n\t\t\t\t\t\t\t\t\t<ul><li><span style=\"text-decoration: underline;\"><span style=\"color: #ffffff; text-decoration: underline;\">Sismik \u0130zolat\u00f6rler<\/span><\/span><ul><li><a href=\"https:\/\/www.arsan.com\/urunlerimiz\/yapi-urunleri\/kursun-cekirdekli-kaucuk-izolator\/\">Kur\u015fun \u00c7ekirdekli Kau\u00e7uk \u0130zolat\u00f6rler<\/a><\/li><\/ul><\/li><li><span style=\"text-decoration: underline;\"><span style=\"color: #ffffff; text-decoration: underline;\">Yap\u0131sal Mesnetler<\/span><\/span><ul><li><a href=\"https:\/\/www.arsan.com\/urunlerimiz\/yapi-urunleri\/kuresel-mesnetler\/\">K\u00fcresel Mesnetler<\/a><\/li><li><a href=\"https:\/\/www.arsan.com\/urunlerimiz\/yapi-urunleri\/elastomer-mesnetler\/\">Elastomer Mesnetler<\/a><\/li><li><a href=\"https:\/\/www.arsan.com\/urunlerimiz\/yapi-urunleri\/pot-mesnetler\/\">Pot Mesnetler<\/a><\/li><li><a href=\"https:\/\/www.arsan.com\/urunlerimiz\/yapi-urunleri\/kayici-mesnetler\/\">Kay\u0131c\u0131 Mesnetler<\/a><\/li><\/ul><\/li><li><span style=\"text-decoration: underline;\"><span style=\"color: #ffffff; text-decoration: underline;\">Genle\u015fme Derzleri<\/span><\/span><ul><li><a href=\"https:\/\/www.arsan.com\/urunlerimiz\/yapi-urunleri\/ar-ex-tek-aciklikli-genlesme-derzi\/\">AR-EX Tek A\u00e7\u0131kl\u0131kl\u0131 Genle\u015fme Derzi<\/a><\/li><li><a href=\"https:\/\/www.arsan.com\/urunlerimiz\/yapi-urunleri\/ar-ex-moduler-genlesme-derzi\/\">AR-EX Mod\u00fcler Genle\u015fme Derzi<\/a><\/li><li><a href=\"https:\/\/www.arsan.com\/urunlerimiz\/yapi-urunleri\/sem-genlesme-derzi\/\">SEM Genle\u015fme Derzi<\/a><\/li><\/ul><\/li><li><span style=\"text-decoration: underline;\"><span style=\"color: #ffffff; text-decoration: underline;\">T\u00fcnel Segment Contalar\u0131<\/span><\/span><ul><li><a href=\"https:\/\/www.arsan.com\/urunlerimiz\/yapi-urunleri\/tunel-segment-contalari\/\">T\u00fcnel Segment Contalar\u0131<\/a><\/li><li><a href=\"https:\/\/www.arsan.com\/urunlerimiz\/yapi-urunleri\/omega-conta\/\">Omega Contalar<\/a><\/li><\/ul><\/li><li><a href=\"https:\/\/www.arsan.com\/urunlerimiz\/yapi-urunleri\/dilatasyon-profilleri\/\"><span style=\"color: #ffffff;\">Dilatasyon Profilleri<\/span><\/a><\/li><li><a href=\"https:\/\/www.arsan.com\/urunlerimiz\/yapi-urunleri\/su-tutucu-bantlar\/\"><span style=\"color: #ffffff;\">Su Tutucu Bantlar<\/span><\/a><\/li><\/ul><ul><li style=\"list-style-type: none;\">\u00a0<\/li><\/ul><ul><li style=\"list-style-type: none;\">\u00a0<\/li><\/ul>\t\t\t\t\t\t\t\t<\/div>\n\t\t\t\t<\/div>\n\t\t\t\t\t<\/div>\n\t\t<\/div>\n\t\t\t\t<div class=\"elementor-column elementor-col-66 elementor-top-column elementor-element elementor-element-5a0cd83b\" data-id=\"5a0cd83b\" data-element_type=\"column\" data-e-type=\"column\">\n\t\t\t<div class=\"elementor-widget-wrap elementor-element-populated\">\n\t\t\t\t\t\t<div class=\"elementor-element elementor-element-3dc12ecc elementor-widget elementor-widget-image\" data-id=\"3dc12ecc\" data-element_type=\"widget\" data-e-type=\"widget\" data-widget_type=\"image.default\">\n\t\t\t\t<div class=\"elementor-widget-container\">\n\t\t\t\t\t\t\t\t\t\t\t\t\t\t\t<img fetchpriority=\"high\" decoding=\"async\" width=\"1100\" height=\"300\" src=\"https:\/\/www.arsan.com\/wp-content\/uploads\/2022\/12\/kuresel-mesnetler.jpg\" class=\"attachment-full size-full wp-image-4232\" alt=\"\" srcset=\"https:\/\/www.arsan.com\/wp-content\/uploads\/2022\/12\/kuresel-mesnetler.jpg 1100w, https:\/\/www.arsan.com\/wp-content\/uploads\/2022\/12\/kuresel-mesnetler-300x82.jpg 300w, https:\/\/www.arsan.com\/wp-content\/uploads\/2022\/12\/kuresel-mesnetler-1024x279.jpg 1024w, https:\/\/www.arsan.com\/wp-content\/uploads\/2022\/12\/kuresel-mesnetler-768x209.jpg 768w, https:\/\/www.arsan.com\/wp-content\/uploads\/2022\/12\/kuresel-mesnetler-18x5.jpg 18w\" sizes=\"(max-width: 1100px) 100vw, 1100px\" \/>\t\t\t\t\t\t\t\t\t\t\t\t\t\t\t<\/div>\n\t\t\t\t<\/div>\n\t\t\t\t<div class=\"elementor-element elementor-element-506de668 elementor-widget elementor-widget-text-editor\" data-id=\"506de668\" data-element_type=\"widget\" data-e-type=\"widget\" data-widget_type=\"text-editor.default\">\n\t\t\t\t<div class=\"elementor-widget-container\">\n\t\t\t\t\t\t\t\t\t<div class=\"text-13\"><h3>Yap\u0131sal ve Sismik Mesnet Tasar\u0131m\u0131<\/h3><p>ARSAN, uzman m\u00fchendis kadrosuyla yap\u0131sal ve sismik mesnet dizaynlar\u0131n\u0131 proje gerekliliklerine ve istenen standartlara uygun olarak ger\u00e7ekle\u015ftirmektedir.<\/p><p>Tasar\u0131m\u0131n\u0131 yapt\u0131\u011f\u0131m\u0131z \u00fcr\u00fcnler aras\u0131nda;<\/p><ul><li>Elastomer Mesnetler<\/li><li>Pot Mesnetler<\/li><li>K\u00fcresel Mesnetler<\/li><li>S\u00fcrt\u00fcnme Sarka\u00e7 Tipi \u0130zolat\u00f6rler<\/li><li>Kur\u015fun \u00c7ekirdekli Sismik \u0130zolat\u00f6rler<\/li><li>\u00d6zel Mesnetler (Kald\u0131rma Diren\u00e7li Mesnetler, Yatay Y\u00fck Diren\u00e7li Mesnetler) bulunmaktad\u0131r.<\/li><\/ul><p>Mesnet tasar\u0131mlar\u0131nda en \u00e7ok kulland\u0131\u011f\u0131m\u0131z standartlar ise;<\/p><ul><li>EN 1337-3 Elastomer Mesnetler<\/li><li>EN 1337-5 Pot Mesnetler<\/li><li>EN 15129 Sismik Mesnetler<\/li><li>BS 5400 K\u00f6pr\u00fc Mesnetleri Standard\u0131<\/li><li>TBDY 2016 T\u00fcrkiye Bina Deprem Y\u00f6netmeli\u011fi<\/li><li>ASCE 7-16 Bina ve Di\u011fer Yap\u0131lar i\u00e7in Minimum Tasar\u0131m Y\u00fckleri<\/li><li>AASHTO LRFD 2012 K\u00f6pr\u00fc Tasar\u0131m standartlar\u0131d\u0131r.<\/li><\/ul><p>Yap\u0131sal ve sismik mesnet tasar\u0131m\u0131nda a\u015fa\u011f\u0131daki a\u015famalar s\u0131ras\u0131yla izlenir;<\/p><ul><li>M\u00fc\u015fteri talebine g\u00f6re standart belirlenir ve a\u015fa\u011f\u0131da i\u00e7ermesi gereken bilgilerin bulundu\u011fu y\u00fck tablosu taraf\u0131m\u0131za iletilir. Optimum tasar\u0131m i\u00e7in a\u015fa\u011f\u0131daki verilerin iletilmesi \u015fartt\u0131r.<\/li><li>Maksimum ve Minimum D\u00fc\u015fey Y\u00fckler,<\/li><li>Maksimum Yatay Y\u00fckler,<\/li><li>Maksimum Rotasyon De\u011ferleri,<\/li><li>Maksimum Hareket Kapasiteleri,<\/li><li>\u0130zin Verilen Maksimum Bas\u0131n\u00e7lar,<\/li><li>Birle\u015fme Detay\u0131,<\/li><li>Damping De\u011feri,<\/li><li>Tasar\u0131m \u0130vme Spektrumlar\u0131n\u0131n De\u011ferleri,<\/li><li>Gerekli y\u00fckler al\u0131nd\u0131ktan sonra en uygun mesnet \u00e7e\u015fidi se\u00e7ilir.<\/li><li>Se\u00e7ilen mesnetin optimum tasar\u0131m\u0131 yap\u0131l\u0131r.<\/li><li>Teknik \u00e7izimleri haz\u0131rlan\u0131r.<\/li><li>M\u00fc\u015fteri onay\u0131n\u0131n ard\u0131ndan \u00fcretime ge\u00e7ilir.<\/li><li>\u0130lgili standartta yer alan \u00fcretim kontrol testleri laboratuvarlar\u0131m\u0131zda yap\u0131l\u0131r.<\/li><\/ul><\/div>\t\t\t\t\t\t\t\t<\/div>\n\t\t\t\t<\/div>\n\t\t\t\t<div class=\"elementor-element elementor-element-a10e260 gallery-spacing-custom elementor-widget elementor-widget-image-gallery\" data-id=\"a10e260\" data-element_type=\"widget\" data-e-type=\"widget\" data-widget_type=\"image-gallery.default\">\n\t\t\t\t<div class=\"elementor-widget-container\">\n\t\t\t\t\t\t\t<div class=\"elementor-image-gallery\">\n\t\t\t<div id='gallery-9' class='gallery galleryid-1660 gallery-columns-2 gallery-size-industroz-news-grid'><figure class='gallery-item'>\n\t\t\t<div class='gallery-icon landscape'>\n\t\t\t\t<a data-elementor-open-lightbox=\"yes\" data-elementor-lightbox-slideshow=\"a10e260\" data-elementor-lightbox-title=\"kuresel_guided_03\" data-e-action-hash=\"#elementor-action%3Aaction%3Dlightbox%26settings%3DeyJpZCI6MTc1MywidXJsIjoiaHR0cHM6XC9cL3d3dy5hcnNhbi5jb21cL3dwLWNvbnRlbnRcL3VwbG9hZHNcLzIwMjBcLzEwXC9rdXJlc2VsX2d1aWRlZF8wMy5qcGciLCJzbGlkZXNob3ciOiJhMTBlMjYwIn0%3D\" href='https:\/\/www.arsan.com\/wp-content\/uploads\/2020\/10\/kuresel_guided_03.jpg' data-lbwps-width=\"1000\" data-lbwps-height=\"563\" data-lbwps-srcsmall=\"https:\/\/www.arsan.com\/wp-content\/uploads\/2020\/10\/kuresel_guided_03.jpg\"><img decoding=\"async\" width=\"447\" height=\"268\" src=\"https:\/\/www.arsan.com\/wp-content\/uploads\/2020\/10\/kuresel_guided_03-447x268.jpg\" class=\"attachment-industroz-news-grid size-industroz-news-grid\" alt=\"\" srcset=\"https:\/\/www.arsan.com\/wp-content\/uploads\/2020\/10\/kuresel_guided_03-447x268.jpg 447w, https:\/\/www.arsan.com\/wp-content\/uploads\/2020\/10\/kuresel_guided_03-16x9.jpg 16w\" sizes=\"(max-width: 447px) 100vw, 447px\" \/><\/a>\n\t\t\t<\/div><\/figure><figure class='gallery-item'>\n\t\t\t<div class='gallery-icon landscape'>\n\t\t\t\t<a data-elementor-open-lightbox=\"yes\" data-elementor-lightbox-slideshow=\"a10e260\" data-elementor-lightbox-title=\"kuresel_fixed_01\" data-e-action-hash=\"#elementor-action%3Aaction%3Dlightbox%26settings%3DeyJpZCI6MTc1NCwidXJsIjoiaHR0cHM6XC9cL3d3dy5hcnNhbi5jb21cL3dwLWNvbnRlbnRcL3VwbG9hZHNcLzIwMjBcLzEwXC9rdXJlc2VsX2ZpeGVkXzAxLmpwZyIsInNsaWRlc2hvdyI6ImExMGUyNjAifQ%3D%3D\" href='https:\/\/www.arsan.com\/wp-content\/uploads\/2020\/10\/kuresel_fixed_01.jpg' data-lbwps-width=\"1000\" data-lbwps-height=\"563\" data-lbwps-srcsmall=\"https:\/\/www.arsan.com\/wp-content\/uploads\/2020\/10\/kuresel_fixed_01.jpg\"><img decoding=\"async\" width=\"447\" height=\"268\" src=\"https:\/\/www.arsan.com\/wp-content\/uploads\/2020\/10\/kuresel_fixed_01-447x268.jpg\" class=\"attachment-industroz-news-grid size-industroz-news-grid\" alt=\"\" srcset=\"https:\/\/www.arsan.com\/wp-content\/uploads\/2020\/10\/kuresel_fixed_01-447x268.jpg 447w, https:\/\/www.arsan.com\/wp-content\/uploads\/2020\/10\/kuresel_fixed_01-16x9.jpg 16w\" sizes=\"(max-width: 447px) 100vw, 447px\" \/><\/a>\n\t\t\t<\/div><\/figure><figure class='gallery-item'>\n\t\t\t<div class='gallery-icon landscape'>\n\t\t\t\t<a data-elementor-open-lightbox=\"yes\" data-elementor-lightbox-slideshow=\"a10e260\" data-elementor-lightbox-title=\"kuresel_fixed_03\" data-e-action-hash=\"#elementor-action%3Aaction%3Dlightbox%26settings%3DeyJpZCI6MTc1NSwidXJsIjoiaHR0cHM6XC9cL3d3dy5hcnNhbi5jb21cL3dwLWNvbnRlbnRcL3VwbG9hZHNcLzIwMjBcLzEwXC9rdXJlc2VsX2ZpeGVkXzAzLmpwZyIsInNsaWRlc2hvdyI6ImExMGUyNjAifQ%3D%3D\" href='https:\/\/www.arsan.com\/wp-content\/uploads\/2020\/10\/kuresel_fixed_03.jpg' data-lbwps-width=\"1000\" data-lbwps-height=\"563\" data-lbwps-srcsmall=\"https:\/\/www.arsan.com\/wp-content\/uploads\/2020\/10\/kuresel_fixed_03.jpg\"><img loading=\"lazy\" decoding=\"async\" width=\"447\" height=\"268\" src=\"https:\/\/www.arsan.com\/wp-content\/uploads\/2020\/10\/kuresel_fixed_03-447x268.jpg\" class=\"attachment-industroz-news-grid size-industroz-news-grid\" alt=\"\" srcset=\"https:\/\/www.arsan.com\/wp-content\/uploads\/2020\/10\/kuresel_fixed_03-447x268.jpg 447w, https:\/\/www.arsan.com\/wp-content\/uploads\/2020\/10\/kuresel_fixed_03-16x9.jpg 16w\" sizes=\"(max-width: 447px) 100vw, 447px\" \/><\/a>\n\t\t\t<\/div><\/figure><figure class='gallery-item'>\n\t\t\t<div class='gallery-icon landscape'>\n\t\t\t\t<a data-elementor-open-lightbox=\"yes\" data-elementor-lightbox-slideshow=\"a10e260\" data-elementor-lightbox-title=\"kuresel_free_01\" data-e-action-hash=\"#elementor-action%3Aaction%3Dlightbox%26settings%3DeyJpZCI6MTc1NiwidXJsIjoiaHR0cHM6XC9cL3d3dy5hcnNhbi5jb21cL3dwLWNvbnRlbnRcL3VwbG9hZHNcLzIwMjBcLzEwXC9rdXJlc2VsX2ZyZWVfMDEuanBnIiwic2xpZGVzaG93IjoiYTEwZTI2MCJ9\" href='https:\/\/www.arsan.com\/wp-content\/uploads\/2020\/10\/kuresel_free_01.jpg' data-lbwps-width=\"1000\" data-lbwps-height=\"563\" data-lbwps-srcsmall=\"https:\/\/www.arsan.com\/wp-content\/uploads\/2020\/10\/kuresel_free_01.jpg\"><img loading=\"lazy\" decoding=\"async\" width=\"447\" height=\"268\" src=\"https:\/\/www.arsan.com\/wp-content\/uploads\/2020\/10\/kuresel_free_01-447x268.jpg\" class=\"attachment-industroz-news-grid size-industroz-news-grid\" alt=\"\" srcset=\"https:\/\/www.arsan.com\/wp-content\/uploads\/2020\/10\/kuresel_free_01-447x268.jpg 447w, https:\/\/www.arsan.com\/wp-content\/uploads\/2020\/10\/kuresel_free_01-16x9.jpg 16w\" sizes=\"(max-width: 447px) 100vw, 447px\" \/><\/a>\n\t\t\t<\/div><\/figure><figure class='gallery-item'>\n\t\t\t<div class='gallery-icon landscape'>\n\t\t\t\t<a data-elementor-open-lightbox=\"yes\" data-elementor-lightbox-slideshow=\"a10e260\" data-elementor-lightbox-title=\"kuresel_free_03\" data-e-action-hash=\"#elementor-action%3Aaction%3Dlightbox%26settings%3DeyJpZCI6MTc1NywidXJsIjoiaHR0cHM6XC9cL3d3dy5hcnNhbi5jb21cL3dwLWNvbnRlbnRcL3VwbG9hZHNcLzIwMjBcLzEwXC9rdXJlc2VsX2ZyZWVfMDMuanBnIiwic2xpZGVzaG93IjoiYTEwZTI2MCJ9\" href='https:\/\/www.arsan.com\/wp-content\/uploads\/2020\/10\/kuresel_free_03.jpg' data-lbwps-width=\"1000\" data-lbwps-height=\"563\" data-lbwps-srcsmall=\"https:\/\/www.arsan.com\/wp-content\/uploads\/2020\/10\/kuresel_free_03.jpg\"><img loading=\"lazy\" decoding=\"async\" width=\"447\" height=\"268\" src=\"https:\/\/www.arsan.com\/wp-content\/uploads\/2020\/10\/kuresel_free_03-447x268.jpg\" class=\"attachment-industroz-news-grid size-industroz-news-grid\" alt=\"\" srcset=\"https:\/\/www.arsan.com\/wp-content\/uploads\/2020\/10\/kuresel_free_03-447x268.jpg 447w, https:\/\/www.arsan.com\/wp-content\/uploads\/2020\/10\/kuresel_free_03-16x9.jpg 16w\" sizes=\"(max-width: 447px) 100vw, 447px\" \/><\/a>\n\t\t\t<\/div><\/figure><figure class='gallery-item'>\n\t\t\t<div class='gallery-icon landscape'>\n\t\t\t\t<a data-elementor-open-lightbox=\"yes\" data-elementor-lightbox-slideshow=\"a10e260\" data-elementor-lightbox-title=\"kuresel_guided_01\" data-e-action-hash=\"#elementor-action%3Aaction%3Dlightbox%26settings%3DeyJpZCI6MTc1OCwidXJsIjoiaHR0cHM6XC9cL3d3dy5hcnNhbi5jb21cL3dwLWNvbnRlbnRcL3VwbG9hZHNcLzIwMjBcLzEwXC9rdXJlc2VsX2d1aWRlZF8wMS5qcGciLCJzbGlkZXNob3ciOiJhMTBlMjYwIn0%3D\" href='https:\/\/www.arsan.com\/wp-content\/uploads\/2020\/10\/kuresel_guided_01.jpg' data-lbwps-width=\"1000\" data-lbwps-height=\"563\" data-lbwps-srcsmall=\"https:\/\/www.arsan.com\/wp-content\/uploads\/2020\/10\/kuresel_guided_01.jpg\"><img loading=\"lazy\" decoding=\"async\" width=\"447\" height=\"268\" src=\"https:\/\/www.arsan.com\/wp-content\/uploads\/2020\/10\/kuresel_guided_01-447x268.jpg\" class=\"attachment-industroz-news-grid size-industroz-news-grid\" alt=\"\" srcset=\"https:\/\/www.arsan.com\/wp-content\/uploads\/2020\/10\/kuresel_guided_01-447x268.jpg 447w, https:\/\/www.arsan.com\/wp-content\/uploads\/2020\/10\/kuresel_guided_01-16x9.jpg 16w\" sizes=\"(max-width: 447px) 100vw, 447px\" \/><\/a>\n\t\t\t<\/div><\/figure>\n\t\t<\/div>\n\t\t<\/div>\n\t\t\t\t\t\t<\/div>\n\t\t\t\t<\/div>\n\t\t\t\t\t<\/div>\n\t\t<\/div>\n\t\t\t\t\t<\/div>\n\t\t<\/section>\n\t\t\t\t<\/div>\n\t\t","protected":false},"excerpt":{"rendered":"<p>Yap\u0131 \u00dcr\u00fcnleri Sismik \u0130zolat\u00f6rler Kur\u015fun \u00c7ekirdekli Kau\u00e7uk \u0130zolat\u00f6rler Yap\u0131sal Mesnetler K\u00fcresel Mesnetler Elastomer Mesnetler Pot Mesnetler Kay\u0131c\u0131 Mesnetler Genle\u015fme Derzleri AR-EX Tek A\u00e7\u0131kl\u0131kl\u0131 Genle\u015fme Derzi AR-EX Mod\u00fcler Genle\u015fme Derzi SEM Genle\u015fme Derzi T\u00fcnel Segment Contalar\u0131 T\u00fcnel Segment Contalar\u0131 Omega Contalar Dilatasyon Profilleri Su Tutucu Bantlar Yap\u0131sal ve Sismik Mesnet Tasar\u0131m\u0131 ARSAN, uzman m\u00fchendis kadrosuyla yap\u0131sal [&hellip;]<\/p>\n","protected":false},"author":2,"featured_media":0,"parent":1518,"menu_order":0,"comment_status":"closed","ping_status":"closed","template":"","meta":{"footnotes":""},"class_list":["post-1660","page","type-page","status-publish","hentry"],"aioseo_notices":[],"_links":{"self":[{"href":"https:\/\/www.arsan.com\/tr\/wp-json\/wp\/v2\/pages\/1660","targetHints":{"allow":["GET"]}}],"collection":[{"href":"https:\/\/www.arsan.com\/tr\/wp-json\/wp\/v2\/pages"}],"about":[{"href":"https:\/\/www.arsan.com\/tr\/wp-json\/wp\/v2\/types\/page"}],"author":[{"embeddable":true,"href":"https:\/\/www.arsan.com\/tr\/wp-json\/wp\/v2\/users\/2"}],"replies":[{"embeddable":true,"href":"https:\/\/www.arsan.com\/tr\/wp-json\/wp\/v2\/comments?post=1660"}],"version-history":[{"count":0,"href":"https:\/\/www.arsan.com\/tr\/wp-json\/wp\/v2\/pages\/1660\/revisions"}],"up":[{"embeddable":true,"href":"https:\/\/www.arsan.com\/tr\/wp-json\/wp\/v2\/pages\/1518"}],"wp:attachment":[{"href":"https:\/\/www.arsan.com\/tr\/wp-json\/wp\/v2\/media?parent=1660"}],"curies":[{"name":"wp","href":"https:\/\/api.w.org\/{rel}","templated":true}]}}