{"id":1658,"date":"2020-10-13T18:19:30","date_gmt":"2020-10-13T15:19:30","guid":{"rendered":"https:\/\/www.arsan.com\/?page_id=1658"},"modified":"2023-06-06T09:08:25","modified_gmt":"2023-06-06T06:08:25","slug":"kursun-cekirdekli-kaucuk-izolator","status":"publish","type":"page","link":"https:\/\/www.arsan.com\/tr\/urunlerimiz\/yapi-urunleri\/kursun-cekirdekli-kaucuk-izolator\/","title":{"rendered":"Kur\u015fun \u00c7ekirdekli Kau\u00e7uk \u0130zolat\u00f6rler"},"content":{"rendered":"\t\t<div data-elementor-type=\"wp-page\" data-elementor-id=\"1658\" class=\"elementor elementor-1658\" data-elementor-post-type=\"page\">\n\t\t\t\t\t\t<section class=\"elementor-section elementor-top-section elementor-element elementor-element-2772746b elementor-section-boxed elementor-section-height-default elementor-section-height-default\" data-id=\"2772746b\" data-element_type=\"section\" data-e-type=\"section\" data-settings=\"{&quot;background_background&quot;:&quot;classic&quot;}\">\n\t\t\t\t\t\t<div class=\"elementor-container elementor-column-gap-default\">\n\t\t\t\t\t<div class=\"elementor-column elementor-col-33 elementor-top-column elementor-element elementor-element-4a7ac5f\" data-id=\"4a7ac5f\" data-element_type=\"column\" data-e-type=\"column\" data-settings=\"{&quot;background_background&quot;:&quot;gradient&quot;}\">\n\t\t\t<div class=\"elementor-widget-wrap elementor-element-populated\">\n\t\t\t\t\t\t<div class=\"elementor-element elementor-element-2d5846a3 elementor-widget elementor-widget-text-editor\" data-id=\"2d5846a3\" data-element_type=\"widget\" data-e-type=\"widget\" data-widget_type=\"text-editor.default\">\n\t\t\t\t<div class=\"elementor-widget-container\">\n\t\t\t\t\t\t\t\t\t<p><span style=\"color: #ffffff;\">Yap\u0131 \u00dcr\u00fcnleri<\/span><\/p>\t\t\t\t\t\t\t\t<\/div>\n\t\t\t\t<\/div>\n\t\t\t\t<div class=\"elementor-element elementor-element-19dbaf89 elementor-widget elementor-widget-text-editor\" data-id=\"19dbaf89\" data-element_type=\"widget\" data-e-type=\"widget\" data-widget_type=\"text-editor.default\">\n\t\t\t\t<div class=\"elementor-widget-container\">\n\t\t\t\t\t\t\t\t\t<ul><li><span style=\"text-decoration: underline;\"><span style=\"color: #ffffff; text-decoration: underline;\">Sismik \u0130zolat\u00f6rler<\/span><\/span><ul><li><a href=\"https:\/\/www.arsan.com\/urunlerimiz\/yapi-urunleri\/kursun-cekirdekli-kaucuk-izolator\/\">Kur\u015fun \u00c7ekirdekli Kau\u00e7uk \u0130zolat\u00f6rler<\/a><\/li><\/ul><\/li><li><span style=\"text-decoration: underline;\"><span style=\"color: #ffffff; text-decoration: underline;\">Yap\u0131sal Mesnetler<\/span><\/span><ul><li><a href=\"https:\/\/www.arsan.com\/urunlerimiz\/yapi-urunleri\/kuresel-mesnetler\/\">K\u00fcresel Mesnetler<\/a><\/li><li><a href=\"https:\/\/www.arsan.com\/urunlerimiz\/yapi-urunleri\/elastomer-mesnetler\/\">Elastomer Mesnetler<\/a><\/li><li><a href=\"https:\/\/www.arsan.com\/urunlerimiz\/yapi-urunleri\/pot-mesnetler\/\">Pot Mesnetler<\/a><\/li><li><a href=\"https:\/\/www.arsan.com\/urunlerimiz\/yapi-urunleri\/kayici-mesnetler\/\">Kay\u0131c\u0131 Mesnetler<\/a><\/li><\/ul><\/li><li><span style=\"text-decoration: underline;\"><span style=\"color: #ffffff; text-decoration: underline;\">Genle\u015fme Derzleri<\/span><\/span><ul><li><a href=\"https:\/\/www.arsan.com\/urunlerimiz\/yapi-urunleri\/ar-ex-tek-aciklikli-genlesme-derzi\/\">AR-EX Tek A\u00e7\u0131kl\u0131kl\u0131 Genle\u015fme Derzi<\/a><\/li><li><a href=\"https:\/\/www.arsan.com\/urunlerimiz\/yapi-urunleri\/ar-ex-moduler-genlesme-derzi\/\">AR-EX Mod\u00fcler Genle\u015fme Derzi<\/a><\/li><li><a href=\"https:\/\/www.arsan.com\/urunlerimiz\/yapi-urunleri\/sem-genlesme-derzi\/\">SEM Genle\u015fme Derzi<\/a><\/li><\/ul><\/li><li><span style=\"text-decoration: underline;\"><span style=\"color: #ffffff; text-decoration: underline;\">T\u00fcnel Segment Contalar\u0131<\/span><\/span><ul><li><a href=\"https:\/\/www.arsan.com\/urunlerimiz\/yapi-urunleri\/tunel-segment-contalari\/\">T\u00fcnel Segment Contalar\u0131<\/a><\/li><li><a href=\"https:\/\/www.arsan.com\/urunlerimiz\/yapi-urunleri\/omega-conta\/\">Omega Contalar<\/a><\/li><\/ul><\/li><li><a href=\"https:\/\/www.arsan.com\/urunlerimiz\/yapi-urunleri\/dilatasyon-profilleri\/\"><span style=\"color: #ffffff;\">Dilatasyon Profilleri<\/span><\/a><\/li><li><a href=\"https:\/\/www.arsan.com\/urunlerimiz\/yapi-urunleri\/su-tutucu-bantlar\/\"><span style=\"color: #ffffff;\">Su Tutucu Bantlar<\/span><\/a><\/li><\/ul><ul><li style=\"list-style-type: none;\">\u00a0<\/li><\/ul><ul><li style=\"list-style-type: none;\">\u00a0<\/li><\/ul>\t\t\t\t\t\t\t\t<\/div>\n\t\t\t\t<\/div>\n\t\t\t\t\t<\/div>\n\t\t<\/div>\n\t\t\t\t<div class=\"elementor-column elementor-col-66 elementor-top-column elementor-element elementor-element-4d6990e2\" data-id=\"4d6990e2\" data-element_type=\"column\" data-e-type=\"column\">\n\t\t\t<div class=\"elementor-widget-wrap elementor-element-populated\">\n\t\t\t\t\t\t<div class=\"elementor-element elementor-element-40bbab59 elementor-widget elementor-widget-image\" data-id=\"40bbab59\" data-element_type=\"widget\" data-e-type=\"widget\" data-widget_type=\"image.default\">\n\t\t\t\t<div class=\"elementor-widget-container\">\n\t\t\t\t\t\t\t\t\t\t\t\t\t\t\t<img fetchpriority=\"high\" decoding=\"async\" width=\"1100\" height=\"300\" src=\"https:\/\/www.arsan.com\/wp-content\/uploads\/2022\/12\/kursun-cekirdekli-kaucuk-izolator-1.jpg\" class=\"attachment-full size-full wp-image-4244\" alt=\"\" srcset=\"https:\/\/www.arsan.com\/wp-content\/uploads\/2022\/12\/kursun-cekirdekli-kaucuk-izolator-1.jpg 1100w, https:\/\/www.arsan.com\/wp-content\/uploads\/2022\/12\/kursun-cekirdekli-kaucuk-izolator-1-300x82.jpg 300w, https:\/\/www.arsan.com\/wp-content\/uploads\/2022\/12\/kursun-cekirdekli-kaucuk-izolator-1-1024x279.jpg 1024w, https:\/\/www.arsan.com\/wp-content\/uploads\/2022\/12\/kursun-cekirdekli-kaucuk-izolator-1-768x209.jpg 768w, https:\/\/www.arsan.com\/wp-content\/uploads\/2022\/12\/kursun-cekirdekli-kaucuk-izolator-1-18x5.jpg 18w\" sizes=\"(max-width: 1100px) 100vw, 1100px\" \/>\t\t\t\t\t\t\t\t\t\t\t\t\t\t\t<\/div>\n\t\t\t\t<\/div>\n\t\t\t\t<div class=\"elementor-element elementor-element-842adbb elementor-widget elementor-widget-text-editor\" data-id=\"842adbb\" data-element_type=\"widget\" data-e-type=\"widget\" data-widget_type=\"text-editor.default\">\n\t\t\t\t<div class=\"elementor-widget-container\">\n\t\t\t\t\t\t\t\t\t<h3>Arsan Atlas\u00ae Kur\u015fun \u00c7ekirdekli Kau\u00e7uk \u0130zolat\u00f6r \u00d6zellikleri ve \u00c7al\u0131\u015fma Prensipleri<\/h3><p>Arsan ATLAS\u00ae kur\u015fun \u00e7ekirdekli kau\u00e7uk izolat\u00f6rleri, sismik izolasyon prensibine g\u00f6re dizayn edilir ve \u00e7al\u0131\u015f\u0131r. D\u00fc\u015f\u00fck s\u00f6n\u00fcml\u00fc do\u011fal kau\u00e7uk katmanlar\u0131ndan olu\u015fan elastomer mesnetin \u00e7ekirde\u011fine \u00a0ek rijitlik, uniform \u015fekil de\u011fi\u015ftirmesi ve sisteme s\u00f6n\u00fcm \u00f6zelli\u011fi kazand\u0131rmak i\u00e7in kur\u015fun saplanan mesnet tipidir<\/p><p><strong>Esneklik<\/strong><\/p><ul><li>Binan\u0131n titre\u015fim periyodunu artt\u0131rarak depremden gelen kuvvetleri \u00f6nemli \u00f6l\u00e7\u00fcde azalt\u0131r.<\/li><li>\u0130leri hasar veya yap\u0131n\u0131n y\u0131k\u0131lmas\u0131na sebep olabilecek rezonans durumunun olu\u015fumunu \u00f6nler.<\/li><\/ul><p><strong>Enerji S\u00f6n\u00fcmleme<\/strong><\/p><ul><li>Enerji s\u00f6n\u00fcmleme, kapasiteye hasara sebep olabilecek deplasmanlar\u0131 kontrol eder.<\/li><\/ul><p><strong>Servis Y\u00fckleri i\u00e7in Rijitlik<\/strong><\/p><ul><li>Deprem kaynakl\u0131 olmayan y\u00fckler (r\u00fczgar,fren y\u00fck\u00fc vs.) yeterli miktarda rijitlik sa\u011flar. Dikey ve yatay t\u00fcm servis y\u00fckleri alt\u0131nda rijitlik performans\u0131n\u0131 g\u00f6sterir.<\/li><\/ul><p><strong>Yeniden Merkezlenebilm<\/strong><strong>e<\/strong><\/p><ul><li>Kau\u00e7u\u011fun elastikiyeti sayesinde yap\u0131 deprem sonras\u0131nda prjinal konumuna geri d\u00f6ner. Sismik faaliyet sonras\u0131 mesnetlerin tekrar merkezleme \u00f6zelli\u011fi sayesinde yap\u0131n\u0131n i\u015flevselli\u011fini korumas\u0131n\u0131 sa\u011flar.<\/li><\/ul><p><img decoding=\"async\" class=\"alignnone wp-image-4475 \" src=\"https:\/\/www.arsan.com\/wp-content\/uploads\/2023\/01\/LRB_Kesit-tr-768x647-1-300x253.png\" alt=\"\" width=\"644\" height=\"543\" srcset=\"https:\/\/www.arsan.com\/wp-content\/uploads\/2023\/01\/LRB_Kesit-tr-768x647-1-300x253.png 300w, https:\/\/www.arsan.com\/wp-content\/uploads\/2023\/01\/LRB_Kesit-tr-768x647-1-14x12.png 14w, https:\/\/www.arsan.com\/wp-content\/uploads\/2023\/01\/LRB_Kesit-tr-768x647-1.png 768w\" sizes=\"(max-width: 644px) 100vw, 644px\" \/><\/p><p>\u00a0Arsan ATLAS\u00ae Kur\u015fun \u00c7ekirdekli Kau\u00e7uk \u0130zolat\u00f6rler deprem izolasyon prensiplerine uygun olarak tasarlan\u0131r.<\/p><p><img decoding=\"async\" class=\"alignnone wp-image-4477 \" src=\"https:\/\/www.arsan.com\/wp-content\/uploads\/2023\/01\/Test10_Tr1-Kopya-300x159.png\" alt=\"\" width=\"735\" height=\"390\" srcset=\"https:\/\/www.arsan.com\/wp-content\/uploads\/2023\/01\/Test10_Tr1-Kopya-300x159.png 300w, https:\/\/www.arsan.com\/wp-content\/uploads\/2023\/01\/Test10_Tr1-Kopya-768x406.png 768w, https:\/\/www.arsan.com\/wp-content\/uploads\/2023\/01\/Test10_Tr1-Kopya-18x10.png 18w\" sizes=\"(max-width: 735px) 100vw, 735px\" \/><\/p><p>Kur\u015fun \u00e7ekirdekli kau\u00e7uk izolat\u00f6rde histerik d\u00f6ng\u00fc ve enerji da\u011f\u0131tma kapasitesini g\u00f6steren kuvvet-yer de\u011fi\u015ftirme grafi\u011fi<\/p><p>Kur\u015fun \u00e7ekirdek enerji s\u00f6n\u00fcmleme kapasitesi sayesinde izolat\u00f6rde olu\u015fan yatay yer de\u011fi\u015ftirmesini azaltmaktad\u0131r. Bu prensip nedeniyle histerik s\u00f6n\u00fcmleyiciler gibi davran\u0131p, kuvvet-yer de\u011fi\u015ftirme davran\u0131\u015f\u0131n\u0131n non-lineer olmas\u0131na sebep olmaktad\u0131r. Kur\u015fun, \u00e7elik plakalar taraf\u0131ndan elastik \u00f6tesi bir deformasyon yaratacak bir kesme kuvveti ile zorland\u0131k\u00e7a, kendi akma s\u0131n\u0131r noktas\u0131n\u0131 ge\u00e7er ge\u00e7mez histerik bir d\u00f6ng\u00fcde enerjiyi da\u011f\u0131tmaktad\u0131r. Arsan ATLAS\u00ae kur\u015fun \u00e7ekirdekli kau\u00e7uk izolat\u00f6rleri, %15 ile %30 aras\u0131nda bir s\u00f6n\u00fcme sahip olabilmektedir.<\/p><p>Kur\u015fun \u00e7ekirdekli kau\u00e7uk izolat\u00f6r\u00fcn s\u00f6n\u00fcmlendirdi\u011fi enerji miktar\u0131, y\u00fckleme esnas\u0131ndaki ve y\u00fcklemenin kald\u0131r\u0131lmas\u0131 ile olu\u015fan elips bi\u00e7imli d\u00f6ng\u00fcsel alana e\u015fittir. Her bir \u00e7evrimde, kinetik enerji \u0131s\u0131 enerjisine \u00e7evrilir ve s\u00f6n\u00fcmlendirilir. %100-250 aras\u0131nda bir birim uzamaya kadar lineer bir davran\u0131\u015f sergileyen kau\u00e7u\u011fun d\u00fc\u015f\u00fck kayma mod\u00fcl\u00fc sayesinde yatay esnekli\u011fe kolayca ula\u015fabilmektedir.<\/p><h3><strong>Sismik \u0130zolasyon ve Amac\u0131<\/strong><\/h3><p>\u201cSismik izolasyon\u201d y\u00f6nteminde ama\u00e7, yap\u0131n\u0131n taban\u0131na esnek ve enerji s\u00f6n\u00fcmleyici elemanlar yerle\u015ftirerek yap\u0131n\u0131n periyodunu art\u0131r\u0131p zeminden yap\u0131ya aktar\u0131lan deprem kuvvetinin azalt\u0131lmas\u0131d\u0131r. Bu y\u00f6ntem ile deprem nedeniyle yap\u0131ya etkiyen enerji miktar\u0131n\u0131n taban izolat\u00f6rleri taraf\u0131ndan k\u00fc\u00e7\u00fclt\u00fclerek yap\u0131ya aktar\u0131lmas\u0131 sa\u011fland\u0131\u011f\u0131ndan yap\u0131n\u0131n maruz kald\u0131\u011f\u0131 deprem enerjisi k\u00fc\u00e7\u00fclmekte ve yap\u0131n\u0131n depreme kar\u015f\u0131 dayan\u0131m\u0131 artmaktad\u0131r<strong>.<\/strong><\/p><p>Sismik izolasyon y\u00f6ntemi, zemin ile yap\u0131 aras\u0131ndaki etkile\u015fimi azaltmakta ve yap\u0131n\u0131n taban\u0131nda, d\u00fc\u015feyde rijit fakat yatayda esnek, belirli \u00f6l\u00e7\u00fclerde deplasman yapabilen donan\u0131mlar yerle\u015ftirmek suretiyle \u00fcst yap\u0131y\u0131 yer hareketinden ay\u0131rma i\u015flemidir. Yatayda esnek olmas\u0131 b\u00fcy\u00fck yer\u00a0de\u011fi\u015ftirmelerin odakland\u0131\u011f\u0131 izolasyon sisteminde kat ivmelerinin azalt\u0131lmas\u0131n\u0131 sa\u011flarken; d\u00fc\u015feyde rijit olmas\u0131 bir deprem hareketinde hemen hemen rijit bir \u015fekilde hareket eden \u00fcst yap\u0131s\u0131n\u0131n g\u00f6reli kat \u00f6telemelerinin azalt\u0131lmas\u0131n\u0131 sa\u011flamaktad\u0131r.<\/p><p><img loading=\"lazy\" decoding=\"async\" class=\"alignnone size-full wp-image-1690\" src=\"https:\/\/www.arsan.com\/wp-content\/uploads\/2020\/10\/Bina_-2.jpg\" alt=\"\" width=\"1200\" height=\"596\" srcset=\"https:\/\/www.arsan.com\/wp-content\/uploads\/2020\/10\/Bina_-2.jpg 1200w, https:\/\/www.arsan.com\/wp-content\/uploads\/2020\/10\/Bina_-2-300x149.jpg 300w, https:\/\/www.arsan.com\/wp-content\/uploads\/2020\/10\/Bina_-2-1024x509.jpg 1024w, https:\/\/www.arsan.com\/wp-content\/uploads\/2020\/10\/Bina_-2-768x381.jpg 768w, https:\/\/www.arsan.com\/wp-content\/uploads\/2020\/10\/Bina_-2-16x8.jpg 16w\" sizes=\"(max-width: 1200px) 100vw, 1200px\" \/><\/p><p style=\"text-align: left;\">Konvansiyonel ve Sismik \u0130zolasyonlu\u00a0Yap\u0131<\/p><p style=\"text-align: left;\"><img loading=\"lazy\" decoding=\"async\" class=\"alignnone size-full wp-image-1691\" src=\"https:\/\/www.arsan.com\/wp-content\/uploads\/2020\/10\/izo_2.jpg\" alt=\"\" width=\"562\" height=\"193\" srcset=\"https:\/\/www.arsan.com\/wp-content\/uploads\/2020\/10\/izo_2.jpg 562w, https:\/\/www.arsan.com\/wp-content\/uploads\/2020\/10\/izo_2-300x103.jpg 300w, https:\/\/www.arsan.com\/wp-content\/uploads\/2020\/10\/izo_2-16x5.jpg 16w\" sizes=\"(max-width: 562px) 100vw, 562px\" \/><\/p><p>Sismik izolasyonlu yap\u0131n\u0131n do\u011fal periyodunun artmas\u0131; ivmede azalmaya ve yerde\u011fi\u015ftirmede artmaya yol a\u00e7arken, s\u00f6n\u00fcm\u00fcn artmas\u0131 hem ivmenin, hem de yerde\u011fi\u015ftirmenin azalmas\u0131na neden olur.<\/p><p>\u00a0Sistem ayn\u0131 zamanda yer\u00e7ekimi, r\u00fczgar, s\u0131cakl\u0131k etkileri, r\u00f6tre ve s\u00fcnme etkileri gibi kullanma y\u00fckleri alt\u0131nda yap\u0131 stabilitesini sa\u011flayacak rijitli\u011fe de sahip olmal\u0131d\u0131r.<\/p><h3>\u00a0<strong>Tasar\u0131m Kriterleri<\/strong><\/h3><p>Sismik izolasyon sistemleri a\u015fa\u011f\u0131daki \u015fartlar\u0131 sa\u011flamak zorundad\u0131r;<\/p><ul><li>\u0130zolat\u00f6rler yaln\u0131zca deprem durumunda de\u011fil, servis durumunda da d\u00fc\u015fey, yatay y\u00fckleri ve di\u011fer t\u00fcm servis gereksinimlerini yap\u0131sal mesnetlere benzer \u015fekilde kar\u015f\u0131lamal\u0131d\u0131r.<\/li><li>Kullan\u0131ld\u0131\u011f\u0131 yap\u0131n\u0131n do\u011fal periyodunu yakalamak i\u00e7in yatayda yeterli esnekli\u011fi sa\u011flamal\u0131d\u0131r.<\/li><li>Depremden sonra yeniden merkezlenmelidir, zira art\u0131k deplasman servis durumunda ekstra y\u00fckler do\u011furacakt\u0131r.<\/li><li>Deprem durumunda yeterli s\u00f6n\u00fcm\u00fc yapabilmelidir, zira yetersiz s\u00f6n\u00fcm sonucunda ta\u015f\u0131y\u0131c\u0131 ve ta\u015f\u0131y\u0131c\u0131 olmayan elemanlarda ta\u015f\u0131ma s\u0131n\u0131r kapasitesini ge\u00e7ebilir.<\/li><\/ul><h3><strong>Tasar\u0131m Standartlar\u0131<\/strong><\/h3><p>Arsan ATLAS\u00ae kur\u015fun \u00e7ekirdekli kau\u00e7uk izolat\u00f6rler proje gerekliliklerine g\u00f6re farkl\u0131 standartlara g\u00f6re dizayn edilebilmektedir. En \u00e7ok kullan\u0131lan standartlar ise;<\/p><ul><li>EN 15129 Anti-seismic Devices with EN 1337 Structural Bearings Standard<\/li><li>AASHTO Guide Specification for Seismic Isolation Design<\/li><li>ASCE 7-16 Minimum Design Loads for Buildings and Other Structures<\/li><li>T\u00fcrk Bina Deprem Y\u00f6netmeli\u011fi 2018<\/li><\/ul><h3>\u00a0<strong>CE Belgesi<\/strong><\/h3><p>Arsan ATLAS\u00ae kur\u015fun \u00e7ekirdekli kau\u00e7uk izolat\u00f6rleri EN standartlar\u0131 ile tam uyumludur ve MPA Karlsruhe taraf\u0131ndan onaylanm\u0131\u015f CE belgesine sahiptir.<\/p><p>CE belgesi kau\u00e7uk izolat\u00f6r tasar\u0131m\u0131nda ve \u00fcretiminde ilgili Avrupa Standard\u0131\u2019n\u0131n t\u00fcm gerekliliklerinin yerine getirildi\u011fini ispatlar.<\/p>\t\t\t\t\t\t\t\t<\/div>\n\t\t\t\t<\/div>\n\t\t\t\t\t<\/div>\n\t\t<\/div>\n\t\t\t\t\t<\/div>\n\t\t<\/section>\n\t\t<div class=\"elementor-element elementor-element-45ba90f e-flex e-con-boxed e-con e-parent\" data-id=\"45ba90f\" data-element_type=\"container\" data-e-type=\"container\">\n\t\t\t\t\t<div class=\"e-con-inner\">\n\t\t\t\t\t<\/div>\n\t\t\t\t<\/div>\n\t\t\t\t<\/div>\n\t\t","protected":false},"excerpt":{"rendered":"<p>Yap\u0131 \u00dcr\u00fcnleri Sismik \u0130zolat\u00f6rler Kur\u015fun \u00c7ekirdekli Kau\u00e7uk \u0130zolat\u00f6rler Yap\u0131sal Mesnetler K\u00fcresel Mesnetler Elastomer Mesnetler Pot Mesnetler Kay\u0131c\u0131 Mesnetler Genle\u015fme Derzleri AR-EX Tek A\u00e7\u0131kl\u0131kl\u0131 Genle\u015fme Derzi AR-EX Mod\u00fcler Genle\u015fme Derzi SEM Genle\u015fme Derzi T\u00fcnel Segment Contalar\u0131 T\u00fcnel Segment Contalar\u0131 Omega Contalar Dilatasyon Profilleri Su Tutucu Bantlar Arsan Atlas\u00ae Kur\u015fun \u00c7ekirdekli Kau\u00e7uk \u0130zolat\u00f6r \u00d6zellikleri ve \u00c7al\u0131\u015fma Prensipleri [&hellip;]<\/p>\n","protected":false},"author":2,"featured_media":0,"parent":1518,"menu_order":0,"comment_status":"closed","ping_status":"closed","template":"","meta":{"footnotes":""},"class_list":["post-1658","page","type-page","status-publish","hentry"],"aioseo_notices":[],"_links":{"self":[{"href":"https:\/\/www.arsan.com\/tr\/wp-json\/wp\/v2\/pages\/1658","targetHints":{"allow":["GET"]}}],"collection":[{"href":"https:\/\/www.arsan.com\/tr\/wp-json\/wp\/v2\/pages"}],"about":[{"href":"https:\/\/www.arsan.com\/tr\/wp-json\/wp\/v2\/types\/page"}],"author":[{"embeddable":true,"href":"https:\/\/www.arsan.com\/tr\/wp-json\/wp\/v2\/users\/2"}],"replies":[{"embeddable":true,"href":"https:\/\/www.arsan.com\/tr\/wp-json\/wp\/v2\/comments?post=1658"}],"version-history":[{"count":0,"href":"https:\/\/www.arsan.com\/tr\/wp-json\/wp\/v2\/pages\/1658\/revisions"}],"up":[{"embeddable":true,"href":"https:\/\/www.arsan.com\/tr\/wp-json\/wp\/v2\/pages\/1518"}],"wp:attachment":[{"href":"https:\/\/www.arsan.com\/tr\/wp-json\/wp\/v2\/media?parent=1658"}],"curies":[{"name":"wp","href":"https:\/\/api.w.org\/{rel}","templated":true}]}}