{"id":1544,"date":"2020-10-13T04:12:32","date_gmt":"2020-10-13T01:12:32","guid":{"rendered":"https:\/\/www.arsan.com\/?page_id=1544"},"modified":"2023-05-30T11:40:43","modified_gmt":"2023-05-30T08:40:43","slug":"boru-contalari","status":"publish","type":"page","link":"https:\/\/www.arsan.com\/tr\/urunlerimiz\/boru-contalari\/","title":{"rendered":"Boru Contalar\u0131"},"content":{"rendered":"\t\t<div data-elementor-type=\"wp-page\" data-elementor-id=\"1544\" class=\"elementor elementor-1544\" data-elementor-post-type=\"page\">\n\t\t\t\t\t\t<section class=\"elementor-section elementor-top-section elementor-element elementor-element-301d74c8 elementor-section-boxed elementor-section-height-default elementor-section-height-default\" data-id=\"301d74c8\" data-element_type=\"section\" data-e-type=\"section\" data-settings=\"{&quot;background_background&quot;:&quot;classic&quot;}\">\n\t\t\t\t\t\t<div class=\"elementor-container elementor-column-gap-default\">\n\t\t\t\t\t<div class=\"elementor-column elementor-col-33 elementor-top-column elementor-element elementor-element-62f63785\" data-id=\"62f63785\" data-element_type=\"column\" data-e-type=\"column\" data-settings=\"{&quot;background_background&quot;:&quot;gradient&quot;}\">\n\t\t\t<div class=\"elementor-widget-wrap elementor-element-populated\">\n\t\t\t\t\t\t<div class=\"elementor-element elementor-element-29b134af elementor-widget elementor-widget-text-editor\" data-id=\"29b134af\" data-element_type=\"widget\" data-e-type=\"widget\" data-widget_type=\"text-editor.default\">\n\t\t\t\t<div class=\"elementor-widget-container\">\n\t\t\t\t\t\t\t\t\t<p><span style=\"color: #ffffff;\">Boru Contalar\u0131<\/span><\/p>\t\t\t\t\t\t\t\t<\/div>\n\t\t\t\t<\/div>\n\t\t\t\t<div class=\"elementor-element elementor-element-133e7f9 elementor-widget elementor-widget-text-editor\" data-id=\"133e7f9\" data-element_type=\"widget\" data-e-type=\"widget\" data-widget_type=\"text-editor.default\">\n\t\t\t\t<div class=\"elementor-widget-container\">\n\t\t\t\t\t\t\t\t\t<ul><li><a href=\"https:\/\/www.arsan.com\/urunlerimiz\/boru-contalari\/ctp-boru-contalari\/\"><span style=\"text-decoration: underline;\">CTP Boru Contalar\u0131<\/span><\/a><\/li><li><span style=\"text-decoration: underline;\"><span style=\"color: #ffffff; text-decoration: underline;\">Beton Boru Contalar\u0131<\/span><\/span><ul><li><a href=\"https:\/\/www.arsan.com\/urunlerimiz\/boru-contalari\/entegre-boru-contalari\/\">Entegre Boru Contalar\u0131<\/a><\/li><li><a href=\"https:\/\/www.arsan.com\/urunlerimiz\/boru-contalari\/amg-profiller-tek-tirnak\/\">AMG Profiller (Tek t\u0131rnak)<\/a><\/li><li><a href=\"https:\/\/www.arsan.com\/urunlerimiz\/boru-contalari\/damla-kesit-sigur\/\">Damla Kesit &amp; Sigur<\/a><\/li><\/ul><\/li><li><a href=\"https:\/\/www.arsan.com\/urunlerimiz\/boru-contalari\/koruge-boru-contalari\/\"><span style=\"text-decoration: underline;\">Koruge Boru Contalar\u0131<\/span><\/a><\/li><li><span style=\"text-decoration: underline;\"><a href=\"https:\/\/www.arsan.com\/urunlerimiz\/boru-contalari\/duktil-boru-contalari\/\">D\u00fcktil Boru Contalar\u0131<\/a><\/span><\/li><\/ul>\t\t\t\t\t\t\t\t<\/div>\n\t\t\t\t<\/div>\n\t\t\t\t\t<\/div>\n\t\t<\/div>\n\t\t\t\t<div class=\"elementor-column elementor-col-66 elementor-top-column elementor-element elementor-element-2b37704c\" data-id=\"2b37704c\" data-element_type=\"column\" data-e-type=\"column\">\n\t\t\t<div class=\"elementor-widget-wrap elementor-element-populated\">\n\t\t\t\t\t\t<div class=\"elementor-element elementor-element-778af8d4 elementor-widget elementor-widget-image\" data-id=\"778af8d4\" data-element_type=\"widget\" data-e-type=\"widget\" data-widget_type=\"image.default\">\n\t\t\t\t<div class=\"elementor-widget-container\">\n\t\t\t\t\t\t\t\t\t\t\t\t\t\t\t<img fetchpriority=\"high\" decoding=\"async\" width=\"1100\" height=\"300\" src=\"https:\/\/www.arsan.com\/wp-content\/uploads\/2022\/12\/boru-contalari-1.jpg\" class=\"attachment-full size-full wp-image-4308\" alt=\"\" srcset=\"https:\/\/www.arsan.com\/wp-content\/uploads\/2022\/12\/boru-contalari-1.jpg 1100w, https:\/\/www.arsan.com\/wp-content\/uploads\/2022\/12\/boru-contalari-1-300x82.jpg 300w, https:\/\/www.arsan.com\/wp-content\/uploads\/2022\/12\/boru-contalari-1-1024x279.jpg 1024w, https:\/\/www.arsan.com\/wp-content\/uploads\/2022\/12\/boru-contalari-1-768x209.jpg 768w, https:\/\/www.arsan.com\/wp-content\/uploads\/2022\/12\/boru-contalari-1-18x5.jpg 18w\" sizes=\"(max-width: 1100px) 100vw, 1100px\" \/>\t\t\t\t\t\t\t\t\t\t\t\t\t\t\t<\/div>\n\t\t\t\t<\/div>\n\t\t\t\t<div class=\"elementor-element elementor-element-244efa0d elementor-widget elementor-widget-text-editor\" data-id=\"244efa0d\" data-element_type=\"widget\" data-e-type=\"widget\" data-widget_type=\"text-editor.default\">\n\t\t\t\t<div class=\"elementor-widget-container\">\n\t\t\t\t\t\t\t\t\t<p>At\u0131k suyun kay\u0131ps\u0131z\u00a0 ta\u015f\u0131nmas\u0131 g\u00fcn\u00fcm\u00fczde gittik\u00e7e \u00f6nem kazanmaktad\u0131r. Su ka\u00e7aklar\u0131 temiz su israf\u0131na neden oldu\u011fu gibi, at\u0131k su kay\u0131plar\u0131da \u00e7evre kirlili\u011fi yaratarak do\u011faya zarar verir.<\/p><p>S\u00f6z konusu zincirin \u00f6nemli bir halkas\u0131n\u0131 \u00fcretti\u011fimiz bilincinde olarak, 1957 y\u0131l\u0131ndan beri kau\u00e7uk sekt\u00f6r\u00fcne hizmet vermekte,\u00a0\u00a0 bas\u0131n\u00e7l\u0131 ve bas\u0131n\u00e7s\u0131z borularda kullan\u0131lan kau\u00e7uk conta \u00fcretim yapmaktay\u0131z.<\/p><p>M\u00fc\u015fteri talepleri ve gereksinimlerine g\u00f6re \u00fcretim yapan Arsan, \u00fcretmi\u015f oldu\u011fu \u00fcr\u00fcnler i\u00e7in yurti\u00e7i ve yurt d\u0131\u015f\u0131ndan ald\u0131\u011f\u0131 sertifikalar ile kalitesini per\u00e7inlemi\u015ftir.<\/p><h2>\u201cZincir, en zay\u0131f halkas\u0131 kadar g\u00fc\u00e7l\u00fcd\u00fcr\u201d<\/h2><p>Standartlara uygun s\u0131zd\u0131rmazl\u0131k \u00fcr\u00fcnleri kullanarak,\u00e7evremize ve gelece\u011fimize sahip \u00e7\u0131kal\u0131m\u2026<\/p><p><strong>Arsan taraf\u0131ndan;<\/strong><\/p><ul><li>Beton Boru Contalar\u0131,<\/li><li>CTP Boru Contalar\u0131,<\/li><li>Koruge Boru Contalar\u0131,<\/li><li>Pik D\u00f6k\u00fcm Boru Contar\u0131<\/li><li>Boru Tamir Conta Profilleri<\/li><\/ul><p>\u00fcretilmektedir.<\/p>\t\t\t\t\t\t\t\t<\/div>\n\t\t\t\t<\/div>\n\t\t\t\t\t<\/div>\n\t\t<\/div>\n\t\t\t\t\t<\/div>\n\t\t<\/section>\n\t\t\t\t<\/div>\n\t\t","protected":false},"excerpt":{"rendered":"<p>Boru Contalar\u0131 CTP Boru Contalar\u0131 Beton Boru Contalar\u0131 Entegre Boru Contalar\u0131 AMG Profiller (Tek t\u0131rnak) Damla Kesit &amp; Sigur Koruge Boru Contalar\u0131 D\u00fcktil Boru Contalar\u0131 At\u0131k suyun kay\u0131ps\u0131z\u00a0 ta\u015f\u0131nmas\u0131 g\u00fcn\u00fcm\u00fczde gittik\u00e7e \u00f6nem kazanmaktad\u0131r. Su ka\u00e7aklar\u0131 temiz su israf\u0131na neden oldu\u011fu gibi, at\u0131k su kay\u0131plar\u0131da \u00e7evre kirlili\u011fi yaratarak do\u011faya zarar verir. S\u00f6z konusu zincirin \u00f6nemli bir [&hellip;]<\/p>\n","protected":false},"author":2,"featured_media":0,"parent":1520,"menu_order":0,"comment_status":"closed","ping_status":"closed","template":"","meta":{"footnotes":""},"class_list":["post-1544","page","type-page","status-publish","hentry"],"aioseo_notices":[],"_links":{"self":[{"href":"https:\/\/www.arsan.com\/tr\/wp-json\/wp\/v2\/pages\/1544","targetHints":{"allow":["GET"]}}],"collection":[{"href":"https:\/\/www.arsan.com\/tr\/wp-json\/wp\/v2\/pages"}],"about":[{"href":"https:\/\/www.arsan.com\/tr\/wp-json\/wp\/v2\/types\/page"}],"author":[{"embeddable":true,"href":"https:\/\/www.arsan.com\/tr\/wp-json\/wp\/v2\/users\/2"}],"replies":[{"embeddable":true,"href":"https:\/\/www.arsan.com\/tr\/wp-json\/wp\/v2\/comments?post=1544"}],"version-history":[{"count":0,"href":"https:\/\/www.arsan.com\/tr\/wp-json\/wp\/v2\/pages\/1544\/revisions"}],"up":[{"embeddable":true,"href":"https:\/\/www.arsan.com\/tr\/wp-json\/wp\/v2\/pages\/1520"}],"wp:attachment":[{"href":"https:\/\/www.arsan.com\/tr\/wp-json\/wp\/v2\/media?parent=1544"}],"curies":[{"name":"wp","href":"https:\/\/api.w.org\/{rel}","templated":true}]}}