{"id":1342,"date":"2020-10-10T18:42:42","date_gmt":"2020-10-10T15:42:42","guid":{"rendered":"https:\/\/www.arsan.com\/?page_id=1342"},"modified":"2024-07-16T17:08:47","modified_gmt":"2024-07-16T14:08:47","slug":"sirket-sicili","status":"publish","type":"page","link":"https:\/\/www.arsan.com\/tr\/sirket-sicili\/","title":{"rendered":"\u015eirket Sicili"},"content":{"rendered":"\t\t<div data-elementor-type=\"wp-page\" data-elementor-id=\"1342\" class=\"elementor elementor-1342\" data-elementor-post-type=\"page\">\n\t\t\t\t\t\t<section class=\"elementor-section elementor-top-section elementor-element elementor-element-3845e04e elementor-section-boxed elementor-section-height-default elementor-section-height-default\" data-id=\"3845e04e\" data-element_type=\"section\" data-e-type=\"section\" data-settings=\"{&quot;background_background&quot;:&quot;classic&quot;}\">\n\t\t\t\t\t\t<div class=\"elementor-container elementor-column-gap-default\">\n\t\t\t\t\t<div class=\"elementor-column elementor-col-33 elementor-top-column elementor-element elementor-element-6ddace63\" data-id=\"6ddace63\" data-element_type=\"column\" data-e-type=\"column\" data-settings=\"{&quot;background_background&quot;:&quot;gradient&quot;}\">\n\t\t\t<div class=\"elementor-widget-wrap elementor-element-populated\">\n\t\t\t\t\t\t<div class=\"elementor-element elementor-element-1a0fd258 elementor-widget elementor-widget-text-editor\" data-id=\"1a0fd258\" data-element_type=\"widget\" data-e-type=\"widget\" data-widget_type=\"text-editor.default\">\n\t\t\t\t<div class=\"elementor-widget-container\">\n\t\t\t\t\t\t\t\t\t<p><span style=\"color: #ff671d;\">Kurumsal<\/span><\/p>\t\t\t\t\t\t\t\t<\/div>\n\t\t\t\t<\/div>\n\t\t\t\t<div class=\"elementor-element elementor-element-168ddc2a elementor-widget elementor-widget-text-editor\" data-id=\"168ddc2a\" data-element_type=\"widget\" data-e-type=\"widget\" data-widget_type=\"text-editor.default\">\n\t\t\t\t<div class=\"elementor-widget-container\">\n\t\t\t\t\t\t\t\t\t<ul><li><a href=\"https:\/\/www.arsan.com\/calistigimiz-ulkeler\/\">\u00c7al\u0131\u015ft\u0131\u011f\u0131m\u0131z \u00dclkeler<\/a><\/li><li><a href=\"https:\/\/www.arsan.com\/hakkimizda\/\">Hakk\u0131m\u0131zda<\/a><\/li><li><span style=\"color: #ffffff;\">Politikalar\u0131m\u0131z<\/span><ul><li><a href=\"https:\/\/www.arsan.com\/kalite--politikamiz\/\">Kalite Politikam\u0131z<\/a><\/li><li><a href=\"https:\/\/www.arsan.com\/is-guvenligi-politikamiz\/\">\u0130\u015f G\u00fcvenli\u011fi Politikam\u0131z<\/a><\/li><li><a href=\"https:\/\/www.arsan.com\/cevre-politikamiz\/\">\u00c7evre Politikam\u0131z<\/a><\/li><li><a href=\"https:\/\/www.arsan.com\/bilgi-guvenligi-politikamiz\/\">Bilgi G\u00fcvenli\u011fi Politikam\u0131z<\/a><\/li><li><a href=\"https:\/\/www.arsan.com\/tr\/enerji-yonetim-politikasi\/\">Enerji Y\u00f6netim Sistemi Politikam\u0131z<\/a><\/li><li><a href=\"https:\/\/www.arsan.com\/sosyal-sorumluluk-politikamiz\/\">Sosyal Sorumluluk Politikam\u0131z<\/a><\/li><li><a href=\"https:\/\/www.arsan.com\/tr\/eys-kapsamimiz\/\">EYS Kapsam\u0131<\/a><\/li><\/ul><\/li><li><a href=\"https:\/\/www.arsan.com\/sertifikalarimiz\/\">Sertifikalar\u0131m\u0131z<\/a><\/li><li><a href=\"https:\/\/www.arsan.com\/fabrikamiz\/\">Fabrikam\u0131z<\/a><\/li><li><a href=\"https:\/\/www.arsan.com\/insan-kaynaklari\/\">\u0130nsan Kaynaklar\u0131<\/a><\/li><li><a href=\"https:\/\/www.arsan.com\/kvkk-2\/\">KVKK<\/a><\/li><li><a href=\"https:\/\/www.arsan.com\/sirket-sicili\/\">\u015eirket Sicili<\/a><\/li><\/ul>\t\t\t\t\t\t\t\t<\/div>\n\t\t\t\t<\/div>\n\t\t\t\t\t<\/div>\n\t\t<\/div>\n\t\t\t\t<div class=\"elementor-column elementor-col-66 elementor-top-column elementor-element elementor-element-dae0ed2\" data-id=\"dae0ed2\" data-element_type=\"column\" data-e-type=\"column\">\n\t\t\t<div class=\"elementor-widget-wrap elementor-element-populated\">\n\t\t\t\t\t\t<div class=\"elementor-element elementor-element-74c623e6 elementor-widget elementor-widget-image\" data-id=\"74c623e6\" data-element_type=\"widget\" data-e-type=\"widget\" data-widget_type=\"image.default\">\n\t\t\t\t<div class=\"elementor-widget-container\">\n\t\t\t\t\t\t\t\t\t\t\t\t\t\t\t<img fetchpriority=\"high\" decoding=\"async\" width=\"1100\" height=\"300\" src=\"https:\/\/www.arsan.com\/wp-content\/uploads\/2022\/12\/sirket-sicili.jpg\" class=\"attachment-full size-full wp-image-4223\" alt=\"\" srcset=\"https:\/\/www.arsan.com\/wp-content\/uploads\/2022\/12\/sirket-sicili.jpg 1100w, https:\/\/www.arsan.com\/wp-content\/uploads\/2022\/12\/sirket-sicili-300x82.jpg 300w, https:\/\/www.arsan.com\/wp-content\/uploads\/2022\/12\/sirket-sicili-1024x279.jpg 1024w, https:\/\/www.arsan.com\/wp-content\/uploads\/2022\/12\/sirket-sicili-768x209.jpg 768w, https:\/\/www.arsan.com\/wp-content\/uploads\/2022\/12\/sirket-sicili-18x5.jpg 18w\" sizes=\"(max-width: 1100px) 100vw, 1100px\" \/>\t\t\t\t\t\t\t\t\t\t\t\t\t\t\t<\/div>\n\t\t\t\t<\/div>\n\t\t\t\t<div class=\"elementor-element elementor-element-7c1297a elementor-widget elementor-widget-text-editor\" data-id=\"7c1297a\" data-element_type=\"widget\" data-e-type=\"widget\" data-widget_type=\"text-editor.default\">\n\t\t\t\t<div class=\"elementor-widget-container\">\n\t\t\t\t\t\t\t\t\t<h3>Y\u00f6netim Kurulu<\/h3>\n<p>Y\u00f6netim Kurulu Ba\u015fkan\u0131<br><strong>KAM\u0130L BERAT \u00d6ZT\u0130MUR<\/strong><\/p>\n<p>Y\u00f6netim Kurulu Ba\u015fkan Yard\u0131mc\u0131s\u0131<br><strong>SERHAT PALANCIO\u011eLU<\/strong><\/p>\n<h3>\u015eirket K\u00fcnyesi ve Ticaret Sicil Bilgisi&nbsp;<\/h3>\n<p>\u015eirket \u00dcnvan\u0131:<br><strong>ARSAN KAU\u00c7UK Plastik Makine Sanayii ve Ticaret Anonim \u015eirketi<\/strong><\/p>\n<p>\u015eirket Adresi:<br><strong>\u015eerifali Mahallesi Barbaros Cad. S\u00f6yle\u015fi Sok. Maysa Plaza No 15\/2 Kat 1 34775 \u00dcmraniye-\u0130STANBUL<\/strong><\/p>\n<p>Telefon:<br><strong>444 54 10<\/strong><\/p>\n<p>Faks:<br><strong>+90 216 365 83 16<\/strong><\/p>\n<p>Sermaye:<br><strong>50.000.000 TL<\/strong><\/p>\n<p>Kurulu\u015f Tarihi:<br><strong>24.01.1968<\/strong><\/p>\n<p>Vergi Dairesi:<br><strong>Anadolu Kurumlar<\/strong><\/p>\n<p>Vergi Sicil No:<br><strong>080 003 7999<\/strong><\/p>\n<p>Ticaret Sicil No:<br><strong>97602 (\u0130stanbul Ticaret Sicil Memurlu\u011fu)<\/strong><\/p>\n<p>Mersis No:<br><strong>0080003799900016<\/strong><\/p>\t\t\t\t\t\t\t\t<\/div>\n\t\t\t\t<\/div>\n\t\t\t\t\t<\/div>\n\t\t<\/div>\n\t\t\t\t\t<\/div>\n\t\t<\/section>\n\t\t\t\t<\/div>\n\t\t","protected":false},"excerpt":{"rendered":"<p>Kurumsal \u00c7al\u0131\u015ft\u0131\u011f\u0131m\u0131z \u00dclkeler Hakk\u0131m\u0131zda Politikalar\u0131m\u0131z Kalite Politikam\u0131z \u0130\u015f G\u00fcvenli\u011fi Politikam\u0131z \u00c7evre Politikam\u0131z Bilgi G\u00fcvenli\u011fi Politikam\u0131z Enerji Y\u00f6netim Sistemi Politikam\u0131z Sosyal Sorumluluk Politikam\u0131z EYS Kapsam\u0131 Sertifikalar\u0131m\u0131z Fabrikam\u0131z \u0130nsan Kaynaklar\u0131 KVKK \u015eirket Sicili Y\u00f6netim Kurulu Y\u00f6netim Kurulu Ba\u015fkan\u0131KAM\u0130L BERAT \u00d6ZT\u0130MUR Y\u00f6netim Kurulu Ba\u015fkan Yard\u0131mc\u0131s\u0131SERHAT PALANCIO\u011eLU \u015eirket K\u00fcnyesi ve Ticaret Sicil Bilgisi&nbsp; \u015eirket \u00dcnvan\u0131:ARSAN KAU\u00c7UK Plastik Makine Sanayii [&hellip;]<\/p>\n","protected":false},"author":2,"featured_media":0,"parent":0,"menu_order":0,"comment_status":"closed","ping_status":"closed","template":"","meta":{"footnotes":""},"class_list":["post-1342","page","type-page","status-publish","hentry"],"aioseo_notices":[],"_links":{"self":[{"href":"https:\/\/www.arsan.com\/tr\/wp-json\/wp\/v2\/pages\/1342","targetHints":{"allow":["GET"]}}],"collection":[{"href":"https:\/\/www.arsan.com\/tr\/wp-json\/wp\/v2\/pages"}],"about":[{"href":"https:\/\/www.arsan.com\/tr\/wp-json\/wp\/v2\/types\/page"}],"author":[{"embeddable":true,"href":"https:\/\/www.arsan.com\/tr\/wp-json\/wp\/v2\/users\/2"}],"replies":[{"embeddable":true,"href":"https:\/\/www.arsan.com\/tr\/wp-json\/wp\/v2\/comments?post=1342"}],"version-history":[{"count":9,"href":"https:\/\/www.arsan.com\/tr\/wp-json\/wp\/v2\/pages\/1342\/revisions"}],"predecessor-version":[{"id":5472,"href":"https:\/\/www.arsan.com\/tr\/wp-json\/wp\/v2\/pages\/1342\/revisions\/5472"}],"wp:attachment":[{"href":"https:\/\/www.arsan.com\/tr\/wp-json\/wp\/v2\/media?parent=1342"}],"curies":[{"name":"wp","href":"https:\/\/api.w.org\/{rel}","templated":true}]}}