{"id":1336,"date":"2020-10-10T18:41:50","date_gmt":"2020-10-10T15:41:50","guid":{"rendered":"https:\/\/www.arsan.com\/?page_id=1336"},"modified":"2024-06-25T15:09:44","modified_gmt":"2024-06-25T12:09:44","slug":"insan-kaynaklari","status":"publish","type":"page","link":"https:\/\/www.arsan.com\/tr\/insan-kaynaklari\/","title":{"rendered":"\u0130nsan Kaynaklar\u0131"},"content":{"rendered":"\t\t<div data-elementor-type=\"wp-page\" data-elementor-id=\"1336\" class=\"elementor elementor-1336\" data-elementor-post-type=\"page\">\n\t\t\t\t\t\t<section class=\"elementor-section elementor-top-section elementor-element elementor-element-739b5407 elementor-section-boxed elementor-section-height-default elementor-section-height-default\" data-id=\"739b5407\" data-element_type=\"section\" data-e-type=\"section\" data-settings=\"{&quot;background_background&quot;:&quot;classic&quot;}\">\n\t\t\t\t\t\t<div class=\"elementor-container elementor-column-gap-default\">\n\t\t\t\t\t<div class=\"elementor-column elementor-col-33 elementor-top-column elementor-element elementor-element-4be3c4df\" data-id=\"4be3c4df\" data-element_type=\"column\" data-e-type=\"column\" data-settings=\"{&quot;background_background&quot;:&quot;gradient&quot;}\">\n\t\t\t<div class=\"elementor-widget-wrap elementor-element-populated\">\n\t\t\t\t\t\t<div class=\"elementor-element elementor-element-21b86639 elementor-widget elementor-widget-text-editor\" data-id=\"21b86639\" data-element_type=\"widget\" data-e-type=\"widget\" data-widget_type=\"text-editor.default\">\n\t\t\t\t<div class=\"elementor-widget-container\">\n\t\t\t\t\t\t\t\t\t<p><span style=\"color: #ff671d;\">Kurumsal<\/span><\/p>\t\t\t\t\t\t\t\t<\/div>\n\t\t\t\t<\/div>\n\t\t\t\t<div class=\"elementor-element elementor-element-61998d9e elementor-widget elementor-widget-text-editor\" data-id=\"61998d9e\" data-element_type=\"widget\" data-e-type=\"widget\" data-widget_type=\"text-editor.default\">\n\t\t\t\t<div class=\"elementor-widget-container\">\n\t\t\t\t\t\t\t\t\t<ul><li><a href=\"https:\/\/www.arsan.com\/calistigimiz-ulkeler\/\">\u00c7al\u0131\u015ft\u0131\u011f\u0131m\u0131z \u00dclkeler<\/a><\/li><li><a href=\"https:\/\/www.arsan.com\/hakkimizda\/\">Hakk\u0131m\u0131zda<\/a><\/li><li><span style=\"color: #ffffff;\">Politikalar\u0131m\u0131z<\/span><ul><li><a href=\"https:\/\/www.arsan.com\/kalite--politikamiz\/\">Kalite Politikam\u0131z<\/a><\/li><li><a href=\"https:\/\/www.arsan.com\/is-guvenligi-politikamiz\/\">\u0130\u015f G\u00fcvenli\u011fi Politikam\u0131z<\/a><\/li><li><a href=\"https:\/\/www.arsan.com\/cevre-politikamiz\/\">\u00c7evre Politikam\u0131z<\/a><\/li><li><a href=\"https:\/\/www.arsan.com\/bilgi-guvenligi-politikamiz\/\">Bilgi G\u00fcvenli\u011fi Politikam\u0131z<\/a><\/li><li><a href=\"https:\/\/www.arsan.com\/tr\/enerji-yonetim-politikasi\/\">Enerji Y\u00f6netim Sistemi Politikam\u0131z<\/a><\/li><li><a href=\"https:\/\/www.arsan.com\/sosyal-sorumluluk-politikamiz\/\">Sosyal Sorumluluk Politikam\u0131z<\/a><\/li><li><a href=\"https:\/\/www.arsan.com\/tr\/eys-kapsamimiz\/\">EYS Kapsam\u0131<\/a><\/li><\/ul><\/li><li><a href=\"https:\/\/www.arsan.com\/sertifikalarimiz\/\">Sertifikalar\u0131m\u0131z<\/a><\/li><li><a href=\"https:\/\/www.arsan.com\/fabrikamiz\/\">Fabrikam\u0131z<\/a><\/li><li><a href=\"https:\/\/www.arsan.com\/insan-kaynaklari\/\">\u0130nsan Kaynaklar\u0131<\/a><\/li><li><a href=\"https:\/\/www.arsan.com\/kvkk-2\/\">KVKK<\/a><\/li><li><a href=\"https:\/\/www.arsan.com\/sirket-sicili\/\">\u015eirket Sicili<\/a><\/li><\/ul>\t\t\t\t\t\t\t\t<\/div>\n\t\t\t\t<\/div>\n\t\t\t\t\t<\/div>\n\t\t<\/div>\n\t\t\t\t<div class=\"elementor-column elementor-col-66 elementor-top-column elementor-element elementor-element-4428fa21\" data-id=\"4428fa21\" data-element_type=\"column\" data-e-type=\"column\">\n\t\t\t<div class=\"elementor-widget-wrap elementor-element-populated\">\n\t\t\t\t\t\t<div class=\"elementor-element elementor-element-1017cba2 elementor-widget elementor-widget-image\" data-id=\"1017cba2\" data-element_type=\"widget\" data-e-type=\"widget\" data-widget_type=\"image.default\">\n\t\t\t\t<div class=\"elementor-widget-container\">\n\t\t\t\t\t\t\t\t\t\t\t\t\t\t\t<img fetchpriority=\"high\" decoding=\"async\" width=\"1100\" height=\"300\" src=\"https:\/\/www.arsan.com\/wp-content\/uploads\/2022\/12\/insan-kaynaklari1.jpg\" class=\"attachment-full size-full wp-image-4215\" alt=\"\" srcset=\"https:\/\/www.arsan.com\/wp-content\/uploads\/2022\/12\/insan-kaynaklari1.jpg 1100w, https:\/\/www.arsan.com\/wp-content\/uploads\/2022\/12\/insan-kaynaklari1-300x82.jpg 300w, https:\/\/www.arsan.com\/wp-content\/uploads\/2022\/12\/insan-kaynaklari1-1024x279.jpg 1024w, https:\/\/www.arsan.com\/wp-content\/uploads\/2022\/12\/insan-kaynaklari1-768x209.jpg 768w, https:\/\/www.arsan.com\/wp-content\/uploads\/2022\/12\/insan-kaynaklari1-18x5.jpg 18w\" sizes=\"(max-width: 1100px) 100vw, 1100px\" \/>\t\t\t\t\t\t\t\t\t\t\t\t\t\t\t<\/div>\n\t\t\t\t<\/div>\n\t\t\t\t<div class=\"elementor-element elementor-element-2fe9513 elementor-widget elementor-widget-text-editor\" data-id=\"2fe9513\" data-element_type=\"widget\" data-e-type=\"widget\" data-widget_type=\"text-editor.default\">\n\t\t\t\t<div class=\"elementor-widget-container\">\n\t\t\t\t\t\t\t\t\t<p>ARSAN hedef ve ilkeleri do\u011frultusunda insan kayna\u011f\u0131n\u0131 en verimli \u015fekilde de\u011ferlendirmeyi ama\u00e7 edinmi\u015ftir. Do\u011fru pozisyona do\u011fru aday\u0131 yerle\u015ftirmeyi hedeflerken, s\u00fcrekli e\u011fitim anlay\u0131\u015f\u0131 ile \u00e7al\u0131\u015fanlar\u0131n\u0131n ki\u015fisel ve mesleki geli\u015fimlerini desteklemektedir. &nbsp;<\/p>\n<p><\/p>\n<h3><b>Arsan \u00c7al\u0131\u015fan De\u011fer \u00d6nermesi<\/b><\/h3>\n<div>Arsan olarak size sunulan \u00e7al\u0131\u015fma ortam\u0131 ve son teknoloji makine ekipmanlar\u0131 kullanarak kendine de\u011fer katarken, yapt\u0131\u011f\u0131n i\u015fle amac\u0131n\u0131 hayata ge\u00e7irebileceksiniz.<br>B\u00fcy\u00fcme hedefleri ve potansiyeli y\u00fcksek ARSAN KAU\u00c7UK da olu\u015facak kariyer f\u0131rsatlar\u0131 ile, daha iyi bir gelecek imkan\u0131na sahip olacaks\u0131n\u0131z.<br>D\u00fcnyan\u0131n her yerine yapt\u0131\u011f\u0131m\u0131z proje ve \u00e7\u00f6z\u00fcm ortakl\u0131\u011f\u0131m\u0131z ile ARSAN KAU\u00c7UK markam\u0131z\u0131n d\u00fcnya markas\u0131 olma ser\u00fcveninde bizimle birlikte olacaks\u0131n\u0131z.<\/div>\n<div><b>&nbsp;<\/b><\/div>\n<p><\/p>\n<h3><strong>\u0130nsan Kaynaklar\u0131 Politikam\u0131z &nbsp;<\/strong><\/h3>\n<ul>\n<li>Do\u011fru ki\u015filerin do\u011fru pozisyonlarda istihdam\u0131n\u0131 sa\u011flamak<\/li>\n<li>Her kademedeki \u00e7al\u0131\u015fanlar\u0131n moral ve motivasyonunu en \u00fcst d\u00fczeyde tutmak, aile bilinci olu\u015fturmak<\/li>\n<li>\u0130\u015f\u00e7i sa\u011fl\u0131\u011f\u0131 ve g\u00fcvenli\u011fi a\u00e7\u0131s\u0131ndan sa\u011fl\u0131kl\u0131, g\u00fcvenli ve huzurlu bir \u00e7al\u0131\u015fma ortam\u0131 olu\u015fturmak<\/li>\n<li>\u00c7al\u0131\u015fanlar i\u00e7in e\u011fitim ihtiya\u00e7lar\u0131n\u0131 belirlemek, e\u011fitim programlar\u0131 haz\u0131rlamak ve uygulamak<\/li>\n<li>\u00dcniversite \u00f6\u011frencilerine staj imkan\u0131 sunmak<\/li>\n<li>Personelin t\u00fcm \u00f6zl\u00fck haklar\u0131n\u0131 korumak ve geli\u015ftirmek\n<p>ARSAN ailesine kat\u0131lmak i\u00e7in ik@arsan.com adresine \u00f6zge\u00e7mi\u015finizi g\u00f6nderebilirsiniz.<\/p>\n<\/li>\n<\/ul>\t\t\t\t\t\t\t\t<\/div>\n\t\t\t\t<\/div>\n\t\t\t\t\t<\/div>\n\t\t<\/div>\n\t\t\t\t\t<\/div>\n\t\t<\/section>\n\t\t\t\t<\/div>\n\t\t","protected":false},"excerpt":{"rendered":"<p>Kurumsal \u00c7al\u0131\u015ft\u0131\u011f\u0131m\u0131z \u00dclkeler Hakk\u0131m\u0131zda Politikalar\u0131m\u0131z Kalite Politikam\u0131z \u0130\u015f G\u00fcvenli\u011fi Politikam\u0131z \u00c7evre Politikam\u0131z Bilgi G\u00fcvenli\u011fi Politikam\u0131z Enerji Y\u00f6netim Sistemi Politikam\u0131z Sosyal Sorumluluk Politikam\u0131z EYS Kapsam\u0131 Sertifikalar\u0131m\u0131z Fabrikam\u0131z \u0130nsan Kaynaklar\u0131 KVKK \u015eirket Sicili ARSAN hedef ve ilkeleri do\u011frultusunda insan kayna\u011f\u0131n\u0131 en verimli \u015fekilde de\u011ferlendirmeyi ama\u00e7 edinmi\u015ftir. Do\u011fru pozisyona do\u011fru aday\u0131 yerle\u015ftirmeyi hedeflerken, s\u00fcrekli e\u011fitim anlay\u0131\u015f\u0131 ile \u00e7al\u0131\u015fanlar\u0131n\u0131n [&hellip;]<\/p>\n","protected":false},"author":2,"featured_media":0,"parent":0,"menu_order":0,"comment_status":"closed","ping_status":"closed","template":"","meta":{"footnotes":""},"class_list":["post-1336","page","type-page","status-publish","hentry"],"aioseo_notices":[],"_links":{"self":[{"href":"https:\/\/www.arsan.com\/tr\/wp-json\/wp\/v2\/pages\/1336","targetHints":{"allow":["GET"]}}],"collection":[{"href":"https:\/\/www.arsan.com\/tr\/wp-json\/wp\/v2\/pages"}],"about":[{"href":"https:\/\/www.arsan.com\/tr\/wp-json\/wp\/v2\/types\/page"}],"author":[{"embeddable":true,"href":"https:\/\/www.arsan.com\/tr\/wp-json\/wp\/v2\/users\/2"}],"replies":[{"embeddable":true,"href":"https:\/\/www.arsan.com\/tr\/wp-json\/wp\/v2\/comments?post=1336"}],"version-history":[{"count":9,"href":"https:\/\/www.arsan.com\/tr\/wp-json\/wp\/v2\/pages\/1336\/revisions"}],"predecessor-version":[{"id":5444,"href":"https:\/\/www.arsan.com\/tr\/wp-json\/wp\/v2\/pages\/1336\/revisions\/5444"}],"wp:attachment":[{"href":"https:\/\/www.arsan.com\/tr\/wp-json\/wp\/v2\/media?parent=1336"}],"curies":[{"name":"wp","href":"https:\/\/api.w.org\/{rel}","templated":true}]}}