{"id":1287,"date":"2020-10-10T00:07:14","date_gmt":"2020-10-09T21:07:14","guid":{"rendered":"https:\/\/www.arsan.com\/?page_id=1287"},"modified":"2024-08-01T14:50:53","modified_gmt":"2024-08-01T11:50:53","slug":"bilgi-guvenligi-politikamiz","status":"publish","type":"page","link":"https:\/\/www.arsan.com\/tr\/bilgi-guvenligi-politikamiz\/","title":{"rendered":"Bilgi G\u00fcvenli\u011fi Politikam\u0131z"},"content":{"rendered":"\t\t<div data-elementor-type=\"wp-page\" data-elementor-id=\"1287\" class=\"elementor elementor-1287\" data-elementor-post-type=\"page\">\n\t\t\t\t\t\t<section class=\"elementor-section elementor-top-section elementor-element elementor-element-4794d874 elementor-section-boxed elementor-section-height-default elementor-section-height-default\" data-id=\"4794d874\" data-element_type=\"section\" data-e-type=\"section\" data-settings=\"{&quot;background_background&quot;:&quot;classic&quot;}\">\n\t\t\t\t\t\t<div class=\"elementor-container elementor-column-gap-default\">\n\t\t\t\t\t<div class=\"elementor-column elementor-col-33 elementor-top-column elementor-element elementor-element-47f33a46\" data-id=\"47f33a46\" data-element_type=\"column\" data-e-type=\"column\" data-settings=\"{&quot;background_background&quot;:&quot;gradient&quot;}\">\n\t\t\t<div class=\"elementor-widget-wrap elementor-element-populated\">\n\t\t\t\t\t\t<div class=\"elementor-element elementor-element-a38d235 elementor-widget elementor-widget-text-editor\" data-id=\"a38d235\" data-element_type=\"widget\" data-e-type=\"widget\" data-widget_type=\"text-editor.default\">\n\t\t\t\t<div class=\"elementor-widget-container\">\n\t\t\t\t\t\t\t\t\t<p><span style=\"color: #ff671d;\">Kurumsal<\/span><\/p>\t\t\t\t\t\t\t\t<\/div>\n\t\t\t\t<\/div>\n\t\t\t\t<div class=\"elementor-element elementor-element-72997681 elementor-widget elementor-widget-text-editor\" data-id=\"72997681\" data-element_type=\"widget\" data-e-type=\"widget\" data-widget_type=\"text-editor.default\">\n\t\t\t\t<div class=\"elementor-widget-container\">\n\t\t\t\t\t\t\t\t\t<ul><li><a href=\"https:\/\/www.arsan.com\/calistigimiz-ulkeler\/\">\u00c7al\u0131\u015ft\u0131\u011f\u0131m\u0131z \u00dclkeler<\/a><\/li><li><a href=\"https:\/\/www.arsan.com\/hakkimizda\/\">Hakk\u0131m\u0131zda<\/a><\/li><li><span style=\"color: #ffffff;\">Politikalar\u0131m\u0131z<\/span><ul><li><a href=\"https:\/\/www.arsan.com\/kalite--politikamiz\/\">Kalite Politikam\u0131z<\/a><\/li><li><a href=\"https:\/\/www.arsan.com\/is-guvenligi-politikamiz\/\">\u0130\u015f G\u00fcvenli\u011fi Politikam\u0131z<\/a><\/li><li><a href=\"https:\/\/www.arsan.com\/cevre-politikamiz\/\">\u00c7evre Politikam\u0131z<\/a><\/li><li><a href=\"https:\/\/www.arsan.com\/bilgi-guvenligi-politikamiz\/\">Bilgi G\u00fcvenli\u011fi Politikam\u0131z<\/a><\/li><li><a href=\"https:\/\/www.arsan.com\/tr\/enerji-yonetim-politikasi\/\">Enerji Y\u00f6netim Sistemi Politikam\u0131z<\/a><\/li><li><a href=\"https:\/\/www.arsan.com\/sosyal-sorumluluk-politikamiz\/\">Sosyal Sorumluluk Politikam\u0131z<\/a><\/li><li><a href=\"https:\/\/www.arsan.com\/tr\/eys-kapsamimiz\/\">EYS Kapsam\u0131<\/a><\/li><\/ul><\/li><li><a href=\"https:\/\/www.arsan.com\/sertifikalarimiz\/\">Sertifikalar\u0131m\u0131z<\/a><\/li><li><a href=\"https:\/\/www.arsan.com\/fabrikamiz\/\">Fabrikam\u0131z<\/a><\/li><li><a href=\"https:\/\/www.arsan.com\/insan-kaynaklari\/\">\u0130nsan Kaynaklar\u0131<\/a><\/li><li><a href=\"https:\/\/www.arsan.com\/kvkk-2\/\">KVKK<\/a><\/li><li><a href=\"https:\/\/www.arsan.com\/sirket-sicili\/\">\u015eirket Sicili<\/a><\/li><\/ul>\t\t\t\t\t\t\t\t<\/div>\n\t\t\t\t<\/div>\n\t\t\t\t\t<\/div>\n\t\t<\/div>\n\t\t\t\t<div class=\"elementor-column elementor-col-66 elementor-top-column elementor-element elementor-element-701a4794\" data-id=\"701a4794\" data-element_type=\"column\" data-e-type=\"column\">\n\t\t\t<div class=\"elementor-widget-wrap elementor-element-populated\">\n\t\t\t\t\t\t<div class=\"elementor-element elementor-element-6a414861 elementor-widget elementor-widget-image\" data-id=\"6a414861\" data-element_type=\"widget\" data-e-type=\"widget\" data-widget_type=\"image.default\">\n\t\t\t\t<div class=\"elementor-widget-container\">\n\t\t\t\t\t\t\t\t\t\t\t\t\t\t\t<img fetchpriority=\"high\" decoding=\"async\" width=\"900\" height=\"245\" src=\"https:\/\/www.arsan.com\/wp-content\/uploads\/2022\/12\/bilgi-guvenligi-politikamiz.jpg\" class=\"attachment-full size-full wp-image-4202\" alt=\"\" srcset=\"https:\/\/www.arsan.com\/wp-content\/uploads\/2022\/12\/bilgi-guvenligi-politikamiz.jpg 900w, https:\/\/www.arsan.com\/wp-content\/uploads\/2022\/12\/bilgi-guvenligi-politikamiz-300x82.jpg 300w, https:\/\/www.arsan.com\/wp-content\/uploads\/2022\/12\/bilgi-guvenligi-politikamiz-768x209.jpg 768w, https:\/\/www.arsan.com\/wp-content\/uploads\/2022\/12\/bilgi-guvenligi-politikamiz-18x5.jpg 18w\" sizes=\"(max-width: 900px) 100vw, 900px\" \/>\t\t\t\t\t\t\t\t\t\t\t\t\t\t\t<\/div>\n\t\t\t\t<\/div>\n\t\t\t\t<div class=\"elementor-element elementor-element-b606ff5 elementor-widget elementor-widget-heading\" data-id=\"b606ff5\" data-element_type=\"widget\" data-e-type=\"widget\" data-widget_type=\"heading.default\">\n\t\t\t\t<div class=\"elementor-widget-container\">\n\t\t\t\t\t<h1 class=\"elementor-heading-title elementor-size-default\"><h1 data-elementor-setting-key=\"title\" data-pen-placeholder=\"Buraya yaz...\" style=\"font-weight: 600;font-size: 29px;font-family: Roboto, sans-serif;text-align: center\">Bilgi G\u00fcvenli\u011fi Politikam\u0131z\n<\/h1><\/h1>\t\t\t\t<\/div>\n\t\t\t\t<\/div>\n\t\t\t\t<div class=\"elementor-element elementor-element-f22d0fb elementor-widget elementor-widget-text-editor\" data-id=\"f22d0fb\" data-element_type=\"widget\" data-e-type=\"widget\" data-widget_type=\"text-editor.default\">\n\t\t\t\t<div class=\"elementor-widget-container\">\n\t\t\t\t\t\t\t\t\t<p><span style=\"color: #525252; font-family: var( --e-global-typography-text-font-family ), Sans-serif; font-weight: var( --e-global-typography-text-font-weight );\">Yay\u0131n Tarihi 15.05.2017<\/span><\/p><p><br style=\"color: #525252;\" \/><span style=\"color: #525252;\">Revizyon Tarihi\u00a0<\/span><br style=\"color: #525252;\" \/><span style=\"color: #525252;\">Revizyon No 00<\/span><\/p>\t\t\t\t\t\t\t\t<\/div>\n\t\t\t\t<\/div>\n\t\t\t\t<div class=\"elementor-element elementor-element-7b401502 elementor-widget elementor-widget-text-editor\" data-id=\"7b401502\" data-element_type=\"widget\" data-e-type=\"widget\" data-widget_type=\"text-editor.default\">\n\t\t\t\t<div class=\"elementor-widget-container\">\n\t\t\t\t\t\t\t\t\t<p>ARSAN KAU\u00c7UK PLAST\u0130K MAK\u0130NA SANAY\u0130 VE T\u0130CARET A.\u015e, ARSAN KAU\u00c7UK \u0130\u00c7 VE DI\u015e T\u0130CARET A.\u015e. bilgi g\u00fcvenli\u011fi y\u00f6netim sistemi ile kurum itibar\u0131n\u0131 art\u0131rmak, kendi i\u015f s\u00fcreklili\u011finin yan\u0131 s\u0131ra payda\u015flar\u0131n\u0131n \u00f6nemli ve\/veya hassas bilgilerini de korumak amac\u0131yla bilgi g\u00fcvenli\u011fine \u00fcst d\u00fczeyde \u00f6nem verir. Belirledi\u011fi faaliyetleri kapsam\u0131nda Bilgi G\u00fcvenli\u011fi Y\u00f6netim Sistemi (BGYS) gere\u011fince a\u015fa\u011f\u0131daki hususlar\u0131 benimsemekte ve uyumlu \u015fekilde y\u00f6netmektedir:<\/p><p>\u00a0<\/p><ul><li>Faaliyetlerimizde gerekli olan her t\u00fcrl\u00fc bilginin eri\u015filebilirli\u011fini, b\u00fct\u00fcnl\u00fc\u011f\u00fcn\u00fc ve gizlili\u011fini sa\u011flayarak bilgiyi g\u00fcvence alt\u0131na almak.<\/li><li>Bilgi g\u00fcvenli\u011fi y\u00f6netim sistemi \u015fartlar\u0131na, ulusal ve uluslararas\u0131 yasal \u015fartlara, mevzuatlara uyarak, sistemin uygunluk ve etkinli\u011finin s\u00fcrekli iyile\u015ftirilmesini sa\u011flamak.<\/li><li>Kurum \u00e7al\u0131\u015fanlar\u0131n\u0131n bilgi ve yetkinliklerini artt\u0131rarak t\u00fcm \u00e7al\u0131\u015fanlar\u0131n bilgi g\u00fcvenli\u011fine katk\u0131da bulunmas\u0131n\u0131 sa\u011flamak,<\/li><li>\u00c7al\u0131\u015fanlar\u0131, m\u00fc\u015fterileri ve \u00fc\u00e7\u00fcnc\u00fc taraflar\u0131 bilgi g\u00fcvenli\u011fi konusunda bilin\u00e7lendirerek kendilerine ve payda\u015flar\u0131na ait bilgileri korumak.<\/li><li>\u0130\u015f s\u00fcreklili\u011fi planlar\u0131n\u0131 olu\u015fturmak, de\u011fi\u015fen ve geli\u015fen bilgi g\u00fcvenli\u011fi tehditlerine kar\u015f\u0131 risk analizleri yaparak proaktif \u00f6nlemler almak.<\/li><li>Bilgi varl\u0131klar\u0131n\u0131n g\u00fcvenli\u011fi i\u00e7in uygun fiziksel ve elektronik ortamlar\u0131 yaratmak ve g\u00fcvenlik ihlalleri oldu\u011funda kay\u0131t alt\u0131na alarak, ihlallerin zaman\u0131nda tespiti, m\u00fcdahale edilmesi ile ortadan kald\u0131r\u0131lmas\u0131n\u0131 sa\u011flamak.<\/li><\/ul><p>\u00a0<\/p><p>T\u00fcm kurum \u00e7al\u0131\u015fanlar\u0131 ve tedarik\u00e7ileri Bilgi G\u00fcvenli\u011fi Y\u00f6netim Sistemi politika, prosed\u00fcr ve kontrollerine uygun hareket etmekle ve kendileri i\u00e7in tan\u0131mlanm\u0131\u015f sorumluluklar\u0131 yerine getirmekle y\u00fck\u00fcml\u00fcd\u00fcr.<\/p><p>\u00a0<\/p><p>\u00dcst y\u00f6netim, de\u011fi\u015fen \u015fartlara uyum sa\u011flamak \u00fczere BGYS politikas\u0131n\u0131 g\u00fcncelleyerek, bu politikan\u0131n \u015firket i\u00e7inde t\u00fcm seviyelerde bilinmesini, anla\u015f\u0131lmas\u0131n\u0131, eksiksiz uygulanmas\u0131n\u0131 ve b\u00fct\u00fcn \u00e7al\u0131\u015fanlar\u0131n\u0131n bu politikayla uyumlu olmas\u0131n\u0131 sa\u011flamakla y\u00fck\u00fcml\u00fcd\u00fcr.<\/p><p>\u00a0<\/p><p><strong>\u00a0 \u00a0 \u00a0K\u00e2mil Berat \u00d6ZT\u0130MUR<\/strong> \/ Y\u00f6netim Kurulu Ba\u015fkan\u0131<\/p>\t\t\t\t\t\t\t\t<\/div>\n\t\t\t\t<\/div>\n\t\t\t\t\t<\/div>\n\t\t<\/div>\n\t\t\t\t\t<\/div>\n\t\t<\/section>\n\t\t\t\t<\/div>\n\t\t","protected":false},"excerpt":{"rendered":"<p>Kurumsal \u00c7al\u0131\u015ft\u0131\u011f\u0131m\u0131z \u00dclkeler Hakk\u0131m\u0131zda Politikalar\u0131m\u0131z Kalite Politikam\u0131z \u0130\u015f G\u00fcvenli\u011fi Politikam\u0131z \u00c7evre Politikam\u0131z Bilgi G\u00fcvenli\u011fi Politikam\u0131z Enerji Y\u00f6netim Sistemi Politikam\u0131z Sosyal Sorumluluk Politikam\u0131z EYS Kapsam\u0131 Sertifikalar\u0131m\u0131z Fabrikam\u0131z \u0130nsan Kaynaklar\u0131 KVKK \u015eirket Sicili Bilgi G\u00fcvenli\u011fi Politikam\u0131z Yay\u0131n Tarihi 15.05.2017 Revizyon Tarihi\u00a0Revizyon No 00 ARSAN KAU\u00c7UK PLAST\u0130K MAK\u0130NA SANAY\u0130 VE T\u0130CARET A.\u015e, ARSAN KAU\u00c7UK \u0130\u00c7 VE DI\u015e T\u0130CARET [&hellip;]<\/p>\n","protected":false},"author":2,"featured_media":0,"parent":0,"menu_order":0,"comment_status":"closed","ping_status":"closed","template":"","meta":{"footnotes":""},"class_list":["post-1287","page","type-page","status-publish","hentry"],"aioseo_notices":[],"_links":{"self":[{"href":"https:\/\/www.arsan.com\/tr\/wp-json\/wp\/v2\/pages\/1287","targetHints":{"allow":["GET"]}}],"collection":[{"href":"https:\/\/www.arsan.com\/tr\/wp-json\/wp\/v2\/pages"}],"about":[{"href":"https:\/\/www.arsan.com\/tr\/wp-json\/wp\/v2\/types\/page"}],"author":[{"embeddable":true,"href":"https:\/\/www.arsan.com\/tr\/wp-json\/wp\/v2\/users\/2"}],"replies":[{"embeddable":true,"href":"https:\/\/www.arsan.com\/tr\/wp-json\/wp\/v2\/comments?post=1287"}],"version-history":[{"count":6,"href":"https:\/\/www.arsan.com\/tr\/wp-json\/wp\/v2\/pages\/1287\/revisions"}],"predecessor-version":[{"id":5499,"href":"https:\/\/www.arsan.com\/tr\/wp-json\/wp\/v2\/pages\/1287\/revisions\/5499"}],"wp:attachment":[{"href":"https:\/\/www.arsan.com\/tr\/wp-json\/wp\/v2\/media?parent=1287"}],"curies":[{"name":"wp","href":"https:\/\/api.w.org\/{rel}","templated":true}]}}