{"id":1284,"date":"2020-10-10T00:05:39","date_gmt":"2020-10-09T21:05:39","guid":{"rendered":"https:\/\/www.arsan.com\/?page_id=1284"},"modified":"2024-08-01T14:49:40","modified_gmt":"2024-08-01T11:49:40","slug":"cevre-politikamiz","status":"publish","type":"page","link":"https:\/\/www.arsan.com\/tr\/cevre-politikamiz\/","title":{"rendered":"\u00c7evre Politikam\u0131z"},"content":{"rendered":"\t\t<div data-elementor-type=\"wp-page\" data-elementor-id=\"1284\" class=\"elementor elementor-1284\" data-elementor-post-type=\"page\">\n\t\t\t\t\t\t<section class=\"elementor-section elementor-top-section elementor-element elementor-element-4a66b4d2 elementor-section-boxed elementor-section-height-default elementor-section-height-default\" data-id=\"4a66b4d2\" data-element_type=\"section\" data-e-type=\"section\" data-settings=\"{&quot;background_background&quot;:&quot;classic&quot;}\">\n\t\t\t\t\t\t<div class=\"elementor-container elementor-column-gap-default\">\n\t\t\t\t\t<div class=\"elementor-column elementor-col-33 elementor-top-column elementor-element elementor-element-794e8bc9\" data-id=\"794e8bc9\" data-element_type=\"column\" data-e-type=\"column\" data-settings=\"{&quot;background_background&quot;:&quot;gradient&quot;}\">\n\t\t\t<div class=\"elementor-widget-wrap elementor-element-populated\">\n\t\t\t\t\t\t<div class=\"elementor-element elementor-element-5559349 elementor-widget elementor-widget-text-editor\" data-id=\"5559349\" data-element_type=\"widget\" data-e-type=\"widget\" data-widget_type=\"text-editor.default\">\n\t\t\t\t<div class=\"elementor-widget-container\">\n\t\t\t\t\t\t\t\t\t<p><span style=\"color: #ff671d;\">Kurumsal<\/span><\/p>\t\t\t\t\t\t\t\t<\/div>\n\t\t\t\t<\/div>\n\t\t\t\t<div class=\"elementor-element elementor-element-7308c14f elementor-widget elementor-widget-text-editor\" data-id=\"7308c14f\" data-element_type=\"widget\" data-e-type=\"widget\" data-widget_type=\"text-editor.default\">\n\t\t\t\t<div class=\"elementor-widget-container\">\n\t\t\t\t\t\t\t\t\t<ul><li><a href=\"https:\/\/www.arsan.com\/calistigimiz-ulkeler\/\">\u00c7al\u0131\u015ft\u0131\u011f\u0131m\u0131z \u00dclkeler<\/a><\/li><li><a href=\"https:\/\/www.arsan.com\/hakkimizda\/\">Hakk\u0131m\u0131zda<\/a><\/li><li><span style=\"color: #ffffff;\">Politikalar\u0131m\u0131z<\/span><ul><li><a href=\"https:\/\/www.arsan.com\/kalite--politikamiz\/\">Kalite Politikam\u0131z<\/a><\/li><li><a href=\"https:\/\/www.arsan.com\/is-guvenligi-politikamiz\/\">\u0130\u015f G\u00fcvenli\u011fi Politikam\u0131z<\/a><\/li><li><a href=\"https:\/\/www.arsan.com\/cevre-politikamiz\/\">\u00c7evre Politikam\u0131z<\/a><\/li><li><a href=\"https:\/\/www.arsan.com\/bilgi-guvenligi-politikamiz\/\">Bilgi G\u00fcvenli\u011fi Politikam\u0131z<\/a><\/li><li><a href=\"https:\/\/www.arsan.com\/tr\/enerji-yonetim-politikasi\/\">Enerji Y\u00f6netim Sistemi Politikam\u0131z<\/a><\/li><li><a href=\"https:\/\/www.arsan.com\/sosyal-sorumluluk-politikamiz\/\">Sosyal Sorumluluk Politikam\u0131z<\/a><\/li><li><a href=\"https:\/\/www.arsan.com\/tr\/eys-kapsamimiz\/\">EYS Kapsam\u0131<\/a><\/li><\/ul><\/li><li><a href=\"https:\/\/www.arsan.com\/sertifikalarimiz\/\">Sertifikalar\u0131m\u0131z<\/a><\/li><li><a href=\"https:\/\/www.arsan.com\/fabrikamiz\/\">Fabrikam\u0131z<\/a><\/li><li><a href=\"https:\/\/www.arsan.com\/insan-kaynaklari\/\">\u0130nsan Kaynaklar\u0131<\/a><\/li><li><a href=\"https:\/\/www.arsan.com\/kvkk-2\/\">KVKK<\/a><\/li><li><a href=\"https:\/\/www.arsan.com\/sirket-sicili\/\">\u015eirket Sicili<\/a><\/li><\/ul>\t\t\t\t\t\t\t\t<\/div>\n\t\t\t\t<\/div>\n\t\t\t\t\t<\/div>\n\t\t<\/div>\n\t\t\t\t<div class=\"elementor-column elementor-col-66 elementor-top-column elementor-element elementor-element-7de0242f\" data-id=\"7de0242f\" data-element_type=\"column\" data-e-type=\"column\">\n\t\t\t<div class=\"elementor-widget-wrap elementor-element-populated\">\n\t\t\t\t\t\t<div class=\"elementor-element elementor-element-6581f9a9 elementor-widget elementor-widget-image\" data-id=\"6581f9a9\" data-element_type=\"widget\" data-e-type=\"widget\" data-widget_type=\"image.default\">\n\t\t\t\t<div class=\"elementor-widget-container\">\n\t\t\t\t\t\t\t\t\t\t\t\t\t\t\t<img fetchpriority=\"high\" decoding=\"async\" width=\"1100\" height=\"300\" src=\"https:\/\/www.arsan.com\/wp-content\/uploads\/2022\/12\/cevre-politikamiz.jpg\" class=\"attachment-full size-full wp-image-4198\" alt=\"\" srcset=\"https:\/\/www.arsan.com\/wp-content\/uploads\/2022\/12\/cevre-politikamiz.jpg 1100w, https:\/\/www.arsan.com\/wp-content\/uploads\/2022\/12\/cevre-politikamiz-300x82.jpg 300w, https:\/\/www.arsan.com\/wp-content\/uploads\/2022\/12\/cevre-politikamiz-1024x279.jpg 1024w, https:\/\/www.arsan.com\/wp-content\/uploads\/2022\/12\/cevre-politikamiz-768x209.jpg 768w, https:\/\/www.arsan.com\/wp-content\/uploads\/2022\/12\/cevre-politikamiz-18x5.jpg 18w\" sizes=\"(max-width: 1100px) 100vw, 1100px\" \/>\t\t\t\t\t\t\t\t\t\t\t\t\t\t\t<\/div>\n\t\t\t\t<\/div>\n\t\t\t\t<div class=\"elementor-element elementor-element-f143e89 elementor-widget elementor-widget-heading\" data-id=\"f143e89\" data-element_type=\"widget\" data-e-type=\"widget\" data-widget_type=\"heading.default\">\n\t\t\t\t<div class=\"elementor-widget-container\">\n\t\t\t\t\t<h2 class=\"elementor-heading-title elementor-size-default\"><h1 data-elementor-setting-key=\"title\" data-pen-placeholder=\"Buraya yaz...\" style=\"font-weight: 600;font-size: 29px;font-family: Roboto, sans-serif;text-align: center\">\u00c7evre Politikam\u0131z<\/h1><\/h2>\t\t\t\t<\/div>\n\t\t\t\t<\/div>\n\t\t\t\t<div class=\"elementor-element elementor-element-650dd77 elementor-widget elementor-widget-text-editor\" data-id=\"650dd77\" data-element_type=\"widget\" data-e-type=\"widget\" data-widget_type=\"text-editor.default\">\n\t\t\t\t<div class=\"elementor-widget-container\">\n\t\t\t\t\t\t\t\t\t<p><span style=\"color: #525252; font-family: var( --e-global-typography-text-font-family ), Sans-serif; font-weight: var( --e-global-typography-text-font-weight );\">Yay\u0131n Tarihi 13.01.2015<\/span><\/p><p><br style=\"color: #525252;\" \/><span style=\"color: #525252;\">Revizyon Tarihi 18.08.2020<\/span><br style=\"color: #525252;\" \/><span style=\"color: #525252;\">Revizyon No 02<\/span><\/p>\t\t\t\t\t\t\t\t<\/div>\n\t\t\t\t<\/div>\n\t\t\t\t<div class=\"elementor-element elementor-element-5cae2186 elementor-widget elementor-widget-text-editor\" data-id=\"5cae2186\" data-element_type=\"widget\" data-e-type=\"widget\" data-widget_type=\"text-editor.default\">\n\t\t\t\t<div class=\"elementor-widget-container\">\n\t\t\t\t\t\t\t\t\t<ul><li>Firmam\u0131z \u201c\u00dcr\u00fcn Ya\u015fam D\u00f6ng\u00fcs\u00fc\u201d prensibi i\u00e7erisinde bulunan hammadde temininden, sat\u0131\u015f sonras\u0131 hizmetler a\u015famas\u0131na kadar olu\u015fabilecek \u00e7evresel etkilerin minimuma indirgenmesinin sa\u011flanmas\u0131<span style=\"color: var( --e-global-color-text );\">;<br \/><br \/><\/span><\/li><li>Temiz ve g\u00fcvenli bir \u00e7al\u0131\u015fma ortam\u0131 sa\u011flamak i\u00e7in \u201cRisk Temelli D\u00fc\u015f\u00fcnce\u201d prensibi i\u00e7erisinde firmam\u0131zda tehlike ve olas\u0131 risklerin tespitinin sa\u011flanmas\u0131, bu tehlike ve risklere kar\u015f\u0131 al\u0131nacak iyile\u015ftirme faaliyetleri ve her t\u00fcrl\u00fc \u00e7evre kazalar\u0131n\u0131n, \u00f6nlenmesi ad\u0131na gerekli kaynaklar sa\u011flanmas\u0131 ve \u00e7al\u0131\u015fmalar\u0131n y\u00fcr\u00fct\u00fclmesi; m\u00fc\u015fterilerimize ve tedarik\u00e7ilerimize temiz ve g\u00fcvenli bir \u00e7al\u0131\u015fma ortam\u0131 sa\u011flamak i\u00e7in destek verilmesi;<br \/><br \/><\/li><li>Tasarlanan ve \u00fcretilen kau\u00e7uk ve metal \u00fcr\u00fcnlerimizin \u00e7evreye duyarl\u0131l\u0131\u011f\u0131 ile bir ad\u0131m \u00f6ne \u00e7\u0131karak, k\u00fcresel ve yerel \u00e7evre standartlar\u0131na uygunluk benimsenmi\u015ftir. M\u00fc\u015fterilerimize daha \u00e7evreci \u00fcr\u00fcnler sunabilmek i\u00e7in, yeni teknolojiler, metotlar ve sistemler geli\u015ftirerek s\u00fcrekli iyile\u015fme prensibini benimsemek;<br \/><br \/><\/li><li>\u0130\u00e7 payda\u015flar\u0131m\u0131z\u0131n bilgi, yetenek ve ki\u015fisel geli\u015fimlerini daha fazla ilerletebilecekleri ortamlar olu\u015fturarak, \u00e7evreye duyarl\u0131 bir organizasyon ile \u00e7evresel verimlili\u011fimiz daha da artt\u0131r\u0131lmas\u0131;<br \/><br \/><\/li><li>\u201cKayna\u011f\u0131nda \u00d6nleme\u201d prensibini baz alarak \u00e7evre boyutlar\u0131na negatif etkisi olan ve \u00e7evre kirlili\u011fine sebep olabilecek etmenlerin yetkin ve fark\u0131ndal\u0131\u011f\u0131 y\u00fcksek \u00e7al\u0131\u015fanlar\u0131m\u0131z ile kayna\u011f\u0131nda \u00f6nlenmesi ve d\u0131\u015f payda\u015flar\u0131m\u0131za \u00e7evreye kar\u015f\u0131 daha duyarl\u0131 olmalar\u0131 konusunda bilgilendirme yap\u0131lmas\u0131;<br \/><br \/><\/li><li>K\u00fcresel ve yerel kanunlar, y\u00f6netmelikler, standartlar, \u00e7evre gereksinimleri, m\u00fc\u015fterimizin talepleri ve de\u011fi\u015fen k\u00fcresel ve yerel \u015fartlara g\u00f6re \u201c\u00c7evre Politikam\u0131z\u0131\u201d her y\u0131l periyodik olarak toplant\u0131larda g\u00f6zden ge\u00e7irilerek, ger\u00e7ek\u00e7i yakla\u015f\u0131mlar ile g\u00fcncellemek politikalar\u0131m\u0131zd\u0131r.<br \/><br \/><\/li><li>Firmam\u0131z\u0131n anla\u015f\u0131lmas\u0131 ve de\u011fer katmas\u0131 a\u00e7\u0131s\u0131ndan \u201c\u00c7evre Politikam\u0131z\u201d i\u00e7 ve d\u0131\u015f payda\u015flar\u0131m\u0131z ile payla\u015f\u0131lmaktad\u0131r.<br \/>Temiz \u00e7evre t\u00fcm payda\u015flar\u0131m\u0131za aittir.<\/li><\/ul><p><strong>K\u00e2mil Berat \u00d6ZT\u0130MUR<\/strong>\u00a0 \/ Y\u00f6netim Kurulu Ba\u015fkan\u0131<\/p>\t\t\t\t\t\t\t\t<\/div>\n\t\t\t\t<\/div>\n\t\t\t\t\t<\/div>\n\t\t<\/div>\n\t\t\t\t\t<\/div>\n\t\t<\/section>\n\t\t\t\t<\/div>\n\t\t","protected":false},"excerpt":{"rendered":"<p>Kurumsal \u00c7al\u0131\u015ft\u0131\u011f\u0131m\u0131z \u00dclkeler Hakk\u0131m\u0131zda Politikalar\u0131m\u0131z Kalite Politikam\u0131z \u0130\u015f G\u00fcvenli\u011fi Politikam\u0131z \u00c7evre Politikam\u0131z Bilgi G\u00fcvenli\u011fi Politikam\u0131z Enerji Y\u00f6netim Sistemi Politikam\u0131z Sosyal Sorumluluk Politikam\u0131z EYS Kapsam\u0131 Sertifikalar\u0131m\u0131z Fabrikam\u0131z \u0130nsan Kaynaklar\u0131 KVKK \u015eirket Sicili \u00c7evre Politikam\u0131z Yay\u0131n Tarihi 13.01.2015 Revizyon Tarihi 18.08.2020Revizyon No 02 Firmam\u0131z \u201c\u00dcr\u00fcn Ya\u015fam D\u00f6ng\u00fcs\u00fc\u201d prensibi i\u00e7erisinde bulunan hammadde temininden, sat\u0131\u015f sonras\u0131 hizmetler a\u015famas\u0131na kadar [&hellip;]<\/p>\n","protected":false},"author":2,"featured_media":0,"parent":0,"menu_order":0,"comment_status":"closed","ping_status":"closed","template":"","meta":{"footnotes":""},"class_list":["post-1284","page","type-page","status-publish","hentry"],"aioseo_notices":[],"_links":{"self":[{"href":"https:\/\/www.arsan.com\/tr\/wp-json\/wp\/v2\/pages\/1284","targetHints":{"allow":["GET"]}}],"collection":[{"href":"https:\/\/www.arsan.com\/tr\/wp-json\/wp\/v2\/pages"}],"about":[{"href":"https:\/\/www.arsan.com\/tr\/wp-json\/wp\/v2\/types\/page"}],"author":[{"embeddable":true,"href":"https:\/\/www.arsan.com\/tr\/wp-json\/wp\/v2\/users\/2"}],"replies":[{"embeddable":true,"href":"https:\/\/www.arsan.com\/tr\/wp-json\/wp\/v2\/comments?post=1284"}],"version-history":[{"count":3,"href":"https:\/\/www.arsan.com\/tr\/wp-json\/wp\/v2\/pages\/1284\/revisions"}],"predecessor-version":[{"id":5493,"href":"https:\/\/www.arsan.com\/tr\/wp-json\/wp\/v2\/pages\/1284\/revisions\/5493"}],"wp:attachment":[{"href":"https:\/\/www.arsan.com\/tr\/wp-json\/wp\/v2\/media?parent=1284"}],"curies":[{"name":"wp","href":"https:\/\/api.w.org\/{rel}","templated":true}]}}