{"id":1276,"date":"2020-10-09T23:41:47","date_gmt":"2020-10-09T20:41:47","guid":{"rendered":"https:\/\/www.arsan.com\/?page_id=1276"},"modified":"2024-08-01T15:03:48","modified_gmt":"2024-08-01T12:03:48","slug":"is-guvenligi-politikamiz","status":"publish","type":"page","link":"https:\/\/www.arsan.com\/tr\/is-guvenligi-politikamiz\/","title":{"rendered":"\u0130\u015f G\u00fcvenli\u011fi Politikam\u0131z"},"content":{"rendered":"\t\t<div data-elementor-type=\"wp-page\" data-elementor-id=\"1276\" class=\"elementor elementor-1276\" data-elementor-post-type=\"page\">\n\t\t\t\t\t\t<section class=\"elementor-section elementor-top-section elementor-element elementor-element-5be176e0 elementor-section-boxed elementor-section-height-default elementor-section-height-default\" data-id=\"5be176e0\" data-element_type=\"section\" data-e-type=\"section\" data-settings=\"{&quot;background_background&quot;:&quot;classic&quot;}\">\n\t\t\t\t\t\t<div class=\"elementor-container elementor-column-gap-default\">\n\t\t\t\t\t<div class=\"elementor-column elementor-col-33 elementor-top-column elementor-element elementor-element-190f37fe\" data-id=\"190f37fe\" data-element_type=\"column\" data-e-type=\"column\" data-settings=\"{&quot;background_background&quot;:&quot;gradient&quot;}\">\n\t\t\t<div class=\"elementor-widget-wrap elementor-element-populated\">\n\t\t\t\t\t\t<div class=\"elementor-element elementor-element-3fe383e elementor-widget elementor-widget-text-editor\" data-id=\"3fe383e\" data-element_type=\"widget\" data-e-type=\"widget\" data-widget_type=\"text-editor.default\">\n\t\t\t\t<div class=\"elementor-widget-container\">\n\t\t\t\t\t\t\t\t\t<p><span style=\"color: #ff671d;\">Kurumsal<\/span><\/p>\t\t\t\t\t\t\t\t<\/div>\n\t\t\t\t<\/div>\n\t\t\t\t<div class=\"elementor-element elementor-element-6842568a elementor-widget elementor-widget-text-editor\" data-id=\"6842568a\" data-element_type=\"widget\" data-e-type=\"widget\" data-widget_type=\"text-editor.default\">\n\t\t\t\t<div class=\"elementor-widget-container\">\n\t\t\t\t\t\t\t\t\t<ul><li><a href=\"https:\/\/www.arsan.com\/calistigimiz-ulkeler\/\">\u00c7al\u0131\u015ft\u0131\u011f\u0131m\u0131z \u00dclkeler<\/a><\/li><li><a href=\"https:\/\/www.arsan.com\/hakkimizda\/\">Hakk\u0131m\u0131zda<\/a><\/li><li><span style=\"color: #ffffff;\">Politikalar\u0131m\u0131z<\/span><ul><li><a href=\"https:\/\/www.arsan.com\/kalite--politikamiz\/\">Kalite Politikam\u0131z<\/a><\/li><li><a href=\"https:\/\/www.arsan.com\/is-guvenligi-politikamiz\/\">\u0130\u015f G\u00fcvenli\u011fi Politikam\u0131z<\/a><\/li><li><a href=\"https:\/\/www.arsan.com\/cevre-politikamiz\/\">\u00c7evre Politikam\u0131z<\/a><\/li><li><a href=\"https:\/\/www.arsan.com\/bilgi-guvenligi-politikamiz\/\">Bilgi G\u00fcvenli\u011fi Politikam\u0131z<\/a><\/li><li><a href=\"https:\/\/www.arsan.com\/tr\/enerji-yonetim-politikasi\/\">Enerji Y\u00f6netim Sistemi Politikam\u0131z<\/a><\/li><li><a href=\"https:\/\/www.arsan.com\/sosyal-sorumluluk-politikamiz\/\">Sosyal Sorumluluk Politikam\u0131z<\/a><\/li><li><a href=\"https:\/\/www.arsan.com\/tr\/eys-kapsamimiz\/\">EYS Kapsam\u0131<\/a><\/li><\/ul><\/li><li><a href=\"https:\/\/www.arsan.com\/sertifikalarimiz\/\">Sertifikalar\u0131m\u0131z<\/a><\/li><li><a href=\"https:\/\/www.arsan.com\/fabrikamiz\/\">Fabrikam\u0131z<\/a><\/li><li><a href=\"https:\/\/www.arsan.com\/insan-kaynaklari\/\">\u0130nsan Kaynaklar\u0131<\/a><\/li><li><a href=\"https:\/\/www.arsan.com\/kvkk-2\/\">KVKK<\/a><\/li><li><a href=\"https:\/\/www.arsan.com\/sirket-sicili\/\">\u015eirket Sicili<\/a><\/li><\/ul>\t\t\t\t\t\t\t\t<\/div>\n\t\t\t\t<\/div>\n\t\t\t\t\t<\/div>\n\t\t<\/div>\n\t\t\t\t<div class=\"elementor-column elementor-col-66 elementor-top-column elementor-element elementor-element-a6065c4\" data-id=\"a6065c4\" data-element_type=\"column\" data-e-type=\"column\">\n\t\t\t<div class=\"elementor-widget-wrap elementor-element-populated\">\n\t\t\t\t\t\t<div class=\"elementor-element elementor-element-230aba83 elementor-widget elementor-widget-image\" data-id=\"230aba83\" data-element_type=\"widget\" data-e-type=\"widget\" data-widget_type=\"image.default\">\n\t\t\t\t<div class=\"elementor-widget-container\">\n\t\t\t\t\t\t\t\t\t\t\t\t\t\t\t<img fetchpriority=\"high\" decoding=\"async\" width=\"1100\" height=\"300\" src=\"https:\/\/www.arsan.com\/wp-content\/uploads\/2022\/12\/is-guvenligi-politikamiz.jpg\" class=\"attachment-full size-full wp-image-4194\" alt=\"\" srcset=\"https:\/\/www.arsan.com\/wp-content\/uploads\/2022\/12\/is-guvenligi-politikamiz.jpg 1100w, https:\/\/www.arsan.com\/wp-content\/uploads\/2022\/12\/is-guvenligi-politikamiz-300x82.jpg 300w, https:\/\/www.arsan.com\/wp-content\/uploads\/2022\/12\/is-guvenligi-politikamiz-1024x279.jpg 1024w, https:\/\/www.arsan.com\/wp-content\/uploads\/2022\/12\/is-guvenligi-politikamiz-768x209.jpg 768w, https:\/\/www.arsan.com\/wp-content\/uploads\/2022\/12\/is-guvenligi-politikamiz-18x5.jpg 18w\" sizes=\"(max-width: 1100px) 100vw, 1100px\" \/>\t\t\t\t\t\t\t\t\t\t\t\t\t\t\t<\/div>\n\t\t\t\t<\/div>\n\t\t\t\t<div class=\"elementor-element elementor-element-6d4c889 elementor-widget elementor-widget-heading\" data-id=\"6d4c889\" data-element_type=\"widget\" data-e-type=\"widget\" data-widget_type=\"heading.default\">\n\t\t\t\t<div class=\"elementor-widget-container\">\n\t\t\t\t\t<h2 class=\"elementor-heading-title elementor-size-default\"><h1 data-elementor-setting-key=\"title\" data-pen-placeholder=\"Buraya yaz...\" style=\"font-weight: 600;font-size: 29px;font-family: Roboto, sans-serif;text-align: center\">\u0130\u015f G\u00fcvenli\u011fi Politikam\u0131z<\/h1><\/h2>\t\t\t\t<\/div>\n\t\t\t\t<\/div>\n\t\t\t\t<div class=\"elementor-element elementor-element-f067443 elementor-widget elementor-widget-text-editor\" data-id=\"f067443\" data-element_type=\"widget\" data-e-type=\"widget\" data-widget_type=\"text-editor.default\">\n\t\t\t\t<div class=\"elementor-widget-container\">\n\t\t\t\t\t\t\t\t\t<p><span style=\"color: #525252; font-family: var( --e-global-typography-text-font-family ), Sans-serif; font-weight: var( --e-global-typography-text-font-weight );\">Yay\u0131n Tarihi 16.12.2008<\/span><\/p><p><br style=\"color: #525252;\" \/><span style=\"color: #525252;\">Revizyon Tarihi 10.03.2021<\/span><br style=\"color: #525252;\" \/><span style=\"color: #525252;\">Revizyon No 03<\/span><\/p>\t\t\t\t\t\t\t\t<\/div>\n\t\t\t\t<\/div>\n\t\t\t\t<div class=\"elementor-element elementor-element-310ad9bd elementor-widget elementor-widget-text-editor\" data-id=\"310ad9bd\" data-element_type=\"widget\" data-e-type=\"widget\" data-widget_type=\"text-editor.default\">\n\t\t\t\t<div class=\"elementor-widget-container\">\n\t\t\t\t\t\t\t\t\t<ul><li><p>Arsan Kau\u00e7uk, t\u00fcm faaliyetlerinde insan\u0131 en de\u011ferli varl\u0131\u011f\u0131 olarak kabul etmekte, daha g\u00fcvenli ve sa\u011fl\u0131kl\u0131 bir \u00e7al\u0131\u015fma ortam\u0131n\u0131 yaratarak, olu\u015fabilecek her t\u00fcrl\u00fc kay\u0131plar\u0131 en aza indirmeyi ve s\u00fcrekli olarak iyile\u015ftirmeyi \u00f6ncelikli i\u015f hedefi olarak benimsemektedir. Bu hedef do\u011frultusunda Arsan Kau\u00e7uk olarak faaliyette bulundu\u011fumuz tesislerde,<\/p><ul><li>Yasal ve di\u011fer \u015fartlara uymay\u0131<\/li><li>Sa\u011fl\u0131kl\u0131, g\u00fcvenli ve ergonomik \u00e7al\u0131\u015fma ortamlar\u0131n\u0131 yaratmay\u0131<\/li><li>\u00c7al\u0131\u015fanlar\u0131m\u0131z\u0131n ve \u00e7al\u0131\u015fan temsilcilerimizin dan\u0131\u015fma kat\u0131l\u0131m\u0131yla tehlike ve olas\u0131 \u0130SG risklerini tespit etmeyi, \u0130SG f\u0131rsatlar\u0131n\u0131 belirlemeyi ve s\u00fcrekli iyile\u015ftirmeyi<\/li><li>\u0130\u015f kazas\u0131 ve meslek hastal\u0131klar\u0131n\u0131 en aza indirmeyi<\/li><li>\u0130\u015f sa\u011fl\u0131\u011f\u0131 ve g\u00fcvenli\u011fi bilincinin ve k\u00fclt\u00fcr\u00fcn\u00fcn olu\u015fturulmas\u0131 ve geli\u015ftirilmesi i\u00e7in e\u011fitim faaliyetlerini d\u00fczenlenmeyi,<\/li><\/ul><p>kabul ve taahh\u00fct ederiz.<\/p><\/li><\/ul><p><strong>Kamil Berat\u00a0 \u00d6ZT\u0130MUR<\/strong> \/\u00a0 Y\u00f6netim Kurulu Ba\u015fkan\u0131\u00a0<\/p>\t\t\t\t\t\t\t\t<\/div>\n\t\t\t\t<\/div>\n\t\t\t\t\t<\/div>\n\t\t<\/div>\n\t\t\t\t\t<\/div>\n\t\t<\/section>\n\t\t\t\t<\/div>\n\t\t","protected":false},"excerpt":{"rendered":"<p>Kurumsal \u00c7al\u0131\u015ft\u0131\u011f\u0131m\u0131z \u00dclkeler Hakk\u0131m\u0131zda Politikalar\u0131m\u0131z Kalite Politikam\u0131z \u0130\u015f G\u00fcvenli\u011fi Politikam\u0131z \u00c7evre Politikam\u0131z Bilgi G\u00fcvenli\u011fi Politikam\u0131z Enerji Y\u00f6netim Sistemi Politikam\u0131z Sosyal Sorumluluk Politikam\u0131z EYS Kapsam\u0131 Sertifikalar\u0131m\u0131z Fabrikam\u0131z \u0130nsan Kaynaklar\u0131 KVKK \u015eirket Sicili \u0130\u015f G\u00fcvenli\u011fi Politikam\u0131z Yay\u0131n Tarihi 16.12.2008 Revizyon Tarihi 10.03.2021Revizyon No 03 Arsan Kau\u00e7uk, t\u00fcm faaliyetlerinde insan\u0131 en de\u011ferli varl\u0131\u011f\u0131 olarak kabul etmekte, daha g\u00fcvenli [&hellip;]<\/p>\n","protected":false},"author":2,"featured_media":0,"parent":0,"menu_order":0,"comment_status":"closed","ping_status":"closed","template":"","meta":{"footnotes":""},"class_list":["post-1276","page","type-page","status-publish","hentry"],"aioseo_notices":[],"_links":{"self":[{"href":"https:\/\/www.arsan.com\/tr\/wp-json\/wp\/v2\/pages\/1276","targetHints":{"allow":["GET"]}}],"collection":[{"href":"https:\/\/www.arsan.com\/tr\/wp-json\/wp\/v2\/pages"}],"about":[{"href":"https:\/\/www.arsan.com\/tr\/wp-json\/wp\/v2\/types\/page"}],"author":[{"embeddable":true,"href":"https:\/\/www.arsan.com\/tr\/wp-json\/wp\/v2\/users\/2"}],"replies":[{"embeddable":true,"href":"https:\/\/www.arsan.com\/tr\/wp-json\/wp\/v2\/comments?post=1276"}],"version-history":[{"count":6,"href":"https:\/\/www.arsan.com\/tr\/wp-json\/wp\/v2\/pages\/1276\/revisions"}],"predecessor-version":[{"id":5503,"href":"https:\/\/www.arsan.com\/tr\/wp-json\/wp\/v2\/pages\/1276\/revisions\/5503"}],"wp:attachment":[{"href":"https:\/\/www.arsan.com\/tr\/wp-json\/wp\/v2\/media?parent=1276"}],"curies":[{"name":"wp","href":"https:\/\/api.w.org\/{rel}","templated":true}]}}