{"id":1269,"date":"2020-10-09T23:37:45","date_gmt":"2020-10-09T20:37:45","guid":{"rendered":"https:\/\/www.arsan.com\/?page_id=1269"},"modified":"2024-08-01T17:59:06","modified_gmt":"2024-08-01T14:59:06","slug":"kalite-politikamiz","status":"publish","type":"page","link":"https:\/\/www.arsan.com\/tr\/kalite-politikamiz\/","title":{"rendered":"Kalite Politikam\u0131z"},"content":{"rendered":"\t\t<div data-elementor-type=\"wp-page\" data-elementor-id=\"1269\" class=\"elementor elementor-1269\" data-elementor-post-type=\"page\">\n\t\t\t\t\t\t<section class=\"elementor-section elementor-top-section elementor-element elementor-element-4bdf1c90 elementor-section-boxed elementor-section-height-default elementor-section-height-default\" data-id=\"4bdf1c90\" data-element_type=\"section\" data-e-type=\"section\" data-settings=\"{&quot;background_background&quot;:&quot;classic&quot;}\">\n\t\t\t\t\t\t<div class=\"elementor-container elementor-column-gap-default\">\n\t\t\t\t\t<div class=\"elementor-column elementor-col-33 elementor-top-column elementor-element elementor-element-36ff3215\" data-id=\"36ff3215\" data-element_type=\"column\" data-e-type=\"column\" data-settings=\"{&quot;background_background&quot;:&quot;gradient&quot;}\">\n\t\t\t<div class=\"elementor-widget-wrap elementor-element-populated\">\n\t\t\t\t\t\t<div class=\"elementor-element elementor-element-6fa77960 elementor-widget elementor-widget-text-editor\" data-id=\"6fa77960\" data-element_type=\"widget\" data-e-type=\"widget\" data-widget_type=\"text-editor.default\">\n\t\t\t\t<div class=\"elementor-widget-container\">\n\t\t\t\t\t\t\t\t\t<p><span style=\"color: #ff671d;\">Kurumsal<\/span><\/p>\t\t\t\t\t\t\t\t<\/div>\n\t\t\t\t<\/div>\n\t\t\t\t<div class=\"elementor-element elementor-element-5c0088b7 elementor-widget elementor-widget-text-editor\" data-id=\"5c0088b7\" data-element_type=\"widget\" data-e-type=\"widget\" data-widget_type=\"text-editor.default\">\n\t\t\t\t<div class=\"elementor-widget-container\">\n\t\t\t\t\t\t\t\t\t<ul><li><a href=\"https:\/\/www.arsan.com\/calistigimiz-ulkeler\/\">\u00c7al\u0131\u015ft\u0131\u011f\u0131m\u0131z \u00dclkeler<\/a><\/li><li><a href=\"https:\/\/www.arsan.com\/hakkimizda\/\">Hakk\u0131m\u0131zda<\/a><\/li><li><span style=\"color: #ffffff;\">Politikalar\u0131m\u0131z<\/span><ul><li><a href=\"https:\/\/www.arsan.com\/kalite--politikamiz\/\">Kalite Politikam\u0131z<\/a><\/li><li><a href=\"https:\/\/www.arsan.com\/is-guvenligi-politikamiz\/\">\u0130\u015f G\u00fcvenli\u011fi Politikam\u0131z<\/a><\/li><li><a href=\"https:\/\/www.arsan.com\/cevre-politikamiz\/\">\u00c7evre Politikam\u0131z<\/a><\/li><li><a href=\"https:\/\/www.arsan.com\/bilgi-guvenligi-politikamiz\/\">Bilgi G\u00fcvenli\u011fi Politikam\u0131z<\/a><\/li><li><a href=\"https:\/\/www.arsan.com\/tr\/enerji-yonetim-politikasi\/\">Enerji Y\u00f6netim Sistemi Politikam\u0131z<\/a><\/li><li><a href=\"https:\/\/www.arsan.com\/sosyal-sorumluluk-politikamiz\/\">Sosyal Sorumluluk Politikam\u0131z<\/a><\/li><li><a href=\"https:\/\/www.arsan.com\/tr\/eys-kapsamimiz\/\">EYS Kapsam\u0131<\/a><\/li><\/ul><\/li><li><a href=\"https:\/\/www.arsan.com\/sertifikalarimiz\/\">Sertifikalar\u0131m\u0131z<\/a><\/li><li><a href=\"https:\/\/www.arsan.com\/fabrikamiz\/\">Fabrikam\u0131z<\/a><\/li><li><a href=\"https:\/\/www.arsan.com\/insan-kaynaklari\/\">\u0130nsan Kaynaklar\u0131<\/a><\/li><li><a href=\"https:\/\/www.arsan.com\/kvkk-2\/\">KVKK<\/a><\/li><li><a href=\"https:\/\/www.arsan.com\/sirket-sicili\/\">\u015eirket Sicili<\/a><\/li><\/ul>\t\t\t\t\t\t\t\t<\/div>\n\t\t\t\t<\/div>\n\t\t\t\t\t<\/div>\n\t\t<\/div>\n\t\t\t\t<div class=\"elementor-column elementor-col-66 elementor-top-column elementor-element elementor-element-18cb5304\" data-id=\"18cb5304\" data-element_type=\"column\" data-e-type=\"column\">\n\t\t\t<div class=\"elementor-widget-wrap elementor-element-populated\">\n\t\t\t\t\t\t<div class=\"elementor-element elementor-element-3b16b250 elementor-widget elementor-widget-image\" data-id=\"3b16b250\" data-element_type=\"widget\" data-e-type=\"widget\" data-widget_type=\"image.default\">\n\t\t\t\t<div class=\"elementor-widget-container\">\n\t\t\t\t\t\t\t\t\t\t\t\t\t\t\t<img fetchpriority=\"high\" decoding=\"async\" width=\"1100\" height=\"300\" src=\"https:\/\/www.arsan.com\/wp-content\/uploads\/2022\/12\/kalite-politikamiz.jpg\" class=\"attachment-full size-full wp-image-4190\" alt=\"\" srcset=\"https:\/\/www.arsan.com\/wp-content\/uploads\/2022\/12\/kalite-politikamiz.jpg 1100w, https:\/\/www.arsan.com\/wp-content\/uploads\/2022\/12\/kalite-politikamiz-300x82.jpg 300w, https:\/\/www.arsan.com\/wp-content\/uploads\/2022\/12\/kalite-politikamiz-1024x279.jpg 1024w, https:\/\/www.arsan.com\/wp-content\/uploads\/2022\/12\/kalite-politikamiz-768x209.jpg 768w, https:\/\/www.arsan.com\/wp-content\/uploads\/2022\/12\/kalite-politikamiz-18x5.jpg 18w\" sizes=\"(max-width: 1100px) 100vw, 1100px\" \/>\t\t\t\t\t\t\t\t\t\t\t\t\t\t\t<\/div>\n\t\t\t\t<\/div>\n\t\t\t\t<div class=\"elementor-element elementor-element-092c442 elementor-widget elementor-widget-heading\" data-id=\"092c442\" data-element_type=\"widget\" data-e-type=\"widget\" data-widget_type=\"heading.default\">\n\t\t\t\t<div class=\"elementor-widget-container\">\n\t\t\t\t\t<h1 class=\"elementor-heading-title elementor-size-default\">Kalite Politikam\u0131z<\/h1>\t\t\t\t<\/div>\n\t\t\t\t<\/div>\n\t\t\t\t<div class=\"elementor-element elementor-element-10d7904 elementor-widget elementor-widget-text-editor\" data-id=\"10d7904\" data-element_type=\"widget\" data-e-type=\"widget\" data-widget_type=\"text-editor.default\">\n\t\t\t\t<div class=\"elementor-widget-container\">\n\t\t\t\t\t\t\t\t\t<p><span style=\"color: #525252; font-family: var( --e-global-typography-text-font-family ), Sans-serif; font-weight: var( --e-global-typography-text-font-weight );\">Yay\u0131n Tarihi 16.12.2008<\/span><\/p><p><br style=\"color: #525252;\" \/><span style=\"color: #525252;\">Revizyon Tarihi 10.03.2021<\/span><br style=\"color: #525252;\" \/><span style=\"color: #525252;\">Revizyon No 03<\/span><\/p>\t\t\t\t\t\t\t\t<\/div>\n\t\t\t\t<\/div>\n\t\t\t\t<div class=\"elementor-element elementor-element-6d0c0b9a elementor-widget__width-initial elementor-widget elementor-widget-text-editor\" data-id=\"6d0c0b9a\" data-element_type=\"widget\" data-e-type=\"widget\" data-widget_type=\"text-editor.default\">\n\t\t\t\t<div class=\"elementor-widget-container\">\n\t\t\t\t\t\t\t\t\t<p>\u00a0<\/p><ul><li>Kalite y\u00f6netiminin temelini olu\u015fturan \u201cS\u00fcrd\u00fcr\u00fclebilirlik\u201d ve \u201cS\u00fcrekli \u0130yile\u015ftirme\u201d<\/li><li>prensiplerini benimseyerek; m\u00fc\u015fterilerimizin memnuniyetini ve kalite s\u00fcrd\u00fcr\u00fclebilirli\u011fini en<\/li><li>\u00fcst d\u00fczeye ta\u015f\u0131mak;<\/li><li>\u2022 K\u00fcresel ve yerel standartlar \u0131\u015f\u0131\u011f\u0131nda daha yenilik\u00e7i ve verimli \u00fcr\u00fcnler sunabilmek ve rekabet<\/li><li>g\u00fcc\u00fcm\u00fcz\u00fc artt\u0131rabilmek ad\u0131na yeni teknolojiler, sistemler ve metodolojiler geli\u015ftirerek<\/li><li>proseslerimizde, \u00fcretmi\u015f oldu\u011fumuz \u00fcr\u00fcnlerde ve hizmetlerde katma de\u011feri y\u00fckseltmek;<\/li><li>\u2022 Ailemizin ferdi olan t\u00fcm \u00e7al\u0131\u015fanlar\u0131m\u0131za temel, teknik ve y\u00f6netsel becerilerini artt\u0131rmak ve<\/li><li>m\u00fc\u015fterilerimizin beklentilerini a\u015facak \u00fcr\u00fcn \u00fcretmek ve hizmet vermek ad\u0131na yenilik\u00e7i<\/li><li>yakla\u015f\u0131mlarla geli\u015fimlerini sa\u011flamak;<\/li><li>\u2022 \u201cRisk Temelli D\u00fc\u015f\u00fcnce\u201d prensibini baz alarak, risk ve f\u0131rsatlar\u0131n belirlenmesi ile firmam\u0131z\u0131n<\/li><li>s\u00fcreklili\u011fi de\u011fi\u015fimini ve geli\u015fimini sa\u011flamak;<\/li><li>\u2022 K\u00fcresel ve yerel kanunlar, y\u00f6netmelikler, standartlar, pazar gereksinimleri, m\u00fc\u015fterimizin<\/li><li>talepleri ve de\u011fi\u015fen k\u00fcresel ve yerel \u015fartlara g\u00f6re \u201cKalite Politikam\u0131z\u0131\u201d her y\u0131l periyodik<\/li><li>olarak toplant\u0131larda g\u00f6zden ge\u00e7irilerek, ger\u00e7ek\u00e7i yakla\u015f\u0131mlar ile g\u00fcncellemek<\/li><li>politikalar\u0131m\u0131zd\u0131r.<\/li><li>\u2022 Firmam\u0131z\u0131n anla\u015f\u0131lmas\u0131 ve de\u011fer katmas\u0131 a\u00e7\u0131s\u0131ndan \u201cKalite Politikam\u0131z\u201d i\u00e7 ve d\u0131\u015f<\/li><li>payda\u015flar\u0131m\u0131z ile payla\u015f\u0131lmaktad\u0131r. Kalite politikam\u0131z\u0131n g\u00fcncel haline<\/li><li>https:\/\/www.arsan.com\/ ula\u015fabilirsiniz.<\/li><\/ul><p>Ba\u015far\u0131 t\u00fcm payda\u015flar\u0131m\u0131za aittir.<\/p><p>\u00a0<\/p><div>\u00a0<b>Genel M\u00fcd\u00fcr<\/b><\/div><div><b>\u00a0Kamil Berat \u00d6ztimur<\/b><\/div>\t\t\t\t\t\t\t\t<\/div>\n\t\t\t\t<\/div>\n\t\t\t\t\t<\/div>\n\t\t<\/div>\n\t\t\t\t\t<\/div>\n\t\t<\/section>\n\t\t\t\t<\/div>\n\t\t","protected":false},"excerpt":{"rendered":"<p>Kurumsal \u00c7al\u0131\u015ft\u0131\u011f\u0131m\u0131z \u00dclkeler Hakk\u0131m\u0131zda Politikalar\u0131m\u0131z Kalite Politikam\u0131z \u0130\u015f G\u00fcvenli\u011fi Politikam\u0131z \u00c7evre Politikam\u0131z Bilgi G\u00fcvenli\u011fi Politikam\u0131z Enerji Y\u00f6netim Sistemi Politikam\u0131z Sosyal Sorumluluk Politikam\u0131z EYS Kapsam\u0131 Sertifikalar\u0131m\u0131z Fabrikam\u0131z \u0130nsan Kaynaklar\u0131 KVKK \u015eirket Sicili Kalite Politikam\u0131z Yay\u0131n Tarihi 16.12.2008 Revizyon Tarihi 10.03.2021Revizyon No 03 \u00a0 Kalite y\u00f6netiminin temelini olu\u015fturan \u201cS\u00fcrd\u00fcr\u00fclebilirlik\u201d ve \u201cS\u00fcrekli \u0130yile\u015ftirme\u201d prensiplerini benimseyerek; m\u00fc\u015fterilerimizin memnuniyetini ve [&hellip;]<\/p>\n","protected":false},"author":2,"featured_media":0,"parent":0,"menu_order":0,"comment_status":"closed","ping_status":"closed","template":"","meta":{"footnotes":""},"class_list":["post-1269","page","type-page","status-publish","hentry"],"aioseo_notices":[],"_links":{"self":[{"href":"https:\/\/www.arsan.com\/tr\/wp-json\/wp\/v2\/pages\/1269","targetHints":{"allow":["GET"]}}],"collection":[{"href":"https:\/\/www.arsan.com\/tr\/wp-json\/wp\/v2\/pages"}],"about":[{"href":"https:\/\/www.arsan.com\/tr\/wp-json\/wp\/v2\/types\/page"}],"author":[{"embeddable":true,"href":"https:\/\/www.arsan.com\/tr\/wp-json\/wp\/v2\/users\/2"}],"replies":[{"embeddable":true,"href":"https:\/\/www.arsan.com\/tr\/wp-json\/wp\/v2\/comments?post=1269"}],"version-history":[{"count":15,"href":"https:\/\/www.arsan.com\/tr\/wp-json\/wp\/v2\/pages\/1269\/revisions"}],"predecessor-version":[{"id":5510,"href":"https:\/\/www.arsan.com\/tr\/wp-json\/wp\/v2\/pages\/1269\/revisions\/5510"}],"wp:attachment":[{"href":"https:\/\/www.arsan.com\/tr\/wp-json\/wp\/v2\/media?parent=1269"}],"curies":[{"name":"wp","href":"https:\/\/api.w.org\/{rel}","templated":true}]}}