{"id":1186,"date":"2020-10-08T21:51:23","date_gmt":"2020-10-08T18:51:23","guid":{"rendered":"https:\/\/www.arsan.com\/?page_id=1186"},"modified":"2020-10-08T21:53:30","modified_gmt":"2020-10-08T18:53:30","slug":"makaleler","status":"publish","type":"page","link":"https:\/\/www.arsan.com\/tr\/makaleler\/","title":{"rendered":"Makaleler"},"content":{"rendered":"\t\t<div data-elementor-type=\"wp-page\" data-elementor-id=\"1186\" class=\"elementor elementor-1186\" data-elementor-post-type=\"page\">\n\t\t\t\t\t\t<section class=\"elementor-section elementor-top-section elementor-element elementor-element-8c506d5 elementor-section-boxed elementor-section-height-default elementor-section-height-default\" data-id=\"8c506d5\" data-element_type=\"section\" data-e-type=\"section\">\n\t\t\t\t\t\t<div class=\"elementor-container elementor-column-gap-default\">\n\t\t\t\t\t<div class=\"elementor-column elementor-col-100 elementor-top-column elementor-element elementor-element-1455ce0\" data-id=\"1455ce0\" data-element_type=\"column\" data-e-type=\"column\">\n\t\t\t<div class=\"elementor-widget-wrap\">\n\t\t\t\t\t\t\t<\/div>\n\t\t<\/div>\n\t\t\t\t\t<\/div>\n\t\t<\/section>\n\t\t\t\t<section class=\"elementor-section elementor-top-section elementor-element elementor-element-1c0d2a7 elementor-section-boxed elementor-section-height-default elementor-section-height-default\" data-id=\"1c0d2a7\" data-element_type=\"section\" data-e-type=\"section\">\n\t\t\t\t\t\t<div class=\"elementor-container elementor-column-gap-default\">\n\t\t\t\t\t<div class=\"elementor-column elementor-col-100 elementor-top-column elementor-element elementor-element-095e681\" data-id=\"095e681\" data-element_type=\"column\" data-e-type=\"column\">\n\t\t\t<div class=\"elementor-widget-wrap elementor-element-populated\">\n\t\t\t\t\t\t<div class=\"elementor-element elementor-element-501e499 elementor-widget elementor-widget-news-section\" data-id=\"501e499\" data-element_type=\"widget\" data-e-type=\"widget\" data-widget_type=\"news-section.default\">\n\t\t\t\t<div class=\"elementor-widget-container\">\n\t\t\t\t\t\t\t\t<div class=\"section-full  p-t80 blog-post-outer-3 \">\r\n\t\t\t\t<div class=\"container\">\r\n\t\t\t\t\t\t\t\t\t\t\r\n\t\t\t\t\t<!-- BLOG SECTION START -->\r\n\t\t\t\t\t<div class=\"section-content\">\r\n\t\t\t\t\t\t<div class=\"row d-flex justify-content-center\">\r\n\t\t\t\t\t\t\t\t\t\t\t\t\t\t\t<div class=\"col-lg-4 col-md-6 col-sm-12\">\r\n\t\t\t\t\t\t\t\t\t<!--Block one-->\r\n\t\t\t\t\t\t\t\t\t<div class=\"blog-post industroz-blog-grid style1 date-style-2\">\r\n\t\t\t\t\t\t\t\t\t\t<div class=\"wt-post-media wt-img-effect zoom-slow\">\r\n\t\t\t\t\t\t\t\t\t\t\t<a href=\"https:\/\/www.arsan.com\/tr\/sisen-conta-projemiz\/\">\r\n\t\t\t\t\t\t\t\t\t\t\t\t<img fetchpriority=\"high\" decoding=\"async\" width=\"1000\" height=\"600\" src=\"https:\/\/www.arsan.com\/wp-content\/uploads\/2021\/11\/kaucuk.png\" class=\"attachment-full size-full wp-post-image\" alt=\"\" srcset=\"https:\/\/www.arsan.com\/wp-content\/uploads\/2021\/11\/kaucuk.png 1000w, https:\/\/www.arsan.com\/wp-content\/uploads\/2021\/11\/kaucuk-300x180.png 300w, https:\/\/www.arsan.com\/wp-content\/uploads\/2021\/11\/kaucuk-768x461.png 768w, https:\/\/www.arsan.com\/wp-content\/uploads\/2021\/11\/kaucuk-16x10.png 16w, https:\/\/www.arsan.com\/wp-content\/uploads\/2021\/11\/kaucuk-447x268.png 447w\" sizes=\"(max-width: 1000px) 100vw, 1000px\" \/>\t\t\t\t\t\t\t\t\t\t\t<\/a>\r\n\t\t\t\t\t\t\t\t\t\t<\/div>\r\n\t\t\t\t\t\t\t\t\t\t<div class=\"wt-post-info p-t30\">\r\n\t\t\t\t\t\t\t\t\t\t\t<div class=\"wt-post-meta \">\r\n\t\t\t\t\t\t\t\t\t\t\t\t<ul>\r\n\t\t\t\t\t\t\t\t\t\t\t\t\t\t\t\t\t\t\t\t\t\t\t\t\t\t\t\t<li class=\"post-category\"><a href=\"https:\/\/www.arsan.com\/tr\/kategori\/makaleler\/\"><span>Makaleler<\/span><\/a> <\/li>\r\n\t\t\t\t\t\t\t\t\t\t\t\t\t\t\t\t\t\t\t\t\t\t\t\t\t\t\t\t<li class=\"post-date\">8 Kas\u0131m 2021<\/li>\r\n\t\t\t\t\t\t\t\t\t\t\t\t\t<li class=\"post-comment\">0 Comments<\/li>\r\n\t\t\t\t\t\t\t\t\t\t\t\t<\/ul>\r\n\t\t\t\t\t\t\t\t\t\t\t<\/div>                                 \r\n\t\t\t\t\t\t\t\t\t\t\t<div class=\"wt-post-title \">\r\n\t\t\t\t\t\t\t\t\t\t\t\t<h4 class=\"post-title\"><a href=\"https:\/\/www.arsan.com\/tr\/sisen-conta-projemiz\/\">\u015ei\u015fen Conta Projemiz<\/a><\/h4>\r\n\t\t\t\t\t\t\t\t\t\t\t\t<p>S\u0131zd\u0131rmazl\u0131k contalar\u0131n\u0131n temel kullan\u0131m amac\u0131 hidrostatik bas\u0131nca kar\u015f\u0131 dayan\u0131m ve en k\u00f6t\u00fc durumda bile su ge\u00e7irmezli\u011fini sa\u011flamakt\u0131r. S\u0131zd\u0131rmazl\u0131k contalar\u0131nda genellikle<\/p>\r\n\t\t\t\t\t\t\t\t\t\t\t<\/div>\r\n\t\t\t\t\t\t\t\t\t\t\t<div class=\"wt-post-readmore \">\r\n\t\t\t\t\t\t\t\t\t\t\t\t<a href=\"https:\/\/www.arsan.com\/tr\/sisen-conta-projemiz\/\" class=\"site-button-link black\">Read More<\/a>\r\n\t\t\t\t\t\t\t\t\t\t\t<\/div>                                        \r\n\t\t\t\t\t\t\t\t\t\t<\/div>                                \r\n\t\t\t\t\t\t\t\t\t<\/div>\r\n\t\t\t\t\t\t\t\t<\/div>\r\n\t\t\t\t\t\t\t\t\t\t\t\t\t\t\t\t<div class=\"col-lg-4 col-md-6 col-sm-12\">\r\n\t\t\t\t\t\t\t\t\t<!--Block one-->\r\n\t\t\t\t\t\t\t\t\t<div class=\"blog-post industroz-blog-grid style1 date-style-2\">\r\n\t\t\t\t\t\t\t\t\t\t<div class=\"wt-post-media wt-img-effect zoom-slow\">\r\n\t\t\t\t\t\t\t\t\t\t\t<a href=\"https:\/\/www.arsan.com\/tr\/4-kopruler-ve-viyadukler-sempozyumu\/\">\r\n\t\t\t\t\t\t\t\t\t\t\t\t<img decoding=\"async\" width=\"1000\" height=\"600\" src=\"https:\/\/www.arsan.com\/wp-content\/uploads\/2020\/10\/sempozyum-a-1-2.jpg\" class=\"attachment-full size-full wp-post-image\" alt=\"\" srcset=\"https:\/\/www.arsan.com\/wp-content\/uploads\/2020\/10\/sempozyum-a-1-2.jpg 1000w, https:\/\/www.arsan.com\/wp-content\/uploads\/2020\/10\/sempozyum-a-1-2-300x180.jpg 300w, https:\/\/www.arsan.com\/wp-content\/uploads\/2020\/10\/sempozyum-a-1-2-768x461.jpg 768w, https:\/\/www.arsan.com\/wp-content\/uploads\/2020\/10\/sempozyum-a-1-2-16x10.jpg 16w, https:\/\/www.arsan.com\/wp-content\/uploads\/2020\/10\/sempozyum-a-1-2-447x268.jpg 447w\" sizes=\"(max-width: 1000px) 100vw, 1000px\" \/>\t\t\t\t\t\t\t\t\t\t\t<\/a>\r\n\t\t\t\t\t\t\t\t\t\t<\/div>\r\n\t\t\t\t\t\t\t\t\t\t<div class=\"wt-post-info p-t30\">\r\n\t\t\t\t\t\t\t\t\t\t\t<div class=\"wt-post-meta \">\r\n\t\t\t\t\t\t\t\t\t\t\t\t<ul>\r\n\t\t\t\t\t\t\t\t\t\t\t\t\t\t\t\t\t\t\t\t\t\t\t\t\t\t\t\t<li class=\"post-category\"><a href=\"https:\/\/www.arsan.com\/tr\/kategori\/makaleler\/\"><span>Makaleler<\/span><\/a> <\/li>\r\n\t\t\t\t\t\t\t\t\t\t\t\t\t\t\t\t\t\t\t\t\t\t\t\t\t\t\t\t<li class=\"post-date\">11 Ekim 2020<\/li>\r\n\t\t\t\t\t\t\t\t\t\t\t\t\t<li class=\"post-comment\">0 Comments<\/li>\r\n\t\t\t\t\t\t\t\t\t\t\t\t<\/ul>\r\n\t\t\t\t\t\t\t\t\t\t\t<\/div>                                 \r\n\t\t\t\t\t\t\t\t\t\t\t<div class=\"wt-post-title \">\r\n\t\t\t\t\t\t\t\t\t\t\t\t<h4 class=\"post-title\"><a href=\"https:\/\/www.arsan.com\/tr\/4-kopruler-ve-viyadukler-sempozyumu\/\">4. K\u00f6pr\u00fcler ve Viyad\u00fckler Sempozyumu<\/a><\/h4>\r\n\t\t\t\t\t\t\t\t\t\t\t\t<p>K\u00f6pr\u00fclerde kullan\u0131lan kur\u015fun \u00e7ekirdekli kau\u00e7uk izolat\u00f6rler i\u00e7in CE sertifikaland\u0131r\u0131lmas\u0131 ve \u00fcretim kontrol de\u011ferlendirmesi<\/p>\r\n\t\t\t\t\t\t\t\t\t\t\t<\/div>\r\n\t\t\t\t\t\t\t\t\t\t\t<div class=\"wt-post-readmore \">\r\n\t\t\t\t\t\t\t\t\t\t\t\t<a href=\"https:\/\/www.arsan.com\/tr\/4-kopruler-ve-viyadukler-sempozyumu\/\" class=\"site-button-link black\">Read More<\/a>\r\n\t\t\t\t\t\t\t\t\t\t\t<\/div>                                        \r\n\t\t\t\t\t\t\t\t\t\t<\/div>                                \r\n\t\t\t\t\t\t\t\t\t<\/div>\r\n\t\t\t\t\t\t\t\t<\/div>\r\n\t\t\t\t\t\t\t\t\t\t\t\t\t\t<\/div>\r\n\t\t\t\t\t\t\t\t\t\t\t<\/div>\r\n\t\t\t\t<\/div>\r\n\t\t\t<\/div>\r\n\t\t\t\t\t\t\t<\/div>\n\t\t\t\t<\/div>\n\t\t\t\t\t<\/div>\n\t\t<\/div>\n\t\t\t\t\t<\/div>\n\t\t<\/section>\n\t\t\t\t<\/div>\n\t\t","protected":false},"excerpt":{"rendered":"","protected":false},"author":2,"featured_media":0,"parent":0,"menu_order":0,"comment_status":"closed","ping_status":"closed","template":"","meta":{"footnotes":""},"class_list":["post-1186","page","type-page","status-publish","hentry"],"aioseo_notices":[],"_links":{"self":[{"href":"https:\/\/www.arsan.com\/tr\/wp-json\/wp\/v2\/pages\/1186","targetHints":{"allow":["GET"]}}],"collection":[{"href":"https:\/\/www.arsan.com\/tr\/wp-json\/wp\/v2\/pages"}],"about":[{"href":"https:\/\/www.arsan.com\/tr\/wp-json\/wp\/v2\/types\/page"}],"author":[{"embeddable":true,"href":"https:\/\/www.arsan.com\/tr\/wp-json\/wp\/v2\/users\/2"}],"replies":[{"embeddable":true,"href":"https:\/\/www.arsan.com\/tr\/wp-json\/wp\/v2\/comments?post=1186"}],"version-history":[{"count":0,"href":"https:\/\/www.arsan.com\/tr\/wp-json\/wp\/v2\/pages\/1186\/revisions"}],"wp:attachment":[{"href":"https:\/\/www.arsan.com\/tr\/wp-json\/wp\/v2\/media?parent=1186"}],"curies":[{"name":"wp","href":"https:\/\/api.w.org\/{rel}","templated":true}]}}