{"id":1137,"date":"2020-10-07T18:04:10","date_gmt":"2020-10-07T15:04:10","guid":{"rendered":"https:\/\/www.arsan.com\/?page_id=1137"},"modified":"2023-06-14T10:46:26","modified_gmt":"2023-06-14T07:46:26","slug":"conta-tasarimi","status":"publish","type":"page","link":"https:\/\/www.arsan.com\/tr\/hizmetlerimiz\/conta-tasarimi\/","title":{"rendered":"Conta Tasar\u0131m\u0131"},"content":{"rendered":"\t\t<div data-elementor-type=\"wp-page\" data-elementor-id=\"1137\" class=\"elementor elementor-1137\" data-elementor-post-type=\"page\">\n\t\t\t\t\t\t<section class=\"elementor-section elementor-top-section elementor-element elementor-element-5815ff6d elementor-section-boxed elementor-section-height-default elementor-section-height-default\" data-id=\"5815ff6d\" data-element_type=\"section\" data-e-type=\"section\">\n\t\t\t\t\t\t<div class=\"elementor-container elementor-column-gap-default\">\n\t\t\t\t\t<div class=\"elementor-column elementor-col-33 elementor-top-column elementor-element elementor-element-f901f28\" data-id=\"f901f28\" data-element_type=\"column\" data-e-type=\"column\" data-settings=\"{&quot;background_background&quot;:&quot;gradient&quot;}\">\n\t\t\t<div class=\"elementor-widget-wrap elementor-element-populated\">\n\t\t\t\t\t\t<div class=\"elementor-element elementor-element-1b6fc926 elementor-widget elementor-widget-text-editor\" data-id=\"1b6fc926\" data-element_type=\"widget\" data-e-type=\"widget\" data-widget_type=\"text-editor.default\">\n\t\t\t\t<div class=\"elementor-widget-container\">\n\t\t\t\t\t\t\t\t\t<p><span style=\"color: #ff671d;\">Hizmetlerimiz<\/span><\/p>\t\t\t\t\t\t\t\t<\/div>\n\t\t\t\t<\/div>\n\t\t\t\t<div class=\"elementor-element elementor-element-125ddd53 elementor-widget elementor-widget-text-editor\" data-id=\"125ddd53\" data-element_type=\"widget\" data-e-type=\"widget\" data-widget_type=\"text-editor.default\">\n\t\t\t\t<div class=\"elementor-widget-container\">\n\t\t\t\t\t\t\t\t\t<ul><li><a href=\"https:\/\/www.arsan.com\/hizmetlerimiz\/yapi-sagligi-izleme\/\"><span style=\"color: #ffffff;\">Yap\u0131 Sa\u011fl\u0131\u011f\u0131 \u0130zleme<\/span><\/a><\/li><li><a href=\"https:\/\/www.arsan.com\/hizmetlerimiz\/yapisal-ve-sismik-mesnet-dizayni\/\"><span style=\"color: #ffffff;\">Yap\u0131sal ve Sismik Mesnet Dizayn\u0131<\/span><\/a><\/li><li><a href=\"https:\/\/www.arsan.com\/hizmetlerimiz\/genlesme-derzi-montaji-ve-degisimi\/\"><span style=\"color: #ffffff;\">Genle\u015fme Derzi Montaji ve De\u011f.<\/span><\/a><\/li><li><a href=\"https:\/\/www.arsan.com\/hizmetlerimiz\/kopru-ve-bina-mesnet-montaji-ve-degisimi\/\"><span style=\"color: #ffffff;\">K\u00f6pr\u00fc ve Bina Mesnet Montaj\u0131 ve De\u011f.<\/span><\/a><\/li><li><a href=\"https:\/\/www.arsan.com\/hizmetlerimiz\/conta-tasarimi\/\"><span style=\"color: #ffffff;\"><span style=\"caret-color: #ffffff;\">Conta Tasar\u0131m\u0131<\/span><\/span><\/a><\/li><li><a href=\"https:\/\/www.arsan.com\/hizmetlerimiz\/testler\/\"><span style=\"color: #ffffff;\">Testler<\/span><\/a><\/li><\/ul><ul><li style=\"list-style-type: none;\">\u00a0<\/li><\/ul><ul><li style=\"list-style-type: none;\">\u00a0<\/li><\/ul>\t\t\t\t\t\t\t\t<\/div>\n\t\t\t\t<\/div>\n\t\t\t\t\t<\/div>\n\t\t<\/div>\n\t\t\t\t<div class=\"elementor-column elementor-col-66 elementor-top-column elementor-element elementor-element-1f3274e3\" data-id=\"1f3274e3\" data-element_type=\"column\" data-e-type=\"column\">\n\t\t\t<div class=\"elementor-widget-wrap elementor-element-populated\">\n\t\t\t\t\t\t<div class=\"elementor-element elementor-element-447ba842 elementor-widget elementor-widget-image\" data-id=\"447ba842\" data-element_type=\"widget\" data-e-type=\"widget\" data-widget_type=\"image.default\">\n\t\t\t\t<div class=\"elementor-widget-container\">\n\t\t\t\t\t\t\t\t\t\t\t\t\t\t\t<img fetchpriority=\"high\" decoding=\"async\" width=\"1100\" height=\"300\" src=\"https:\/\/www.arsan.com\/wp-content\/uploads\/2022\/12\/conta-tasarimi-1.jpg\" class=\"attachment-full size-full wp-image-4298\" alt=\"\" srcset=\"https:\/\/www.arsan.com\/wp-content\/uploads\/2022\/12\/conta-tasarimi-1.jpg 1100w, https:\/\/www.arsan.com\/wp-content\/uploads\/2022\/12\/conta-tasarimi-1-300x82.jpg 300w, https:\/\/www.arsan.com\/wp-content\/uploads\/2022\/12\/conta-tasarimi-1-1024x279.jpg 1024w, https:\/\/www.arsan.com\/wp-content\/uploads\/2022\/12\/conta-tasarimi-1-768x209.jpg 768w, https:\/\/www.arsan.com\/wp-content\/uploads\/2022\/12\/conta-tasarimi-1-18x5.jpg 18w\" sizes=\"(max-width: 1100px) 100vw, 1100px\" \/>\t\t\t\t\t\t\t\t\t\t\t\t\t\t\t<\/div>\n\t\t\t\t<\/div>\n\t\t\t\t<div class=\"elementor-element elementor-element-65d99102 elementor-widget elementor-widget-text-editor\" data-id=\"65d99102\" data-element_type=\"widget\" data-e-type=\"widget\" data-widget_type=\"text-editor.default\">\n\t\t\t\t<div class=\"elementor-widget-container\">\n\t\t\t\t\t\t\t\t\t<h3>Segment Contas\u0131 Analiz S\u00fcreci<\/h3>\nM\u00fc\u015fterilerden gelen teknik \u015fartnameye g\u00f6re en uygun conta modeli Autocad, NX 8.5 gibi tasar\u0131m programlar\u0131 kullan\u0131larak \u00a0bilgisayar ortam\u0131nda olu\u015fturulur.\n\nM\u00fc\u015fterilerin beklentilerini zaman\u0131nda ve h\u0131zl\u0131 bir \u015fekilde kar\u015f\u0131lamak i\u00e7in, sim\u00fclasyon programlar\u0131 kullan\u0131l\u0131r. Tasarlanan contan\u0131n t\u00fcnele montaj\u0131 ger\u00e7ekle\u015ftikten sonra istenilen \u00f6zellikleri kar\u015f\u0131lad\u0131\u011f\u0131n\u0131 g\u00f6rmek i\u00e7in\u00a0 bilgisayar ortam\u0131nda sim\u00fclasyon program\u0131 yard\u0131m\u0131yla \u00a0analizleri yap\u0131l\u0131r.\n\nSegment contas\u0131 tunel bloklara ba\u011fland\u0131\u011f\u0131nda olu\u015fan kesit g\u00f6r\u00fcnt\u00fcs\u00fc Autocad ve NX 8.5 programlar\u0131 yard\u0131m\u0131yla olu\u015fturulur. Sonlu eleman y\u00f6ntemi mant\u0131\u011f\u0131 ile \u00e7al\u0131\u015fan sim\u00fclasyon program\u0131nda ger\u00e7e\u011fe yak\u0131n bir analiz yapmak i\u00e7in\u00a0 yap\u0131n\u0131n uygun eleman boyutlar\u0131na ayr\u0131lmas\u0131 ve stabilizasyon ayarlamalar\u0131n\u0131n modele uygun olarak yap\u0131lmas\u0131 gerekmektedir.\n\nUygun stabilizasyon ve eleman boyutlar\u0131 ayarland\u0131ktan sonra contan\u0131n ger\u00e7ekte maruz kalaca\u011f\u0131 \u00e7evresel \u015fartlar g\u00f6z \u00f6n\u00fcnde bulundurularak senaryo olu\u015fturulur. B\u00fct\u00fcn bu veriler girildikten sonra olu\u015fturdu\u011fumuz model \u00e7\u00f6zd\u00fcr\u00fcl\u00fcr. \u00c7\u00f6z\u00fcm s\u00fcresi olu\u015fturulan modele g\u00f6re farkl\u0131l\u0131k g\u00f6stermekle beraber, yakla\u015f\u0131k 15 saat s\u00fcren \u00e7\u00f6z\u00fcmden sonra sonu\u00e7lar detayl\u0131 olarak incelenir.\u00a0\n\nAnalizlerden ge\u00e7en Arsan Kau\u00e7uk segment contas\u0131 test edilmek \u00fczere \u00fcretilir.\n\nPrototipi \u00fcretilen contaya\u00a0 Arsan Kau\u00e7uk b\u00fcnyesinde bulunan laboratuvar\u0131m\u0131zda gerilim gev\u015feme, kuvvet deplasman ve s\u0131zd\u0131rmazl\u0131k testleri uygulan\u0131r. Prototip \u00fcr\u00fcn\u00fcn test sonu\u00e7lar\u0131 bilgisayar ortam\u0131nda olu\u015fturulan analizlerin test sonu\u00e7lar\u0131 ile kar\u015f\u0131la\u015ft\u0131r\u0131l\u0131r. Yap\u0131lan de\u011ferlendirmeler neticesinde sonu\u00e7lar\u0131n do\u011frulu\u011fu onaylan\u0131r.\n\nTestlerden ge\u00e7en Arsan Kau\u00e7uk segment contas\u0131, yap\u0131lan test sonu\u00e7lar\u0131 ile birlikte m\u00fc\u015fteriye sunulur. M\u00fc\u015fteri onay\u0131 al\u0131n\u0131r ve s\u00fcre\u00e7 tamamlan\u0131r.\t\t\t\t\t\t\t\t<\/div>\n\t\t\t\t<\/div>\n\t\t\t\t\t<\/div>\n\t\t<\/div>\n\t\t\t\t\t<\/div>\n\t\t<\/section>\n\t\t\t\t<\/div>\n\t\t","protected":false},"excerpt":{"rendered":"<p>Hizmetlerimiz Yap\u0131 Sa\u011fl\u0131\u011f\u0131 \u0130zleme Yap\u0131sal ve Sismik Mesnet Dizayn\u0131 Genle\u015fme Derzi Montaji ve De\u011f. K\u00f6pr\u00fc ve Bina Mesnet Montaj\u0131 ve De\u011f. Conta Tasar\u0131m\u0131 Testler \u00a0 \u00a0 Segment Contas\u0131 Analiz S\u00fcreci M\u00fc\u015fterilerden gelen teknik \u015fartnameye g\u00f6re en uygun conta modeli Autocad, NX 8.5 gibi tasar\u0131m programlar\u0131 kullan\u0131larak \u00a0bilgisayar ortam\u0131nda olu\u015fturulur. M\u00fc\u015fterilerin beklentilerini zaman\u0131nda ve h\u0131zl\u0131 bir [&hellip;]<\/p>\n","protected":false},"author":2,"featured_media":0,"parent":221,"menu_order":0,"comment_status":"closed","ping_status":"closed","template":"","meta":{"footnotes":""},"class_list":["post-1137","page","type-page","status-publish","hentry"],"aioseo_notices":[],"_links":{"self":[{"href":"https:\/\/www.arsan.com\/tr\/wp-json\/wp\/v2\/pages\/1137","targetHints":{"allow":["GET"]}}],"collection":[{"href":"https:\/\/www.arsan.com\/tr\/wp-json\/wp\/v2\/pages"}],"about":[{"href":"https:\/\/www.arsan.com\/tr\/wp-json\/wp\/v2\/types\/page"}],"author":[{"embeddable":true,"href":"https:\/\/www.arsan.com\/tr\/wp-json\/wp\/v2\/users\/2"}],"replies":[{"embeddable":true,"href":"https:\/\/www.arsan.com\/tr\/wp-json\/wp\/v2\/comments?post=1137"}],"version-history":[{"count":0,"href":"https:\/\/www.arsan.com\/tr\/wp-json\/wp\/v2\/pages\/1137\/revisions"}],"up":[{"embeddable":true,"href":"https:\/\/www.arsan.com\/tr\/wp-json\/wp\/v2\/pages\/221"}],"wp:attachment":[{"href":"https:\/\/www.arsan.com\/tr\/wp-json\/wp\/v2\/media?parent=1137"}],"curies":[{"name":"wp","href":"https:\/\/api.w.org\/{rel}","templated":true}]}}