{"id":1132,"date":"2020-10-07T18:03:18","date_gmt":"2020-10-07T15:03:18","guid":{"rendered":"https:\/\/www.arsan.com\/?page_id=1132"},"modified":"2022-12-23T08:52:27","modified_gmt":"2022-12-23T05:52:27","slug":"kopru-ve-bina-mesnet-montaji-ve-degisimi","status":"publish","type":"page","link":"https:\/\/www.arsan.com\/tr\/hizmetlerimiz\/kopru-ve-bina-mesnet-montaji-ve-degisimi\/","title":{"rendered":"K\u00f6pr\u00fc ve Bina Mesnet Montaj\u0131 ve De\u011fi\u015fimi"},"content":{"rendered":"\t\t<div data-elementor-type=\"wp-page\" data-elementor-id=\"1132\" class=\"elementor elementor-1132\" data-elementor-post-type=\"page\">\n\t\t\t\t\t\t<section class=\"elementor-section elementor-top-section elementor-element elementor-element-58a01123 elementor-section-boxed elementor-section-height-default elementor-section-height-default\" data-id=\"58a01123\" data-element_type=\"section\" data-e-type=\"section\">\n\t\t\t\t\t\t<div class=\"elementor-container elementor-column-gap-default\">\n\t\t\t\t\t<div class=\"elementor-column elementor-col-33 elementor-top-column elementor-element elementor-element-75dea8fd\" data-id=\"75dea8fd\" data-element_type=\"column\" data-e-type=\"column\" data-settings=\"{&quot;background_background&quot;:&quot;gradient&quot;}\">\n\t\t\t<div class=\"elementor-widget-wrap elementor-element-populated\">\n\t\t\t\t\t\t<div class=\"elementor-element elementor-element-593341c elementor-widget elementor-widget-text-editor\" data-id=\"593341c\" data-element_type=\"widget\" data-e-type=\"widget\" data-widget_type=\"text-editor.default\">\n\t\t\t\t<div class=\"elementor-widget-container\">\n\t\t\t\t\t\t\t\t\t<p><span style=\"color: #ff671d;\">Hizmetlerimiz<\/span><\/p>\t\t\t\t\t\t\t\t<\/div>\n\t\t\t\t<\/div>\n\t\t\t\t<div class=\"elementor-element elementor-element-172df682 elementor-widget elementor-widget-text-editor\" data-id=\"172df682\" data-element_type=\"widget\" data-e-type=\"widget\" data-widget_type=\"text-editor.default\">\n\t\t\t\t<div class=\"elementor-widget-container\">\n\t\t\t\t\t\t\t\t\t<ul><li><a href=\"https:\/\/www.arsan.com\/hizmetlerimiz\/yapi-sagligi-izleme\/\"><span style=\"color: #ffffff;\">Yap\u0131 Sa\u011fl\u0131\u011f\u0131 \u0130zleme<\/span><\/a><\/li><li><a href=\"https:\/\/www.arsan.com\/hizmetlerimiz\/yapisal-ve-sismik-mesnet-dizayni\/\"><span style=\"color: #ffffff;\">Yap\u0131sal ve Sismik Mesnet Dizayn\u0131<\/span><\/a><\/li><li><a href=\"https:\/\/www.arsan.com\/hizmetlerimiz\/genlesme-derzi-montaji-ve-degisimi\/\"><span style=\"color: #ffffff;\">Genle\u015fme Derzi Montaji ve De\u011f.<\/span><\/a><\/li><li><a href=\"https:\/\/www.arsan.com\/hizmetlerimiz\/kopru-ve-bina-mesnet-montaji-ve-degisimi\/\"><span style=\"color: #ffffff;\">K\u00f6pr\u00fc ve Bina Mesnet Montaj\u0131 ve De\u011f.<\/span><\/a><\/li><li><a href=\"https:\/\/www.arsan.com\/hizmetlerimiz\/conta-tasarimi\/\"><span style=\"color: #ffffff;\"><span style=\"caret-color: #ffffff;\">Conta Tasar\u0131m\u0131<\/span><\/span><\/a><\/li><li><a href=\"https:\/\/www.arsan.com\/hizmetlerimiz\/testler\/\"><span style=\"color: #ffffff;\">Testler<\/span><\/a><\/li><\/ul><ul><li style=\"list-style-type: none;\">\u00a0<\/li><\/ul><ul><li style=\"list-style-type: none;\">\u00a0<\/li><\/ul>\t\t\t\t\t\t\t\t<\/div>\n\t\t\t\t<\/div>\n\t\t\t\t\t<\/div>\n\t\t<\/div>\n\t\t\t\t<div class=\"elementor-column elementor-col-66 elementor-top-column elementor-element elementor-element-702ec464\" data-id=\"702ec464\" data-element_type=\"column\" data-e-type=\"column\">\n\t\t\t<div class=\"elementor-widget-wrap elementor-element-populated\">\n\t\t\t\t\t\t<div class=\"elementor-element elementor-element-2a100bf0 elementor-widget elementor-widget-image\" data-id=\"2a100bf0\" data-element_type=\"widget\" data-e-type=\"widget\" data-widget_type=\"image.default\">\n\t\t\t\t<div class=\"elementor-widget-container\">\n\t\t\t\t\t\t\t\t\t\t\t\t\t\t\t<img fetchpriority=\"high\" decoding=\"async\" width=\"1100\" height=\"300\" src=\"https:\/\/www.arsan.com\/wp-content\/uploads\/2022\/12\/kopru-ve-bina-mesnet-montaji-ve-degisimi-1.jpg\" class=\"attachment-full size-full wp-image-4294\" alt=\"\" srcset=\"https:\/\/www.arsan.com\/wp-content\/uploads\/2022\/12\/kopru-ve-bina-mesnet-montaji-ve-degisimi-1.jpg 1100w, https:\/\/www.arsan.com\/wp-content\/uploads\/2022\/12\/kopru-ve-bina-mesnet-montaji-ve-degisimi-1-300x82.jpg 300w, https:\/\/www.arsan.com\/wp-content\/uploads\/2022\/12\/kopru-ve-bina-mesnet-montaji-ve-degisimi-1-1024x279.jpg 1024w, https:\/\/www.arsan.com\/wp-content\/uploads\/2022\/12\/kopru-ve-bina-mesnet-montaji-ve-degisimi-1-768x209.jpg 768w, https:\/\/www.arsan.com\/wp-content\/uploads\/2022\/12\/kopru-ve-bina-mesnet-montaji-ve-degisimi-1-18x5.jpg 18w\" sizes=\"(max-width: 1100px) 100vw, 1100px\" \/>\t\t\t\t\t\t\t\t\t\t\t\t\t\t\t<\/div>\n\t\t\t\t<\/div>\n\t\t\t\t<div class=\"elementor-element elementor-element-4954fad3 elementor-widget elementor-widget-text-editor\" data-id=\"4954fad3\" data-element_type=\"widget\" data-e-type=\"widget\" data-widget_type=\"text-editor.default\">\n\t\t\t\t<div class=\"elementor-widget-container\">\n\t\t\t\t\t\t\t\t\t<p>ARSAN 60 y\u0131ll\u0131k tecr\u00fcbesi ile EN ve AASHTO standartlar\u0131na uygun Elastomerik Mesnet, Pot Mesnet, K\u00fcresel Mesnet ve Sismik \u0130zolat\u00f6r tasar\u0131m\u0131 ve \u00fcretimi yapmaktad\u0131r. Bu \u00fcretim ve tasar\u0131m\u0131n bir gereklili\u011fi ve m\u00fc\u015fterilerimize en uygun \u00e7\u00f6z\u00fcm bulmak ad\u0131na Arsan mesnet montaj ve de\u011fi\u015fim hizmeti sa\u011flamaktad\u0131r.<br \/>Konusunda uzman m\u00fchendislerimizin ve ekibimizin projelendirmesiyle yap\u0131lan mesnet montaj ve de\u011fi\u015fimi ARSAN garantisi alt\u0131ndad\u0131r.<\/p>\t\t\t\t\t\t\t\t<\/div>\n\t\t\t\t<\/div>\n\t\t\t\t\t<\/div>\n\t\t<\/div>\n\t\t\t\t\t<\/div>\n\t\t<\/section>\n\t\t\t\t<\/div>\n\t\t","protected":false},"excerpt":{"rendered":"<p>Hizmetlerimiz Yap\u0131 Sa\u011fl\u0131\u011f\u0131 \u0130zleme Yap\u0131sal ve Sismik Mesnet Dizayn\u0131 Genle\u015fme Derzi Montaji ve De\u011f. K\u00f6pr\u00fc ve Bina Mesnet Montaj\u0131 ve De\u011f. Conta Tasar\u0131m\u0131 Testler \u00a0 \u00a0 ARSAN 60 y\u0131ll\u0131k tecr\u00fcbesi ile EN ve AASHTO standartlar\u0131na uygun Elastomerik Mesnet, Pot Mesnet, K\u00fcresel Mesnet ve Sismik \u0130zolat\u00f6r tasar\u0131m\u0131 ve \u00fcretimi yapmaktad\u0131r. Bu \u00fcretim ve tasar\u0131m\u0131n bir gereklili\u011fi [&hellip;]<\/p>\n","protected":false},"author":2,"featured_media":0,"parent":221,"menu_order":0,"comment_status":"closed","ping_status":"closed","template":"","meta":{"footnotes":""},"class_list":["post-1132","page","type-page","status-publish","hentry"],"aioseo_notices":[],"_links":{"self":[{"href":"https:\/\/www.arsan.com\/tr\/wp-json\/wp\/v2\/pages\/1132","targetHints":{"allow":["GET"]}}],"collection":[{"href":"https:\/\/www.arsan.com\/tr\/wp-json\/wp\/v2\/pages"}],"about":[{"href":"https:\/\/www.arsan.com\/tr\/wp-json\/wp\/v2\/types\/page"}],"author":[{"embeddable":true,"href":"https:\/\/www.arsan.com\/tr\/wp-json\/wp\/v2\/users\/2"}],"replies":[{"embeddable":true,"href":"https:\/\/www.arsan.com\/tr\/wp-json\/wp\/v2\/comments?post=1132"}],"version-history":[{"count":0,"href":"https:\/\/www.arsan.com\/tr\/wp-json\/wp\/v2\/pages\/1132\/revisions"}],"up":[{"embeddable":true,"href":"https:\/\/www.arsan.com\/tr\/wp-json\/wp\/v2\/pages\/221"}],"wp:attachment":[{"href":"https:\/\/www.arsan.com\/tr\/wp-json\/wp\/v2\/media?parent=1132"}],"curies":[{"name":"wp","href":"https:\/\/api.w.org\/{rel}","templated":true}]}}