{"id":1080,"date":"2020-10-07T14:58:39","date_gmt":"2020-10-07T11:58:39","guid":{"rendered":"https:\/\/www.arsan.com\/?page_id=1080"},"modified":"2023-06-14T10:46:51","modified_gmt":"2023-06-14T07:46:51","slug":"yapi-sagligi-izleme","status":"publish","type":"page","link":"https:\/\/www.arsan.com\/tr\/hizmetlerimiz\/yapi-sagligi-izleme\/","title":{"rendered":"Yap\u0131 Sa\u011fl\u0131\u011f\u0131 \u0130zleme"},"content":{"rendered":"\t\t<div data-elementor-type=\"wp-page\" data-elementor-id=\"1080\" class=\"elementor elementor-1080\" data-elementor-post-type=\"page\">\n\t\t\t\t\t\t<section class=\"elementor-section elementor-top-section elementor-element elementor-element-7e02ee1 elementor-section-boxed elementor-section-height-default elementor-section-height-default\" data-id=\"7e02ee1\" data-element_type=\"section\" data-e-type=\"section\">\n\t\t\t\t\t\t<div class=\"elementor-container elementor-column-gap-default\">\n\t\t\t\t\t<div class=\"elementor-column elementor-col-33 elementor-top-column elementor-element elementor-element-b137573\" data-id=\"b137573\" data-element_type=\"column\" data-e-type=\"column\" data-settings=\"{&quot;background_background&quot;:&quot;gradient&quot;}\">\n\t\t\t<div class=\"elementor-widget-wrap elementor-element-populated\">\n\t\t\t\t\t\t<div class=\"elementor-element elementor-element-86f1ae4 elementor-widget elementor-widget-text-editor\" data-id=\"86f1ae4\" data-element_type=\"widget\" data-e-type=\"widget\" data-widget_type=\"text-editor.default\">\n\t\t\t\t<div class=\"elementor-widget-container\">\n\t\t\t\t\t\t\t\t\t<p><span style=\"color: #ff671d;\">Hizmetlerimiz<\/span><\/p>\t\t\t\t\t\t\t\t<\/div>\n\t\t\t\t<\/div>\n\t\t\t\t<div class=\"elementor-element elementor-element-1ea7b40 elementor-widget elementor-widget-text-editor\" data-id=\"1ea7b40\" data-element_type=\"widget\" data-e-type=\"widget\" data-widget_type=\"text-editor.default\">\n\t\t\t\t<div class=\"elementor-widget-container\">\n\t\t\t\t\t\t\t\t\t<ul><li><a href=\"https:\/\/www.arsan.com\/hizmetlerimiz\/yapi-sagligi-izleme\/\"><span style=\"color: #ffffff;\">Yap\u0131 Sa\u011fl\u0131\u011f\u0131 \u0130zleme<\/span><\/a><\/li><li><a href=\"https:\/\/www.arsan.com\/hizmetlerimiz\/yapisal-ve-sismik-mesnet-dizayni\/\"><span style=\"color: #ffffff;\">Yap\u0131sal ve Sismik Mesnet Dizayn\u0131<\/span><\/a><\/li><li><a href=\"https:\/\/www.arsan.com\/hizmetlerimiz\/genlesme-derzi-montaji-ve-degisimi\/\"><span style=\"color: #ffffff;\">Genle\u015fme Derzi Montaji ve De\u011f.<\/span><\/a><\/li><li><a href=\"https:\/\/www.arsan.com\/hizmetlerimiz\/kopru-ve-bina-mesnet-montaji-ve-degisimi\/\"><span style=\"color: #ffffff;\">K\u00f6pr\u00fc ve Bina Mesnet Montaj\u0131 ve De\u011f.<\/span><\/a><\/li><li><a href=\"https:\/\/www.arsan.com\/hizmetlerimiz\/conta-tasarimi\/\"><span style=\"color: #ffffff;\"><span style=\"caret-color: #ffffff;\">Conta Tasar\u0131m\u0131<\/span><\/span><\/a><\/li><li><a href=\"https:\/\/www.arsan.com\/hizmetlerimiz\/testler\/\"><span style=\"color: #ffffff;\">Testler<\/span><\/a><\/li><\/ul><ul><li style=\"list-style-type: none;\">\u00a0<\/li><\/ul><ul><li style=\"list-style-type: none;\">\u00a0<\/li><\/ul>\t\t\t\t\t\t\t\t<\/div>\n\t\t\t\t<\/div>\n\t\t\t\t\t<\/div>\n\t\t<\/div>\n\t\t\t\t<div class=\"elementor-column elementor-col-66 elementor-top-column elementor-element elementor-element-4f1830f\" data-id=\"4f1830f\" data-element_type=\"column\" data-e-type=\"column\">\n\t\t\t<div class=\"elementor-widget-wrap elementor-element-populated\">\n\t\t\t\t\t\t<div class=\"elementor-element elementor-element-184baf9 elementor-widget elementor-widget-image\" data-id=\"184baf9\" data-element_type=\"widget\" data-e-type=\"widget\" data-widget_type=\"image.default\">\n\t\t\t\t<div class=\"elementor-widget-container\">\n\t\t\t\t\t\t\t\t\t\t\t\t\t\t\t<img fetchpriority=\"high\" decoding=\"async\" width=\"1100\" height=\"300\" src=\"https:\/\/www.arsan.com\/wp-content\/uploads\/2022\/12\/yapi-sagligi-izleme-1.jpg\" class=\"attachment-full size-full wp-image-4282\" alt=\"\" srcset=\"https:\/\/www.arsan.com\/wp-content\/uploads\/2022\/12\/yapi-sagligi-izleme-1.jpg 1100w, https:\/\/www.arsan.com\/wp-content\/uploads\/2022\/12\/yapi-sagligi-izleme-1-300x82.jpg 300w, https:\/\/www.arsan.com\/wp-content\/uploads\/2022\/12\/yapi-sagligi-izleme-1-1024x279.jpg 1024w, https:\/\/www.arsan.com\/wp-content\/uploads\/2022\/12\/yapi-sagligi-izleme-1-768x209.jpg 768w, https:\/\/www.arsan.com\/wp-content\/uploads\/2022\/12\/yapi-sagligi-izleme-1-18x5.jpg 18w\" sizes=\"(max-width: 1100px) 100vw, 1100px\" \/>\t\t\t\t\t\t\t\t\t\t\t\t\t\t\t<\/div>\n\t\t\t\t<\/div>\n\t\t\t\t<div class=\"elementor-element elementor-element-17ed93da elementor-widget elementor-widget-text-editor\" data-id=\"17ed93da\" data-element_type=\"widget\" data-e-type=\"widget\" data-widget_type=\"text-editor.default\">\n\t\t\t\t<div class=\"elementor-widget-container\">\n\t\t\t\t\t\t\t\t\t<h3>Yap\u0131 Sa\u011fl\u0131\u011f\u0131 \u0130zlemesi Nedir?<\/h3><p><img decoding=\"async\" class=\"size-medium wp-image-1779 alignleft\" src=\"https:\/\/www.arsan.com\/wp-content\/uploads\/2020\/10\/IMG_207311-225x300.jpg\" alt=\"\" width=\"225\" height=\"300\" srcset=\"https:\/\/www.arsan.com\/wp-content\/uploads\/2020\/10\/IMG_207311-225x300.jpg 225w, https:\/\/www.arsan.com\/wp-content\/uploads\/2020\/10\/IMG_207311-768x1024.jpg 768w, https:\/\/www.arsan.com\/wp-content\/uploads\/2020\/10\/IMG_207311-9x12.jpg 9w, https:\/\/www.arsan.com\/wp-content\/uploads\/2020\/10\/IMG_207311.jpg 1120w\" sizes=\"(max-width: 225px) 100vw, 225px\" \/>Yap\u0131 sistemlerinde yap\u0131 sa\u011fl\u0131\u011f\u0131 izlemesi, \u00f6nemli yap\u0131sal verileri zaman\u0131nda temin ederek yap\u0131lar\u0131n korunmas\u0131n\u0131 ve \u00f6m\u00fcrlerinin artmas\u0131n\u0131 sa\u011flar.\u00a0Y\u00fcksek teknoloji \u00fcr\u00fcn\u00fc hassas sens\u00f6rler ile yap\u0131lan \u00f6l\u00e7\u00fcmler, yap\u0131lar\u0131n performanslar\u0131n\u0131n artmas\u0131 ve kullan\u0131m ko\u015fullar\u0131n\u0131n iyile\u015fmesini de beraberinde getirir.<\/p><p>Yap\u0131 sa\u011fl\u0131\u011f\u0131 izlemesi genel olarak \u015fu \u00f6nemli konularda veri sa\u011flar;<\/p><ul><li>Yap\u0131sal parametrelerin zaman i\u00e7erisindeki yava\u015f de\u011fi\u015fimleri ve yap\u0131n\u0131n dayan\u0131m, rijitlik gibi parametrelerindeki d\u00fc\u015f\u00fc\u015f,<\/li><li>Yap\u0131lar\u0131n genle\u015fme derzi, mesnetler ve izolat\u00f6rler gibi bile\u015fenlerindeki zamana ba\u011fl\u0131 bozulmalar,<\/li><li>Depremler, kuvvetli r\u00fczgarlar, patlamalar veya kazalar gibi olaylarda yap\u0131 davran\u0131\u015f\u0131.<\/li><\/ul><h3>Yap\u0131 Sa\u011fl\u0131\u011f\u0131 izlemesi nas\u0131l \u00e7al\u0131\u015f\u0131r?<\/h3><p>Yap\u0131 sa\u011fl\u0131\u011f\u0131 izlemesi, \u00f6nemli m\u00fchendislik parametrelerini ger\u00e7ek zamanl\u0131 olarak sa\u011flar. Bunlar:<\/p><ul><li>\u0130vmeler,<\/li><li>Yer de\u011fi\u015ftirmeler,<\/li><li>Nem,<\/li><li>S\u0131cakl\u0131k<\/li><\/ul><p>gibi parametrelerdir.<\/p><p>\u0130vmeler, yap\u0131lar\u0131n deprem, r\u00fczgar ve trafik gibi \u00e7e\u015fitli d\u0131\u015f etkenlere verdi\u011fi tepkileri \u00f6l\u00e7mede yararl\u0131d\u0131r. D\u00fc\u015f\u00fck genli\u011fe sahip \u00e7evresel ivme titre\u015fim \u00f6l\u00e7\u00fcmleri ise, yap\u0131da operasyonel modal analiz (OMA) y\u00f6ntemi kullan\u0131larak yap\u0131n\u0131n dinamik karakteristiklerinin belirlenmesinde kullan\u0131l\u0131r. Yap\u0131n\u0131n rijitlik veya k\u00fctle de\u011fi\u015fimleri, OMA analizlerinde hemen fark yaratacak de\u011fi\u015fiklikler oldu\u011fundan, bu \u00f6l\u00e7\u00fcmler ve analizler yap\u0131n\u0131n genel durumu hakk\u0131nda faydal\u0131 bilgiler sa\u011flar.<\/p><p>Yer de\u011fi\u015ftirme \u00f6l\u00e7\u00fcmleri yap\u0131da \u00e7atlaklar\u0131n, hareket eden par\u00e7alar\u0131n veya birle\u015fimlerin, genle\u015fme derzlerinin ve deformasyonun \u00f6nemli oldu\u011fu di\u011fer elemanlar\u0131n izlenmesinde kullan\u0131l\u0131r. Yer de\u011fi\u015ftirme \u00f6l\u00e7\u00fcmleri, hasar\u0131n tespiti ve lokalizasyonunda en iyi veriyi sa\u011flar.<\/p><p>Yap\u0131lar, s\u0131cakl\u0131k ve nem de\u011fi\u015fimlerinden etkilenirler. Bu de\u011fi\u015fimler, \u00f6zellikle yap\u0131lar\u0131n uzun s\u00fcreli izlemelerinde paralel bir veri olarak da kullan\u0131lmal\u0131 ve di\u011fer m\u00fchendislik \u00f6l\u00e7\u00fcmleri ile beraber de\u011ferlendirilmelidir.<\/p><h3>Hizmetlerimiz<\/h3><p>Arsan olarak yap\u0131 sa\u011fl\u0131\u011f\u0131 izleme alan\u0131ndaki hizmetlerimiz, geni\u015f bir uygulama alan\u0131n\u0131 kapsamaktad\u0131r. Bu hizmet, Arsan m\u00fchendisleri ve bu alanda uzman dan\u0131\u015fmanlar e\u015fli\u011finde yap\u0131lmaktad\u0131r. Tek seferlik \u00f6l\u00e7\u00fcmler ile yap\u0131n\u0131n anl\u0131k durumunun tespiti yap\u0131labildi\u011fi gibi, uzun s\u00fcreli izleme sistemleri ile yap\u0131 sa\u011fl\u0131\u011f\u0131n\u0131 s\u00fcrekli ve d\u00fczenli olarak takip etmek de m\u00fcmk\u00fcnd\u00fcr.<\/p><p>Tek seferlik izlemelerde ;<\/p><ul><li>Operasyonel modal analiz (OMA),<\/li><li>Mevcut durum tespiti,<\/li><li>Tasar\u0131m\u0131n kontrol\u00fc gibi konularda veri sa\u011flayabilir.<\/li><\/ul><p><strong>Uzun s\u00fcreli izlemelerde ise ;<\/strong><\/p><ul><li>\u00c7atlak kontrol\u00fc,<\/li><li>Yer de\u011fi\u015ftirme kontrol\u00fc (Genle\u015fme derzleri, mesnetler, s\u00f6n\u00fcmleyiciler, izolat\u00f6rler v.s.),<\/li><li>Zay\u0131f ve kuvvetli yer hareketi izlemesi,<\/li><li>K\u00fc\u00e7\u00fck veya orta \u00f6l\u00e7ekli depremlerden sonra zorlamal\u0131 titre\u015fim analizleri ve tasar\u0131m\u0131n kontrol\u00fc,<\/li><li>Yap\u0131n\u0131n durumu hakk\u0131nda d\u00fczenli raporlama gibi konularda veri sa\u011flayabilir.<\/li><\/ul><p><img decoding=\"async\" class=\"alignnone size-full wp-image-1071\" src=\"https:\/\/www.arsan.com\/wp-content\/uploads\/2020\/04\/catlak-izleme.jpg\" alt=\"\" width=\"800\" height=\"600\" srcset=\"https:\/\/www.arsan.com\/wp-content\/uploads\/2020\/04\/catlak-izleme.jpg 800w, https:\/\/www.arsan.com\/wp-content\/uploads\/2020\/04\/catlak-izleme-300x225.jpg 300w, https:\/\/www.arsan.com\/wp-content\/uploads\/2020\/04\/catlak-izleme-768x576.jpg 768w, https:\/\/www.arsan.com\/wp-content\/uploads\/2020\/04\/catlak-izleme-16x12.jpg 16w\" sizes=\"(max-width: 800px) 100vw, 800px\" \/><\/p><p><strong>1 y\u0131ldan fazla s\u00fcreli \u00f6rnek bir izleme \u00e7atlak izleme grafi\u011fi<\/strong><\/p><p><img loading=\"lazy\" decoding=\"async\" class=\"alignnone size-full wp-image-1072\" src=\"https:\/\/www.arsan.com\/wp-content\/uploads\/2020\/04\/image005.png\" alt=\"\" width=\"553\" height=\"272\" srcset=\"https:\/\/www.arsan.com\/wp-content\/uploads\/2020\/04\/image005.png 553w, https:\/\/www.arsan.com\/wp-content\/uploads\/2020\/04\/image005-300x148.png 300w, https:\/\/www.arsan.com\/wp-content\/uploads\/2020\/04\/image005-16x8.png 16w\" sizes=\"(max-width: 553px) 100vw, 553px\" \/><\/p><p><img loading=\"lazy\" decoding=\"async\" class=\"alignnone size-full wp-image-1073\" src=\"https:\/\/www.arsan.com\/wp-content\/uploads\/2020\/04\/hizmetler1.jpg\" alt=\"\" width=\"810\" height=\"209\" srcset=\"https:\/\/www.arsan.com\/wp-content\/uploads\/2020\/04\/hizmetler1.jpg 810w, https:\/\/www.arsan.com\/wp-content\/uploads\/2020\/04\/hizmetler1-300x77.jpg 300w, https:\/\/www.arsan.com\/wp-content\/uploads\/2020\/04\/hizmetler1-768x198.jpg 768w, https:\/\/www.arsan.com\/wp-content\/uploads\/2020\/04\/hizmetler1-16x4.jpg 16w\" sizes=\"(max-width: 810px) 100vw, 810px\" \/><\/p>\t\t\t\t\t\t\t\t<\/div>\n\t\t\t\t<\/div>\n\t\t\t\t\t<\/div>\n\t\t<\/div>\n\t\t\t\t\t<\/div>\n\t\t<\/section>\n\t\t\t\t<\/div>\n\t\t","protected":false},"excerpt":{"rendered":"<p>Hizmetlerimiz Yap\u0131 Sa\u011fl\u0131\u011f\u0131 \u0130zleme Yap\u0131sal ve Sismik Mesnet Dizayn\u0131 Genle\u015fme Derzi Montaji ve De\u011f. K\u00f6pr\u00fc ve Bina Mesnet Montaj\u0131 ve De\u011f. Conta Tasar\u0131m\u0131 Testler \u00a0 \u00a0 Yap\u0131 Sa\u011fl\u0131\u011f\u0131 \u0130zlemesi Nedir? Yap\u0131 sistemlerinde yap\u0131 sa\u011fl\u0131\u011f\u0131 izlemesi, \u00f6nemli yap\u0131sal verileri zaman\u0131nda temin ederek yap\u0131lar\u0131n korunmas\u0131n\u0131 ve \u00f6m\u00fcrlerinin artmas\u0131n\u0131 sa\u011flar.\u00a0Y\u00fcksek teknoloji \u00fcr\u00fcn\u00fc hassas sens\u00f6rler ile yap\u0131lan \u00f6l\u00e7\u00fcmler, yap\u0131lar\u0131n [&hellip;]<\/p>\n","protected":false},"author":2,"featured_media":0,"parent":221,"menu_order":0,"comment_status":"closed","ping_status":"closed","template":"","meta":{"footnotes":""},"class_list":["post-1080","page","type-page","status-publish","hentry"],"aioseo_notices":[],"_links":{"self":[{"href":"https:\/\/www.arsan.com\/tr\/wp-json\/wp\/v2\/pages\/1080","targetHints":{"allow":["GET"]}}],"collection":[{"href":"https:\/\/www.arsan.com\/tr\/wp-json\/wp\/v2\/pages"}],"about":[{"href":"https:\/\/www.arsan.com\/tr\/wp-json\/wp\/v2\/types\/page"}],"author":[{"embeddable":true,"href":"https:\/\/www.arsan.com\/tr\/wp-json\/wp\/v2\/users\/2"}],"replies":[{"embeddable":true,"href":"https:\/\/www.arsan.com\/tr\/wp-json\/wp\/v2\/comments?post=1080"}],"version-history":[{"count":0,"href":"https:\/\/www.arsan.com\/tr\/wp-json\/wp\/v2\/pages\/1080\/revisions"}],"up":[{"embeddable":true,"href":"https:\/\/www.arsan.com\/tr\/wp-json\/wp\/v2\/pages\/221"}],"wp:attachment":[{"href":"https:\/\/www.arsan.com\/tr\/wp-json\/wp\/v2\/media?parent=1080"}],"curies":[{"name":"wp","href":"https:\/\/api.w.org\/{rel}","templated":true}]}}