{"id":5057,"date":"2023-11-22T08:24:42","date_gmt":"2023-11-22T05:24:42","guid":{"rendered":"https:\/\/www.arsan.com\/?page_id=5057"},"modified":"2024-08-01T17:59:22","modified_gmt":"2024-08-01T14:59:22","slug":"enerji-yonetim-politikasi","status":"publish","type":"page","link":"https:\/\/www.arsan.com\/en\/enerji-yonetim-politikasi\/","title":{"rendered":"Energy Magnagement System Policy"},"content":{"rendered":"<div data-elementor-type=\"wp-page\" data-elementor-id=\"5057\" class=\"elementor elementor-5057\" data-elementor-post-type=\"page\">\n\t\t\t\t\t\t<section class=\"elementor-section elementor-top-section elementor-element elementor-element-3d7e829 elementor-section-boxed elementor-section-height-default elementor-section-height-default\" data-id=\"3d7e829\" data-element_type=\"section\" data-e-type=\"section\" data-settings=\"{&quot;background_background&quot;:&quot;classic&quot;}\">\n\t\t\t\t\t\t<div class=\"elementor-container elementor-column-gap-default\">\n\t\t\t\t\t<div class=\"elementor-column elementor-col-33 elementor-top-column elementor-element elementor-element-9ea1cec\" data-id=\"9ea1cec\" data-element_type=\"column\" data-e-type=\"column\" data-settings=\"{&quot;background_background&quot;:&quot;gradient&quot;}\">\n\t\t\t<div class=\"elementor-widget-wrap elementor-element-populated\">\n\t\t\t\t\t\t<div class=\"elementor-element elementor-element-d1ef1ce elementor-widget elementor-widget-text-editor\" data-id=\"d1ef1ce\" data-element_type=\"widget\" data-e-type=\"widget\" data-widget_type=\"text-editor.default\">\n\t\t\t\t<div class=\"elementor-widget-container\">\n\t\t\t\t\t\t\t\t\t<p><span style=\"color: #ff671d;\">Company<\/span><\/p>\t\t\t\t\t\t\t\t<\/div>\n\t\t\t\t<\/div>\n\t\t\t\t<div class=\"elementor-element elementor-element-da16df2 elementor-widget elementor-widget-text-editor\" data-id=\"da16df2\" data-element_type=\"widget\" data-e-type=\"widget\" data-widget_type=\"text-editor.default\">\n\t\t\t\t<div class=\"elementor-widget-container\">\n\t\t\t\t\t\t\t\t\t<ul><li><a href=\"https:\/\/www.arsan.com\/calistigimiz-ulkeler\/\">Countries We Work<\/a><\/li><li><a href=\"https:\/\/www.arsan.com\/hakkimizda\/\">About<\/a><\/li><li><span style=\"color: #ffffff;\">Our Policy<\/span><ul><li><a href=\"https:\/\/www.arsan.com\/kalite--politikamiz\/\">Quality Policy<\/a><\/li><li><a href=\"https:\/\/www.arsan.com\/is-guvenligi-politikamiz\/\">Occupational Health &amp; Safety Policy<\/a><\/li><li><a href=\"https:\/\/www.arsan.com\/cevre-politikamiz\/\">Enviromental Policy<\/a><\/li><li><a href=\"https:\/\/www.arsan.com\/bilgi-guvenligi-politikamiz\/\">Information Security Policy<\/a><\/li><li><a href=\"https:\/\/www.arsan.com\/tr\/enerji-yonetim-politikasi\/\">Energy Magnagement System Policy<\/a><\/li><li><a href=\"https:\/\/www.arsan.com\/sosyal-sorumluluk-politikamiz\/\">Our Social Responsibility Policy<\/a><\/li><li><a href=\"https:\/\/www.arsan.com\/tr\/eys-kapsamimiz\/\">IMS Scope<\/a><\/li><\/ul><\/li><li><a href=\"https:\/\/www.arsan.com\/sertifikalarimiz\/\">Certificates<\/a><\/li><li><a href=\"https:\/\/www.arsan.com\/fabrikamiz\/\">Facility<\/a><\/li><li><a href=\"https:\/\/www.arsan.com\/insan-kaynaklari\/\">Human Resources<\/a><\/li><li><a href=\"https:\/\/www.arsan.com\/kvkk-2\/\">KVKK<\/a><\/li><li><a href=\"https:\/\/www.arsan.com\/sirket-sicili\/\">Company Info<\/a><\/li><\/ul>\t\t\t\t\t\t\t\t<\/div>\n\t\t\t\t<\/div>\n\t\t\t\t\t<\/div>\n\t\t<\/div>\n\t\t\t\t<div class=\"elementor-column elementor-col-66 elementor-top-column elementor-element elementor-element-9ca7772\" data-id=\"9ca7772\" data-element_type=\"column\" data-e-type=\"column\">\n\t\t\t<div class=\"elementor-widget-wrap elementor-element-populated\">\n\t\t\t\t\t\t<div class=\"elementor-element elementor-element-2b45a0d elementor-widget elementor-widget-image\" data-id=\"2b45a0d\" data-element_type=\"widget\" data-e-type=\"widget\" data-widget_type=\"image.default\">\n\t\t\t\t<div class=\"elementor-widget-container\">\n\t\t\t\t\t\t\t\t\t\t\t\t\t\t\t<img fetchpriority=\"high\" decoding=\"async\" width=\"1100\" height=\"300\" src=\"https:\/\/www.arsan.com\/wp-content\/uploads\/2022\/12\/hakkimizda.jpg\" class=\"attachment-full size-full wp-image-4186\" alt=\"\" srcset=\"https:\/\/www.arsan.com\/wp-content\/uploads\/2022\/12\/hakkimizda.jpg 1100w, https:\/\/www.arsan.com\/wp-content\/uploads\/2022\/12\/hakkimizda-300x82.jpg 300w, https:\/\/www.arsan.com\/wp-content\/uploads\/2022\/12\/hakkimizda-1024x279.jpg 1024w, https:\/\/www.arsan.com\/wp-content\/uploads\/2022\/12\/hakkimizda-768x209.jpg 768w, https:\/\/www.arsan.com\/wp-content\/uploads\/2022\/12\/hakkimizda-18x5.jpg 18w\" sizes=\"(max-width: 1100px) 100vw, 1100px\" \/>\t\t\t\t\t\t\t\t\t\t\t\t\t\t\t<\/div>\n\t\t\t\t<\/div>\n\t\t\t\t<div class=\"elementor-element elementor-element-ec7aadb elementor-widget elementor-widget-heading\" data-id=\"ec7aadb\" data-element_type=\"widget\" data-e-type=\"widget\" data-widget_type=\"heading.default\">\n\t\t\t\t<div class=\"elementor-widget-container\">\n\t\t\t\t\t<h1 class=\"elementor-heading-title elementor-size-default\"><h1 data-elementor-setting-key=\"title\" data-pen-placeholder=\"Buraya yaz...\" style=\"font-weight: 600;font-size: 29px;font-family: Roboto, sans-serif;text-align: center\">Energy Magnagement System Policy\n\n<\/h1><\/h1>\t\t\t\t<\/div>\n\t\t\t\t<\/div>\n\t\t\t\t<div class=\"elementor-element elementor-element-4a6ff38 elementor-widget elementor-widget-text-editor\" data-id=\"4a6ff38\" data-element_type=\"widget\" data-e-type=\"widget\" data-widget_type=\"text-editor.default\">\n\t\t\t\t<div class=\"elementor-widget-container\">\n\t\t\t\t\t\t\t\t\t<p><span style=\"color: #525252; font-family: var( --e-global-typography-text-font-family ), Sans-serif; font-weight: var( --e-global-typography-text-font-weight );\">Yay\u0131n Tarihi 20.05.2023<\/span><\/p><p><br style=\"color: #525252;\" \/><span style=\"color: #525252;\">Revizyon Tarihi 14.12.2023<\/span><br style=\"color: #525252;\" \/><span style=\"color: #525252;\">Revizyon No 01<\/span><\/p>\t\t\t\t\t\t\t\t<\/div>\n\t\t\t\t<\/div>\n\t\t\t\t<div class=\"elementor-element elementor-element-2077212 elementor-widget elementor-widget-text-editor\" data-id=\"2077212\" data-element_type=\"widget\" data-e-type=\"widget\" data-widget_type=\"text-editor.default\">\n\t\t\t\t<div class=\"elementor-widget-container\">\n\t\t\t\t\t\t\t\t\t<p><b>ENERGY MANAGEMENT SYSTEM POLICY<\/b><br \/><b>As ARSAN KAU\u00c7UK PLAST\u0130K MAK\u0130NA SANAY\u0130\u0130 VE T\u0130CARET A.\u015e;<\/b><\/p><p>\u2022<span style=\"font-family: var( --e-global-typography-text-font-family ), Sans-serif; font-weight: var( --e-global-typography-text-font-weight );\">To set goals in accordance with the policy by our management with the participation of our employees, to take actions to achieve these goals and to provide the necessary resources,<\/span><\/p><p>\u2022<span style=\"font-family: var( --e-global-typography-text-font-family ), Sans-serif; font-weight: var( --e-global-typography-text-font-weight );\">To follow all laws and regulations related to energy and to fulfill their requirements,<\/span><\/p><p>\u2022<span style=\"font-family: var( --e-global-typography-text-font-family ), Sans-serif; font-weight: var( --e-global-typography-text-font-weight );\">To communicate effectively with all stakeholders in order to create common value and beneficial results in matters related to Energy Management,<\/span><\/p><p>\u2022<span style=\"font-family: var( --e-global-typography-text-font-family ), Sans-serif; font-weight: var( --e-global-typography-text-font-weight );\">To use appropriate resources and technologies to keep energy under control in the design and production of rubber and metal products,<\/span><\/p><p>\u2022<span style=\"font-family: var( --e-global-typography-text-font-family ), Sans-serif; font-weight: var( --e-global-typography-text-font-weight );\">To increase energy performance values including energy efficiency and intensity in all processes,<\/span><\/p><p>\u2022<span style=\"font-family: var( --e-global-typography-text-font-family ), Sans-serif; font-weight: var( --e-global-typography-text-font-weight );\">To ensure efficient use of natural resources and energy, to increase the share of renewable energy resources in energy use,<\/span><\/p><p>\u2022<span style=\"font-family: var( --e-global-typography-text-font-family ), Sans-serif; font-weight: var( --e-global-typography-text-font-weight );\">To reduce energy consumption, to make improvements for continuous improvement in energy efficiency, to monitor their implementation and results,<\/span><\/p><p>\u2022<span style=\"font-family: var( --e-global-typography-text-font-family ), Sans-serif; font-weight: var( --e-global-typography-text-font-weight );\">To use energy efficient products for the improvement of energy performance, to ensure that services are purchased and related design studies are made or supplied,<\/span><\/p><p>\u2022<span style=\"font-family: var( --e-global-typography-text-font-family ), Sans-serif; font-weight: var( --e-global-typography-text-font-weight );\">Continuously improving, documenting, announcing, reviewing and updating our Energy Management System to all units,<\/span><\/p><p>\u2022<span style=\"font-family: var( --e-global-typography-text-font-family ), Sans-serif; font-weight: var( --e-global-typography-text-font-weight );\">Contributing to raising the awareness of our suppliers, subcontractors, visitors and the local community and training all our employees on energy sensitivity,<\/span><\/p><p>\u2022<span style=\"font-family: var( --e-global-typography-text-font-family ), Sans-serif; font-weight: var( --e-global-typography-text-font-weight );\">To continue our work in line with mutual benefit, in cooperation with our stakeholders, suppliers, subcontractors and all our employees,<\/span><\/p><p>\u2022<span style=\"font-family: var( --e-global-typography-text-font-family ), Sans-serif; font-weight: var( --e-global-typography-text-font-weight );\">Our senior management is determined to provide all kinds of information and resources to achieve the goals and objectives within the scope of energy.<\/span><\/p><p><span style=\"font-family: var( --e-global-typography-text-font-family ), Sans-serif; font-weight: var( --e-global-typography-text-font-weight );\">\u00a0<\/span><\/p><p class=\"MsoNormal\">\u00a0<\/p><p><span style=\"font-family: var( --e-global-typography-text-font-family ), Sans-serif; font-weight: var( --e-global-typography-text-font-weight );\">\u00a0<\/span><\/p><p><b>General manager<\/b><\/p>\t\t\t\t\t\t\t\t<\/div>\n\t\t\t\t<\/div>\n\t\t\t\t\t<\/div>\n\t\t<\/div>\n\t\t\t\t\t<\/div>\n\t\t<\/section>\n\t\t\t\t<\/div>","protected":false},"excerpt":{"rendered":"<p>Kurumsal \u00c7al\u0131\u015ft\u0131\u011f\u0131m\u0131z \u00dclkeler Hakk\u0131m\u0131zda Politikalar\u0131m\u0131z Kalite Politikam\u0131z \u0130\u015f G\u00fcvenli\u011fi Politikam\u0131z \u00c7evre Politikam\u0131z Bilgi G\u00fcvenli\u011fi Politikam\u0131z Enerji Y\u00f6netim Sistemi Politikam\u0131z Sosyal Sorumluluk Politikam\u0131z EYS Kapsam\u0131 Sertifikalar\u0131m\u0131z Fabrikam\u0131z \u0130nsan Kaynaklar\u0131 KVKK \u015eirket Sicili Enerji Y\u00f6netim Sistemi Politikam\u0131z Yay\u0131n Tarihi 20.05.2023 Revizyon Tarihi 14.12.2023Revizyon No 01 ENERJ\u0130 Y\u00d6NET\u0130M S\u0130STEM\u0130 POL\u0130T\u0130KASIARSAN KAU\u00c7UK PLAST\u0130K MAK\u0130NA SANAY\u0130\u0130 VE T\u0130CARET A.\u015e olarak; [&hellip;]<\/p>\n","protected":false},"author":2,"featured_media":0,"parent":0,"menu_order":0,"comment_status":"closed","ping_status":"closed","template":"","meta":{"footnotes":""},"class_list":["post-5057","page","type-page","status-publish","hentry"],"aioseo_notices":[],"_links":{"self":[{"href":"https:\/\/www.arsan.com\/en\/wp-json\/wp\/v2\/pages\/5057","targetHints":{"allow":["GET"]}}],"collection":[{"href":"https:\/\/www.arsan.com\/en\/wp-json\/wp\/v2\/pages"}],"about":[{"href":"https:\/\/www.arsan.com\/en\/wp-json\/wp\/v2\/types\/page"}],"author":[{"embeddable":true,"href":"https:\/\/www.arsan.com\/en\/wp-json\/wp\/v2\/users\/2"}],"replies":[{"embeddable":true,"href":"https:\/\/www.arsan.com\/en\/wp-json\/wp\/v2\/comments?post=5057"}],"version-history":[{"count":3,"href":"https:\/\/www.arsan.com\/en\/wp-json\/wp\/v2\/pages\/5057\/revisions"}],"predecessor-version":[{"id":5513,"href":"https:\/\/www.arsan.com\/en\/wp-json\/wp\/v2\/pages\/5057\/revisions\/5513"}],"wp:attachment":[{"href":"https:\/\/www.arsan.com\/en\/wp-json\/wp\/v2\/media?parent=5057"}],"curies":[{"name":"wp","href":"https:\/\/api.w.org\/{rel}","templated":true}]}}