{"id":5042,"date":"2023-11-15T14:49:46","date_gmt":"2023-11-15T11:49:46","guid":{"rendered":"https:\/\/www.arsan.com\/?page_id=5042"},"modified":"2023-11-15T14:50:46","modified_gmt":"2023-11-15T11:50:46","slug":"tedarikcimiz-olun","status":"publish","type":"page","link":"https:\/\/www.arsan.com\/en\/tedarikcimiz-olun\/","title":{"rendered":"Be Our Supplier"},"content":{"rendered":"\t\t<div data-elementor-type=\"wp-page\" data-elementor-id=\"5042\" class=\"elementor elementor-5042\" data-elementor-post-type=\"page\">\n\t\t\t\t<div class=\"elementor-element elementor-element-0e2516c e-flex e-con-boxed e-con e-parent\" data-id=\"0e2516c\" data-element_type=\"container\" data-e-type=\"container\">\n\t\t\t\t\t<div class=\"e-con-inner\">\n\t\t\t\t<div class=\"elementor-element elementor-element-9987a01 elementor-widget elementor-widget-wpforms\" data-id=\"9987a01\" data-element_type=\"widget\" data-e-type=\"widget\" data-widget_type=\"wpforms.default\">\n\t\t\t\t<div class=\"elementor-widget-container\">\n\t\t\t\t\t<div class=\"wpforms-container wpforms-container-full\" id=\"wpforms-5023\"><form id=\"wpforms-form-5023\" class=\"wpforms-validate wpforms-form wpforms-ajax-form\" data-formid=\"5023\" method=\"post\" enctype=\"multipart\/form-data\" action=\"\/en\/wp-json\/wp\/v2\/pages\/5042\" data-token=\"6029346b2a2b1ab3c5070894bdc7accd\"><div class=\"wpforms-head-container\"><div class=\"wpforms-title\">Arsan Aday Tedarik\u00e7i Ba\u015fvuru Sayfas\u0131na Ho\u015fgeldiniz !<\/div><div class=\"wpforms-description\">L\u00fctfen Tedarik\u00e7i Kay\u0131t Sayfas\u0131n\u0131 tamamlay\u0131n\u0131z ve sizden istenilen bilgileri eksiksiz doldurunuz. Girdi\u011finiz bilgiler Arsan veri taban\u0131nda saklanacakt\u0131r. Arsan yeni tedarik\u00e7ilerini ilk olarak bu veri taban\u0131n\u0131 kullanarak bulmaya \u00e7al\u0131\u015fmaktad\u0131r Bu sayfay\u0131 tamamlad\u0131ktan sonra Arsan tedarik\u00e7isi olmak i\u00e7in ilk ad\u0131m\u0131 tamamlam\u0131\u015f olacaks\u0131n\u0131z. Arsan ile \u00e7al\u0131\u015fmak i\u00e7in g\u00f6sterdi\u011finiz ilgiye te\u015fekk\u00fcr ederiz. <\/div><\/div><noscript class=\"wpforms-error-noscript\">Please enable JavaScript in your browser to complete this form.<\/noscript><div class=\"wpforms-field-container\"><div id=\"wpforms-5023-field_20-container\" class=\"wpforms-field wpforms-field-email\" data-field-id=\"20\"><label class=\"wpforms-field-label\" for=\"wpforms-5023-field_20\">Yetkili Ki\u015fi (E-Posta)<\/label><input type=\"email\" id=\"wpforms-5023-field_20\" class=\"wpforms-field-medium\" name=\"wpforms[fields][20]\" spellcheck=\"false\" ><div class=\"wpforms-field-description\">Arsan grubu yetkili ki\u015fi bilgileri \u2013 Arsan grubunda sat\u0131nalma ekibinden ileti\u015fimde oldu\u011funuz ki\u015fi e-posta bilgisi (varsa)<\/div><\/div><div id=\"wpforms-5023-field_1-container\" class=\"wpforms-field wpforms-field-name\" data-field-id=\"1\"><label class=\"wpforms-field-label\" for=\"wpforms-5023-field_1\">\u015eirket Ad\u0131 <span class=\"wpforms-required-label\">*<\/span><\/label><input type=\"text\" id=\"wpforms-5023-field_1\" class=\"wpforms-field-medium wpforms-field-required\" name=\"wpforms[fields][1]\" required><\/div><div id=\"wpforms-5023-field_2-container\" class=\"wpforms-field wpforms-field-text\" data-field-id=\"2\"><label class=\"wpforms-field-label\" for=\"wpforms-5023-field_2\">Vergi Dairesi<\/label><input type=\"text\" id=\"wpforms-5023-field_2\" class=\"wpforms-field-medium\" name=\"wpforms[fields][2]\" ><\/div><div id=\"wpforms-5023-field_3-container\" class=\"wpforms-field wpforms-field-text\" data-field-id=\"3\"><label class=\"wpforms-field-label\" for=\"wpforms-5023-field_3\">Vergi Numaras\u0131<\/label><input type=\"text\" id=\"wpforms-5023-field_3\" class=\"wpforms-field-medium\" name=\"wpforms[fields][3]\" ><\/div><div id=\"wpforms-5023-field_4-container\" class=\"wpforms-field wpforms-field-textarea\" data-field-id=\"4\"><label class=\"wpforms-field-label\" for=\"wpforms-5023-field_4\">Ba\u011fl\u0131 Olunan Holding \/ Ana \u015eirket<\/label><textarea id=\"wpforms-5023-field_4\" class=\"wpforms-field-medium\" name=\"wpforms[fields][4]\" ><\/textarea><\/div><div id=\"wpforms-5023-field_5-container\" class=\"wpforms-field wpforms-field-phone\" data-field-id=\"5\"><label class=\"wpforms-field-label\" for=\"wpforms-5023-field_5\">Telefon No<\/label><input type=\"tel\" id=\"wpforms-5023-field_5\" class=\"wpforms-field-medium wpforms-smart-phone-field\" data-rule-smart-phone-field=\"true\" name=\"wpforms[fields][5]\" placeholder=\"+90 999 999 99 99  \" ><\/div><div id=\"wpforms-5023-field_7-container\" class=\"wpforms-field wpforms-field-text\" data-field-id=\"7\"><label class=\"wpforms-field-label\" for=\"wpforms-5023-field_7\">Fax Numaras\u0131<\/label><input type=\"text\" id=\"wpforms-5023-field_7\" class=\"wpforms-field-medium\" name=\"wpforms[fields][7]\" value=\"+90 999 99 99 \" ><\/div><div id=\"wpforms-5023-field_22-container\" class=\"wpforms-field wpforms-field-select wpforms-field-select-style-classic\" data-field-id=\"22\"><label class=\"wpforms-field-label\" for=\"wpforms-5023-field_22\">Ger\u00e7ek \/ T\u00fczel Ki\u015fi Bilgisi<\/label><select id=\"wpforms-5023-field_22\" class=\"wpforms-field-medium\" name=\"wpforms[fields][22]\"><option value=\"Ger\u00e7ek Ki\u015fi\"  selected='selected'>Ger\u00e7ek Ki\u015fi<\/option><option value=\"T\u00fczel Ki\u015fi\" >T\u00fczel Ki\u015fi<\/option><\/select><\/div><div id=\"wpforms-5023-field_23-container\" class=\"wpforms-field wpforms-field-phone\" data-field-id=\"23\"><label class=\"wpforms-field-label\" for=\"wpforms-5023-field_23\">Mobil Telefon No <span class=\"wpforms-required-label\">*<\/span><\/label><input type=\"tel\" id=\"wpforms-5023-field_23\" class=\"wpforms-field-medium wpforms-field-required wpforms-smart-phone-field\" data-rule-smart-phone-field=\"true\" name=\"wpforms[fields][23]\" required><div class=\"wpforms-field-description\">123 456 78 90<\/div><\/div><div id=\"wpforms-5023-field_24-container\" class=\"wpforms-field wpforms-field-phone\" data-field-id=\"24\"><label class=\"wpforms-field-label\" for=\"wpforms-5023-field_24\">Mobil Telefon No 2 <\/label><input type=\"tel\" id=\"wpforms-5023-field_24\" class=\"wpforms-field-medium wpforms-smart-phone-field\" data-rule-smart-phone-field=\"true\" name=\"wpforms[fields][24]\" value=\"999 123 45 67\" ><\/div><div id=\"wpforms-5023-field_28-container\" class=\"wpforms-field wpforms-field-layout\" data-field-id=\"28\"><label class=\"wpforms-field-label wpforms-label-hide\" for=\"wpforms-5023-field_28\">Yerle\u015fim<\/label><div class=\"wpforms-field-layout-columns wpforms-field-layout-preset-50-50\"><div class=\"wpforms-layout-column wpforms-layout-column-50\"><div id=\"wpforms-5023-field_25-container\" class=\"wpforms-field wpforms-field-select wpforms-field-select-style-classic\" data-field-id=\"25\"><label class=\"wpforms-field-label\" for=\"wpforms-5023-field_25\">Dil<\/label><select id=\"wpforms-5023-field_25\" class=\"wpforms-field-medium\" name=\"wpforms[fields][25]\"><option value=\"T\u00fcrk\u00e7e\" >T\u00fcrk\u00e7e<\/option><option value=\"\u0130ngilizce\" >\u0130ngilizce<\/option><option value=\"Almanca\" >Almanca<\/option><\/select><div class=\"wpforms-field-description\">Di\u011fer<\/div><\/div><\/div><div class=\"wpforms-layout-column wpforms-layout-column-50\"><div id=\"wpforms-5023-field_26-container\" class=\"wpforms-field wpforms-field-text\" data-field-id=\"26\"><label class=\"wpforms-field-label\" for=\"wpforms-5023-field_26\">Dil Di\u011fer<\/label><input type=\"text\" id=\"wpforms-5023-field_26\" class=\"wpforms-field-medium\" name=\"wpforms[fields][26]\" ><\/div><\/div><\/div><\/div><div id=\"wpforms-5023-field_29-container\" class=\"wpforms-field wpforms-field-richtext wpforms-field-medium\" data-field-id=\"29\"><label class=\"wpforms-field-label\" for=\"wpforms-5023-field_29\">Adres<\/label><div id=\"wp-wpforms-5023-field_29-wrap\" class=\"wp-core-ui wp-editor-wrap tmce-active\"><link rel='stylesheet' id='dashicons-css' href='https:\/\/www.arsan.com\/wp-includes\/css\/dashicons.min.css?ver=6.9.4' media='all' \/>\n<link rel='stylesheet' id='editor-buttons-css' href='https:\/\/www.arsan.com\/wp-includes\/css\/editor.min.css?ver=6.9.4' media='all' \/>\n<style>.wpforms-field-richtext .insert-media.add_media { display: none !important; }<\/style>\n<div id=\"wp-wpforms-5023-field_29-editor-tools\" class=\"wp-editor-tools hide-if-no-js\"><div class=\"wp-editor-tabs\"><button type=\"button\" id=\"wpforms-5023-field_29-tmce\" aria-pressed=\"true\" class=\"wp-switch-editor switch-tmce\" data-wp-editor-id=\"wpforms-5023-field_29\">Visual<\/button>\n<button type=\"button\" id=\"wpforms-5023-field_29-html\" class=\"wp-switch-editor switch-html\" data-wp-editor-id=\"wpforms-5023-field_29\">Code<\/button>\n<\/div>\n<\/div>\n<div id=\"wp-wpforms-5023-field_29-editor-container\" class=\"wp-editor-container\"><div id=\"qt_wpforms-5023-field_29_toolbar\" class=\"quicktags-toolbar hide-if-no-js\"><\/div><textarea class=\"wp-editor-area\" style=\"height: 120px\" autocomplete=\"off\" cols=\"40\" name=\"wpforms[fields][29]\" id=\"wpforms-5023-field_29\"><\/textarea><\/div>\n<\/div>\n\n<\/div><div id=\"wpforms-5023-field_33-container\" class=\"wpforms-field wpforms-field-layout\" data-field-id=\"33\"><label class=\"wpforms-field-label wpforms-label-hide\" for=\"wpforms-5023-field_33\">Yerle\u015fim<\/label><div class=\"wpforms-field-layout-columns wpforms-field-layout-preset-50-50\"><div class=\"wpforms-layout-column wpforms-layout-column-50\"><div id=\"wpforms-5023-field_32-container\" class=\"wpforms-field wpforms-field-select wpforms-field-select-style-classic\" data-field-id=\"32\"><label class=\"wpforms-field-label\" for=\"wpforms-5023-field_32\">Kategori Se\u00e7imi<\/label><select id=\"wpforms-5023-field_32\" class=\"wpforms-field-medium\" name=\"wpforms[fields][32]\"><option value=\"Direk Malzeme ve Hizmet\" >Direk Malzeme ve Hizmet<\/option><option value=\"Enerji\" >Enerji<\/option><option value=\"Endirekt Malzeme ve Hizmet\" >Endirekt Malzeme ve Hizmet<\/option><option value=\"Lojistik Nakliye ve Hizmet\" >Lojistik Nakliye ve Hizmet<\/option><option value=\"Projeli Malzeme ve Hizmet\" >Projeli Malzeme ve Hizmet<\/option><option value=\"Ticari Mallar\" >Ticari Mallar<\/option><option value=\"Yat\u0131r\u0131m\" >Yat\u0131r\u0131m<\/option><\/select><\/div><\/div><div class=\"wpforms-layout-column wpforms-layout-column-50\"><\/div><\/div><\/div><\/div><!-- .wpforms-field-container --><div class=\"wpforms-submit-container\" ><input type=\"hidden\" name=\"wpforms[id]\" value=\"5023\"><input type=\"hidden\" name=\"wpforms[author]\" value=\"2\"><button type=\"submit\" name=\"wpforms[submit]\" id=\"wpforms-submit-5023\" class=\"wpforms-submit\" data-alt-text=\"G\u00f6nderiliyor.\" data-submit-text=\"G\u00f6nder\" aria-live=\"assertive\" value=\"wpforms-submit\">G\u00f6nder<\/button><img decoding=\"async\" src=\"https:\/\/www.arsan.com\/wp-content\/plugins\/wpforms\/assets\/images\/submit-spin.svg\" class=\"wpforms-submit-spinner\" style=\"display: none;\" width=\"26\" height=\"26\" alt=\"Loading\"><\/div><\/form><\/div>  <!-- .wpforms-container -->\t\t\t\t<\/div>\n\t\t\t\t<\/div>\n\t\t\t\t\t<\/div>\n\t\t\t\t<\/div>\n\t\t\t\t<\/div>\n\t\t","protected":false},"excerpt":{"rendered":"","protected":false},"author":2,"featured_media":0,"parent":0,"menu_order":0,"comment_status":"closed","ping_status":"closed","template":"","meta":{"footnotes":""},"class_list":["post-5042","page","type-page","status-publish","hentry"],"aioseo_notices":[],"_links":{"self":[{"href":"https:\/\/www.arsan.com\/en\/wp-json\/wp\/v2\/pages\/5042","targetHints":{"allow":["GET"]}}],"collection":[{"href":"https:\/\/www.arsan.com\/en\/wp-json\/wp\/v2\/pages"}],"about":[{"href":"https:\/\/www.arsan.com\/en\/wp-json\/wp\/v2\/types\/page"}],"author":[{"embeddable":true,"href":"https:\/\/www.arsan.com\/en\/wp-json\/wp\/v2\/users\/2"}],"replies":[{"embeddable":true,"href":"https:\/\/www.arsan.com\/en\/wp-json\/wp\/v2\/comments?post=5042"}],"version-history":[{"count":0,"href":"https:\/\/www.arsan.com\/en\/wp-json\/wp\/v2\/pages\/5042\/revisions"}],"wp:attachment":[{"href":"https:\/\/www.arsan.com\/en\/wp-json\/wp\/v2\/media?parent=5042"}],"curies":[{"name":"wp","href":"https:\/\/api.w.org\/{rel}","templated":true}]}}