{"id":3799,"date":"2022-08-16T17:35:13","date_gmt":"2022-08-16T14:35:13","guid":{"rendered":"https:\/\/www.arsan.com\/?page_id=3799"},"modified":"2023-12-14T08:49:16","modified_gmt":"2023-12-14T05:49:16","slug":"calistigimiz-ulkeler","status":"publish","type":"page","link":"https:\/\/www.arsan.com\/en\/calistigimiz-ulkeler\/","title":{"rendered":"Countries We Work"},"content":{"rendered":"<div data-elementor-type=\"wp-page\" data-elementor-id=\"3799\" class=\"elementor elementor-3799\" data-elementor-post-type=\"page\">\n\t\t\t\t\t\t<section class=\"elementor-section elementor-top-section elementor-element elementor-element-ed3a408 elementor-section-boxed elementor-section-height-default elementor-section-height-default\" data-id=\"ed3a408\" data-element_type=\"section\" data-e-type=\"section\">\n\t\t\t\t\t\t<div class=\"elementor-container elementor-column-gap-default\">\n\t\t\t\t\t<div class=\"elementor-column elementor-col-50 elementor-top-column elementor-element elementor-element-8da862e\" data-id=\"8da862e\" data-element_type=\"column\" data-e-type=\"column\" data-settings=\"{&quot;background_background&quot;:&quot;gradient&quot;}\">\n\t\t\t<div class=\"elementor-widget-wrap elementor-element-populated\">\n\t\t\t\t\t\t<div class=\"elementor-element elementor-element-a2ec667 elementor-widget elementor-widget-text-editor\" data-id=\"a2ec667\" data-element_type=\"widget\" data-e-type=\"widget\" data-widget_type=\"text-editor.default\">\n\t\t\t\t<div class=\"elementor-widget-container\">\n\t\t\t\t\t\t\t\t\t<p><span style=\"color: #ff671d;\">Company<\/span><\/p>\t\t\t\t\t\t\t\t<\/div>\n\t\t\t\t<\/div>\n\t\t\t\t<div class=\"elementor-element elementor-element-2f7a0c0 elementor-widget elementor-widget-text-editor\" data-id=\"2f7a0c0\" data-element_type=\"widget\" data-e-type=\"widget\" data-widget_type=\"text-editor.default\">\n\t\t\t\t<div class=\"elementor-widget-container\">\n\t\t\t\t\t\t\t\t\t<ul><li><a href=\"https:\/\/www.arsan.com\/calistigimiz-ulkeler\/\">Countries We Work<\/a><\/li><li><a href=\"https:\/\/www.arsan.com\/hakkimizda\/\">About<\/a><\/li><li><span style=\"color: #ffffff;\">Our Policy<\/span><ul><li><a href=\"https:\/\/www.arsan.com\/kalite--politikamiz\/\">Quality Policy<\/a><\/li><li><a href=\"https:\/\/www.arsan.com\/is-guvenligi-politikamiz\/\">Occupational Health &amp; Safety Policy<\/a><\/li><li><a href=\"https:\/\/www.arsan.com\/cevre-politikamiz\/\">Enviromental Policy<\/a><\/li><li><a href=\"https:\/\/www.arsan.com\/bilgi-guvenligi-politikamiz\/\">Information Security Policy<\/a><\/li><li><a href=\"https:\/\/www.arsan.com\/tr\/enerji-yonetim-politikasi\/\">Energy Magnagement System Policy<\/a><\/li><li><a href=\"https:\/\/www.arsan.com\/sosyal-sorumluluk-politikamiz\/\">Our Social Responsibility Policy<\/a><\/li><li><a href=\"https:\/\/www.arsan.com\/tr\/sosyal-sorumluluk-politikamiz\/\">IMS Scope<\/a><\/li><\/ul><\/li><li><a href=\"https:\/\/www.arsan.com\/sertifikalarimiz\/\">Certificates<\/a><\/li><li><a href=\"https:\/\/www.arsan.com\/fabrikamiz\/\">Facility<\/a><\/li><li><a href=\"https:\/\/www.arsan.com\/insan-kaynaklari\/\">Human Resources<\/a><\/li><li><a href=\"https:\/\/www.arsan.com\/kvkk-2\/\">KVKK<\/a><\/li><li><a href=\"https:\/\/www.arsan.com\/sirket-sicili\/\">Company Info<\/a><\/li><\/ul>\t\t\t\t\t\t\t\t<\/div>\n\t\t\t\t<\/div>\n\t\t\t\t\t<\/div>\n\t\t<\/div>\n\t\t\t\t<div class=\"elementor-column elementor-col-50 elementor-top-column elementor-element elementor-element-611a472\" data-id=\"611a472\" data-element_type=\"column\" data-e-type=\"column\">\n\t\t\t<div class=\"elementor-widget-wrap elementor-element-populated\">\n\t\t\t\t\t\t<div class=\"elementor-element elementor-element-9f56984 elementor-widget elementor-widget-image\" data-id=\"9f56984\" data-element_type=\"widget\" data-e-type=\"widget\" data-widget_type=\"image.default\">\n\t\t\t\t<div class=\"elementor-widget-container\">\n\t\t\t\t\t\t\t\t\t\t\t\t\t\t\t<img fetchpriority=\"high\" decoding=\"async\" width=\"1100\" height=\"300\" src=\"https:\/\/www.arsan.com\/wp-content\/uploads\/2022\/12\/hakkimizdaa.jpg\" class=\"attachment-full size-full wp-image-4182\" alt=\"\" srcset=\"https:\/\/www.arsan.com\/wp-content\/uploads\/2022\/12\/hakkimizdaa.jpg 1100w, https:\/\/www.arsan.com\/wp-content\/uploads\/2022\/12\/hakkimizdaa-300x82.jpg 300w, https:\/\/www.arsan.com\/wp-content\/uploads\/2022\/12\/hakkimizdaa-1024x279.jpg 1024w, https:\/\/www.arsan.com\/wp-content\/uploads\/2022\/12\/hakkimizdaa-768x209.jpg 768w, https:\/\/www.arsan.com\/wp-content\/uploads\/2022\/12\/hakkimizdaa-18x5.jpg 18w\" sizes=\"(max-width: 1100px) 100vw, 1100px\" \/>\t\t\t\t\t\t\t\t\t\t\t\t\t\t\t<\/div>\n\t\t\t\t<\/div>\n\t\t\t\t<div class=\"elementor-element elementor-element-dcb7d84 elementor-widget elementor-widget-text-editor\" data-id=\"dcb7d84\" data-element_type=\"widget\" data-e-type=\"widget\" data-widget_type=\"text-editor.default\">\n\t\t\t\t<div class=\"elementor-widget-container\">\n\t\t\t\t\t\t\t\t\t<p><\/p>\n<p class=\" translation-block\">Arsan is the leading company in its sector in Structural and Seismic Bearings, Expansion Joints, Pipe Seals and Tunnel Segment Seals.<\/p>\n<p>Since 1957, Arsan continues to grow with its continuous development-oriented policy and to constantly work on innovative projects. Aiming to be a reliable structural product supplier worldwide, Arsan exports to more than 60 countries and the majority of its exports are Western European countries. It exports 65% of its production. &nbsp;<\/p>\n<p><\/p>\t\t\t\t\t\t\t\t<\/div>\n\t\t\t\t<\/div>\n\t\t<div class=\"elementor-element elementor-element-7be942c e-flex e-con-boxed e-con e-parent\" data-id=\"7be942c\" data-element_type=\"container\" data-e-type=\"container\">\n\t\t\t\t\t<div class=\"e-con-inner\">\n\t\t\t\t<div class=\"elementor-element elementor-element-cdabe78 elementor-widget elementor-widget-text-editor\" data-id=\"cdabe78\" data-element_type=\"widget\" data-e-type=\"widget\" data-widget_type=\"text-editor.default\">\n\t\t\t\t<div class=\"elementor-widget-container\">\n\t\t\t\t\t\t\t\t\t<ul>\n<li>GERMANY<\/li>\n<li>AMERICA<\/li>\n<li>ALBANIA<\/li>\n<li>AUSTRALIA<\/li>\n<li>AZERBAIJAN<\/li>\n<li>BELGIUM<\/li>\n<li>BULGARIA<\/li>\n<li>DJIBOUT\u0130<\/li>\n<li>CHINA<\/li>\n<li>DENMARK<\/li>\n<li><span style=\"text-align: var(--text-align);\">U.A.E<\/span><\/li>\n<li>ESTONIA<\/li>\n<li>IVORY S.<\/li>\n<li>FRANCE<\/li>\n<li>GEORGIA<\/li>\n<li>HOLLAND<\/li>\n<li>HONG KONG<\/li>\n<li>IRAQ<\/li>\n<li>ENGLAND<\/li>\n<li>IRELAND<\/li>\n<li>SPAIN<\/li>\n<li>ISRAEL<\/li>\n<li>SWEDEN<\/li>\n<li>SWITZERLAND<\/li>\n<li>ITALY<\/li>\n<li>QATAR<\/li>\n<li>COLOMBIA<\/li>\n<li>KUWAIT<\/li>\n<li>LITHUANIA<\/li>\n<li>MACAR\u0130STAN<\/li>\n<li>MALAYSIA<\/li>\n<li>EGYPT<\/li>\n<li>MOLDOVA<\/li>\n<li>NORWAY<\/li>\n<li>UZBEKISTAN<\/li>\n<li>PAKISTAN<\/li>\n<li>PERU<\/li>\n<li>POLAND<\/li>\n<li>PORTUGAL<\/li>\n<li>ROMANIA<\/li>\n<li>RUSSIA<\/li>\n<li>SERBIA<\/li>\n<li>SINGAPORE<\/li>\n<li>SLOVAKIA<\/li>\n<li>TANZANIA<\/li>\n<li>TURKEY<\/li>\n<li>GREECE<\/li>\n<li>MEXICO<\/li>\n<li>CHILE<\/li>\n<li>SOUTH AFRICA<\/li>\n<\/ul>\t\t\t\t\t\t\t\t<\/div>\n\t\t\t\t<\/div>\n\t\t\t\t\t<\/div>\n\t\t\t\t<\/div>\n\t\t\t\t\t<\/div>\n\t\t<\/div>\n\t\t\t\t\t<\/div>\n\t\t<\/section>\n\t\t\t\t<\/div>","protected":false},"excerpt":{"rendered":"<p>Kurumsal \u00c7al\u0131\u015ft\u0131\u011f\u0131m\u0131z \u00dclkeler Hakk\u0131m\u0131zda Politikalar\u0131m\u0131z Kalite Politikam\u0131z \u0130\u015f G\u00fcvenli\u011fi Politikam\u0131z \u00c7evre Politikam\u0131z Bilgi G\u00fcvenli\u011fi Politikam\u0131z Enerji Y\u00f6netim Sistemi Politikam\u0131z Sosyal Sorumluluk Politikam\u0131z EYS Kapsam\u0131 Sertifikalar\u0131m\u0131z Fabrikam\u0131z \u0130nsan Kaynaklar\u0131 KVKK \u015eirket Sicili Arsan, Yap\u0131sal ve Sismik Mesnetler, Genle\u015fme Derzleri, Boru Contalar\u0131 ve T\u00fcnel Segment Contalar\u0131 konusunda sekt\u00f6r\u00fcn\u00fcn lider kurulu\u015fudur. Arsan, 1957&#8217;den bu yana s\u00fcrekli geli\u015fme odakl\u0131 [&hellip;]<\/p>\n","protected":false},"author":2,"featured_media":3807,"parent":0,"menu_order":0,"comment_status":"closed","ping_status":"closed","template":"","meta":{"footnotes":""},"class_list":["post-3799","page","type-page","status-publish","has-post-thumbnail","hentry"],"aioseo_notices":[],"_links":{"self":[{"href":"https:\/\/www.arsan.com\/en\/wp-json\/wp\/v2\/pages\/3799","targetHints":{"allow":["GET"]}}],"collection":[{"href":"https:\/\/www.arsan.com\/en\/wp-json\/wp\/v2\/pages"}],"about":[{"href":"https:\/\/www.arsan.com\/en\/wp-json\/wp\/v2\/types\/page"}],"author":[{"embeddable":true,"href":"https:\/\/www.arsan.com\/en\/wp-json\/wp\/v2\/users\/2"}],"replies":[{"embeddable":true,"href":"https:\/\/www.arsan.com\/en\/wp-json\/wp\/v2\/comments?post=3799"}],"version-history":[{"count":0,"href":"https:\/\/www.arsan.com\/en\/wp-json\/wp\/v2\/pages\/3799\/revisions"}],"wp:featuredmedia":[{"embeddable":true,"href":"https:\/\/www.arsan.com\/en\/wp-json\/wp\/v2\/media\/3807"}],"wp:attachment":[{"href":"https:\/\/www.arsan.com\/en\/wp-json\/wp\/v2\/media?parent=3799"}],"curies":[{"name":"wp","href":"https:\/\/api.w.org\/{rel}","templated":true}]}}