{"id":213,"date":"2020-04-12T12:58:14","date_gmt":"2020-04-12T09:58:14","guid":{"rendered":"https:\/\/www.arsan.com\/?page_id=213"},"modified":"2024-07-10T13:34:18","modified_gmt":"2024-07-10T10:34:18","slug":"hakkimizda","status":"publish","type":"page","link":"https:\/\/www.arsan.com\/en\/hakkimizda\/","title":{"rendered":"About"},"content":{"rendered":"<div data-elementor-type=\"wp-page\" data-elementor-id=\"213\" class=\"elementor elementor-213\" data-elementor-post-type=\"page\">\n\t\t\t\t\t\t<section class=\"elementor-section elementor-top-section elementor-element elementor-element-0f4203f elementor-section-boxed elementor-section-height-default elementor-section-height-default\" data-id=\"0f4203f\" data-element_type=\"section\" data-e-type=\"section\" data-settings=\"{&quot;background_background&quot;:&quot;classic&quot;}\">\n\t\t\t\t\t\t<div class=\"elementor-container elementor-column-gap-default\">\n\t\t\t\t\t<div class=\"elementor-column elementor-col-33 elementor-top-column elementor-element elementor-element-33f658e\" data-id=\"33f658e\" data-element_type=\"column\" data-e-type=\"column\" data-settings=\"{&quot;background_background&quot;:&quot;gradient&quot;}\">\n\t\t\t<div class=\"elementor-widget-wrap elementor-element-populated\">\n\t\t\t\t\t\t<div class=\"elementor-element elementor-element-91c5f5c elementor-widget elementor-widget-text-editor\" data-id=\"91c5f5c\" data-element_type=\"widget\" data-e-type=\"widget\" data-widget_type=\"text-editor.default\">\n\t\t\t\t<div class=\"elementor-widget-container\">\n\t\t\t\t\t\t\t\t\t<p><span style=\"color: #ff671d;\">Company<\/span><\/p>\t\t\t\t\t\t\t\t<\/div>\n\t\t\t\t<\/div>\n\t\t\t\t<div class=\"elementor-element elementor-element-b44cb3f elementor-widget elementor-widget-text-editor\" data-id=\"b44cb3f\" data-element_type=\"widget\" data-e-type=\"widget\" data-widget_type=\"text-editor.default\">\n\t\t\t\t<div class=\"elementor-widget-container\">\n\t\t\t\t\t\t\t\t\t<ul><li><a href=\"https:\/\/www.arsan.com\/calistigimiz-ulkeler\/\">Countries We Work<\/a><\/li><li><a href=\"https:\/\/www.arsan.com\/hakkimizda\/\">About<\/a><\/li><li><span style=\"color: #ffffff;\">Our Policy<\/span><ul><li><a href=\"https:\/\/www.arsan.com\/kalite--politikamiz\/\">Quality Policy<\/a><\/li><li><a href=\"https:\/\/www.arsan.com\/is-guvenligi-politikamiz\/\">Occupational Health &amp; Safety Policy<\/a><\/li><li><a href=\"https:\/\/www.arsan.com\/cevre-politikamiz\/\">Enviromental Policy<\/a><\/li><li><a href=\"https:\/\/www.arsan.com\/bilgi-guvenligi-politikamiz\/\">Information Security Policy<\/a><\/li><li><a href=\"https:\/\/www.arsan.com\/tr\/enerji-yonetim-politikasi\/\">Energy Magnagement System Policy<\/a><\/li><li><a href=\"https:\/\/www.arsan.com\/sosyal-sorumluluk-politikamiz\/\">Our Social Responsibility Policy<\/a><\/li><li><a href=\"https:\/\/www.arsan.com\/tr\/eys-kapsamimiz\/\">IMS Scope<\/a><\/li><\/ul><\/li><li><a href=\"https:\/\/www.arsan.com\/sertifikalarimiz\/\">Certificates<\/a><\/li><li><a href=\"https:\/\/www.arsan.com\/fabrikamiz\/\">Facility<\/a><\/li><li><a href=\"https:\/\/www.arsan.com\/insan-kaynaklari\/\">Human Resources<\/a><\/li><li><a href=\"https:\/\/www.arsan.com\/kvkk-2\/\">KVKK<\/a><\/li><li><a href=\"https:\/\/www.arsan.com\/sirket-sicili\/\">Company Info<\/a><\/li><\/ul>\t\t\t\t\t\t\t\t<\/div>\n\t\t\t\t<\/div>\n\t\t\t\t\t<\/div>\n\t\t<\/div>\n\t\t\t\t<div class=\"elementor-column elementor-col-66 elementor-top-column elementor-element elementor-element-bc857c5\" data-id=\"bc857c5\" data-element_type=\"column\" data-e-type=\"column\">\n\t\t\t<div class=\"elementor-widget-wrap elementor-element-populated\">\n\t\t\t\t\t\t<div class=\"elementor-element elementor-element-0c7de2a elementor-widget elementor-widget-image\" data-id=\"0c7de2a\" data-element_type=\"widget\" data-e-type=\"widget\" data-widget_type=\"image.default\">\n\t\t\t\t<div class=\"elementor-widget-container\">\n\t\t\t\t\t\t\t\t\t\t\t\t\t\t\t<img fetchpriority=\"high\" decoding=\"async\" width=\"1100\" height=\"300\" src=\"https:\/\/www.arsan.com\/wp-content\/uploads\/2022\/12\/hakkimizda.jpg\" class=\"attachment-full size-full wp-image-4186\" alt=\"\" srcset=\"https:\/\/www.arsan.com\/wp-content\/uploads\/2022\/12\/hakkimizda.jpg 1100w, https:\/\/www.arsan.com\/wp-content\/uploads\/2022\/12\/hakkimizda-300x82.jpg 300w, https:\/\/www.arsan.com\/wp-content\/uploads\/2022\/12\/hakkimizda-1024x279.jpg 1024w, https:\/\/www.arsan.com\/wp-content\/uploads\/2022\/12\/hakkimizda-768x209.jpg 768w, https:\/\/www.arsan.com\/wp-content\/uploads\/2022\/12\/hakkimizda-18x5.jpg 18w\" sizes=\"(max-width: 1100px) 100vw, 1100px\" \/>\t\t\t\t\t\t\t\t\t\t\t\t\t\t\t<\/div>\n\t\t\t\t<\/div>\n\t\t\t\t<div class=\"elementor-element elementor-element-124855d elementor-widget elementor-widget-text-editor\" data-id=\"124855d\" data-element_type=\"widget\" data-e-type=\"widget\" data-widget_type=\"text-editor.default\">\n\t\t\t\t<div class=\"elementor-widget-container\">\n\t\t\t\t\t\t\t\t\t<p class=\" translation-block\">Arsan is the leading company in its sector in Structural and Seismic Bearings, Expansion Joints, Pipe Seals and Tunnel Segment Seals.<\/p>\n<p>Arsan continues to grow and work on innovative projects with its continuous development-oriented policy since 1957. Aiming to be a reliable structural product supplier worldwide, Arsan exports to more than 60 countries and the majority of its exports are Western European countries. It exports 65% of its production. &nbsp;<\/p>\n<p>Structural bearings include all types of elastomeric bearings, guided and restraint bearings, pot bearings, spherical and cylindrical bearings. All types of structural bearings have CE Certificate. &nbsp;<\/p>\n<p>Arsan supplies seismic isolation systems for bridges and buildings using lead rubber bearing (CE) and friction pendulum systems. Arsan test laboratory is equipped with to carry out qualification and acceptance tests on structural bearings and seismic isolators. The factory production control tests are carried out in Arsan Factory according to the project requirements specified in the standards or client requests. &nbsp;<\/p>\n<p>Expansion joints for bridges comprises mat expansion joints, single gap expansion joints, and modular expansion joints. Expansion joint type and design are determined as per project requirements.<\/p>\n<p>Expansion joint type and design are prepared according to project needs. &nbsp;<\/p>\n<p>Tunnel segment gaskets are designed by Arsan engineers and offer excellent water pressure resistance. Various types of pipe gaskets are also provided. &nbsp;<\/p>\n<p>Design and drawings of all structural products are prepared by Arsan Engineers. Thus, Arsan is a reliable manufacturer for structural products with its experience, capacity in manufacturing and efficient engineering solutions.<\/p>\n<p>Arsan factory operates in its facility in Ferizli, Sakarya, with a closed area of 35,000 square meters on an area of 60,000 square meters &nbsp;<\/p>\n<p>The head office of our company is located in \u00dcmraniye \/ Istanbul. Arsan is equipped with various production methods such as extrusion, compression and injection, and carries out rubber compound tests and static and dynamic tests on the product in its R&amp;D laboratory.<\/p>\n<p>Rubber compound tests are also performed in Arsan R&amp;D laboratory. Moreover, most tools required to produce rubber products are built in house with metal machining. &nbsp; &nbsp;<\/p>\n<p>In addition, designing and producing molds, machining and assembly of structural bearings and expansion joints are completed by Arsan.<\/p>\t\t\t\t\t\t\t\t<\/div>\n\t\t\t\t<\/div>\n\t\t\t\t<div class=\"elementor-element elementor-element-35ab1d1 elementor-widget elementor-widget-text-editor\" data-id=\"35ab1d1\" data-element_type=\"widget\" data-e-type=\"widget\" data-widget_type=\"text-editor.default\">\n\t\t\t\t<div class=\"elementor-widget-container\">\n\t\t\t\t\t\t\t\t\t<h3>Values<\/h3><ul><li>To create customers that are ancillary to our firm.<\/li><li>To supply benefits for the company, employees and society.<\/li><li>To contribute the Turkish Economy and Employment .\u00a0<\/li><\/ul><h3>Vision<\/h3><ul><li>To be one of the most leading compaines which  inside and outside makes the production  in high-level and also suitable for the standarts  around the world .<\/li><\/ul><h3>Mission<\/h3><ul><li>To be able to produce well- trusted products  with understanding the quality by focusing on the customer\u2019s demands.<\/li><li>Answering to the shareholder\u2019s demans by using the effective sources.<\/li><li>To redouble and raise the power of rival business with continuous  redevelopment activities.<\/li><li>To fulfil the responsibilities agains environment and society.<\/li><\/ul>\t\t\t\t\t\t\t\t<\/div>\n\t\t\t\t<\/div>\n\t\t\t\t\t<\/div>\n\t\t<\/div>\n\t\t\t\t\t<\/div>\n\t\t<\/section>\n\t\t\t\t<\/div>","protected":false},"excerpt":{"rendered":"<p>Kurumsal \u00c7al\u0131\u015ft\u0131\u011f\u0131m\u0131z \u00dclkeler Hakk\u0131m\u0131zda Politikalar\u0131m\u0131z Kalite Politikam\u0131z \u0130\u015f G\u00fcvenli\u011fi Politikam\u0131z \u00c7evre Politikam\u0131z Bilgi G\u00fcvenli\u011fi Politikam\u0131z Enerji Y\u00f6netim Sistemi Politikam\u0131z Sosyal Sorumluluk Politikam\u0131z EYS Kapsam\u0131 Sertifikalar\u0131m\u0131z Fabrikam\u0131z \u0130nsan Kaynaklar\u0131 KVKK \u015eirket Sicili Arsan, Yap\u0131sal ve Sismik Mesnetler, Genle\u015fme Derzleri, Boru Contalar\u0131 ve T\u00fcnel Segment Contalar\u0131 konusunda sekt\u00f6r\u00fcn\u00fcn lider kurulu\u015fudur. Arsan, 1957&#8217;den bu yana s\u00fcrekli geli\u015fme odakl\u0131 [&hellip;]<\/p>\n","protected":false},"author":2,"featured_media":0,"parent":0,"menu_order":0,"comment_status":"closed","ping_status":"closed","template":"","meta":{"footnotes":""},"class_list":["post-213","page","type-page","status-publish","hentry"],"aioseo_notices":[],"_links":{"self":[{"href":"https:\/\/www.arsan.com\/en\/wp-json\/wp\/v2\/pages\/213","targetHints":{"allow":["GET"]}}],"collection":[{"href":"https:\/\/www.arsan.com\/en\/wp-json\/wp\/v2\/pages"}],"about":[{"href":"https:\/\/www.arsan.com\/en\/wp-json\/wp\/v2\/types\/page"}],"author":[{"embeddable":true,"href":"https:\/\/www.arsan.com\/en\/wp-json\/wp\/v2\/users\/2"}],"replies":[{"embeddable":true,"href":"https:\/\/www.arsan.com\/en\/wp-json\/wp\/v2\/comments?post=213"}],"version-history":[{"count":9,"href":"https:\/\/www.arsan.com\/en\/wp-json\/wp\/v2\/pages\/213\/revisions"}],"predecessor-version":[{"id":5463,"href":"https:\/\/www.arsan.com\/en\/wp-json\/wp\/v2\/pages\/213\/revisions\/5463"}],"wp:attachment":[{"href":"https:\/\/www.arsan.com\/en\/wp-json\/wp\/v2\/media?parent=213"}],"curies":[{"name":"wp","href":"https:\/\/api.w.org\/{rel}","templated":true}]}}