{"id":2001,"date":"2020-10-18T23:52:39","date_gmt":"2020-10-18T20:52:39","guid":{"rendered":"https:\/\/www.arsan.com\/?page_id=2001"},"modified":"2022-12-27T09:16:24","modified_gmt":"2022-12-27T06:16:24","slug":"hiz-kasisi","status":"publish","type":"page","link":"https:\/\/www.arsan.com\/en\/urunlerimiz\/diger-urunler\/hiz-kasisi\/","title":{"rendered":"Speed Bump"},"content":{"rendered":"<div data-elementor-type=\"wp-page\" data-elementor-id=\"2001\" class=\"elementor elementor-2001\" data-elementor-post-type=\"page\">\n\t\t\t\t\t\t<section class=\"elementor-section elementor-top-section elementor-element elementor-element-2870e00 elementor-section-boxed elementor-section-height-default elementor-section-height-default\" data-id=\"2870e00\" data-element_type=\"section\" data-e-type=\"section\" data-settings=\"{&quot;background_background&quot;:&quot;classic&quot;}\">\n\t\t\t\t\t\t<div class=\"elementor-container elementor-column-gap-default\">\n\t\t\t\t\t<div class=\"elementor-column elementor-col-33 elementor-top-column elementor-element elementor-element-32ac87bf\" data-id=\"32ac87bf\" data-element_type=\"column\" data-e-type=\"column\" data-settings=\"{&quot;background_background&quot;:&quot;gradient&quot;}\">\n\t\t\t<div class=\"elementor-widget-wrap elementor-element-populated\">\n\t\t\t\t\t\t<div class=\"elementor-element elementor-element-f8ce01 elementor-widget elementor-widget-text-editor\" data-id=\"f8ce01\" data-element_type=\"widget\" data-e-type=\"widget\" data-widget_type=\"text-editor.default\">\n\t\t\t\t<div class=\"elementor-widget-container\">\n\t\t\t\t\t\t\t\t\t<p><span style=\"color: #ffffff;\">Other Products<\/span><\/p>\t\t\t\t\t\t\t\t<\/div>\n\t\t\t\t<\/div>\n\t\t\t\t<div class=\"elementor-element elementor-element-72e3cdf5 elementor-widget elementor-widget-text-editor\" data-id=\"72e3cdf5\" data-element_type=\"widget\" data-e-type=\"widget\" data-widget_type=\"text-editor.default\">\n\t\t\t\t<div class=\"elementor-widget-container\">\n\t\t\t\t\t\t\t\t\t<ul><li><span style=\"text-decoration: underline;\"><span style=\"color: #ffffff; text-decoration: underline;\">Rubber Profiles<\/span><\/span><ul><li><a href=\"https:\/\/www.arsan.com\/urunlerimiz\/diger-urunler\/d-profiller\/\">D Profiles<\/a><\/li><li><a href=\"https:\/\/www.arsan.com\/urunlerimiz\/diger-urunler\/dorse-kapi-profiller\/\">Trailer Door Profiles<\/a><\/li><li><a href=\"https:\/\/www.arsan.com\/urunlerimiz\/diger-urunler\/dilatasyon-profilleri\/\">Dilatation Profiles<\/a><\/li><li><a href=\"https:\/\/www.arsan.com\/urunlerimiz\/diger-urunler\/kanal-kapak-contalari\/\">Manhole Gaskets<\/a><\/li><li><a href=\"https:\/\/www.arsan.com\/urunlerimiz\/diger-urunler\/kelepce-lastikleri\/\">Clamp Profiles<\/a><\/li><li><a href=\"https:\/\/www.arsan.com\/urunlerimiz\/diger-urunler\/kapi-garaj-profilleri\/\">Door Garage Profiles<\/a><\/li><li><a href=\"https:\/\/www.arsan.com\/urunlerimiz\/diger-urunler\/kablo-koruma-profilleri\/\">Cable Protection Profiles<\/a><\/li><li><a href=\"https:\/\/www.arsan.com\/urunlerimiz\/diger-urunler\/bant-profiller\/\">Band Profiles<\/a><\/li><li><a href=\"https:\/\/www.arsan.com\/urunlerimiz\/diger-urunler\/p-profiller\/\">P Profiles<\/a><\/li><li><a href=\"https:\/\/www.arsan.com\/urunlerimiz\/diger-urunler\/l-profiller\/\">L Profiles<\/a><\/li><li><a href=\"https:\/\/www.arsan.com\/urunlerimiz\/diger-urunler\/u-profiller\/\">U Profiles<\/a><\/li><li><a href=\"https:\/\/www.arsan.com\/urunlerimiz\/diger-urunler\/cesitli-profiller\/\">Various Profiles<\/a><\/li><\/ul><\/li><li><span style=\"text-decoration: underline;\"><span style=\"color: #ffffff; text-decoration: underline;\">Wall &amp; Corner Protection<\/span><\/span><ul><li><a href=\"https:\/\/www.arsan.com\/urunlerimiz\/diger-urunler\/reflektif-kose-koruma\/\">Reflective Corner Protection<\/a><\/li><li><a href=\"https:\/\/www.arsan.com\/urunlerimiz\/diger-urunler\/duvar-koruma\/\">Wall Protection<\/a><\/li><li><a href=\"https:\/\/www.arsan.com\/urunlerimiz\/diger-urunler\/kose-koruma\/\">Corner Protection<\/a><\/li><li><a href=\"https:\/\/www.arsan.com\/urunlerimiz\/diger-urunler\/hiz-kasisi\/\">Speed Bump<\/a><\/li><li><a href=\"https:\/\/www.arsan.com\/urunlerimiz\/diger-urunler\/kaucuk-bariyer\/\">Rubber Barrier<\/a><\/li><\/ul><\/li><\/ul>\t\t\t\t\t\t\t\t<\/div>\n\t\t\t\t<\/div>\n\t\t\t\t\t<\/div>\n\t\t<\/div>\n\t\t\t\t<div class=\"elementor-column elementor-col-66 elementor-top-column elementor-element elementor-element-4b4be093\" data-id=\"4b4be093\" data-element_type=\"column\" data-e-type=\"column\">\n\t\t\t<div class=\"elementor-widget-wrap elementor-element-populated\">\n\t\t\t\t\t\t<div class=\"elementor-element elementor-element-3dd7a88b elementor-widget elementor-widget-image\" data-id=\"3dd7a88b\" data-element_type=\"widget\" data-e-type=\"widget\" data-widget_type=\"image.default\">\n\t\t\t\t<div class=\"elementor-widget-container\">\n\t\t\t\t\t\t\t\t\t\t\t\t\t\t\t<img fetchpriority=\"high\" decoding=\"async\" width=\"1100\" height=\"300\" src=\"https:\/\/www.arsan.com\/wp-content\/uploads\/2022\/12\/diger-urunler.jpg\" class=\"attachment-full size-full wp-image-4403\" alt=\"\" srcset=\"https:\/\/www.arsan.com\/wp-content\/uploads\/2022\/12\/diger-urunler.jpg 1100w, https:\/\/www.arsan.com\/wp-content\/uploads\/2022\/12\/diger-urunler-300x82.jpg 300w, https:\/\/www.arsan.com\/wp-content\/uploads\/2022\/12\/diger-urunler-1024x279.jpg 1024w, https:\/\/www.arsan.com\/wp-content\/uploads\/2022\/12\/diger-urunler-768x209.jpg 768w, https:\/\/www.arsan.com\/wp-content\/uploads\/2022\/12\/diger-urunler-18x5.jpg 18w\" sizes=\"(max-width: 1100px) 100vw, 1100px\" \/>\t\t\t\t\t\t\t\t\t\t\t\t\t\t\t<\/div>\n\t\t\t\t<\/div>\n\t\t\t\t<div class=\"elementor-element elementor-element-6b931379 elementor-widget elementor-widget-text-editor\" data-id=\"6b931379\" data-element_type=\"widget\" data-e-type=\"widget\" data-widget_type=\"text-editor.default\">\n\t\t\t\t<div class=\"elementor-widget-container\">\n\t\t\t\t\t\t\t\t\t<div class=\"text-13\"><p><img decoding=\"async\" class=\"size-medium wp-image-2297 alignright\" src=\"https:\/\/www.arsan.com\/wp-content\/uploads\/2020\/10\/a-1251-300x186.png\" alt=\"\" width=\"300\" height=\"186\" srcset=\"https:\/\/www.arsan.com\/wp-content\/uploads\/2020\/10\/a-1251-300x186.png 300w, https:\/\/www.arsan.com\/wp-content\/uploads\/2020\/10\/a-1251-16x10.png 16w, https:\/\/www.arsan.com\/wp-content\/uploads\/2020\/10\/a-1251.png 500w\" sizes=\"(max-width: 300px) 100vw, 300px\" \/>Today  the speed bumpers which are produced with assorted materials; are being used in schools, parking garages, traffic, also used with the purpose of reducing the risk of an accidents.<\/p><p>The rubber  compund (-produced by Arsan  Kau\u00e7uk - ) has been  formuled specially.<\/p><\/div>\t\t\t\t\t\t\t\t<\/div>\n\t\t\t\t<\/div>\n\t\t\t\t\t<\/div>\n\t\t<\/div>\n\t\t\t\t\t<\/div>\n\t\t<\/section>\n\t\t\t\t<\/div>","protected":false},"excerpt":{"rendered":"<p>Di\u011fer \u00dcr\u00fcnler Kau\u00e7uk Profiller D Profiller Dorse Kap\u0131 Profilleri Dilatasyon Profilleri Kanal Kapak Contalar\u0131 Kelep\u00e7e Lastikleri Kap\u0131 Garaj Profilleri Kablo Koruma Profilleri Bant Profiller P Profiller L Profiller U Profiller \u00c7e\u015fitli Profiller Duvar K\u00f6\u015fe Koruma Reflektif K\u00f6\u015fe Koruma Duvar Koruma K\u00f6\u015fe Koruma H\u0131z Kasisi Kau\u00e7uk Bariyer G\u00fcn\u00fcm\u00fczde \u00e7e\u015fitli materyaller ile \u00fcretilen h\u0131z kasisleri; otopark, okul, [&hellip;]<\/p>\n","protected":false},"author":2,"featured_media":0,"parent":1548,"menu_order":0,"comment_status":"closed","ping_status":"closed","template":"","meta":{"footnotes":""},"class_list":["post-2001","page","type-page","status-publish","hentry"],"aioseo_notices":[],"_links":{"self":[{"href":"https:\/\/www.arsan.com\/en\/wp-json\/wp\/v2\/pages\/2001","targetHints":{"allow":["GET"]}}],"collection":[{"href":"https:\/\/www.arsan.com\/en\/wp-json\/wp\/v2\/pages"}],"about":[{"href":"https:\/\/www.arsan.com\/en\/wp-json\/wp\/v2\/types\/page"}],"author":[{"embeddable":true,"href":"https:\/\/www.arsan.com\/en\/wp-json\/wp\/v2\/users\/2"}],"replies":[{"embeddable":true,"href":"https:\/\/www.arsan.com\/en\/wp-json\/wp\/v2\/comments?post=2001"}],"version-history":[{"count":0,"href":"https:\/\/www.arsan.com\/en\/wp-json\/wp\/v2\/pages\/2001\/revisions"}],"up":[{"embeddable":true,"href":"https:\/\/www.arsan.com\/en\/wp-json\/wp\/v2\/pages\/1548"}],"wp:attachment":[{"href":"https:\/\/www.arsan.com\/en\/wp-json\/wp\/v2\/media?parent=2001"}],"curies":[{"name":"wp","href":"https:\/\/api.w.org\/{rel}","templated":true}]}}