{"id":1997,"date":"2020-10-18T23:52:08","date_gmt":"2020-10-18T20:52:08","guid":{"rendered":"https:\/\/www.arsan.com\/?page_id=1997"},"modified":"2022-12-27T09:15:51","modified_gmt":"2022-12-27T06:15:51","slug":"duvar-koruma","status":"publish","type":"page","link":"https:\/\/www.arsan.com\/en\/urunlerimiz\/diger-urunler\/duvar-koruma\/","title":{"rendered":"Wall Protection"},"content":{"rendered":"<div data-elementor-type=\"wp-page\" data-elementor-id=\"1997\" class=\"elementor elementor-1997\" data-elementor-post-type=\"page\">\n\t\t\t\t\t\t<section class=\"elementor-section elementor-top-section elementor-element elementor-element-621003df elementor-section-boxed elementor-section-height-default elementor-section-height-default\" data-id=\"621003df\" data-element_type=\"section\" data-e-type=\"section\" data-settings=\"{&quot;background_background&quot;:&quot;classic&quot;}\">\n\t\t\t\t\t\t<div class=\"elementor-container elementor-column-gap-default\">\n\t\t\t\t\t<div class=\"elementor-column elementor-col-33 elementor-top-column elementor-element elementor-element-1f643384\" data-id=\"1f643384\" data-element_type=\"column\" data-e-type=\"column\" data-settings=\"{&quot;background_background&quot;:&quot;gradient&quot;}\">\n\t\t\t<div class=\"elementor-widget-wrap elementor-element-populated\">\n\t\t\t\t\t\t<div class=\"elementor-element elementor-element-686c2dbb elementor-widget elementor-widget-text-editor\" data-id=\"686c2dbb\" data-element_type=\"widget\" data-e-type=\"widget\" data-widget_type=\"text-editor.default\">\n\t\t\t\t<div class=\"elementor-widget-container\">\n\t\t\t\t\t\t\t\t\t<p><span style=\"color: #ffffff;\">Other Products<\/span><\/p>\t\t\t\t\t\t\t\t<\/div>\n\t\t\t\t<\/div>\n\t\t\t\t<div class=\"elementor-element elementor-element-579d105 elementor-widget elementor-widget-text-editor\" data-id=\"579d105\" data-element_type=\"widget\" data-e-type=\"widget\" data-widget_type=\"text-editor.default\">\n\t\t\t\t<div class=\"elementor-widget-container\">\n\t\t\t\t\t\t\t\t\t<ul><li><span style=\"text-decoration: underline;\"><span style=\"color: #ffffff; text-decoration: underline;\">Rubber Profiles<\/span><\/span><ul><li><a href=\"https:\/\/www.arsan.com\/urunlerimiz\/diger-urunler\/d-profiller\/\">D Profiles<\/a><\/li><li><a href=\"https:\/\/www.arsan.com\/urunlerimiz\/diger-urunler\/dorse-kapi-profiller\/\">Trailer Door Profiles<\/a><\/li><li><a href=\"https:\/\/www.arsan.com\/urunlerimiz\/diger-urunler\/dilatasyon-profilleri\/\">Dilatation Profiles<\/a><\/li><li><a href=\"https:\/\/www.arsan.com\/urunlerimiz\/diger-urunler\/kanal-kapak-contalari\/\">Manhole Gaskets<\/a><\/li><li><a href=\"https:\/\/www.arsan.com\/urunlerimiz\/diger-urunler\/kelepce-lastikleri\/\">Clamp Profiles<\/a><\/li><li><a href=\"https:\/\/www.arsan.com\/urunlerimiz\/diger-urunler\/kapi-garaj-profilleri\/\">Door Garage Profiles<\/a><\/li><li><a href=\"https:\/\/www.arsan.com\/urunlerimiz\/diger-urunler\/kablo-koruma-profilleri\/\">Cable Protection Profiles<\/a><\/li><li><a href=\"https:\/\/www.arsan.com\/urunlerimiz\/diger-urunler\/bant-profiller\/\">Band Profiles<\/a><\/li><li><a href=\"https:\/\/www.arsan.com\/urunlerimiz\/diger-urunler\/p-profiller\/\">P Profiles<\/a><\/li><li><a href=\"https:\/\/www.arsan.com\/urunlerimiz\/diger-urunler\/l-profiller\/\">L Profiles<\/a><\/li><li><a href=\"https:\/\/www.arsan.com\/urunlerimiz\/diger-urunler\/u-profiller\/\">U Profiles<\/a><\/li><li><a href=\"https:\/\/www.arsan.com\/urunlerimiz\/diger-urunler\/cesitli-profiller\/\">Various Profiles<\/a><\/li><\/ul><\/li><li><span style=\"text-decoration: underline;\"><span style=\"color: #ffffff; text-decoration: underline;\">Wall &amp; Corner Protection<\/span><\/span><ul><li><a href=\"https:\/\/www.arsan.com\/urunlerimiz\/diger-urunler\/reflektif-kose-koruma\/\">Reflective Corner Protection<\/a><\/li><li><a href=\"https:\/\/www.arsan.com\/urunlerimiz\/diger-urunler\/duvar-koruma\/\">Wall Protection<\/a><\/li><li><a href=\"https:\/\/www.arsan.com\/urunlerimiz\/diger-urunler\/kose-koruma\/\">Corner Protection<\/a><\/li><li><a href=\"https:\/\/www.arsan.com\/urunlerimiz\/diger-urunler\/hiz-kasisi\/\">Speed Bump<\/a><\/li><li><a href=\"https:\/\/www.arsan.com\/urunlerimiz\/diger-urunler\/kaucuk-bariyer\/\">Rubber Barrier<\/a><\/li><\/ul><\/li><\/ul>\t\t\t\t\t\t\t\t<\/div>\n\t\t\t\t<\/div>\n\t\t\t\t\t<\/div>\n\t\t<\/div>\n\t\t\t\t<div class=\"elementor-column elementor-col-66 elementor-top-column elementor-element elementor-element-641e53e0\" data-id=\"641e53e0\" data-element_type=\"column\" data-e-type=\"column\">\n\t\t\t<div class=\"elementor-widget-wrap elementor-element-populated\">\n\t\t\t\t\t\t<div class=\"elementor-element elementor-element-3af41fc0 elementor-widget elementor-widget-image\" data-id=\"3af41fc0\" data-element_type=\"widget\" data-e-type=\"widget\" data-widget_type=\"image.default\">\n\t\t\t\t<div class=\"elementor-widget-container\">\n\t\t\t\t\t\t\t\t\t\t\t\t\t\t\t<img fetchpriority=\"high\" decoding=\"async\" width=\"1100\" height=\"300\" src=\"https:\/\/www.arsan.com\/wp-content\/uploads\/2022\/12\/diger-urunler.jpg\" class=\"attachment-full size-full wp-image-4403\" alt=\"\" srcset=\"https:\/\/www.arsan.com\/wp-content\/uploads\/2022\/12\/diger-urunler.jpg 1100w, https:\/\/www.arsan.com\/wp-content\/uploads\/2022\/12\/diger-urunler-300x82.jpg 300w, https:\/\/www.arsan.com\/wp-content\/uploads\/2022\/12\/diger-urunler-1024x279.jpg 1024w, https:\/\/www.arsan.com\/wp-content\/uploads\/2022\/12\/diger-urunler-768x209.jpg 768w, https:\/\/www.arsan.com\/wp-content\/uploads\/2022\/12\/diger-urunler-18x5.jpg 18w\" sizes=\"(max-width: 1100px) 100vw, 1100px\" \/>\t\t\t\t\t\t\t\t\t\t\t\t\t\t\t<\/div>\n\t\t\t\t<\/div>\n\t\t\t\t<div class=\"elementor-element elementor-element-a038daa gallery-spacing-custom elementor-widget elementor-widget-image-gallery\" data-id=\"a038daa\" data-element_type=\"widget\" data-e-type=\"widget\" data-widget_type=\"image-gallery.default\">\n\t\t\t\t<div class=\"elementor-widget-container\">\n\t\t\t\t\t\t\t<div class=\"elementor-image-gallery\">\n\t\t\t<div id='gallery-12' class='gallery galleryid-1997 gallery-columns-1 gallery-size-full'><figure class='gallery-item'>\n\t\t\t<div class='gallery-icon landscape'>\n\t\t\t\t<a data-elementor-open-lightbox=\"yes\" data-elementor-lightbox-slideshow=\"a038daa\" data-e-action-hash=\"#elementor-action%3Aaction%3Dlightbox%26settings%3DeyJpZCI6MjE4MCwidXJsIjoiaHR0cHM6XC9cL3d3dy5hcnNhbi5jb21cL3dwLWNvbnRlbnRcL3VwbG9hZHNcLzIwMjBcLzEwXC9Bc3NldC0xLTEwLnBuZyIsInNsaWRlc2hvdyI6ImEwMzhkYWEifQ%3D%3D\" href='https:\/\/www.arsan.com\/wp-content\/uploads\/2020\/10\/Asset-1-10.png' data-lbwps-width=\"2560\" data-lbwps-height=\"750\" data-lbwps-srcsmall=\"https:\/\/www.arsan.com\/wp-content\/uploads\/2020\/10\/Asset-1-10.png\"><img decoding=\"async\" width=\"2560\" height=\"750\" src=\"https:\/\/www.arsan.com\/wp-content\/uploads\/2020\/10\/Asset-1-10.png\" class=\"attachment-full size-full\" alt=\"\" aria-describedby=\"gallery-12-2180\" srcset=\"https:\/\/www.arsan.com\/wp-content\/uploads\/2020\/10\/Asset-1-10.png 2560w, https:\/\/www.arsan.com\/wp-content\/uploads\/2020\/10\/Asset-1-10-300x88.png 300w, https:\/\/www.arsan.com\/wp-content\/uploads\/2020\/10\/Asset-1-10-1024x300.png 1024w, https:\/\/www.arsan.com\/wp-content\/uploads\/2020\/10\/Asset-1-10-768x225.png 768w, https:\/\/www.arsan.com\/wp-content\/uploads\/2020\/10\/Asset-1-10-1536x450.png 1536w, https:\/\/www.arsan.com\/wp-content\/uploads\/2020\/10\/Asset-1-10-2048x600.png 2048w, https:\/\/www.arsan.com\/wp-content\/uploads\/2020\/10\/Asset-1-10-16x5.png 16w, https:\/\/www.arsan.com\/wp-content\/uploads\/2020\/10\/Asset-1-10-1200x351.png 1200w\" sizes=\"(max-width: 2560px) 100vw, 2560px\" \/><\/a>\n\t\t\t<\/div>\n\t\t\t\t<figcaption class='wp-caption-text gallery-caption' id='gallery-12-2180'>\n\t\t\t\tCode: 541.007\n\t\t\t\t<\/figcaption><\/figure><figure class='gallery-item'>\n\t\t\t<div class='gallery-icon landscape'>\n\t\t\t\t<a data-elementor-open-lightbox=\"yes\" data-elementor-lightbox-slideshow=\"a038daa\" data-e-action-hash=\"#elementor-action%3Aaction%3Dlightbox%26settings%3DeyJpZCI6MjE4MSwidXJsIjoiaHR0cHM6XC9cL3d3dy5hcnNhbi5jb21cL3dwLWNvbnRlbnRcL3VwbG9hZHNcLzIwMjBcLzEwXC9Bc3NldC0yLTExLnBuZyIsInNsaWRlc2hvdyI6ImEwMzhkYWEifQ%3D%3D\" href='https:\/\/www.arsan.com\/wp-content\/uploads\/2020\/10\/Asset-2-11.png' data-lbwps-width=\"2560\" data-lbwps-height=\"695\" data-lbwps-srcsmall=\"https:\/\/www.arsan.com\/wp-content\/uploads\/2020\/10\/Asset-2-11.png\"><img decoding=\"async\" width=\"2560\" height=\"695\" src=\"https:\/\/www.arsan.com\/wp-content\/uploads\/2020\/10\/Asset-2-11.png\" class=\"attachment-full size-full\" alt=\"\" aria-describedby=\"gallery-12-2181\" srcset=\"https:\/\/www.arsan.com\/wp-content\/uploads\/2020\/10\/Asset-2-11.png 2560w, https:\/\/www.arsan.com\/wp-content\/uploads\/2020\/10\/Asset-2-11-300x81.png 300w, https:\/\/www.arsan.com\/wp-content\/uploads\/2020\/10\/Asset-2-11-1024x278.png 1024w, https:\/\/www.arsan.com\/wp-content\/uploads\/2020\/10\/Asset-2-11-768x208.png 768w, https:\/\/www.arsan.com\/wp-content\/uploads\/2020\/10\/Asset-2-11-1536x417.png 1536w, https:\/\/www.arsan.com\/wp-content\/uploads\/2020\/10\/Asset-2-11-2048x556.png 2048w, https:\/\/www.arsan.com\/wp-content\/uploads\/2020\/10\/Asset-2-11-16x4.png 16w, https:\/\/www.arsan.com\/wp-content\/uploads\/2020\/10\/Asset-2-11-1200x326.png 1200w\" sizes=\"(max-width: 2560px) 100vw, 2560px\" \/><\/a>\n\t\t\t<\/div>\n\t\t\t\t<figcaption class='wp-caption-text gallery-caption' id='gallery-12-2181'>\n\t\t\t\tCode: 758.001\n\t\t\t\t<\/figcaption><\/figure>\n\t\t<\/div>\n\t\t<\/div>\n\t\t\t\t\t\t<\/div>\n\t\t\t\t<\/div>\n\t\t\t\t\t<\/div>\n\t\t<\/div>\n\t\t\t\t\t<\/div>\n\t\t<\/section>\n\t\t\t\t<\/div>","protected":false},"excerpt":{"rendered":"<p>Di\u011fer \u00dcr\u00fcnler Kau\u00e7uk Profiller D Profiller Dorse Kap\u0131 Profilleri Dilatasyon Profilleri Kanal Kapak Contalar\u0131 Kelep\u00e7e Lastikleri Kap\u0131 Garaj Profilleri Kablo Koruma Profilleri Bant Profiller P Profiller L Profiller U Profiller \u00c7e\u015fitli Profiller Duvar K\u00f6\u015fe Koruma Reflektif K\u00f6\u015fe Koruma Duvar Koruma K\u00f6\u015fe Koruma H\u0131z Kasisi Kau\u00e7uk Bariyer Code: 541.007 Code: 758.001<\/p>","protected":false},"author":2,"featured_media":0,"parent":1548,"menu_order":0,"comment_status":"closed","ping_status":"closed","template":"","meta":{"footnotes":""},"class_list":["post-1997","page","type-page","status-publish","hentry"],"aioseo_notices":[],"_links":{"self":[{"href":"https:\/\/www.arsan.com\/en\/wp-json\/wp\/v2\/pages\/1997","targetHints":{"allow":["GET"]}}],"collection":[{"href":"https:\/\/www.arsan.com\/en\/wp-json\/wp\/v2\/pages"}],"about":[{"href":"https:\/\/www.arsan.com\/en\/wp-json\/wp\/v2\/types\/page"}],"author":[{"embeddable":true,"href":"https:\/\/www.arsan.com\/en\/wp-json\/wp\/v2\/users\/2"}],"replies":[{"embeddable":true,"href":"https:\/\/www.arsan.com\/en\/wp-json\/wp\/v2\/comments?post=1997"}],"version-history":[{"count":0,"href":"https:\/\/www.arsan.com\/en\/wp-json\/wp\/v2\/pages\/1997\/revisions"}],"up":[{"embeddable":true,"href":"https:\/\/www.arsan.com\/en\/wp-json\/wp\/v2\/pages\/1548"}],"wp:attachment":[{"href":"https:\/\/www.arsan.com\/en\/wp-json\/wp\/v2\/media?parent=1997"}],"curies":[{"name":"wp","href":"https:\/\/api.w.org\/{rel}","templated":true}]}}