{"id":1989,"date":"2020-10-18T23:50:58","date_gmt":"2020-10-18T20:50:58","guid":{"rendered":"https:\/\/www.arsan.com\/?page_id=1989"},"modified":"2022-12-27T09:12:46","modified_gmt":"2022-12-27T06:12:46","slug":"l-profiller","status":"publish","type":"page","link":"https:\/\/www.arsan.com\/en\/urunlerimiz\/diger-urunler\/l-profiller\/","title":{"rendered":"L Profiles"},"content":{"rendered":"<div data-elementor-type=\"wp-page\" data-elementor-id=\"1989\" class=\"elementor elementor-1989\" data-elementor-post-type=\"page\">\n\t\t\t\t\t\t<section class=\"elementor-section elementor-top-section elementor-element elementor-element-39dddfb3 elementor-section-boxed elementor-section-height-default elementor-section-height-default\" data-id=\"39dddfb3\" data-element_type=\"section\" data-e-type=\"section\" data-settings=\"{&quot;background_background&quot;:&quot;classic&quot;}\">\n\t\t\t\t\t\t<div class=\"elementor-container elementor-column-gap-default\">\n\t\t\t\t\t<div class=\"elementor-column elementor-col-33 elementor-top-column elementor-element elementor-element-6aacfe1b\" data-id=\"6aacfe1b\" data-element_type=\"column\" data-e-type=\"column\" data-settings=\"{&quot;background_background&quot;:&quot;gradient&quot;}\">\n\t\t\t<div class=\"elementor-widget-wrap elementor-element-populated\">\n\t\t\t\t\t\t<div class=\"elementor-element elementor-element-785ae987 elementor-widget elementor-widget-text-editor\" data-id=\"785ae987\" data-element_type=\"widget\" data-e-type=\"widget\" data-widget_type=\"text-editor.default\">\n\t\t\t\t<div class=\"elementor-widget-container\">\n\t\t\t\t\t\t\t\t\t<p><span style=\"color: #ffffff;\">Other Products<\/span><\/p>\t\t\t\t\t\t\t\t<\/div>\n\t\t\t\t<\/div>\n\t\t\t\t<div class=\"elementor-element elementor-element-325f1ea5 elementor-widget elementor-widget-text-editor\" data-id=\"325f1ea5\" data-element_type=\"widget\" data-e-type=\"widget\" data-widget_type=\"text-editor.default\">\n\t\t\t\t<div class=\"elementor-widget-container\">\n\t\t\t\t\t\t\t\t\t<ul><li><span style=\"text-decoration: underline;\"><span style=\"color: #ffffff; text-decoration: underline;\">Rubber Profiles<\/span><\/span><ul><li><a href=\"https:\/\/www.arsan.com\/urunlerimiz\/diger-urunler\/d-profiller\/\">D Profiles<\/a><\/li><li><a href=\"https:\/\/www.arsan.com\/urunlerimiz\/diger-urunler\/dorse-kapi-profiller\/\">Trailer Door Profiles<\/a><\/li><li><a href=\"https:\/\/www.arsan.com\/urunlerimiz\/diger-urunler\/dilatasyon-profilleri\/\">Dilatation Profiles<\/a><\/li><li><a href=\"https:\/\/www.arsan.com\/urunlerimiz\/diger-urunler\/kanal-kapak-contalari\/\">Manhole Gaskets<\/a><\/li><li><a href=\"https:\/\/www.arsan.com\/urunlerimiz\/diger-urunler\/kelepce-lastikleri\/\">Clamp Profiles<\/a><\/li><li><a href=\"https:\/\/www.arsan.com\/urunlerimiz\/diger-urunler\/kapi-garaj-profilleri\/\">Door Garage Profiles<\/a><\/li><li><a href=\"https:\/\/www.arsan.com\/urunlerimiz\/diger-urunler\/kablo-koruma-profilleri\/\">Cable Protection Profiles<\/a><\/li><li><a href=\"https:\/\/www.arsan.com\/urunlerimiz\/diger-urunler\/bant-profiller\/\">Band Profiles<\/a><\/li><li><a href=\"https:\/\/www.arsan.com\/urunlerimiz\/diger-urunler\/p-profiller\/\">P Profiles<\/a><\/li><li><a href=\"https:\/\/www.arsan.com\/urunlerimiz\/diger-urunler\/l-profiller\/\">L Profiles<\/a><\/li><li><a href=\"https:\/\/www.arsan.com\/urunlerimiz\/diger-urunler\/u-profiller\/\">U Profiles<\/a><\/li><li><a href=\"https:\/\/www.arsan.com\/urunlerimiz\/diger-urunler\/cesitli-profiller\/\">Various Profiles<\/a><\/li><\/ul><\/li><li><span style=\"text-decoration: underline;\"><span style=\"color: #ffffff; text-decoration: underline;\">Wall &amp; Corner Protection<\/span><\/span><ul><li><a href=\"https:\/\/www.arsan.com\/urunlerimiz\/diger-urunler\/reflektif-kose-koruma\/\">Reflective Corner Protection<\/a><\/li><li><a href=\"https:\/\/www.arsan.com\/urunlerimiz\/diger-urunler\/duvar-koruma\/\">Wall Protection<\/a><\/li><li><a href=\"https:\/\/www.arsan.com\/urunlerimiz\/diger-urunler\/kose-koruma\/\">Corner Protection<\/a><\/li><li><a href=\"https:\/\/www.arsan.com\/urunlerimiz\/diger-urunler\/hiz-kasisi\/\">Speed Bump<\/a><\/li><li><a href=\"https:\/\/www.arsan.com\/urunlerimiz\/diger-urunler\/kaucuk-bariyer\/\">Rubber Barrier<\/a><\/li><\/ul><\/li><\/ul>\t\t\t\t\t\t\t\t<\/div>\n\t\t\t\t<\/div>\n\t\t\t\t\t<\/div>\n\t\t<\/div>\n\t\t\t\t<div class=\"elementor-column elementor-col-66 elementor-top-column elementor-element elementor-element-47479dca\" data-id=\"47479dca\" data-element_type=\"column\" data-e-type=\"column\">\n\t\t\t<div class=\"elementor-widget-wrap elementor-element-populated\">\n\t\t\t\t\t\t<div class=\"elementor-element elementor-element-49ee6e03 elementor-widget elementor-widget-image\" data-id=\"49ee6e03\" data-element_type=\"widget\" data-e-type=\"widget\" data-widget_type=\"image.default\">\n\t\t\t\t<div class=\"elementor-widget-container\">\n\t\t\t\t\t\t\t\t\t\t\t\t\t\t\t<img fetchpriority=\"high\" decoding=\"async\" width=\"1100\" height=\"300\" src=\"https:\/\/www.arsan.com\/wp-content\/uploads\/2022\/12\/diger-urunler.jpg\" class=\"attachment-full size-full wp-image-4403\" alt=\"\" srcset=\"https:\/\/www.arsan.com\/wp-content\/uploads\/2022\/12\/diger-urunler.jpg 1100w, https:\/\/www.arsan.com\/wp-content\/uploads\/2022\/12\/diger-urunler-300x82.jpg 300w, https:\/\/www.arsan.com\/wp-content\/uploads\/2022\/12\/diger-urunler-1024x279.jpg 1024w, https:\/\/www.arsan.com\/wp-content\/uploads\/2022\/12\/diger-urunler-768x209.jpg 768w, https:\/\/www.arsan.com\/wp-content\/uploads\/2022\/12\/diger-urunler-18x5.jpg 18w\" sizes=\"(max-width: 1100px) 100vw, 1100px\" \/>\t\t\t\t\t\t\t\t\t\t\t\t\t\t\t<\/div>\n\t\t\t\t<\/div>\n\t\t\t\t<div class=\"elementor-element elementor-element-eb71055 gallery-spacing-custom elementor-widget elementor-widget-image-gallery\" data-id=\"eb71055\" data-element_type=\"widget\" data-e-type=\"widget\" data-widget_type=\"image-gallery.default\">\n\t\t\t\t<div class=\"elementor-widget-container\">\n\t\t\t\t\t\t\t<div class=\"elementor-image-gallery\">\n\t\t\t<div id='gallery-16' class='gallery galleryid-1989 gallery-columns-2 gallery-size-full'><figure class='gallery-item'>\n\t\t\t<div class='gallery-icon landscape'>\n\t\t\t\t<a data-elementor-open-lightbox=\"yes\" data-elementor-lightbox-slideshow=\"eb71055\" data-e-action-hash=\"#elementor-action%3Aaction%3Dlightbox%26settings%3DeyJpZCI6MjExNSwidXJsIjoiaHR0cHM6XC9cL3d3dy5hcnNhbi5jb21cL3dwLWNvbnRlbnRcL3VwbG9hZHNcLzIwMjBcLzEwXC9Bc3NldC0yLTcucG5nIiwic2xpZGVzaG93IjoiZWI3MTA1NSJ9\" href='https:\/\/www.arsan.com\/wp-content\/uploads\/2020\/10\/Asset-2-7.png' data-lbwps-width=\"774\" data-lbwps-height=\"583\" data-lbwps-srcsmall=\"https:\/\/www.arsan.com\/wp-content\/uploads\/2020\/10\/Asset-2-7.png\"><img decoding=\"async\" width=\"774\" height=\"583\" src=\"https:\/\/www.arsan.com\/wp-content\/uploads\/2020\/10\/Asset-2-7.png\" class=\"attachment-full size-full\" alt=\"\" aria-describedby=\"gallery-16-2115\" srcset=\"https:\/\/www.arsan.com\/wp-content\/uploads\/2020\/10\/Asset-2-7.png 774w, https:\/\/www.arsan.com\/wp-content\/uploads\/2020\/10\/Asset-2-7-300x226.png 300w, https:\/\/www.arsan.com\/wp-content\/uploads\/2020\/10\/Asset-2-7-768x578.png 768w, https:\/\/www.arsan.com\/wp-content\/uploads\/2020\/10\/Asset-2-7-16x12.png 16w\" sizes=\"(max-width: 774px) 100vw, 774px\" \/><\/a>\n\t\t\t<\/div>\n\t\t\t\t<figcaption class='wp-caption-text gallery-caption' id='gallery-16-2115'>\n\t\t\t\tCode: 308.017\n\t\t\t\t<\/figcaption><\/figure><figure class='gallery-item'>\n\t\t\t<div class='gallery-icon landscape'>\n\t\t\t\t<a data-elementor-open-lightbox=\"yes\" data-elementor-lightbox-slideshow=\"eb71055\" data-e-action-hash=\"#elementor-action%3Aaction%3Dlightbox%26settings%3DeyJpZCI6MjExNiwidXJsIjoiaHR0cHM6XC9cL3d3dy5hcnNhbi5jb21cL3dwLWNvbnRlbnRcL3VwbG9hZHNcLzIwMjBcLzEwXC9Bc3NldC0zLTcucG5nIiwic2xpZGVzaG93IjoiZWI3MTA1NSJ9\" href='https:\/\/www.arsan.com\/wp-content\/uploads\/2020\/10\/Asset-3-7.png' data-lbwps-width=\"711\" data-lbwps-height=\"583\" data-lbwps-srcsmall=\"https:\/\/www.arsan.com\/wp-content\/uploads\/2020\/10\/Asset-3-7.png\"><img decoding=\"async\" width=\"711\" height=\"583\" src=\"https:\/\/www.arsan.com\/wp-content\/uploads\/2020\/10\/Asset-3-7.png\" class=\"attachment-full size-full\" alt=\"\" srcset=\"https:\/\/www.arsan.com\/wp-content\/uploads\/2020\/10\/Asset-3-7.png 711w, https:\/\/www.arsan.com\/wp-content\/uploads\/2020\/10\/Asset-3-7-300x246.png 300w, https:\/\/www.arsan.com\/wp-content\/uploads\/2020\/10\/Asset-3-7-16x12.png 16w\" sizes=\"(max-width: 711px) 100vw, 711px\" \/><\/a>\n\t\t\t<\/div><\/figure>\n\t\t<\/div>\n\t\t<\/div>\n\t\t\t\t\t\t<\/div>\n\t\t\t\t<\/div>\n\t\t\t\t\t<\/div>\n\t\t<\/div>\n\t\t\t\t\t<\/div>\n\t\t<\/section>\n\t\t\t\t<\/div>","protected":false},"excerpt":{"rendered":"<p>Di\u011fer \u00dcr\u00fcnler Kau\u00e7uk Profiller D Profiller Dorse Kap\u0131 Profilleri Dilatasyon Profilleri Kanal Kapak Contalar\u0131 Kelep\u00e7e Lastikleri Kap\u0131 Garaj Profilleri Kablo Koruma Profilleri Bant Profiller P Profiller L Profiller U Profiller \u00c7e\u015fitli Profiller Duvar K\u00f6\u015fe Koruma Reflektif K\u00f6\u015fe Koruma Duvar Koruma K\u00f6\u015fe Koruma H\u0131z Kasisi Kau\u00e7uk Bariyer Code: 308.017<\/p>","protected":false},"author":2,"featured_media":0,"parent":1548,"menu_order":0,"comment_status":"closed","ping_status":"closed","template":"","meta":{"footnotes":""},"class_list":["post-1989","page","type-page","status-publish","hentry"],"aioseo_notices":[],"_links":{"self":[{"href":"https:\/\/www.arsan.com\/en\/wp-json\/wp\/v2\/pages\/1989","targetHints":{"allow":["GET"]}}],"collection":[{"href":"https:\/\/www.arsan.com\/en\/wp-json\/wp\/v2\/pages"}],"about":[{"href":"https:\/\/www.arsan.com\/en\/wp-json\/wp\/v2\/types\/page"}],"author":[{"embeddable":true,"href":"https:\/\/www.arsan.com\/en\/wp-json\/wp\/v2\/users\/2"}],"replies":[{"embeddable":true,"href":"https:\/\/www.arsan.com\/en\/wp-json\/wp\/v2\/comments?post=1989"}],"version-history":[{"count":0,"href":"https:\/\/www.arsan.com\/en\/wp-json\/wp\/v2\/pages\/1989\/revisions"}],"up":[{"embeddable":true,"href":"https:\/\/www.arsan.com\/en\/wp-json\/wp\/v2\/pages\/1548"}],"wp:attachment":[{"href":"https:\/\/www.arsan.com\/en\/wp-json\/wp\/v2\/media?parent=1989"}],"curies":[{"name":"wp","href":"https:\/\/api.w.org\/{rel}","templated":true}]}}