{"id":1981,"date":"2020-10-18T23:50:08","date_gmt":"2020-10-18T20:50:08","guid":{"rendered":"https:\/\/www.arsan.com\/?page_id=1981"},"modified":"2022-12-27T09:10:11","modified_gmt":"2022-12-27T06:10:11","slug":"kapi-garaj-profilleri","status":"publish","type":"page","link":"https:\/\/www.arsan.com\/en\/urunlerimiz\/diger-urunler\/kapi-garaj-profilleri\/","title":{"rendered":"Door Garage Profiles"},"content":{"rendered":"<div data-elementor-type=\"wp-page\" data-elementor-id=\"1981\" class=\"elementor elementor-1981\" data-elementor-post-type=\"page\">\n\t\t\t\t\t\t<section class=\"elementor-section elementor-top-section elementor-element elementor-element-5a1108e elementor-section-boxed elementor-section-height-default elementor-section-height-default\" data-id=\"5a1108e\" data-element_type=\"section\" data-e-type=\"section\" data-settings=\"{&quot;background_background&quot;:&quot;classic&quot;}\">\n\t\t\t\t\t\t<div class=\"elementor-container elementor-column-gap-default\">\n\t\t\t\t\t<div class=\"elementor-column elementor-col-33 elementor-top-column elementor-element elementor-element-c1cd88b\" data-id=\"c1cd88b\" data-element_type=\"column\" data-e-type=\"column\" data-settings=\"{&quot;background_background&quot;:&quot;gradient&quot;}\">\n\t\t\t<div class=\"elementor-widget-wrap elementor-element-populated\">\n\t\t\t\t\t\t<div class=\"elementor-element elementor-element-51b8023e elementor-widget elementor-widget-text-editor\" data-id=\"51b8023e\" data-element_type=\"widget\" data-e-type=\"widget\" data-widget_type=\"text-editor.default\">\n\t\t\t\t<div class=\"elementor-widget-container\">\n\t\t\t\t\t\t\t\t\t<p><span style=\"color: #ffffff;\">Other Products<\/span><\/p>\t\t\t\t\t\t\t\t<\/div>\n\t\t\t\t<\/div>\n\t\t\t\t<div class=\"elementor-element elementor-element-562191d7 elementor-widget elementor-widget-text-editor\" data-id=\"562191d7\" data-element_type=\"widget\" data-e-type=\"widget\" data-widget_type=\"text-editor.default\">\n\t\t\t\t<div class=\"elementor-widget-container\">\n\t\t\t\t\t\t\t\t\t<ul><li><span style=\"text-decoration: underline;\"><span style=\"color: #ffffff; text-decoration: underline;\">Rubber Profiles<\/span><\/span><ul><li><a href=\"https:\/\/www.arsan.com\/urunlerimiz\/diger-urunler\/d-profiller\/\">D Profiles<\/a><\/li><li><a href=\"https:\/\/www.arsan.com\/urunlerimiz\/diger-urunler\/dorse-kapi-profiller\/\">Trailer Door Profiles<\/a><\/li><li><a href=\"https:\/\/www.arsan.com\/urunlerimiz\/diger-urunler\/dilatasyon-profilleri\/\">Dilatation Profiles<\/a><\/li><li><a href=\"https:\/\/www.arsan.com\/urunlerimiz\/diger-urunler\/kanal-kapak-contalari\/\">Manhole Gaskets<\/a><\/li><li><a href=\"https:\/\/www.arsan.com\/urunlerimiz\/diger-urunler\/kelepce-lastikleri\/\">Clamp Profiles<\/a><\/li><li><a href=\"https:\/\/www.arsan.com\/urunlerimiz\/diger-urunler\/kapi-garaj-profilleri\/\">Door Garage Profiles<\/a><\/li><li><a href=\"https:\/\/www.arsan.com\/urunlerimiz\/diger-urunler\/kablo-koruma-profilleri\/\">Cable Protection Profiles<\/a><\/li><li><a href=\"https:\/\/www.arsan.com\/urunlerimiz\/diger-urunler\/bant-profiller\/\">Band Profiles<\/a><\/li><li><a href=\"https:\/\/www.arsan.com\/urunlerimiz\/diger-urunler\/p-profiller\/\">P Profiles<\/a><\/li><li><a href=\"https:\/\/www.arsan.com\/urunlerimiz\/diger-urunler\/l-profiller\/\">L Profiles<\/a><\/li><li><a href=\"https:\/\/www.arsan.com\/urunlerimiz\/diger-urunler\/u-profiller\/\">U Profiles<\/a><\/li><li><a href=\"https:\/\/www.arsan.com\/urunlerimiz\/diger-urunler\/cesitli-profiller\/\">Various Profiles<\/a><\/li><\/ul><\/li><li><span style=\"text-decoration: underline;\"><span style=\"color: #ffffff; text-decoration: underline;\">Wall &amp; Corner Protection<\/span><\/span><ul><li><a href=\"https:\/\/www.arsan.com\/urunlerimiz\/diger-urunler\/reflektif-kose-koruma\/\">Reflective Corner Protection<\/a><\/li><li><a href=\"https:\/\/www.arsan.com\/urunlerimiz\/diger-urunler\/duvar-koruma\/\">Wall Protection<\/a><\/li><li><a href=\"https:\/\/www.arsan.com\/urunlerimiz\/diger-urunler\/kose-koruma\/\">Corner Protection<\/a><\/li><li><a href=\"https:\/\/www.arsan.com\/urunlerimiz\/diger-urunler\/hiz-kasisi\/\">Speed Bump<\/a><\/li><li><a href=\"https:\/\/www.arsan.com\/urunlerimiz\/diger-urunler\/kaucuk-bariyer\/\">Rubber Barrier<\/a><\/li><\/ul><\/li><\/ul>\t\t\t\t\t\t\t\t<\/div>\n\t\t\t\t<\/div>\n\t\t\t\t\t<\/div>\n\t\t<\/div>\n\t\t\t\t<div class=\"elementor-column elementor-col-66 elementor-top-column elementor-element elementor-element-2b2a9f6d\" data-id=\"2b2a9f6d\" data-element_type=\"column\" data-e-type=\"column\">\n\t\t\t<div class=\"elementor-widget-wrap elementor-element-populated\">\n\t\t\t\t\t\t<div class=\"elementor-element elementor-element-2c2a640f elementor-widget elementor-widget-image\" data-id=\"2c2a640f\" data-element_type=\"widget\" data-e-type=\"widget\" data-widget_type=\"image.default\">\n\t\t\t\t<div class=\"elementor-widget-container\">\n\t\t\t\t\t\t\t\t\t\t\t\t\t\t\t<img fetchpriority=\"high\" decoding=\"async\" width=\"1100\" height=\"300\" src=\"https:\/\/www.arsan.com\/wp-content\/uploads\/2022\/12\/diger-urunler.jpg\" class=\"attachment-full size-full wp-image-4403\" alt=\"\" srcset=\"https:\/\/www.arsan.com\/wp-content\/uploads\/2022\/12\/diger-urunler.jpg 1100w, https:\/\/www.arsan.com\/wp-content\/uploads\/2022\/12\/diger-urunler-300x82.jpg 300w, https:\/\/www.arsan.com\/wp-content\/uploads\/2022\/12\/diger-urunler-1024x279.jpg 1024w, https:\/\/www.arsan.com\/wp-content\/uploads\/2022\/12\/diger-urunler-768x209.jpg 768w, https:\/\/www.arsan.com\/wp-content\/uploads\/2022\/12\/diger-urunler-18x5.jpg 18w\" sizes=\"(max-width: 1100px) 100vw, 1100px\" \/>\t\t\t\t\t\t\t\t\t\t\t\t\t\t\t<\/div>\n\t\t\t\t<\/div>\n\t\t\t\t<div class=\"elementor-element elementor-element-5ace7bc gallery-spacing-custom elementor-widget elementor-widget-image-gallery\" data-id=\"5ace7bc\" data-element_type=\"widget\" data-e-type=\"widget\" data-widget_type=\"image-gallery.default\">\n\t\t\t\t<div class=\"elementor-widget-container\">\n\t\t\t\t\t\t\t<div class=\"elementor-image-gallery\">\n\t\t\t<div id='gallery-21' class='gallery galleryid-1981 gallery-columns-3 gallery-size-full'><figure class='gallery-item'>\n\t\t\t<div class='gallery-icon landscape'>\n\t\t\t\t<a data-elementor-open-lightbox=\"yes\" data-elementor-lightbox-slideshow=\"5ace7bc\" data-e-action-hash=\"#elementor-action%3Aaction%3Dlightbox%26settings%3DeyJpZCI6MjA3NiwidXJsIjoiaHR0cHM6XC9cL3d3dy5hcnNhbi5jb21cL3dwLWNvbnRlbnRcL3VwbG9hZHNcLzIwMjBcLzEwXC9Bc3NldC0xLTQucG5nIiwic2xpZGVzaG93IjoiNWFjZTdiYyJ9\" href='https:\/\/www.arsan.com\/wp-content\/uploads\/2020\/10\/Asset-1-4.png' data-lbwps-width=\"588\" data-lbwps-height=\"410\" data-lbwps-srcsmall=\"https:\/\/www.arsan.com\/wp-content\/uploads\/2020\/10\/Asset-1-4.png\"><img decoding=\"async\" width=\"588\" height=\"410\" src=\"https:\/\/www.arsan.com\/wp-content\/uploads\/2020\/10\/Asset-1-4.png\" class=\"attachment-full size-full\" alt=\"\" aria-describedby=\"gallery-21-2076\" srcset=\"https:\/\/www.arsan.com\/wp-content\/uploads\/2020\/10\/Asset-1-4.png 588w, https:\/\/www.arsan.com\/wp-content\/uploads\/2020\/10\/Asset-1-4-300x209.png 300w, https:\/\/www.arsan.com\/wp-content\/uploads\/2020\/10\/Asset-1-4-16x12.png 16w\" sizes=\"(max-width: 588px) 100vw, 588px\" \/><\/a>\n\t\t\t<\/div>\n\t\t\t\t<figcaption class='wp-caption-text gallery-caption' id='gallery-21-2076'>\n\t\t\t\tCode: 308.050\n\t\t\t\t<\/figcaption><\/figure><figure class='gallery-item'>\n\t\t\t<div class='gallery-icon landscape'>\n\t\t\t\t<a data-elementor-open-lightbox=\"yes\" data-elementor-lightbox-slideshow=\"5ace7bc\" data-e-action-hash=\"#elementor-action%3Aaction%3Dlightbox%26settings%3DeyJpZCI6MjA3NywidXJsIjoiaHR0cHM6XC9cL3d3dy5hcnNhbi5jb21cL3dwLWNvbnRlbnRcL3VwbG9hZHNcLzIwMjBcLzEwXC9Bc3NldC0yLTMucG5nIiwic2xpZGVzaG93IjoiNWFjZTdiYyJ9\" href='https:\/\/www.arsan.com\/wp-content\/uploads\/2020\/10\/Asset-2-3.png' data-lbwps-width=\"588\" data-lbwps-height=\"410\" data-lbwps-srcsmall=\"https:\/\/www.arsan.com\/wp-content\/uploads\/2020\/10\/Asset-2-3.png\"><img decoding=\"async\" width=\"588\" height=\"410\" src=\"https:\/\/www.arsan.com\/wp-content\/uploads\/2020\/10\/Asset-2-3.png\" class=\"attachment-full size-full\" alt=\"\" aria-describedby=\"gallery-21-2077\" srcset=\"https:\/\/www.arsan.com\/wp-content\/uploads\/2020\/10\/Asset-2-3.png 588w, https:\/\/www.arsan.com\/wp-content\/uploads\/2020\/10\/Asset-2-3-300x209.png 300w, https:\/\/www.arsan.com\/wp-content\/uploads\/2020\/10\/Asset-2-3-16x12.png 16w\" sizes=\"(max-width: 588px) 100vw, 588px\" \/><\/a>\n\t\t\t<\/div>\n\t\t\t\t<figcaption class='wp-caption-text gallery-caption' id='gallery-21-2077'>\n\t\t\t\tCode: 606.003\n\t\t\t\t<\/figcaption><\/figure><figure class='gallery-item'>\n\t\t\t<div class='gallery-icon landscape'>\n\t\t\t\t<a data-elementor-open-lightbox=\"yes\" data-elementor-lightbox-slideshow=\"5ace7bc\" data-e-action-hash=\"#elementor-action%3Aaction%3Dlightbox%26settings%3DeyJpZCI6MjA3OCwidXJsIjoiaHR0cHM6XC9cL3d3dy5hcnNhbi5jb21cL3dwLWNvbnRlbnRcL3VwbG9hZHNcLzIwMjBcLzEwXC9Bc3NldC0zLTMucG5nIiwic2xpZGVzaG93IjoiNWFjZTdiYyJ9\" href='https:\/\/www.arsan.com\/wp-content\/uploads\/2020\/10\/Asset-3-3.png' data-lbwps-width=\"588\" data-lbwps-height=\"410\" data-lbwps-srcsmall=\"https:\/\/www.arsan.com\/wp-content\/uploads\/2020\/10\/Asset-3-3.png\"><img loading=\"lazy\" decoding=\"async\" width=\"588\" height=\"410\" src=\"https:\/\/www.arsan.com\/wp-content\/uploads\/2020\/10\/Asset-3-3.png\" class=\"attachment-full size-full\" alt=\"\" aria-describedby=\"gallery-21-2078\" srcset=\"https:\/\/www.arsan.com\/wp-content\/uploads\/2020\/10\/Asset-3-3.png 588w, https:\/\/www.arsan.com\/wp-content\/uploads\/2020\/10\/Asset-3-3-300x209.png 300w, https:\/\/www.arsan.com\/wp-content\/uploads\/2020\/10\/Asset-3-3-16x12.png 16w\" sizes=\"(max-width: 588px) 100vw, 588px\" \/><\/a>\n\t\t\t<\/div>\n\t\t\t\t<figcaption class='wp-caption-text gallery-caption' id='gallery-21-2078'>\n\t\t\t\tCode: 308.033\n\t\t\t\t<\/figcaption><\/figure><figure class='gallery-item'>\n\t\t\t<div class='gallery-icon landscape'>\n\t\t\t\t<a data-elementor-open-lightbox=\"yes\" data-elementor-lightbox-slideshow=\"5ace7bc\" data-e-action-hash=\"#elementor-action%3Aaction%3Dlightbox%26settings%3DeyJpZCI6MjA3OSwidXJsIjoiaHR0cHM6XC9cL3d3dy5hcnNhbi5jb21cL3dwLWNvbnRlbnRcL3VwbG9hZHNcLzIwMjBcLzEwXC9Bc3NldC00LTMucG5nIiwic2xpZGVzaG93IjoiNWFjZTdiYyJ9\" href='https:\/\/www.arsan.com\/wp-content\/uploads\/2020\/10\/Asset-4-3.png' data-lbwps-width=\"588\" data-lbwps-height=\"410\" data-lbwps-srcsmall=\"https:\/\/www.arsan.com\/wp-content\/uploads\/2020\/10\/Asset-4-3.png\"><img loading=\"lazy\" decoding=\"async\" width=\"588\" height=\"410\" src=\"https:\/\/www.arsan.com\/wp-content\/uploads\/2020\/10\/Asset-4-3.png\" class=\"attachment-full size-full\" alt=\"\" aria-describedby=\"gallery-21-2079\" srcset=\"https:\/\/www.arsan.com\/wp-content\/uploads\/2020\/10\/Asset-4-3.png 588w, https:\/\/www.arsan.com\/wp-content\/uploads\/2020\/10\/Asset-4-3-300x209.png 300w, https:\/\/www.arsan.com\/wp-content\/uploads\/2020\/10\/Asset-4-3-16x12.png 16w\" sizes=\"(max-width: 588px) 100vw, 588px\" \/><\/a>\n\t\t\t<\/div>\n\t\t\t\t<figcaption class='wp-caption-text gallery-caption' id='gallery-21-2079'>\n\t\t\t\tCode: 855.022\n\t\t\t\t<\/figcaption><\/figure><figure class='gallery-item'>\n\t\t\t<div class='gallery-icon landscape'>\n\t\t\t\t<a data-elementor-open-lightbox=\"yes\" data-elementor-lightbox-slideshow=\"5ace7bc\" data-e-action-hash=\"#elementor-action%3Aaction%3Dlightbox%26settings%3DeyJpZCI6MjA4MCwidXJsIjoiaHR0cHM6XC9cL3d3dy5hcnNhbi5jb21cL3dwLWNvbnRlbnRcL3VwbG9hZHNcLzIwMjBcLzEwXC9Bc3NldC01LTMucG5nIiwic2xpZGVzaG93IjoiNWFjZTdiYyJ9\" href='https:\/\/www.arsan.com\/wp-content\/uploads\/2020\/10\/Asset-5-3.png' data-lbwps-width=\"588\" data-lbwps-height=\"410\" data-lbwps-srcsmall=\"https:\/\/www.arsan.com\/wp-content\/uploads\/2020\/10\/Asset-5-3.png\"><img loading=\"lazy\" decoding=\"async\" width=\"588\" height=\"410\" src=\"https:\/\/www.arsan.com\/wp-content\/uploads\/2020\/10\/Asset-5-3.png\" class=\"attachment-full size-full\" alt=\"\" aria-describedby=\"gallery-21-2080\" srcset=\"https:\/\/www.arsan.com\/wp-content\/uploads\/2020\/10\/Asset-5-3.png 588w, https:\/\/www.arsan.com\/wp-content\/uploads\/2020\/10\/Asset-5-3-300x209.png 300w, https:\/\/www.arsan.com\/wp-content\/uploads\/2020\/10\/Asset-5-3-16x12.png 16w\" sizes=\"(max-width: 588px) 100vw, 588px\" \/><\/a>\n\t\t\t<\/div>\n\t\t\t\t<figcaption class='wp-caption-text gallery-caption' id='gallery-21-2080'>\n\t\t\t\tCode: 321.059\n\t\t\t\t<\/figcaption><\/figure><figure class='gallery-item'>\n\t\t\t<div class='gallery-icon landscape'>\n\t\t\t\t<a data-elementor-open-lightbox=\"yes\" data-elementor-lightbox-slideshow=\"5ace7bc\" data-e-action-hash=\"#elementor-action%3Aaction%3Dlightbox%26settings%3DeyJpZCI6MjA4MSwidXJsIjoiaHR0cHM6XC9cL3d3dy5hcnNhbi5jb21cL3dwLWNvbnRlbnRcL3VwbG9hZHNcLzIwMjBcLzEwXC9Bc3NldC02LTIucG5nIiwic2xpZGVzaG93IjoiNWFjZTdiYyJ9\" href='https:\/\/www.arsan.com\/wp-content\/uploads\/2020\/10\/Asset-6-2.png' data-lbwps-width=\"588\" data-lbwps-height=\"410\" data-lbwps-srcsmall=\"https:\/\/www.arsan.com\/wp-content\/uploads\/2020\/10\/Asset-6-2.png\"><img loading=\"lazy\" decoding=\"async\" width=\"588\" height=\"410\" src=\"https:\/\/www.arsan.com\/wp-content\/uploads\/2020\/10\/Asset-6-2.png\" class=\"attachment-full size-full\" alt=\"\" aria-describedby=\"gallery-21-2081\" srcset=\"https:\/\/www.arsan.com\/wp-content\/uploads\/2020\/10\/Asset-6-2.png 588w, https:\/\/www.arsan.com\/wp-content\/uploads\/2020\/10\/Asset-6-2-300x209.png 300w, https:\/\/www.arsan.com\/wp-content\/uploads\/2020\/10\/Asset-6-2-16x12.png 16w\" sizes=\"(max-width: 588px) 100vw, 588px\" \/><\/a>\n\t\t\t<\/div>\n\t\t\t\t<figcaption class='wp-caption-text gallery-caption' id='gallery-21-2081'>\n\t\t\t\tCode: 313.003\n\t\t\t\t<\/figcaption><\/figure><figure class='gallery-item'>\n\t\t\t<div class='gallery-icon landscape'>\n\t\t\t\t<a data-elementor-open-lightbox=\"yes\" data-elementor-lightbox-slideshow=\"5ace7bc\" data-e-action-hash=\"#elementor-action%3Aaction%3Dlightbox%26settings%3DeyJpZCI6MjA4MiwidXJsIjoiaHR0cHM6XC9cL3d3dy5hcnNhbi5jb21cL3dwLWNvbnRlbnRcL3VwbG9hZHNcLzIwMjBcLzEwXC9Bc3NldC03LTIucG5nIiwic2xpZGVzaG93IjoiNWFjZTdiYyJ9\" href='https:\/\/www.arsan.com\/wp-content\/uploads\/2020\/10\/Asset-7-2.png' data-lbwps-width=\"588\" data-lbwps-height=\"410\" data-lbwps-srcsmall=\"https:\/\/www.arsan.com\/wp-content\/uploads\/2020\/10\/Asset-7-2.png\"><img loading=\"lazy\" decoding=\"async\" width=\"588\" height=\"410\" src=\"https:\/\/www.arsan.com\/wp-content\/uploads\/2020\/10\/Asset-7-2.png\" class=\"attachment-full size-full\" alt=\"\" aria-describedby=\"gallery-21-2082\" srcset=\"https:\/\/www.arsan.com\/wp-content\/uploads\/2020\/10\/Asset-7-2.png 588w, https:\/\/www.arsan.com\/wp-content\/uploads\/2020\/10\/Asset-7-2-300x209.png 300w, https:\/\/www.arsan.com\/wp-content\/uploads\/2020\/10\/Asset-7-2-16x12.png 16w\" sizes=\"(max-width: 588px) 100vw, 588px\" \/><\/a>\n\t\t\t<\/div>\n\t\t\t\t<figcaption class='wp-caption-text gallery-caption' id='gallery-21-2082'>\n\t\t\t\tCode: 313.004\n\t\t\t\t<\/figcaption><\/figure><figure class='gallery-item'>\n\t\t\t<div class='gallery-icon landscape'>\n\t\t\t\t<a data-elementor-open-lightbox=\"yes\" data-elementor-lightbox-slideshow=\"5ace7bc\" data-e-action-hash=\"#elementor-action%3Aaction%3Dlightbox%26settings%3DeyJpZCI6MjA4MywidXJsIjoiaHR0cHM6XC9cL3d3dy5hcnNhbi5jb21cL3dwLWNvbnRlbnRcL3VwbG9hZHNcLzIwMjBcLzEwXC9Bc3NldC04LTIucG5nIiwic2xpZGVzaG93IjoiNWFjZTdiYyJ9\" href='https:\/\/www.arsan.com\/wp-content\/uploads\/2020\/10\/Asset-8-2.png' data-lbwps-width=\"588\" data-lbwps-height=\"410\" data-lbwps-srcsmall=\"https:\/\/www.arsan.com\/wp-content\/uploads\/2020\/10\/Asset-8-2.png\"><img loading=\"lazy\" decoding=\"async\" width=\"588\" height=\"410\" src=\"https:\/\/www.arsan.com\/wp-content\/uploads\/2020\/10\/Asset-8-2.png\" class=\"attachment-full size-full\" alt=\"\" aria-describedby=\"gallery-21-2083\" srcset=\"https:\/\/www.arsan.com\/wp-content\/uploads\/2020\/10\/Asset-8-2.png 588w, https:\/\/www.arsan.com\/wp-content\/uploads\/2020\/10\/Asset-8-2-300x209.png 300w, https:\/\/www.arsan.com\/wp-content\/uploads\/2020\/10\/Asset-8-2-16x12.png 16w\" sizes=\"(max-width: 588px) 100vw, 588px\" \/><\/a>\n\t\t\t<\/div>\n\t\t\t\t<figcaption class='wp-caption-text gallery-caption' id='gallery-21-2083'>\n\t\t\t\tCode: 855.003\n\t\t\t\t<\/figcaption><\/figure><figure class='gallery-item'>\n\t\t\t<div class='gallery-icon landscape'>\n\t\t\t\t<a data-elementor-open-lightbox=\"yes\" data-elementor-lightbox-slideshow=\"5ace7bc\" data-e-action-hash=\"#elementor-action%3Aaction%3Dlightbox%26settings%3DeyJpZCI6MjA4NCwidXJsIjoiaHR0cHM6XC9cL3d3dy5hcnNhbi5jb21cL3dwLWNvbnRlbnRcL3VwbG9hZHNcLzIwMjBcLzEwXC9Bc3NldC05LTIucG5nIiwic2xpZGVzaG93IjoiNWFjZTdiYyJ9\" href='https:\/\/www.arsan.com\/wp-content\/uploads\/2020\/10\/Asset-9-2.png' data-lbwps-width=\"588\" data-lbwps-height=\"410\" data-lbwps-srcsmall=\"https:\/\/www.arsan.com\/wp-content\/uploads\/2020\/10\/Asset-9-2.png\"><img loading=\"lazy\" decoding=\"async\" width=\"588\" height=\"410\" src=\"https:\/\/www.arsan.com\/wp-content\/uploads\/2020\/10\/Asset-9-2.png\" class=\"attachment-full size-full\" alt=\"\" aria-describedby=\"gallery-21-2084\" srcset=\"https:\/\/www.arsan.com\/wp-content\/uploads\/2020\/10\/Asset-9-2.png 588w, https:\/\/www.arsan.com\/wp-content\/uploads\/2020\/10\/Asset-9-2-300x209.png 300w, https:\/\/www.arsan.com\/wp-content\/uploads\/2020\/10\/Asset-9-2-16x12.png 16w\" sizes=\"(max-width: 588px) 100vw, 588px\" \/><\/a>\n\t\t\t<\/div>\n\t\t\t\t<figcaption class='wp-caption-text gallery-caption' id='gallery-21-2084'>\n\t\t\t\tCode: 321.024\n\t\t\t\t<\/figcaption><\/figure><figure class='gallery-item'>\n\t\t\t<div class='gallery-icon landscape'>\n\t\t\t\t<a data-elementor-open-lightbox=\"yes\" data-elementor-lightbox-slideshow=\"5ace7bc\" data-e-action-hash=\"#elementor-action%3Aaction%3Dlightbox%26settings%3DeyJpZCI6MjA4NSwidXJsIjoiaHR0cHM6XC9cL3d3dy5hcnNhbi5jb21cL3dwLWNvbnRlbnRcL3VwbG9hZHNcLzIwMjBcLzEwXC9Bc3NldC0xMC0yLnBuZyIsInNsaWRlc2hvdyI6IjVhY2U3YmMifQ%3D%3D\" href='https:\/\/www.arsan.com\/wp-content\/uploads\/2020\/10\/Asset-10-2.png' data-lbwps-width=\"588\" data-lbwps-height=\"410\" data-lbwps-srcsmall=\"https:\/\/www.arsan.com\/wp-content\/uploads\/2020\/10\/Asset-10-2.png\"><img loading=\"lazy\" decoding=\"async\" width=\"588\" height=\"410\" src=\"https:\/\/www.arsan.com\/wp-content\/uploads\/2020\/10\/Asset-10-2.png\" class=\"attachment-full size-full\" alt=\"\" aria-describedby=\"gallery-21-2085\" srcset=\"https:\/\/www.arsan.com\/wp-content\/uploads\/2020\/10\/Asset-10-2.png 588w, https:\/\/www.arsan.com\/wp-content\/uploads\/2020\/10\/Asset-10-2-300x209.png 300w, https:\/\/www.arsan.com\/wp-content\/uploads\/2020\/10\/Asset-10-2-16x12.png 16w\" sizes=\"(max-width: 588px) 100vw, 588px\" \/><\/a>\n\t\t\t<\/div>\n\t\t\t\t<figcaption class='wp-caption-text gallery-caption' id='gallery-21-2085'>\n\t\t\t\tCode: 313.001\n\t\t\t\t<\/figcaption><\/figure><figure class='gallery-item'>\n\t\t\t<div class='gallery-icon landscape'>\n\t\t\t\t<a data-elementor-open-lightbox=\"yes\" data-elementor-lightbox-slideshow=\"5ace7bc\" data-e-action-hash=\"#elementor-action%3Aaction%3Dlightbox%26settings%3DeyJpZCI6MjA4NiwidXJsIjoiaHR0cHM6XC9cL3d3dy5hcnNhbi5jb21cL3dwLWNvbnRlbnRcL3VwbG9hZHNcLzIwMjBcLzEwXC9Bc3NldC0xMS0yLnBuZyIsInNsaWRlc2hvdyI6IjVhY2U3YmMifQ%3D%3D\" href='https:\/\/www.arsan.com\/wp-content\/uploads\/2020\/10\/Asset-11-2.png' data-lbwps-width=\"588\" data-lbwps-height=\"410\" data-lbwps-srcsmall=\"https:\/\/www.arsan.com\/wp-content\/uploads\/2020\/10\/Asset-11-2.png\"><img loading=\"lazy\" decoding=\"async\" width=\"588\" height=\"410\" src=\"https:\/\/www.arsan.com\/wp-content\/uploads\/2020\/10\/Asset-11-2.png\" class=\"attachment-full size-full\" alt=\"\" aria-describedby=\"gallery-21-2086\" srcset=\"https:\/\/www.arsan.com\/wp-content\/uploads\/2020\/10\/Asset-11-2.png 588w, https:\/\/www.arsan.com\/wp-content\/uploads\/2020\/10\/Asset-11-2-300x209.png 300w, https:\/\/www.arsan.com\/wp-content\/uploads\/2020\/10\/Asset-11-2-16x12.png 16w\" sizes=\"(max-width: 588px) 100vw, 588px\" \/><\/a>\n\t\t\t<\/div>\n\t\t\t\t<figcaption class='wp-caption-text gallery-caption' id='gallery-21-2086'>\n\t\t\t\tCode: 855.001\n\t\t\t\t<\/figcaption><\/figure><figure class='gallery-item'>\n\t\t\t<div class='gallery-icon landscape'>\n\t\t\t\t<a data-elementor-open-lightbox=\"yes\" data-elementor-lightbox-slideshow=\"5ace7bc\" data-e-action-hash=\"#elementor-action%3Aaction%3Dlightbox%26settings%3DeyJpZCI6MjA4NywidXJsIjoiaHR0cHM6XC9cL3d3dy5hcnNhbi5jb21cL3dwLWNvbnRlbnRcL3VwbG9hZHNcLzIwMjBcLzEwXC9Bc3NldC0xMi0yLnBuZyIsInNsaWRlc2hvdyI6IjVhY2U3YmMifQ%3D%3D\" href='https:\/\/www.arsan.com\/wp-content\/uploads\/2020\/10\/Asset-12-2.png' data-lbwps-width=\"586\" data-lbwps-height=\"406\" data-lbwps-srcsmall=\"https:\/\/www.arsan.com\/wp-content\/uploads\/2020\/10\/Asset-12-2.png\"><img loading=\"lazy\" decoding=\"async\" width=\"586\" height=\"406\" src=\"https:\/\/www.arsan.com\/wp-content\/uploads\/2020\/10\/Asset-12-2.png\" class=\"attachment-full size-full\" alt=\"\" aria-describedby=\"gallery-21-2087\" srcset=\"https:\/\/www.arsan.com\/wp-content\/uploads\/2020\/10\/Asset-12-2.png 586w, https:\/\/www.arsan.com\/wp-content\/uploads\/2020\/10\/Asset-12-2-300x208.png 300w, https:\/\/www.arsan.com\/wp-content\/uploads\/2020\/10\/Asset-12-2-16x12.png 16w\" sizes=\"(max-width: 586px) 100vw, 586px\" \/><\/a>\n\t\t\t<\/div>\n\t\t\t\t<figcaption class='wp-caption-text gallery-caption' id='gallery-21-2087'>\n\t\t\t\tCode: 473.005\n\t\t\t\t<\/figcaption><\/figure>\n\t\t<\/div>\n\t\t<\/div>\n\t\t\t\t\t\t<\/div>\n\t\t\t\t<\/div>\n\t\t\t\t<div class=\"elementor-element elementor-element-15b3180 gallery-spacing-custom elementor-widget elementor-widget-image-gallery\" data-id=\"15b3180\" data-element_type=\"widget\" data-e-type=\"widget\" data-widget_type=\"image-gallery.default\">\n\t\t\t\t<div class=\"elementor-widget-container\">\n\t\t\t\t\t\t\t<div class=\"elementor-image-gallery\">\n\t\t\t<div id='gallery-22' class='gallery galleryid-1981 gallery-columns-2 gallery-size-full'><figure class='gallery-item'>\n\t\t\t<div class='gallery-icon landscape'>\n\t\t\t\t<a data-elementor-open-lightbox=\"yes\" data-elementor-lightbox-slideshow=\"15b3180\" data-e-action-hash=\"#elementor-action%3Aaction%3Dlightbox%26settings%3DeyJpZCI6MjA5MCwidXJsIjoiaHR0cHM6XC9cL3d3dy5hcnNhbi5jb21cL3dwLWNvbnRlbnRcL3VwbG9hZHNcLzIwMjBcLzEwXC9Bc3NldC0xMy0yLnBuZyIsInNsaWRlc2hvdyI6IjE1YjMxODAifQ%3D%3D\" href='https:\/\/www.arsan.com\/wp-content\/uploads\/2020\/10\/Asset-13-2.png' data-lbwps-width=\"942\" data-lbwps-height=\"410\" data-lbwps-srcsmall=\"https:\/\/www.arsan.com\/wp-content\/uploads\/2020\/10\/Asset-13-2.png\"><img loading=\"lazy\" decoding=\"async\" width=\"942\" height=\"410\" src=\"https:\/\/www.arsan.com\/wp-content\/uploads\/2020\/10\/Asset-13-2.png\" class=\"attachment-full size-full\" alt=\"\" aria-describedby=\"gallery-22-2090\" srcset=\"https:\/\/www.arsan.com\/wp-content\/uploads\/2020\/10\/Asset-13-2.png 942w, https:\/\/www.arsan.com\/wp-content\/uploads\/2020\/10\/Asset-13-2-300x131.png 300w, https:\/\/www.arsan.com\/wp-content\/uploads\/2020\/10\/Asset-13-2-768x334.png 768w, https:\/\/www.arsan.com\/wp-content\/uploads\/2020\/10\/Asset-13-2-16x7.png 16w\" sizes=\"(max-width: 942px) 100vw, 942px\" \/><\/a>\n\t\t\t<\/div>\n\t\t\t\t<figcaption class='wp-caption-text gallery-caption' id='gallery-22-2090'>\n\t\t\t\tCode: 606.004\n\t\t\t\t<\/figcaption><\/figure><figure class='gallery-item'>\n\t\t\t<div class='gallery-icon landscape'>\n\t\t\t\t<a data-elementor-open-lightbox=\"yes\" data-elementor-lightbox-slideshow=\"15b3180\" data-e-action-hash=\"#elementor-action%3Aaction%3Dlightbox%26settings%3DeyJpZCI6MjA5MSwidXJsIjoiaHR0cHM6XC9cL3d3dy5hcnNhbi5jb21cL3dwLWNvbnRlbnRcL3VwbG9hZHNcLzIwMjBcLzEwXC9Bc3NldC0xNC0yLnBuZyIsInNsaWRlc2hvdyI6IjE1YjMxODAifQ%3D%3D\" href='https:\/\/www.arsan.com\/wp-content\/uploads\/2020\/10\/Asset-14-2.png' data-lbwps-width=\"942\" data-lbwps-height=\"410\" data-lbwps-srcsmall=\"https:\/\/www.arsan.com\/wp-content\/uploads\/2020\/10\/Asset-14-2.png\"><img loading=\"lazy\" decoding=\"async\" width=\"942\" height=\"410\" src=\"https:\/\/www.arsan.com\/wp-content\/uploads\/2020\/10\/Asset-14-2.png\" class=\"attachment-full size-full\" alt=\"\" aria-describedby=\"gallery-22-2091\" srcset=\"https:\/\/www.arsan.com\/wp-content\/uploads\/2020\/10\/Asset-14-2.png 942w, https:\/\/www.arsan.com\/wp-content\/uploads\/2020\/10\/Asset-14-2-300x131.png 300w, https:\/\/www.arsan.com\/wp-content\/uploads\/2020\/10\/Asset-14-2-768x334.png 768w, https:\/\/www.arsan.com\/wp-content\/uploads\/2020\/10\/Asset-14-2-16x7.png 16w\" sizes=\"(max-width: 942px) 100vw, 942px\" \/><\/a>\n\t\t\t<\/div>\n\t\t\t\t<figcaption class='wp-caption-text gallery-caption' id='gallery-22-2091'>\n\t\t\t\tCode: 855.022\n\t\t\t\t<\/figcaption><\/figure>\n\t\t<\/div>\n\t\t<\/div>\n\t\t\t\t\t\t<\/div>\n\t\t\t\t<\/div>\n\t\t\t\t\t<\/div>\n\t\t<\/div>\n\t\t\t\t\t<\/div>\n\t\t<\/section>\n\t\t\t\t<\/div>","protected":false},"excerpt":{"rendered":"<p>Di\u011fer \u00dcr\u00fcnler Kau\u00e7uk Profiller D Profiller Dorse Kap\u0131 Profilleri Dilatasyon Profilleri Kanal Kapak Contalar\u0131 Kelep\u00e7e Lastikleri Kap\u0131 Garaj Profilleri Kablo Koruma Profilleri Bant Profiller P Profiller L Profiller U Profiller \u00c7e\u015fitli Profiller Duvar K\u00f6\u015fe Koruma Reflektif K\u00f6\u015fe Koruma Duvar Koruma K\u00f6\u015fe Koruma H\u0131z Kasisi Kau\u00e7uk Bariyer Code: 308.050 Code: 606.003 Code: 308.033 Code: 855.022 Code: [&hellip;]<\/p>\n","protected":false},"author":2,"featured_media":0,"parent":1548,"menu_order":0,"comment_status":"closed","ping_status":"closed","template":"","meta":{"footnotes":""},"class_list":["post-1981","page","type-page","status-publish","hentry"],"aioseo_notices":[],"_links":{"self":[{"href":"https:\/\/www.arsan.com\/en\/wp-json\/wp\/v2\/pages\/1981","targetHints":{"allow":["GET"]}}],"collection":[{"href":"https:\/\/www.arsan.com\/en\/wp-json\/wp\/v2\/pages"}],"about":[{"href":"https:\/\/www.arsan.com\/en\/wp-json\/wp\/v2\/types\/page"}],"author":[{"embeddable":true,"href":"https:\/\/www.arsan.com\/en\/wp-json\/wp\/v2\/users\/2"}],"replies":[{"embeddable":true,"href":"https:\/\/www.arsan.com\/en\/wp-json\/wp\/v2\/comments?post=1981"}],"version-history":[{"count":0,"href":"https:\/\/www.arsan.com\/en\/wp-json\/wp\/v2\/pages\/1981\/revisions"}],"up":[{"embeddable":true,"href":"https:\/\/www.arsan.com\/en\/wp-json\/wp\/v2\/pages\/1548"}],"wp:attachment":[{"href":"https:\/\/www.arsan.com\/en\/wp-json\/wp\/v2\/media?parent=1981"}],"curies":[{"name":"wp","href":"https:\/\/api.w.org\/{rel}","templated":true}]}}