{"id":1841,"date":"2020-10-14T22:51:34","date_gmt":"2020-10-14T19:51:34","guid":{"rendered":"https:\/\/www.arsan.com\/?page_id=1841"},"modified":"2022-12-23T11:38:39","modified_gmt":"2022-12-23T08:38:39","slug":"koruge-boru-contalari","status":"publish","type":"page","link":"https:\/\/www.arsan.com\/en\/urunlerimiz\/boru-contalari\/koruge-boru-contalari\/","title":{"rendered":"Corrugated Pipe Seals"},"content":{"rendered":"<div data-elementor-type=\"wp-page\" data-elementor-id=\"1841\" class=\"elementor elementor-1841\" data-elementor-post-type=\"page\">\n\t\t\t\t\t\t<section class=\"elementor-section elementor-top-section elementor-element elementor-element-43a5ebf2 elementor-section-boxed elementor-section-height-default elementor-section-height-default\" data-id=\"43a5ebf2\" data-element_type=\"section\" data-e-type=\"section\" data-settings=\"{&quot;background_background&quot;:&quot;classic&quot;}\">\n\t\t\t\t\t\t<div class=\"elementor-container elementor-column-gap-default\">\n\t\t\t\t\t<div class=\"elementor-column elementor-col-33 elementor-top-column elementor-element elementor-element-5498725c\" data-id=\"5498725c\" data-element_type=\"column\" data-e-type=\"column\" data-settings=\"{&quot;background_background&quot;:&quot;gradient&quot;}\">\n\t\t\t<div class=\"elementor-widget-wrap elementor-element-populated\">\n\t\t\t\t\t\t<div class=\"elementor-element elementor-element-38564261 elementor-widget elementor-widget-text-editor\" data-id=\"38564261\" data-element_type=\"widget\" data-e-type=\"widget\" data-widget_type=\"text-editor.default\">\n\t\t\t\t<div class=\"elementor-widget-container\">\n\t\t\t\t\t\t\t\t\t<p><span style=\"color: #ffffff;\">Pipe Gaskets<\/span><\/p>\t\t\t\t\t\t\t\t<\/div>\n\t\t\t\t<\/div>\n\t\t\t\t<div class=\"elementor-element elementor-element-41dce321 elementor-widget elementor-widget-text-editor\" data-id=\"41dce321\" data-element_type=\"widget\" data-e-type=\"widget\" data-widget_type=\"text-editor.default\">\n\t\t\t\t<div class=\"elementor-widget-container\">\n\t\t\t\t\t\t\t\t\t<ul><li><a href=\"https:\/\/www.arsan.com\/urunlerimiz\/boru-contalari\/ctp-boru-contalari\/\"><span style=\"text-decoration: underline;\">GRP Pipe Gaskets<\/span><\/a><\/li><li><span style=\"text-decoration: underline;\"><span style=\"color: #ffffff; text-decoration: underline;\">Concrete Pipe Seals<\/span><\/span><ul><li><a href=\"https:\/\/www.arsan.com\/urunlerimiz\/boru-contalari\/entegre-boru-contalari\/\">Integrated Pipe Gaskets<\/a><\/li><li><a href=\"https:\/\/www.arsan.com\/urunlerimiz\/boru-contalari\/amg-profiller-tek-tirnak\/\">AMG Profiles<\/a><\/li><li><a href=\"https:\/\/www.arsan.com\/urunlerimiz\/boru-contalari\/damla-kesit-sigur\/\">O-Ring and Tear Drop Gaskets<\/a><\/li><\/ul><\/li><li><a href=\"https:\/\/www.arsan.com\/urunlerimiz\/boru-contalari\/koruge-boru-contalari\/\"><span style=\"text-decoration: underline;\">Corrugated Pipe Seals<\/span><\/a><\/li><li><span style=\"text-decoration: underline;\"><a href=\"https:\/\/www.arsan.com\/urunlerimiz\/boru-contalari\/duktil-boru-contalari\/\">Ductile Pipe Seals<\/a><\/span><\/li><\/ul>\t\t\t\t\t\t\t\t<\/div>\n\t\t\t\t<\/div>\n\t\t\t\t\t<\/div>\n\t\t<\/div>\n\t\t\t\t<div class=\"elementor-column elementor-col-66 elementor-top-column elementor-element elementor-element-76b55e12\" data-id=\"76b55e12\" data-element_type=\"column\" data-e-type=\"column\">\n\t\t\t<div class=\"elementor-widget-wrap elementor-element-populated\">\n\t\t\t\t\t\t<div class=\"elementor-element elementor-element-6dd2c900 elementor-widget elementor-widget-image\" data-id=\"6dd2c900\" data-element_type=\"widget\" data-e-type=\"widget\" data-widget_type=\"image.default\">\n\t\t\t\t<div class=\"elementor-widget-container\">\n\t\t\t\t\t\t\t\t\t\t\t\t\t\t\t<img fetchpriority=\"high\" decoding=\"async\" width=\"1100\" height=\"300\" src=\"https:\/\/www.arsan.com\/wp-content\/uploads\/2022\/12\/koruge-boru-contalari.jpg\" class=\"attachment-full size-full wp-image-4324\" alt=\"\" srcset=\"https:\/\/www.arsan.com\/wp-content\/uploads\/2022\/12\/koruge-boru-contalari.jpg 1100w, https:\/\/www.arsan.com\/wp-content\/uploads\/2022\/12\/koruge-boru-contalari-300x82.jpg 300w, https:\/\/www.arsan.com\/wp-content\/uploads\/2022\/12\/koruge-boru-contalari-1024x279.jpg 1024w, https:\/\/www.arsan.com\/wp-content\/uploads\/2022\/12\/koruge-boru-contalari-768x209.jpg 768w, https:\/\/www.arsan.com\/wp-content\/uploads\/2022\/12\/koruge-boru-contalari-18x5.jpg 18w\" sizes=\"(max-width: 1100px) 100vw, 1100px\" \/>\t\t\t\t\t\t\t\t\t\t\t\t\t\t\t<\/div>\n\t\t\t\t<\/div>\n\t\t\t\t<div class=\"elementor-element elementor-element-108cd136 elementor-widget elementor-widget-text-editor\" data-id=\"108cd136\" data-element_type=\"widget\" data-e-type=\"widget\" data-widget_type=\"text-editor.default\">\n\t\t\t\t<div class=\"elementor-widget-container\">\n\t\t\t\t\t\t\t\t\t<p>Corrugated pipe gaskets from Arsan are produced according to the EN 681-1 standards.\nThe design of the gasket is made by Arsan\u2019s specialized engineers as for each pipes shape and its working conditions.<\/p><p>When the seals are tested at internal and external pressure, they must provide tightness at 0.5 Bar.<\/p><p>Corrugated pipe seals are designed for PE, PP and PVC corrugated pipes in accordance with high standards and are produced with the experience of Arsan Rubber over 60 years.<\/p><p>Arsan corrugated pipe gaskets have been developed to fill the gap between the pipe \/ muf or pipe \/ coupler and to prevent water leaks from the outside to the inside or from the inside to the outside.<\/p><p>Protect pipe seals; The body consists of the tongue formed for sealing and lips that increase the strength of the gasket. The body of the gasket should fit tightly in the rib space on the pipe. The tongue, which is the factor in the sealing of the gasket, should be both flexible and resistant to the pressure that will occur inside.<\/p><p>\u00a0<\/p><div id=\"gtx-trans\" style=\"position: absolute; left: -4px; top: 429.667px;\"><div class=\"gtx-trans-icon\">\u00a0<\/div><\/div>\t\t\t\t\t\t\t\t<\/div>\n\t\t\t\t<\/div>\n\t\t\t\t\t<\/div>\n\t\t<\/div>\n\t\t\t\t\t<\/div>\n\t\t<\/section>\n\t\t\t\t<\/div>","protected":false},"excerpt":{"rendered":"<p>Boru Contalar\u0131 CTP Boru Contalar\u0131 Beton Boru Contalar\u0131 Entegre Boru Contalar\u0131 AMG Profiller (Tek t\u0131rnak) Damla Kesit &amp; Sigur Koruge Boru Contalar\u0131 D\u00fcktil Boru Contalar\u0131 Arsan Kau\u00e7uk taraf\u0131ndan \u00fcretilen koruge boru contalar\u0131 681-1 standartlar\u0131na uygun olarak \u00fcretilir. Conta dizayn\u0131 firmam\u0131z taraf\u0131ndan, her boru \u00fcreticisini \u00fcr\u00fcnlerine uygun olarak tasarlan\u0131r. S\u0131zd\u0131rmazl\u0131k testlerinin onay\u0131ndan sonra \u00fcretime al\u0131n\u0131r. Contalar [&hellip;]<\/p>\n","protected":false},"author":2,"featured_media":0,"parent":1544,"menu_order":0,"comment_status":"closed","ping_status":"closed","template":"","meta":{"footnotes":""},"class_list":["post-1841","page","type-page","status-publish","hentry"],"aioseo_notices":[],"_links":{"self":[{"href":"https:\/\/www.arsan.com\/en\/wp-json\/wp\/v2\/pages\/1841","targetHints":{"allow":["GET"]}}],"collection":[{"href":"https:\/\/www.arsan.com\/en\/wp-json\/wp\/v2\/pages"}],"about":[{"href":"https:\/\/www.arsan.com\/en\/wp-json\/wp\/v2\/types\/page"}],"author":[{"embeddable":true,"href":"https:\/\/www.arsan.com\/en\/wp-json\/wp\/v2\/users\/2"}],"replies":[{"embeddable":true,"href":"https:\/\/www.arsan.com\/en\/wp-json\/wp\/v2\/comments?post=1841"}],"version-history":[{"count":0,"href":"https:\/\/www.arsan.com\/en\/wp-json\/wp\/v2\/pages\/1841\/revisions"}],"up":[{"embeddable":true,"href":"https:\/\/www.arsan.com\/en\/wp-json\/wp\/v2\/pages\/1544"}],"wp:attachment":[{"href":"https:\/\/www.arsan.com\/en\/wp-json\/wp\/v2\/media?parent=1841"}],"curies":[{"name":"wp","href":"https:\/\/api.w.org\/{rel}","templated":true}]}}