{"id":1839,"date":"2020-10-14T22:50:57","date_gmt":"2020-10-14T19:50:57","guid":{"rendered":"https:\/\/www.arsan.com\/?page_id=1839"},"modified":"2022-12-23T10:54:11","modified_gmt":"2022-12-23T07:54:11","slug":"ctp-boru-contalari","status":"publish","type":"page","link":"https:\/\/www.arsan.com\/en\/urunlerimiz\/boru-contalari\/ctp-boru-contalari\/","title":{"rendered":"GRP Pipe Gaskets"},"content":{"rendered":"<div data-elementor-type=\"wp-page\" data-elementor-id=\"1839\" class=\"elementor elementor-1839\" data-elementor-post-type=\"page\">\n\t\t\t\t\t\t<section class=\"elementor-section elementor-top-section elementor-element elementor-element-4e4cddde elementor-section-boxed elementor-section-height-default elementor-section-height-default\" data-id=\"4e4cddde\" data-element_type=\"section\" data-e-type=\"section\" data-settings=\"{&quot;background_background&quot;:&quot;classic&quot;}\">\n\t\t\t\t\t\t<div class=\"elementor-container elementor-column-gap-default\">\n\t\t\t\t\t<div class=\"elementor-column elementor-col-33 elementor-top-column elementor-element elementor-element-72028b9e\" data-id=\"72028b9e\" data-element_type=\"column\" data-e-type=\"column\" data-settings=\"{&quot;background_background&quot;:&quot;gradient&quot;}\">\n\t\t\t<div class=\"elementor-widget-wrap elementor-element-populated\">\n\t\t\t\t\t\t<div class=\"elementor-element elementor-element-7e26e812 elementor-widget elementor-widget-text-editor\" data-id=\"7e26e812\" data-element_type=\"widget\" data-e-type=\"widget\" data-widget_type=\"text-editor.default\">\n\t\t\t\t<div class=\"elementor-widget-container\">\n\t\t\t\t\t\t\t\t\t<p><span style=\"color: #ffffff;\">Pipe Gaskets<\/span><\/p>\t\t\t\t\t\t\t\t<\/div>\n\t\t\t\t<\/div>\n\t\t\t\t<div class=\"elementor-element elementor-element-4e9444cd elementor-widget elementor-widget-text-editor\" data-id=\"4e9444cd\" data-element_type=\"widget\" data-e-type=\"widget\" data-widget_type=\"text-editor.default\">\n\t\t\t\t<div class=\"elementor-widget-container\">\n\t\t\t\t\t\t\t\t\t<ul><li><a href=\"https:\/\/www.arsan.com\/urunlerimiz\/boru-contalari\/ctp-boru-contalari\/\"><span style=\"text-decoration: underline;\"><span style=\"text-decoration: underline;\">GRP Pipe Gaskets<\/span><\/span><\/a><\/li><li><span style=\"text-decoration: underline;\"><span style=\"color: #ffffff; text-decoration: underline;\">Concrete Pipe Seals<\/span><\/span><ul><li><a href=\"https:\/\/www.arsan.com\/urunlerimiz\/boru-contalari\/entegre-boru-contalari\/\">Integrated Pipe Gaskets<\/a><\/li><li><a href=\"https:\/\/www.arsan.com\/urunlerimiz\/boru-contalari\/amg-profiller-tek-tirnak\/\">AMG Profiles<\/a><\/li><li><a href=\"https:\/\/www.arsan.com\/urunlerimiz\/boru-contalari\/damla-kesit-sigur\/\">O-Ring and Tear Drop Gaskets<\/a><\/li><\/ul><\/li><li><a href=\"https:\/\/www.arsan.com\/urunlerimiz\/boru-contalari\/koruge-boru-contalari\/\"><span style=\"text-decoration: underline;\"><span style=\"text-decoration: underline;\">Corrugated Pipe Seals<\/span><\/span><\/a><\/li><\/ul>\t\t\t\t\t\t\t\t<\/div>\n\t\t\t\t<\/div>\n\t\t\t\t\t<\/div>\n\t\t<\/div>\n\t\t\t\t<div class=\"elementor-column elementor-col-66 elementor-top-column elementor-element elementor-element-5d68a241\" data-id=\"5d68a241\" data-element_type=\"column\" data-e-type=\"column\">\n\t\t\t<div class=\"elementor-widget-wrap elementor-element-populated\">\n\t\t\t\t\t\t<div class=\"elementor-element elementor-element-2f782d26 elementor-widget elementor-widget-image\" data-id=\"2f782d26\" data-element_type=\"widget\" data-e-type=\"widget\" data-widget_type=\"image.default\">\n\t\t\t\t<div class=\"elementor-widget-container\">\n\t\t\t\t\t\t\t\t\t\t\t\t\t\t\t<img fetchpriority=\"high\" decoding=\"async\" width=\"1100\" height=\"300\" src=\"https:\/\/www.arsan.com\/wp-content\/uploads\/2022\/12\/ctp-boru-contalari.jpg\" class=\"attachment-full size-full wp-image-4312\" alt=\"\" srcset=\"https:\/\/www.arsan.com\/wp-content\/uploads\/2022\/12\/ctp-boru-contalari.jpg 1100w, https:\/\/www.arsan.com\/wp-content\/uploads\/2022\/12\/ctp-boru-contalari-300x82.jpg 300w, https:\/\/www.arsan.com\/wp-content\/uploads\/2022\/12\/ctp-boru-contalari-1024x279.jpg 1024w, https:\/\/www.arsan.com\/wp-content\/uploads\/2022\/12\/ctp-boru-contalari-768x209.jpg 768w, https:\/\/www.arsan.com\/wp-content\/uploads\/2022\/12\/ctp-boru-contalari-18x5.jpg 18w\" sizes=\"(max-width: 1100px) 100vw, 1100px\" \/>\t\t\t\t\t\t\t\t\t\t\t\t\t\t\t<\/div>\n\t\t\t\t<\/div>\n\t\t\t\t<div class=\"elementor-element elementor-element-daa417f elementor-widget elementor-widget-text-editor\" data-id=\"daa417f\" data-element_type=\"widget\" data-e-type=\"widget\" data-widget_type=\"text-editor.default\">\n\t\t\t\t<div class=\"elementor-widget-container\">\n\t\t\t\t\t\t\t\t\t<p>Arsan Kaucuk manufactures glass fiber (GRP) reinforced pipes and gaskets.<\/p><p>Arsan Kau\u00e7uk, a supplier of many GRP pipe producers both in Turkey and abroad, produces these gaskets in accordance with customer specifications.<\/p><p>Formulas used in GRP Gaskets; It is produced by NSF and can be used in drinking water.<\/p>\t\t\t\t\t\t\t\t<\/div>\n\t\t\t\t<\/div>\n\t\t\t\t<div class=\"elementor-element elementor-element-c4bd906 elementor-widget elementor-widget-text-editor\" data-id=\"c4bd906\" data-element_type=\"widget\" data-e-type=\"widget\" data-widget_type=\"text-editor.default\">\n\t\t\t\t<div class=\"elementor-widget-container\">\n\t\t\t\t\t\t\t\t\t<h3>REKA TYPE<\/h3>\t\t\t\t\t\t\t\t<\/div>\n\t\t\t\t<\/div>\n\t\t\t\t<div class=\"elementor-element elementor-element-e05c9d6 elementor-widget elementor-widget-image\" data-id=\"e05c9d6\" data-element_type=\"widget\" data-e-type=\"widget\" data-widget_type=\"image.default\">\n\t\t\t\t<div class=\"elementor-widget-container\">\n\t\t\t\t\t\t\t\t\t\t\t\t\t\t\t<img decoding=\"async\" width=\"600\" height=\"320\" src=\"https:\/\/www.arsan.com\/wp-content\/uploads\/2020\/10\/CTP_subr.jpg\" class=\"attachment-full size-full wp-image-1857\" alt=\"\" srcset=\"https:\/\/www.arsan.com\/wp-content\/uploads\/2020\/10\/CTP_subr.jpg 600w, https:\/\/www.arsan.com\/wp-content\/uploads\/2020\/10\/CTP_subr-300x160.jpg 300w, https:\/\/www.arsan.com\/wp-content\/uploads\/2020\/10\/CTP_subr-16x9.jpg 16w\" sizes=\"(max-width: 600px) 100vw, 600px\" \/>\t\t\t\t\t\t\t\t\t\t\t\t\t\t\t<\/div>\n\t\t\t\t<\/div>\n\t\t\t\t<div class=\"elementor-element elementor-element-733fd81 elementor-widget elementor-widget-text-editor\" data-id=\"733fd81\" data-element_type=\"widget\" data-e-type=\"widget\" data-widget_type=\"text-editor.default\">\n\t\t\t\t<div class=\"elementor-widget-container\">\n\t\t\t\t\t\t\t\t\t<h3>FULLFACE TYPE<\/h3>\t\t\t\t\t\t\t\t<\/div>\n\t\t\t\t<\/div>\n\t\t\t\t<div class=\"elementor-element elementor-element-ddd9aae elementor-widget elementor-widget-image\" data-id=\"ddd9aae\" data-element_type=\"widget\" data-e-type=\"widget\" data-widget_type=\"image.default\">\n\t\t\t\t<div class=\"elementor-widget-container\">\n\t\t\t\t\t\t\t\t\t\t\t\t\t\t\t<img decoding=\"async\" width=\"1208\" height=\"166\" src=\"https:\/\/www.arsan.com\/wp-content\/uploads\/2020\/10\/CTP_sprlt1.jpg\" class=\"attachment-full size-full wp-image-1858\" alt=\"\" srcset=\"https:\/\/www.arsan.com\/wp-content\/uploads\/2020\/10\/CTP_sprlt1.jpg 1208w, https:\/\/www.arsan.com\/wp-content\/uploads\/2020\/10\/CTP_sprlt1-300x41.jpg 300w, https:\/\/www.arsan.com\/wp-content\/uploads\/2020\/10\/CTP_sprlt1-1024x141.jpg 1024w, https:\/\/www.arsan.com\/wp-content\/uploads\/2020\/10\/CTP_sprlt1-768x106.jpg 768w, https:\/\/www.arsan.com\/wp-content\/uploads\/2020\/10\/CTP_sprlt1-16x2.jpg 16w, https:\/\/www.arsan.com\/wp-content\/uploads\/2020\/10\/CTP_sprlt1-1200x165.jpg 1200w\" sizes=\"(max-width: 1208px) 100vw, 1208px\" \/>\t\t\t\t\t\t\t\t\t\t\t\t\t\t\t<\/div>\n\t\t\t\t<\/div>\n\t\t\t\t\t<\/div>\n\t\t<\/div>\n\t\t\t\t\t<\/div>\n\t\t<\/section>\n\t\t\t\t<\/div>","protected":false},"excerpt":{"rendered":"<p>Boru Contalar\u0131 CTP Boru Contalar\u0131 Beton Boru Contalar\u0131 Entegre Boru Contalar\u0131 AMG Profiller (Tek t\u0131rnak) Damla Kesit &amp; Sigur Koruge Boru Contalar\u0131 Arsan Kau\u00e7uk, cam elyaf (CTP) takviyeli borularda kullan\u0131lan tamy\u00fcz ve reka gasketlerin \u00fcretimini yapmaktad\u0131r. Gerek yurti\u00e7inde gerekse yurtd\u0131\u015f\u0131nda bir \u00e7ok CTP boru \u00fcreticisinin tedarik\u00e7isi olan Arsan Kau\u00e7uk, s\u00f6z konusu contalar\u0131 m\u00fc\u015fteri \u015fartnamelerine uygun [&hellip;]<\/p>\n","protected":false},"author":2,"featured_media":0,"parent":1544,"menu_order":0,"comment_status":"closed","ping_status":"closed","template":"","meta":{"footnotes":""},"class_list":["post-1839","page","type-page","status-publish","hentry"],"aioseo_notices":[],"_links":{"self":[{"href":"https:\/\/www.arsan.com\/en\/wp-json\/wp\/v2\/pages\/1839","targetHints":{"allow":["GET"]}}],"collection":[{"href":"https:\/\/www.arsan.com\/en\/wp-json\/wp\/v2\/pages"}],"about":[{"href":"https:\/\/www.arsan.com\/en\/wp-json\/wp\/v2\/types\/page"}],"author":[{"embeddable":true,"href":"https:\/\/www.arsan.com\/en\/wp-json\/wp\/v2\/users\/2"}],"replies":[{"embeddable":true,"href":"https:\/\/www.arsan.com\/en\/wp-json\/wp\/v2\/comments?post=1839"}],"version-history":[{"count":0,"href":"https:\/\/www.arsan.com\/en\/wp-json\/wp\/v2\/pages\/1839\/revisions"}],"up":[{"embeddable":true,"href":"https:\/\/www.arsan.com\/en\/wp-json\/wp\/v2\/pages\/1544"}],"wp:attachment":[{"href":"https:\/\/www.arsan.com\/en\/wp-json\/wp\/v2\/media?parent=1839"}],"curies":[{"name":"wp","href":"https:\/\/api.w.org\/{rel}","templated":true}]}}