{"id":1836,"date":"2020-10-14T22:49:42","date_gmt":"2020-10-14T19:49:42","guid":{"rendered":"https:\/\/www.arsan.com\/?page_id=1836"},"modified":"2022-12-27T09:05:53","modified_gmt":"2022-12-27T06:05:53","slug":"damla-kesit-sigur","status":"publish","type":"page","link":"https:\/\/www.arsan.com\/en\/urunlerimiz\/boru-contalari\/damla-kesit-sigur\/","title":{"rendered":"O-Ring and Tear Drop Gaskets"},"content":{"rendered":"<div data-elementor-type=\"wp-page\" data-elementor-id=\"1836\" class=\"elementor elementor-1836\" data-elementor-post-type=\"page\">\n\t\t\t\t\t\t<section class=\"elementor-section elementor-top-section elementor-element elementor-element-6aa957e6 elementor-section-boxed elementor-section-height-default elementor-section-height-default\" data-id=\"6aa957e6\" data-element_type=\"section\" data-e-type=\"section\" data-settings=\"{&quot;background_background&quot;:&quot;classic&quot;}\">\n\t\t\t\t\t\t<div class=\"elementor-container elementor-column-gap-default\">\n\t\t\t\t\t<div class=\"elementor-column elementor-col-33 elementor-top-column elementor-element elementor-element-38b569c8\" data-id=\"38b569c8\" data-element_type=\"column\" data-e-type=\"column\" data-settings=\"{&quot;background_background&quot;:&quot;gradient&quot;}\">\n\t\t\t<div class=\"elementor-widget-wrap elementor-element-populated\">\n\t\t\t\t\t\t<div class=\"elementor-element elementor-element-464b8a92 elementor-widget elementor-widget-text-editor\" data-id=\"464b8a92\" data-element_type=\"widget\" data-e-type=\"widget\" data-widget_type=\"text-editor.default\">\n\t\t\t\t<div class=\"elementor-widget-container\">\n\t\t\t\t\t\t\t\t\t<p><span style=\"color: #ffffff;\">Pipe Gaskets<\/span><\/p>\t\t\t\t\t\t\t\t<\/div>\n\t\t\t\t<\/div>\n\t\t\t\t<div class=\"elementor-element elementor-element-2d5c4e8 elementor-widget elementor-widget-text-editor\" data-id=\"2d5c4e8\" data-element_type=\"widget\" data-e-type=\"widget\" data-widget_type=\"text-editor.default\">\n\t\t\t\t<div class=\"elementor-widget-container\">\n\t\t\t\t\t\t\t\t\t<ul><li><a href=\"https:\/\/www.arsan.com\/urunlerimiz\/boru-contalari\/ctp-boru-contalari\/\"><span style=\"text-decoration: underline;\">GRP Pipe Gaskets<\/span><\/a><\/li><li><span style=\"text-decoration: underline;\"><span style=\"color: #ffffff; text-decoration: underline;\">Concrete Pipe Seals<\/span><\/span><ul><li><a href=\"https:\/\/www.arsan.com\/urunlerimiz\/boru-contalari\/entegre-boru-contalari\/\">Integrated Pipe Gaskets<\/a><\/li><li><a href=\"https:\/\/www.arsan.com\/urunlerimiz\/boru-contalari\/amg-profiller-tek-tirnak\/\">AMG Profiles<\/a><\/li><li><a href=\"https:\/\/www.arsan.com\/urunlerimiz\/boru-contalari\/damla-kesit-sigur\/\">O-Ring and Tear Drop Gaskets<\/a><\/li><\/ul><\/li><li><a href=\"https:\/\/www.arsan.com\/urunlerimiz\/boru-contalari\/koruge-boru-contalari\/\"><span style=\"text-decoration: underline;\">Corrugated Pipe Seals<\/span><\/a><\/li><li><span style=\"text-decoration: underline;\"><a href=\"https:\/\/www.arsan.com\/urunlerimiz\/boru-contalari\/duktil-boru-contalari\/\">Ductile Pipe Seals<\/a><\/span><\/li><\/ul>\t\t\t\t\t\t\t\t<\/div>\n\t\t\t\t<\/div>\n\t\t\t\t\t<\/div>\n\t\t<\/div>\n\t\t\t\t<div class=\"elementor-column elementor-col-66 elementor-top-column elementor-element elementor-element-1f49ad2a\" data-id=\"1f49ad2a\" data-element_type=\"column\" data-e-type=\"column\">\n\t\t\t<div class=\"elementor-widget-wrap elementor-element-populated\">\n\t\t\t\t\t\t<div class=\"elementor-element elementor-element-3efebad3 elementor-widget elementor-widget-image\" data-id=\"3efebad3\" data-element_type=\"widget\" data-e-type=\"widget\" data-widget_type=\"image.default\">\n\t\t\t\t<div class=\"elementor-widget-container\">\n\t\t\t\t\t\t\t\t\t\t\t\t\t\t\t<img fetchpriority=\"high\" decoding=\"async\" width=\"1100\" height=\"300\" src=\"https:\/\/www.arsan.com\/wp-content\/uploads\/2022\/12\/amg-1.jpg\" class=\"attachment-full size-full wp-image-4320\" alt=\"\" srcset=\"https:\/\/www.arsan.com\/wp-content\/uploads\/2022\/12\/amg-1.jpg 1100w, https:\/\/www.arsan.com\/wp-content\/uploads\/2022\/12\/amg-1-300x82.jpg 300w, https:\/\/www.arsan.com\/wp-content\/uploads\/2022\/12\/amg-1-1024x279.jpg 1024w, https:\/\/www.arsan.com\/wp-content\/uploads\/2022\/12\/amg-1-768x209.jpg 768w, https:\/\/www.arsan.com\/wp-content\/uploads\/2022\/12\/amg-1-18x5.jpg 18w\" sizes=\"(max-width: 1100px) 100vw, 1100px\" \/>\t\t\t\t\t\t\t\t\t\t\t\t\t\t\t<\/div>\n\t\t\t\t<\/div>\n\t\t\t\t<div class=\"elementor-element elementor-element-4e6b704a elementor-widget elementor-widget-text-editor\" data-id=\"4e6b704a\" data-element_type=\"widget\" data-e-type=\"widget\" data-widget_type=\"text-editor.default\">\n\t\t\t\t<div class=\"elementor-widget-container\">\n\t\t\t\t\t\t\t\t\t<p><strong>Using Place<\/strong><br \/>Tear drop Pipe Gaskets provides excellent sealing at low pressure pipe and chimney.<\/p><p><strong>Seal design and function<\/strong><br \/>Tear drop Pipe Gaskets are designed for particularly low pressure pipes. However, used also in gaskets for high pressure pipelines.\nInstant drop-sectional structure of the gasket compression prevents the damage of seal which is buckling.<\/p><p><strong>Cross Section Gasket Selection<\/strong><br \/>To make the correct choice of seal; roughly 1.5 times the distance between the tube and the socket should be provided.\nFor example, if there is a distance of 14 mm between the first tube and the socket; 14x1,5 = 21 mm thick gasket should be used<\/p><p><strong>Technical Specifications<\/strong><br \/>\u2022 SBR or EPDM Rubber<br \/>\u2022 60\u00b15 Shore A hardness<br \/>\u2022 According to EN 681-1<br \/>\u2022 High resistance to ozone<\/p>\t\t\t\t\t\t\t\t<\/div>\n\t\t\t\t<\/div>\n\t\t\t\t<div class=\"elementor-element elementor-element-1349ba4 gallery-spacing-custom elementor-widget elementor-widget-image-gallery\" data-id=\"1349ba4\" data-element_type=\"widget\" data-e-type=\"widget\" data-widget_type=\"image-gallery.default\">\n\t\t\t\t<div class=\"elementor-widget-container\">\n\t\t\t\t\t\t\t<div class=\"elementor-image-gallery\">\n\t\t\t<div id='gallery-31' class='gallery galleryid-1836 gallery-columns-2 gallery-size-full'><figure class='gallery-item'>\n\t\t\t<div class='gallery-icon landscape'>\n\t\t\t\t<a data-elementor-open-lightbox=\"yes\" data-elementor-lightbox-slideshow=\"1349ba4\" data-elementor-lightbox-title=\"SIGUR-BORU-1\" data-e-action-hash=\"#elementor-action%3Aaction%3Dlightbox%26settings%3DeyJpZCI6MTg3NywidXJsIjoiaHR0cHM6XC9cL3d3dy5hcnNhbi5jb21cL3dwLWNvbnRlbnRcL3VwbG9hZHNcLzIwMjBcLzEwXC9TSUdVUi1CT1JVLTEuanBnIiwic2xpZGVzaG93IjoiMTM0OWJhNCJ9\" href='https:\/\/www.arsan.com\/wp-content\/uploads\/2020\/10\/SIGUR-BORU-1.jpg' data-lbwps-width=\"900\" data-lbwps-height=\"506\" data-lbwps-srcsmall=\"https:\/\/www.arsan.com\/wp-content\/uploads\/2020\/10\/SIGUR-BORU-1.jpg\"><img decoding=\"async\" width=\"900\" height=\"506\" src=\"https:\/\/www.arsan.com\/wp-content\/uploads\/2020\/10\/SIGUR-BORU-1.jpg\" class=\"attachment-full size-full\" alt=\"\" srcset=\"https:\/\/www.arsan.com\/wp-content\/uploads\/2020\/10\/SIGUR-BORU-1.jpg 900w, https:\/\/www.arsan.com\/wp-content\/uploads\/2020\/10\/SIGUR-BORU-1-300x169.jpg 300w, https:\/\/www.arsan.com\/wp-content\/uploads\/2020\/10\/SIGUR-BORU-1-768x432.jpg 768w, https:\/\/www.arsan.com\/wp-content\/uploads\/2020\/10\/SIGUR-BORU-1-16x9.jpg 16w\" sizes=\"(max-width: 900px) 100vw, 900px\" \/><\/a>\n\t\t\t<\/div><\/figure><figure class='gallery-item'>\n\t\t\t<div class='gallery-icon landscape'>\n\t\t\t\t<a data-elementor-open-lightbox=\"yes\" data-elementor-lightbox-slideshow=\"1349ba4\" data-elementor-lightbox-title=\"SIGUR-BORU-3\" data-e-action-hash=\"#elementor-action%3Aaction%3Dlightbox%26settings%3DeyJpZCI6MTg3OCwidXJsIjoiaHR0cHM6XC9cL3d3dy5hcnNhbi5jb21cL3dwLWNvbnRlbnRcL3VwbG9hZHNcLzIwMjBcLzEwXC9TSUdVUi1CT1JVLTMuanBnIiwic2xpZGVzaG93IjoiMTM0OWJhNCJ9\" href='https:\/\/www.arsan.com\/wp-content\/uploads\/2020\/10\/SIGUR-BORU-3.jpg' data-lbwps-width=\"900\" data-lbwps-height=\"506\" data-lbwps-srcsmall=\"https:\/\/www.arsan.com\/wp-content\/uploads\/2020\/10\/SIGUR-BORU-3.jpg\"><img decoding=\"async\" width=\"900\" height=\"506\" src=\"https:\/\/www.arsan.com\/wp-content\/uploads\/2020\/10\/SIGUR-BORU-3.jpg\" class=\"attachment-full size-full\" alt=\"\" srcset=\"https:\/\/www.arsan.com\/wp-content\/uploads\/2020\/10\/SIGUR-BORU-3.jpg 900w, https:\/\/www.arsan.com\/wp-content\/uploads\/2020\/10\/SIGUR-BORU-3-300x169.jpg 300w, https:\/\/www.arsan.com\/wp-content\/uploads\/2020\/10\/SIGUR-BORU-3-768x432.jpg 768w, https:\/\/www.arsan.com\/wp-content\/uploads\/2020\/10\/SIGUR-BORU-3-16x9.jpg 16w\" sizes=\"(max-width: 900px) 100vw, 900px\" \/><\/a>\n\t\t\t<\/div><\/figure>\n\t\t<\/div>\n\t\t<\/div>\n\t\t\t\t\t\t<\/div>\n\t\t\t\t<\/div>\n\t\t\t\t<div class=\"elementor-element elementor-element-3874d5e elementor-widget elementor-widget-text-editor\" data-id=\"3874d5e\" data-element_type=\"widget\" data-e-type=\"widget\" data-widget_type=\"text-editor.default\">\n\t\t\t\t<div class=\"elementor-widget-container\">\n\t\t\t\t\t\t\t\t\t<h3><span style=\"color: #ffffff;\">Product Sections<\/span><\/h3>\t\t\t\t\t\t\t\t<\/div>\n\t\t\t\t<\/div>\n\t\t\t\t<div class=\"elementor-element elementor-element-291a18a gallery-spacing-custom elementor-widget elementor-widget-image-gallery\" data-id=\"291a18a\" data-element_type=\"widget\" data-e-type=\"widget\" data-widget_type=\"image-gallery.default\">\n\t\t\t\t<div class=\"elementor-widget-container\">\n\t\t\t\t\t\t\t<div class=\"elementor-image-gallery\">\n\t\t\t<div id='gallery-32' class='gallery galleryid-1836 gallery-columns-2 gallery-size-full'><figure class='gallery-item'>\n\t\t\t<div class='gallery-icon landscape'>\n\t\t\t\t<a data-elementor-open-lightbox=\"yes\" data-elementor-lightbox-slideshow=\"291a18a\" data-elementor-lightbox-title=\"damla-1\" data-e-action-hash=\"#elementor-action%3Aaction%3Dlightbox%26settings%3DeyJpZCI6MjQ3OCwidXJsIjoiaHR0cHM6XC9cL3d3dy5hcnNhbi5jb21cL3dwLWNvbnRlbnRcL3VwbG9hZHNcLzIwMjBcLzEwXC9kYW1sYS0xLmpwZyIsInNsaWRlc2hvdyI6IjI5MWExOGEifQ%3D%3D\" href='https:\/\/www.arsan.com\/wp-content\/uploads\/2020\/10\/tear-drop.jpg' data-lbwps-width=\"500\" data-lbwps-height=\"500\" data-lbwps-srcsmall=\"https:\/\/www.arsan.com\/wp-content\/uploads\/2020\/10\/damla-1-12x12.jpg\"><img loading=\"lazy\" decoding=\"async\" width=\"500\" height=\"500\" src=\"https:\/\/www.arsan.com\/wp-content\/uploads\/2020\/10\/tear-drop.jpg\" class=\"attachment-full size-full\" alt=\"\" srcset=\"https:\/\/www.arsan.com\/wp-content\/uploads\/2020\/10\/tear-drop.jpg 500w, https:\/\/www.arsan.com\/wp-content\/uploads\/2020\/10\/tear-drop-300x300.jpg 300w, https:\/\/www.arsan.com\/wp-content\/uploads\/2020\/10\/tear-drop-150x150.jpg 150w, https:\/\/www.arsan.com\/wp-content\/uploads\/2020\/10\/tear-drop-12x12.jpg 12w\" sizes=\"(max-width: 500px) 100vw, 500px\" \/><\/a>\n\t\t\t<\/div><\/figure><figure class='gallery-item'>\n\t\t\t<div class='gallery-icon landscape'>\n\t\t\t\t<a data-elementor-open-lightbox=\"yes\" data-elementor-lightbox-slideshow=\"291a18a\" data-elementor-lightbox-title=\"sigur-1\" data-e-action-hash=\"#elementor-action%3Aaction%3Dlightbox%26settings%3DeyJpZCI6MjQ3OSwidXJsIjoiaHR0cHM6XC9cL3d3dy5hcnNhbi5jb21cL3dwLWNvbnRlbnRcL3VwbG9hZHNcLzIwMjBcLzEwXC9zaWd1ci0xLmpwZyIsInNsaWRlc2hvdyI6IjI5MWExOGEifQ%3D%3D\" href='https:\/\/www.arsan.com\/wp-content\/uploads\/2020\/10\/o-ring.jpg' data-lbwps-width=\"500\" data-lbwps-height=\"500\" data-lbwps-srcsmall=\"https:\/\/www.arsan.com\/wp-content\/uploads\/2020\/10\/sigur-1-12x12.jpg\"><img loading=\"lazy\" decoding=\"async\" width=\"500\" height=\"500\" src=\"https:\/\/www.arsan.com\/wp-content\/uploads\/2020\/10\/o-ring.jpg\" class=\"attachment-full size-full\" alt=\"\" srcset=\"https:\/\/www.arsan.com\/wp-content\/uploads\/2020\/10\/o-ring.jpg 500w, https:\/\/www.arsan.com\/wp-content\/uploads\/2020\/10\/o-ring-300x300.jpg 300w, https:\/\/www.arsan.com\/wp-content\/uploads\/2020\/10\/o-ring-150x150.jpg 150w, https:\/\/www.arsan.com\/wp-content\/uploads\/2020\/10\/o-ring-12x12.jpg 12w\" sizes=\"(max-width: 500px) 100vw, 500px\" \/><\/a>\n\t\t\t<\/div><\/figure>\n\t\t<\/div>\n\t\t<\/div>\n\t\t\t\t\t\t<\/div>\n\t\t\t\t<\/div>\n\t\t\t\t\t<\/div>\n\t\t<\/div>\n\t\t\t\t\t<\/div>\n\t\t<\/section>\n\t\t\t\t<\/div>","protected":false},"excerpt":{"rendered":"<p>Boru Contalar\u0131 CTP Boru Contalar\u0131 Beton Boru Contalar\u0131 Entegre Boru Contalar\u0131 AMG Profiller (Tek t\u0131rnak) Damla Kesit &amp; Sigur Koruge Boru Contalar\u0131 D\u00fcktil Boru Contalar\u0131 Kullan\u0131m YeriDamla Kesit Boru Contalar\u0131, d\u00fc\u015f\u00fck bas\u0131n\u00e7l\u0131 boru ve bacalarda m\u00fckemmel s\u0131zd\u0131rmazl\u0131k sa\u011flar. Conta dizayn\u0131 ve i\u015fleviDamla Kesit Boru Contalar\u0131 \u00f6zellikle d\u00fc\u015f\u00fck bas\u0131n\u00e7l\u0131 borular i\u00e7in dizayn edilmi\u015ftir. Ancak uygun contalar [&hellip;]<\/p>\n","protected":false},"author":2,"featured_media":0,"parent":1544,"menu_order":0,"comment_status":"closed","ping_status":"closed","template":"","meta":{"footnotes":""},"class_list":["post-1836","page","type-page","status-publish","hentry"],"aioseo_notices":[],"_links":{"self":[{"href":"https:\/\/www.arsan.com\/en\/wp-json\/wp\/v2\/pages\/1836","targetHints":{"allow":["GET"]}}],"collection":[{"href":"https:\/\/www.arsan.com\/en\/wp-json\/wp\/v2\/pages"}],"about":[{"href":"https:\/\/www.arsan.com\/en\/wp-json\/wp\/v2\/types\/page"}],"author":[{"embeddable":true,"href":"https:\/\/www.arsan.com\/en\/wp-json\/wp\/v2\/users\/2"}],"replies":[{"embeddable":true,"href":"https:\/\/www.arsan.com\/en\/wp-json\/wp\/v2\/comments?post=1836"}],"version-history":[{"count":0,"href":"https:\/\/www.arsan.com\/en\/wp-json\/wp\/v2\/pages\/1836\/revisions"}],"up":[{"embeddable":true,"href":"https:\/\/www.arsan.com\/en\/wp-json\/wp\/v2\/pages\/1544"}],"wp:attachment":[{"href":"https:\/\/www.arsan.com\/en\/wp-json\/wp\/v2\/media?parent=1836"}],"curies":[{"name":"wp","href":"https:\/\/api.w.org\/{rel}","templated":true}]}}