{"id":1834,"date":"2020-10-14T22:49:06","date_gmt":"2020-10-14T19:49:06","guid":{"rendered":"https:\/\/www.arsan.com\/?page_id=1834"},"modified":"2022-12-27T09:05:24","modified_gmt":"2022-12-27T06:05:24","slug":"amg-profiller-tek-tirnak","status":"publish","type":"page","link":"https:\/\/www.arsan.com\/en\/urunlerimiz\/boru-contalari\/amg-profiller-tek-tirnak\/","title":{"rendered":"AMG Profiles"},"content":{"rendered":"<div data-elementor-type=\"wp-page\" data-elementor-id=\"1834\" class=\"elementor elementor-1834\" data-elementor-post-type=\"page\">\n\t\t\t\t\t\t<section class=\"elementor-section elementor-top-section elementor-element elementor-element-4f69417c elementor-section-boxed elementor-section-height-default elementor-section-height-default\" data-id=\"4f69417c\" data-element_type=\"section\" data-e-type=\"section\" data-settings=\"{&quot;background_background&quot;:&quot;classic&quot;}\">\n\t\t\t\t\t\t<div class=\"elementor-container elementor-column-gap-default\">\n\t\t\t\t\t<div class=\"elementor-column elementor-col-33 elementor-top-column elementor-element elementor-element-708d72cb\" data-id=\"708d72cb\" data-element_type=\"column\" data-e-type=\"column\" data-settings=\"{&quot;background_background&quot;:&quot;gradient&quot;}\">\n\t\t\t<div class=\"elementor-widget-wrap elementor-element-populated\">\n\t\t\t\t\t\t<div class=\"elementor-element elementor-element-7998b27 elementor-widget elementor-widget-text-editor\" data-id=\"7998b27\" data-element_type=\"widget\" data-e-type=\"widget\" data-widget_type=\"text-editor.default\">\n\t\t\t\t<div class=\"elementor-widget-container\">\n\t\t\t\t\t\t\t\t\t<p><span style=\"color: #ffffff;\">Pipe Gaskets<\/span><\/p>\t\t\t\t\t\t\t\t<\/div>\n\t\t\t\t<\/div>\n\t\t\t\t<div class=\"elementor-element elementor-element-2f53a650 elementor-widget elementor-widget-text-editor\" data-id=\"2f53a650\" data-element_type=\"widget\" data-e-type=\"widget\" data-widget_type=\"text-editor.default\">\n\t\t\t\t<div class=\"elementor-widget-container\">\n\t\t\t\t\t\t\t\t\t<ul><li><a href=\"https:\/\/www.arsan.com\/urunlerimiz\/boru-contalari\/ctp-boru-contalari\/\"><span style=\"text-decoration: underline;\">GRP Pipe Gaskets<\/span><\/a><\/li><li><span style=\"text-decoration: underline;\"><span style=\"color: #ffffff; text-decoration: underline;\">Concrete Pipe Seals<\/span><\/span><ul><li><a href=\"https:\/\/www.arsan.com\/urunlerimiz\/boru-contalari\/entegre-boru-contalari\/\">Integrated Pipe Gaskets<\/a><\/li><li><a href=\"https:\/\/www.arsan.com\/urunlerimiz\/boru-contalari\/amg-profiller-tek-tirnak\/\">AMG Profiles<\/a><\/li><li><a href=\"https:\/\/www.arsan.com\/urunlerimiz\/boru-contalari\/damla-kesit-sigur\/\">O-Ring and Tear Drop Gaskets<\/a><\/li><\/ul><\/li><li><a href=\"https:\/\/www.arsan.com\/urunlerimiz\/boru-contalari\/koruge-boru-contalari\/\"><span style=\"text-decoration: underline;\">Corrugated Pipe Seals<\/span><\/a><\/li><li><span style=\"text-decoration: underline;\"><a href=\"https:\/\/www.arsan.com\/urunlerimiz\/boru-contalari\/duktil-boru-contalari\/\">Ductile Pipe Seals<\/a><\/span><\/li><\/ul>\t\t\t\t\t\t\t\t<\/div>\n\t\t\t\t<\/div>\n\t\t\t\t\t<\/div>\n\t\t<\/div>\n\t\t\t\t<div class=\"elementor-column elementor-col-66 elementor-top-column elementor-element elementor-element-77cce706\" data-id=\"77cce706\" data-element_type=\"column\" data-e-type=\"column\">\n\t\t\t<div class=\"elementor-widget-wrap elementor-element-populated\">\n\t\t\t\t\t\t<div class=\"elementor-element elementor-element-2f726fa2 elementor-widget elementor-widget-image\" data-id=\"2f726fa2\" data-element_type=\"widget\" data-e-type=\"widget\" data-widget_type=\"image.default\">\n\t\t\t\t<div class=\"elementor-widget-container\">\n\t\t\t\t\t\t\t\t\t\t\t\t\t\t\t<img fetchpriority=\"high\" decoding=\"async\" width=\"1100\" height=\"300\" src=\"https:\/\/www.arsan.com\/wp-content\/uploads\/2022\/12\/amg-1.jpg\" class=\"attachment-full size-full wp-image-4320\" alt=\"\" srcset=\"https:\/\/www.arsan.com\/wp-content\/uploads\/2022\/12\/amg-1.jpg 1100w, https:\/\/www.arsan.com\/wp-content\/uploads\/2022\/12\/amg-1-300x82.jpg 300w, https:\/\/www.arsan.com\/wp-content\/uploads\/2022\/12\/amg-1-1024x279.jpg 1024w, https:\/\/www.arsan.com\/wp-content\/uploads\/2022\/12\/amg-1-768x209.jpg 768w, https:\/\/www.arsan.com\/wp-content\/uploads\/2022\/12\/amg-1-18x5.jpg 18w\" sizes=\"(max-width: 1100px) 100vw, 1100px\" \/>\t\t\t\t\t\t\t\t\t\t\t\t\t\t\t<\/div>\n\t\t\t\t<\/div>\n\t\t\t\t<div class=\"elementor-element elementor-element-3fbf32f0 elementor-widget elementor-widget-text-editor\" data-id=\"3fbf32f0\" data-element_type=\"widget\" data-e-type=\"widget\" data-widget_type=\"text-editor.default\">\n\t\t\t\t<div class=\"elementor-widget-container\">\n\t\t\t\t\t\t\t\t\t<h3>Using Place<\/h3><p><br \/>AMG wedge shape seals, low-pressure in concrete pipes and concrete chimney provides excellent sealing.<\/p><h3>Seal design and function<\/h3><p><br \/>AMG wedge shape seals are used to provide sealing in the connections of concrete pipes. Gasket is compressed when getting in touch with the socket part, both inside and outside water leak will be prevented.<br \/>When the gasket meets with the bell part of the concrete pipe, it gets jammed, and it cuts water leaks that may come from both inside and outside.<\/p><h3>With the special design of the seal;<\/h3><p><br \/>\u2022 Easy Installation,<br \/>\u2022 Excellent sealing of the pressure generated inside and outside the pipe,<br \/>\u2022 Several cross-sectional dimensions of different spaces with easy cover,<br \/>\u2022 The wedge-shaped sealing structure, it is advantageous in centering,<\/p><h3>Technical Specifications<\/h3><p><br \/>\u2022 SBR or EPDM Rubber<br \/>\u2022 Shore A hardness of 40 \u00b1 5<br \/>\u2022 According to EN 681-1<br \/>\u2022 High resistance to ozone<\/p><p>To make the correct choice of seal; roughly 1.5 times the distance between the tube and the socket should be provided. For example, if there is a distance of 14 mm between the first tube and the socket; 14x1,5 = 21 mm thick gasket should be used.<br \/>For example, if there is a distance of 14 mm between 1 pipe and muf; 14 \u00d7 1.5 = 21 mm wall thickness gaskets should be used.<\/p><h3>Mounting<\/h3><p><br \/>1. Seal as it appears being stretched and placed on the male part. A silicone-based lubricant is applied on the gasket.<br \/>2. The centered seal is being compressed with the female part of the other pipes, the gasket provides sealing.<\/p>\t\t\t\t\t\t\t\t<\/div>\n\t\t\t\t<\/div>\n\t\t\t\t<div class=\"elementor-element elementor-element-4047170 gallery-spacing-custom elementor-widget elementor-widget-image-gallery\" data-id=\"4047170\" data-element_type=\"widget\" data-e-type=\"widget\" data-widget_type=\"image-gallery.default\">\n\t\t\t\t<div class=\"elementor-widget-container\">\n\t\t\t\t\t\t\t<div class=\"elementor-image-gallery\">\n\t\t\t<div id='gallery-33' class='gallery galleryid-1834 gallery-columns-2 gallery-size-full'><figure class='gallery-item'>\n\t\t\t<div class='gallery-icon landscape'>\n\t\t\t\t<a data-elementor-open-lightbox=\"yes\" data-elementor-lightbox-slideshow=\"4047170\" data-elementor-lightbox-title=\"AMG-BETON-BORU-1\" data-e-action-hash=\"#elementor-action%3Aaction%3Dlightbox%26settings%3DeyJpZCI6MTg3NCwidXJsIjoiaHR0cHM6XC9cL3d3dy5hcnNhbi5jb21cL3dwLWNvbnRlbnRcL3VwbG9hZHNcLzIwMjBcLzEwXC9BTUctQkVUT04tQk9SVS0xLmpwZyIsInNsaWRlc2hvdyI6IjQwNDcxNzAifQ%3D%3D\" href='https:\/\/www.arsan.com\/wp-content\/uploads\/2020\/10\/AMG-BETON-BORU-1.jpg' data-lbwps-width=\"900\" data-lbwps-height=\"506\" data-lbwps-srcsmall=\"https:\/\/www.arsan.com\/wp-content\/uploads\/2020\/10\/AMG-BETON-BORU-1.jpg\"><img decoding=\"async\" width=\"900\" height=\"506\" src=\"https:\/\/www.arsan.com\/wp-content\/uploads\/2020\/10\/AMG-BETON-BORU-1.jpg\" class=\"attachment-full size-full\" alt=\"\" srcset=\"https:\/\/www.arsan.com\/wp-content\/uploads\/2020\/10\/AMG-BETON-BORU-1.jpg 900w, https:\/\/www.arsan.com\/wp-content\/uploads\/2020\/10\/AMG-BETON-BORU-1-300x169.jpg 300w, https:\/\/www.arsan.com\/wp-content\/uploads\/2020\/10\/AMG-BETON-BORU-1-768x432.jpg 768w, https:\/\/www.arsan.com\/wp-content\/uploads\/2020\/10\/AMG-BETON-BORU-1-16x9.jpg 16w\" sizes=\"(max-width: 900px) 100vw, 900px\" \/><\/a>\n\t\t\t<\/div><\/figure><figure class='gallery-item'>\n\t\t\t<div class='gallery-icon landscape'>\n\t\t\t\t<a data-elementor-open-lightbox=\"yes\" data-elementor-lightbox-slideshow=\"4047170\" data-elementor-lightbox-title=\"AMG-BETON-BORU-2\" data-e-action-hash=\"#elementor-action%3Aaction%3Dlightbox%26settings%3DeyJpZCI6MTg3MywidXJsIjoiaHR0cHM6XC9cL3d3dy5hcnNhbi5jb21cL3dwLWNvbnRlbnRcL3VwbG9hZHNcLzIwMjBcLzEwXC9BTUctQkVUT04tQk9SVS0yLmpwZyIsInNsaWRlc2hvdyI6IjQwNDcxNzAifQ%3D%3D\" href='https:\/\/www.arsan.com\/wp-content\/uploads\/2020\/10\/AMG-BETON-BORU-2.jpg' data-lbwps-width=\"900\" data-lbwps-height=\"506\" data-lbwps-srcsmall=\"https:\/\/www.arsan.com\/wp-content\/uploads\/2020\/10\/AMG-BETON-BORU-2.jpg\"><img decoding=\"async\" width=\"900\" height=\"506\" src=\"https:\/\/www.arsan.com\/wp-content\/uploads\/2020\/10\/AMG-BETON-BORU-2.jpg\" class=\"attachment-full size-full\" alt=\"\" srcset=\"https:\/\/www.arsan.com\/wp-content\/uploads\/2020\/10\/AMG-BETON-BORU-2.jpg 900w, https:\/\/www.arsan.com\/wp-content\/uploads\/2020\/10\/AMG-BETON-BORU-2-300x169.jpg 300w, https:\/\/www.arsan.com\/wp-content\/uploads\/2020\/10\/AMG-BETON-BORU-2-768x432.jpg 768w, https:\/\/www.arsan.com\/wp-content\/uploads\/2020\/10\/AMG-BETON-BORU-2-16x9.jpg 16w\" sizes=\"(max-width: 900px) 100vw, 900px\" \/><\/a>\n\t\t\t<\/div><\/figure>\n\t\t<\/div>\n\t\t<\/div>\n\t\t\t\t\t\t<\/div>\n\t\t\t\t<\/div>\n\t\t\t\t<div class=\"elementor-element elementor-element-0890612 elementor-widget elementor-widget-text-editor\" data-id=\"0890612\" data-element_type=\"widget\" data-e-type=\"widget\" data-widget_type=\"text-editor.default\">\n\t\t\t\t<div class=\"elementor-widget-container\">\n\t\t\t\t\t\t\t\t\t<h3><span style=\"color: #ffffff;\">Product Sections<\/span><\/h3>\t\t\t\t\t\t\t\t<\/div>\n\t\t\t\t<\/div>\n\t\t\t\t<div class=\"elementor-element elementor-element-3fb2e86 gallery-spacing-custom elementor-widget elementor-widget-image-gallery\" data-id=\"3fb2e86\" data-element_type=\"widget\" data-e-type=\"widget\" data-widget_type=\"image-gallery.default\">\n\t\t\t\t<div class=\"elementor-widget-container\">\n\t\t\t\t\t\t\t<div class=\"elementor-image-gallery\">\n\t\t\t<div id='gallery-34' class='gallery galleryid-1834 gallery-columns-2 gallery-size-full'><figure class='gallery-item'>\n\t\t\t<div class='gallery-icon landscape'>\n\t\t\t\t<a data-elementor-open-lightbox=\"yes\" data-elementor-lightbox-slideshow=\"3fb2e86\" data-elementor-lightbox-title=\"amg\" data-e-action-hash=\"#elementor-action%3Aaction%3Dlightbox%26settings%3DeyJpZCI6MTg3MiwidXJsIjoiaHR0cHM6XC9cL3d3dy5hcnNhbi5jb21cL3dwLWNvbnRlbnRcL3VwbG9hZHNcLzIwMjBcLzEwXC9hbWcucG5nIiwic2xpZGVzaG93IjoiM2ZiMmU4NiJ9\" href='https:\/\/www.arsan.com\/wp-content\/uploads\/2020\/10\/amg.png' data-lbwps-width=\"989\" data-lbwps-height=\"593\" data-lbwps-srcsmall=\"https:\/\/www.arsan.com\/wp-content\/uploads\/2020\/10\/amg.png\"><img loading=\"lazy\" decoding=\"async\" width=\"989\" height=\"593\" src=\"https:\/\/www.arsan.com\/wp-content\/uploads\/2020\/10\/amg.png\" class=\"attachment-full size-full\" alt=\"\" srcset=\"https:\/\/www.arsan.com\/wp-content\/uploads\/2020\/10\/amg.png 989w, https:\/\/www.arsan.com\/wp-content\/uploads\/2020\/10\/amg-300x180.png 300w, https:\/\/www.arsan.com\/wp-content\/uploads\/2020\/10\/amg-768x460.png 768w, https:\/\/www.arsan.com\/wp-content\/uploads\/2020\/10\/amg-16x10.png 16w, https:\/\/www.arsan.com\/wp-content\/uploads\/2020\/10\/amg-447x268.png 447w\" sizes=\"(max-width: 989px) 100vw, 989px\" \/><\/a>\n\t\t\t<\/div><\/figure><figure class='gallery-item'>\n\t\t\t<div class='gallery-icon landscape'>\n\t\t\t\t<a data-elementor-open-lightbox=\"yes\" data-elementor-lightbox-slideshow=\"3fb2e86\" data-elementor-lightbox-title=\"AMG-1\" data-e-action-hash=\"#elementor-action%3Aaction%3Dlightbox%26settings%3DeyJpZCI6MjQ3MSwidXJsIjoiaHR0cHM6XC9cL3d3dy5hcnNhbi5jb21cL3dwLWNvbnRlbnRcL3VwbG9hZHNcLzIwMjBcLzEwXC9BTUctMS0yLmpwZyIsInNsaWRlc2hvdyI6IjNmYjJlODYifQ%3D%3D\" href='https:\/\/www.arsan.com\/wp-content\/uploads\/2020\/10\/AMG-2-1.jpg' data-lbwps-width=\"1126\" data-lbwps-height=\"804\" data-lbwps-srcsmall=\"https:\/\/www.arsan.com\/wp-content\/uploads\/2020\/10\/AMG-1-2.jpg\"><img loading=\"lazy\" decoding=\"async\" width=\"1126\" height=\"804\" src=\"https:\/\/www.arsan.com\/wp-content\/uploads\/2020\/10\/AMG-2-1.jpg\" class=\"attachment-full size-full\" alt=\"\" srcset=\"https:\/\/www.arsan.com\/wp-content\/uploads\/2020\/10\/AMG-2-1.jpg 1126w, https:\/\/www.arsan.com\/wp-content\/uploads\/2020\/10\/AMG-2-1-300x214.jpg 300w, https:\/\/www.arsan.com\/wp-content\/uploads\/2020\/10\/AMG-2-1-1024x731.jpg 1024w, https:\/\/www.arsan.com\/wp-content\/uploads\/2020\/10\/AMG-2-1-768x548.jpg 768w, https:\/\/www.arsan.com\/wp-content\/uploads\/2020\/10\/AMG-2-1-16x12.jpg 16w\" sizes=\"(max-width: 1126px) 100vw, 1126px\" \/><\/a>\n\t\t\t<\/div><\/figure>\n\t\t<\/div>\n\t\t<\/div>\n\t\t\t\t\t\t<\/div>\n\t\t\t\t<\/div>\n\t\t\t\t\t<\/div>\n\t\t<\/div>\n\t\t\t\t\t<\/div>\n\t\t<\/section>\n\t\t\t\t<\/div>","protected":false},"excerpt":{"rendered":"<p>Boru Contalar\u0131 CTP Boru Contalar\u0131 Beton Boru Contalar\u0131 Entegre Boru Contalar\u0131 AMG Profiller (Tek t\u0131rnak) Damla Kesit &amp; Sigur Koruge Boru Contalar\u0131 D\u00fcktil Boru Contalar\u0131 Kullan\u0131m Yeri AMG Tek T\u0131rnak Contalar, d\u00fc\u015f\u00fck bas\u0131\u00e7l\u0131 beton borular ve beton bacalarda m\u00fckemmel s\u0131zd\u0131rmazl\u0131k sa\u011flar. Conta dizayn\u0131 ve i\u015flevi AMG Tek T\u0131rnak Contalar, beton borular\u0131n ba\u011flant\u0131lar\u0131nda s\u0131zd\u0131rmazl\u0131k sa\u011flamak amac\u0131yla [&hellip;]<\/p>\n","protected":false},"author":2,"featured_media":0,"parent":1544,"menu_order":0,"comment_status":"closed","ping_status":"closed","template":"","meta":{"footnotes":""},"class_list":["post-1834","page","type-page","status-publish","hentry"],"aioseo_notices":[],"_links":{"self":[{"href":"https:\/\/www.arsan.com\/en\/wp-json\/wp\/v2\/pages\/1834","targetHints":{"allow":["GET"]}}],"collection":[{"href":"https:\/\/www.arsan.com\/en\/wp-json\/wp\/v2\/pages"}],"about":[{"href":"https:\/\/www.arsan.com\/en\/wp-json\/wp\/v2\/types\/page"}],"author":[{"embeddable":true,"href":"https:\/\/www.arsan.com\/en\/wp-json\/wp\/v2\/users\/2"}],"replies":[{"embeddable":true,"href":"https:\/\/www.arsan.com\/en\/wp-json\/wp\/v2\/comments?post=1834"}],"version-history":[{"count":0,"href":"https:\/\/www.arsan.com\/en\/wp-json\/wp\/v2\/pages\/1834\/revisions"}],"up":[{"embeddable":true,"href":"https:\/\/www.arsan.com\/en\/wp-json\/wp\/v2\/pages\/1544"}],"wp:attachment":[{"href":"https:\/\/www.arsan.com\/en\/wp-json\/wp\/v2\/media?parent=1834"}],"curies":[{"name":"wp","href":"https:\/\/api.w.org\/{rel}","templated":true}]}}