{"id":1832,"date":"2020-10-14T22:48:26","date_gmt":"2020-10-14T19:48:26","guid":{"rendered":"https:\/\/www.arsan.com\/?page_id=1832"},"modified":"2022-12-27T09:05:08","modified_gmt":"2022-12-27T06:05:08","slug":"entegre-boru-contalari","status":"publish","type":"page","link":"https:\/\/www.arsan.com\/en\/urunlerimiz\/boru-contalari\/entegre-boru-contalari\/","title":{"rendered":"Integrated Pipe Gaskets"},"content":{"rendered":"<div data-elementor-type=\"wp-page\" data-elementor-id=\"1832\" class=\"elementor elementor-1832\" data-elementor-post-type=\"page\">\n\t\t\t\t\t\t<section class=\"elementor-section elementor-top-section elementor-element elementor-element-48dad748 elementor-section-boxed elementor-section-height-default elementor-section-height-default\" data-id=\"48dad748\" data-element_type=\"section\" data-e-type=\"section\" data-settings=\"{&quot;background_background&quot;:&quot;classic&quot;}\">\n\t\t\t\t\t\t<div class=\"elementor-container elementor-column-gap-default\">\n\t\t\t\t\t<div class=\"elementor-column elementor-col-33 elementor-top-column elementor-element elementor-element-d8a857e\" data-id=\"d8a857e\" data-element_type=\"column\" data-e-type=\"column\" data-settings=\"{&quot;background_background&quot;:&quot;gradient&quot;}\">\n\t\t\t<div class=\"elementor-widget-wrap elementor-element-populated\">\n\t\t\t\t\t\t<div class=\"elementor-element elementor-element-603cccbb elementor-widget elementor-widget-text-editor\" data-id=\"603cccbb\" data-element_type=\"widget\" data-e-type=\"widget\" data-widget_type=\"text-editor.default\">\n\t\t\t\t<div class=\"elementor-widget-container\">\n\t\t\t\t\t\t\t\t\t<p><span style=\"color: #ffffff;\">Pipe Gaskets<\/span><\/p>\t\t\t\t\t\t\t\t<\/div>\n\t\t\t\t<\/div>\n\t\t\t\t<div class=\"elementor-element elementor-element-5b8d9808 elementor-widget elementor-widget-text-editor\" data-id=\"5b8d9808\" data-element_type=\"widget\" data-e-type=\"widget\" data-widget_type=\"text-editor.default\">\n\t\t\t\t<div class=\"elementor-widget-container\">\n\t\t\t\t\t\t\t\t\t<ul><li><a href=\"https:\/\/www.arsan.com\/urunlerimiz\/boru-contalari\/ctp-boru-contalari\/\"><span style=\"text-decoration: underline;\">GRP Pipe Gaskets<\/span><\/a><\/li><li><span style=\"text-decoration: underline;\"><span style=\"color: #ffffff; text-decoration: underline;\">Concrete Pipe Seals<\/span><\/span><ul><li><a href=\"https:\/\/www.arsan.com\/urunlerimiz\/boru-contalari\/entegre-boru-contalari\/\">Integrated Pipe Gaskets<\/a><\/li><li><a href=\"https:\/\/www.arsan.com\/urunlerimiz\/boru-contalari\/amg-profiller-tek-tirnak\/\">AMG Profiles<\/a><\/li><li><a href=\"https:\/\/www.arsan.com\/urunlerimiz\/boru-contalari\/damla-kesit-sigur\/\">O-Ring and Tear Drop Gaskets<\/a><\/li><\/ul><\/li><li><a href=\"https:\/\/www.arsan.com\/urunlerimiz\/boru-contalari\/koruge-boru-contalari\/\"><span style=\"text-decoration: underline;\">Corrugated Pipe Seals<\/span><\/a><\/li><li><span style=\"text-decoration: underline;\"><a href=\"https:\/\/www.arsan.com\/urunlerimiz\/boru-contalari\/duktil-boru-contalari\/\">Ductile Pipe Seals<\/a><\/span><\/li><\/ul>\t\t\t\t\t\t\t\t<\/div>\n\t\t\t\t<\/div>\n\t\t\t\t\t<\/div>\n\t\t<\/div>\n\t\t\t\t<div class=\"elementor-column elementor-col-66 elementor-top-column elementor-element elementor-element-552b187c\" data-id=\"552b187c\" data-element_type=\"column\" data-e-type=\"column\">\n\t\t\t<div class=\"elementor-widget-wrap elementor-element-populated\">\n\t\t\t\t\t\t<div class=\"elementor-element elementor-element-2751fa8f elementor-widget elementor-widget-image\" data-id=\"2751fa8f\" data-element_type=\"widget\" data-e-type=\"widget\" data-widget_type=\"image.default\">\n\t\t\t\t<div class=\"elementor-widget-container\">\n\t\t\t\t\t\t\t\t\t\t\t\t\t\t\t<img fetchpriority=\"high\" decoding=\"async\" width=\"1100\" height=\"300\" src=\"https:\/\/www.arsan.com\/wp-content\/uploads\/2022\/12\/entegre-boru-contalari.jpg\" class=\"attachment-full size-full wp-image-4316\" alt=\"\" srcset=\"https:\/\/www.arsan.com\/wp-content\/uploads\/2022\/12\/entegre-boru-contalari.jpg 1100w, https:\/\/www.arsan.com\/wp-content\/uploads\/2022\/12\/entegre-boru-contalari-300x82.jpg 300w, https:\/\/www.arsan.com\/wp-content\/uploads\/2022\/12\/entegre-boru-contalari-1024x279.jpg 1024w, https:\/\/www.arsan.com\/wp-content\/uploads\/2022\/12\/entegre-boru-contalari-768x209.jpg 768w, https:\/\/www.arsan.com\/wp-content\/uploads\/2022\/12\/entegre-boru-contalari-18x5.jpg 18w\" sizes=\"(max-width: 1100px) 100vw, 1100px\" \/>\t\t\t\t\t\t\t\t\t\t\t\t\t\t\t<\/div>\n\t\t\t\t<\/div>\n\t\t\t\t<div class=\"elementor-element elementor-element-60e8d0f5 elementor-widget elementor-widget-text-editor\" data-id=\"60e8d0f5\" data-element_type=\"widget\" data-e-type=\"widget\" data-widget_type=\"text-editor.default\">\n\t\t\t\t<div class=\"elementor-widget-container\">\n\t\t\t\t\t\t\t\t\t<p>Arsan\u2019s integrated seals provides an effective sealing due to the integrated structure with concrete pipes.<\/p><h3>Advantages;<\/h3><p><br \/>Arsan integrated seal is mounted in place during the manufacture of pipes. Gasket with the nail structure fits in exactly with\nthe mold structure and doesn\u2019t slip.<br \/>\u2022 Due to the easy installation it is more economical compared to other seal types.<br \/>\u2022 During the installation of pipes with more flexible structure allows a smooth transition and centering.<br \/>\u2022 It is capable of up to 35% compression of gasket thickness.<br \/>\u2022 In a rigid structure it will be integrated to the concrete with the multiple nails and creates a secure connection.<br \/>\u2022 Seal with special structure (from pipe to outside \/ from outside to the tube) is capable of sealing.<br \/>\u2022 Long lasting.<\/p>\t\t\t\t\t\t\t\t<\/div>\n\t\t\t\t<\/div>\n\t\t\t\t<div class=\"elementor-element elementor-element-01b16d2 gallery-spacing-custom elementor-widget elementor-widget-image-gallery\" data-id=\"01b16d2\" data-element_type=\"widget\" data-e-type=\"widget\" data-widget_type=\"image-gallery.default\">\n\t\t\t\t<div class=\"elementor-widget-container\">\n\t\t\t\t\t\t\t<div class=\"elementor-image-gallery\">\n\t\t\t<div id='gallery-35' class='gallery galleryid-1832 gallery-columns-2 gallery-size-full'><figure class='gallery-item'>\n\t\t\t<div class='gallery-icon landscape'>\n\t\t\t\t<a data-elementor-open-lightbox=\"yes\" data-elementor-lightbox-slideshow=\"01b16d2\" data-elementor-lightbox-title=\"ENTEGRE-BETON-BORU-4\" data-e-action-hash=\"#elementor-action%3Aaction%3Dlightbox%26settings%3DeyJpZCI6MTg2NSwidXJsIjoiaHR0cHM6XC9cL3d3dy5hcnNhbi5jb21cL3dwLWNvbnRlbnRcL3VwbG9hZHNcLzIwMjBcLzEwXC9FTlRFR1JFLUJFVE9OLUJPUlUtNC5qcGciLCJzbGlkZXNob3ciOiIwMWIxNmQyIn0%3D\" href='https:\/\/www.arsan.com\/wp-content\/uploads\/2020\/10\/ENTEGRE-BETON-BORU-4.jpg' data-lbwps-width=\"900\" data-lbwps-height=\"506\" data-lbwps-srcsmall=\"https:\/\/www.arsan.com\/wp-content\/uploads\/2020\/10\/ENTEGRE-BETON-BORU-4.jpg\"><img decoding=\"async\" width=\"900\" height=\"506\" src=\"https:\/\/www.arsan.com\/wp-content\/uploads\/2020\/10\/ENTEGRE-BETON-BORU-4.jpg\" class=\"attachment-full size-full\" alt=\"\" srcset=\"https:\/\/www.arsan.com\/wp-content\/uploads\/2020\/10\/ENTEGRE-BETON-BORU-4.jpg 900w, https:\/\/www.arsan.com\/wp-content\/uploads\/2020\/10\/ENTEGRE-BETON-BORU-4-300x169.jpg 300w, https:\/\/www.arsan.com\/wp-content\/uploads\/2020\/10\/ENTEGRE-BETON-BORU-4-768x432.jpg 768w, https:\/\/www.arsan.com\/wp-content\/uploads\/2020\/10\/ENTEGRE-BETON-BORU-4-16x9.jpg 16w\" sizes=\"(max-width: 900px) 100vw, 900px\" \/><\/a>\n\t\t\t<\/div><\/figure><figure class='gallery-item'>\n\t\t\t<div class='gallery-icon landscape'>\n\t\t\t\t<a data-elementor-open-lightbox=\"yes\" data-elementor-lightbox-slideshow=\"01b16d2\" data-elementor-lightbox-title=\"ENTEGRE-BETON-BORU-2\" data-e-action-hash=\"#elementor-action%3Aaction%3Dlightbox%26settings%3DeyJpZCI6MTg2NiwidXJsIjoiaHR0cHM6XC9cL3d3dy5hcnNhbi5jb21cL3dwLWNvbnRlbnRcL3VwbG9hZHNcLzIwMjBcLzEwXC9FTlRFR1JFLUJFVE9OLUJPUlUtMi5qcGciLCJzbGlkZXNob3ciOiIwMWIxNmQyIn0%3D\" href='https:\/\/www.arsan.com\/wp-content\/uploads\/2020\/10\/ENTEGRE-BETON-BORU-2.jpg' data-lbwps-width=\"900\" data-lbwps-height=\"506\" data-lbwps-srcsmall=\"https:\/\/www.arsan.com\/wp-content\/uploads\/2020\/10\/ENTEGRE-BETON-BORU-2.jpg\"><img decoding=\"async\" width=\"900\" height=\"506\" src=\"https:\/\/www.arsan.com\/wp-content\/uploads\/2020\/10\/ENTEGRE-BETON-BORU-2.jpg\" class=\"attachment-full size-full\" alt=\"\" srcset=\"https:\/\/www.arsan.com\/wp-content\/uploads\/2020\/10\/ENTEGRE-BETON-BORU-2.jpg 900w, https:\/\/www.arsan.com\/wp-content\/uploads\/2020\/10\/ENTEGRE-BETON-BORU-2-300x169.jpg 300w, https:\/\/www.arsan.com\/wp-content\/uploads\/2020\/10\/ENTEGRE-BETON-BORU-2-768x432.jpg 768w, https:\/\/www.arsan.com\/wp-content\/uploads\/2020\/10\/ENTEGRE-BETON-BORU-2-16x9.jpg 16w\" sizes=\"(max-width: 900px) 100vw, 900px\" \/><\/a>\n\t\t\t<\/div><\/figure>\n\t\t<\/div>\n\t\t<\/div>\n\t\t\t\t\t\t<\/div>\n\t\t\t\t<\/div>\n\t\t\t\t<div class=\"elementor-element elementor-element-d16ddc1 elementor-widget elementor-widget-text-editor\" data-id=\"d16ddc1\" data-element_type=\"widget\" data-e-type=\"widget\" data-widget_type=\"text-editor.default\">\n\t\t\t\t<div class=\"elementor-widget-container\">\n\t\t\t\t\t\t\t\t\t<h3><span style=\"color: #ffffff;\">Product Sections<\/span><\/h3>\t\t\t\t\t\t\t\t<\/div>\n\t\t\t\t<\/div>\n\t\t\t\t<div class=\"elementor-element elementor-element-067e7e7 gallery-spacing-custom elementor-widget elementor-widget-image-gallery\" data-id=\"067e7e7\" data-element_type=\"widget\" data-e-type=\"widget\" data-widget_type=\"image-gallery.default\">\n\t\t\t\t<div class=\"elementor-widget-container\">\n\t\t\t\t\t\t\t<div class=\"elementor-image-gallery\">\n\t\t\t<div id='gallery-36' class='gallery galleryid-1832 gallery-columns-2 gallery-size-full'><figure class='gallery-item'>\n\t\t\t<div class='gallery-icon landscape'>\n\t\t\t\t<a data-elementor-open-lightbox=\"yes\" data-elementor-lightbox-slideshow=\"067e7e7\" data-elementor-lightbox-title=\"entegre\" data-e-action-hash=\"#elementor-action%3Aaction%3Dlightbox%26settings%3DeyJpZCI6MTg2MywidXJsIjoiaHR0cHM6XC9cL3d3dy5hcnNhbi5jb21cL3dwLWNvbnRlbnRcL3VwbG9hZHNcLzIwMjBcLzEwXC9lbnRlZ3JlLnBuZyIsInNsaWRlc2hvdyI6IjA2N2U3ZTcifQ%3D%3D\" href='https:\/\/www.arsan.com\/wp-content\/uploads\/2020\/10\/entegre.png' data-lbwps-width=\"1091\" data-lbwps-height=\"685\" data-lbwps-srcsmall=\"https:\/\/www.arsan.com\/wp-content\/uploads\/2020\/10\/entegre.png\"><img loading=\"lazy\" decoding=\"async\" width=\"1091\" height=\"685\" src=\"https:\/\/www.arsan.com\/wp-content\/uploads\/2020\/10\/entegre.png\" class=\"attachment-full size-full\" alt=\"\" srcset=\"https:\/\/www.arsan.com\/wp-content\/uploads\/2020\/10\/entegre.png 1091w, https:\/\/www.arsan.com\/wp-content\/uploads\/2020\/10\/entegre-300x188.png 300w, https:\/\/www.arsan.com\/wp-content\/uploads\/2020\/10\/entegre-1024x643.png 1024w, https:\/\/www.arsan.com\/wp-content\/uploads\/2020\/10\/entegre-768x482.png 768w, https:\/\/www.arsan.com\/wp-content\/uploads\/2020\/10\/entegre-16x10.png 16w\" sizes=\"(max-width: 1091px) 100vw, 1091px\" \/><\/a>\n\t\t\t<\/div><\/figure><figure class='gallery-item'>\n\t\t\t<div class='gallery-icon landscape'>\n\t\t\t\t<a data-elementor-open-lightbox=\"yes\" data-elementor-lightbox-slideshow=\"067e7e7\" data-elementor-lightbox-title=\"entegre-tablo\" data-e-action-hash=\"#elementor-action%3Aaction%3Dlightbox%26settings%3DeyJpZCI6MTg2MiwidXJsIjoiaHR0cHM6XC9cL3d3dy5hcnNhbi5jb21cL3dwLWNvbnRlbnRcL3VwbG9hZHNcLzIwMjBcLzEwXC9lbnRlZ3JlLXRhYmxvLnBuZyIsInNsaWRlc2hvdyI6IjA2N2U3ZTcifQ%3D%3D\" href='https:\/\/www.arsan.com\/wp-content\/uploads\/2020\/10\/entegre-tablo.png' data-lbwps-width=\"1191\" data-lbwps-height=\"736\" data-lbwps-srcsmall=\"https:\/\/www.arsan.com\/wp-content\/uploads\/2020\/10\/entegre-tablo.png\"><img loading=\"lazy\" decoding=\"async\" width=\"1191\" height=\"736\" src=\"https:\/\/www.arsan.com\/wp-content\/uploads\/2020\/10\/entegre-tablo.png\" class=\"attachment-full size-full\" alt=\"\" srcset=\"https:\/\/www.arsan.com\/wp-content\/uploads\/2020\/10\/entegre-tablo.png 1191w, https:\/\/www.arsan.com\/wp-content\/uploads\/2020\/10\/entegre-tablo-300x185.png 300w, https:\/\/www.arsan.com\/wp-content\/uploads\/2020\/10\/entegre-tablo-1024x633.png 1024w, https:\/\/www.arsan.com\/wp-content\/uploads\/2020\/10\/entegre-tablo-768x475.png 768w, https:\/\/www.arsan.com\/wp-content\/uploads\/2020\/10\/entegre-tablo-16x10.png 16w\" sizes=\"(max-width: 1191px) 100vw, 1191px\" \/><\/a>\n\t\t\t<\/div><\/figure>\n\t\t<\/div>\n\t\t<\/div>\n\t\t\t\t\t\t<\/div>\n\t\t\t\t<\/div>\n\t\t\t\t\t<\/div>\n\t\t<\/div>\n\t\t\t\t\t<\/div>\n\t\t<\/section>\n\t\t\t\t<\/div>","protected":false},"excerpt":{"rendered":"<p>Boru Contalar\u0131 CTP Boru Contalar\u0131 Beton Boru Contalar\u0131 Entegre Boru Contalar\u0131 AMG Profiller (Tek t\u0131rnak) Damla Kesit &amp; Sigur Koruge Boru Contalar\u0131 D\u00fcktil Boru Contalar\u0131 Arsan entegre contalar\u0131 beton borular ile b\u00fct\u00fcnle\u015fik yap\u0131s\u0131yla etkin s\u0131zd\u0131rmazl\u0131k sa\u011flar. Avantajlar\u0131 \u2022 Arsan Entegre Conta, boru imalat\u0131 esnas\u0131nda yerine monte edilir. Conta kal\u0131ba t\u0131rnakl\u0131 yap\u0131s\u0131 ile tam olarak oturur [&hellip;]<\/p>\n","protected":false},"author":2,"featured_media":0,"parent":1544,"menu_order":0,"comment_status":"closed","ping_status":"closed","template":"","meta":{"footnotes":""},"class_list":["post-1832","page","type-page","status-publish","hentry"],"aioseo_notices":[],"_links":{"self":[{"href":"https:\/\/www.arsan.com\/en\/wp-json\/wp\/v2\/pages\/1832","targetHints":{"allow":["GET"]}}],"collection":[{"href":"https:\/\/www.arsan.com\/en\/wp-json\/wp\/v2\/pages"}],"about":[{"href":"https:\/\/www.arsan.com\/en\/wp-json\/wp\/v2\/types\/page"}],"author":[{"embeddable":true,"href":"https:\/\/www.arsan.com\/en\/wp-json\/wp\/v2\/users\/2"}],"replies":[{"embeddable":true,"href":"https:\/\/www.arsan.com\/en\/wp-json\/wp\/v2\/comments?post=1832"}],"version-history":[{"count":0,"href":"https:\/\/www.arsan.com\/en\/wp-json\/wp\/v2\/pages\/1832\/revisions"}],"up":[{"embeddable":true,"href":"https:\/\/www.arsan.com\/en\/wp-json\/wp\/v2\/pages\/1544"}],"wp:attachment":[{"href":"https:\/\/www.arsan.com\/en\/wp-json\/wp\/v2\/media?parent=1832"}],"curies":[{"name":"wp","href":"https:\/\/api.w.org\/{rel}","templated":true}]}}