{"id":1674,"date":"2020-10-13T18:22:08","date_gmt":"2020-10-13T15:22:08","guid":{"rendered":"https:\/\/www.arsan.com\/?page_id=1674"},"modified":"2022-12-23T08:41:35","modified_gmt":"2022-12-23T05:41:35","slug":"tunel-segment-contalari","status":"publish","type":"page","link":"https:\/\/www.arsan.com\/en\/urunlerimiz\/yapi-urunleri\/tunel-segment-contalari\/","title":{"rendered":"Tunnel Segment Gaskets"},"content":{"rendered":"<div data-elementor-type=\"wp-page\" data-elementor-id=\"1674\" class=\"elementor elementor-1674\" data-elementor-post-type=\"page\">\n\t\t\t\t\t\t<section class=\"elementor-section elementor-top-section elementor-element elementor-element-60d99718 elementor-section-boxed elementor-section-height-default elementor-section-height-default\" data-id=\"60d99718\" data-element_type=\"section\" data-e-type=\"section\" data-settings=\"{&quot;background_background&quot;:&quot;classic&quot;}\">\n\t\t\t\t\t\t<div class=\"elementor-container elementor-column-gap-default\">\n\t\t\t\t\t<div class=\"elementor-column elementor-col-33 elementor-top-column elementor-element elementor-element-49230efd\" data-id=\"49230efd\" data-element_type=\"column\" data-e-type=\"column\" data-settings=\"{&quot;background_background&quot;:&quot;gradient&quot;}\">\n\t\t\t<div class=\"elementor-widget-wrap elementor-element-populated\">\n\t\t\t\t\t\t<div class=\"elementor-element elementor-element-3b68a72c elementor-widget elementor-widget-text-editor\" data-id=\"3b68a72c\" data-element_type=\"widget\" data-e-type=\"widget\" data-widget_type=\"text-editor.default\">\n\t\t\t\t<div class=\"elementor-widget-container\">\n\t\t\t\t\t\t\t\t\t<p><span style=\"color: #ffffff;\">Building Products<\/span><\/p>\t\t\t\t\t\t\t\t<\/div>\n\t\t\t\t<\/div>\n\t\t\t\t<div class=\"elementor-element elementor-element-5ffd66cd elementor-widget elementor-widget-text-editor\" data-id=\"5ffd66cd\" data-element_type=\"widget\" data-e-type=\"widget\" data-widget_type=\"text-editor.default\">\n\t\t\t\t<div class=\"elementor-widget-container\">\n\t\t\t\t\t\t\t\t\t<ul><li><span style=\"text-decoration: underline;\"><span style=\"color: #ffffff; text-decoration: underline;\">Seismic Isolators<\/span><\/span><ul><li><a href=\"https:\/\/www.arsan.com\/urunlerimiz\/yapi-urunleri\/kursun-cekirdekli-kaucuk-izolator\/\">Lead-Core Rubber Isolators<\/a><\/li><\/ul><\/li><li><span style=\"text-decoration: underline;\"><span style=\"color: #ffffff; text-decoration: underline;\">Structural Bearings<\/span><\/span><ul><li><a href=\"https:\/\/www.arsan.com\/urunlerimiz\/yapi-urunleri\/kuresel-mesnetler\/\">Spherical Bearings<\/a><\/li><li><a href=\"https:\/\/www.arsan.com\/urunlerimiz\/yapi-urunleri\/elastomer-mesnetler\/\">Elastomer Bearings<\/a><\/li><li><a href=\"https:\/\/www.arsan.com\/urunlerimiz\/yapi-urunleri\/pot-mesnetler\/\">Pot Bearings<\/a><\/li><li><a href=\"https:\/\/www.arsan.com\/urunlerimiz\/yapi-urunleri\/kayici-mesnetler\/\">Sliding Bearings<\/a><\/li><\/ul><\/li><li><span style=\"text-decoration: underline;\"><span style=\"color: #ffffff; text-decoration: underline;\">Expansion Joints<\/span><\/span><ul><li><a href=\"https:\/\/www.arsan.com\/urunlerimiz\/yapi-urunleri\/ar-ex-tek-aciklikli-genlesme-derzi\/\">AR-EX Single Span Expansion Joint<\/a><\/li><li><a href=\"https:\/\/www.arsan.com\/urunlerimiz\/yapi-urunleri\/ar-ex-moduler-genlesme-derzi\/\">AR-EX Modular Expansion Joint<\/a><\/li><li><a href=\"https:\/\/www.arsan.com\/urunlerimiz\/yapi-urunleri\/sem-genlesme-derzi\/\">SEM Expansion Joint<\/a><\/li><\/ul><\/li><li><span style=\"text-decoration: underline;\"><span style=\"color: #ffffff; text-decoration: underline;\">Tunnel Segment Gaskets<\/span><\/span><ul><li><a href=\"https:\/\/www.arsan.com\/urunlerimiz\/yapi-urunleri\/tunel-segment-contalari\/\">Tunnel Segment Gaskets<\/a><\/li><li><a href=\"https:\/\/www.arsan.com\/urunlerimiz\/yapi-urunleri\/omega-conta\/\">Omega Gaskets<\/a><\/li><\/ul><\/li><li><a href=\"https:\/\/www.arsan.com\/urunlerimiz\/yapi-urunleri\/dilatasyon-profilleri\/\"><span style=\"color: #ffffff;\">Dilatation Profiles<\/span><\/a><\/li><li><a href=\"https:\/\/www.arsan.com\/urunlerimiz\/yapi-urunleri\/su-tutucu-bantlar\/\"><span style=\"color: #ffffff;\">Waterstops<\/span><\/a><\/li><\/ul><ul><li style=\"list-style-type: none;\">\u00a0<\/li><\/ul><ul><li style=\"list-style-type: none;\">\u00a0<\/li><\/ul>\t\t\t\t\t\t\t\t<\/div>\n\t\t\t\t<\/div>\n\t\t\t\t\t<\/div>\n\t\t<\/div>\n\t\t\t\t<div class=\"elementor-column elementor-col-66 elementor-top-column elementor-element elementor-element-9382a7f\" data-id=\"9382a7f\" data-element_type=\"column\" data-e-type=\"column\">\n\t\t\t<div class=\"elementor-widget-wrap elementor-element-populated\">\n\t\t\t\t\t\t<div class=\"elementor-element elementor-element-38ab8039 elementor-widget elementor-widget-image\" data-id=\"38ab8039\" data-element_type=\"widget\" data-e-type=\"widget\" data-widget_type=\"image.default\">\n\t\t\t\t<div class=\"elementor-widget-container\">\n\t\t\t\t\t\t\t\t\t\t\t\t\t\t\t<img fetchpriority=\"high\" decoding=\"async\" width=\"1100\" height=\"300\" src=\"https:\/\/www.arsan.com\/wp-content\/uploads\/2022\/12\/tunel-segment-contalari-1-1.jpg\" class=\"attachment-full size-full wp-image-4263\" alt=\"\" srcset=\"https:\/\/www.arsan.com\/wp-content\/uploads\/2022\/12\/tunel-segment-contalari-1-1.jpg 1100w, https:\/\/www.arsan.com\/wp-content\/uploads\/2022\/12\/tunel-segment-contalari-1-1-300x82.jpg 300w, https:\/\/www.arsan.com\/wp-content\/uploads\/2022\/12\/tunel-segment-contalari-1-1-1024x279.jpg 1024w, https:\/\/www.arsan.com\/wp-content\/uploads\/2022\/12\/tunel-segment-contalari-1-1-768x209.jpg 768w, https:\/\/www.arsan.com\/wp-content\/uploads\/2022\/12\/tunel-segment-contalari-1-1-18x5.jpg 18w\" sizes=\"(max-width: 1100px) 100vw, 1100px\" \/>\t\t\t\t\t\t\t\t\t\t\t\t\t\t\t<\/div>\n\t\t\t\t<\/div>\n\t\t\t\t<div class=\"elementor-element elementor-element-25877235 elementor-widget elementor-widget-text-editor\" data-id=\"25877235\" data-element_type=\"widget\" data-e-type=\"widget\" data-widget_type=\"text-editor.default\">\n\t\t\t\t<div class=\"elementor-widget-container\">\n\t\t\t\t\t\t\t\t\t<p>ARSAN Segment Gaskets (ASG) have been brought on by our experienced technical staff who are experts in developing new compounds and products by using high elastomeric technologies.\u00a0<\/p><h3>Advantages of Arsan Segment Gaskets<\/h3><ul><li>Easy to fit,<\/li><li>It provides an effective protection when the segments join.<\/li><li>It supplies a protection against ground movements.<\/li><li>Has been proven, certified and it is trust worthy.<\/li><li>It has a long life, and has resistance against Chemical and micro-biologic factors.<\/li><\/ul><p>ARSAN  is a project oriented company, and it produces and designs a wide range of products in accordance with customer demands. ARSAN is sensitive to environment during production and fulfills all its responsibilities<\/p><p>While deciding about which ASG to use in tunnels, there are so many factors that Arsan focuses on.\nHydro-static pressure and groove dimensions are very important and they are the main fundamentals for making design.<\/p><p><img decoding=\"async\" class=\"alignnone size-full wp-image-1762\" src=\"https:\/\/www.arsan.com\/wp-content\/uploads\/2020\/10\/IMG_5411.jpg\" alt=\"\" width=\"900\" height=\"206\" srcset=\"https:\/\/www.arsan.com\/wp-content\/uploads\/2020\/10\/IMG_5411.jpg 900w, https:\/\/www.arsan.com\/wp-content\/uploads\/2020\/10\/IMG_5411-300x69.jpg 300w, https:\/\/www.arsan.com\/wp-content\/uploads\/2020\/10\/IMG_5411-768x176.jpg 768w, https:\/\/www.arsan.com\/wp-content\/uploads\/2020\/10\/IMG_5411-16x4.jpg 16w\" sizes=\"(max-width: 900px) 100vw, 900px\" \/><\/p><h3>Gaps and Displacements<\/h3><p>Arsan Kau\u00e7uk engineering department designs the tunnel segment profiles acrnrding ta project requirements and customer specifications. The fundamental criteria far the rnrrect design is water pressure resistance far a given groove at the rnnnection of rnncrete segments. Before the serial production, the profile is simulated on the simulation software which enables us ta rnnfidently predict how \u25a1ur product will operate. After this development stage, the initial serial production is run and the whole tests are performed far the approval of the design.<\/p><h3>Design of ASG<\/h3><p>Arsan Kau\u00e7uk engineering department designs the tunnel segment profiles acrnrding ta project requirements and customer specifications. The fundamental criteria far the rnrrect design is water pressure resistance far a given groove at the rnnnection of rnncrete segments. Before the serial production, the profile is simulated on the simulation software which enables us ta rnnfidently predict how \u25a1ur product will operate. After this development stage, the initial serial production is run and the whole tests are performed far the approval of the design.<\/p><p><strong>Testler:<\/strong><\/p><ul><li>Hardness<\/li><li>Crack Resistance<\/li><li>Elongation<\/li><li>Deformation<\/li><li>Ozone Resistance<\/li><li>Ageing<\/li><li>Load Displacement<\/li><li>Stress Relaxation<\/li><li>Restorative Capacity<\/li><li>Tightness<\/li><li>Spalling<\/li><li>Chemical Analyse<\/li><li>Ageing in Underground Water<\/li><\/ul><p><strong>ASD stands out with its long service  life, economic, effective and watertight features.<\/strong><\/p><p>The most important feature of the segment gaskets is to provide water tightness. Underground water pressure is \nformed at laboratory, and tested by simulating the effect of the gaskets un der pressure. This is the effective way to prove \u25a1ur customers that the gasket has resistance against the water pressure. in order to be sure about the gaskets certainty, test pressure always has to be bigger than the real underground water pressure.<\/p><p><iframe title=\"Arsan Tunnel Segment Gaskets\" width=\"580\" height=\"326\" src=\"https:\/\/www.youtube.com\/embed\/SLId5SkDXbQ?feature=oembed\" frameborder=\"0\" allow=\"accelerometer; autoplay; clipboard-write; encrypted-media; gyroscope; picture-in-picture; web-share\" referrerpolicy=\"strict-origin-when-cross-origin\" allowfullscreen><\/iframe><\/p>\t\t\t\t\t\t\t\t<\/div>\n\t\t\t\t<\/div>\n\t\t\t\t<div class=\"elementor-element elementor-element-6b5fbb7 elementor-widget elementor-widget-text-editor\" data-id=\"6b5fbb7\" data-element_type=\"widget\" data-e-type=\"widget\" data-widget_type=\"text-editor.default\">\n\t\t\t\t<div class=\"elementor-widget-container\">\n\t\t\t\t\t\t\t\t\t<h3><span style=\"color: #ffffff;\">Product Types<\/span><\/h3>\t\t\t\t\t\t\t\t<\/div>\n\t\t\t\t<\/div>\n\t\t\t\t<div class=\"elementor-element elementor-element-d552e19 elementor-tabs-view-horizontal elementor-widget elementor-widget-tabs\" data-id=\"d552e19\" data-element_type=\"widget\" data-e-type=\"widget\" data-widget_type=\"tabs.default\">\n\t\t\t\t<div class=\"elementor-widget-container\">\n\t\t\t\t\t\t\t<div class=\"elementor-tabs\">\n\t\t\t<div class=\"elementor-tabs-wrapper\" role=\"tablist\" >\n\t\t\t\t\t\t\t\t\t<div id=\"elementor-tab-title-2231\" class=\"elementor-tab-title elementor-tab-desktop-title\" aria-selected=\"true\" data-tab=\"1\" role=\"tab\" tabindex=\"0\" aria-controls=\"elementor-tab-content-2231\" aria-expanded=\"false\">Glued Gaskets<\/div>\n\t\t\t\t\t\t\t\t\t<div id=\"elementor-tab-title-2232\" class=\"elementor-tab-title elementor-tab-desktop-title\" aria-selected=\"false\" data-tab=\"2\" role=\"tab\" tabindex=\"-1\" aria-controls=\"elementor-tab-content-2232\" aria-expanded=\"false\">Anchored Gaskets<\/div>\n\t\t\t\t\t\t\t\t\t<div id=\"elementor-tab-title-2233\" class=\"elementor-tab-title elementor-tab-desktop-title\" aria-selected=\"false\" data-tab=\"3\" role=\"tab\" tabindex=\"-1\" aria-controls=\"elementor-tab-content-2233\" aria-expanded=\"false\">Hybrid Gaskets<\/div>\n\t\t\t\t\t\t\t\t\t<div id=\"elementor-tab-title-2234\" class=\"elementor-tab-title elementor-tab-desktop-title\" aria-selected=\"false\" data-tab=\"4\" role=\"tab\" tabindex=\"-1\" aria-controls=\"elementor-tab-content-2234\" aria-expanded=\"false\">Co-Extruded Gaskets<\/div>\n\t\t\t\t\t\t\t<\/div>\n\t\t\t<div class=\"elementor-tabs-content-wrapper\" role=\"tablist\" aria-orientation=\"vertical\">\n\t\t\t\t\t\t\t\t\t<div class=\"elementor-tab-title elementor-tab-mobile-title\" aria-selected=\"true\" data-tab=\"1\" role=\"tab\" tabindex=\"0\" aria-controls=\"elementor-tab-content-2231\" aria-expanded=\"false\">Glued Gaskets<\/div>\n\t\t\t\t\t<div id=\"elementor-tab-content-2231\" class=\"elementor-tab-content elementor-clearfix\" data-tab=\"1\" role=\"tabpanel\" aria-labelledby=\"elementor-tab-title-2231\" tabindex=\"0\" hidden=\"false\"><p><img decoding=\"async\" class=\"alignnone size-full wp-image-1809\" src=\"https:\/\/www.arsan.com\/wp-content\/uploads\/2020\/10\/a-17-Glued_451.001B.jpg\" alt=\"\" width=\"900\" height=\"506\" srcset=\"https:\/\/www.arsan.com\/wp-content\/uploads\/2020\/10\/a-17-Glued_451.001B.jpg 900w, https:\/\/www.arsan.com\/wp-content\/uploads\/2020\/10\/a-17-Glued_451.001B-300x169.jpg 300w, https:\/\/www.arsan.com\/wp-content\/uploads\/2020\/10\/a-17-Glued_451.001B-768x432.jpg 768w, https:\/\/www.arsan.com\/wp-content\/uploads\/2020\/10\/a-17-Glued_451.001B-16x9.jpg 16w\" sizes=\"(max-width: 900px) 100vw, 900px\" \/><\/p><\/div>\n\t\t\t\t\t\t\t\t\t<div class=\"elementor-tab-title elementor-tab-mobile-title\" aria-selected=\"false\" data-tab=\"2\" role=\"tab\" tabindex=\"-1\" aria-controls=\"elementor-tab-content-2232\" aria-expanded=\"false\">Anchored Gaskets<\/div>\n\t\t\t\t\t<div id=\"elementor-tab-content-2232\" class=\"elementor-tab-content elementor-clearfix\" data-tab=\"2\" role=\"tabpanel\" aria-labelledby=\"elementor-tab-title-2232\" tabindex=\"0\" hidden=\"hidden\"><p><img loading=\"lazy\" decoding=\"async\" class=\"alignnone size-full wp-image-1810\" src=\"https:\/\/www.arsan.com\/wp-content\/uploads\/2020\/10\/a-03-Anchored_476.001.jpg\" alt=\"\" width=\"900\" height=\"506\" srcset=\"https:\/\/www.arsan.com\/wp-content\/uploads\/2020\/10\/a-03-Anchored_476.001.jpg 900w, https:\/\/www.arsan.com\/wp-content\/uploads\/2020\/10\/a-03-Anchored_476.001-300x169.jpg 300w, https:\/\/www.arsan.com\/wp-content\/uploads\/2020\/10\/a-03-Anchored_476.001-768x432.jpg 768w, https:\/\/www.arsan.com\/wp-content\/uploads\/2020\/10\/a-03-Anchored_476.001-16x9.jpg 16w\" sizes=\"(max-width: 900px) 100vw, 900px\" \/><\/p><\/div>\n\t\t\t\t\t\t\t\t\t<div class=\"elementor-tab-title elementor-tab-mobile-title\" aria-selected=\"false\" data-tab=\"3\" role=\"tab\" tabindex=\"-1\" aria-controls=\"elementor-tab-content-2233\" aria-expanded=\"false\">Hybrid Gaskets<\/div>\n\t\t\t\t\t<div id=\"elementor-tab-content-2233\" class=\"elementor-tab-content elementor-clearfix\" data-tab=\"3\" role=\"tabpanel\" aria-labelledby=\"elementor-tab-title-2233\" tabindex=\"0\" hidden=\"hidden\"><p><img loading=\"lazy\" decoding=\"async\" class=\"alignnone size-full wp-image-1811\" src=\"https:\/\/www.arsan.com\/wp-content\/uploads\/2020\/10\/a-27-Hybrid_459_001.jpg\" alt=\"\" width=\"900\" height=\"506\" srcset=\"https:\/\/www.arsan.com\/wp-content\/uploads\/2020\/10\/a-27-Hybrid_459_001.jpg 900w, https:\/\/www.arsan.com\/wp-content\/uploads\/2020\/10\/a-27-Hybrid_459_001-300x169.jpg 300w, https:\/\/www.arsan.com\/wp-content\/uploads\/2020\/10\/a-27-Hybrid_459_001-768x432.jpg 768w, https:\/\/www.arsan.com\/wp-content\/uploads\/2020\/10\/a-27-Hybrid_459_001-16x9.jpg 16w\" sizes=\"(max-width: 900px) 100vw, 900px\" \/><\/p><\/div>\n\t\t\t\t\t\t\t\t\t<div class=\"elementor-tab-title elementor-tab-mobile-title\" aria-selected=\"false\" data-tab=\"4\" role=\"tab\" tabindex=\"-1\" aria-controls=\"elementor-tab-content-2234\" aria-expanded=\"false\">Co-Extruded Gaskets<\/div>\n\t\t\t\t\t<div id=\"elementor-tab-content-2234\" class=\"elementor-tab-content elementor-clearfix\" data-tab=\"4\" role=\"tabpanel\" aria-labelledby=\"elementor-tab-title-2234\" tabindex=\"0\" hidden=\"hidden\"><p><img loading=\"lazy\" decoding=\"async\" class=\"alignnone size-full wp-image-1812\" src=\"https:\/\/www.arsan.com\/wp-content\/uploads\/2020\/10\/a-29-Co-extruded_642.051.jpg\" alt=\"\" width=\"900\" height=\"506\" srcset=\"https:\/\/www.arsan.com\/wp-content\/uploads\/2020\/10\/a-29-Co-extruded_642.051.jpg 900w, https:\/\/www.arsan.com\/wp-content\/uploads\/2020\/10\/a-29-Co-extruded_642.051-300x169.jpg 300w, https:\/\/www.arsan.com\/wp-content\/uploads\/2020\/10\/a-29-Co-extruded_642.051-768x432.jpg 768w, https:\/\/www.arsan.com\/wp-content\/uploads\/2020\/10\/a-29-Co-extruded_642.051-16x9.jpg 16w\" sizes=\"(max-width: 900px) 100vw, 900px\" \/><\/p><\/div>\n\t\t\t\t\t\t\t<\/div>\n\t\t<\/div>\n\t\t\t\t\t\t<\/div>\n\t\t\t\t<\/div>\n\t\t\t\t\t<\/div>\n\t\t<\/div>\n\t\t\t\t\t<\/div>\n\t\t<\/section>\n\t\t\t\t<\/div>","protected":false},"excerpt":{"rendered":"<p>Yap\u0131 \u00dcr\u00fcnleri Sismik \u0130zolat\u00f6rler Kur\u015fun \u00c7ekirdekli Kau\u00e7uk \u0130zolat\u00f6rler Yap\u0131sal Mesnetler K\u00fcresel Mesnetler Elastomer Mesnetler Pot Mesnetler Kay\u0131c\u0131 Mesnetler Genle\u015fme Derzleri AR-EX Tek A\u00e7\u0131kl\u0131kl\u0131 Genle\u015fme Derzi AR-EX Mod\u00fcler Genle\u015fme Derzi SEM Genle\u015fme Derzi T\u00fcnel Segment Contalar\u0131 T\u00fcnel Segment Contalar\u0131 Omega Contalar Dilatasyon Profilleri Su Tutucu Bantlar \u00a0 \u00a0 ARSAN Segment Contas\u0131(ASG), y\u00fcksek elastomer teknolojsi ile yeni [&hellip;]<\/p>\n","protected":false},"author":2,"featured_media":0,"parent":1518,"menu_order":0,"comment_status":"closed","ping_status":"closed","template":"","meta":{"footnotes":""},"class_list":["post-1674","page","type-page","status-publish","hentry"],"aioseo_notices":[],"_links":{"self":[{"href":"https:\/\/www.arsan.com\/en\/wp-json\/wp\/v2\/pages\/1674","targetHints":{"allow":["GET"]}}],"collection":[{"href":"https:\/\/www.arsan.com\/en\/wp-json\/wp\/v2\/pages"}],"about":[{"href":"https:\/\/www.arsan.com\/en\/wp-json\/wp\/v2\/types\/page"}],"author":[{"embeddable":true,"href":"https:\/\/www.arsan.com\/en\/wp-json\/wp\/v2\/users\/2"}],"replies":[{"embeddable":true,"href":"https:\/\/www.arsan.com\/en\/wp-json\/wp\/v2\/comments?post=1674"}],"version-history":[{"count":0,"href":"https:\/\/www.arsan.com\/en\/wp-json\/wp\/v2\/pages\/1674\/revisions"}],"up":[{"embeddable":true,"href":"https:\/\/www.arsan.com\/en\/wp-json\/wp\/v2\/pages\/1518"}],"wp:attachment":[{"href":"https:\/\/www.arsan.com\/en\/wp-json\/wp\/v2\/media?parent=1674"}],"curies":[{"name":"wp","href":"https:\/\/api.w.org\/{rel}","templated":true}]}}