{"id":1664,"date":"2020-10-13T18:20:52","date_gmt":"2020-10-13T15:20:52","guid":{"rendered":"https:\/\/www.arsan.com\/?page_id=1664"},"modified":"2022-12-27T08:34:22","modified_gmt":"2022-12-27T05:34:22","slug":"pot-mesnetler","status":"publish","type":"page","link":"https:\/\/www.arsan.com\/en\/urunlerimiz\/yapi-urunleri\/pot-mesnetler\/","title":{"rendered":"Pot Bearings"},"content":{"rendered":"<div data-elementor-type=\"wp-page\" data-elementor-id=\"1664\" class=\"elementor elementor-1664\" data-elementor-post-type=\"page\">\n\t\t\t\t\t\t<section class=\"elementor-section elementor-top-section elementor-element elementor-element-12b6863 elementor-section-boxed elementor-section-height-default elementor-section-height-default\" data-id=\"12b6863\" data-element_type=\"section\" data-e-type=\"section\" data-settings=\"{&quot;background_background&quot;:&quot;classic&quot;}\">\n\t\t\t\t\t\t<div class=\"elementor-container elementor-column-gap-default\">\n\t\t\t\t\t<div class=\"elementor-column elementor-col-33 elementor-top-column elementor-element elementor-element-39441a0e\" data-id=\"39441a0e\" data-element_type=\"column\" data-e-type=\"column\" data-settings=\"{&quot;background_background&quot;:&quot;gradient&quot;}\">\n\t\t\t<div class=\"elementor-widget-wrap elementor-element-populated\">\n\t\t\t\t\t\t<div class=\"elementor-element elementor-element-2aae2f39 elementor-widget elementor-widget-text-editor\" data-id=\"2aae2f39\" data-element_type=\"widget\" data-e-type=\"widget\" data-widget_type=\"text-editor.default\">\n\t\t\t\t<div class=\"elementor-widget-container\">\n\t\t\t\t\t\t\t\t\t<p><span style=\"color: #ffffff;\">Building Products<\/span><\/p>\t\t\t\t\t\t\t\t<\/div>\n\t\t\t\t<\/div>\n\t\t\t\t<div class=\"elementor-element elementor-element-1083826a elementor-widget elementor-widget-text-editor\" data-id=\"1083826a\" data-element_type=\"widget\" data-e-type=\"widget\" data-widget_type=\"text-editor.default\">\n\t\t\t\t<div class=\"elementor-widget-container\">\n\t\t\t\t\t\t\t\t\t<ul><li><span style=\"text-decoration: underline;\"><span style=\"color: #ffffff; text-decoration: underline;\">Seismic Isolators<\/span><\/span><ul><li><a href=\"https:\/\/www.arsan.com\/urunlerimiz\/yapi-urunleri\/kursun-cekirdekli-kaucuk-izolator\/\">Lead-Core Rubber Isolators<\/a><\/li><\/ul><\/li><li><span style=\"text-decoration: underline;\"><span style=\"color: #ffffff; text-decoration: underline;\">Structural Bearings<\/span><\/span><ul><li><a href=\"https:\/\/www.arsan.com\/urunlerimiz\/yapi-urunleri\/kuresel-mesnetler\/\">Spherical Bearings<\/a><\/li><li><a href=\"https:\/\/www.arsan.com\/urunlerimiz\/yapi-urunleri\/elastomer-mesnetler\/\">Elastomer Bearings<\/a><\/li><li><a href=\"https:\/\/www.arsan.com\/urunlerimiz\/yapi-urunleri\/pot-mesnetler\/\">Pot Bearings<\/a><\/li><li><a href=\"https:\/\/www.arsan.com\/urunlerimiz\/yapi-urunleri\/kayici-mesnetler\/\">Sliding Bearings<\/a><\/li><\/ul><\/li><li><span style=\"text-decoration: underline;\"><span style=\"color: #ffffff; text-decoration: underline;\">Expansion Joints<\/span><\/span><ul><li><a href=\"https:\/\/www.arsan.com\/urunlerimiz\/yapi-urunleri\/ar-ex-tek-aciklikli-genlesme-derzi\/\">AR-EX Single Span Expansion Joint<\/a><\/li><li><a href=\"https:\/\/www.arsan.com\/urunlerimiz\/yapi-urunleri\/ar-ex-moduler-genlesme-derzi\/\">AR-EX Modular Expansion Joint<\/a><\/li><li><a href=\"https:\/\/www.arsan.com\/urunlerimiz\/yapi-urunleri\/sem-genlesme-derzi\/\">SEM Expansion Joint<\/a><\/li><\/ul><\/li><li><span style=\"text-decoration: underline;\"><span style=\"color: #ffffff; text-decoration: underline;\">Tunnel Segment Gaskets<\/span><\/span><ul><li><a href=\"https:\/\/www.arsan.com\/urunlerimiz\/yapi-urunleri\/tunel-segment-contalari\/\">Tunnel Segment Gaskets<\/a><\/li><li><a href=\"https:\/\/www.arsan.com\/urunlerimiz\/yapi-urunleri\/omega-conta\/\">Omega Gaskets<\/a><\/li><\/ul><\/li><li><a href=\"https:\/\/www.arsan.com\/urunlerimiz\/yapi-urunleri\/dilatasyon-profilleri\/\"><span style=\"color: #ffffff;\">Dilatation Profiles<\/span><\/a><\/li><li><a href=\"https:\/\/www.arsan.com\/urunlerimiz\/yapi-urunleri\/su-tutucu-bantlar\/\"><span style=\"color: #ffffff;\">Waterstops<\/span><\/a><\/li><\/ul><ul><li style=\"list-style-type: none;\">\u00a0<\/li><\/ul><ul><li style=\"list-style-type: none;\">\u00a0<\/li><\/ul>\t\t\t\t\t\t\t\t<\/div>\n\t\t\t\t<\/div>\n\t\t\t\t\t<\/div>\n\t\t<\/div>\n\t\t\t\t<div class=\"elementor-column elementor-col-66 elementor-top-column elementor-element elementor-element-318d19b5\" data-id=\"318d19b5\" data-element_type=\"column\" data-e-type=\"column\">\n\t\t\t<div class=\"elementor-widget-wrap elementor-element-populated\">\n\t\t\t\t\t\t<div class=\"elementor-element elementor-element-b04209c elementor-widget elementor-widget-image\" data-id=\"b04209c\" data-element_type=\"widget\" data-e-type=\"widget\" data-widget_type=\"image.default\">\n\t\t\t\t<div class=\"elementor-widget-container\">\n\t\t\t\t\t\t\t\t\t\t\t\t\t\t\t<img fetchpriority=\"high\" decoding=\"async\" width=\"1100\" height=\"300\" src=\"https:\/\/www.arsan.com\/wp-content\/uploads\/2022\/12\/pot-mesnetler.jpg\" class=\"attachment-full size-full wp-image-4236\" alt=\"\" srcset=\"https:\/\/www.arsan.com\/wp-content\/uploads\/2022\/12\/pot-mesnetler.jpg 1100w, https:\/\/www.arsan.com\/wp-content\/uploads\/2022\/12\/pot-mesnetler-300x82.jpg 300w, https:\/\/www.arsan.com\/wp-content\/uploads\/2022\/12\/pot-mesnetler-1024x279.jpg 1024w, https:\/\/www.arsan.com\/wp-content\/uploads\/2022\/12\/pot-mesnetler-768x209.jpg 768w, https:\/\/www.arsan.com\/wp-content\/uploads\/2022\/12\/pot-mesnetler-18x5.jpg 18w\" sizes=\"(max-width: 1100px) 100vw, 1100px\" \/>\t\t\t\t\t\t\t\t\t\t\t\t\t\t\t<\/div>\n\t\t\t\t<\/div>\n\t\t\t\t<div class=\"elementor-element elementor-element-c0d8ac2 elementor-widget elementor-widget-text-editor\" data-id=\"c0d8ac2\" data-element_type=\"widget\" data-e-type=\"widget\" data-widget_type=\"text-editor.default\">\n\t\t\t\t<div class=\"elementor-widget-container\">\n\t\t\t\t\t\t\t\t\t<p>ATLAS Pot Bearing is used for structures such as bridges and viaducts which are exposed to different rotational and displacement effects, and is designed according to EN 1337-5, AASHTO LRFD .<\/p><h3>Pot Bearing Working Principle<\/h3><p><strong><br \/><\/strong>ATLAS Pot Bearings consist of a steel pot, an elastomeric pad in this pot, and a steel piston element that transmits the vertical load and rotational effects of the superstructure on the elastomeric pad to the substructure.    odate rotational effects up to 0.03 radians by a viscous fluid motion in the pot.\u00a0<br \/>The horizontal and vertical forces transferred from superstructure are transferred to the pot by the piston. If required, pot bearings can make free horizontal movements in one direction or in all directions.<\/p><p>The horizontal movement is provided by a special PTFE material placed on the piston with low friction and high pressure resistance.\u00a0<\/p><h3>Design Criteria<\/h3><ul><li>\u00a0Custom Designed for the project according to the required vertical and horizontal load carrying capacities<\/li><li>Has a rotational capacity up to 0,03 radians.<\/li><li>If required can be regulated for free horizontal movements in one direction or in all directions.<\/li><li>Has long service life under dynamic loads<\/li><\/ul><h3>Design Standards<\/h3><p>ATLAS Pot Bearings are designed according to European Standards and has a CE Quality Certificate. If required, pot bearings can be designed according to AASHTO LRFD or other international standards.<\/p><p><strong>The standards used in the design are:<\/strong><\/p><ul><li>EN 1337 - 1 General Design Rules<\/li><li>EN 1337 - 2 Sliding Elements<\/li><li>EN 1337 - 5 Pot Bearings<\/li><li>AASHTO LRFD Bridge Design Specification<\/li><\/ul>\t\t\t\t\t\t\t\t<\/div>\n\t\t\t\t<\/div>\n\t\t\t\t<div class=\"elementor-element elementor-element-ad05e07 elementor-widget elementor-widget-text-editor\" data-id=\"ad05e07\" data-element_type=\"widget\" data-e-type=\"widget\" data-widget_type=\"text-editor.default\">\n\t\t\t\t<div class=\"elementor-widget-container\">\n\t\t\t\t\t\t\t\t\t<h3><span style=\"color: #ffffff;\">Product Types<\/span><\/h3>\t\t\t\t\t\t\t\t<\/div>\n\t\t\t\t<\/div>\n\t\t\t\t<div class=\"elementor-element elementor-element-7c7d888 elementor-tabs-view-horizontal elementor-widget elementor-widget-tabs\" data-id=\"7c7d888\" data-element_type=\"widget\" data-e-type=\"widget\" data-widget_type=\"tabs.default\">\n\t\t\t\t<div class=\"elementor-widget-container\">\n\t\t\t\t\t\t\t<div class=\"elementor-tabs\">\n\t\t\t<div class=\"elementor-tabs-wrapper\" role=\"tablist\" >\n\t\t\t\t\t\t\t\t\t<div id=\"elementor-tab-title-1301\" class=\"elementor-tab-title elementor-tab-desktop-title\" aria-selected=\"true\" data-tab=\"1\" role=\"tab\" tabindex=\"0\" aria-controls=\"elementor-tab-content-1301\" aria-expanded=\"false\">Atlas U<\/div>\n\t\t\t\t\t\t\t\t\t<div id=\"elementor-tab-title-1302\" class=\"elementor-tab-title elementor-tab-desktop-title\" aria-selected=\"false\" data-tab=\"2\" role=\"tab\" tabindex=\"-1\" aria-controls=\"elementor-tab-content-1302\" aria-expanded=\"false\">Atlas S<\/div>\n\t\t\t\t\t\t\t\t\t<div id=\"elementor-tab-title-1303\" class=\"elementor-tab-title elementor-tab-desktop-title\" aria-selected=\"false\" data-tab=\"3\" role=\"tab\" tabindex=\"-1\" aria-controls=\"elementor-tab-content-1303\" aria-expanded=\"false\">Atlas G<\/div>\n\t\t\t\t\t\t\t\t\t<div id=\"elementor-tab-title-1304\" class=\"elementor-tab-title elementor-tab-desktop-title\" aria-selected=\"false\" data-tab=\"4\" role=\"tab\" tabindex=\"-1\" aria-controls=\"elementor-tab-content-1304\" aria-expanded=\"false\">Atlas F<\/div>\n\t\t\t\t\t\t\t<\/div>\n\t\t\t<div class=\"elementor-tabs-content-wrapper\" role=\"tablist\" aria-orientation=\"vertical\">\n\t\t\t\t\t\t\t\t\t<div class=\"elementor-tab-title elementor-tab-mobile-title\" aria-selected=\"true\" data-tab=\"1\" role=\"tab\" tabindex=\"0\" aria-controls=\"elementor-tab-content-1301\" aria-expanded=\"false\">Atlas U<\/div>\n\t\t\t\t\t<div id=\"elementor-tab-content-1301\" class=\"elementor-tab-content elementor-clearfix\" data-tab=\"1\" role=\"tabpanel\" aria-labelledby=\"elementor-tab-title-1301\" tabindex=\"0\" hidden=\"false\"><p><img decoding=\"async\" class=\"alignnone size-full wp-image-1711\" src=\"https:\/\/www.arsan.com\/wp-content\/uploads\/2020\/10\/atlas-u.jpg\" alt=\"\" width=\"1000\" height=\"300\" srcset=\"https:\/\/www.arsan.com\/wp-content\/uploads\/2020\/10\/atlas-u.jpg 1000w, https:\/\/www.arsan.com\/wp-content\/uploads\/2020\/10\/atlas-u-300x90.jpg 300w, https:\/\/www.arsan.com\/wp-content\/uploads\/2020\/10\/atlas-u-768x230.jpg 768w, https:\/\/www.arsan.com\/wp-content\/uploads\/2020\/10\/atlas-u-16x5.jpg 16w\" sizes=\"(max-width: 1000px) 100vw, 1000px\" \/><\/p><\/div>\n\t\t\t\t\t\t\t\t\t<div class=\"elementor-tab-title elementor-tab-mobile-title\" aria-selected=\"false\" data-tab=\"2\" role=\"tab\" tabindex=\"-1\" aria-controls=\"elementor-tab-content-1302\" aria-expanded=\"false\">Atlas S<\/div>\n\t\t\t\t\t<div id=\"elementor-tab-content-1302\" class=\"elementor-tab-content elementor-clearfix\" data-tab=\"2\" role=\"tabpanel\" aria-labelledby=\"elementor-tab-title-1302\" tabindex=\"0\" hidden=\"hidden\"><p><img decoding=\"async\" class=\"alignnone size-full wp-image-1712\" src=\"https:\/\/www.arsan.com\/wp-content\/uploads\/2020\/10\/atlas-s.jpg\" alt=\"\" width=\"1000\" height=\"300\" srcset=\"https:\/\/www.arsan.com\/wp-content\/uploads\/2020\/10\/atlas-s.jpg 1000w, https:\/\/www.arsan.com\/wp-content\/uploads\/2020\/10\/atlas-s-300x90.jpg 300w, https:\/\/www.arsan.com\/wp-content\/uploads\/2020\/10\/atlas-s-768x230.jpg 768w, https:\/\/www.arsan.com\/wp-content\/uploads\/2020\/10\/atlas-s-16x5.jpg 16w\" sizes=\"(max-width: 1000px) 100vw, 1000px\" \/><\/p><\/div>\n\t\t\t\t\t\t\t\t\t<div class=\"elementor-tab-title elementor-tab-mobile-title\" aria-selected=\"false\" data-tab=\"3\" role=\"tab\" tabindex=\"-1\" aria-controls=\"elementor-tab-content-1303\" aria-expanded=\"false\">Atlas G<\/div>\n\t\t\t\t\t<div id=\"elementor-tab-content-1303\" class=\"elementor-tab-content elementor-clearfix\" data-tab=\"3\" role=\"tabpanel\" aria-labelledby=\"elementor-tab-title-1303\" tabindex=\"0\" hidden=\"hidden\"><p><img loading=\"lazy\" decoding=\"async\" class=\"alignnone size-full wp-image-1713\" src=\"https:\/\/www.arsan.com\/wp-content\/uploads\/2020\/10\/atlas-g.jpg\" alt=\"\" width=\"1000\" height=\"300\" srcset=\"https:\/\/www.arsan.com\/wp-content\/uploads\/2020\/10\/atlas-g.jpg 1000w, https:\/\/www.arsan.com\/wp-content\/uploads\/2020\/10\/atlas-g-300x90.jpg 300w, https:\/\/www.arsan.com\/wp-content\/uploads\/2020\/10\/atlas-g-768x230.jpg 768w, https:\/\/www.arsan.com\/wp-content\/uploads\/2020\/10\/atlas-g-16x5.jpg 16w\" sizes=\"(max-width: 1000px) 100vw, 1000px\" \/><\/p><\/div>\n\t\t\t\t\t\t\t\t\t<div class=\"elementor-tab-title elementor-tab-mobile-title\" aria-selected=\"false\" data-tab=\"4\" role=\"tab\" tabindex=\"-1\" aria-controls=\"elementor-tab-content-1304\" aria-expanded=\"false\">Atlas F<\/div>\n\t\t\t\t\t<div id=\"elementor-tab-content-1304\" class=\"elementor-tab-content elementor-clearfix\" data-tab=\"4\" role=\"tabpanel\" aria-labelledby=\"elementor-tab-title-1304\" tabindex=\"0\" hidden=\"hidden\"><p><img loading=\"lazy\" decoding=\"async\" class=\"alignnone size-full wp-image-1714\" src=\"https:\/\/www.arsan.com\/wp-content\/uploads\/2020\/10\/atlas-f.jpg\" alt=\"\" width=\"1000\" height=\"300\" srcset=\"https:\/\/www.arsan.com\/wp-content\/uploads\/2020\/10\/atlas-f.jpg 1000w, https:\/\/www.arsan.com\/wp-content\/uploads\/2020\/10\/atlas-f-300x90.jpg 300w, https:\/\/www.arsan.com\/wp-content\/uploads\/2020\/10\/atlas-f-768x230.jpg 768w, https:\/\/www.arsan.com\/wp-content\/uploads\/2020\/10\/atlas-f-16x5.jpg 16w\" sizes=\"(max-width: 1000px) 100vw, 1000px\" \/><\/p><\/div>\n\t\t\t\t\t\t\t<\/div>\n\t\t<\/div>\n\t\t\t\t\t\t<\/div>\n\t\t\t\t<\/div>\n\t\t\t\t<div class=\"elementor-element elementor-element-79b8eea elementor-widget elementor-widget-text-editor\" data-id=\"79b8eea\" data-element_type=\"widget\" data-e-type=\"widget\" data-widget_type=\"text-editor.default\">\n\t\t\t\t<div class=\"elementor-widget-container\">\n\t\t\t\t\t\t\t\t\t<h3><span style=\"color: #ffffff;\">Gallery<\/span><\/h3>\t\t\t\t\t\t\t\t<\/div>\n\t\t\t\t<\/div>\n\t\t\t\t<div class=\"elementor-element elementor-element-4b54d23 gallery-spacing-custom elementor-widget elementor-widget-image-gallery\" data-id=\"4b54d23\" data-element_type=\"widget\" data-e-type=\"widget\" data-widget_type=\"image-gallery.default\">\n\t\t\t\t<div class=\"elementor-widget-container\">\n\t\t\t\t\t\t\t<div class=\"elementor-image-gallery\">\n\t\t\t<div id='gallery-37' class='gallery galleryid-1664 gallery-columns-3 gallery-size-industroz-news-grid'><figure class='gallery-item'>\n\t\t\t<div class='gallery-icon landscape'>\n\t\t\t\t<a data-elementor-open-lightbox=\"yes\" data-elementor-lightbox-slideshow=\"4b54d23\" data-elementor-lightbox-title=\"pot01\" data-e-action-hash=\"#elementor-action%3Aaction%3Dlightbox%26settings%3DeyJpZCI6MTcxOSwidXJsIjoiaHR0cHM6XC9cL3d3dy5hcnNhbi5jb21cL3dwLWNvbnRlbnRcL3VwbG9hZHNcLzIwMjBcLzEwXC9wb3QwMS5qcGciLCJzbGlkZXNob3ciOiI0YjU0ZDIzIn0%3D\" href='https:\/\/www.arsan.com\/wp-content\/uploads\/2020\/10\/pot01.jpg' data-lbwps-width=\"1000\" data-lbwps-height=\"1000\" data-lbwps-srcsmall=\"https:\/\/www.arsan.com\/wp-content\/uploads\/2020\/10\/pot01-12x12.jpg\"><img loading=\"lazy\" decoding=\"async\" width=\"447\" height=\"268\" src=\"https:\/\/www.arsan.com\/wp-content\/uploads\/2020\/10\/pot01-447x268.jpg\" class=\"attachment-industroz-news-grid size-industroz-news-grid\" alt=\"\" \/><\/a>\n\t\t\t<\/div><\/figure><figure class='gallery-item'>\n\t\t\t<div class='gallery-icon landscape'>\n\t\t\t\t<a data-elementor-open-lightbox=\"yes\" data-elementor-lightbox-slideshow=\"4b54d23\" data-elementor-lightbox-title=\"IMG_4968a1\" data-e-action-hash=\"#elementor-action%3Aaction%3Dlightbox%26settings%3DeyJpZCI6MTcyMywidXJsIjoiaHR0cHM6XC9cL3d3dy5hcnNhbi5jb21cL3dwLWNvbnRlbnRcL3VwbG9hZHNcLzIwMjBcLzEwXC9JTUdfNDk2OGExLmpwZyIsInNsaWRlc2hvdyI6IjRiNTRkMjMifQ%3D%3D\" href='https:\/\/www.arsan.com\/wp-content\/uploads\/2020\/10\/IMG_4968a1.jpg' data-lbwps-width=\"900\" data-lbwps-height=\"900\" data-lbwps-srcsmall=\"https:\/\/www.arsan.com\/wp-content\/uploads\/2020\/10\/IMG_4968a1-12x12.jpg\"><img loading=\"lazy\" decoding=\"async\" width=\"447\" height=\"268\" src=\"https:\/\/www.arsan.com\/wp-content\/uploads\/2020\/10\/IMG_4968a1-447x268.jpg\" class=\"attachment-industroz-news-grid size-industroz-news-grid\" alt=\"\" \/><\/a>\n\t\t\t<\/div><\/figure><figure class='gallery-item'>\n\t\t\t<div class='gallery-icon landscape'>\n\t\t\t\t<a data-elementor-open-lightbox=\"yes\" data-elementor-lightbox-slideshow=\"4b54d23\" data-elementor-lightbox-title=\"pot02\" data-e-action-hash=\"#elementor-action%3Aaction%3Dlightbox%26settings%3DeyJpZCI6MTcyMCwidXJsIjoiaHR0cHM6XC9cL3d3dy5hcnNhbi5jb21cL3dwLWNvbnRlbnRcL3VwbG9hZHNcLzIwMjBcLzEwXC9wb3QwMi5qcGciLCJzbGlkZXNob3ciOiI0YjU0ZDIzIn0%3D\" href='https:\/\/www.arsan.com\/wp-content\/uploads\/2020\/10\/pot02.jpg' data-lbwps-width=\"1000\" data-lbwps-height=\"1000\" data-lbwps-srcsmall=\"https:\/\/www.arsan.com\/wp-content\/uploads\/2020\/10\/pot02-12x12.jpg\"><img loading=\"lazy\" decoding=\"async\" width=\"447\" height=\"268\" src=\"https:\/\/www.arsan.com\/wp-content\/uploads\/2020\/10\/pot02-447x268.jpg\" class=\"attachment-industroz-news-grid size-industroz-news-grid\" alt=\"\" \/><\/a>\n\t\t\t<\/div><\/figure><figure class='gallery-item'>\n\t\t\t<div class='gallery-icon landscape'>\n\t\t\t\t<a data-elementor-open-lightbox=\"yes\" data-elementor-lightbox-slideshow=\"4b54d23\" data-elementor-lightbox-title=\"atlas031\" data-e-action-hash=\"#elementor-action%3Aaction%3Dlightbox%26settings%3DeyJpZCI6MTcxNywidXJsIjoiaHR0cHM6XC9cL3d3dy5hcnNhbi5jb21cL3dwLWNvbnRlbnRcL3VwbG9hZHNcLzIwMjBcLzEwXC9hdGxhczAzMS5qcGciLCJzbGlkZXNob3ciOiI0YjU0ZDIzIn0%3D\" href='https:\/\/www.arsan.com\/wp-content\/uploads\/2020\/10\/atlas031.jpg' data-lbwps-width=\"500\" data-lbwps-height=\"500\" data-lbwps-srcsmall=\"https:\/\/www.arsan.com\/wp-content\/uploads\/2020\/10\/atlas031-12x12.jpg\"><img loading=\"lazy\" decoding=\"async\" width=\"447\" height=\"268\" src=\"https:\/\/www.arsan.com\/wp-content\/uploads\/2020\/10\/atlas031-447x268.jpg\" class=\"attachment-industroz-news-grid size-industroz-news-grid\" alt=\"\" \/><\/a>\n\t\t\t<\/div><\/figure><figure class='gallery-item'>\n\t\t\t<div class='gallery-icon landscape'>\n\t\t\t\t<a data-elementor-open-lightbox=\"yes\" data-elementor-lightbox-slideshow=\"4b54d23\" data-elementor-lightbox-title=\"atlas041\" data-e-action-hash=\"#elementor-action%3Aaction%3Dlightbox%26settings%3DeyJpZCI6MTcxOCwidXJsIjoiaHR0cHM6XC9cL3d3dy5hcnNhbi5jb21cL3dwLWNvbnRlbnRcL3VwbG9hZHNcLzIwMjBcLzEwXC9hdGxhczA0MS5qcGciLCJzbGlkZXNob3ciOiI0YjU0ZDIzIn0%3D\" href='https:\/\/www.arsan.com\/wp-content\/uploads\/2020\/10\/atlas041.jpg' data-lbwps-width=\"500\" data-lbwps-height=\"500\" data-lbwps-srcsmall=\"https:\/\/www.arsan.com\/wp-content\/uploads\/2020\/10\/atlas041-12x12.jpg\"><img loading=\"lazy\" decoding=\"async\" width=\"447\" height=\"268\" src=\"https:\/\/www.arsan.com\/wp-content\/uploads\/2020\/10\/atlas041-447x268.jpg\" class=\"attachment-industroz-news-grid size-industroz-news-grid\" alt=\"\" \/><\/a>\n\t\t\t<\/div><\/figure>\n\t\t<\/div>\n\t\t<\/div>\n\t\t\t\t\t\t<\/div>\n\t\t\t\t<\/div>\n\t\t\t\t<div class=\"elementor-element elementor-element-6b380e4 elementor-widget elementor-widget-spacer\" data-id=\"6b380e4\" data-element_type=\"widget\" data-e-type=\"widget\" data-widget_type=\"spacer.default\">\n\t\t\t\t<div class=\"elementor-widget-container\">\n\t\t\t\t\t\t\t<div class=\"elementor-spacer\">\n\t\t\t<div class=\"elementor-spacer-inner\"><\/div>\n\t\t<\/div>\n\t\t\t\t\t\t<\/div>\n\t\t\t\t<\/div>\n\t\t\t\t\t<\/div>\n\t\t<\/div>\n\t\t\t\t\t<\/div>\n\t\t<\/section>\n\t\t\t\t<\/div>","protected":false},"excerpt":{"rendered":"<p>Yap\u0131 \u00dcr\u00fcnleri Sismik \u0130zolat\u00f6rler Kur\u015fun \u00c7ekirdekli Kau\u00e7uk \u0130zolat\u00f6rler Yap\u0131sal Mesnetler K\u00fcresel Mesnetler Elastomer Mesnetler Pot Mesnetler Kay\u0131c\u0131 Mesnetler Genle\u015fme Derzleri AR-EX Tek A\u00e7\u0131kl\u0131kl\u0131 Genle\u015fme Derzi AR-EX Mod\u00fcler Genle\u015fme Derzi SEM Genle\u015fme Derzi T\u00fcnel Segment Contalar\u0131 T\u00fcnel Segment Contalar\u0131 Omega Contalar Dilatasyon Profilleri Su Tutucu Bantlar \u00a0 \u00a0 K\u00f6pr\u00fc ve viyad\u00fckler gibi farkl\u0131 d\u00f6nme ve yer [&hellip;]<\/p>\n","protected":false},"author":2,"featured_media":0,"parent":1518,"menu_order":0,"comment_status":"closed","ping_status":"closed","template":"","meta":{"footnotes":""},"class_list":["post-1664","page","type-page","status-publish","hentry"],"aioseo_notices":[],"_links":{"self":[{"href":"https:\/\/www.arsan.com\/en\/wp-json\/wp\/v2\/pages\/1664","targetHints":{"allow":["GET"]}}],"collection":[{"href":"https:\/\/www.arsan.com\/en\/wp-json\/wp\/v2\/pages"}],"about":[{"href":"https:\/\/www.arsan.com\/en\/wp-json\/wp\/v2\/types\/page"}],"author":[{"embeddable":true,"href":"https:\/\/www.arsan.com\/en\/wp-json\/wp\/v2\/users\/2"}],"replies":[{"embeddable":true,"href":"https:\/\/www.arsan.com\/en\/wp-json\/wp\/v2\/comments?post=1664"}],"version-history":[{"count":0,"href":"https:\/\/www.arsan.com\/en\/wp-json\/wp\/v2\/pages\/1664\/revisions"}],"up":[{"embeddable":true,"href":"https:\/\/www.arsan.com\/en\/wp-json\/wp\/v2\/pages\/1518"}],"wp:attachment":[{"href":"https:\/\/www.arsan.com\/en\/wp-json\/wp\/v2\/media?parent=1664"}],"curies":[{"name":"wp","href":"https:\/\/api.w.org\/{rel}","templated":true}]}}