{"id":1548,"date":"2020-10-13T04:12:53","date_gmt":"2020-10-13T01:12:53","guid":{"rendered":"https:\/\/www.arsan.com\/?page_id=1548"},"modified":"2023-06-14T10:38:34","modified_gmt":"2023-06-14T07:38:34","slug":"diger-urunler","status":"publish","type":"page","link":"https:\/\/www.arsan.com\/en\/urunlerimiz\/diger-urunler\/","title":{"rendered":"Other Products"},"content":{"rendered":"<div data-elementor-type=\"wp-page\" data-elementor-id=\"1548\" class=\"elementor elementor-1548\" data-elementor-post-type=\"page\">\n\t\t\t\t\t\t<section class=\"elementor-section elementor-top-section elementor-element elementor-element-350cafd1 elementor-section-boxed elementor-section-height-default elementor-section-height-default\" data-id=\"350cafd1\" data-element_type=\"section\" data-e-type=\"section\" data-settings=\"{&quot;background_background&quot;:&quot;classic&quot;}\">\n\t\t\t\t\t\t<div class=\"elementor-container elementor-column-gap-default\">\n\t\t\t\t\t<div class=\"elementor-column elementor-col-33 elementor-top-column elementor-element elementor-element-7c565c6f\" data-id=\"7c565c6f\" data-element_type=\"column\" data-e-type=\"column\" data-settings=\"{&quot;background_background&quot;:&quot;gradient&quot;}\">\n\t\t\t<div class=\"elementor-widget-wrap elementor-element-populated\">\n\t\t\t\t\t\t<div class=\"elementor-element elementor-element-14449cd9 elementor-widget elementor-widget-text-editor\" data-id=\"14449cd9\" data-element_type=\"widget\" data-e-type=\"widget\" data-widget_type=\"text-editor.default\">\n\t\t\t\t<div class=\"elementor-widget-container\">\n\t\t\t\t\t\t\t\t\t<p><span style=\"color: #ffffff;\">Other Products<\/span><\/p>\t\t\t\t\t\t\t\t<\/div>\n\t\t\t\t<\/div>\n\t\t\t\t<div class=\"elementor-element elementor-element-53763d6f elementor-widget elementor-widget-text-editor\" data-id=\"53763d6f\" data-element_type=\"widget\" data-e-type=\"widget\" data-widget_type=\"text-editor.default\">\n\t\t\t\t<div class=\"elementor-widget-container\">\n\t\t\t\t\t\t\t\t\t<ul><li><span style=\"text-decoration: underline;\"><span style=\"color: #ffffff; text-decoration: underline;\">Rubber Profiles<\/span><\/span><ul><li><a href=\"https:\/\/www.arsan.com\/urunlerimiz\/diger-urunler\/d-profiller\/\">D Profiles<\/a><\/li><li><a href=\"https:\/\/www.arsan.com\/urunlerimiz\/diger-urunler\/dorse-kapi-profiller\/\">Trailer Door Profiles<\/a><\/li><li><a href=\"https:\/\/www.arsan.com\/urunlerimiz\/diger-urunler\/dilatasyon-profilleri\/\">Dilatation Profiles<\/a><\/li><li><a href=\"https:\/\/www.arsan.com\/urunlerimiz\/diger-urunler\/kanal-kapak-contalari\/\">Manhole Gaskets<\/a><\/li><li><a href=\"https:\/\/www.arsan.com\/urunlerimiz\/diger-urunler\/kelepce-lastikleri\/\">Clamp Profiles<\/a><\/li><li><a href=\"https:\/\/www.arsan.com\/urunlerimiz\/diger-urunler\/kapi-garaj-profilleri\/\">Door Garage Profiles<\/a><\/li><li><a href=\"https:\/\/www.arsan.com\/urunlerimiz\/diger-urunler\/kablo-koruma-profilleri\/\">Cable Protection Profiles<\/a><\/li><li><a href=\"https:\/\/www.arsan.com\/urunlerimiz\/diger-urunler\/bant-profiller\/\">Band Profiles<\/a><\/li><li><a href=\"https:\/\/www.arsan.com\/urunlerimiz\/diger-urunler\/p-profiller\/\">P Profiles<\/a><\/li><li><a href=\"https:\/\/www.arsan.com\/urunlerimiz\/diger-urunler\/l-profiller\/\">L Profiles<\/a><\/li><li><a href=\"https:\/\/www.arsan.com\/urunlerimiz\/diger-urunler\/u-profiller\/\">U Profiles<\/a><\/li><li><a href=\"https:\/\/www.arsan.com\/urunlerimiz\/diger-urunler\/cesitli-profiller\/\">Various Profiles<\/a><\/li><\/ul><\/li><li><span style=\"text-decoration: underline;\"><span style=\"color: #ffffff; text-decoration: underline;\">Wall &amp; Corner Protection<\/span><\/span><ul><li><a href=\"https:\/\/www.arsan.com\/urunlerimiz\/diger-urunler\/reflektif-kose-koruma\/\">Reflective Corner Protection<\/a><\/li><li><a href=\"https:\/\/www.arsan.com\/urunlerimiz\/diger-urunler\/duvar-koruma\/\">Wall Protection<\/a><\/li><li><a href=\"https:\/\/www.arsan.com\/urunlerimiz\/diger-urunler\/kose-koruma\/\">Corner Protection<\/a><\/li><li><a href=\"https:\/\/www.arsan.com\/urunlerimiz\/diger-urunler\/hiz-kasisi\/\">Speed Bump<\/a><\/li><li><a href=\"https:\/\/www.arsan.com\/urunlerimiz\/diger-urunler\/kaucuk-bariyer\/\">Rubber Barrier<\/a><\/li><\/ul><\/li><\/ul>\t\t\t\t\t\t\t\t<\/div>\n\t\t\t\t<\/div>\n\t\t\t\t\t<\/div>\n\t\t<\/div>\n\t\t\t\t<div class=\"elementor-column elementor-col-66 elementor-top-column elementor-element elementor-element-58e52f1e\" data-id=\"58e52f1e\" data-element_type=\"column\" data-e-type=\"column\">\n\t\t\t<div class=\"elementor-widget-wrap elementor-element-populated\">\n\t\t\t\t\t\t<div class=\"elementor-element elementor-element-3a2429ea elementor-widget elementor-widget-image\" data-id=\"3a2429ea\" data-element_type=\"widget\" data-e-type=\"widget\" data-widget_type=\"image.default\">\n\t\t\t\t<div class=\"elementor-widget-container\">\n\t\t\t\t\t\t\t\t\t\t\t\t\t\t\t<img fetchpriority=\"high\" decoding=\"async\" width=\"1100\" height=\"300\" src=\"https:\/\/www.arsan.com\/wp-content\/uploads\/2022\/12\/diger-urunler.jpg\" class=\"attachment-full size-full wp-image-4403\" alt=\"\" srcset=\"https:\/\/www.arsan.com\/wp-content\/uploads\/2022\/12\/diger-urunler.jpg 1100w, https:\/\/www.arsan.com\/wp-content\/uploads\/2022\/12\/diger-urunler-300x82.jpg 300w, https:\/\/www.arsan.com\/wp-content\/uploads\/2022\/12\/diger-urunler-1024x279.jpg 1024w, https:\/\/www.arsan.com\/wp-content\/uploads\/2022\/12\/diger-urunler-768x209.jpg 768w, https:\/\/www.arsan.com\/wp-content\/uploads\/2022\/12\/diger-urunler-18x5.jpg 18w\" sizes=\"(max-width: 1100px) 100vw, 1100px\" \/>\t\t\t\t\t\t\t\t\t\t\t\t\t\t\t<\/div>\n\t\t\t\t<\/div>\n\t\t\t\t<div class=\"elementor-element elementor-element-885caf8 elementor-widget elementor-widget-text-editor\" data-id=\"885caf8\" data-element_type=\"widget\" data-e-type=\"widget\" data-widget_type=\"text-editor.default\">\n\t\t\t\t<div class=\"elementor-widget-container\">\n\t\t\t\t\t\t\t\t\t<p>With its 60 years of experience and expert staff, Arsan produces rubber profiles in accordance with customer demands.<\/p>\n<p>Arsan extrudes EPDM, CR, SBR, NBR rubber compounds in profile lines. These lines have the capability of pulling products with a hardness of 45-90 Shore A, max. width of 500 mm, height of 140 mt\/mm and not exceeding 13 mt\/kg.<\/p>\t\t\t\t\t\t\t\t<\/div>\n\t\t\t\t<\/div>\n\t\t\t\t<div class=\"elementor-element elementor-element-07b1fc3 gallery-spacing-custom elementor-widget elementor-widget-image-gallery\" data-id=\"07b1fc3\" data-element_type=\"widget\" data-e-type=\"widget\" data-widget_type=\"image-gallery.default\">\n\t\t\t\t<div class=\"elementor-widget-container\">\n\t\t\t\t\t\t\t<div class=\"elementor-image-gallery\">\n\t\t\t<div id='gallery-8' class='gallery galleryid-1548 gallery-columns-2 gallery-size-full'><figure class='gallery-item'>\n\t\t\t<div class='gallery-icon landscape'>\n\t\t\t\t<a data-elementor-open-lightbox=\"yes\" data-elementor-lightbox-slideshow=\"07b1fc3\" data-e-action-hash=\"#elementor-action%3Aaction%3Dlightbox%26settings%3DeyJpZCI6MjQ4NiwidXJsIjoiaHR0cHM6XC9cL3d3dy5hcnNhbi5jb21cL3dwLWNvbnRlbnRcL3VwbG9hZHNcLzIwMjBcLzEwXC83ZjI5YTMzZC05Y2M1LTQxZjYtODA4MC1hODFmY2Q1OGQ3YjguanBnIiwic2xpZGVzaG93IjoiMDdiMWZjMyJ9\" href='https:\/\/www.arsan.com\/wp-content\/uploads\/2020\/10\/7f29a33d-9cc5-41f6-8080-a81fcd58d7b8.jpg' data-lbwps-width=\"1024\" data-lbwps-height=\"768\" data-lbwps-srcsmall=\"https:\/\/www.arsan.com\/wp-content\/uploads\/2020\/10\/7f29a33d-9cc5-41f6-8080-a81fcd58d7b8.jpg\"><img decoding=\"async\" width=\"1024\" height=\"768\" src=\"https:\/\/www.arsan.com\/wp-content\/uploads\/2020\/10\/7f29a33d-9cc5-41f6-8080-a81fcd58d7b8.jpg\" class=\"attachment-full size-full\" alt=\"\" srcset=\"https:\/\/www.arsan.com\/wp-content\/uploads\/2020\/10\/7f29a33d-9cc5-41f6-8080-a81fcd58d7b8.jpg 1024w, https:\/\/www.arsan.com\/wp-content\/uploads\/2020\/10\/7f29a33d-9cc5-41f6-8080-a81fcd58d7b8-300x225.jpg 300w, https:\/\/www.arsan.com\/wp-content\/uploads\/2020\/10\/7f29a33d-9cc5-41f6-8080-a81fcd58d7b8-768x576.jpg 768w, https:\/\/www.arsan.com\/wp-content\/uploads\/2020\/10\/7f29a33d-9cc5-41f6-8080-a81fcd58d7b8-16x12.jpg 16w\" sizes=\"(max-width: 1024px) 100vw, 1024px\" \/><\/a>\n\t\t\t<\/div><\/figure><figure class='gallery-item'>\n\t\t\t<div class='gallery-icon landscape'>\n\t\t\t\t<a data-elementor-open-lightbox=\"yes\" data-elementor-lightbox-slideshow=\"07b1fc3\" data-e-action-hash=\"#elementor-action%3Aaction%3Dlightbox%26settings%3DeyJpZCI6MjQ4NywidXJsIjoiaHR0cHM6XC9cL3d3dy5hcnNhbi5jb21cL3dwLWNvbnRlbnRcL3VwbG9hZHNcLzIwMjBcLzEwXC9lZTY4YTFhOC02YTYyLTQ2NjAtOGU4OC1iMjcwOGUzZTlhMGIuanBnIiwic2xpZGVzaG93IjoiMDdiMWZjMyJ9\" href='https:\/\/www.arsan.com\/wp-content\/uploads\/2020\/10\/ee68a1a8-6a62-4660-8e88-b2708e3e9a0b.jpg' data-lbwps-width=\"1024\" data-lbwps-height=\"768\" data-lbwps-srcsmall=\"https:\/\/www.arsan.com\/wp-content\/uploads\/2020\/10\/ee68a1a8-6a62-4660-8e88-b2708e3e9a0b.jpg\"><img decoding=\"async\" width=\"1024\" height=\"768\" src=\"https:\/\/www.arsan.com\/wp-content\/uploads\/2020\/10\/ee68a1a8-6a62-4660-8e88-b2708e3e9a0b.jpg\" class=\"attachment-full size-full\" alt=\"\" srcset=\"https:\/\/www.arsan.com\/wp-content\/uploads\/2020\/10\/ee68a1a8-6a62-4660-8e88-b2708e3e9a0b.jpg 1024w, https:\/\/www.arsan.com\/wp-content\/uploads\/2020\/10\/ee68a1a8-6a62-4660-8e88-b2708e3e9a0b-300x225.jpg 300w, https:\/\/www.arsan.com\/wp-content\/uploads\/2020\/10\/ee68a1a8-6a62-4660-8e88-b2708e3e9a0b-768x576.jpg 768w, https:\/\/www.arsan.com\/wp-content\/uploads\/2020\/10\/ee68a1a8-6a62-4660-8e88-b2708e3e9a0b-16x12.jpg 16w\" sizes=\"(max-width: 1024px) 100vw, 1024px\" \/><\/a>\n\t\t\t<\/div><\/figure><figure class='gallery-item'>\n\t\t\t<div class='gallery-icon landscape'>\n\t\t\t\t<a data-elementor-open-lightbox=\"yes\" data-elementor-lightbox-slideshow=\"07b1fc3\" data-e-action-hash=\"#elementor-action%3Aaction%3Dlightbox%26settings%3DeyJpZCI6MjQ4OCwidXJsIjoiaHR0cHM6XC9cL3d3dy5hcnNhbi5jb21cL3dwLWNvbnRlbnRcL3VwbG9hZHNcLzIwMjBcLzEwXC9hOTYzOTNhMS01Y2QyLTRmNzMtYmQyYS05YmYxN2I3YTU5ZDcuanBnIiwic2xpZGVzaG93IjoiMDdiMWZjMyJ9\" href='https:\/\/www.arsan.com\/wp-content\/uploads\/2020\/10\/a96393a1-5cd2-4f73-bd2a-9bf17b7a59d7.jpg' data-lbwps-width=\"1024\" data-lbwps-height=\"768\" data-lbwps-srcsmall=\"https:\/\/www.arsan.com\/wp-content\/uploads\/2020\/10\/a96393a1-5cd2-4f73-bd2a-9bf17b7a59d7.jpg\"><img loading=\"lazy\" decoding=\"async\" width=\"1024\" height=\"768\" src=\"https:\/\/www.arsan.com\/wp-content\/uploads\/2020\/10\/a96393a1-5cd2-4f73-bd2a-9bf17b7a59d7.jpg\" class=\"attachment-full size-full\" alt=\"\" srcset=\"https:\/\/www.arsan.com\/wp-content\/uploads\/2020\/10\/a96393a1-5cd2-4f73-bd2a-9bf17b7a59d7.jpg 1024w, https:\/\/www.arsan.com\/wp-content\/uploads\/2020\/10\/a96393a1-5cd2-4f73-bd2a-9bf17b7a59d7-300x225.jpg 300w, https:\/\/www.arsan.com\/wp-content\/uploads\/2020\/10\/a96393a1-5cd2-4f73-bd2a-9bf17b7a59d7-768x576.jpg 768w, https:\/\/www.arsan.com\/wp-content\/uploads\/2020\/10\/a96393a1-5cd2-4f73-bd2a-9bf17b7a59d7-16x12.jpg 16w\" sizes=\"(max-width: 1024px) 100vw, 1024px\" \/><\/a>\n\t\t\t<\/div><\/figure><figure class='gallery-item'>\n\t\t\t<div class='gallery-icon landscape'>\n\t\t\t\t<a data-elementor-open-lightbox=\"yes\" data-elementor-lightbox-slideshow=\"07b1fc3\" data-e-action-hash=\"#elementor-action%3Aaction%3Dlightbox%26settings%3DeyJpZCI6MjQ4OSwidXJsIjoiaHR0cHM6XC9cL3d3dy5hcnNhbi5jb21cL3dwLWNvbnRlbnRcL3VwbG9hZHNcLzIwMjBcLzEwXC9mMDgzNThlZi01Mjk5LTRiYWUtYmE5Mi1jYmYwNWE0YWU4ZmEuanBnIiwic2xpZGVzaG93IjoiMDdiMWZjMyJ9\" href='https:\/\/www.arsan.com\/wp-content\/uploads\/2020\/10\/f08358ef-5299-4bae-ba92-cbf05a4ae8fa.jpg' data-lbwps-width=\"1024\" data-lbwps-height=\"768\" data-lbwps-srcsmall=\"https:\/\/www.arsan.com\/wp-content\/uploads\/2020\/10\/f08358ef-5299-4bae-ba92-cbf05a4ae8fa.jpg\"><img loading=\"lazy\" decoding=\"async\" width=\"1024\" height=\"768\" src=\"https:\/\/www.arsan.com\/wp-content\/uploads\/2020\/10\/f08358ef-5299-4bae-ba92-cbf05a4ae8fa.jpg\" class=\"attachment-full size-full\" alt=\"\" srcset=\"https:\/\/www.arsan.com\/wp-content\/uploads\/2020\/10\/f08358ef-5299-4bae-ba92-cbf05a4ae8fa.jpg 1024w, https:\/\/www.arsan.com\/wp-content\/uploads\/2020\/10\/f08358ef-5299-4bae-ba92-cbf05a4ae8fa-300x225.jpg 300w, https:\/\/www.arsan.com\/wp-content\/uploads\/2020\/10\/f08358ef-5299-4bae-ba92-cbf05a4ae8fa-768x576.jpg 768w, https:\/\/www.arsan.com\/wp-content\/uploads\/2020\/10\/f08358ef-5299-4bae-ba92-cbf05a4ae8fa-16x12.jpg 16w\" sizes=\"(max-width: 1024px) 100vw, 1024px\" \/><\/a>\n\t\t\t<\/div><\/figure>\n\t\t<\/div>\n\t\t<\/div>\n\t\t\t\t\t\t<\/div>\n\t\t\t\t<\/div>\n\t\t\t\t\t<\/div>\n\t\t<\/div>\n\t\t\t\t\t<\/div>\n\t\t<\/section>\n\t\t\t\t<\/div>","protected":false},"excerpt":{"rendered":"<p>Di\u011fer \u00dcr\u00fcnler Kau\u00e7uk Profiller D Profiller Dorse Kap\u0131 Profilleri Dilatasyon Profilleri Kanal Kapak Contalar\u0131 Kelep\u00e7e Lastikleri Kap\u0131 Garaj Profilleri Kablo Koruma Profilleri Bant Profiller P Profiller L Profiller U Profiller \u00c7e\u015fitli Profiller Duvar K\u00f6\u015fe Koruma Reflektif K\u00f6\u015fe Koruma Duvar Koruma K\u00f6\u015fe Koruma H\u0131z Kasisi Kau\u00e7uk Bariyer Arsan; 60 y\u0131ll\u0131k tecr\u00fcbesi, konusunda uzman yeti\u015fmi\u015f kadrosu ile [&hellip;]<\/p>\n","protected":false},"author":2,"featured_media":0,"parent":1520,"menu_order":0,"comment_status":"closed","ping_status":"closed","template":"","meta":{"footnotes":""},"class_list":["post-1548","page","type-page","status-publish","hentry"],"aioseo_notices":[],"_links":{"self":[{"href":"https:\/\/www.arsan.com\/en\/wp-json\/wp\/v2\/pages\/1548","targetHints":{"allow":["GET"]}}],"collection":[{"href":"https:\/\/www.arsan.com\/en\/wp-json\/wp\/v2\/pages"}],"about":[{"href":"https:\/\/www.arsan.com\/en\/wp-json\/wp\/v2\/types\/page"}],"author":[{"embeddable":true,"href":"https:\/\/www.arsan.com\/en\/wp-json\/wp\/v2\/users\/2"}],"replies":[{"embeddable":true,"href":"https:\/\/www.arsan.com\/en\/wp-json\/wp\/v2\/comments?post=1548"}],"version-history":[{"count":0,"href":"https:\/\/www.arsan.com\/en\/wp-json\/wp\/v2\/pages\/1548\/revisions"}],"up":[{"embeddable":true,"href":"https:\/\/www.arsan.com\/en\/wp-json\/wp\/v2\/pages\/1520"}],"wp:attachment":[{"href":"https:\/\/www.arsan.com\/en\/wp-json\/wp\/v2\/media?parent=1548"}],"curies":[{"name":"wp","href":"https:\/\/api.w.org\/{rel}","templated":true}]}}