{"id":1546,"date":"2020-10-13T04:12:43","date_gmt":"2020-10-13T01:12:43","guid":{"rendered":"https:\/\/www.arsan.com\/?page_id=1546"},"modified":"2023-06-14T10:39:31","modified_gmt":"2023-06-14T07:39:31","slug":"kaucuk-karisim","status":"publish","type":"page","link":"https:\/\/www.arsan.com\/en\/urunlerimiz\/kaucuk-karisim\/","title":{"rendered":"Rubber Mixing"},"content":{"rendered":"<div data-elementor-type=\"wp-page\" data-elementor-id=\"1546\" class=\"elementor elementor-1546\" data-elementor-post-type=\"page\">\n\t\t\t\t\t\t<section class=\"elementor-section elementor-top-section elementor-element elementor-element-1789930e elementor-section-boxed elementor-section-height-default elementor-section-height-default\" data-id=\"1789930e\" data-element_type=\"section\" data-e-type=\"section\" data-settings=\"{&quot;background_background&quot;:&quot;classic&quot;}\">\n\t\t\t\t\t\t<div class=\"elementor-container elementor-column-gap-default\">\n\t\t\t\t\t<div class=\"elementor-column elementor-col-33 elementor-top-column elementor-element elementor-element-28c4c8c8\" data-id=\"28c4c8c8\" data-element_type=\"column\" data-e-type=\"column\" data-settings=\"{&quot;background_background&quot;:&quot;gradient&quot;}\">\n\t\t\t<div class=\"elementor-widget-wrap elementor-element-populated\">\n\t\t\t\t\t\t<div class=\"elementor-element elementor-element-aef57c3 elementor-widget elementor-widget-text-editor\" data-id=\"aef57c3\" data-element_type=\"widget\" data-e-type=\"widget\" data-widget_type=\"text-editor.default\">\n\t\t\t\t<div class=\"elementor-widget-container\">\n\t\t\t\t\t\t\t\t\t<p><span style=\"color: #ffffff;\">Rubber Mixing<\/span><\/p>\t\t\t\t\t\t\t\t<\/div>\n\t\t\t\t<\/div>\n\t\t\t\t<div class=\"elementor-element elementor-element-9cb2462 elementor-widget elementor-widget-text-editor\" data-id=\"9cb2462\" data-element_type=\"widget\" data-e-type=\"widget\" data-widget_type=\"text-editor.default\">\n\t\t\t\t<div class=\"elementor-widget-container\">\n\t\t\t\t\t\t\t\t\t<ul>\n \t<li><a href=\"https:\/\/www.arsan.com\/wp-content\/uploads\/2022\/12\/kaucuk-ozellikleri-tr.pdf\"target=\"_blank\" rel=\"noopener noreferrer\">Rubber Properties<\/a><\/li>\n\n \t<li><a href=\"https:\/\/www.arsan.com\/wp-content\/uploads\/2020\/10\/ARSAN-SERTIFIKALI-KARISIM-LISTESI-1.jpg\" target=\"_blank\" rel=\"noopener\" data-lbwps-width=\"2000\" data-lbwps-height=\"987\" data-lbwps-srcsmall=\"https:\/\/www.arsan.com\/wp-content\/uploads\/2020\/10\/ARSAN-SERTIFIKALI-KARISIM-LISTESI-1.jpg\">Certified Mixer List<\/a><\/li>\n<\/ul>\t\t\t\t\t\t\t\t<\/div>\n\t\t\t\t<\/div>\n\t\t\t\t\t<\/div>\n\t\t<\/div>\n\t\t\t\t<div class=\"elementor-column elementor-col-66 elementor-top-column elementor-element elementor-element-177759cb\" data-id=\"177759cb\" data-element_type=\"column\" data-e-type=\"column\">\n\t\t\t<div class=\"elementor-widget-wrap elementor-element-populated\">\n\t\t\t\t\t\t<div class=\"elementor-element elementor-element-7a9bafd6 elementor-widget elementor-widget-image\" data-id=\"7a9bafd6\" data-element_type=\"widget\" data-e-type=\"widget\" data-widget_type=\"image.default\">\n\t\t\t\t<div class=\"elementor-widget-container\">\n\t\t\t\t\t\t\t\t\t\t\t\t\t\t\t<img fetchpriority=\"high\" decoding=\"async\" width=\"1100\" height=\"300\" src=\"https:\/\/www.arsan.com\/wp-content\/uploads\/2022\/12\/kaucuk-karisim.jpg\" class=\"attachment-full size-full wp-image-4332\" alt=\"\" srcset=\"https:\/\/www.arsan.com\/wp-content\/uploads\/2022\/12\/kaucuk-karisim.jpg 1100w, https:\/\/www.arsan.com\/wp-content\/uploads\/2022\/12\/kaucuk-karisim-300x82.jpg 300w, https:\/\/www.arsan.com\/wp-content\/uploads\/2022\/12\/kaucuk-karisim-1024x279.jpg 1024w, https:\/\/www.arsan.com\/wp-content\/uploads\/2022\/12\/kaucuk-karisim-768x209.jpg 768w, https:\/\/www.arsan.com\/wp-content\/uploads\/2022\/12\/kaucuk-karisim-18x5.jpg 18w\" sizes=\"(max-width: 1100px) 100vw, 1100px\" \/>\t\t\t\t\t\t\t\t\t\t\t\t\t\t\t<\/div>\n\t\t\t\t<\/div>\n\t\t\t\t<div class=\"elementor-element elementor-element-386bfa51 elementor-widget elementor-widget-text-editor\" data-id=\"386bfa51\" data-element_type=\"widget\" data-e-type=\"widget\" data-widget_type=\"text-editor.default\">\n\t\t\t\t<div class=\"elementor-widget-container\">\n\t\t\t\t\t\t\t\t\t<p>Arsan Kaucuk produces and develops compounds for it\u2019s customers with 60 years of experience and expertise.<br \/>The company contains more than 300 recipes of EPDM, CR, SBR, NR, NBR, CPE, CSM, AEM compounds between hardness 35 ShrA- 95 ShrA. On the other hand, Arsan can develop compounds according to customer requests.<\/p><p><strong>Compound and Production R&amp;D<\/strong><br \/>Arsan Kaucuk makes tests of it\u2019s recipes with 4.5 liter of laboratory mixer inside it\u2019s developed laboratory in accordance with customer requests and spesifications.<\/p><p><strong>ARSAN TECHNICAL RUBBER LABORATORY<\/strong><br \/>Our compounds are controlled and recorded from raw material entry to final product.<br \/>R&amp;D and final product tests are also made in our laboratory.<\/p><p><strong>CERTIFIED COMPOUNDS<\/strong><br \/>NSF Drinking Water 55\u00b15 ShA<br \/>NSF Drinking Water 60\u00b15 ShA<br \/>NSF Drinking Water 70\u00b15 ShA<br \/>NSF Drinking Water 80\u00b15 ShA<br \/>KTW-W270 Drinking Water 70\u00b15 ShA<\/p><p><strong>LABORATORY TESTS<\/strong><\/p>\t\t\t\t\t\t\t\t<\/div>\n\t\t\t\t<\/div>\n\t\t\t\t<div class=\"elementor-element elementor-element-9532a24 elementor-widget elementor-widget-text-editor\" data-id=\"9532a24\" data-element_type=\"widget\" data-e-type=\"widget\" data-widget_type=\"text-editor.default\">\n\t\t\t\t<div class=\"elementor-widget-container\">\n\t\t\t\t\t\t\t\t\t<p>Mooney viscosity Tests<br \/>Rheometer Tests<br \/>Humidity tests for fillers<br \/>Hardness (Shore A, Shore D, IRHD)<br \/>Density<br \/>Elongation at break tests<br \/>Tear tests<br \/>Abrasion tests<br \/>Permanent deformation in different temperature tests<br \/>Weathering Tests at Different Temperatures<br \/>Aging tests in liquids.<br \/>Ash tests<br \/>Joint tests in gaskets<br \/>Tension relaxation tests <br \/>Tension relaxation tests in segment gaskets<br \/>Impermeability tests in segment gaskets<br \/>Adhesion on steel tests<br \/>Static and dynamic G modulus and damping tests<\/p>\t\t\t\t\t\t\t\t<\/div>\n\t\t\t\t<\/div>\n\t\t\t\t\t<\/div>\n\t\t<\/div>\n\t\t\t\t\t<\/div>\n\t\t<\/section>\n\t\t\t\t<\/div>","protected":false},"excerpt":{"rendered":"<p>Kau\u00e7uk Kar\u0131\u015f\u0131m Kau\u00e7uk \u00d6zellikleri Sertifikal\u0131 Kar\u0131\u015f\u0131m Listesi Arsan Kau\u00e7uk 60 y\u0131ll\u0131k tecr\u00fcbesi, konusunda uzman yeti\u015fmi\u015f kadrosu ile kau\u00e7uk firmalar\u0131 i\u00e7in kar\u0131\u015f\u0131m geli\u015ftirmekte ve \u00fcretmektedir.Firma b\u00fcnyesinde 35 ShrA \u2013 95 ShrA sertlik aral\u0131\u011f\u0131nda, EPDM, CR, SBR, NR, NBR, CPE, CSM, AEM kar\u0131\u015f\u0131mlar\u0131ndan 300 den fazla haz\u0131r re\u00e7ete bulunmaktad\u0131r. Ayn\u0131 zamanda m\u00fc\u015fteri taleplerine g\u00f6re istenen \u00f6zelliklerde kar\u0131\u015f\u0131m [&hellip;]<\/p>\n","protected":false},"author":2,"featured_media":0,"parent":1520,"menu_order":0,"comment_status":"closed","ping_status":"closed","template":"","meta":{"footnotes":""},"class_list":["post-1546","page","type-page","status-publish","hentry"],"aioseo_notices":[],"_links":{"self":[{"href":"https:\/\/www.arsan.com\/en\/wp-json\/wp\/v2\/pages\/1546","targetHints":{"allow":["GET"]}}],"collection":[{"href":"https:\/\/www.arsan.com\/en\/wp-json\/wp\/v2\/pages"}],"about":[{"href":"https:\/\/www.arsan.com\/en\/wp-json\/wp\/v2\/types\/page"}],"author":[{"embeddable":true,"href":"https:\/\/www.arsan.com\/en\/wp-json\/wp\/v2\/users\/2"}],"replies":[{"embeddable":true,"href":"https:\/\/www.arsan.com\/en\/wp-json\/wp\/v2\/comments?post=1546"}],"version-history":[{"count":0,"href":"https:\/\/www.arsan.com\/en\/wp-json\/wp\/v2\/pages\/1546\/revisions"}],"up":[{"embeddable":true,"href":"https:\/\/www.arsan.com\/en\/wp-json\/wp\/v2\/pages\/1520"}],"wp:attachment":[{"href":"https:\/\/www.arsan.com\/en\/wp-json\/wp\/v2\/media?parent=1546"}],"curies":[{"name":"wp","href":"https:\/\/api.w.org\/{rel}","templated":true}]}}