{"id":1518,"date":"2020-10-12T17:52:22","date_gmt":"2020-10-12T14:52:22","guid":{"rendered":"https:\/\/www.arsan.com\/?page_id=1518"},"modified":"2024-11-25T09:09:41","modified_gmt":"2024-11-25T06:09:41","slug":"yapi-urunleri","status":"publish","type":"page","link":"https:\/\/www.arsan.com\/en\/urunlerimiz\/yapi-urunleri\/","title":{"rendered":"Building Products"},"content":{"rendered":"<div data-elementor-type=\"wp-page\" data-elementor-id=\"1518\" class=\"elementor elementor-1518\" data-elementor-post-type=\"page\">\n\t\t\t\t\t\t<section class=\"elementor-section elementor-top-section elementor-element elementor-element-463d0527 elementor-section-boxed elementor-section-height-default elementor-section-height-default\" data-id=\"463d0527\" data-element_type=\"section\" data-e-type=\"section\" data-settings=\"{&quot;background_background&quot;:&quot;classic&quot;}\">\n\t\t\t\t\t\t<div class=\"elementor-container elementor-column-gap-default\">\n\t\t\t\t\t<div class=\"elementor-column elementor-col-33 elementor-top-column elementor-element elementor-element-2d1071f3\" data-id=\"2d1071f3\" data-element_type=\"column\" data-e-type=\"column\" data-settings=\"{&quot;background_background&quot;:&quot;gradient&quot;}\">\n\t\t\t<div class=\"elementor-widget-wrap elementor-element-populated\">\n\t\t\t\t\t\t<div class=\"elementor-element elementor-element-519cf8a4 elementor-widget elementor-widget-text-editor\" data-id=\"519cf8a4\" data-element_type=\"widget\" data-e-type=\"widget\" data-widget_type=\"text-editor.default\">\n\t\t\t\t<div class=\"elementor-widget-container\">\n\t\t\t\t\t\t\t\t\t<p><span style=\"color: #ffffff;\">Building Products<\/span><\/p>\t\t\t\t\t\t\t\t<\/div>\n\t\t\t\t<\/div>\n\t\t\t\t<div class=\"elementor-element elementor-element-7b9f7084 elementor-widget elementor-widget-text-editor\" data-id=\"7b9f7084\" data-element_type=\"widget\" data-e-type=\"widget\" data-widget_type=\"text-editor.default\">\n\t\t\t\t<div class=\"elementor-widget-container\">\n\t\t\t\t\t\t\t\t\t<ul><li><span style=\"text-decoration: underline;\"><span style=\"color: #ffffff; text-decoration: underline;\">Seismic Isolators<\/span><\/span><ul><li><a href=\"https:\/\/www.arsan.com\/urunlerimiz\/yapi-urunleri\/kursun-cekirdekli-kaucuk-izolator\/\">Lead Core Rubber Isolators<\/a><\/li><\/ul><\/li><li><span style=\"text-decoration: underline;\"><span style=\"color: #ffffff; text-decoration: underline;\">Structural Bearings<\/span><\/span><ul><li><a href=\"https:\/\/www.arsan.com\/urunlerimiz\/yapi-urunleri\/kuresel-mesnetler\/\">Spherical Bearings<\/a><\/li><li><a href=\"https:\/\/www.arsan.com\/urunlerimiz\/yapi-urunleri\/elastomer-mesnetler\/\">Elastomer Bearings<\/a><\/li><li><a href=\"https:\/\/www.arsan.com\/urunlerimiz\/yapi-urunleri\/pot-mesnetler\/\">Pot Bearings<\/a><\/li><li><a href=\"https:\/\/www.arsan.com\/urunlerimiz\/yapi-urunleri\/kayici-mesnetler\/\">Sliding Bearings<\/a><\/li><\/ul><\/li><li><span style=\"text-decoration: underline;\"><span style=\"color: #ffffff; text-decoration: underline;\">Expansion Joints<\/span><\/span><ul><li><a href=\"https:\/\/www.arsan.com\/urunlerimiz\/yapi-urunleri\/ar-ex-tek-aciklikli-genlesme-derzi\/\">AR-EX Single Span Expansion Joint<\/a><\/li><li><a href=\"https:\/\/www.arsan.com\/urunlerimiz\/yapi-urunleri\/ar-ex-moduler-genlesme-derzi\/\">AR-EX Modular Expansion Joint<\/a><\/li><li><a href=\"https:\/\/www.arsan.com\/urunlerimiz\/yapi-urunleri\/sem-genlesme-derzi\/\">SEM Expansion Joint<\/a><\/li><\/ul><\/li><li><span style=\"text-decoration: underline;\"><span style=\"color: #ffffff; text-decoration: underline;\">Tunnel Segment Gaskets<\/span><\/span><ul><li><a href=\"https:\/\/www.arsan.com\/urunlerimiz\/yapi-urunleri\/tunel-segment-contalari\/\">Tunnel Segment Gaskets<\/a><\/li><li><a href=\"https:\/\/www.arsan.com\/urunlerimiz\/yapi-urunleri\/omega-conta\/\">Omega Gasket<\/a><\/li><\/ul><\/li><li><a href=\"https:\/\/www.arsan.com\/urunlerimiz\/yapi-urunleri\/dilatasyon-profilleri\/\"><span style=\"color: #ffffff;\">Dilatation Profiles<\/span><\/a><\/li><li><a href=\"https:\/\/www.arsan.com\/urunlerimiz\/yapi-urunleri\/su-tutucu-bantlar\/\"><span style=\"color: #ffffff;\">Waterstops<\/span><\/a><\/li><li><a href=\"https:\/\/www.arsan.com\/tr\/mimari-dilatasyon-sistemleri\/\">Mimari Dilatasyon Sistemleri<\/a><\/li><\/ul><ul><li style=\"list-style-type: none;\">\u00a0<\/li><\/ul><ul><li style=\"list-style-type: none;\">\u00a0<\/li><\/ul>\t\t\t\t\t\t\t\t<\/div>\n\t\t\t\t<\/div>\n\t\t\t\t\t<\/div>\n\t\t<\/div>\n\t\t\t\t<div class=\"elementor-column elementor-col-66 elementor-top-column elementor-element elementor-element-5cb43270\" data-id=\"5cb43270\" data-element_type=\"column\" data-e-type=\"column\">\n\t\t\t<div class=\"elementor-widget-wrap elementor-element-populated\">\n\t\t\t\t\t\t<div class=\"elementor-element elementor-element-336ae3e7 elementor-widget elementor-widget-image\" data-id=\"336ae3e7\" data-element_type=\"widget\" data-e-type=\"widget\" data-widget_type=\"image.default\">\n\t\t\t\t<div class=\"elementor-widget-container\">\n\t\t\t\t\t\t\t\t\t\t\t\t\t\t\t<img fetchpriority=\"high\" decoding=\"async\" width=\"1100\" height=\"300\" src=\"https:\/\/www.arsan.com\/wp-content\/uploads\/2022\/12\/yapi-urunleri-1.jpg\" class=\"attachment-full size-full wp-image-4228\" alt=\"\" srcset=\"https:\/\/www.arsan.com\/wp-content\/uploads\/2022\/12\/yapi-urunleri-1.jpg 1100w, https:\/\/www.arsan.com\/wp-content\/uploads\/2022\/12\/yapi-urunleri-1-300x82.jpg 300w, https:\/\/www.arsan.com\/wp-content\/uploads\/2022\/12\/yapi-urunleri-1-1024x279.jpg 1024w, https:\/\/www.arsan.com\/wp-content\/uploads\/2022\/12\/yapi-urunleri-1-768x209.jpg 768w, https:\/\/www.arsan.com\/wp-content\/uploads\/2022\/12\/yapi-urunleri-1-18x5.jpg 18w\" sizes=\"(max-width: 1100px) 100vw, 1100px\" \/>\t\t\t\t\t\t\t\t\t\t\t\t\t\t\t<\/div>\n\t\t\t\t<\/div>\n\t\t\t\t<div class=\"elementor-element elementor-element-7393f525 elementor-widget elementor-widget-text-editor\" data-id=\"7393f525\" data-element_type=\"widget\" data-e-type=\"widget\" data-widget_type=\"text-editor.default\">\n\t\t\t\t<div class=\"elementor-widget-container\">\n\t\t\t\t\t\t\t\t\t<p>Arsan is the leading company in the sector in terms of Structural and Seismic Bearings, Expansion Joints, Pipe Seals and Tunnel Segment Seals. Since 1957, Arsan continues to grow with its policy focused on continuous improvement and to work on innovative projects continuously.<\/p><p>Structural bearings include all types of elastomeric bearings, guided and restraint bearings, pot bearings, spherical and cylindrical bearings. All types of structural bearings have CE Certificate.<\/p><p>Elastomeric expansion joint (SEM), single span and modular expansion joints are produced by Arsan for bridges. The type and design of the expansion joint is prepared according to the project requirements.<\/p><p>Tunnel segment gaskets are designed by Arsan engineers and offer excellent water pressure resistance. Various types of pipe gaskets are also provided.<\/p><p>In addition, designing and producing molds, machining and assembly of structural bearings and expansion joints are completed by Arsan.<\/p>\t\t\t\t\t\t\t\t<\/div>\n\t\t\t\t<\/div>\n\t\t\t\t\t<\/div>\n\t\t<\/div>\n\t\t\t\t\t<\/div>\n\t\t<\/section>\n\t\t\t\t<section class=\"elementor-section elementor-top-section elementor-element elementor-element-5a08540 elementor-section-boxed elementor-section-height-default elementor-section-height-default\" data-id=\"5a08540\" data-element_type=\"section\" data-e-type=\"section\">\n\t\t\t\t\t\t<div class=\"elementor-container elementor-column-gap-default\">\n\t\t\t\t\t<div class=\"elementor-column elementor-col-100 elementor-top-column elementor-element elementor-element-213543d\" data-id=\"213543d\" data-element_type=\"column\" data-e-type=\"column\">\n\t\t\t<div class=\"elementor-widget-wrap\">\n\t\t\t\t\t\t\t<\/div>\n\t\t<\/div>\n\t\t\t\t\t<\/div>\n\t\t<\/section>\n\t\t\t\t<\/div>","protected":false},"excerpt":{"rendered":"<p>Yap\u0131 \u00dcr\u00fcnleri Sismik \u0130zolat\u00f6rler Kur\u015fun \u00c7ekirdekli Kau\u00e7uk \u0130zolat\u00f6r Yap\u0131sal Mesnetler K\u00fcresel Mesnetler Elastomer Mesnetler Pot Mesnetler Kay\u0131c\u0131 Mesnetler Genle\u015fme Derzleri AR-EX Tek A\u00e7\u0131kl\u0131kl\u0131 Genle\u015fme Derzi AR-EX Mod\u00fcler Genle\u015fme Derzi SEM Genle\u015fme Derzi T\u00fcnel Segment Contalar\u0131 T\u00fcnel Segment Contalar\u0131 Omega Conta Dilatasyon Profilleri Su Tutucu Bantlar Mimari Dilatasyon Sistemleri \u00a0 \u00a0 Arsan, Yap\u0131sal ve Sismik Mesnetler, [&hellip;]<\/p>\n","protected":false},"author":2,"featured_media":0,"parent":1520,"menu_order":0,"comment_status":"closed","ping_status":"closed","template":"","meta":{"footnotes":""},"class_list":["post-1518","page","type-page","status-publish","hentry"],"aioseo_notices":[],"_links":{"self":[{"href":"https:\/\/www.arsan.com\/en\/wp-json\/wp\/v2\/pages\/1518","targetHints":{"allow":["GET"]}}],"collection":[{"href":"https:\/\/www.arsan.com\/en\/wp-json\/wp\/v2\/pages"}],"about":[{"href":"https:\/\/www.arsan.com\/en\/wp-json\/wp\/v2\/types\/page"}],"author":[{"embeddable":true,"href":"https:\/\/www.arsan.com\/en\/wp-json\/wp\/v2\/users\/2"}],"replies":[{"embeddable":true,"href":"https:\/\/www.arsan.com\/en\/wp-json\/wp\/v2\/comments?post=1518"}],"version-history":[{"count":3,"href":"https:\/\/www.arsan.com\/en\/wp-json\/wp\/v2\/pages\/1518\/revisions"}],"predecessor-version":[{"id":5560,"href":"https:\/\/www.arsan.com\/en\/wp-json\/wp\/v2\/pages\/1518\/revisions\/5560"}],"up":[{"embeddable":true,"href":"https:\/\/www.arsan.com\/en\/wp-json\/wp\/v2\/pages\/1520"}],"wp:attachment":[{"href":"https:\/\/www.arsan.com\/en\/wp-json\/wp\/v2\/media?parent=1518"}],"curies":[{"name":"wp","href":"https:\/\/api.w.org\/{rel}","templated":true}]}}